{"id":20281,"date":"2026-02-12T13:45:48","date_gmt":"2026-02-12T13:45:48","guid":{"rendered":"https:\/\/anivet.lt\/elparduotuve\/?post_type=product&#038;p=20281"},"modified":"2026-02-12T13:45:48","modified_gmt":"2026-02-12T13:45:48","slug":"furminator-deshedding-s-sukos-trumpaplaukiams-sunims","status":"publish","type":"product","link":"https:\/\/anivet.lt\/elparduotuve\/produktas\/furminator-deshedding-s-sukos-trumpaplaukiams-sunims\/","title":{"rendered":"FURminator deShedding S \u0161ukos trumpaplaukiams \u0161unims"},"content":{"rendered":"<ul>\n<li>Tinka \u0161unims, kuri\u0173 kailio ilgis iki 5 cm.<\/li>\n<li>Suma\u017eina kailio slinkim\u0105 ir neleid\u017eia susidaryti plauk\u0173 gumul\u0117liams \u2013 reguliariai \u0161ukuojamas kailis ma\u017eiau veliasi ir slenka.<\/li>\n<li>\u0160velniai slysta per kail\u012f: apsauginiai kra\u0161tai saugo od\u0105 nuo \u012fbr\u0117\u017eim\u0173, o ner\u016bdijan\u010dio plieno danteliai nepa\u017eeid\u017eia plauko.<\/li>\n<li>Patogu naudoti d\u0117l ergonomi\u0161kos rankenos ir i\u0161lenktos \u0161ukos formos, prisitaikan\u010dios prie gyv\u016bno k\u016bno linij\u0173.<\/li>\n<li>Lengva valyti \u2013 integruotas FURejector mygtukas greitai pa\u0161alina i\u0161\u0161ukuotus plaukus.<\/li>\n<\/ul>\n","protected":false},"excerpt":{"rendered":"<p>FURminator pe\u0161iojamosios \u0161ukos ma\u017e\u0173 veisli\u0173 trumpaplauki\u0173 \u0161un\u0173 kailio prie\u017ei\u016brai. Po \u0161uns maudymo ir kailio i\u0161d\u017eiovinimo \u0161ukuokite 1\u20132 kartus per savait\u0119, skiriant po 10\u201320 minu\u010di\u0173. Rekomenduojama tik \u0161unims, turintiems paviln\u0119 ir besi\u0161eriantiems. Netinka nesi\u0161eriantiems ar jautri\u0105 od\u0105 turintiems gyv\u016bnams.<\/p>\n","protected":false},"featured_media":20283,"template":"","meta":[],"product_brand":[],"product_cat":[101,108,312],"product_tag":[],"class_list":{"0":"post-20281","1":"product","2":"type-product","3":"status-publish","4":"has-post-thumbnail","6":"product_cat-sunims","7":"product_cat-prieziuros-priemones","8":"product_cat-kitos-priemones-prieziuros-priemones","9":"pa_prekinis-zenklas-furminator","11":"first","12":"instock","13":"taxable","14":"shipping-taxable","15":"purchasable","16":"product-type-simple"},"yoast_head":"<!-- This site is optimized with the Yoast SEO Premium plugin v27.1 (Yoast SEO v27.3) - https:\/\/yoast.com\/product\/yoast-seo-premium-wordpress\/ -->\n<title>FURminator deShedding S \u0161ukos trumpaplaukiams \u0161unims - anivet.lt<\/title>\n<meta name=\"description\" content=\"FURminator pe\u0161iojamosios \u0161ukos ma\u017e\u0173 veisli\u0173 trumpaplauki\u0173 \u0161un\u0173 kailio prie\u017ei\u016brai. Po \u0161uns maudymo ir kailio i\u0161d\u017eiovinimo \u0161ukuokite 1\u20132 kartus per savait\u0119, skiriant po 10\u201320 minu\u010di\u0173. Rekomenduojama tik \u0161unims, turintiems paviln\u0119 ir besi\u0161eriantiems. Netinka nesi\u0161eriantiems ar jautri\u0105 od\u0105 turintiems gyv\u016bnams.\" \/>\n<meta name=\"robots\" content=\"index, follow, max-snippet:-1, max-image-preview:large, max-video-preview:-1\" \/>\n<link rel=\"canonical\" href=\"https:\/\/anivet.lt\/elparduotuve\/produktas\/furminator-deshedding-s-sukos-trumpaplaukiams-sunims\/\" \/>\n<meta property=\"og:locale\" content=\"lt_LT\" \/>\n<meta property=\"og:type\" content=\"article\" \/>\n<meta property=\"og:title\" content=\"FURminator deShedding S \u0161ukos trumpaplaukiams \u0161unims\" \/>\n<meta property=\"og:description\" content=\"FURminator pe\u0161iojamosios \u0161ukos ma\u017e\u0173 veisli\u0173 trumpaplauki\u0173 \u0161un\u0173 kailio prie\u017ei\u016brai. Po \u0161uns maudymo ir kailio i\u0161d\u017eiovinimo \u0161ukuokite 1\u20132 kartus per savait\u0119, skiriant po 10\u201320 minu\u010di\u0173. Rekomenduojama tik \u0161unims, turintiems paviln\u0119 ir besi\u0161eriantiems. Netinka nesi\u0161eriantiems ar jautri\u0105 od\u0105 turintiems gyv\u016bnams.\" \/>\n<meta property=\"og:url\" content=\"https:\/\/anivet.lt\/elparduotuve\/produktas\/furminator-deshedding-s-sukos-trumpaplaukiams-sunims\/\" \/>\n<meta property=\"og:site_name\" content=\"anivet.lt\" \/>\n<meta property=\"og:image\" content=\"https:\/\/anivet.lt\/elparduotuve\/wp-content\/uploads\/2026\/02\/FURminator-deShedding-S-sukos-trumpaplaukiams-sunims.jpg\" \/>\n\t<meta property=\"og:image:width\" content=\"600\" \/>\n\t<meta property=\"og:image:height\" content=\"600\" \/>\n\t<meta property=\"og:image:type\" content=\"image\/jpeg\" \/>\n<meta name=\"twitter:card\" content=\"summary_large_image\" \/>\n<meta name=\"twitter:label1\" content=\"Est. reading time\" \/>\n\t<meta name=\"twitter:data1\" content=\"1 minut\u0117\" \/>\n<script type=\"application\/ld+json\" class=\"yoast-schema-graph\">{\"@context\":\"https:\\\/\\\/schema.org\",\"@graph\":[{\"@type\":\"WebPage\",\"@id\":\"https:\\\/\\\/anivet.lt\\\/elparduotuve\\\/produktas\\\/furminator-deshedding-s-sukos-trumpaplaukiams-sunims\\\/\",\"url\":\"https:\\\/\\\/anivet.lt\\\/elparduotuve\\\/produktas\\\/furminator-deshedding-s-sukos-trumpaplaukiams-sunims\\\/\",\"name\":\"FURminator deShedding S \u0161ukos trumpaplaukiams \u0161unims - anivet.lt\",\"isPartOf\":{\"@id\":\"https:\\\/\\\/anivet.lt\\\/elparduotuve\\\/#website\"},\"primaryImageOfPage\":{\"@id\":\"https:\\\/\\\/anivet.lt\\\/elparduotuve\\\/produktas\\\/furminator-deshedding-s-sukos-trumpaplaukiams-sunims\\\/#primaryimage\"},\"image\":{\"@id\":\"https:\\\/\\\/anivet.lt\\\/elparduotuve\\\/produktas\\\/furminator-deshedding-s-sukos-trumpaplaukiams-sunims\\\/#primaryimage\"},\"thumbnailUrl\":\"https:\\\/\\\/anivet.lt\\\/elparduotuve\\\/wp-content\\\/uploads\\\/2026\\\/02\\\/FURminator-deShedding-S-sukos-trumpaplaukiams-sunims.jpg\",\"datePublished\":\"2026-02-12T13:45:48+00:00\",\"description\":\"FURminator pe\u0161iojamosios \u0161ukos ma\u017e\u0173 veisli\u0173 trumpaplauki\u0173 \u0161un\u0173 kailio prie\u017ei\u016brai. Po \u0161uns maudymo ir kailio i\u0161d\u017eiovinimo \u0161ukuokite 1\u20132 kartus per savait\u0119, skiriant po 10\u201320 minu\u010di\u0173. Rekomenduojama tik \u0161unims, turintiems paviln\u0119 ir besi\u0161eriantiems. Netinka nesi\u0161eriantiems ar jautri\u0105 od\u0105 turintiems gyv\u016bnams.\",\"breadcrumb\":{\"@id\":\"https:\\\/\\\/anivet.lt\\\/elparduotuve\\\/produktas\\\/furminator-deshedding-s-sukos-trumpaplaukiams-sunims\\\/#breadcrumb\"},\"inLanguage\":\"lt-LT\",\"potentialAction\":[{\"@type\":\"ReadAction\",\"target\":[\"https:\\\/\\\/anivet.lt\\\/elparduotuve\\\/produktas\\\/furminator-deshedding-s-sukos-trumpaplaukiams-sunims\\\/\"]}]},{\"@type\":\"ImageObject\",\"inLanguage\":\"lt-LT\",\"@id\":\"https:\\\/\\\/anivet.lt\\\/elparduotuve\\\/produktas\\\/furminator-deshedding-s-sukos-trumpaplaukiams-sunims\\\/#primaryimage\",\"url\":\"https:\\\/\\\/anivet.lt\\\/elparduotuve\\\/wp-content\\\/uploads\\\/2026\\\/02\\\/FURminator-deShedding-S-sukos-trumpaplaukiams-sunims.jpg\",\"contentUrl\":\"https:\\\/\\\/anivet.lt\\\/elparduotuve\\\/wp-content\\\/uploads\\\/2026\\\/02\\\/FURminator-deShedding-S-sukos-trumpaplaukiams-sunims.jpg\",\"width\":600,\"height\":600,\"caption\":\"13. FURminator deShedding S \u0161ukos trumpaplaukiams \u0161unims\"},{\"@type\":\"BreadcrumbList\",\"@id\":\"https:\\\/\\\/anivet.lt\\\/elparduotuve\\\/produktas\\\/furminator-deshedding-s-sukos-trumpaplaukiams-sunims\\\/#breadcrumb\",\"itemListElement\":[{\"@type\":\"ListItem\",\"position\":1,\"name\":\"Home\",\"item\":\"https:\\\/\\\/anivet.lt\\\/elparduotuve\\\/\"},{\"@type\":\"ListItem\",\"position\":2,\"name\":\"Produktai\",\"item\":\"https:\\\/\\\/anivet.lt\\\/elparduotuve\\\/produktai\\\/\"},{\"@type\":\"ListItem\",\"position\":3,\"name\":\"FURminator deShedding S \u0161ukos trumpaplaukiams \u0161unims\"}]},{\"@type\":\"WebSite\",\"@id\":\"https:\\\/\\\/anivet.lt\\\/elparduotuve\\\/#website\",\"url\":\"https:\\\/\\\/anivet.lt\\\/elparduotuve\\\/\",\"name\":\"anivet.lt\",\"description\":\"Viskas J\u016bs\u0173 \u0161uns, kat\u0117s prie\u017ei\u016brai\",\"publisher\":{\"@id\":\"https:\\\/\\\/anivet.lt\\\/elparduotuve\\\/#organization\"},\"alternateName\":\"Viskas J\u016bs\u0173 \u0161uns, kat\u0117s prie\u017ei\u016brai\",\"potentialAction\":[{\"@type\":\"SearchAction\",\"target\":{\"@type\":\"EntryPoint\",\"urlTemplate\":\"https:\\\/\\\/anivet.lt\\\/elparduotuve\\\/?s={search_term_string}\"},\"query-input\":{\"@type\":\"PropertyValueSpecification\",\"valueRequired\":true,\"valueName\":\"search_term_string\"}}],\"inLanguage\":\"lt-LT\"},{\"@type\":\"Organization\",\"@id\":\"https:\\\/\\\/anivet.lt\\\/elparduotuve\\\/#organization\",\"name\":\"Viskas J\u016bs\u0173 \u0161uns, kat\u0117s prie\u017ei\u016brai\",\"url\":\"https:\\\/\\\/anivet.lt\\\/elparduotuve\\\/\",\"logo\":{\"@type\":\"ImageObject\",\"inLanguage\":\"lt-LT\",\"@id\":\"https:\\\/\\\/anivet.lt\\\/elparduotuve\\\/#\\\/schema\\\/logo\\\/image\\\/\",\"url\":\"https:\\\/\\\/anivet.lt\\\/elparduotuve\\\/wp-content\\\/uploads\\\/2023\\\/06\\\/logo2.jpg\",\"contentUrl\":\"https:\\\/\\\/anivet.lt\\\/elparduotuve\\\/wp-content\\\/uploads\\\/2023\\\/06\\\/logo2.jpg\",\"width\":655,\"height\":194,\"caption\":\"Viskas J\u016bs\u0173 \u0161uns, kat\u0117s prie\u017ei\u016brai\"},\"image\":{\"@id\":\"https:\\\/\\\/anivet.lt\\\/elparduotuve\\\/#\\\/schema\\\/logo\\\/image\\\/\"}}]}<\/script>\n<!-- \/ Yoast SEO Premium plugin. -->","yoast_head_json":{"title":"FURminator deShedding S \u0161ukos trumpaplaukiams \u0161unims - anivet.lt","description":"FURminator pe\u0161iojamosios \u0161ukos ma\u017e\u0173 veisli\u0173 trumpaplauki\u0173 \u0161un\u0173 kailio prie\u017ei\u016brai. Po \u0161uns maudymo ir kailio i\u0161d\u017eiovinimo \u0161ukuokite 1\u20132 kartus per savait\u0119, skiriant po 10\u201320 minu\u010di\u0173. Rekomenduojama tik \u0161unims, turintiems paviln\u0119 ir besi\u0161eriantiems. Netinka nesi\u0161eriantiems ar jautri\u0105 od\u0105 turintiems gyv\u016bnams.","robots":{"index":"index","follow":"follow","max-snippet":"max-snippet:-1","max-image-preview":"max-image-preview:large","max-video-preview":"max-video-preview:-1"},"canonical":"https:\/\/anivet.lt\/elparduotuve\/produktas\/furminator-deshedding-s-sukos-trumpaplaukiams-sunims\/","og_locale":"lt_LT","og_type":"article","og_title":"FURminator deShedding S \u0161ukos trumpaplaukiams \u0161unims","og_description":"FURminator pe\u0161iojamosios \u0161ukos ma\u017e\u0173 veisli\u0173 trumpaplauki\u0173 \u0161un\u0173 kailio prie\u017ei\u016brai. Po \u0161uns maudymo ir kailio i\u0161d\u017eiovinimo \u0161ukuokite 1\u20132 kartus per savait\u0119, skiriant po 10\u201320 minu\u010di\u0173. Rekomenduojama tik \u0161unims, turintiems paviln\u0119 ir besi\u0161eriantiems. Netinka nesi\u0161eriantiems ar jautri\u0105 od\u0105 turintiems gyv\u016bnams.","og_url":"https:\/\/anivet.lt\/elparduotuve\/produktas\/furminator-deshedding-s-sukos-trumpaplaukiams-sunims\/","og_site_name":"anivet.lt","og_image":[{"width":600,"height":600,"url":"https:\/\/anivet.lt\/elparduotuve\/wp-content\/uploads\/2026\/02\/FURminator-deShedding-S-sukos-trumpaplaukiams-sunims.jpg","type":"image\/jpeg"}],"twitter_card":"summary_large_image","twitter_misc":{"Est. reading time":"1 minut\u0117"},"schema":{"@context":"https:\/\/schema.org","@graph":[{"@type":"WebPage","@id":"https:\/\/anivet.lt\/elparduotuve\/produktas\/furminator-deshedding-s-sukos-trumpaplaukiams-sunims\/","url":"https:\/\/anivet.lt\/elparduotuve\/produktas\/furminator-deshedding-s-sukos-trumpaplaukiams-sunims\/","name":"FURminator deShedding S \u0161ukos trumpaplaukiams \u0161unims - anivet.lt","isPartOf":{"@id":"https:\/\/anivet.lt\/elparduotuve\/#website"},"primaryImageOfPage":{"@id":"https:\/\/anivet.lt\/elparduotuve\/produktas\/furminator-deshedding-s-sukos-trumpaplaukiams-sunims\/#primaryimage"},"image":{"@id":"https:\/\/anivet.lt\/elparduotuve\/produktas\/furminator-deshedding-s-sukos-trumpaplaukiams-sunims\/#primaryimage"},"thumbnailUrl":"https:\/\/anivet.lt\/elparduotuve\/wp-content\/uploads\/2026\/02\/FURminator-deShedding-S-sukos-trumpaplaukiams-sunims.jpg","datePublished":"2026-02-12T13:45:48+00:00","description":"FURminator pe\u0161iojamosios \u0161ukos ma\u017e\u0173 veisli\u0173 trumpaplauki\u0173 \u0161un\u0173 kailio prie\u017ei\u016brai. Po \u0161uns maudymo ir kailio i\u0161d\u017eiovinimo \u0161ukuokite 1\u20132 kartus per savait\u0119, skiriant po 10\u201320 minu\u010di\u0173. Rekomenduojama tik \u0161unims, turintiems paviln\u0119 ir besi\u0161eriantiems. Netinka nesi\u0161eriantiems ar jautri\u0105 od\u0105 turintiems gyv\u016bnams.","breadcrumb":{"@id":"https:\/\/anivet.lt\/elparduotuve\/produktas\/furminator-deshedding-s-sukos-trumpaplaukiams-sunims\/#breadcrumb"},"inLanguage":"lt-LT","potentialAction":[{"@type":"ReadAction","target":["https:\/\/anivet.lt\/elparduotuve\/produktas\/furminator-deshedding-s-sukos-trumpaplaukiams-sunims\/"]}]},{"@type":"ImageObject","inLanguage":"lt-LT","@id":"https:\/\/anivet.lt\/elparduotuve\/produktas\/furminator-deshedding-s-sukos-trumpaplaukiams-sunims\/#primaryimage","url":"https:\/\/anivet.lt\/elparduotuve\/wp-content\/uploads\/2026\/02\/FURminator-deShedding-S-sukos-trumpaplaukiams-sunims.jpg","contentUrl":"https:\/\/anivet.lt\/elparduotuve\/wp-content\/uploads\/2026\/02\/FURminator-deShedding-S-sukos-trumpaplaukiams-sunims.jpg","width":600,"height":600,"caption":"13. FURminator deShedding S \u0161ukos trumpaplaukiams \u0161unims"},{"@type":"BreadcrumbList","@id":"https:\/\/anivet.lt\/elparduotuve\/produktas\/furminator-deshedding-s-sukos-trumpaplaukiams-sunims\/#breadcrumb","itemListElement":[{"@type":"ListItem","position":1,"name":"Home","item":"https:\/\/anivet.lt\/elparduotuve\/"},{"@type":"ListItem","position":2,"name":"Produktai","item":"https:\/\/anivet.lt\/elparduotuve\/produktai\/"},{"@type":"ListItem","position":3,"name":"FURminator deShedding S \u0161ukos trumpaplaukiams \u0161unims"}]},{"@type":"WebSite","@id":"https:\/\/anivet.lt\/elparduotuve\/#website","url":"https:\/\/anivet.lt\/elparduotuve\/","name":"anivet.lt","description":"Viskas J\u016bs\u0173 \u0161uns, kat\u0117s prie\u017ei\u016brai","publisher":{"@id":"https:\/\/anivet.lt\/elparduotuve\/#organization"},"alternateName":"Viskas J\u016bs\u0173 \u0161uns, kat\u0117s prie\u017ei\u016brai","potentialAction":[{"@type":"SearchAction","target":{"@type":"EntryPoint","urlTemplate":"https:\/\/anivet.lt\/elparduotuve\/?s={search_term_string}"},"query-input":{"@type":"PropertyValueSpecification","valueRequired":true,"valueName":"search_term_string"}}],"inLanguage":"lt-LT"},{"@type":"Organization","@id":"https:\/\/anivet.lt\/elparduotuve\/#organization","name":"Viskas J\u016bs\u0173 \u0161uns, kat\u0117s prie\u017ei\u016brai","url":"https:\/\/anivet.lt\/elparduotuve\/","logo":{"@type":"ImageObject","inLanguage":"lt-LT","@id":"https:\/\/anivet.lt\/elparduotuve\/#\/schema\/logo\/image\/","url":"https:\/\/anivet.lt\/elparduotuve\/wp-content\/uploads\/2023\/06\/logo2.jpg","contentUrl":"https:\/\/anivet.lt\/elparduotuve\/wp-content\/uploads\/2023\/06\/logo2.jpg","width":655,"height":194,"caption":"Viskas J\u016bs\u0173 \u0161uns, kat\u0117s prie\u017ei\u016brai"},"image":{"@id":"https:\/\/anivet.lt\/elparduotuve\/#\/schema\/logo\/image\/"}}]}},"_links":{"self":[{"href":"https:\/\/anivet.lt\/elparduotuve\/wp-json\/wp\/v2\/product\/20281","targetHints":{"allow":["GET"]}}],"collection":[{"href":"https:\/\/anivet.lt\/elparduotuve\/wp-json\/wp\/v2\/product"}],"about":[{"href":"https:\/\/anivet.lt\/elparduotuve\/wp-json\/wp\/v2\/types\/product"}],"wp:featuredmedia":[{"embeddable":true,"href":"https:\/\/anivet.lt\/elparduotuve\/wp-json\/wp\/v2\/media\/20283"}],"wp:attachment":[{"href":"https:\/\/anivet.lt\/elparduotuve\/wp-json\/wp\/v2\/media?parent=20281"}],"wp:term":[{"taxonomy":"product_brand","embeddable":true,"href":"https:\/\/anivet.lt\/elparduotuve\/wp-json\/wp\/v2\/product_brand?post=20281"},{"taxonomy":"product_cat","embeddable":true,"href":"https:\/\/anivet.lt\/elparduotuve\/wp-json\/wp\/v2\/product_cat?post=20281"},{"taxonomy":"product_tag","embeddable":true,"href":"https:\/\/anivet.lt\/elparduotuve\/wp-json\/wp\/v2\/product_tag?post=20281"}],"curies":[{"name":"wp","href":"https:\/\/api.w.org\/{rel}","templated":true}]}}