{"id":20284,"date":"2026-02-12T13:48:33","date_gmt":"2026-02-12T13:48:33","guid":{"rendered":"https:\/\/anivet.lt\/elparduotuve\/?post_type=product&#038;p=20284"},"modified":"2026-02-12T13:48:34","modified_gmt":"2026-02-12T13:48:34","slug":"furminator-hair-collection-tool-volelis-plaukams-surinkti","status":"publish","type":"product","link":"https:\/\/anivet.lt\/elparduotuve\/produktas\/furminator-hair-collection-tool-volelis-plaukams-surinkti\/","title":{"rendered":"FURminator Hair Collection Tool volelis plaukams surinkti"},"content":{"rendered":"<ul>\n<li>Efektyviai pa\u0161alina gyv\u016bn\u0173 plaukus nuo drabu\u017ei\u0173, bald\u0173, kilim\u0173 ir kit\u0173 audini\u0173.<\/li>\n<li>Daugkartinio naudojimo \u2013 gali tarnauti ilgiau nei tradiciniai lipn\u016bs voleliai.<\/li>\n<li>Lengva valyti ir naudoti, o surinkti plaukai kaupiami talpoje, tod\u0117l nereikia nuolat keisti lipni\u0173 lapeli\u0173.<\/li>\n<\/ul>\n","protected":false},"excerpt":{"rendered":"<p>FURminator daugkartinis volelis plaukams surinkti nuo drabu\u017ei\u0173, bald\u0173 ir kit\u0173 audini\u0173.<\/p>\n","protected":false},"featured_media":20285,"template":"","meta":[],"product_brand":[],"product_cat":[101,102,108,119,312,310],"product_tag":[],"class_list":{"0":"post-20284","1":"product","2":"type-product","3":"status-publish","4":"has-post-thumbnail","6":"product_cat-sunims","7":"product_cat-katems","8":"product_cat-prieziuros-priemones","9":"product_cat-prieziuros-priemones-katems","10":"product_cat-kitos-priemones-prieziuros-priemones","11":"product_cat-kitos-priemones","12":"pa_prekinis-zenklas-furminator","14":"first","15":"instock","16":"taxable","17":"shipping-taxable","18":"purchasable","19":"product-type-simple"},"yoast_head":"<!-- This site is optimized with the Yoast SEO Premium plugin v27.1 (Yoast SEO v27.3) - https:\/\/yoast.com\/product\/yoast-seo-premium-wordpress\/ -->\n<title>FURminator Hair Collection Tool volelis plaukams surinkti - anivet.lt<\/title>\n<meta name=\"description\" content=\"FURminator daugkartinis volelis plaukams surinkti nuo drabu\u017ei\u0173, bald\u0173 ir kit\u0173 audini\u0173.\" \/>\n<meta name=\"robots\" content=\"index, follow, max-snippet:-1, max-image-preview:large, max-video-preview:-1\" \/>\n<link rel=\"canonical\" href=\"https:\/\/anivet.lt\/elparduotuve\/produktas\/furminator-hair-collection-tool-volelis-plaukams-surinkti\/\" \/>\n<meta property=\"og:locale\" content=\"lt_LT\" \/>\n<meta property=\"og:type\" content=\"article\" \/>\n<meta property=\"og:title\" content=\"FURminator Hair Collection Tool volelis plaukams surinkti\" \/>\n<meta property=\"og:description\" content=\"FURminator daugkartinis volelis plaukams surinkti nuo drabu\u017ei\u0173, bald\u0173 ir kit\u0173 audini\u0173.\" \/>\n<meta property=\"og:url\" content=\"https:\/\/anivet.lt\/elparduotuve\/produktas\/furminator-hair-collection-tool-volelis-plaukams-surinkti\/\" \/>\n<meta property=\"og:site_name\" content=\"anivet.lt\" \/>\n<meta property=\"article:modified_time\" content=\"2026-02-12T13:48:34+00:00\" \/>\n<meta property=\"og:image\" content=\"https:\/\/anivet.lt\/elparduotuve\/wp-content\/uploads\/2026\/02\/FURminator-Hair-Collection-Tool-volelis-plaukams-surinkti.jpg\" \/>\n\t<meta property=\"og:image:width\" content=\"600\" \/>\n\t<meta property=\"og:image:height\" content=\"600\" \/>\n\t<meta property=\"og:image:type\" content=\"image\/jpeg\" \/>\n<meta name=\"twitter:card\" content=\"summary_large_image\" \/>\n<meta name=\"twitter:label1\" content=\"Est. reading time\" \/>\n\t<meta name=\"twitter:data1\" content=\"1 minut\u0117\" \/>\n<script type=\"application\/ld+json\" class=\"yoast-schema-graph\">{\"@context\":\"https:\\\/\\\/schema.org\",\"@graph\":[{\"@type\":\"WebPage\",\"@id\":\"https:\\\/\\\/anivet.lt\\\/elparduotuve\\\/produktas\\\/furminator-hair-collection-tool-volelis-plaukams-surinkti\\\/\",\"url\":\"https:\\\/\\\/anivet.lt\\\/elparduotuve\\\/produktas\\\/furminator-hair-collection-tool-volelis-plaukams-surinkti\\\/\",\"name\":\"FURminator Hair Collection Tool volelis plaukams surinkti - anivet.lt\",\"isPartOf\":{\"@id\":\"https:\\\/\\\/anivet.lt\\\/elparduotuve\\\/#website\"},\"primaryImageOfPage\":{\"@id\":\"https:\\\/\\\/anivet.lt\\\/elparduotuve\\\/produktas\\\/furminator-hair-collection-tool-volelis-plaukams-surinkti\\\/#primaryimage\"},\"image\":{\"@id\":\"https:\\\/\\\/anivet.lt\\\/elparduotuve\\\/produktas\\\/furminator-hair-collection-tool-volelis-plaukams-surinkti\\\/#primaryimage\"},\"thumbnailUrl\":\"https:\\\/\\\/anivet.lt\\\/elparduotuve\\\/wp-content\\\/uploads\\\/2026\\\/02\\\/FURminator-Hair-Collection-Tool-volelis-plaukams-surinkti.jpg\",\"datePublished\":\"2026-02-12T13:48:33+00:00\",\"dateModified\":\"2026-02-12T13:48:34+00:00\",\"description\":\"FURminator daugkartinis volelis plaukams surinkti nuo drabu\u017ei\u0173, bald\u0173 ir kit\u0173 audini\u0173.\",\"breadcrumb\":{\"@id\":\"https:\\\/\\\/anivet.lt\\\/elparduotuve\\\/produktas\\\/furminator-hair-collection-tool-volelis-plaukams-surinkti\\\/#breadcrumb\"},\"inLanguage\":\"lt-LT\",\"potentialAction\":[{\"@type\":\"ReadAction\",\"target\":[\"https:\\\/\\\/anivet.lt\\\/elparduotuve\\\/produktas\\\/furminator-hair-collection-tool-volelis-plaukams-surinkti\\\/\"]}]},{\"@type\":\"ImageObject\",\"inLanguage\":\"lt-LT\",\"@id\":\"https:\\\/\\\/anivet.lt\\\/elparduotuve\\\/produktas\\\/furminator-hair-collection-tool-volelis-plaukams-surinkti\\\/#primaryimage\",\"url\":\"https:\\\/\\\/anivet.lt\\\/elparduotuve\\\/wp-content\\\/uploads\\\/2026\\\/02\\\/FURminator-Hair-Collection-Tool-volelis-plaukams-surinkti.jpg\",\"contentUrl\":\"https:\\\/\\\/anivet.lt\\\/elparduotuve\\\/wp-content\\\/uploads\\\/2026\\\/02\\\/FURminator-Hair-Collection-Tool-volelis-plaukams-surinkti.jpg\",\"width\":600,\"height\":600},{\"@type\":\"BreadcrumbList\",\"@id\":\"https:\\\/\\\/anivet.lt\\\/elparduotuve\\\/produktas\\\/furminator-hair-collection-tool-volelis-plaukams-surinkti\\\/#breadcrumb\",\"itemListElement\":[{\"@type\":\"ListItem\",\"position\":1,\"name\":\"Home\",\"item\":\"https:\\\/\\\/anivet.lt\\\/elparduotuve\\\/\"},{\"@type\":\"ListItem\",\"position\":2,\"name\":\"Produktai\",\"item\":\"https:\\\/\\\/anivet.lt\\\/elparduotuve\\\/produktai\\\/\"},{\"@type\":\"ListItem\",\"position\":3,\"name\":\"FURminator Hair Collection Tool volelis plaukams surinkti\"}]},{\"@type\":\"WebSite\",\"@id\":\"https:\\\/\\\/anivet.lt\\\/elparduotuve\\\/#website\",\"url\":\"https:\\\/\\\/anivet.lt\\\/elparduotuve\\\/\",\"name\":\"anivet.lt\",\"description\":\"Viskas J\u016bs\u0173 \u0161uns, kat\u0117s prie\u017ei\u016brai\",\"publisher\":{\"@id\":\"https:\\\/\\\/anivet.lt\\\/elparduotuve\\\/#organization\"},\"alternateName\":\"Viskas J\u016bs\u0173 \u0161uns, kat\u0117s prie\u017ei\u016brai\",\"potentialAction\":[{\"@type\":\"SearchAction\",\"target\":{\"@type\":\"EntryPoint\",\"urlTemplate\":\"https:\\\/\\\/anivet.lt\\\/elparduotuve\\\/?s={search_term_string}\"},\"query-input\":{\"@type\":\"PropertyValueSpecification\",\"valueRequired\":true,\"valueName\":\"search_term_string\"}}],\"inLanguage\":\"lt-LT\"},{\"@type\":\"Organization\",\"@id\":\"https:\\\/\\\/anivet.lt\\\/elparduotuve\\\/#organization\",\"name\":\"Viskas J\u016bs\u0173 \u0161uns, kat\u0117s prie\u017ei\u016brai\",\"url\":\"https:\\\/\\\/anivet.lt\\\/elparduotuve\\\/\",\"logo\":{\"@type\":\"ImageObject\",\"inLanguage\":\"lt-LT\",\"@id\":\"https:\\\/\\\/anivet.lt\\\/elparduotuve\\\/#\\\/schema\\\/logo\\\/image\\\/\",\"url\":\"https:\\\/\\\/anivet.lt\\\/elparduotuve\\\/wp-content\\\/uploads\\\/2023\\\/06\\\/logo2.jpg\",\"contentUrl\":\"https:\\\/\\\/anivet.lt\\\/elparduotuve\\\/wp-content\\\/uploads\\\/2023\\\/06\\\/logo2.jpg\",\"width\":655,\"height\":194,\"caption\":\"Viskas J\u016bs\u0173 \u0161uns, kat\u0117s prie\u017ei\u016brai\"},\"image\":{\"@id\":\"https:\\\/\\\/anivet.lt\\\/elparduotuve\\\/#\\\/schema\\\/logo\\\/image\\\/\"}}]}<\/script>\n<!-- \/ Yoast SEO Premium plugin. -->","yoast_head_json":{"title":"FURminator Hair Collection Tool volelis plaukams surinkti - anivet.lt","description":"FURminator daugkartinis volelis plaukams surinkti nuo drabu\u017ei\u0173, bald\u0173 ir kit\u0173 audini\u0173.","robots":{"index":"index","follow":"follow","max-snippet":"max-snippet:-1","max-image-preview":"max-image-preview:large","max-video-preview":"max-video-preview:-1"},"canonical":"https:\/\/anivet.lt\/elparduotuve\/produktas\/furminator-hair-collection-tool-volelis-plaukams-surinkti\/","og_locale":"lt_LT","og_type":"article","og_title":"FURminator Hair Collection Tool volelis plaukams surinkti","og_description":"FURminator daugkartinis volelis plaukams surinkti nuo drabu\u017ei\u0173, bald\u0173 ir kit\u0173 audini\u0173.","og_url":"https:\/\/anivet.lt\/elparduotuve\/produktas\/furminator-hair-collection-tool-volelis-plaukams-surinkti\/","og_site_name":"anivet.lt","article_modified_time":"2026-02-12T13:48:34+00:00","og_image":[{"width":600,"height":600,"url":"https:\/\/anivet.lt\/elparduotuve\/wp-content\/uploads\/2026\/02\/FURminator-Hair-Collection-Tool-volelis-plaukams-surinkti.jpg","type":"image\/jpeg"}],"twitter_card":"summary_large_image","twitter_misc":{"Est. reading time":"1 minut\u0117"},"schema":{"@context":"https:\/\/schema.org","@graph":[{"@type":"WebPage","@id":"https:\/\/anivet.lt\/elparduotuve\/produktas\/furminator-hair-collection-tool-volelis-plaukams-surinkti\/","url":"https:\/\/anivet.lt\/elparduotuve\/produktas\/furminator-hair-collection-tool-volelis-plaukams-surinkti\/","name":"FURminator Hair Collection Tool volelis plaukams surinkti - anivet.lt","isPartOf":{"@id":"https:\/\/anivet.lt\/elparduotuve\/#website"},"primaryImageOfPage":{"@id":"https:\/\/anivet.lt\/elparduotuve\/produktas\/furminator-hair-collection-tool-volelis-plaukams-surinkti\/#primaryimage"},"image":{"@id":"https:\/\/anivet.lt\/elparduotuve\/produktas\/furminator-hair-collection-tool-volelis-plaukams-surinkti\/#primaryimage"},"thumbnailUrl":"https:\/\/anivet.lt\/elparduotuve\/wp-content\/uploads\/2026\/02\/FURminator-Hair-Collection-Tool-volelis-plaukams-surinkti.jpg","datePublished":"2026-02-12T13:48:33+00:00","dateModified":"2026-02-12T13:48:34+00:00","description":"FURminator daugkartinis volelis plaukams surinkti nuo drabu\u017ei\u0173, bald\u0173 ir kit\u0173 audini\u0173.","breadcrumb":{"@id":"https:\/\/anivet.lt\/elparduotuve\/produktas\/furminator-hair-collection-tool-volelis-plaukams-surinkti\/#breadcrumb"},"inLanguage":"lt-LT","potentialAction":[{"@type":"ReadAction","target":["https:\/\/anivet.lt\/elparduotuve\/produktas\/furminator-hair-collection-tool-volelis-plaukams-surinkti\/"]}]},{"@type":"ImageObject","inLanguage":"lt-LT","@id":"https:\/\/anivet.lt\/elparduotuve\/produktas\/furminator-hair-collection-tool-volelis-plaukams-surinkti\/#primaryimage","url":"https:\/\/anivet.lt\/elparduotuve\/wp-content\/uploads\/2026\/02\/FURminator-Hair-Collection-Tool-volelis-plaukams-surinkti.jpg","contentUrl":"https:\/\/anivet.lt\/elparduotuve\/wp-content\/uploads\/2026\/02\/FURminator-Hair-Collection-Tool-volelis-plaukams-surinkti.jpg","width":600,"height":600},{"@type":"BreadcrumbList","@id":"https:\/\/anivet.lt\/elparduotuve\/produktas\/furminator-hair-collection-tool-volelis-plaukams-surinkti\/#breadcrumb","itemListElement":[{"@type":"ListItem","position":1,"name":"Home","item":"https:\/\/anivet.lt\/elparduotuve\/"},{"@type":"ListItem","position":2,"name":"Produktai","item":"https:\/\/anivet.lt\/elparduotuve\/produktai\/"},{"@type":"ListItem","position":3,"name":"FURminator Hair Collection Tool volelis plaukams surinkti"}]},{"@type":"WebSite","@id":"https:\/\/anivet.lt\/elparduotuve\/#website","url":"https:\/\/anivet.lt\/elparduotuve\/","name":"anivet.lt","description":"Viskas J\u016bs\u0173 \u0161uns, kat\u0117s prie\u017ei\u016brai","publisher":{"@id":"https:\/\/anivet.lt\/elparduotuve\/#organization"},"alternateName":"Viskas J\u016bs\u0173 \u0161uns, kat\u0117s prie\u017ei\u016brai","potentialAction":[{"@type":"SearchAction","target":{"@type":"EntryPoint","urlTemplate":"https:\/\/anivet.lt\/elparduotuve\/?s={search_term_string}"},"query-input":{"@type":"PropertyValueSpecification","valueRequired":true,"valueName":"search_term_string"}}],"inLanguage":"lt-LT"},{"@type":"Organization","@id":"https:\/\/anivet.lt\/elparduotuve\/#organization","name":"Viskas J\u016bs\u0173 \u0161uns, kat\u0117s prie\u017ei\u016brai","url":"https:\/\/anivet.lt\/elparduotuve\/","logo":{"@type":"ImageObject","inLanguage":"lt-LT","@id":"https:\/\/anivet.lt\/elparduotuve\/#\/schema\/logo\/image\/","url":"https:\/\/anivet.lt\/elparduotuve\/wp-content\/uploads\/2023\/06\/logo2.jpg","contentUrl":"https:\/\/anivet.lt\/elparduotuve\/wp-content\/uploads\/2023\/06\/logo2.jpg","width":655,"height":194,"caption":"Viskas J\u016bs\u0173 \u0161uns, kat\u0117s prie\u017ei\u016brai"},"image":{"@id":"https:\/\/anivet.lt\/elparduotuve\/#\/schema\/logo\/image\/"}}]}},"_links":{"self":[{"href":"https:\/\/anivet.lt\/elparduotuve\/wp-json\/wp\/v2\/product\/20284","targetHints":{"allow":["GET"]}}],"collection":[{"href":"https:\/\/anivet.lt\/elparduotuve\/wp-json\/wp\/v2\/product"}],"about":[{"href":"https:\/\/anivet.lt\/elparduotuve\/wp-json\/wp\/v2\/types\/product"}],"wp:featuredmedia":[{"embeddable":true,"href":"https:\/\/anivet.lt\/elparduotuve\/wp-json\/wp\/v2\/media\/20285"}],"wp:attachment":[{"href":"https:\/\/anivet.lt\/elparduotuve\/wp-json\/wp\/v2\/media?parent=20284"}],"wp:term":[{"taxonomy":"product_brand","embeddable":true,"href":"https:\/\/anivet.lt\/elparduotuve\/wp-json\/wp\/v2\/product_brand?post=20284"},{"taxonomy":"product_cat","embeddable":true,"href":"https:\/\/anivet.lt\/elparduotuve\/wp-json\/wp\/v2\/product_cat?post=20284"},{"taxonomy":"product_tag","embeddable":true,"href":"https:\/\/anivet.lt\/elparduotuve\/wp-json\/wp\/v2\/product_tag?post=20284"}],"curies":[{"name":"wp","href":"https:\/\/api.w.org\/{rel}","templated":true}]}}