{"id":20390,"date":"2026-02-24T14:54:36","date_gmt":"2026-02-24T14:54:36","guid":{"rendered":"https:\/\/anivet.lt\/elparduotuve\/?post_type=product&#038;p=20390"},"modified":"2026-02-24T14:54:36","modified_gmt":"2026-02-24T14:54:36","slug":"mervue-pro-bio-probiotine-pasta-sunims-ir-suniukams-60ml","status":"publish","type":"product","link":"https:\/\/anivet.lt\/elparduotuve\/produktas\/mervue-pro-bio-probiotine-pasta-sunims-ir-suniukams-60ml\/","title":{"rendered":"Mervue Pro-Bio probiotin\u0117 pasta \u0161unims ir \u0161uniukams 60ml"},"content":{"rendered":"<ul>\n<li>Tinka \u0161unims ir \u0161uniukams nuo 12 savai\u010di\u0173.<\/li>\n<li>Padeda esant \u016bmiems vir\u0161kinimo sutrikimams (viduriavimui, jautriam skrand\u017eiui).<\/li>\n<li>Naudinga sergant l\u0117tin\u0117mis vir\u0161kinamojo trakto ligomis ar esant \u017earnyno disbiozei.<\/li>\n<li>Prisideda prie stipresnio imuniteto.<\/li>\n<li>Padeda stabilizuoti apetit\u0105.<\/li>\n<li>Palaiko sveik\u0105 \u017earnyno gleivin\u0119 ir stiprina \u017earnyno barjer\u0105.<\/li>\n<\/ul>\n","protected":false},"excerpt":{"rendered":"<p>\u0160is pa\u0161aro papildas \u0161unims tinkamas naudoti nuo 12 savai\u010di\u0173 am\u017eiaus. Subalansuota formul\u0117 su probiotikais ir prebiotikais padeda atkurti \u017earnyno mikrofloros balans\u0105, gerina maistini\u0173 med\u017eiag\u0173 \u012fsisavinim\u0105 bei palaiko bendr\u0105 augintinio savijaut\u0105.<\/p>\n","protected":false},"featured_media":20391,"template":"","meta":[],"product_brand":[],"product_cat":[101,113],"product_tag":[],"class_list":{"0":"post-20390","1":"product","2":"type-product","3":"status-publish","4":"has-post-thumbnail","6":"product_cat-sunims","7":"product_cat-vitaminai-ir-papildai","8":"pa_prekinis-zenklas-mervue","10":"first","11":"instock","12":"taxable","13":"shipping-taxable","14":"purchasable","15":"product-type-simple"},"yoast_head":"<!-- This site is optimized with the Yoast SEO Premium plugin v27.1 (Yoast SEO v27.3) - https:\/\/yoast.com\/product\/yoast-seo-premium-wordpress\/ -->\n<title>Mervue Pro-Bio probiotin\u0117 pasta \u0161unims ir \u0161uniukams 60ml - anivet.lt<\/title>\n<meta name=\"description\" content=\"\u0160is pa\u0161aro papildas \u0161unims tinkamas naudoti nuo 12 savai\u010di\u0173 am\u017eiaus. Subalansuota formul\u0117 su probiotikais ir prebiotikais padeda atkurti \u017earnyno mikrofloros balans\u0105, gerina maistini\u0173 med\u017eiag\u0173 \u012fsisavinim\u0105 bei palaiko bendr\u0105 augintinio savijaut\u0105.\" \/>\n<meta name=\"robots\" content=\"index, follow, max-snippet:-1, max-image-preview:large, max-video-preview:-1\" \/>\n<link rel=\"canonical\" href=\"https:\/\/anivet.lt\/elparduotuve\/produktas\/mervue-pro-bio-probiotine-pasta-sunims-ir-suniukams-60ml\/\" \/>\n<meta property=\"og:locale\" content=\"lt_LT\" \/>\n<meta property=\"og:type\" content=\"article\" \/>\n<meta property=\"og:title\" content=\"Mervue Pro-Bio probiotin\u0117 pasta \u0161unims ir \u0161uniukams 60ml\" \/>\n<meta property=\"og:description\" content=\"\u0160is pa\u0161aro papildas \u0161unims tinkamas naudoti nuo 12 savai\u010di\u0173 am\u017eiaus. Subalansuota formul\u0117 su probiotikais ir prebiotikais padeda atkurti \u017earnyno mikrofloros balans\u0105, gerina maistini\u0173 med\u017eiag\u0173 \u012fsisavinim\u0105 bei palaiko bendr\u0105 augintinio savijaut\u0105.\" \/>\n<meta property=\"og:url\" content=\"https:\/\/anivet.lt\/elparduotuve\/produktas\/mervue-pro-bio-probiotine-pasta-sunims-ir-suniukams-60ml\/\" \/>\n<meta property=\"og:site_name\" content=\"anivet.lt\" \/>\n<meta property=\"og:image\" content=\"https:\/\/anivet.lt\/elparduotuve\/wp-content\/uploads\/2026\/02\/Mervue-Pro-Bio-probiotine-pasta-sunims-ir-suniukams-60ml.jpg\" \/>\n\t<meta property=\"og:image:width\" content=\"600\" \/>\n\t<meta property=\"og:image:height\" content=\"600\" \/>\n\t<meta property=\"og:image:type\" content=\"image\/jpeg\" \/>\n<meta name=\"twitter:card\" content=\"summary_large_image\" \/>\n<meta name=\"twitter:label1\" content=\"Est. reading time\" \/>\n\t<meta name=\"twitter:data1\" content=\"1 minut\u0117\" \/>\n<script type=\"application\/ld+json\" class=\"yoast-schema-graph\">{\"@context\":\"https:\\\/\\\/schema.org\",\"@graph\":[{\"@type\":\"WebPage\",\"@id\":\"https:\\\/\\\/anivet.lt\\\/elparduotuve\\\/produktas\\\/mervue-pro-bio-probiotine-pasta-sunims-ir-suniukams-60ml\\\/\",\"url\":\"https:\\\/\\\/anivet.lt\\\/elparduotuve\\\/produktas\\\/mervue-pro-bio-probiotine-pasta-sunims-ir-suniukams-60ml\\\/\",\"name\":\"Mervue Pro-Bio probiotin\u0117 pasta \u0161unims ir \u0161uniukams 60ml - anivet.lt\",\"isPartOf\":{\"@id\":\"https:\\\/\\\/anivet.lt\\\/elparduotuve\\\/#website\"},\"primaryImageOfPage\":{\"@id\":\"https:\\\/\\\/anivet.lt\\\/elparduotuve\\\/produktas\\\/mervue-pro-bio-probiotine-pasta-sunims-ir-suniukams-60ml\\\/#primaryimage\"},\"image\":{\"@id\":\"https:\\\/\\\/anivet.lt\\\/elparduotuve\\\/produktas\\\/mervue-pro-bio-probiotine-pasta-sunims-ir-suniukams-60ml\\\/#primaryimage\"},\"thumbnailUrl\":\"https:\\\/\\\/anivet.lt\\\/elparduotuve\\\/wp-content\\\/uploads\\\/2026\\\/02\\\/Mervue-Pro-Bio-probiotine-pasta-sunims-ir-suniukams-60ml.jpg\",\"datePublished\":\"2026-02-24T14:54:36+00:00\",\"description\":\"\u0160is pa\u0161aro papildas \u0161unims tinkamas naudoti nuo 12 savai\u010di\u0173 am\u017eiaus. Subalansuota formul\u0117 su probiotikais ir prebiotikais padeda atkurti \u017earnyno mikrofloros balans\u0105, gerina maistini\u0173 med\u017eiag\u0173 \u012fsisavinim\u0105 bei palaiko bendr\u0105 augintinio savijaut\u0105.\",\"breadcrumb\":{\"@id\":\"https:\\\/\\\/anivet.lt\\\/elparduotuve\\\/produktas\\\/mervue-pro-bio-probiotine-pasta-sunims-ir-suniukams-60ml\\\/#breadcrumb\"},\"inLanguage\":\"lt-LT\",\"potentialAction\":[{\"@type\":\"ReadAction\",\"target\":[\"https:\\\/\\\/anivet.lt\\\/elparduotuve\\\/produktas\\\/mervue-pro-bio-probiotine-pasta-sunims-ir-suniukams-60ml\\\/\"]}]},{\"@type\":\"ImageObject\",\"inLanguage\":\"lt-LT\",\"@id\":\"https:\\\/\\\/anivet.lt\\\/elparduotuve\\\/produktas\\\/mervue-pro-bio-probiotine-pasta-sunims-ir-suniukams-60ml\\\/#primaryimage\",\"url\":\"https:\\\/\\\/anivet.lt\\\/elparduotuve\\\/wp-content\\\/uploads\\\/2026\\\/02\\\/Mervue-Pro-Bio-probiotine-pasta-sunims-ir-suniukams-60ml.jpg\",\"contentUrl\":\"https:\\\/\\\/anivet.lt\\\/elparduotuve\\\/wp-content\\\/uploads\\\/2026\\\/02\\\/Mervue-Pro-Bio-probiotine-pasta-sunims-ir-suniukams-60ml.jpg\",\"width\":600,\"height\":600,\"caption\":\"Mervue Pro-Bio probiotin\u0117 pasta \u0161unims ir \u0161uniukams 60ml\"},{\"@type\":\"BreadcrumbList\",\"@id\":\"https:\\\/\\\/anivet.lt\\\/elparduotuve\\\/produktas\\\/mervue-pro-bio-probiotine-pasta-sunims-ir-suniukams-60ml\\\/#breadcrumb\",\"itemListElement\":[{\"@type\":\"ListItem\",\"position\":1,\"name\":\"Home\",\"item\":\"https:\\\/\\\/anivet.lt\\\/elparduotuve\\\/\"},{\"@type\":\"ListItem\",\"position\":2,\"name\":\"Produktai\",\"item\":\"https:\\\/\\\/anivet.lt\\\/elparduotuve\\\/produktai\\\/\"},{\"@type\":\"ListItem\",\"position\":3,\"name\":\"Mervue Pro-Bio probiotin\u0117 pasta \u0161unims ir \u0161uniukams 60ml\"}]},{\"@type\":\"WebSite\",\"@id\":\"https:\\\/\\\/anivet.lt\\\/elparduotuve\\\/#website\",\"url\":\"https:\\\/\\\/anivet.lt\\\/elparduotuve\\\/\",\"name\":\"anivet.lt\",\"description\":\"Viskas J\u016bs\u0173 \u0161uns, kat\u0117s prie\u017ei\u016brai\",\"publisher\":{\"@id\":\"https:\\\/\\\/anivet.lt\\\/elparduotuve\\\/#organization\"},\"alternateName\":\"Viskas J\u016bs\u0173 \u0161uns, kat\u0117s prie\u017ei\u016brai\",\"potentialAction\":[{\"@type\":\"SearchAction\",\"target\":{\"@type\":\"EntryPoint\",\"urlTemplate\":\"https:\\\/\\\/anivet.lt\\\/elparduotuve\\\/?s={search_term_string}\"},\"query-input\":{\"@type\":\"PropertyValueSpecification\",\"valueRequired\":true,\"valueName\":\"search_term_string\"}}],\"inLanguage\":\"lt-LT\"},{\"@type\":\"Organization\",\"@id\":\"https:\\\/\\\/anivet.lt\\\/elparduotuve\\\/#organization\",\"name\":\"Viskas J\u016bs\u0173 \u0161uns, kat\u0117s prie\u017ei\u016brai\",\"url\":\"https:\\\/\\\/anivet.lt\\\/elparduotuve\\\/\",\"logo\":{\"@type\":\"ImageObject\",\"inLanguage\":\"lt-LT\",\"@id\":\"https:\\\/\\\/anivet.lt\\\/elparduotuve\\\/#\\\/schema\\\/logo\\\/image\\\/\",\"url\":\"https:\\\/\\\/anivet.lt\\\/elparduotuve\\\/wp-content\\\/uploads\\\/2023\\\/06\\\/logo2.jpg\",\"contentUrl\":\"https:\\\/\\\/anivet.lt\\\/elparduotuve\\\/wp-content\\\/uploads\\\/2023\\\/06\\\/logo2.jpg\",\"width\":655,\"height\":194,\"caption\":\"Viskas J\u016bs\u0173 \u0161uns, kat\u0117s prie\u017ei\u016brai\"},\"image\":{\"@id\":\"https:\\\/\\\/anivet.lt\\\/elparduotuve\\\/#\\\/schema\\\/logo\\\/image\\\/\"}}]}<\/script>\n<!-- \/ Yoast SEO Premium plugin. -->","yoast_head_json":{"title":"Mervue Pro-Bio probiotin\u0117 pasta \u0161unims ir \u0161uniukams 60ml - anivet.lt","description":"\u0160is pa\u0161aro papildas \u0161unims tinkamas naudoti nuo 12 savai\u010di\u0173 am\u017eiaus. Subalansuota formul\u0117 su probiotikais ir prebiotikais padeda atkurti \u017earnyno mikrofloros balans\u0105, gerina maistini\u0173 med\u017eiag\u0173 \u012fsisavinim\u0105 bei palaiko bendr\u0105 augintinio savijaut\u0105.","robots":{"index":"index","follow":"follow","max-snippet":"max-snippet:-1","max-image-preview":"max-image-preview:large","max-video-preview":"max-video-preview:-1"},"canonical":"https:\/\/anivet.lt\/elparduotuve\/produktas\/mervue-pro-bio-probiotine-pasta-sunims-ir-suniukams-60ml\/","og_locale":"lt_LT","og_type":"article","og_title":"Mervue Pro-Bio probiotin\u0117 pasta \u0161unims ir \u0161uniukams 60ml","og_description":"\u0160is pa\u0161aro papildas \u0161unims tinkamas naudoti nuo 12 savai\u010di\u0173 am\u017eiaus. Subalansuota formul\u0117 su probiotikais ir prebiotikais padeda atkurti \u017earnyno mikrofloros balans\u0105, gerina maistini\u0173 med\u017eiag\u0173 \u012fsisavinim\u0105 bei palaiko bendr\u0105 augintinio savijaut\u0105.","og_url":"https:\/\/anivet.lt\/elparduotuve\/produktas\/mervue-pro-bio-probiotine-pasta-sunims-ir-suniukams-60ml\/","og_site_name":"anivet.lt","og_image":[{"width":600,"height":600,"url":"https:\/\/anivet.lt\/elparduotuve\/wp-content\/uploads\/2026\/02\/Mervue-Pro-Bio-probiotine-pasta-sunims-ir-suniukams-60ml.jpg","type":"image\/jpeg"}],"twitter_card":"summary_large_image","twitter_misc":{"Est. reading time":"1 minut\u0117"},"schema":{"@context":"https:\/\/schema.org","@graph":[{"@type":"WebPage","@id":"https:\/\/anivet.lt\/elparduotuve\/produktas\/mervue-pro-bio-probiotine-pasta-sunims-ir-suniukams-60ml\/","url":"https:\/\/anivet.lt\/elparduotuve\/produktas\/mervue-pro-bio-probiotine-pasta-sunims-ir-suniukams-60ml\/","name":"Mervue Pro-Bio probiotin\u0117 pasta \u0161unims ir \u0161uniukams 60ml - anivet.lt","isPartOf":{"@id":"https:\/\/anivet.lt\/elparduotuve\/#website"},"primaryImageOfPage":{"@id":"https:\/\/anivet.lt\/elparduotuve\/produktas\/mervue-pro-bio-probiotine-pasta-sunims-ir-suniukams-60ml\/#primaryimage"},"image":{"@id":"https:\/\/anivet.lt\/elparduotuve\/produktas\/mervue-pro-bio-probiotine-pasta-sunims-ir-suniukams-60ml\/#primaryimage"},"thumbnailUrl":"https:\/\/anivet.lt\/elparduotuve\/wp-content\/uploads\/2026\/02\/Mervue-Pro-Bio-probiotine-pasta-sunims-ir-suniukams-60ml.jpg","datePublished":"2026-02-24T14:54:36+00:00","description":"\u0160is pa\u0161aro papildas \u0161unims tinkamas naudoti nuo 12 savai\u010di\u0173 am\u017eiaus. Subalansuota formul\u0117 su probiotikais ir prebiotikais padeda atkurti \u017earnyno mikrofloros balans\u0105, gerina maistini\u0173 med\u017eiag\u0173 \u012fsisavinim\u0105 bei palaiko bendr\u0105 augintinio savijaut\u0105.","breadcrumb":{"@id":"https:\/\/anivet.lt\/elparduotuve\/produktas\/mervue-pro-bio-probiotine-pasta-sunims-ir-suniukams-60ml\/#breadcrumb"},"inLanguage":"lt-LT","potentialAction":[{"@type":"ReadAction","target":["https:\/\/anivet.lt\/elparduotuve\/produktas\/mervue-pro-bio-probiotine-pasta-sunims-ir-suniukams-60ml\/"]}]},{"@type":"ImageObject","inLanguage":"lt-LT","@id":"https:\/\/anivet.lt\/elparduotuve\/produktas\/mervue-pro-bio-probiotine-pasta-sunims-ir-suniukams-60ml\/#primaryimage","url":"https:\/\/anivet.lt\/elparduotuve\/wp-content\/uploads\/2026\/02\/Mervue-Pro-Bio-probiotine-pasta-sunims-ir-suniukams-60ml.jpg","contentUrl":"https:\/\/anivet.lt\/elparduotuve\/wp-content\/uploads\/2026\/02\/Mervue-Pro-Bio-probiotine-pasta-sunims-ir-suniukams-60ml.jpg","width":600,"height":600,"caption":"Mervue Pro-Bio probiotin\u0117 pasta \u0161unims ir \u0161uniukams 60ml"},{"@type":"BreadcrumbList","@id":"https:\/\/anivet.lt\/elparduotuve\/produktas\/mervue-pro-bio-probiotine-pasta-sunims-ir-suniukams-60ml\/#breadcrumb","itemListElement":[{"@type":"ListItem","position":1,"name":"Home","item":"https:\/\/anivet.lt\/elparduotuve\/"},{"@type":"ListItem","position":2,"name":"Produktai","item":"https:\/\/anivet.lt\/elparduotuve\/produktai\/"},{"@type":"ListItem","position":3,"name":"Mervue Pro-Bio probiotin\u0117 pasta \u0161unims ir \u0161uniukams 60ml"}]},{"@type":"WebSite","@id":"https:\/\/anivet.lt\/elparduotuve\/#website","url":"https:\/\/anivet.lt\/elparduotuve\/","name":"anivet.lt","description":"Viskas J\u016bs\u0173 \u0161uns, kat\u0117s prie\u017ei\u016brai","publisher":{"@id":"https:\/\/anivet.lt\/elparduotuve\/#organization"},"alternateName":"Viskas J\u016bs\u0173 \u0161uns, kat\u0117s prie\u017ei\u016brai","potentialAction":[{"@type":"SearchAction","target":{"@type":"EntryPoint","urlTemplate":"https:\/\/anivet.lt\/elparduotuve\/?s={search_term_string}"},"query-input":{"@type":"PropertyValueSpecification","valueRequired":true,"valueName":"search_term_string"}}],"inLanguage":"lt-LT"},{"@type":"Organization","@id":"https:\/\/anivet.lt\/elparduotuve\/#organization","name":"Viskas J\u016bs\u0173 \u0161uns, kat\u0117s prie\u017ei\u016brai","url":"https:\/\/anivet.lt\/elparduotuve\/","logo":{"@type":"ImageObject","inLanguage":"lt-LT","@id":"https:\/\/anivet.lt\/elparduotuve\/#\/schema\/logo\/image\/","url":"https:\/\/anivet.lt\/elparduotuve\/wp-content\/uploads\/2023\/06\/logo2.jpg","contentUrl":"https:\/\/anivet.lt\/elparduotuve\/wp-content\/uploads\/2023\/06\/logo2.jpg","width":655,"height":194,"caption":"Viskas J\u016bs\u0173 \u0161uns, kat\u0117s prie\u017ei\u016brai"},"image":{"@id":"https:\/\/anivet.lt\/elparduotuve\/#\/schema\/logo\/image\/"}}]}},"_links":{"self":[{"href":"https:\/\/anivet.lt\/elparduotuve\/wp-json\/wp\/v2\/product\/20390","targetHints":{"allow":["GET"]}}],"collection":[{"href":"https:\/\/anivet.lt\/elparduotuve\/wp-json\/wp\/v2\/product"}],"about":[{"href":"https:\/\/anivet.lt\/elparduotuve\/wp-json\/wp\/v2\/types\/product"}],"wp:featuredmedia":[{"embeddable":true,"href":"https:\/\/anivet.lt\/elparduotuve\/wp-json\/wp\/v2\/media\/20391"}],"wp:attachment":[{"href":"https:\/\/anivet.lt\/elparduotuve\/wp-json\/wp\/v2\/media?parent=20390"}],"wp:term":[{"taxonomy":"product_brand","embeddable":true,"href":"https:\/\/anivet.lt\/elparduotuve\/wp-json\/wp\/v2\/product_brand?post=20390"},{"taxonomy":"product_cat","embeddable":true,"href":"https:\/\/anivet.lt\/elparduotuve\/wp-json\/wp\/v2\/product_cat?post=20390"},{"taxonomy":"product_tag","embeddable":true,"href":"https:\/\/anivet.lt\/elparduotuve\/wp-json\/wp\/v2\/product_tag?post=20390"}],"curies":[{"name":"wp","href":"https:\/\/api.w.org\/{rel}","templated":true}]}}