{"id":20392,"date":"2026-02-24T15:01:03","date_gmt":"2026-02-24T15:01:03","guid":{"rendered":"https:\/\/anivet.lt\/elparduotuve\/?post_type=product&#038;p=20392"},"modified":"2026-02-24T15:01:03","modified_gmt":"2026-02-24T15:01:03","slug":"mervue-veticoal-detoksikuojanti-pasta-katems-ir-sunims-30ml","status":"publish","type":"product","link":"https:\/\/anivet.lt\/elparduotuve\/produktas\/mervue-veticoal-detoksikuojanti-pasta-katems-ir-sunims-30ml\/","title":{"rendered":"Mervue VetiCoal detoksikuojanti pasta kat\u0117ms ir \u0161unims 30ml"},"content":{"rendered":"<ul>\n<li>Tinka kat\u0117ms ir \u0161unims nuo 12 savai\u010di\u0173.<\/li>\n<li>Padeda suma\u017einti toksin\u0173 pasisavinim\u0105 i\u0161 vir\u0161kinamojo trakto.<\/li>\n<li>Skatina kenksming\u0173 med\u017eiag\u0173 pa\u0161alinim\u0105 nat\u016braliu b\u016bdu.<\/li>\n<li>Ma\u017eina pilvo p\u016btim\u0105 ir duj\u0173 kaupim\u0105si.<\/li>\n<li>Palaiko ger\u0105 vir\u0161kinamojo trakto veikl\u0105.<\/li>\n<\/ul>\n","protected":false},"excerpt":{"rendered":"<p>Mervue VetiCoal \u2013 tai aktyvintos anglies pasta kat\u0117ms ir \u0161unims, skirta vir\u0161kinimo sistemos palaikymui ir nat\u016braliam toksin\u0173 \u0161alinimui i\u0161 organizmo.<\/p>\n","protected":false},"featured_media":20393,"template":"","meta":[],"product_brand":[],"product_cat":[101,102,113,124],"product_tag":[],"class_list":{"0":"post-20392","1":"product","2":"type-product","3":"status-publish","4":"has-post-thumbnail","6":"product_cat-sunims","7":"product_cat-katems","8":"product_cat-vitaminai-ir-papildai","9":"product_cat-vitaminai-ir-papildai-katems","10":"pa_prekinis-zenklas-mervue","12":"first","13":"instock","14":"taxable","15":"shipping-taxable","16":"purchasable","17":"product-type-simple"},"yoast_head":"<!-- This site is optimized with the Yoast SEO Premium plugin v27.1 (Yoast SEO v27.3) - https:\/\/yoast.com\/product\/yoast-seo-premium-wordpress\/ -->\n<title>Mervue VetiCoal detoksikuojanti pasta kat\u0117ms ir \u0161unims 30ml - anivet.lt<\/title>\n<meta name=\"description\" content=\"Mervue VetiCoal \u2013 tai aktyvintos anglies pasta kat\u0117ms ir \u0161unims, skirta vir\u0161kinimo sistemos palaikymui ir nat\u016braliam toksin\u0173 \u0161alinimui i\u0161 organizmo.\" \/>\n<meta name=\"robots\" content=\"index, follow, max-snippet:-1, max-image-preview:large, max-video-preview:-1\" \/>\n<link rel=\"canonical\" href=\"https:\/\/anivet.lt\/elparduotuve\/produktas\/mervue-veticoal-detoksikuojanti-pasta-katems-ir-sunims-30ml\/\" \/>\n<meta property=\"og:locale\" content=\"lt_LT\" \/>\n<meta property=\"og:type\" content=\"article\" \/>\n<meta property=\"og:title\" content=\"Mervue VetiCoal detoksikuojanti pasta kat\u0117ms ir \u0161unims 30ml\" \/>\n<meta property=\"og:description\" content=\"Mervue VetiCoal \u2013 tai aktyvintos anglies pasta kat\u0117ms ir \u0161unims, skirta vir\u0161kinimo sistemos palaikymui ir nat\u016braliam toksin\u0173 \u0161alinimui i\u0161 organizmo.\" \/>\n<meta property=\"og:url\" content=\"https:\/\/anivet.lt\/elparduotuve\/produktas\/mervue-veticoal-detoksikuojanti-pasta-katems-ir-sunims-30ml\/\" \/>\n<meta property=\"og:site_name\" content=\"anivet.lt\" \/>\n<meta property=\"og:image\" content=\"https:\/\/anivet.lt\/elparduotuve\/wp-content\/uploads\/2026\/02\/Mervue-VetiCoal-detoksikuojanti-pasta-katems-ir-sunims-30ml.jpg\" \/>\n\t<meta property=\"og:image:width\" content=\"600\" \/>\n\t<meta property=\"og:image:height\" content=\"600\" \/>\n\t<meta property=\"og:image:type\" content=\"image\/jpeg\" \/>\n<meta name=\"twitter:card\" content=\"summary_large_image\" \/>\n<meta name=\"twitter:label1\" content=\"Est. reading time\" \/>\n\t<meta name=\"twitter:data1\" content=\"1 minut\u0117\" \/>\n<script type=\"application\/ld+json\" class=\"yoast-schema-graph\">{\"@context\":\"https:\\\/\\\/schema.org\",\"@graph\":[{\"@type\":\"WebPage\",\"@id\":\"https:\\\/\\\/anivet.lt\\\/elparduotuve\\\/produktas\\\/mervue-veticoal-detoksikuojanti-pasta-katems-ir-sunims-30ml\\\/\",\"url\":\"https:\\\/\\\/anivet.lt\\\/elparduotuve\\\/produktas\\\/mervue-veticoal-detoksikuojanti-pasta-katems-ir-sunims-30ml\\\/\",\"name\":\"Mervue VetiCoal detoksikuojanti pasta kat\u0117ms ir \u0161unims 30ml - anivet.lt\",\"isPartOf\":{\"@id\":\"https:\\\/\\\/anivet.lt\\\/elparduotuve\\\/#website\"},\"primaryImageOfPage\":{\"@id\":\"https:\\\/\\\/anivet.lt\\\/elparduotuve\\\/produktas\\\/mervue-veticoal-detoksikuojanti-pasta-katems-ir-sunims-30ml\\\/#primaryimage\"},\"image\":{\"@id\":\"https:\\\/\\\/anivet.lt\\\/elparduotuve\\\/produktas\\\/mervue-veticoal-detoksikuojanti-pasta-katems-ir-sunims-30ml\\\/#primaryimage\"},\"thumbnailUrl\":\"https:\\\/\\\/anivet.lt\\\/elparduotuve\\\/wp-content\\\/uploads\\\/2026\\\/02\\\/Mervue-VetiCoal-detoksikuojanti-pasta-katems-ir-sunims-30ml.jpg\",\"datePublished\":\"2026-02-24T15:01:03+00:00\",\"description\":\"Mervue VetiCoal \u2013 tai aktyvintos anglies pasta kat\u0117ms ir \u0161unims, skirta vir\u0161kinimo sistemos palaikymui ir nat\u016braliam toksin\u0173 \u0161alinimui i\u0161 organizmo.\",\"breadcrumb\":{\"@id\":\"https:\\\/\\\/anivet.lt\\\/elparduotuve\\\/produktas\\\/mervue-veticoal-detoksikuojanti-pasta-katems-ir-sunims-30ml\\\/#breadcrumb\"},\"inLanguage\":\"lt-LT\",\"potentialAction\":[{\"@type\":\"ReadAction\",\"target\":[\"https:\\\/\\\/anivet.lt\\\/elparduotuve\\\/produktas\\\/mervue-veticoal-detoksikuojanti-pasta-katems-ir-sunims-30ml\\\/\"]}]},{\"@type\":\"ImageObject\",\"inLanguage\":\"lt-LT\",\"@id\":\"https:\\\/\\\/anivet.lt\\\/elparduotuve\\\/produktas\\\/mervue-veticoal-detoksikuojanti-pasta-katems-ir-sunims-30ml\\\/#primaryimage\",\"url\":\"https:\\\/\\\/anivet.lt\\\/elparduotuve\\\/wp-content\\\/uploads\\\/2026\\\/02\\\/Mervue-VetiCoal-detoksikuojanti-pasta-katems-ir-sunims-30ml.jpg\",\"contentUrl\":\"https:\\\/\\\/anivet.lt\\\/elparduotuve\\\/wp-content\\\/uploads\\\/2026\\\/02\\\/Mervue-VetiCoal-detoksikuojanti-pasta-katems-ir-sunims-30ml.jpg\",\"width\":600,\"height\":600,\"caption\":\"Mervue VetiCoal detoksikuojanti pasta kat\u0117ms ir \u0161unims 30ml\"},{\"@type\":\"BreadcrumbList\",\"@id\":\"https:\\\/\\\/anivet.lt\\\/elparduotuve\\\/produktas\\\/mervue-veticoal-detoksikuojanti-pasta-katems-ir-sunims-30ml\\\/#breadcrumb\",\"itemListElement\":[{\"@type\":\"ListItem\",\"position\":1,\"name\":\"Home\",\"item\":\"https:\\\/\\\/anivet.lt\\\/elparduotuve\\\/\"},{\"@type\":\"ListItem\",\"position\":2,\"name\":\"Produktai\",\"item\":\"https:\\\/\\\/anivet.lt\\\/elparduotuve\\\/produktai\\\/\"},{\"@type\":\"ListItem\",\"position\":3,\"name\":\"Mervue VetiCoal detoksikuojanti pasta kat\u0117ms ir \u0161unims 30ml\"}]},{\"@type\":\"WebSite\",\"@id\":\"https:\\\/\\\/anivet.lt\\\/elparduotuve\\\/#website\",\"url\":\"https:\\\/\\\/anivet.lt\\\/elparduotuve\\\/\",\"name\":\"anivet.lt\",\"description\":\"Viskas J\u016bs\u0173 \u0161uns, kat\u0117s prie\u017ei\u016brai\",\"publisher\":{\"@id\":\"https:\\\/\\\/anivet.lt\\\/elparduotuve\\\/#organization\"},\"alternateName\":\"Viskas J\u016bs\u0173 \u0161uns, kat\u0117s prie\u017ei\u016brai\",\"potentialAction\":[{\"@type\":\"SearchAction\",\"target\":{\"@type\":\"EntryPoint\",\"urlTemplate\":\"https:\\\/\\\/anivet.lt\\\/elparduotuve\\\/?s={search_term_string}\"},\"query-input\":{\"@type\":\"PropertyValueSpecification\",\"valueRequired\":true,\"valueName\":\"search_term_string\"}}],\"inLanguage\":\"lt-LT\"},{\"@type\":\"Organization\",\"@id\":\"https:\\\/\\\/anivet.lt\\\/elparduotuve\\\/#organization\",\"name\":\"Viskas J\u016bs\u0173 \u0161uns, kat\u0117s prie\u017ei\u016brai\",\"url\":\"https:\\\/\\\/anivet.lt\\\/elparduotuve\\\/\",\"logo\":{\"@type\":\"ImageObject\",\"inLanguage\":\"lt-LT\",\"@id\":\"https:\\\/\\\/anivet.lt\\\/elparduotuve\\\/#\\\/schema\\\/logo\\\/image\\\/\",\"url\":\"https:\\\/\\\/anivet.lt\\\/elparduotuve\\\/wp-content\\\/uploads\\\/2023\\\/06\\\/logo2.jpg\",\"contentUrl\":\"https:\\\/\\\/anivet.lt\\\/elparduotuve\\\/wp-content\\\/uploads\\\/2023\\\/06\\\/logo2.jpg\",\"width\":655,\"height\":194,\"caption\":\"Viskas J\u016bs\u0173 \u0161uns, kat\u0117s prie\u017ei\u016brai\"},\"image\":{\"@id\":\"https:\\\/\\\/anivet.lt\\\/elparduotuve\\\/#\\\/schema\\\/logo\\\/image\\\/\"}}]}<\/script>\n<!-- \/ Yoast SEO Premium plugin. -->","yoast_head_json":{"title":"Mervue VetiCoal detoksikuojanti pasta kat\u0117ms ir \u0161unims 30ml - anivet.lt","description":"Mervue VetiCoal \u2013 tai aktyvintos anglies pasta kat\u0117ms ir \u0161unims, skirta vir\u0161kinimo sistemos palaikymui ir nat\u016braliam toksin\u0173 \u0161alinimui i\u0161 organizmo.","robots":{"index":"index","follow":"follow","max-snippet":"max-snippet:-1","max-image-preview":"max-image-preview:large","max-video-preview":"max-video-preview:-1"},"canonical":"https:\/\/anivet.lt\/elparduotuve\/produktas\/mervue-veticoal-detoksikuojanti-pasta-katems-ir-sunims-30ml\/","og_locale":"lt_LT","og_type":"article","og_title":"Mervue VetiCoal detoksikuojanti pasta kat\u0117ms ir \u0161unims 30ml","og_description":"Mervue VetiCoal \u2013 tai aktyvintos anglies pasta kat\u0117ms ir \u0161unims, skirta vir\u0161kinimo sistemos palaikymui ir nat\u016braliam toksin\u0173 \u0161alinimui i\u0161 organizmo.","og_url":"https:\/\/anivet.lt\/elparduotuve\/produktas\/mervue-veticoal-detoksikuojanti-pasta-katems-ir-sunims-30ml\/","og_site_name":"anivet.lt","og_image":[{"width":600,"height":600,"url":"https:\/\/anivet.lt\/elparduotuve\/wp-content\/uploads\/2026\/02\/Mervue-VetiCoal-detoksikuojanti-pasta-katems-ir-sunims-30ml.jpg","type":"image\/jpeg"}],"twitter_card":"summary_large_image","twitter_misc":{"Est. reading time":"1 minut\u0117"},"schema":{"@context":"https:\/\/schema.org","@graph":[{"@type":"WebPage","@id":"https:\/\/anivet.lt\/elparduotuve\/produktas\/mervue-veticoal-detoksikuojanti-pasta-katems-ir-sunims-30ml\/","url":"https:\/\/anivet.lt\/elparduotuve\/produktas\/mervue-veticoal-detoksikuojanti-pasta-katems-ir-sunims-30ml\/","name":"Mervue VetiCoal detoksikuojanti pasta kat\u0117ms ir \u0161unims 30ml - anivet.lt","isPartOf":{"@id":"https:\/\/anivet.lt\/elparduotuve\/#website"},"primaryImageOfPage":{"@id":"https:\/\/anivet.lt\/elparduotuve\/produktas\/mervue-veticoal-detoksikuojanti-pasta-katems-ir-sunims-30ml\/#primaryimage"},"image":{"@id":"https:\/\/anivet.lt\/elparduotuve\/produktas\/mervue-veticoal-detoksikuojanti-pasta-katems-ir-sunims-30ml\/#primaryimage"},"thumbnailUrl":"https:\/\/anivet.lt\/elparduotuve\/wp-content\/uploads\/2026\/02\/Mervue-VetiCoal-detoksikuojanti-pasta-katems-ir-sunims-30ml.jpg","datePublished":"2026-02-24T15:01:03+00:00","description":"Mervue VetiCoal \u2013 tai aktyvintos anglies pasta kat\u0117ms ir \u0161unims, skirta vir\u0161kinimo sistemos palaikymui ir nat\u016braliam toksin\u0173 \u0161alinimui i\u0161 organizmo.","breadcrumb":{"@id":"https:\/\/anivet.lt\/elparduotuve\/produktas\/mervue-veticoal-detoksikuojanti-pasta-katems-ir-sunims-30ml\/#breadcrumb"},"inLanguage":"lt-LT","potentialAction":[{"@type":"ReadAction","target":["https:\/\/anivet.lt\/elparduotuve\/produktas\/mervue-veticoal-detoksikuojanti-pasta-katems-ir-sunims-30ml\/"]}]},{"@type":"ImageObject","inLanguage":"lt-LT","@id":"https:\/\/anivet.lt\/elparduotuve\/produktas\/mervue-veticoal-detoksikuojanti-pasta-katems-ir-sunims-30ml\/#primaryimage","url":"https:\/\/anivet.lt\/elparduotuve\/wp-content\/uploads\/2026\/02\/Mervue-VetiCoal-detoksikuojanti-pasta-katems-ir-sunims-30ml.jpg","contentUrl":"https:\/\/anivet.lt\/elparduotuve\/wp-content\/uploads\/2026\/02\/Mervue-VetiCoal-detoksikuojanti-pasta-katems-ir-sunims-30ml.jpg","width":600,"height":600,"caption":"Mervue VetiCoal detoksikuojanti pasta kat\u0117ms ir \u0161unims 30ml"},{"@type":"BreadcrumbList","@id":"https:\/\/anivet.lt\/elparduotuve\/produktas\/mervue-veticoal-detoksikuojanti-pasta-katems-ir-sunims-30ml\/#breadcrumb","itemListElement":[{"@type":"ListItem","position":1,"name":"Home","item":"https:\/\/anivet.lt\/elparduotuve\/"},{"@type":"ListItem","position":2,"name":"Produktai","item":"https:\/\/anivet.lt\/elparduotuve\/produktai\/"},{"@type":"ListItem","position":3,"name":"Mervue VetiCoal detoksikuojanti pasta kat\u0117ms ir \u0161unims 30ml"}]},{"@type":"WebSite","@id":"https:\/\/anivet.lt\/elparduotuve\/#website","url":"https:\/\/anivet.lt\/elparduotuve\/","name":"anivet.lt","description":"Viskas J\u016bs\u0173 \u0161uns, kat\u0117s prie\u017ei\u016brai","publisher":{"@id":"https:\/\/anivet.lt\/elparduotuve\/#organization"},"alternateName":"Viskas J\u016bs\u0173 \u0161uns, kat\u0117s prie\u017ei\u016brai","potentialAction":[{"@type":"SearchAction","target":{"@type":"EntryPoint","urlTemplate":"https:\/\/anivet.lt\/elparduotuve\/?s={search_term_string}"},"query-input":{"@type":"PropertyValueSpecification","valueRequired":true,"valueName":"search_term_string"}}],"inLanguage":"lt-LT"},{"@type":"Organization","@id":"https:\/\/anivet.lt\/elparduotuve\/#organization","name":"Viskas J\u016bs\u0173 \u0161uns, kat\u0117s prie\u017ei\u016brai","url":"https:\/\/anivet.lt\/elparduotuve\/","logo":{"@type":"ImageObject","inLanguage":"lt-LT","@id":"https:\/\/anivet.lt\/elparduotuve\/#\/schema\/logo\/image\/","url":"https:\/\/anivet.lt\/elparduotuve\/wp-content\/uploads\/2023\/06\/logo2.jpg","contentUrl":"https:\/\/anivet.lt\/elparduotuve\/wp-content\/uploads\/2023\/06\/logo2.jpg","width":655,"height":194,"caption":"Viskas J\u016bs\u0173 \u0161uns, kat\u0117s prie\u017ei\u016brai"},"image":{"@id":"https:\/\/anivet.lt\/elparduotuve\/#\/schema\/logo\/image\/"}}]}},"_links":{"self":[{"href":"https:\/\/anivet.lt\/elparduotuve\/wp-json\/wp\/v2\/product\/20392","targetHints":{"allow":["GET"]}}],"collection":[{"href":"https:\/\/anivet.lt\/elparduotuve\/wp-json\/wp\/v2\/product"}],"about":[{"href":"https:\/\/anivet.lt\/elparduotuve\/wp-json\/wp\/v2\/types\/product"}],"wp:featuredmedia":[{"embeddable":true,"href":"https:\/\/anivet.lt\/elparduotuve\/wp-json\/wp\/v2\/media\/20393"}],"wp:attachment":[{"href":"https:\/\/anivet.lt\/elparduotuve\/wp-json\/wp\/v2\/media?parent=20392"}],"wp:term":[{"taxonomy":"product_brand","embeddable":true,"href":"https:\/\/anivet.lt\/elparduotuve\/wp-json\/wp\/v2\/product_brand?post=20392"},{"taxonomy":"product_cat","embeddable":true,"href":"https:\/\/anivet.lt\/elparduotuve\/wp-json\/wp\/v2\/product_cat?post=20392"},{"taxonomy":"product_tag","embeddable":true,"href":"https:\/\/anivet.lt\/elparduotuve\/wp-json\/wp\/v2\/product_tag?post=20392"}],"curies":[{"name":"wp","href":"https:\/\/api.w.org\/{rel}","templated":true}]}}