{"id":20394,"date":"2026-02-24T15:05:54","date_gmt":"2026-02-24T15:05:54","guid":{"rendered":"https:\/\/anivet.lt\/elparduotuve\/?post_type=product&#038;p=20394"},"modified":"2026-02-24T16:13:03","modified_gmt":"2026-02-24T16:13:03","slug":"vetoquinol-bezo-pet-savelas-salinanti-pasta-katems-ir-sunims-120g","status":"publish","type":"product","link":"https:\/\/anivet.lt\/elparduotuve\/produktas\/vetoquinol-bezo-pet-savelas-salinanti-pasta-katems-ir-sunims-120g\/","title":{"rendered":"Vetoquinol Bezo-Pet s\u0105v\u0117las \u0161alinanti pasta kat\u0117ms ir \u0161unims 120g"},"content":{"rendered":"<ul>\n<li>Padeda pa\u0161alinti plauk\u0173 s\u0105v\u0117las i\u0161 vir\u0161kinamojo trakto.<\/li>\n<li>Skatina nevir\u0161kinam\u0173 med\u017eiag\u0173 pasi\u0161alinim\u0105 nat\u016braliu b\u016bdu.<\/li>\n<li>Ma\u017eina v\u0117mimo rizik\u0105 d\u0117l susikaupusi\u0173 plauk\u0173.<\/li>\n<li>Ypa\u010d tinka ilgaplauk\u0117ms ir tik namuose laikomoms kat\u0117ms.<\/li>\n<\/ul>\n","protected":false},"excerpt":{"rendered":"<p>Vetoquinol Bezo-Pet \u2013 tai veiksminga pasta nuo plauk\u0173 kamuoliuk\u0173 kat\u0117ms ir \u0161unims, skirta pad\u0117ti pa\u0161alinti s\u0105v\u0117las bei kitas nevir\u0161kinamas med\u017eiagas i\u0161 vir\u0161kinamojo trakto.<\/p>\n","protected":false},"featured_media":20395,"template":"","meta":[],"product_brand":[],"product_cat":[101,102,113,124],"product_tag":[],"class_list":{"0":"post-20394","1":"product","2":"type-product","3":"status-publish","4":"has-post-thumbnail","6":"product_cat-sunims","7":"product_cat-katems","8":"product_cat-vitaminai-ir-papildai","9":"product_cat-vitaminai-ir-papildai-katems","10":"pa_prekinis-zenklas-vetoquinol","12":"first","13":"instock","14":"taxable","15":"shipping-taxable","16":"purchasable","17":"product-type-simple"},"yoast_head":"<!-- This site is optimized with the Yoast SEO Premium plugin v27.1 (Yoast SEO v27.3) - https:\/\/yoast.com\/product\/yoast-seo-premium-wordpress\/ -->\n<title>Vetoquinol Bezo-Pet s\u0105v\u0117las \u0161alinanti pasta kat\u0117ms ir \u0161unims 120g - anivet.lt<\/title>\n<meta name=\"description\" content=\"Vetoquinol Bezo-Pet \u2013 tai veiksminga pasta nuo plauk\u0173 kamuoliuk\u0173 kat\u0117ms ir \u0161unims, skirta pad\u0117ti pa\u0161alinti s\u0105v\u0117las bei kitas nevir\u0161kinamas med\u017eiagas i\u0161 vir\u0161kinamojo trakto.\" \/>\n<meta name=\"robots\" content=\"index, follow, max-snippet:-1, max-image-preview:large, max-video-preview:-1\" \/>\n<link rel=\"canonical\" href=\"https:\/\/anivet.lt\/elparduotuve\/produktas\/vetoquinol-bezo-pet-savelas-salinanti-pasta-katems-ir-sunims-120g\/\" \/>\n<meta property=\"og:locale\" content=\"lt_LT\" \/>\n<meta property=\"og:type\" content=\"article\" \/>\n<meta property=\"og:title\" content=\"Vetoquinol Bezo-Pet s\u0105v\u0117las \u0161alinanti pasta kat\u0117ms ir \u0161unims 120g\" \/>\n<meta property=\"og:description\" content=\"Vetoquinol Bezo-Pet \u2013 tai veiksminga pasta nuo plauk\u0173 kamuoliuk\u0173 kat\u0117ms ir \u0161unims, skirta pad\u0117ti pa\u0161alinti s\u0105v\u0117las bei kitas nevir\u0161kinamas med\u017eiagas i\u0161 vir\u0161kinamojo trakto.\" \/>\n<meta property=\"og:url\" content=\"https:\/\/anivet.lt\/elparduotuve\/produktas\/vetoquinol-bezo-pet-savelas-salinanti-pasta-katems-ir-sunims-120g\/\" \/>\n<meta property=\"og:site_name\" content=\"anivet.lt\" \/>\n<meta property=\"article:modified_time\" content=\"2026-02-24T16:13:03+00:00\" \/>\n<meta property=\"og:image\" content=\"https:\/\/anivet.lt\/elparduotuve\/wp-content\/uploads\/2026\/02\/Vetoquinol-Bezo-Pet-savelas-salinanti-pasta-katems-ir-sunims-120g.jpg\" \/>\n\t<meta property=\"og:image:width\" content=\"600\" \/>\n\t<meta property=\"og:image:height\" content=\"600\" \/>\n\t<meta property=\"og:image:type\" content=\"image\/jpeg\" \/>\n<meta name=\"twitter:card\" content=\"summary_large_image\" \/>\n<meta name=\"twitter:label1\" content=\"Est. reading time\" \/>\n\t<meta name=\"twitter:data1\" content=\"1 minut\u0117\" \/>\n<script type=\"application\/ld+json\" class=\"yoast-schema-graph\">{\"@context\":\"https:\\\/\\\/schema.org\",\"@graph\":[{\"@type\":\"WebPage\",\"@id\":\"https:\\\/\\\/anivet.lt\\\/elparduotuve\\\/produktas\\\/vetoquinol-bezo-pet-savelas-salinanti-pasta-katems-ir-sunims-120g\\\/\",\"url\":\"https:\\\/\\\/anivet.lt\\\/elparduotuve\\\/produktas\\\/vetoquinol-bezo-pet-savelas-salinanti-pasta-katems-ir-sunims-120g\\\/\",\"name\":\"Vetoquinol Bezo-Pet s\u0105v\u0117las \u0161alinanti pasta kat\u0117ms ir \u0161unims 120g - anivet.lt\",\"isPartOf\":{\"@id\":\"https:\\\/\\\/anivet.lt\\\/elparduotuve\\\/#website\"},\"primaryImageOfPage\":{\"@id\":\"https:\\\/\\\/anivet.lt\\\/elparduotuve\\\/produktas\\\/vetoquinol-bezo-pet-savelas-salinanti-pasta-katems-ir-sunims-120g\\\/#primaryimage\"},\"image\":{\"@id\":\"https:\\\/\\\/anivet.lt\\\/elparduotuve\\\/produktas\\\/vetoquinol-bezo-pet-savelas-salinanti-pasta-katems-ir-sunims-120g\\\/#primaryimage\"},\"thumbnailUrl\":\"https:\\\/\\\/anivet.lt\\\/elparduotuve\\\/wp-content\\\/uploads\\\/2026\\\/02\\\/Vetoquinol-Bezo-Pet-savelas-salinanti-pasta-katems-ir-sunims-120g.jpg\",\"datePublished\":\"2026-02-24T15:05:54+00:00\",\"dateModified\":\"2026-02-24T16:13:03+00:00\",\"description\":\"Vetoquinol Bezo-Pet \u2013 tai veiksminga pasta nuo plauk\u0173 kamuoliuk\u0173 kat\u0117ms ir \u0161unims, skirta pad\u0117ti pa\u0161alinti s\u0105v\u0117las bei kitas nevir\u0161kinamas med\u017eiagas i\u0161 vir\u0161kinamojo trakto.\",\"breadcrumb\":{\"@id\":\"https:\\\/\\\/anivet.lt\\\/elparduotuve\\\/produktas\\\/vetoquinol-bezo-pet-savelas-salinanti-pasta-katems-ir-sunims-120g\\\/#breadcrumb\"},\"inLanguage\":\"lt-LT\",\"potentialAction\":[{\"@type\":\"ReadAction\",\"target\":[\"https:\\\/\\\/anivet.lt\\\/elparduotuve\\\/produktas\\\/vetoquinol-bezo-pet-savelas-salinanti-pasta-katems-ir-sunims-120g\\\/\"]}]},{\"@type\":\"ImageObject\",\"inLanguage\":\"lt-LT\",\"@id\":\"https:\\\/\\\/anivet.lt\\\/elparduotuve\\\/produktas\\\/vetoquinol-bezo-pet-savelas-salinanti-pasta-katems-ir-sunims-120g\\\/#primaryimage\",\"url\":\"https:\\\/\\\/anivet.lt\\\/elparduotuve\\\/wp-content\\\/uploads\\\/2026\\\/02\\\/Vetoquinol-Bezo-Pet-savelas-salinanti-pasta-katems-ir-sunims-120g.jpg\",\"contentUrl\":\"https:\\\/\\\/anivet.lt\\\/elparduotuve\\\/wp-content\\\/uploads\\\/2026\\\/02\\\/Vetoquinol-Bezo-Pet-savelas-salinanti-pasta-katems-ir-sunims-120g.jpg\",\"width\":600,\"height\":600,\"caption\":\"Vetoquinol Bezo-Pet s\u0105v\u0117las \u0161alinanti pasta kat\u0117ms ir \u0161unims 120g\"},{\"@type\":\"BreadcrumbList\",\"@id\":\"https:\\\/\\\/anivet.lt\\\/elparduotuve\\\/produktas\\\/vetoquinol-bezo-pet-savelas-salinanti-pasta-katems-ir-sunims-120g\\\/#breadcrumb\",\"itemListElement\":[{\"@type\":\"ListItem\",\"position\":1,\"name\":\"Home\",\"item\":\"https:\\\/\\\/anivet.lt\\\/elparduotuve\\\/\"},{\"@type\":\"ListItem\",\"position\":2,\"name\":\"Produktai\",\"item\":\"https:\\\/\\\/anivet.lt\\\/elparduotuve\\\/produktai\\\/\"},{\"@type\":\"ListItem\",\"position\":3,\"name\":\"Vetoquinol Bezo-Pet s\u0105v\u0117las \u0161alinanti pasta kat\u0117ms ir \u0161unims 120g\"}]},{\"@type\":\"WebSite\",\"@id\":\"https:\\\/\\\/anivet.lt\\\/elparduotuve\\\/#website\",\"url\":\"https:\\\/\\\/anivet.lt\\\/elparduotuve\\\/\",\"name\":\"anivet.lt\",\"description\":\"Viskas J\u016bs\u0173 \u0161uns, kat\u0117s prie\u017ei\u016brai\",\"publisher\":{\"@id\":\"https:\\\/\\\/anivet.lt\\\/elparduotuve\\\/#organization\"},\"alternateName\":\"Viskas J\u016bs\u0173 \u0161uns, kat\u0117s prie\u017ei\u016brai\",\"potentialAction\":[{\"@type\":\"SearchAction\",\"target\":{\"@type\":\"EntryPoint\",\"urlTemplate\":\"https:\\\/\\\/anivet.lt\\\/elparduotuve\\\/?s={search_term_string}\"},\"query-input\":{\"@type\":\"PropertyValueSpecification\",\"valueRequired\":true,\"valueName\":\"search_term_string\"}}],\"inLanguage\":\"lt-LT\"},{\"@type\":\"Organization\",\"@id\":\"https:\\\/\\\/anivet.lt\\\/elparduotuve\\\/#organization\",\"name\":\"Viskas J\u016bs\u0173 \u0161uns, kat\u0117s prie\u017ei\u016brai\",\"url\":\"https:\\\/\\\/anivet.lt\\\/elparduotuve\\\/\",\"logo\":{\"@type\":\"ImageObject\",\"inLanguage\":\"lt-LT\",\"@id\":\"https:\\\/\\\/anivet.lt\\\/elparduotuve\\\/#\\\/schema\\\/logo\\\/image\\\/\",\"url\":\"https:\\\/\\\/anivet.lt\\\/elparduotuve\\\/wp-content\\\/uploads\\\/2023\\\/06\\\/logo2.jpg\",\"contentUrl\":\"https:\\\/\\\/anivet.lt\\\/elparduotuve\\\/wp-content\\\/uploads\\\/2023\\\/06\\\/logo2.jpg\",\"width\":655,\"height\":194,\"caption\":\"Viskas J\u016bs\u0173 \u0161uns, kat\u0117s prie\u017ei\u016brai\"},\"image\":{\"@id\":\"https:\\\/\\\/anivet.lt\\\/elparduotuve\\\/#\\\/schema\\\/logo\\\/image\\\/\"}}]}<\/script>\n<!-- \/ Yoast SEO Premium plugin. -->","yoast_head_json":{"title":"Vetoquinol Bezo-Pet s\u0105v\u0117las \u0161alinanti pasta kat\u0117ms ir \u0161unims 120g - anivet.lt","description":"Vetoquinol Bezo-Pet \u2013 tai veiksminga pasta nuo plauk\u0173 kamuoliuk\u0173 kat\u0117ms ir \u0161unims, skirta pad\u0117ti pa\u0161alinti s\u0105v\u0117las bei kitas nevir\u0161kinamas med\u017eiagas i\u0161 vir\u0161kinamojo trakto.","robots":{"index":"index","follow":"follow","max-snippet":"max-snippet:-1","max-image-preview":"max-image-preview:large","max-video-preview":"max-video-preview:-1"},"canonical":"https:\/\/anivet.lt\/elparduotuve\/produktas\/vetoquinol-bezo-pet-savelas-salinanti-pasta-katems-ir-sunims-120g\/","og_locale":"lt_LT","og_type":"article","og_title":"Vetoquinol Bezo-Pet s\u0105v\u0117las \u0161alinanti pasta kat\u0117ms ir \u0161unims 120g","og_description":"Vetoquinol Bezo-Pet \u2013 tai veiksminga pasta nuo plauk\u0173 kamuoliuk\u0173 kat\u0117ms ir \u0161unims, skirta pad\u0117ti pa\u0161alinti s\u0105v\u0117las bei kitas nevir\u0161kinamas med\u017eiagas i\u0161 vir\u0161kinamojo trakto.","og_url":"https:\/\/anivet.lt\/elparduotuve\/produktas\/vetoquinol-bezo-pet-savelas-salinanti-pasta-katems-ir-sunims-120g\/","og_site_name":"anivet.lt","article_modified_time":"2026-02-24T16:13:03+00:00","og_image":[{"width":600,"height":600,"url":"https:\/\/anivet.lt\/elparduotuve\/wp-content\/uploads\/2026\/02\/Vetoquinol-Bezo-Pet-savelas-salinanti-pasta-katems-ir-sunims-120g.jpg","type":"image\/jpeg"}],"twitter_card":"summary_large_image","twitter_misc":{"Est. reading time":"1 minut\u0117"},"schema":{"@context":"https:\/\/schema.org","@graph":[{"@type":"WebPage","@id":"https:\/\/anivet.lt\/elparduotuve\/produktas\/vetoquinol-bezo-pet-savelas-salinanti-pasta-katems-ir-sunims-120g\/","url":"https:\/\/anivet.lt\/elparduotuve\/produktas\/vetoquinol-bezo-pet-savelas-salinanti-pasta-katems-ir-sunims-120g\/","name":"Vetoquinol Bezo-Pet s\u0105v\u0117las \u0161alinanti pasta kat\u0117ms ir \u0161unims 120g - anivet.lt","isPartOf":{"@id":"https:\/\/anivet.lt\/elparduotuve\/#website"},"primaryImageOfPage":{"@id":"https:\/\/anivet.lt\/elparduotuve\/produktas\/vetoquinol-bezo-pet-savelas-salinanti-pasta-katems-ir-sunims-120g\/#primaryimage"},"image":{"@id":"https:\/\/anivet.lt\/elparduotuve\/produktas\/vetoquinol-bezo-pet-savelas-salinanti-pasta-katems-ir-sunims-120g\/#primaryimage"},"thumbnailUrl":"https:\/\/anivet.lt\/elparduotuve\/wp-content\/uploads\/2026\/02\/Vetoquinol-Bezo-Pet-savelas-salinanti-pasta-katems-ir-sunims-120g.jpg","datePublished":"2026-02-24T15:05:54+00:00","dateModified":"2026-02-24T16:13:03+00:00","description":"Vetoquinol Bezo-Pet \u2013 tai veiksminga pasta nuo plauk\u0173 kamuoliuk\u0173 kat\u0117ms ir \u0161unims, skirta pad\u0117ti pa\u0161alinti s\u0105v\u0117las bei kitas nevir\u0161kinamas med\u017eiagas i\u0161 vir\u0161kinamojo trakto.","breadcrumb":{"@id":"https:\/\/anivet.lt\/elparduotuve\/produktas\/vetoquinol-bezo-pet-savelas-salinanti-pasta-katems-ir-sunims-120g\/#breadcrumb"},"inLanguage":"lt-LT","potentialAction":[{"@type":"ReadAction","target":["https:\/\/anivet.lt\/elparduotuve\/produktas\/vetoquinol-bezo-pet-savelas-salinanti-pasta-katems-ir-sunims-120g\/"]}]},{"@type":"ImageObject","inLanguage":"lt-LT","@id":"https:\/\/anivet.lt\/elparduotuve\/produktas\/vetoquinol-bezo-pet-savelas-salinanti-pasta-katems-ir-sunims-120g\/#primaryimage","url":"https:\/\/anivet.lt\/elparduotuve\/wp-content\/uploads\/2026\/02\/Vetoquinol-Bezo-Pet-savelas-salinanti-pasta-katems-ir-sunims-120g.jpg","contentUrl":"https:\/\/anivet.lt\/elparduotuve\/wp-content\/uploads\/2026\/02\/Vetoquinol-Bezo-Pet-savelas-salinanti-pasta-katems-ir-sunims-120g.jpg","width":600,"height":600,"caption":"Vetoquinol Bezo-Pet s\u0105v\u0117las \u0161alinanti pasta kat\u0117ms ir \u0161unims 120g"},{"@type":"BreadcrumbList","@id":"https:\/\/anivet.lt\/elparduotuve\/produktas\/vetoquinol-bezo-pet-savelas-salinanti-pasta-katems-ir-sunims-120g\/#breadcrumb","itemListElement":[{"@type":"ListItem","position":1,"name":"Home","item":"https:\/\/anivet.lt\/elparduotuve\/"},{"@type":"ListItem","position":2,"name":"Produktai","item":"https:\/\/anivet.lt\/elparduotuve\/produktai\/"},{"@type":"ListItem","position":3,"name":"Vetoquinol Bezo-Pet s\u0105v\u0117las \u0161alinanti pasta kat\u0117ms ir \u0161unims 120g"}]},{"@type":"WebSite","@id":"https:\/\/anivet.lt\/elparduotuve\/#website","url":"https:\/\/anivet.lt\/elparduotuve\/","name":"anivet.lt","description":"Viskas J\u016bs\u0173 \u0161uns, kat\u0117s prie\u017ei\u016brai","publisher":{"@id":"https:\/\/anivet.lt\/elparduotuve\/#organization"},"alternateName":"Viskas J\u016bs\u0173 \u0161uns, kat\u0117s prie\u017ei\u016brai","potentialAction":[{"@type":"SearchAction","target":{"@type":"EntryPoint","urlTemplate":"https:\/\/anivet.lt\/elparduotuve\/?s={search_term_string}"},"query-input":{"@type":"PropertyValueSpecification","valueRequired":true,"valueName":"search_term_string"}}],"inLanguage":"lt-LT"},{"@type":"Organization","@id":"https:\/\/anivet.lt\/elparduotuve\/#organization","name":"Viskas J\u016bs\u0173 \u0161uns, kat\u0117s prie\u017ei\u016brai","url":"https:\/\/anivet.lt\/elparduotuve\/","logo":{"@type":"ImageObject","inLanguage":"lt-LT","@id":"https:\/\/anivet.lt\/elparduotuve\/#\/schema\/logo\/image\/","url":"https:\/\/anivet.lt\/elparduotuve\/wp-content\/uploads\/2023\/06\/logo2.jpg","contentUrl":"https:\/\/anivet.lt\/elparduotuve\/wp-content\/uploads\/2023\/06\/logo2.jpg","width":655,"height":194,"caption":"Viskas J\u016bs\u0173 \u0161uns, kat\u0117s prie\u017ei\u016brai"},"image":{"@id":"https:\/\/anivet.lt\/elparduotuve\/#\/schema\/logo\/image\/"}}]}},"_links":{"self":[{"href":"https:\/\/anivet.lt\/elparduotuve\/wp-json\/wp\/v2\/product\/20394","targetHints":{"allow":["GET"]}}],"collection":[{"href":"https:\/\/anivet.lt\/elparduotuve\/wp-json\/wp\/v2\/product"}],"about":[{"href":"https:\/\/anivet.lt\/elparduotuve\/wp-json\/wp\/v2\/types\/product"}],"wp:featuredmedia":[{"embeddable":true,"href":"https:\/\/anivet.lt\/elparduotuve\/wp-json\/wp\/v2\/media\/20395"}],"wp:attachment":[{"href":"https:\/\/anivet.lt\/elparduotuve\/wp-json\/wp\/v2\/media?parent=20394"}],"wp:term":[{"taxonomy":"product_brand","embeddable":true,"href":"https:\/\/anivet.lt\/elparduotuve\/wp-json\/wp\/v2\/product_brand?post=20394"},{"taxonomy":"product_cat","embeddable":true,"href":"https:\/\/anivet.lt\/elparduotuve\/wp-json\/wp\/v2\/product_cat?post=20394"},{"taxonomy":"product_tag","embeddable":true,"href":"https:\/\/anivet.lt\/elparduotuve\/wp-json\/wp\/v2\/product_tag?post=20394"}],"curies":[{"name":"wp","href":"https:\/\/api.w.org\/{rel}","templated":true}]}}