{"id":20396,"date":"2026-02-24T15:22:16","date_gmt":"2026-02-24T15:22:16","guid":{"rendered":"https:\/\/anivet.lt\/elparduotuve\/?post_type=product&#038;p=20396"},"modified":"2026-02-24T15:22:16","modified_gmt":"2026-02-24T15:22:16","slug":"mervue-supercoat-suniukams-ir-sunims-su-dozatoriumi-150ml","status":"publish","type":"product","link":"https:\/\/anivet.lt\/elparduotuve\/produktas\/mervue-supercoat-suniukams-ir-sunims-su-dozatoriumi-150ml\/","title":{"rendered":"Mervue SuperCoat \u0161uniukams ir \u0161unims su dozatoriumi 150ml"},"content":{"rendered":"<ul>\n<li>Tinka \u0161unims ir \u0161uniukams nuo 12 savai\u010di\u0173 am\u017eiaus.<\/li>\n<li>Rekomenduojama augintiniams, kuri\u0173 oda ir kailis yra pa\u017eeisti d\u0117l netinkamos mitybos, alergij\u0173, odos infekcij\u0173, blus\u0173 ar erki\u0173 \u012fkandim\u0173, taip pat esant sausai, pleiskanojan\u010diai ar skilin\u0117jan\u010diai odai.<\/li>\n<li>Padeda palaikyti sveik\u0105 od\u0105 ir tank\u0173, blizgant\u012f kail\u012f.<\/li>\n<li>Stiprina nat\u016bral\u0173 odos apsaugin\u012f barjer\u0105.<\/li>\n<li>Skatina stipri\u0173 ir sveik\u0173 plauk\u0173 augim\u0105.<\/li>\n<li>Maitina od\u0105 i\u0161 vidaus.<\/li>\n<li>Dr\u0117kina, ramina sudirgusi\u0105 ir nie\u017etin\u010di\u0105 od\u0105.<\/li>\n<\/ul>\n","protected":false},"excerpt":{"rendered":"<p>Mervue SuperCoat Liquid for Dogs &amp; Puppies \u2013 tai auk\u0161tos kokyb\u0117s skysto pavidalo papildai \u0161unims ir \u0161uniukams odai ir kailiui, skirti palaikyti sveik\u0105 odos b\u016bkl\u0119 bei \u017evilgant\u012f, stipr\u0173 kail\u012f. Gardi pasta lengvai \u012fmai\u0161oma \u012f kasdien\u012f augintinio pa\u0161ar\u0105.<\/p>\n","protected":false},"featured_media":20397,"template":"","meta":[],"product_brand":[],"product_cat":[101,113],"product_tag":[],"class_list":{"0":"post-20396","1":"product","2":"type-product","3":"status-publish","4":"has-post-thumbnail","6":"product_cat-sunims","7":"product_cat-vitaminai-ir-papildai","8":"pa_prekinis-zenklas-mervue","10":"first","11":"instock","12":"taxable","13":"shipping-taxable","14":"purchasable","15":"product-type-simple"},"yoast_head":"<!-- This site is optimized with the Yoast SEO Premium plugin v27.1 (Yoast SEO v27.3) - https:\/\/yoast.com\/product\/yoast-seo-premium-wordpress\/ -->\n<title>Mervue SuperCoat \u0161uniukams ir \u0161unims su dozatoriumi 150ml - anivet.lt<\/title>\n<meta name=\"description\" content=\"Mervue SuperCoat Liquid for Dogs &amp; Puppies \u2013 tai auk\u0161tos kokyb\u0117s skysto pavidalo papildai \u0161unims ir \u0161uniukams odai ir kailiui, skirti palaikyti sveik\u0105 odos b\u016bkl\u0119 bei \u017evilgant\u012f, stipr\u0173 kail\u012f. Gardi pasta lengvai \u012fmai\u0161oma \u012f kasdien\u012f augintinio pa\u0161ar\u0105.\" \/>\n<meta name=\"robots\" content=\"index, follow, max-snippet:-1, max-image-preview:large, max-video-preview:-1\" \/>\n<link rel=\"canonical\" href=\"https:\/\/anivet.lt\/elparduotuve\/produktas\/mervue-supercoat-suniukams-ir-sunims-su-dozatoriumi-150ml\/\" \/>\n<meta property=\"og:locale\" content=\"lt_LT\" \/>\n<meta property=\"og:type\" content=\"article\" \/>\n<meta property=\"og:title\" content=\"Mervue SuperCoat \u0161uniukams ir \u0161unims su dozatoriumi 150ml\" \/>\n<meta property=\"og:description\" content=\"Mervue SuperCoat Liquid for Dogs &amp; Puppies \u2013 tai auk\u0161tos kokyb\u0117s skysto pavidalo papildai \u0161unims ir \u0161uniukams odai ir kailiui, skirti palaikyti sveik\u0105 odos b\u016bkl\u0119 bei \u017evilgant\u012f, stipr\u0173 kail\u012f. Gardi pasta lengvai \u012fmai\u0161oma \u012f kasdien\u012f augintinio pa\u0161ar\u0105.\" \/>\n<meta property=\"og:url\" content=\"https:\/\/anivet.lt\/elparduotuve\/produktas\/mervue-supercoat-suniukams-ir-sunims-su-dozatoriumi-150ml\/\" \/>\n<meta property=\"og:site_name\" content=\"anivet.lt\" \/>\n<meta property=\"og:image\" content=\"https:\/\/anivet.lt\/elparduotuve\/wp-content\/uploads\/2026\/02\/Mervue-SuperCoat-suniukams-ir-sunims-su-dozatoriumi-150ml.jpg\" \/>\n\t<meta property=\"og:image:width\" content=\"600\" \/>\n\t<meta property=\"og:image:height\" content=\"600\" \/>\n\t<meta property=\"og:image:type\" content=\"image\/jpeg\" \/>\n<meta name=\"twitter:card\" content=\"summary_large_image\" \/>\n<meta name=\"twitter:label1\" content=\"Est. reading time\" \/>\n\t<meta name=\"twitter:data1\" content=\"1 minut\u0117\" \/>\n<script type=\"application\/ld+json\" class=\"yoast-schema-graph\">{\"@context\":\"https:\\\/\\\/schema.org\",\"@graph\":[{\"@type\":\"WebPage\",\"@id\":\"https:\\\/\\\/anivet.lt\\\/elparduotuve\\\/produktas\\\/mervue-supercoat-suniukams-ir-sunims-su-dozatoriumi-150ml\\\/\",\"url\":\"https:\\\/\\\/anivet.lt\\\/elparduotuve\\\/produktas\\\/mervue-supercoat-suniukams-ir-sunims-su-dozatoriumi-150ml\\\/\",\"name\":\"Mervue SuperCoat \u0161uniukams ir \u0161unims su dozatoriumi 150ml - anivet.lt\",\"isPartOf\":{\"@id\":\"https:\\\/\\\/anivet.lt\\\/elparduotuve\\\/#website\"},\"primaryImageOfPage\":{\"@id\":\"https:\\\/\\\/anivet.lt\\\/elparduotuve\\\/produktas\\\/mervue-supercoat-suniukams-ir-sunims-su-dozatoriumi-150ml\\\/#primaryimage\"},\"image\":{\"@id\":\"https:\\\/\\\/anivet.lt\\\/elparduotuve\\\/produktas\\\/mervue-supercoat-suniukams-ir-sunims-su-dozatoriumi-150ml\\\/#primaryimage\"},\"thumbnailUrl\":\"https:\\\/\\\/anivet.lt\\\/elparduotuve\\\/wp-content\\\/uploads\\\/2026\\\/02\\\/Mervue-SuperCoat-suniukams-ir-sunims-su-dozatoriumi-150ml.jpg\",\"datePublished\":\"2026-02-24T15:22:16+00:00\",\"description\":\"Mervue SuperCoat Liquid for Dogs &amp; Puppies \u2013 tai auk\u0161tos kokyb\u0117s skysto pavidalo papildai \u0161unims ir \u0161uniukams odai ir kailiui, skirti palaikyti sveik\u0105 odos b\u016bkl\u0119 bei \u017evilgant\u012f, stipr\u0173 kail\u012f. Gardi pasta lengvai \u012fmai\u0161oma \u012f kasdien\u012f augintinio pa\u0161ar\u0105.\",\"breadcrumb\":{\"@id\":\"https:\\\/\\\/anivet.lt\\\/elparduotuve\\\/produktas\\\/mervue-supercoat-suniukams-ir-sunims-su-dozatoriumi-150ml\\\/#breadcrumb\"},\"inLanguage\":\"lt-LT\",\"potentialAction\":[{\"@type\":\"ReadAction\",\"target\":[\"https:\\\/\\\/anivet.lt\\\/elparduotuve\\\/produktas\\\/mervue-supercoat-suniukams-ir-sunims-su-dozatoriumi-150ml\\\/\"]}]},{\"@type\":\"ImageObject\",\"inLanguage\":\"lt-LT\",\"@id\":\"https:\\\/\\\/anivet.lt\\\/elparduotuve\\\/produktas\\\/mervue-supercoat-suniukams-ir-sunims-su-dozatoriumi-150ml\\\/#primaryimage\",\"url\":\"https:\\\/\\\/anivet.lt\\\/elparduotuve\\\/wp-content\\\/uploads\\\/2026\\\/02\\\/Mervue-SuperCoat-suniukams-ir-sunims-su-dozatoriumi-150ml.jpg\",\"contentUrl\":\"https:\\\/\\\/anivet.lt\\\/elparduotuve\\\/wp-content\\\/uploads\\\/2026\\\/02\\\/Mervue-SuperCoat-suniukams-ir-sunims-su-dozatoriumi-150ml.jpg\",\"width\":600,\"height\":600},{\"@type\":\"BreadcrumbList\",\"@id\":\"https:\\\/\\\/anivet.lt\\\/elparduotuve\\\/produktas\\\/mervue-supercoat-suniukams-ir-sunims-su-dozatoriumi-150ml\\\/#breadcrumb\",\"itemListElement\":[{\"@type\":\"ListItem\",\"position\":1,\"name\":\"Home\",\"item\":\"https:\\\/\\\/anivet.lt\\\/elparduotuve\\\/\"},{\"@type\":\"ListItem\",\"position\":2,\"name\":\"Produktai\",\"item\":\"https:\\\/\\\/anivet.lt\\\/elparduotuve\\\/produktai\\\/\"},{\"@type\":\"ListItem\",\"position\":3,\"name\":\"Mervue SuperCoat \u0161uniukams ir \u0161unims su dozatoriumi 150ml\"}]},{\"@type\":\"WebSite\",\"@id\":\"https:\\\/\\\/anivet.lt\\\/elparduotuve\\\/#website\",\"url\":\"https:\\\/\\\/anivet.lt\\\/elparduotuve\\\/\",\"name\":\"anivet.lt\",\"description\":\"Viskas J\u016bs\u0173 \u0161uns, kat\u0117s prie\u017ei\u016brai\",\"publisher\":{\"@id\":\"https:\\\/\\\/anivet.lt\\\/elparduotuve\\\/#organization\"},\"alternateName\":\"Viskas J\u016bs\u0173 \u0161uns, kat\u0117s prie\u017ei\u016brai\",\"potentialAction\":[{\"@type\":\"SearchAction\",\"target\":{\"@type\":\"EntryPoint\",\"urlTemplate\":\"https:\\\/\\\/anivet.lt\\\/elparduotuve\\\/?s={search_term_string}\"},\"query-input\":{\"@type\":\"PropertyValueSpecification\",\"valueRequired\":true,\"valueName\":\"search_term_string\"}}],\"inLanguage\":\"lt-LT\"},{\"@type\":\"Organization\",\"@id\":\"https:\\\/\\\/anivet.lt\\\/elparduotuve\\\/#organization\",\"name\":\"Viskas J\u016bs\u0173 \u0161uns, kat\u0117s prie\u017ei\u016brai\",\"url\":\"https:\\\/\\\/anivet.lt\\\/elparduotuve\\\/\",\"logo\":{\"@type\":\"ImageObject\",\"inLanguage\":\"lt-LT\",\"@id\":\"https:\\\/\\\/anivet.lt\\\/elparduotuve\\\/#\\\/schema\\\/logo\\\/image\\\/\",\"url\":\"https:\\\/\\\/anivet.lt\\\/elparduotuve\\\/wp-content\\\/uploads\\\/2023\\\/06\\\/logo2.jpg\",\"contentUrl\":\"https:\\\/\\\/anivet.lt\\\/elparduotuve\\\/wp-content\\\/uploads\\\/2023\\\/06\\\/logo2.jpg\",\"width\":655,\"height\":194,\"caption\":\"Viskas J\u016bs\u0173 \u0161uns, kat\u0117s prie\u017ei\u016brai\"},\"image\":{\"@id\":\"https:\\\/\\\/anivet.lt\\\/elparduotuve\\\/#\\\/schema\\\/logo\\\/image\\\/\"}}]}<\/script>\n<!-- \/ Yoast SEO Premium plugin. -->","yoast_head_json":{"title":"Mervue SuperCoat \u0161uniukams ir \u0161unims su dozatoriumi 150ml - anivet.lt","description":"Mervue SuperCoat Liquid for Dogs &amp; Puppies \u2013 tai auk\u0161tos kokyb\u0117s skysto pavidalo papildai \u0161unims ir \u0161uniukams odai ir kailiui, skirti palaikyti sveik\u0105 odos b\u016bkl\u0119 bei \u017evilgant\u012f, stipr\u0173 kail\u012f. Gardi pasta lengvai \u012fmai\u0161oma \u012f kasdien\u012f augintinio pa\u0161ar\u0105.","robots":{"index":"index","follow":"follow","max-snippet":"max-snippet:-1","max-image-preview":"max-image-preview:large","max-video-preview":"max-video-preview:-1"},"canonical":"https:\/\/anivet.lt\/elparduotuve\/produktas\/mervue-supercoat-suniukams-ir-sunims-su-dozatoriumi-150ml\/","og_locale":"lt_LT","og_type":"article","og_title":"Mervue SuperCoat \u0161uniukams ir \u0161unims su dozatoriumi 150ml","og_description":"Mervue SuperCoat Liquid for Dogs &amp; Puppies \u2013 tai auk\u0161tos kokyb\u0117s skysto pavidalo papildai \u0161unims ir \u0161uniukams odai ir kailiui, skirti palaikyti sveik\u0105 odos b\u016bkl\u0119 bei \u017evilgant\u012f, stipr\u0173 kail\u012f. Gardi pasta lengvai \u012fmai\u0161oma \u012f kasdien\u012f augintinio pa\u0161ar\u0105.","og_url":"https:\/\/anivet.lt\/elparduotuve\/produktas\/mervue-supercoat-suniukams-ir-sunims-su-dozatoriumi-150ml\/","og_site_name":"anivet.lt","og_image":[{"width":600,"height":600,"url":"https:\/\/anivet.lt\/elparduotuve\/wp-content\/uploads\/2026\/02\/Mervue-SuperCoat-suniukams-ir-sunims-su-dozatoriumi-150ml.jpg","type":"image\/jpeg"}],"twitter_card":"summary_large_image","twitter_misc":{"Est. reading time":"1 minut\u0117"},"schema":{"@context":"https:\/\/schema.org","@graph":[{"@type":"WebPage","@id":"https:\/\/anivet.lt\/elparduotuve\/produktas\/mervue-supercoat-suniukams-ir-sunims-su-dozatoriumi-150ml\/","url":"https:\/\/anivet.lt\/elparduotuve\/produktas\/mervue-supercoat-suniukams-ir-sunims-su-dozatoriumi-150ml\/","name":"Mervue SuperCoat \u0161uniukams ir \u0161unims su dozatoriumi 150ml - anivet.lt","isPartOf":{"@id":"https:\/\/anivet.lt\/elparduotuve\/#website"},"primaryImageOfPage":{"@id":"https:\/\/anivet.lt\/elparduotuve\/produktas\/mervue-supercoat-suniukams-ir-sunims-su-dozatoriumi-150ml\/#primaryimage"},"image":{"@id":"https:\/\/anivet.lt\/elparduotuve\/produktas\/mervue-supercoat-suniukams-ir-sunims-su-dozatoriumi-150ml\/#primaryimage"},"thumbnailUrl":"https:\/\/anivet.lt\/elparduotuve\/wp-content\/uploads\/2026\/02\/Mervue-SuperCoat-suniukams-ir-sunims-su-dozatoriumi-150ml.jpg","datePublished":"2026-02-24T15:22:16+00:00","description":"Mervue SuperCoat Liquid for Dogs &amp; Puppies \u2013 tai auk\u0161tos kokyb\u0117s skysto pavidalo papildai \u0161unims ir \u0161uniukams odai ir kailiui, skirti palaikyti sveik\u0105 odos b\u016bkl\u0119 bei \u017evilgant\u012f, stipr\u0173 kail\u012f. Gardi pasta lengvai \u012fmai\u0161oma \u012f kasdien\u012f augintinio pa\u0161ar\u0105.","breadcrumb":{"@id":"https:\/\/anivet.lt\/elparduotuve\/produktas\/mervue-supercoat-suniukams-ir-sunims-su-dozatoriumi-150ml\/#breadcrumb"},"inLanguage":"lt-LT","potentialAction":[{"@type":"ReadAction","target":["https:\/\/anivet.lt\/elparduotuve\/produktas\/mervue-supercoat-suniukams-ir-sunims-su-dozatoriumi-150ml\/"]}]},{"@type":"ImageObject","inLanguage":"lt-LT","@id":"https:\/\/anivet.lt\/elparduotuve\/produktas\/mervue-supercoat-suniukams-ir-sunims-su-dozatoriumi-150ml\/#primaryimage","url":"https:\/\/anivet.lt\/elparduotuve\/wp-content\/uploads\/2026\/02\/Mervue-SuperCoat-suniukams-ir-sunims-su-dozatoriumi-150ml.jpg","contentUrl":"https:\/\/anivet.lt\/elparduotuve\/wp-content\/uploads\/2026\/02\/Mervue-SuperCoat-suniukams-ir-sunims-su-dozatoriumi-150ml.jpg","width":600,"height":600},{"@type":"BreadcrumbList","@id":"https:\/\/anivet.lt\/elparduotuve\/produktas\/mervue-supercoat-suniukams-ir-sunims-su-dozatoriumi-150ml\/#breadcrumb","itemListElement":[{"@type":"ListItem","position":1,"name":"Home","item":"https:\/\/anivet.lt\/elparduotuve\/"},{"@type":"ListItem","position":2,"name":"Produktai","item":"https:\/\/anivet.lt\/elparduotuve\/produktai\/"},{"@type":"ListItem","position":3,"name":"Mervue SuperCoat \u0161uniukams ir \u0161unims su dozatoriumi 150ml"}]},{"@type":"WebSite","@id":"https:\/\/anivet.lt\/elparduotuve\/#website","url":"https:\/\/anivet.lt\/elparduotuve\/","name":"anivet.lt","description":"Viskas J\u016bs\u0173 \u0161uns, kat\u0117s prie\u017ei\u016brai","publisher":{"@id":"https:\/\/anivet.lt\/elparduotuve\/#organization"},"alternateName":"Viskas J\u016bs\u0173 \u0161uns, kat\u0117s prie\u017ei\u016brai","potentialAction":[{"@type":"SearchAction","target":{"@type":"EntryPoint","urlTemplate":"https:\/\/anivet.lt\/elparduotuve\/?s={search_term_string}"},"query-input":{"@type":"PropertyValueSpecification","valueRequired":true,"valueName":"search_term_string"}}],"inLanguage":"lt-LT"},{"@type":"Organization","@id":"https:\/\/anivet.lt\/elparduotuve\/#organization","name":"Viskas J\u016bs\u0173 \u0161uns, kat\u0117s prie\u017ei\u016brai","url":"https:\/\/anivet.lt\/elparduotuve\/","logo":{"@type":"ImageObject","inLanguage":"lt-LT","@id":"https:\/\/anivet.lt\/elparduotuve\/#\/schema\/logo\/image\/","url":"https:\/\/anivet.lt\/elparduotuve\/wp-content\/uploads\/2023\/06\/logo2.jpg","contentUrl":"https:\/\/anivet.lt\/elparduotuve\/wp-content\/uploads\/2023\/06\/logo2.jpg","width":655,"height":194,"caption":"Viskas J\u016bs\u0173 \u0161uns, kat\u0117s prie\u017ei\u016brai"},"image":{"@id":"https:\/\/anivet.lt\/elparduotuve\/#\/schema\/logo\/image\/"}}]}},"_links":{"self":[{"href":"https:\/\/anivet.lt\/elparduotuve\/wp-json\/wp\/v2\/product\/20396","targetHints":{"allow":["GET"]}}],"collection":[{"href":"https:\/\/anivet.lt\/elparduotuve\/wp-json\/wp\/v2\/product"}],"about":[{"href":"https:\/\/anivet.lt\/elparduotuve\/wp-json\/wp\/v2\/types\/product"}],"wp:featuredmedia":[{"embeddable":true,"href":"https:\/\/anivet.lt\/elparduotuve\/wp-json\/wp\/v2\/media\/20397"}],"wp:attachment":[{"href":"https:\/\/anivet.lt\/elparduotuve\/wp-json\/wp\/v2\/media?parent=20396"}],"wp:term":[{"taxonomy":"product_brand","embeddable":true,"href":"https:\/\/anivet.lt\/elparduotuve\/wp-json\/wp\/v2\/product_brand?post=20396"},{"taxonomy":"product_cat","embeddable":true,"href":"https:\/\/anivet.lt\/elparduotuve\/wp-json\/wp\/v2\/product_cat?post=20396"},{"taxonomy":"product_tag","embeddable":true,"href":"https:\/\/anivet.lt\/elparduotuve\/wp-json\/wp\/v2\/product_tag?post=20396"}],"curies":[{"name":"wp","href":"https:\/\/api.w.org\/{rel}","templated":true}]}}