{"id":20457,"date":"2026-03-04T21:48:17","date_gmt":"2026-03-04T21:48:17","guid":{"rendered":"https:\/\/anivet.lt\/elparduotuve\/?post_type=product&#038;p=20457"},"modified":"2026-04-16T09:49:55","modified_gmt":"2026-04-16T09:49:55","slug":"specific-ckd-hy-pasaras-sunims-turintiems-sirdies-ir-inkstu-problemu-12kg","status":"publish","type":"product","link":"https:\/\/anivet.lt\/elparduotuve\/produktas\/specific-ckd-hy-pasaras-sunims-turintiems-sirdies-ir-inkstu-problemu-12kg\/","title":{"rendered":"SPECIFIC\u2122 CKD-HY pa\u0161aras \u0161unims turintiems \u0161irdies ir inkst\u0173 problem\u0173 12kg"},"content":{"rendered":"<ul>\n<li><span lang=\"en-US\">\u0160io pa\u0161aro sud\u0117tyje yra padidintas kiekis omega-3 riebal\u0173 r\u016bg\u0161\u010di\u0173 \u2013 EPA ir DHA, gaunam\u0173 i\u0161 \u017euv\u0173 tauk\u0173 bei krilio. <\/span><\/li>\n<li>\u0160unims, turintiems \u0161irdies sutrikim\u0173, EPA gali prisid\u0117ti prie raumen\u0173 mas\u0117s i\u0161saugojimo, gero apetito palaikymo, normalaus \u0161irdies ritmo, kraujosp\u016bd\u017eio bei tinkamos trombocit\u0173 funkcijos.<\/li>\n<li>Tuo tarpu sergant inkst\u0173 nepakankamumu, omega-3 riebal\u0173 r\u016bg\u0161tys gali pad\u0117ti l\u0117tinti ligos progresavim\u0105 ir palaikyti bendr\u0105 organizmo b\u016bkl\u0119.<\/li>\n<\/ul>\n<p align=\"justify\"><strong>Pagrindin\u0117s savyb\u0117s:<\/strong><\/p>\n<ul>\n<li>Labai didelis omega-3 riebal\u0173 r\u016bg\u0161\u010di\u0173 (EPA ir DHA) kiekis.<\/li>\n<li>Lengvai pasisavinami, hipoalerginiai hidrolizuoti baltymai.<\/li>\n<li>Naudingos skaidulos, padedan\u010dios palaikyti ger\u0105 \u017earnyno veikl\u0105.<\/li>\n<li>Subalansuotas ir kontroliuojamas baltym\u0173, fosforo bei natrio kiekis.<\/li>\n<li>Sud\u0117tyje esantis zeolitas, padedantis ma\u017einti toksini\u0173 azoto jungini\u0173 kaupim\u0105si organizme.<\/li>\n<li>Suma\u017eintas baltym\u0173 kiekis padeda ma\u017einti oksalat\u0173, cistino ir urat\u0173 koncentracij\u0105 \u0161lapime. L\u0117tinamas kalcio oksalato, cistino ir urat\u0173 kristal\u0173 formavimasis, taip prisidedant prie geresn\u0117s \u0161lapimo tak\u0173 b\u016bkl\u0117s palaikymo.<\/li>\n<\/ul>\n","protected":false},"excerpt":{"rendered":"<p><span lang=\"en-US\">Pilnavertis subalansuotas sausas \u0117dalas suaugusiems \u0161unims, skirtas palaikyti \u0161irdies, kepen\u0173 ir inkst\u0173 veikl\u0105, ypa\u010d sergant l\u0117tiniu inkst\u0173 nepakankamumu. <\/span><\/p>\n","protected":false},"featured_media":20458,"template":"","meta":[],"product_brand":[],"product_cat":[101,103,107,327,321],"product_tag":[],"class_list":{"0":"post-20457","1":"product","2":"type-product","3":"status-publish","4":"has-post-thumbnail","6":"product_cat-sunims","7":"product_cat-sunu-maistas","8":"product_cat-veterinarine-dieta","9":"product_cat-pagal-prekes-zenklus","10":"product_cat-specific-sunu-maistas","11":"pa_prekinis-zenklas-specific","13":"first","14":"instock","15":"sale","16":"taxable","17":"shipping-taxable","18":"purchasable","19":"product-type-simple"},"yoast_head":"<!-- This site is optimized with the Yoast SEO Premium plugin v27.1 (Yoast SEO v27.5) - https:\/\/yoast.com\/product\/yoast-seo-premium-wordpress\/ -->\n<title>SPECIFIC\u2122 CKD-HY pa\u0161aras \u0161unims turintiems \u0161irdies ir inkst\u0173 problem\u0173 12kg - anivet.lt<\/title>\n<meta name=\"description\" content=\"Pilnavertis subalansuotas sausas \u0117dalas suaugusiems \u0161unims, skirtas palaikyti \u0161irdies, kepen\u0173 ir inkst\u0173 veikl\u0105, ypa\u010d sergant l\u0117tiniu inkst\u0173 nepakankamumu.\" \/>\n<meta name=\"robots\" content=\"index, follow, max-snippet:-1, max-image-preview:large, max-video-preview:-1\" \/>\n<link rel=\"canonical\" href=\"https:\/\/anivet.lt\/elparduotuve\/produktas\/specific-ckd-hy-pasaras-sunims-turintiems-sirdies-ir-inkstu-problemu-12kg\/\" \/>\n<meta property=\"og:locale\" content=\"lt_LT\" \/>\n<meta property=\"og:type\" content=\"article\" \/>\n<meta property=\"og:title\" content=\"SPECIFIC\u2122 CKD-HY pa\u0161aras \u0161unims turintiems \u0161irdies ir inkst\u0173 problem\u0173 12kg\" \/>\n<meta property=\"og:description\" content=\"Pilnavertis subalansuotas sausas \u0117dalas suaugusiems \u0161unims, skirtas palaikyti \u0161irdies, kepen\u0173 ir inkst\u0173 veikl\u0105, ypa\u010d sergant l\u0117tiniu inkst\u0173 nepakankamumu.\" \/>\n<meta property=\"og:url\" content=\"https:\/\/anivet.lt\/elparduotuve\/produktas\/specific-ckd-hy-pasaras-sunims-turintiems-sirdies-ir-inkstu-problemu-12kg\/\" \/>\n<meta property=\"og:site_name\" content=\"anivet.lt\" \/>\n<meta property=\"article:modified_time\" content=\"2026-04-16T09:49:55+00:00\" \/>\n<meta property=\"og:image\" content=\"https:\/\/anivet.lt\/elparduotuve\/wp-content\/uploads\/2026\/03\/SPECIFIC\u2122-CKD-HY-pasaras-sunims-turintiems-sirdies-ir-inkstu-problemu.jpg\" \/>\n\t<meta property=\"og:image:width\" content=\"650\" \/>\n\t<meta property=\"og:image:height\" content=\"545\" \/>\n\t<meta property=\"og:image:type\" content=\"image\/jpeg\" \/>\n<meta name=\"twitter:card\" content=\"summary_large_image\" \/>\n<meta name=\"twitter:label1\" content=\"Est. reading time\" \/>\n\t<meta name=\"twitter:data1\" content=\"1 minut\u0117\" \/>\n<script type=\"application\/ld+json\" class=\"yoast-schema-graph\">{\"@context\":\"https:\\\/\\\/schema.org\",\"@graph\":[{\"@type\":\"WebPage\",\"@id\":\"https:\\\/\\\/anivet.lt\\\/elparduotuve\\\/produktas\\\/specific-ckd-hy-pasaras-sunims-turintiems-sirdies-ir-inkstu-problemu-12kg\\\/\",\"url\":\"https:\\\/\\\/anivet.lt\\\/elparduotuve\\\/produktas\\\/specific-ckd-hy-pasaras-sunims-turintiems-sirdies-ir-inkstu-problemu-12kg\\\/\",\"name\":\"SPECIFIC\u2122 CKD-HY pa\u0161aras \u0161unims turintiems \u0161irdies ir inkst\u0173 problem\u0173 12kg - anivet.lt\",\"isPartOf\":{\"@id\":\"https:\\\/\\\/anivet.lt\\\/elparduotuve\\\/#website\"},\"primaryImageOfPage\":{\"@id\":\"https:\\\/\\\/anivet.lt\\\/elparduotuve\\\/produktas\\\/specific-ckd-hy-pasaras-sunims-turintiems-sirdies-ir-inkstu-problemu-12kg\\\/#primaryimage\"},\"image\":{\"@id\":\"https:\\\/\\\/anivet.lt\\\/elparduotuve\\\/produktas\\\/specific-ckd-hy-pasaras-sunims-turintiems-sirdies-ir-inkstu-problemu-12kg\\\/#primaryimage\"},\"thumbnailUrl\":\"https:\\\/\\\/anivet.lt\\\/elparduotuve\\\/wp-content\\\/uploads\\\/2026\\\/03\\\/SPECIFIC\u2122-CKD-HY-pasaras-sunims-turintiems-sirdies-ir-inkstu-problemu.jpg\",\"datePublished\":\"2026-03-04T21:48:17+00:00\",\"dateModified\":\"2026-04-16T09:49:55+00:00\",\"description\":\"Pilnavertis subalansuotas sausas \u0117dalas suaugusiems \u0161unims, skirtas palaikyti \u0161irdies, kepen\u0173 ir inkst\u0173 veikl\u0105, ypa\u010d sergant l\u0117tiniu inkst\u0173 nepakankamumu.\",\"breadcrumb\":{\"@id\":\"https:\\\/\\\/anivet.lt\\\/elparduotuve\\\/produktas\\\/specific-ckd-hy-pasaras-sunims-turintiems-sirdies-ir-inkstu-problemu-12kg\\\/#breadcrumb\"},\"inLanguage\":\"lt-LT\",\"potentialAction\":[{\"@type\":\"ReadAction\",\"target\":[\"https:\\\/\\\/anivet.lt\\\/elparduotuve\\\/produktas\\\/specific-ckd-hy-pasaras-sunims-turintiems-sirdies-ir-inkstu-problemu-12kg\\\/\"]}]},{\"@type\":\"ImageObject\",\"inLanguage\":\"lt-LT\",\"@id\":\"https:\\\/\\\/anivet.lt\\\/elparduotuve\\\/produktas\\\/specific-ckd-hy-pasaras-sunims-turintiems-sirdies-ir-inkstu-problemu-12kg\\\/#primaryimage\",\"url\":\"https:\\\/\\\/anivet.lt\\\/elparduotuve\\\/wp-content\\\/uploads\\\/2026\\\/03\\\/SPECIFIC\u2122-CKD-HY-pasaras-sunims-turintiems-sirdies-ir-inkstu-problemu.jpg\",\"contentUrl\":\"https:\\\/\\\/anivet.lt\\\/elparduotuve\\\/wp-content\\\/uploads\\\/2026\\\/03\\\/SPECIFIC\u2122-CKD-HY-pasaras-sunims-turintiems-sirdies-ir-inkstu-problemu.jpg\",\"width\":650,\"height\":545,\"caption\":\"SPECIFIC\u2122 CKD-HY pa\u0161aras \u0161unims turintiems \u0161irdies ir inkst\u0173 problem\u0173\"},{\"@type\":\"BreadcrumbList\",\"@id\":\"https:\\\/\\\/anivet.lt\\\/elparduotuve\\\/produktas\\\/specific-ckd-hy-pasaras-sunims-turintiems-sirdies-ir-inkstu-problemu-12kg\\\/#breadcrumb\",\"itemListElement\":[{\"@type\":\"ListItem\",\"position\":1,\"name\":\"Home\",\"item\":\"https:\\\/\\\/anivet.lt\\\/elparduotuve\\\/\"},{\"@type\":\"ListItem\",\"position\":2,\"name\":\"Produktai\",\"item\":\"https:\\\/\\\/anivet.lt\\\/elparduotuve\\\/produktai\\\/\"},{\"@type\":\"ListItem\",\"position\":3,\"name\":\"SPECIFIC\u2122 CKD-HY pa\u0161aras \u0161unims turintiems \u0161irdies ir inkst\u0173 problem\u0173 12kg\"}]},{\"@type\":\"WebSite\",\"@id\":\"https:\\\/\\\/anivet.lt\\\/elparduotuve\\\/#website\",\"url\":\"https:\\\/\\\/anivet.lt\\\/elparduotuve\\\/\",\"name\":\"anivet.lt\",\"description\":\"Viskas J\u016bs\u0173 \u0161uns, kat\u0117s prie\u017ei\u016brai\",\"publisher\":{\"@id\":\"https:\\\/\\\/anivet.lt\\\/elparduotuve\\\/#organization\"},\"alternateName\":\"Viskas J\u016bs\u0173 \u0161uns, kat\u0117s prie\u017ei\u016brai\",\"potentialAction\":[{\"@type\":\"SearchAction\",\"target\":{\"@type\":\"EntryPoint\",\"urlTemplate\":\"https:\\\/\\\/anivet.lt\\\/elparduotuve\\\/?s={search_term_string}\"},\"query-input\":{\"@type\":\"PropertyValueSpecification\",\"valueRequired\":true,\"valueName\":\"search_term_string\"}}],\"inLanguage\":\"lt-LT\"},{\"@type\":\"Organization\",\"@id\":\"https:\\\/\\\/anivet.lt\\\/elparduotuve\\\/#organization\",\"name\":\"Viskas J\u016bs\u0173 \u0161uns, kat\u0117s prie\u017ei\u016brai\",\"url\":\"https:\\\/\\\/anivet.lt\\\/elparduotuve\\\/\",\"logo\":{\"@type\":\"ImageObject\",\"inLanguage\":\"lt-LT\",\"@id\":\"https:\\\/\\\/anivet.lt\\\/elparduotuve\\\/#\\\/schema\\\/logo\\\/image\\\/\",\"url\":\"https:\\\/\\\/anivet.lt\\\/elparduotuve\\\/wp-content\\\/uploads\\\/2023\\\/06\\\/logo2.jpg\",\"contentUrl\":\"https:\\\/\\\/anivet.lt\\\/elparduotuve\\\/wp-content\\\/uploads\\\/2023\\\/06\\\/logo2.jpg\",\"width\":655,\"height\":194,\"caption\":\"Viskas J\u016bs\u0173 \u0161uns, kat\u0117s prie\u017ei\u016brai\"},\"image\":{\"@id\":\"https:\\\/\\\/anivet.lt\\\/elparduotuve\\\/#\\\/schema\\\/logo\\\/image\\\/\"}}]}<\/script>\n<!-- \/ Yoast SEO Premium plugin. -->","yoast_head_json":{"title":"SPECIFIC\u2122 CKD-HY pa\u0161aras \u0161unims turintiems \u0161irdies ir inkst\u0173 problem\u0173 12kg - anivet.lt","description":"Pilnavertis subalansuotas sausas \u0117dalas suaugusiems \u0161unims, skirtas palaikyti \u0161irdies, kepen\u0173 ir inkst\u0173 veikl\u0105, ypa\u010d sergant l\u0117tiniu inkst\u0173 nepakankamumu.","robots":{"index":"index","follow":"follow","max-snippet":"max-snippet:-1","max-image-preview":"max-image-preview:large","max-video-preview":"max-video-preview:-1"},"canonical":"https:\/\/anivet.lt\/elparduotuve\/produktas\/specific-ckd-hy-pasaras-sunims-turintiems-sirdies-ir-inkstu-problemu-12kg\/","og_locale":"lt_LT","og_type":"article","og_title":"SPECIFIC\u2122 CKD-HY pa\u0161aras \u0161unims turintiems \u0161irdies ir inkst\u0173 problem\u0173 12kg","og_description":"Pilnavertis subalansuotas sausas \u0117dalas suaugusiems \u0161unims, skirtas palaikyti \u0161irdies, kepen\u0173 ir inkst\u0173 veikl\u0105, ypa\u010d sergant l\u0117tiniu inkst\u0173 nepakankamumu.","og_url":"https:\/\/anivet.lt\/elparduotuve\/produktas\/specific-ckd-hy-pasaras-sunims-turintiems-sirdies-ir-inkstu-problemu-12kg\/","og_site_name":"anivet.lt","article_modified_time":"2026-04-16T09:49:55+00:00","og_image":[{"width":650,"height":545,"url":"https:\/\/anivet.lt\/elparduotuve\/wp-content\/uploads\/2026\/03\/SPECIFIC\u2122-CKD-HY-pasaras-sunims-turintiems-sirdies-ir-inkstu-problemu.jpg","type":"image\/jpeg"}],"twitter_card":"summary_large_image","twitter_misc":{"Est. reading time":"1 minut\u0117"},"schema":{"@context":"https:\/\/schema.org","@graph":[{"@type":"WebPage","@id":"https:\/\/anivet.lt\/elparduotuve\/produktas\/specific-ckd-hy-pasaras-sunims-turintiems-sirdies-ir-inkstu-problemu-12kg\/","url":"https:\/\/anivet.lt\/elparduotuve\/produktas\/specific-ckd-hy-pasaras-sunims-turintiems-sirdies-ir-inkstu-problemu-12kg\/","name":"SPECIFIC\u2122 CKD-HY pa\u0161aras \u0161unims turintiems \u0161irdies ir inkst\u0173 problem\u0173 12kg - anivet.lt","isPartOf":{"@id":"https:\/\/anivet.lt\/elparduotuve\/#website"},"primaryImageOfPage":{"@id":"https:\/\/anivet.lt\/elparduotuve\/produktas\/specific-ckd-hy-pasaras-sunims-turintiems-sirdies-ir-inkstu-problemu-12kg\/#primaryimage"},"image":{"@id":"https:\/\/anivet.lt\/elparduotuve\/produktas\/specific-ckd-hy-pasaras-sunims-turintiems-sirdies-ir-inkstu-problemu-12kg\/#primaryimage"},"thumbnailUrl":"https:\/\/anivet.lt\/elparduotuve\/wp-content\/uploads\/2026\/03\/SPECIFIC\u2122-CKD-HY-pasaras-sunims-turintiems-sirdies-ir-inkstu-problemu.jpg","datePublished":"2026-03-04T21:48:17+00:00","dateModified":"2026-04-16T09:49:55+00:00","description":"Pilnavertis subalansuotas sausas \u0117dalas suaugusiems \u0161unims, skirtas palaikyti \u0161irdies, kepen\u0173 ir inkst\u0173 veikl\u0105, ypa\u010d sergant l\u0117tiniu inkst\u0173 nepakankamumu.","breadcrumb":{"@id":"https:\/\/anivet.lt\/elparduotuve\/produktas\/specific-ckd-hy-pasaras-sunims-turintiems-sirdies-ir-inkstu-problemu-12kg\/#breadcrumb"},"inLanguage":"lt-LT","potentialAction":[{"@type":"ReadAction","target":["https:\/\/anivet.lt\/elparduotuve\/produktas\/specific-ckd-hy-pasaras-sunims-turintiems-sirdies-ir-inkstu-problemu-12kg\/"]}]},{"@type":"ImageObject","inLanguage":"lt-LT","@id":"https:\/\/anivet.lt\/elparduotuve\/produktas\/specific-ckd-hy-pasaras-sunims-turintiems-sirdies-ir-inkstu-problemu-12kg\/#primaryimage","url":"https:\/\/anivet.lt\/elparduotuve\/wp-content\/uploads\/2026\/03\/SPECIFIC\u2122-CKD-HY-pasaras-sunims-turintiems-sirdies-ir-inkstu-problemu.jpg","contentUrl":"https:\/\/anivet.lt\/elparduotuve\/wp-content\/uploads\/2026\/03\/SPECIFIC\u2122-CKD-HY-pasaras-sunims-turintiems-sirdies-ir-inkstu-problemu.jpg","width":650,"height":545,"caption":"SPECIFIC\u2122 CKD-HY pa\u0161aras \u0161unims turintiems \u0161irdies ir inkst\u0173 problem\u0173"},{"@type":"BreadcrumbList","@id":"https:\/\/anivet.lt\/elparduotuve\/produktas\/specific-ckd-hy-pasaras-sunims-turintiems-sirdies-ir-inkstu-problemu-12kg\/#breadcrumb","itemListElement":[{"@type":"ListItem","position":1,"name":"Home","item":"https:\/\/anivet.lt\/elparduotuve\/"},{"@type":"ListItem","position":2,"name":"Produktai","item":"https:\/\/anivet.lt\/elparduotuve\/produktai\/"},{"@type":"ListItem","position":3,"name":"SPECIFIC\u2122 CKD-HY pa\u0161aras \u0161unims turintiems \u0161irdies ir inkst\u0173 problem\u0173 12kg"}]},{"@type":"WebSite","@id":"https:\/\/anivet.lt\/elparduotuve\/#website","url":"https:\/\/anivet.lt\/elparduotuve\/","name":"anivet.lt","description":"Viskas J\u016bs\u0173 \u0161uns, kat\u0117s prie\u017ei\u016brai","publisher":{"@id":"https:\/\/anivet.lt\/elparduotuve\/#organization"},"alternateName":"Viskas J\u016bs\u0173 \u0161uns, kat\u0117s prie\u017ei\u016brai","potentialAction":[{"@type":"SearchAction","target":{"@type":"EntryPoint","urlTemplate":"https:\/\/anivet.lt\/elparduotuve\/?s={search_term_string}"},"query-input":{"@type":"PropertyValueSpecification","valueRequired":true,"valueName":"search_term_string"}}],"inLanguage":"lt-LT"},{"@type":"Organization","@id":"https:\/\/anivet.lt\/elparduotuve\/#organization","name":"Viskas J\u016bs\u0173 \u0161uns, kat\u0117s prie\u017ei\u016brai","url":"https:\/\/anivet.lt\/elparduotuve\/","logo":{"@type":"ImageObject","inLanguage":"lt-LT","@id":"https:\/\/anivet.lt\/elparduotuve\/#\/schema\/logo\/image\/","url":"https:\/\/anivet.lt\/elparduotuve\/wp-content\/uploads\/2023\/06\/logo2.jpg","contentUrl":"https:\/\/anivet.lt\/elparduotuve\/wp-content\/uploads\/2023\/06\/logo2.jpg","width":655,"height":194,"caption":"Viskas J\u016bs\u0173 \u0161uns, kat\u0117s prie\u017ei\u016brai"},"image":{"@id":"https:\/\/anivet.lt\/elparduotuve\/#\/schema\/logo\/image\/"}}]}},"_links":{"self":[{"href":"https:\/\/anivet.lt\/elparduotuve\/wp-json\/wp\/v2\/product\/20457","targetHints":{"allow":["GET"]}}],"collection":[{"href":"https:\/\/anivet.lt\/elparduotuve\/wp-json\/wp\/v2\/product"}],"about":[{"href":"https:\/\/anivet.lt\/elparduotuve\/wp-json\/wp\/v2\/types\/product"}],"wp:featuredmedia":[{"embeddable":true,"href":"https:\/\/anivet.lt\/elparduotuve\/wp-json\/wp\/v2\/media\/20458"}],"wp:attachment":[{"href":"https:\/\/anivet.lt\/elparduotuve\/wp-json\/wp\/v2\/media?parent=20457"}],"wp:term":[{"taxonomy":"product_brand","embeddable":true,"href":"https:\/\/anivet.lt\/elparduotuve\/wp-json\/wp\/v2\/product_brand?post=20457"},{"taxonomy":"product_cat","embeddable":true,"href":"https:\/\/anivet.lt\/elparduotuve\/wp-json\/wp\/v2\/product_cat?post=20457"},{"taxonomy":"product_tag","embeddable":true,"href":"https:\/\/anivet.lt\/elparduotuve\/wp-json\/wp\/v2\/product_tag?post=20457"}],"curies":[{"name":"wp","href":"https:\/\/api.w.org\/{rel}","templated":true}]}}