{"id":20459,"date":"2026-03-04T22:06:16","date_gmt":"2026-03-04T22:06:16","guid":{"rendered":"https:\/\/anivet.lt\/elparduotuve\/?post_type=product&#038;p=20459"},"modified":"2026-03-20T09:24:00","modified_gmt":"2026-03-20T09:24:00","slug":"specific-fkd-hy-kidney-support-pasaras-katems-su-inkstu-ir-kepenu-sutrikimais-16kg","status":"publish","type":"product","link":"https:\/\/anivet.lt\/elparduotuve\/produktas\/specific-fkd-hy-kidney-support-pasaras-katems-su-inkstu-ir-kepenu-sutrikimais-16kg\/","title":{"rendered":"SPECIFIC\u2122 FKD-HY Kidney Support pa\u0161aras kat\u0117ms su inkst\u0173 ir kepen\u0173 sutrikimais 1,6kg"},"content":{"rendered":"<ul>\n<li><span lang=\"en-US\">Sud\u0117tyje yra didelis kiekis \u017euv\u0173 tauk\u0173, tod\u0117l pa\u0161aras praturtintas omega-3 riebal\u0173 r\u016bg\u0161timis EPA ir DHA. <\/span><\/li>\n<li>Be to, kat\u0117ms, turin\u010dioms \u0161irdies sutrikim\u0173, EPA ir DHA prisideda prie raumen\u0173 mas\u0117s i\u0161saugojimo bei padeda palaikyti ger\u0105 apetit\u0105 ir bendr\u0105 organizmo b\u016bkl\u0119.<\/li>\n<li>Sergant l\u0117tiniu \u0161irdies nepakankamumu, organizme suma\u017e\u0117ja natrio i\u0161siskyrimas, d\u0117l ko kaupiasi natris ir vanduo. Ribotas natrio kiekis \u0117dale padeda suma\u017einti \u0161io pertekliaus susikaupimo rizik\u0105.<\/li>\n<\/ul>\n<p><strong>Pagrindin\u0117s indikacijos:<\/strong><\/p>\n<ul>\n<li>L\u0117tinis inkst\u0173 nepakankamumas.<\/li>\n<li>Kepen\u0173 nepakankamumas (i\u0161skyrus atvejus su cholestaze).<\/li>\n<li>L\u0117tinis \u0161irdies nepakankamumas, hipertenzija, edema.<\/li>\n<li>Urat\u0173, oksalat\u0173 ar cistino akmenlig\u0117.<\/li>\n<li>L\u0117tinis inkst\u0173, \u0161irdies ar kepen\u0173 nepakankamumas kartu su netoleravimu tam tikr\u0173 pa\u0161aro sudedam\u0173j\u0173 dali\u0173 ar maistini\u0173 med\u017eiag\u0173.<\/li>\n<\/ul>\n","protected":false},"excerpt":{"rendered":"<p><span lang=\"en-US\">P<\/span><span lang=\"en-US\">ilnavertis sausas \u0117dalas suaugusioms kat\u0117ms, skirtas palaikyti inkst\u0173, \u0161irdies ir kepen\u0173 veikl\u0105 esant l\u0117tiniam \u0161i\u0173 organ\u0173 nepakankamumui.<\/span><\/p>\n","protected":false},"featured_media":20460,"template":"","meta":[],"product_brand":[],"product_cat":[114,102,118,329,326],"product_tag":[],"class_list":{"0":"post-20459","1":"product","2":"type-product","3":"status-publish","4":"has-post-thumbnail","6":"product_cat-kaciu-maistas","7":"product_cat-katems","8":"product_cat-veterinarinis-maistas-katems","9":"product_cat-pagal-prekes-zenklus-2","10":"product_cat-specific-kaciu-maistas","11":"pa_prekinis-zenklas-specific","13":"first","14":"instock","15":"sale","16":"taxable","17":"shipping-taxable","18":"purchasable","19":"product-type-simple"},"yoast_head":"<!-- This site is optimized with the Yoast SEO Premium plugin v27.1 (Yoast SEO v27.5) - https:\/\/yoast.com\/product\/yoast-seo-premium-wordpress\/ -->\n<title>SPECIFIC\u2122 FKD-HY Kidney Support pa\u0161aras kat\u0117ms su inkst\u0173 ir kepen\u0173 sutrikimais 1,6kg - anivet.lt<\/title>\n<meta name=\"description\" content=\"Pilnavertis sausas \u0117dalas suaugusioms kat\u0117ms, skirtas palaikyti inkst\u0173, \u0161irdies ir kepen\u0173 veikl\u0105 esant l\u0117tiniam \u0161i\u0173 organ\u0173 nepakankamumui.\" \/>\n<meta name=\"robots\" content=\"index, follow, max-snippet:-1, max-image-preview:large, max-video-preview:-1\" \/>\n<link rel=\"canonical\" href=\"https:\/\/anivet.lt\/elparduotuve\/produktas\/specific-fkd-hy-kidney-support-pasaras-katems-su-inkstu-ir-kepenu-sutrikimais-16kg\/\" \/>\n<meta property=\"og:locale\" content=\"lt_LT\" \/>\n<meta property=\"og:type\" content=\"article\" \/>\n<meta property=\"og:title\" content=\"SPECIFIC\u2122 FKD-HY Kidney Support pa\u0161aras kat\u0117ms su inkst\u0173 ir kepen\u0173 sutrikimais 1,6kg\" \/>\n<meta property=\"og:description\" content=\"Pilnavertis sausas \u0117dalas suaugusioms kat\u0117ms, skirtas palaikyti inkst\u0173, \u0161irdies ir kepen\u0173 veikl\u0105 esant l\u0117tiniam \u0161i\u0173 organ\u0173 nepakankamumui.\" \/>\n<meta property=\"og:url\" content=\"https:\/\/anivet.lt\/elparduotuve\/produktas\/specific-fkd-hy-kidney-support-pasaras-katems-su-inkstu-ir-kepenu-sutrikimais-16kg\/\" \/>\n<meta property=\"og:site_name\" content=\"anivet.lt\" \/>\n<meta property=\"article:modified_time\" content=\"2026-03-20T09:24:00+00:00\" \/>\n<meta property=\"og:image\" content=\"https:\/\/anivet.lt\/elparduotuve\/wp-content\/uploads\/2026\/03\/SPECIFIC\u2122-FKD-HY-Kidney-Support-pasaras-katems-su-inkstu-ir-kepenu-sutrikimais-16kg.jpg\" \/>\n\t<meta property=\"og:image:width\" content=\"650\" \/>\n\t<meta property=\"og:image:height\" content=\"545\" \/>\n\t<meta property=\"og:image:type\" content=\"image\/jpeg\" \/>\n<meta name=\"twitter:card\" content=\"summary_large_image\" \/>\n<meta name=\"twitter:label1\" content=\"Est. reading time\" \/>\n\t<meta name=\"twitter:data1\" content=\"1 minut\u0117\" \/>\n<script type=\"application\/ld+json\" class=\"yoast-schema-graph\">{\"@context\":\"https:\\\/\\\/schema.org\",\"@graph\":[{\"@type\":\"WebPage\",\"@id\":\"https:\\\/\\\/anivet.lt\\\/elparduotuve\\\/produktas\\\/specific-fkd-hy-kidney-support-pasaras-katems-su-inkstu-ir-kepenu-sutrikimais-16kg\\\/\",\"url\":\"https:\\\/\\\/anivet.lt\\\/elparduotuve\\\/produktas\\\/specific-fkd-hy-kidney-support-pasaras-katems-su-inkstu-ir-kepenu-sutrikimais-16kg\\\/\",\"name\":\"SPECIFIC\u2122 FKD-HY Kidney Support pa\u0161aras kat\u0117ms su inkst\u0173 ir kepen\u0173 sutrikimais 1,6kg - anivet.lt\",\"isPartOf\":{\"@id\":\"https:\\\/\\\/anivet.lt\\\/elparduotuve\\\/#website\"},\"primaryImageOfPage\":{\"@id\":\"https:\\\/\\\/anivet.lt\\\/elparduotuve\\\/produktas\\\/specific-fkd-hy-kidney-support-pasaras-katems-su-inkstu-ir-kepenu-sutrikimais-16kg\\\/#primaryimage\"},\"image\":{\"@id\":\"https:\\\/\\\/anivet.lt\\\/elparduotuve\\\/produktas\\\/specific-fkd-hy-kidney-support-pasaras-katems-su-inkstu-ir-kepenu-sutrikimais-16kg\\\/#primaryimage\"},\"thumbnailUrl\":\"https:\\\/\\\/anivet.lt\\\/elparduotuve\\\/wp-content\\\/uploads\\\/2026\\\/03\\\/SPECIFIC\u2122-FKD-HY-Kidney-Support-pasaras-katems-su-inkstu-ir-kepenu-sutrikimais-16kg.jpg\",\"datePublished\":\"2026-03-04T22:06:16+00:00\",\"dateModified\":\"2026-03-20T09:24:00+00:00\",\"description\":\"Pilnavertis sausas \u0117dalas suaugusioms kat\u0117ms, skirtas palaikyti inkst\u0173, \u0161irdies ir kepen\u0173 veikl\u0105 esant l\u0117tiniam \u0161i\u0173 organ\u0173 nepakankamumui.\",\"breadcrumb\":{\"@id\":\"https:\\\/\\\/anivet.lt\\\/elparduotuve\\\/produktas\\\/specific-fkd-hy-kidney-support-pasaras-katems-su-inkstu-ir-kepenu-sutrikimais-16kg\\\/#breadcrumb\"},\"inLanguage\":\"lt-LT\",\"potentialAction\":[{\"@type\":\"ReadAction\",\"target\":[\"https:\\\/\\\/anivet.lt\\\/elparduotuve\\\/produktas\\\/specific-fkd-hy-kidney-support-pasaras-katems-su-inkstu-ir-kepenu-sutrikimais-16kg\\\/\"]}]},{\"@type\":\"ImageObject\",\"inLanguage\":\"lt-LT\",\"@id\":\"https:\\\/\\\/anivet.lt\\\/elparduotuve\\\/produktas\\\/specific-fkd-hy-kidney-support-pasaras-katems-su-inkstu-ir-kepenu-sutrikimais-16kg\\\/#primaryimage\",\"url\":\"https:\\\/\\\/anivet.lt\\\/elparduotuve\\\/wp-content\\\/uploads\\\/2026\\\/03\\\/SPECIFIC\u2122-FKD-HY-Kidney-Support-pasaras-katems-su-inkstu-ir-kepenu-sutrikimais-16kg.jpg\",\"contentUrl\":\"https:\\\/\\\/anivet.lt\\\/elparduotuve\\\/wp-content\\\/uploads\\\/2026\\\/03\\\/SPECIFIC\u2122-FKD-HY-Kidney-Support-pasaras-katems-su-inkstu-ir-kepenu-sutrikimais-16kg.jpg\",\"width\":650,\"height\":545,\"caption\":\"SPECIFIC\u2122 FKD-HY Kidney Support pa\u0161aras kat\u0117ms su inkst\u0173 ir kepen\u0173 sutrikimais 1,6kg\"},{\"@type\":\"BreadcrumbList\",\"@id\":\"https:\\\/\\\/anivet.lt\\\/elparduotuve\\\/produktas\\\/specific-fkd-hy-kidney-support-pasaras-katems-su-inkstu-ir-kepenu-sutrikimais-16kg\\\/#breadcrumb\",\"itemListElement\":[{\"@type\":\"ListItem\",\"position\":1,\"name\":\"Home\",\"item\":\"https:\\\/\\\/anivet.lt\\\/elparduotuve\\\/\"},{\"@type\":\"ListItem\",\"position\":2,\"name\":\"Produktai\",\"item\":\"https:\\\/\\\/anivet.lt\\\/elparduotuve\\\/produktai\\\/\"},{\"@type\":\"ListItem\",\"position\":3,\"name\":\"SPECIFIC\u2122 FKD-HY Kidney Support pa\u0161aras kat\u0117ms su inkst\u0173 ir kepen\u0173 sutrikimais 1,6kg\"}]},{\"@type\":\"WebSite\",\"@id\":\"https:\\\/\\\/anivet.lt\\\/elparduotuve\\\/#website\",\"url\":\"https:\\\/\\\/anivet.lt\\\/elparduotuve\\\/\",\"name\":\"anivet.lt\",\"description\":\"Viskas J\u016bs\u0173 \u0161uns, kat\u0117s prie\u017ei\u016brai\",\"publisher\":{\"@id\":\"https:\\\/\\\/anivet.lt\\\/elparduotuve\\\/#organization\"},\"alternateName\":\"Viskas J\u016bs\u0173 \u0161uns, kat\u0117s prie\u017ei\u016brai\",\"potentialAction\":[{\"@type\":\"SearchAction\",\"target\":{\"@type\":\"EntryPoint\",\"urlTemplate\":\"https:\\\/\\\/anivet.lt\\\/elparduotuve\\\/?s={search_term_string}\"},\"query-input\":{\"@type\":\"PropertyValueSpecification\",\"valueRequired\":true,\"valueName\":\"search_term_string\"}}],\"inLanguage\":\"lt-LT\"},{\"@type\":\"Organization\",\"@id\":\"https:\\\/\\\/anivet.lt\\\/elparduotuve\\\/#organization\",\"name\":\"Viskas J\u016bs\u0173 \u0161uns, kat\u0117s prie\u017ei\u016brai\",\"url\":\"https:\\\/\\\/anivet.lt\\\/elparduotuve\\\/\",\"logo\":{\"@type\":\"ImageObject\",\"inLanguage\":\"lt-LT\",\"@id\":\"https:\\\/\\\/anivet.lt\\\/elparduotuve\\\/#\\\/schema\\\/logo\\\/image\\\/\",\"url\":\"https:\\\/\\\/anivet.lt\\\/elparduotuve\\\/wp-content\\\/uploads\\\/2023\\\/06\\\/logo2.jpg\",\"contentUrl\":\"https:\\\/\\\/anivet.lt\\\/elparduotuve\\\/wp-content\\\/uploads\\\/2023\\\/06\\\/logo2.jpg\",\"width\":655,\"height\":194,\"caption\":\"Viskas J\u016bs\u0173 \u0161uns, kat\u0117s prie\u017ei\u016brai\"},\"image\":{\"@id\":\"https:\\\/\\\/anivet.lt\\\/elparduotuve\\\/#\\\/schema\\\/logo\\\/image\\\/\"}}]}<\/script>\n<!-- \/ Yoast SEO Premium plugin. -->","yoast_head_json":{"title":"SPECIFIC\u2122 FKD-HY Kidney Support pa\u0161aras kat\u0117ms su inkst\u0173 ir kepen\u0173 sutrikimais 1,6kg - anivet.lt","description":"Pilnavertis sausas \u0117dalas suaugusioms kat\u0117ms, skirtas palaikyti inkst\u0173, \u0161irdies ir kepen\u0173 veikl\u0105 esant l\u0117tiniam \u0161i\u0173 organ\u0173 nepakankamumui.","robots":{"index":"index","follow":"follow","max-snippet":"max-snippet:-1","max-image-preview":"max-image-preview:large","max-video-preview":"max-video-preview:-1"},"canonical":"https:\/\/anivet.lt\/elparduotuve\/produktas\/specific-fkd-hy-kidney-support-pasaras-katems-su-inkstu-ir-kepenu-sutrikimais-16kg\/","og_locale":"lt_LT","og_type":"article","og_title":"SPECIFIC\u2122 FKD-HY Kidney Support pa\u0161aras kat\u0117ms su inkst\u0173 ir kepen\u0173 sutrikimais 1,6kg","og_description":"Pilnavertis sausas \u0117dalas suaugusioms kat\u0117ms, skirtas palaikyti inkst\u0173, \u0161irdies ir kepen\u0173 veikl\u0105 esant l\u0117tiniam \u0161i\u0173 organ\u0173 nepakankamumui.","og_url":"https:\/\/anivet.lt\/elparduotuve\/produktas\/specific-fkd-hy-kidney-support-pasaras-katems-su-inkstu-ir-kepenu-sutrikimais-16kg\/","og_site_name":"anivet.lt","article_modified_time":"2026-03-20T09:24:00+00:00","og_image":[{"width":650,"height":545,"url":"https:\/\/anivet.lt\/elparduotuve\/wp-content\/uploads\/2026\/03\/SPECIFIC\u2122-FKD-HY-Kidney-Support-pasaras-katems-su-inkstu-ir-kepenu-sutrikimais-16kg.jpg","type":"image\/jpeg"}],"twitter_card":"summary_large_image","twitter_misc":{"Est. reading time":"1 minut\u0117"},"schema":{"@context":"https:\/\/schema.org","@graph":[{"@type":"WebPage","@id":"https:\/\/anivet.lt\/elparduotuve\/produktas\/specific-fkd-hy-kidney-support-pasaras-katems-su-inkstu-ir-kepenu-sutrikimais-16kg\/","url":"https:\/\/anivet.lt\/elparduotuve\/produktas\/specific-fkd-hy-kidney-support-pasaras-katems-su-inkstu-ir-kepenu-sutrikimais-16kg\/","name":"SPECIFIC\u2122 FKD-HY Kidney Support pa\u0161aras kat\u0117ms su inkst\u0173 ir kepen\u0173 sutrikimais 1,6kg - anivet.lt","isPartOf":{"@id":"https:\/\/anivet.lt\/elparduotuve\/#website"},"primaryImageOfPage":{"@id":"https:\/\/anivet.lt\/elparduotuve\/produktas\/specific-fkd-hy-kidney-support-pasaras-katems-su-inkstu-ir-kepenu-sutrikimais-16kg\/#primaryimage"},"image":{"@id":"https:\/\/anivet.lt\/elparduotuve\/produktas\/specific-fkd-hy-kidney-support-pasaras-katems-su-inkstu-ir-kepenu-sutrikimais-16kg\/#primaryimage"},"thumbnailUrl":"https:\/\/anivet.lt\/elparduotuve\/wp-content\/uploads\/2026\/03\/SPECIFIC\u2122-FKD-HY-Kidney-Support-pasaras-katems-su-inkstu-ir-kepenu-sutrikimais-16kg.jpg","datePublished":"2026-03-04T22:06:16+00:00","dateModified":"2026-03-20T09:24:00+00:00","description":"Pilnavertis sausas \u0117dalas suaugusioms kat\u0117ms, skirtas palaikyti inkst\u0173, \u0161irdies ir kepen\u0173 veikl\u0105 esant l\u0117tiniam \u0161i\u0173 organ\u0173 nepakankamumui.","breadcrumb":{"@id":"https:\/\/anivet.lt\/elparduotuve\/produktas\/specific-fkd-hy-kidney-support-pasaras-katems-su-inkstu-ir-kepenu-sutrikimais-16kg\/#breadcrumb"},"inLanguage":"lt-LT","potentialAction":[{"@type":"ReadAction","target":["https:\/\/anivet.lt\/elparduotuve\/produktas\/specific-fkd-hy-kidney-support-pasaras-katems-su-inkstu-ir-kepenu-sutrikimais-16kg\/"]}]},{"@type":"ImageObject","inLanguage":"lt-LT","@id":"https:\/\/anivet.lt\/elparduotuve\/produktas\/specific-fkd-hy-kidney-support-pasaras-katems-su-inkstu-ir-kepenu-sutrikimais-16kg\/#primaryimage","url":"https:\/\/anivet.lt\/elparduotuve\/wp-content\/uploads\/2026\/03\/SPECIFIC\u2122-FKD-HY-Kidney-Support-pasaras-katems-su-inkstu-ir-kepenu-sutrikimais-16kg.jpg","contentUrl":"https:\/\/anivet.lt\/elparduotuve\/wp-content\/uploads\/2026\/03\/SPECIFIC\u2122-FKD-HY-Kidney-Support-pasaras-katems-su-inkstu-ir-kepenu-sutrikimais-16kg.jpg","width":650,"height":545,"caption":"SPECIFIC\u2122 FKD-HY Kidney Support pa\u0161aras kat\u0117ms su inkst\u0173 ir kepen\u0173 sutrikimais 1,6kg"},{"@type":"BreadcrumbList","@id":"https:\/\/anivet.lt\/elparduotuve\/produktas\/specific-fkd-hy-kidney-support-pasaras-katems-su-inkstu-ir-kepenu-sutrikimais-16kg\/#breadcrumb","itemListElement":[{"@type":"ListItem","position":1,"name":"Home","item":"https:\/\/anivet.lt\/elparduotuve\/"},{"@type":"ListItem","position":2,"name":"Produktai","item":"https:\/\/anivet.lt\/elparduotuve\/produktai\/"},{"@type":"ListItem","position":3,"name":"SPECIFIC\u2122 FKD-HY Kidney Support pa\u0161aras kat\u0117ms su inkst\u0173 ir kepen\u0173 sutrikimais 1,6kg"}]},{"@type":"WebSite","@id":"https:\/\/anivet.lt\/elparduotuve\/#website","url":"https:\/\/anivet.lt\/elparduotuve\/","name":"anivet.lt","description":"Viskas J\u016bs\u0173 \u0161uns, kat\u0117s prie\u017ei\u016brai","publisher":{"@id":"https:\/\/anivet.lt\/elparduotuve\/#organization"},"alternateName":"Viskas J\u016bs\u0173 \u0161uns, kat\u0117s prie\u017ei\u016brai","potentialAction":[{"@type":"SearchAction","target":{"@type":"EntryPoint","urlTemplate":"https:\/\/anivet.lt\/elparduotuve\/?s={search_term_string}"},"query-input":{"@type":"PropertyValueSpecification","valueRequired":true,"valueName":"search_term_string"}}],"inLanguage":"lt-LT"},{"@type":"Organization","@id":"https:\/\/anivet.lt\/elparduotuve\/#organization","name":"Viskas J\u016bs\u0173 \u0161uns, kat\u0117s prie\u017ei\u016brai","url":"https:\/\/anivet.lt\/elparduotuve\/","logo":{"@type":"ImageObject","inLanguage":"lt-LT","@id":"https:\/\/anivet.lt\/elparduotuve\/#\/schema\/logo\/image\/","url":"https:\/\/anivet.lt\/elparduotuve\/wp-content\/uploads\/2023\/06\/logo2.jpg","contentUrl":"https:\/\/anivet.lt\/elparduotuve\/wp-content\/uploads\/2023\/06\/logo2.jpg","width":655,"height":194,"caption":"Viskas J\u016bs\u0173 \u0161uns, kat\u0117s prie\u017ei\u016brai"},"image":{"@id":"https:\/\/anivet.lt\/elparduotuve\/#\/schema\/logo\/image\/"}}]}},"_links":{"self":[{"href":"https:\/\/anivet.lt\/elparduotuve\/wp-json\/wp\/v2\/product\/20459","targetHints":{"allow":["GET"]}}],"collection":[{"href":"https:\/\/anivet.lt\/elparduotuve\/wp-json\/wp\/v2\/product"}],"about":[{"href":"https:\/\/anivet.lt\/elparduotuve\/wp-json\/wp\/v2\/types\/product"}],"wp:featuredmedia":[{"embeddable":true,"href":"https:\/\/anivet.lt\/elparduotuve\/wp-json\/wp\/v2\/media\/20460"}],"wp:attachment":[{"href":"https:\/\/anivet.lt\/elparduotuve\/wp-json\/wp\/v2\/media?parent=20459"}],"wp:term":[{"taxonomy":"product_brand","embeddable":true,"href":"https:\/\/anivet.lt\/elparduotuve\/wp-json\/wp\/v2\/product_brand?post=20459"},{"taxonomy":"product_cat","embeddable":true,"href":"https:\/\/anivet.lt\/elparduotuve\/wp-json\/wp\/v2\/product_cat?post=20459"},{"taxonomy":"product_tag","embeddable":true,"href":"https:\/\/anivet.lt\/elparduotuve\/wp-json\/wp\/v2\/product_tag?post=20459"}],"curies":[{"name":"wp","href":"https:\/\/api.w.org\/{rel}","templated":true}]}}