{"id":20474,"date":"2026-03-05T10:13:38","date_gmt":"2026-03-05T10:13:38","guid":{"rendered":"https:\/\/anivet.lt\/elparduotuve\/?post_type=product&#038;p=20474"},"modified":"2026-04-01T04:23:25","modified_gmt":"2026-04-01T04:23:25","slug":"real-dog-sp-adult-all-breeds-buffalo-rice-suaugusiems-sunims-su-buivoliena-12kg","status":"publish","type":"product","link":"https:\/\/anivet.lt\/elparduotuve\/produktas\/real-dog-sp-adult-all-breeds-buffalo-rice-suaugusiems-sunims-su-buivoliena-12kg\/","title":{"rendered":"Real Dog SP Adult All Breeds Buffalo &#038; Rice suaugusiems \u0161unims su buivoliena 12kg"},"content":{"rendered":"<ul>\n<li>Sud\u0117tyje yra vienintelis gyv\u016bnin\u0117s kilm\u0117s baltym\u0173 \u0161altinis \u2013 buivoliena, tod\u0117l pa\u0161aras ne tik itin skanus, bet ir puikiai tinka alergi\u0161kiems \u0161unims.<\/li>\n<li>D\u0117l optimalaus kalorij\u0173 kiekio jis taip pat idealiai tinka \u0161unims, linkusiems priaugti svorio.<\/li>\n<li>Recept\u016bra subalansuota taip, kad atitikt\u0173 suaugusi\u0173 \u0161un\u0173 mitybos poreikius ir pad\u0117t\u0173 i\u0161laikyti energij\u0105 bei ger\u0105 savijaut\u0105.<\/li>\n<li>Imunitetui: cinkas padeda stiprinti imunin\u0119 sistem\u0105.<\/li>\n<li>Vir\u0161kinimui: fruktooligosacharidai (inulinas) veikia kaip prebiotikas, skatinantis sveik\u0105 vir\u0161kinim\u0105.<\/li>\n<li>S\u0105nariams ir raumenims: gliukozaminas ir chondroitino sulfatas prisideda prie sveik\u0173 s\u0105nari\u0173 ir raumen\u0173 funkcijos.<\/li>\n<li>Odos ir kailio prie\u017ei\u016brai: subalansuotas Omega-6 ir Omega-3 riebal\u0173 r\u016bg\u0161\u010di\u0173 kiekis padeda palaikyti sveik\u0105 od\u0105 ir \u017evilgant\u012f kail\u012f.<\/li>\n<\/ul>\n","protected":false},"excerpt":{"rendered":"<p>Pilnavertis auk\u0161tos kokyb\u0117s maistas suaugusiems vis\u0173 veisli\u0173 \u0161unims, pagamintas i\u0161 buivolienos, ry\u017ei\u0173 ir tapijokos.<\/p>\n","protected":false},"featured_media":20475,"template":"","meta":[],"product_brand":[],"product_cat":[101,103,104],"product_tag":[],"class_list":{"0":"post-20474","1":"product","2":"type-product","3":"status-publish","4":"has-post-thumbnail","6":"product_cat-sunims","7":"product_cat-sunu-maistas","8":"product_cat-sausas-maistas","9":"pa_prekinis-zenklas-real-dog","11":"first","12":"instock","13":"taxable","14":"shipping-taxable","15":"purchasable","16":"product-type-simple"},"yoast_head":"<!-- This site is optimized with the Yoast SEO Premium plugin v27.1 (Yoast SEO v27.5) - https:\/\/yoast.com\/product\/yoast-seo-premium-wordpress\/ -->\n<title>Real Dog SP Adult All Breeds Buffalo &amp; Rice suaugusiems \u0161unims su buivoliena 12kg - anivet.lt<\/title>\n<meta name=\"description\" content=\"Pilnavertis auk\u0161tos kokyb\u0117s maistas suaugusiems vis\u0173 veisli\u0173 \u0161unims, pagamintas i\u0161 buivolienos, ry\u017ei\u0173 ir tapijokos.\" \/>\n<meta name=\"robots\" content=\"index, follow, max-snippet:-1, max-image-preview:large, max-video-preview:-1\" \/>\n<link rel=\"canonical\" href=\"https:\/\/anivet.lt\/elparduotuve\/produktas\/real-dog-sp-adult-all-breeds-buffalo-rice-suaugusiems-sunims-su-buivoliena-12kg\/\" \/>\n<meta property=\"og:locale\" content=\"lt_LT\" \/>\n<meta property=\"og:type\" content=\"article\" \/>\n<meta property=\"og:title\" content=\"Real Dog SP Adult All Breeds Buffalo &amp; Rice suaugusiems \u0161unims su buivoliena 12kg\" \/>\n<meta property=\"og:description\" content=\"Pilnavertis auk\u0161tos kokyb\u0117s maistas suaugusiems vis\u0173 veisli\u0173 \u0161unims, pagamintas i\u0161 buivolienos, ry\u017ei\u0173 ir tapijokos.\" \/>\n<meta property=\"og:url\" content=\"https:\/\/anivet.lt\/elparduotuve\/produktas\/real-dog-sp-adult-all-breeds-buffalo-rice-suaugusiems-sunims-su-buivoliena-12kg\/\" \/>\n<meta property=\"og:site_name\" content=\"anivet.lt\" \/>\n<meta property=\"article:modified_time\" content=\"2026-04-01T04:23:25+00:00\" \/>\n<meta property=\"og:image\" content=\"https:\/\/anivet.lt\/elparduotuve\/wp-content\/uploads\/2026\/03\/Real-Dog-SP-Adult-All-Breeds-Buffalo-Rice-suaugusiems-sunims-su-buivoliena-12kg.jpg\" \/>\n\t<meta property=\"og:image:width\" content=\"500\" \/>\n\t<meta property=\"og:image:height\" content=\"640\" \/>\n\t<meta property=\"og:image:type\" content=\"image\/jpeg\" \/>\n<meta name=\"twitter:card\" content=\"summary_large_image\" \/>\n<meta name=\"twitter:label1\" content=\"Est. reading time\" \/>\n\t<meta name=\"twitter:data1\" content=\"1 minut\u0117\" \/>\n<script type=\"application\/ld+json\" class=\"yoast-schema-graph\">{\"@context\":\"https:\\\/\\\/schema.org\",\"@graph\":[{\"@type\":\"WebPage\",\"@id\":\"https:\\\/\\\/anivet.lt\\\/elparduotuve\\\/produktas\\\/real-dog-sp-adult-all-breeds-buffalo-rice-suaugusiems-sunims-su-buivoliena-12kg\\\/\",\"url\":\"https:\\\/\\\/anivet.lt\\\/elparduotuve\\\/produktas\\\/real-dog-sp-adult-all-breeds-buffalo-rice-suaugusiems-sunims-su-buivoliena-12kg\\\/\",\"name\":\"Real Dog SP Adult All Breeds Buffalo & Rice suaugusiems \u0161unims su buivoliena 12kg - anivet.lt\",\"isPartOf\":{\"@id\":\"https:\\\/\\\/anivet.lt\\\/elparduotuve\\\/#website\"},\"primaryImageOfPage\":{\"@id\":\"https:\\\/\\\/anivet.lt\\\/elparduotuve\\\/produktas\\\/real-dog-sp-adult-all-breeds-buffalo-rice-suaugusiems-sunims-su-buivoliena-12kg\\\/#primaryimage\"},\"image\":{\"@id\":\"https:\\\/\\\/anivet.lt\\\/elparduotuve\\\/produktas\\\/real-dog-sp-adult-all-breeds-buffalo-rice-suaugusiems-sunims-su-buivoliena-12kg\\\/#primaryimage\"},\"thumbnailUrl\":\"https:\\\/\\\/anivet.lt\\\/elparduotuve\\\/wp-content\\\/uploads\\\/2026\\\/03\\\/Real-Dog-SP-Adult-All-Breeds-Buffalo-Rice-suaugusiems-sunims-su-buivoliena-12kg.jpg\",\"datePublished\":\"2026-03-05T10:13:38+00:00\",\"dateModified\":\"2026-04-01T04:23:25+00:00\",\"description\":\"Pilnavertis auk\u0161tos kokyb\u0117s maistas suaugusiems vis\u0173 veisli\u0173 \u0161unims, pagamintas i\u0161 buivolienos, ry\u017ei\u0173 ir tapijokos.\",\"breadcrumb\":{\"@id\":\"https:\\\/\\\/anivet.lt\\\/elparduotuve\\\/produktas\\\/real-dog-sp-adult-all-breeds-buffalo-rice-suaugusiems-sunims-su-buivoliena-12kg\\\/#breadcrumb\"},\"inLanguage\":\"lt-LT\",\"potentialAction\":[{\"@type\":\"ReadAction\",\"target\":[\"https:\\\/\\\/anivet.lt\\\/elparduotuve\\\/produktas\\\/real-dog-sp-adult-all-breeds-buffalo-rice-suaugusiems-sunims-su-buivoliena-12kg\\\/\"]}]},{\"@type\":\"ImageObject\",\"inLanguage\":\"lt-LT\",\"@id\":\"https:\\\/\\\/anivet.lt\\\/elparduotuve\\\/produktas\\\/real-dog-sp-adult-all-breeds-buffalo-rice-suaugusiems-sunims-su-buivoliena-12kg\\\/#primaryimage\",\"url\":\"https:\\\/\\\/anivet.lt\\\/elparduotuve\\\/wp-content\\\/uploads\\\/2026\\\/03\\\/Real-Dog-SP-Adult-All-Breeds-Buffalo-Rice-suaugusiems-sunims-su-buivoliena-12kg.jpg\",\"contentUrl\":\"https:\\\/\\\/anivet.lt\\\/elparduotuve\\\/wp-content\\\/uploads\\\/2026\\\/03\\\/Real-Dog-SP-Adult-All-Breeds-Buffalo-Rice-suaugusiems-sunims-su-buivoliena-12kg.jpg\",\"width\":500,\"height\":640,\"caption\":\"Real Dog SP Adult All Breeds Buffalo & Rice suaugusiems \u0161unims su buivoliena 12kg\"},{\"@type\":\"BreadcrumbList\",\"@id\":\"https:\\\/\\\/anivet.lt\\\/elparduotuve\\\/produktas\\\/real-dog-sp-adult-all-breeds-buffalo-rice-suaugusiems-sunims-su-buivoliena-12kg\\\/#breadcrumb\",\"itemListElement\":[{\"@type\":\"ListItem\",\"position\":1,\"name\":\"Home\",\"item\":\"https:\\\/\\\/anivet.lt\\\/elparduotuve\\\/\"},{\"@type\":\"ListItem\",\"position\":2,\"name\":\"Produktai\",\"item\":\"https:\\\/\\\/anivet.lt\\\/elparduotuve\\\/produktai\\\/\"},{\"@type\":\"ListItem\",\"position\":3,\"name\":\"Real Dog SP Adult All Breeds Buffalo &#038; Rice suaugusiems \u0161unims su buivoliena 12kg\"}]},{\"@type\":\"WebSite\",\"@id\":\"https:\\\/\\\/anivet.lt\\\/elparduotuve\\\/#website\",\"url\":\"https:\\\/\\\/anivet.lt\\\/elparduotuve\\\/\",\"name\":\"anivet.lt\",\"description\":\"Viskas J\u016bs\u0173 \u0161uns, kat\u0117s prie\u017ei\u016brai\",\"publisher\":{\"@id\":\"https:\\\/\\\/anivet.lt\\\/elparduotuve\\\/#organization\"},\"alternateName\":\"Viskas J\u016bs\u0173 \u0161uns, kat\u0117s prie\u017ei\u016brai\",\"potentialAction\":[{\"@type\":\"SearchAction\",\"target\":{\"@type\":\"EntryPoint\",\"urlTemplate\":\"https:\\\/\\\/anivet.lt\\\/elparduotuve\\\/?s={search_term_string}\"},\"query-input\":{\"@type\":\"PropertyValueSpecification\",\"valueRequired\":true,\"valueName\":\"search_term_string\"}}],\"inLanguage\":\"lt-LT\"},{\"@type\":\"Organization\",\"@id\":\"https:\\\/\\\/anivet.lt\\\/elparduotuve\\\/#organization\",\"name\":\"Viskas J\u016bs\u0173 \u0161uns, kat\u0117s prie\u017ei\u016brai\",\"url\":\"https:\\\/\\\/anivet.lt\\\/elparduotuve\\\/\",\"logo\":{\"@type\":\"ImageObject\",\"inLanguage\":\"lt-LT\",\"@id\":\"https:\\\/\\\/anivet.lt\\\/elparduotuve\\\/#\\\/schema\\\/logo\\\/image\\\/\",\"url\":\"https:\\\/\\\/anivet.lt\\\/elparduotuve\\\/wp-content\\\/uploads\\\/2023\\\/06\\\/logo2.jpg\",\"contentUrl\":\"https:\\\/\\\/anivet.lt\\\/elparduotuve\\\/wp-content\\\/uploads\\\/2023\\\/06\\\/logo2.jpg\",\"width\":655,\"height\":194,\"caption\":\"Viskas J\u016bs\u0173 \u0161uns, kat\u0117s prie\u017ei\u016brai\"},\"image\":{\"@id\":\"https:\\\/\\\/anivet.lt\\\/elparduotuve\\\/#\\\/schema\\\/logo\\\/image\\\/\"}}]}<\/script>\n<!-- \/ Yoast SEO Premium plugin. -->","yoast_head_json":{"title":"Real Dog SP Adult All Breeds Buffalo & Rice suaugusiems \u0161unims su buivoliena 12kg - anivet.lt","description":"Pilnavertis auk\u0161tos kokyb\u0117s maistas suaugusiems vis\u0173 veisli\u0173 \u0161unims, pagamintas i\u0161 buivolienos, ry\u017ei\u0173 ir tapijokos.","robots":{"index":"index","follow":"follow","max-snippet":"max-snippet:-1","max-image-preview":"max-image-preview:large","max-video-preview":"max-video-preview:-1"},"canonical":"https:\/\/anivet.lt\/elparduotuve\/produktas\/real-dog-sp-adult-all-breeds-buffalo-rice-suaugusiems-sunims-su-buivoliena-12kg\/","og_locale":"lt_LT","og_type":"article","og_title":"Real Dog SP Adult All Breeds Buffalo & Rice suaugusiems \u0161unims su buivoliena 12kg","og_description":"Pilnavertis auk\u0161tos kokyb\u0117s maistas suaugusiems vis\u0173 veisli\u0173 \u0161unims, pagamintas i\u0161 buivolienos, ry\u017ei\u0173 ir tapijokos.","og_url":"https:\/\/anivet.lt\/elparduotuve\/produktas\/real-dog-sp-adult-all-breeds-buffalo-rice-suaugusiems-sunims-su-buivoliena-12kg\/","og_site_name":"anivet.lt","article_modified_time":"2026-04-01T04:23:25+00:00","og_image":[{"width":500,"height":640,"url":"https:\/\/anivet.lt\/elparduotuve\/wp-content\/uploads\/2026\/03\/Real-Dog-SP-Adult-All-Breeds-Buffalo-Rice-suaugusiems-sunims-su-buivoliena-12kg.jpg","type":"image\/jpeg"}],"twitter_card":"summary_large_image","twitter_misc":{"Est. reading time":"1 minut\u0117"},"schema":{"@context":"https:\/\/schema.org","@graph":[{"@type":"WebPage","@id":"https:\/\/anivet.lt\/elparduotuve\/produktas\/real-dog-sp-adult-all-breeds-buffalo-rice-suaugusiems-sunims-su-buivoliena-12kg\/","url":"https:\/\/anivet.lt\/elparduotuve\/produktas\/real-dog-sp-adult-all-breeds-buffalo-rice-suaugusiems-sunims-su-buivoliena-12kg\/","name":"Real Dog SP Adult All Breeds Buffalo & Rice suaugusiems \u0161unims su buivoliena 12kg - anivet.lt","isPartOf":{"@id":"https:\/\/anivet.lt\/elparduotuve\/#website"},"primaryImageOfPage":{"@id":"https:\/\/anivet.lt\/elparduotuve\/produktas\/real-dog-sp-adult-all-breeds-buffalo-rice-suaugusiems-sunims-su-buivoliena-12kg\/#primaryimage"},"image":{"@id":"https:\/\/anivet.lt\/elparduotuve\/produktas\/real-dog-sp-adult-all-breeds-buffalo-rice-suaugusiems-sunims-su-buivoliena-12kg\/#primaryimage"},"thumbnailUrl":"https:\/\/anivet.lt\/elparduotuve\/wp-content\/uploads\/2026\/03\/Real-Dog-SP-Adult-All-Breeds-Buffalo-Rice-suaugusiems-sunims-su-buivoliena-12kg.jpg","datePublished":"2026-03-05T10:13:38+00:00","dateModified":"2026-04-01T04:23:25+00:00","description":"Pilnavertis auk\u0161tos kokyb\u0117s maistas suaugusiems vis\u0173 veisli\u0173 \u0161unims, pagamintas i\u0161 buivolienos, ry\u017ei\u0173 ir tapijokos.","breadcrumb":{"@id":"https:\/\/anivet.lt\/elparduotuve\/produktas\/real-dog-sp-adult-all-breeds-buffalo-rice-suaugusiems-sunims-su-buivoliena-12kg\/#breadcrumb"},"inLanguage":"lt-LT","potentialAction":[{"@type":"ReadAction","target":["https:\/\/anivet.lt\/elparduotuve\/produktas\/real-dog-sp-adult-all-breeds-buffalo-rice-suaugusiems-sunims-su-buivoliena-12kg\/"]}]},{"@type":"ImageObject","inLanguage":"lt-LT","@id":"https:\/\/anivet.lt\/elparduotuve\/produktas\/real-dog-sp-adult-all-breeds-buffalo-rice-suaugusiems-sunims-su-buivoliena-12kg\/#primaryimage","url":"https:\/\/anivet.lt\/elparduotuve\/wp-content\/uploads\/2026\/03\/Real-Dog-SP-Adult-All-Breeds-Buffalo-Rice-suaugusiems-sunims-su-buivoliena-12kg.jpg","contentUrl":"https:\/\/anivet.lt\/elparduotuve\/wp-content\/uploads\/2026\/03\/Real-Dog-SP-Adult-All-Breeds-Buffalo-Rice-suaugusiems-sunims-su-buivoliena-12kg.jpg","width":500,"height":640,"caption":"Real Dog SP Adult All Breeds Buffalo & Rice suaugusiems \u0161unims su buivoliena 12kg"},{"@type":"BreadcrumbList","@id":"https:\/\/anivet.lt\/elparduotuve\/produktas\/real-dog-sp-adult-all-breeds-buffalo-rice-suaugusiems-sunims-su-buivoliena-12kg\/#breadcrumb","itemListElement":[{"@type":"ListItem","position":1,"name":"Home","item":"https:\/\/anivet.lt\/elparduotuve\/"},{"@type":"ListItem","position":2,"name":"Produktai","item":"https:\/\/anivet.lt\/elparduotuve\/produktai\/"},{"@type":"ListItem","position":3,"name":"Real Dog SP Adult All Breeds Buffalo &#038; Rice suaugusiems \u0161unims su buivoliena 12kg"}]},{"@type":"WebSite","@id":"https:\/\/anivet.lt\/elparduotuve\/#website","url":"https:\/\/anivet.lt\/elparduotuve\/","name":"anivet.lt","description":"Viskas J\u016bs\u0173 \u0161uns, kat\u0117s prie\u017ei\u016brai","publisher":{"@id":"https:\/\/anivet.lt\/elparduotuve\/#organization"},"alternateName":"Viskas J\u016bs\u0173 \u0161uns, kat\u0117s prie\u017ei\u016brai","potentialAction":[{"@type":"SearchAction","target":{"@type":"EntryPoint","urlTemplate":"https:\/\/anivet.lt\/elparduotuve\/?s={search_term_string}"},"query-input":{"@type":"PropertyValueSpecification","valueRequired":true,"valueName":"search_term_string"}}],"inLanguage":"lt-LT"},{"@type":"Organization","@id":"https:\/\/anivet.lt\/elparduotuve\/#organization","name":"Viskas J\u016bs\u0173 \u0161uns, kat\u0117s prie\u017ei\u016brai","url":"https:\/\/anivet.lt\/elparduotuve\/","logo":{"@type":"ImageObject","inLanguage":"lt-LT","@id":"https:\/\/anivet.lt\/elparduotuve\/#\/schema\/logo\/image\/","url":"https:\/\/anivet.lt\/elparduotuve\/wp-content\/uploads\/2023\/06\/logo2.jpg","contentUrl":"https:\/\/anivet.lt\/elparduotuve\/wp-content\/uploads\/2023\/06\/logo2.jpg","width":655,"height":194,"caption":"Viskas J\u016bs\u0173 \u0161uns, kat\u0117s prie\u017ei\u016brai"},"image":{"@id":"https:\/\/anivet.lt\/elparduotuve\/#\/schema\/logo\/image\/"}}]}},"_links":{"self":[{"href":"https:\/\/anivet.lt\/elparduotuve\/wp-json\/wp\/v2\/product\/20474","targetHints":{"allow":["GET"]}}],"collection":[{"href":"https:\/\/anivet.lt\/elparduotuve\/wp-json\/wp\/v2\/product"}],"about":[{"href":"https:\/\/anivet.lt\/elparduotuve\/wp-json\/wp\/v2\/types\/product"}],"wp:featuredmedia":[{"embeddable":true,"href":"https:\/\/anivet.lt\/elparduotuve\/wp-json\/wp\/v2\/media\/20475"}],"wp:attachment":[{"href":"https:\/\/anivet.lt\/elparduotuve\/wp-json\/wp\/v2\/media?parent=20474"}],"wp:term":[{"taxonomy":"product_brand","embeddable":true,"href":"https:\/\/anivet.lt\/elparduotuve\/wp-json\/wp\/v2\/product_brand?post=20474"},{"taxonomy":"product_cat","embeddable":true,"href":"https:\/\/anivet.lt\/elparduotuve\/wp-json\/wp\/v2\/product_cat?post=20474"},{"taxonomy":"product_tag","embeddable":true,"href":"https:\/\/anivet.lt\/elparduotuve\/wp-json\/wp\/v2\/product_tag?post=20474"}],"curies":[{"name":"wp","href":"https:\/\/api.w.org\/{rel}","templated":true}]}}