{"id":20486,"date":"2026-03-05T11:29:56","date_gmt":"2026-03-05T11:29:56","guid":{"rendered":"https:\/\/anivet.lt\/elparduotuve\/?post_type=product&#038;p=20486"},"modified":"2026-04-01T04:22:23","modified_gmt":"2026-04-01T04:22:23","slug":"real-dog-sp-wet-beef-and-rabbit-konservas-sunims-su-jautiena-ir-triusiena","status":"publish","type":"product","link":"https:\/\/anivet.lt\/elparduotuve\/produktas\/real-dog-sp-wet-beef-and-rabbit-konservas-sunims-su-jautiena-ir-triusiena\/","title":{"rendered":"Real Dog SP Wet Beef and rabbit konservas \u0161unims su jautiena ir triu\u0161iena"},"content":{"rendered":"<ul>\n<li>Auk\u0161tos kokyb\u0117s konservuotas maistas suaugusiems \u0161unims, u\u017etikrinantis subalansuot\u0105 mityb\u0105.<\/li>\n<li>Sud\u0117tyje n\u0117ra dirbtini\u0173 da\u017eikli\u0173, skonio stiprikli\u0173 ar konservant\u0173 \u2013 tik nat\u016bral\u016bs ingredientai j\u016bs\u0173 augintinio sveikatai ir gerai savijautai.<\/li>\n<\/ul>\n","protected":false},"excerpt":{"rendered":"<p>Konservuotas visavertis maistas suaugusiems \u0161unims su jautiena ir triu\u0161iena.<\/p>\n","protected":false},"featured_media":20487,"template":"","meta":[],"product_brand":[],"product_cat":[101,103,105],"product_tag":[],"class_list":{"0":"post-20486","1":"product","2":"type-product","3":"status-publish","4":"has-post-thumbnail","6":"product_cat-sunims","7":"product_cat-sunu-maistas","8":"product_cat-konservai","9":"pa_prekinis-zenklas-real-dog","11":"first","12":"instock","13":"taxable","14":"shipping-taxable","15":"purchasable","16":"product-type-variable"},"yoast_head":"<!-- This site is optimized with the Yoast SEO Premium plugin v27.1 (Yoast SEO v27.5) - https:\/\/yoast.com\/product\/yoast-seo-premium-wordpress\/ -->\n<title>Real Dog SP Wet Beef and rabbit konservas \u0161unims su jautiena ir triu\u0161iena - anivet.lt<\/title>\n<meta name=\"description\" content=\"Konservuotas visavertis maistas suaugusiems \u0161unims su jautiena ir triu\u0161iena.\" \/>\n<meta name=\"robots\" content=\"index, follow, max-snippet:-1, max-image-preview:large, max-video-preview:-1\" \/>\n<link rel=\"canonical\" href=\"https:\/\/anivet.lt\/elparduotuve\/produktas\/real-dog-sp-wet-beef-and-rabbit-konservas-sunims-su-jautiena-ir-triusiena\/\" \/>\n<meta property=\"og:locale\" content=\"lt_LT\" \/>\n<meta property=\"og:type\" content=\"article\" \/>\n<meta property=\"og:title\" content=\"Real Dog SP Wet Beef and rabbit konservas \u0161unims su jautiena ir triu\u0161iena\" \/>\n<meta property=\"og:description\" content=\"Konservuotas visavertis maistas suaugusiems \u0161unims su jautiena ir triu\u0161iena.\" \/>\n<meta property=\"og:url\" content=\"https:\/\/anivet.lt\/elparduotuve\/produktas\/real-dog-sp-wet-beef-and-rabbit-konservas-sunims-su-jautiena-ir-triusiena\/\" \/>\n<meta property=\"og:site_name\" content=\"anivet.lt\" \/>\n<meta property=\"article:modified_time\" content=\"2026-04-01T04:22:23+00:00\" \/>\n<meta property=\"og:image\" content=\"https:\/\/anivet.lt\/elparduotuve\/wp-content\/uploads\/2026\/03\/Real-Dog-SP-Wet-Beef-and-rabbit-konservas-suaugusiems-sunims-su-jautiena-ir-triusiena.jpg\" \/>\n\t<meta property=\"og:image:width\" content=\"500\" \/>\n\t<meta property=\"og:image:height\" content=\"455\" \/>\n\t<meta property=\"og:image:type\" content=\"image\/jpeg\" \/>\n<meta name=\"twitter:card\" content=\"summary_large_image\" \/>\n<meta name=\"twitter:label1\" content=\"Est. reading time\" \/>\n\t<meta name=\"twitter:data1\" content=\"1 minut\u0117\" \/>\n<script type=\"application\/ld+json\" class=\"yoast-schema-graph\">{\"@context\":\"https:\\\/\\\/schema.org\",\"@graph\":[{\"@type\":\"WebPage\",\"@id\":\"https:\\\/\\\/anivet.lt\\\/elparduotuve\\\/produktas\\\/real-dog-sp-wet-beef-and-rabbit-konservas-sunims-su-jautiena-ir-triusiena\\\/\",\"url\":\"https:\\\/\\\/anivet.lt\\\/elparduotuve\\\/produktas\\\/real-dog-sp-wet-beef-and-rabbit-konservas-sunims-su-jautiena-ir-triusiena\\\/\",\"name\":\"Real Dog SP Wet Beef and rabbit konservas \u0161unims su jautiena ir triu\u0161iena - anivet.lt\",\"isPartOf\":{\"@id\":\"https:\\\/\\\/anivet.lt\\\/elparduotuve\\\/#website\"},\"primaryImageOfPage\":{\"@id\":\"https:\\\/\\\/anivet.lt\\\/elparduotuve\\\/produktas\\\/real-dog-sp-wet-beef-and-rabbit-konservas-sunims-su-jautiena-ir-triusiena\\\/#primaryimage\"},\"image\":{\"@id\":\"https:\\\/\\\/anivet.lt\\\/elparduotuve\\\/produktas\\\/real-dog-sp-wet-beef-and-rabbit-konservas-sunims-su-jautiena-ir-triusiena\\\/#primaryimage\"},\"thumbnailUrl\":\"https:\\\/\\\/anivet.lt\\\/elparduotuve\\\/wp-content\\\/uploads\\\/2026\\\/03\\\/Real-Dog-SP-Wet-Beef-and-rabbit-konservas-suaugusiems-sunims-su-jautiena-ir-triusiena.jpg\",\"datePublished\":\"2026-03-05T11:29:56+00:00\",\"dateModified\":\"2026-04-01T04:22:23+00:00\",\"description\":\"Konservuotas visavertis maistas suaugusiems \u0161unims su jautiena ir triu\u0161iena.\",\"breadcrumb\":{\"@id\":\"https:\\\/\\\/anivet.lt\\\/elparduotuve\\\/produktas\\\/real-dog-sp-wet-beef-and-rabbit-konservas-sunims-su-jautiena-ir-triusiena\\\/#breadcrumb\"},\"inLanguage\":\"lt-LT\",\"potentialAction\":[{\"@type\":\"ReadAction\",\"target\":[\"https:\\\/\\\/anivet.lt\\\/elparduotuve\\\/produktas\\\/real-dog-sp-wet-beef-and-rabbit-konservas-sunims-su-jautiena-ir-triusiena\\\/\"]}]},{\"@type\":\"ImageObject\",\"inLanguage\":\"lt-LT\",\"@id\":\"https:\\\/\\\/anivet.lt\\\/elparduotuve\\\/produktas\\\/real-dog-sp-wet-beef-and-rabbit-konservas-sunims-su-jautiena-ir-triusiena\\\/#primaryimage\",\"url\":\"https:\\\/\\\/anivet.lt\\\/elparduotuve\\\/wp-content\\\/uploads\\\/2026\\\/03\\\/Real-Dog-SP-Wet-Beef-and-rabbit-konservas-suaugusiems-sunims-su-jautiena-ir-triusiena.jpg\",\"contentUrl\":\"https:\\\/\\\/anivet.lt\\\/elparduotuve\\\/wp-content\\\/uploads\\\/2026\\\/03\\\/Real-Dog-SP-Wet-Beef-and-rabbit-konservas-suaugusiems-sunims-su-jautiena-ir-triusiena.jpg\",\"width\":500,\"height\":455},{\"@type\":\"BreadcrumbList\",\"@id\":\"https:\\\/\\\/anivet.lt\\\/elparduotuve\\\/produktas\\\/real-dog-sp-wet-beef-and-rabbit-konservas-sunims-su-jautiena-ir-triusiena\\\/#breadcrumb\",\"itemListElement\":[{\"@type\":\"ListItem\",\"position\":1,\"name\":\"Home\",\"item\":\"https:\\\/\\\/anivet.lt\\\/elparduotuve\\\/\"},{\"@type\":\"ListItem\",\"position\":2,\"name\":\"Produktai\",\"item\":\"https:\\\/\\\/anivet.lt\\\/elparduotuve\\\/produktai\\\/\"},{\"@type\":\"ListItem\",\"position\":3,\"name\":\"Real Dog SP Wet Beef and rabbit konservas \u0161unims su jautiena ir triu\u0161iena\"}]},{\"@type\":\"WebSite\",\"@id\":\"https:\\\/\\\/anivet.lt\\\/elparduotuve\\\/#website\",\"url\":\"https:\\\/\\\/anivet.lt\\\/elparduotuve\\\/\",\"name\":\"anivet.lt\",\"description\":\"Viskas J\u016bs\u0173 \u0161uns, kat\u0117s prie\u017ei\u016brai\",\"publisher\":{\"@id\":\"https:\\\/\\\/anivet.lt\\\/elparduotuve\\\/#organization\"},\"alternateName\":\"Viskas J\u016bs\u0173 \u0161uns, kat\u0117s prie\u017ei\u016brai\",\"potentialAction\":[{\"@type\":\"SearchAction\",\"target\":{\"@type\":\"EntryPoint\",\"urlTemplate\":\"https:\\\/\\\/anivet.lt\\\/elparduotuve\\\/?s={search_term_string}\"},\"query-input\":{\"@type\":\"PropertyValueSpecification\",\"valueRequired\":true,\"valueName\":\"search_term_string\"}}],\"inLanguage\":\"lt-LT\"},{\"@type\":\"Organization\",\"@id\":\"https:\\\/\\\/anivet.lt\\\/elparduotuve\\\/#organization\",\"name\":\"Viskas J\u016bs\u0173 \u0161uns, kat\u0117s prie\u017ei\u016brai\",\"url\":\"https:\\\/\\\/anivet.lt\\\/elparduotuve\\\/\",\"logo\":{\"@type\":\"ImageObject\",\"inLanguage\":\"lt-LT\",\"@id\":\"https:\\\/\\\/anivet.lt\\\/elparduotuve\\\/#\\\/schema\\\/logo\\\/image\\\/\",\"url\":\"https:\\\/\\\/anivet.lt\\\/elparduotuve\\\/wp-content\\\/uploads\\\/2023\\\/06\\\/logo2.jpg\",\"contentUrl\":\"https:\\\/\\\/anivet.lt\\\/elparduotuve\\\/wp-content\\\/uploads\\\/2023\\\/06\\\/logo2.jpg\",\"width\":655,\"height\":194,\"caption\":\"Viskas J\u016bs\u0173 \u0161uns, kat\u0117s prie\u017ei\u016brai\"},\"image\":{\"@id\":\"https:\\\/\\\/anivet.lt\\\/elparduotuve\\\/#\\\/schema\\\/logo\\\/image\\\/\"}}]}<\/script>\n<!-- \/ Yoast SEO Premium plugin. -->","yoast_head_json":{"title":"Real Dog SP Wet Beef and rabbit konservas \u0161unims su jautiena ir triu\u0161iena - anivet.lt","description":"Konservuotas visavertis maistas suaugusiems \u0161unims su jautiena ir triu\u0161iena.","robots":{"index":"index","follow":"follow","max-snippet":"max-snippet:-1","max-image-preview":"max-image-preview:large","max-video-preview":"max-video-preview:-1"},"canonical":"https:\/\/anivet.lt\/elparduotuve\/produktas\/real-dog-sp-wet-beef-and-rabbit-konservas-sunims-su-jautiena-ir-triusiena\/","og_locale":"lt_LT","og_type":"article","og_title":"Real Dog SP Wet Beef and rabbit konservas \u0161unims su jautiena ir triu\u0161iena","og_description":"Konservuotas visavertis maistas suaugusiems \u0161unims su jautiena ir triu\u0161iena.","og_url":"https:\/\/anivet.lt\/elparduotuve\/produktas\/real-dog-sp-wet-beef-and-rabbit-konservas-sunims-su-jautiena-ir-triusiena\/","og_site_name":"anivet.lt","article_modified_time":"2026-04-01T04:22:23+00:00","og_image":[{"width":500,"height":455,"url":"https:\/\/anivet.lt\/elparduotuve\/wp-content\/uploads\/2026\/03\/Real-Dog-SP-Wet-Beef-and-rabbit-konservas-suaugusiems-sunims-su-jautiena-ir-triusiena.jpg","type":"image\/jpeg"}],"twitter_card":"summary_large_image","twitter_misc":{"Est. reading time":"1 minut\u0117"},"schema":{"@context":"https:\/\/schema.org","@graph":[{"@type":"WebPage","@id":"https:\/\/anivet.lt\/elparduotuve\/produktas\/real-dog-sp-wet-beef-and-rabbit-konservas-sunims-su-jautiena-ir-triusiena\/","url":"https:\/\/anivet.lt\/elparduotuve\/produktas\/real-dog-sp-wet-beef-and-rabbit-konservas-sunims-su-jautiena-ir-triusiena\/","name":"Real Dog SP Wet Beef and rabbit konservas \u0161unims su jautiena ir triu\u0161iena - anivet.lt","isPartOf":{"@id":"https:\/\/anivet.lt\/elparduotuve\/#website"},"primaryImageOfPage":{"@id":"https:\/\/anivet.lt\/elparduotuve\/produktas\/real-dog-sp-wet-beef-and-rabbit-konservas-sunims-su-jautiena-ir-triusiena\/#primaryimage"},"image":{"@id":"https:\/\/anivet.lt\/elparduotuve\/produktas\/real-dog-sp-wet-beef-and-rabbit-konservas-sunims-su-jautiena-ir-triusiena\/#primaryimage"},"thumbnailUrl":"https:\/\/anivet.lt\/elparduotuve\/wp-content\/uploads\/2026\/03\/Real-Dog-SP-Wet-Beef-and-rabbit-konservas-suaugusiems-sunims-su-jautiena-ir-triusiena.jpg","datePublished":"2026-03-05T11:29:56+00:00","dateModified":"2026-04-01T04:22:23+00:00","description":"Konservuotas visavertis maistas suaugusiems \u0161unims su jautiena ir triu\u0161iena.","breadcrumb":{"@id":"https:\/\/anivet.lt\/elparduotuve\/produktas\/real-dog-sp-wet-beef-and-rabbit-konservas-sunims-su-jautiena-ir-triusiena\/#breadcrumb"},"inLanguage":"lt-LT","potentialAction":[{"@type":"ReadAction","target":["https:\/\/anivet.lt\/elparduotuve\/produktas\/real-dog-sp-wet-beef-and-rabbit-konservas-sunims-su-jautiena-ir-triusiena\/"]}]},{"@type":"ImageObject","inLanguage":"lt-LT","@id":"https:\/\/anivet.lt\/elparduotuve\/produktas\/real-dog-sp-wet-beef-and-rabbit-konservas-sunims-su-jautiena-ir-triusiena\/#primaryimage","url":"https:\/\/anivet.lt\/elparduotuve\/wp-content\/uploads\/2026\/03\/Real-Dog-SP-Wet-Beef-and-rabbit-konservas-suaugusiems-sunims-su-jautiena-ir-triusiena.jpg","contentUrl":"https:\/\/anivet.lt\/elparduotuve\/wp-content\/uploads\/2026\/03\/Real-Dog-SP-Wet-Beef-and-rabbit-konservas-suaugusiems-sunims-su-jautiena-ir-triusiena.jpg","width":500,"height":455},{"@type":"BreadcrumbList","@id":"https:\/\/anivet.lt\/elparduotuve\/produktas\/real-dog-sp-wet-beef-and-rabbit-konservas-sunims-su-jautiena-ir-triusiena\/#breadcrumb","itemListElement":[{"@type":"ListItem","position":1,"name":"Home","item":"https:\/\/anivet.lt\/elparduotuve\/"},{"@type":"ListItem","position":2,"name":"Produktai","item":"https:\/\/anivet.lt\/elparduotuve\/produktai\/"},{"@type":"ListItem","position":3,"name":"Real Dog SP Wet Beef and rabbit konservas \u0161unims su jautiena ir triu\u0161iena"}]},{"@type":"WebSite","@id":"https:\/\/anivet.lt\/elparduotuve\/#website","url":"https:\/\/anivet.lt\/elparduotuve\/","name":"anivet.lt","description":"Viskas J\u016bs\u0173 \u0161uns, kat\u0117s prie\u017ei\u016brai","publisher":{"@id":"https:\/\/anivet.lt\/elparduotuve\/#organization"},"alternateName":"Viskas J\u016bs\u0173 \u0161uns, kat\u0117s prie\u017ei\u016brai","potentialAction":[{"@type":"SearchAction","target":{"@type":"EntryPoint","urlTemplate":"https:\/\/anivet.lt\/elparduotuve\/?s={search_term_string}"},"query-input":{"@type":"PropertyValueSpecification","valueRequired":true,"valueName":"search_term_string"}}],"inLanguage":"lt-LT"},{"@type":"Organization","@id":"https:\/\/anivet.lt\/elparduotuve\/#organization","name":"Viskas J\u016bs\u0173 \u0161uns, kat\u0117s prie\u017ei\u016brai","url":"https:\/\/anivet.lt\/elparduotuve\/","logo":{"@type":"ImageObject","inLanguage":"lt-LT","@id":"https:\/\/anivet.lt\/elparduotuve\/#\/schema\/logo\/image\/","url":"https:\/\/anivet.lt\/elparduotuve\/wp-content\/uploads\/2023\/06\/logo2.jpg","contentUrl":"https:\/\/anivet.lt\/elparduotuve\/wp-content\/uploads\/2023\/06\/logo2.jpg","width":655,"height":194,"caption":"Viskas J\u016bs\u0173 \u0161uns, kat\u0117s prie\u017ei\u016brai"},"image":{"@id":"https:\/\/anivet.lt\/elparduotuve\/#\/schema\/logo\/image\/"}}]}},"_links":{"self":[{"href":"https:\/\/anivet.lt\/elparduotuve\/wp-json\/wp\/v2\/product\/20486","targetHints":{"allow":["GET"]}}],"collection":[{"href":"https:\/\/anivet.lt\/elparduotuve\/wp-json\/wp\/v2\/product"}],"about":[{"href":"https:\/\/anivet.lt\/elparduotuve\/wp-json\/wp\/v2\/types\/product"}],"wp:featuredmedia":[{"embeddable":true,"href":"https:\/\/anivet.lt\/elparduotuve\/wp-json\/wp\/v2\/media\/20487"}],"wp:attachment":[{"href":"https:\/\/anivet.lt\/elparduotuve\/wp-json\/wp\/v2\/media?parent=20486"}],"wp:term":[{"taxonomy":"product_brand","embeddable":true,"href":"https:\/\/anivet.lt\/elparduotuve\/wp-json\/wp\/v2\/product_brand?post=20486"},{"taxonomy":"product_cat","embeddable":true,"href":"https:\/\/anivet.lt\/elparduotuve\/wp-json\/wp\/v2\/product_cat?post=20486"},{"taxonomy":"product_tag","embeddable":true,"href":"https:\/\/anivet.lt\/elparduotuve\/wp-json\/wp\/v2\/product_tag?post=20486"}],"curies":[{"name":"wp","href":"https:\/\/api.w.org\/{rel}","templated":true}]}}