{"id":20567,"date":"2026-03-06T09:17:12","date_gmt":"2026-03-06T09:17:12","guid":{"rendered":"https:\/\/anivet.lt\/elparduotuve\/?post_type=product&#038;p=20567"},"modified":"2026-04-29T07:37:22","modified_gmt":"2026-04-29T07:37:22","slug":"monge-supreme-konservas-sterilizuotoms-katems-su-tunu-ir-moliugu-80g","status":"publish","type":"product","link":"https:\/\/anivet.lt\/elparduotuve\/produktas\/monge-supreme-konservas-sterilizuotoms-katems-su-tunu-ir-moliugu-80g\/","title":{"rendered":"Monge Supreme konservas sterilizuotoms kat\u0117ms su tunu ir moli\u016bgu 80g"},"content":{"rendered":"<ul>\n<li>Specialiai sukurtas sterilizuotoms suaugusioms kat\u0117ms, siekiant palaikyti sveik\u0105 k\u016bno svor\u012f ir optimali\u0105 vir\u0161kinimo funkcij\u0105.<\/li>\n<li>Pirmasis ingredientas \u2013 auk\u0161tos kokyb\u0117s dry\u017eieji tunai, papildyti moli\u016bgu \u2013 nat\u016braliu supermaisto ir skaidul\u0173 \u0161altiniu, kuris padeda reguliuoti vir\u0161kinamum\u0105.<\/li>\n<li>Formul\u0117 praturtinta fruktooligosacharidais (FOS) \u2013 nat\u016braliais prebiotikais, palaikan\u010diais sveik\u0105 \u017earnyno mikroflor\u0105.<\/li>\n<li>Atrinkti ingredientai, tokie kaip bolivin\u0117s balandos \u2013 turtingas antioksidantas, vitaminai ir mineralai, padeda neutralizuoti laisvuosius radikalus bei palaikyti kasdien\u012f kat\u0117s energingum\u0105.<\/li>\n<\/ul>\n","protected":false},"excerpt":{"rendered":"<p>Subalansuotas konservuotas maistas sterilizuotoms suaugusioms kat\u0117ms su tunu, bolivin\u0117mis balandomis ir moli\u016bgais. \u0160is subalansuotas konservuotas maistas yra idealus pasirinkimas sterilizuotoms suaugusioms kat\u0117ms, siekian\u010dioms i\u0161laikyti sveik\u0105 svor\u012f, gyvybingum\u0105 ir energing\u0105 kasdien\u012f gyvenim\u0105.<\/p>\n","protected":false},"featured_media":20568,"template":"","meta":[],"product_brand":[],"product_cat":[114,102,116,343],"product_tag":[],"class_list":{"0":"post-20567","1":"product","2":"type-product","3":"status-publish","4":"has-post-thumbnail","6":"product_cat-kaciu-maistas","7":"product_cat-katems","8":"product_cat-konservai-katems","9":"product_cat-monge-kaciu-maistas","10":"pa_prekinis-zenklas-monge","12":"first","13":"instock","14":"taxable","15":"shipping-taxable","16":"purchasable","17":"product-type-simple"},"yoast_head":"<!-- This site is optimized with the Yoast SEO Premium plugin v27.1 (Yoast SEO v27.5) - https:\/\/yoast.com\/product\/yoast-seo-premium-wordpress\/ -->\n<title>Monge Supreme konservas sterilizuotoms kat\u0117ms su tunu ir moli\u016bgu 80g - anivet.lt<\/title>\n<meta name=\"description\" content=\"Subalansuotas konservuotas maistas sterilizuotoms suaugusioms kat\u0117ms su tunu, bolivin\u0117mis balandomis ir moli\u016bgais. \u0160is subalansuotas konservuotas maistas yra idealus pasirinkimas sterilizuotoms suaugusioms kat\u0117ms, siekian\u010dioms i\u0161laikyti sveik\u0105 svor\u012f, gyvybingum\u0105 ir energing\u0105 kasdien\u012f gyvenim\u0105.\" \/>\n<meta name=\"robots\" content=\"index, follow, max-snippet:-1, max-image-preview:large, max-video-preview:-1\" \/>\n<link rel=\"canonical\" href=\"https:\/\/anivet.lt\/elparduotuve\/produktas\/monge-supreme-konservas-sterilizuotoms-katems-su-tunu-ir-moliugu-80g\/\" \/>\n<meta property=\"og:locale\" content=\"lt_LT\" \/>\n<meta property=\"og:type\" content=\"article\" \/>\n<meta property=\"og:title\" content=\"Monge Supreme konservas sterilizuotoms kat\u0117ms su tunu ir moli\u016bgu 80g\" \/>\n<meta property=\"og:description\" content=\"Subalansuotas konservuotas maistas sterilizuotoms suaugusioms kat\u0117ms su tunu, bolivin\u0117mis balandomis ir moli\u016bgais. \u0160is subalansuotas konservuotas maistas yra idealus pasirinkimas sterilizuotoms suaugusioms kat\u0117ms, siekian\u010dioms i\u0161laikyti sveik\u0105 svor\u012f, gyvybingum\u0105 ir energing\u0105 kasdien\u012f gyvenim\u0105.\" \/>\n<meta property=\"og:url\" content=\"https:\/\/anivet.lt\/elparduotuve\/produktas\/monge-supreme-konservas-sterilizuotoms-katems-su-tunu-ir-moliugu-80g\/\" \/>\n<meta property=\"og:site_name\" content=\"anivet.lt\" \/>\n<meta property=\"article:modified_time\" content=\"2026-04-29T07:37:22+00:00\" \/>\n<meta property=\"og:image\" content=\"https:\/\/anivet.lt\/elparduotuve\/wp-content\/uploads\/2026\/03\/Monge-Supreme-konservas-sterilizuotoms-katems-su-tunu-ir-moliugu-80g.jpg\" \/>\n\t<meta property=\"og:image:width\" content=\"381\" \/>\n\t<meta property=\"og:image:height\" content=\"492\" \/>\n\t<meta property=\"og:image:type\" content=\"image\/jpeg\" \/>\n<meta name=\"twitter:card\" content=\"summary_large_image\" \/>\n<meta name=\"twitter:label1\" content=\"Est. reading time\" \/>\n\t<meta name=\"twitter:data1\" content=\"1 minut\u0117\" \/>\n<script type=\"application\/ld+json\" class=\"yoast-schema-graph\">{\"@context\":\"https:\\\/\\\/schema.org\",\"@graph\":[{\"@type\":\"WebPage\",\"@id\":\"https:\\\/\\\/anivet.lt\\\/elparduotuve\\\/produktas\\\/monge-supreme-konservas-sterilizuotoms-katems-su-tunu-ir-moliugu-80g\\\/\",\"url\":\"https:\\\/\\\/anivet.lt\\\/elparduotuve\\\/produktas\\\/monge-supreme-konservas-sterilizuotoms-katems-su-tunu-ir-moliugu-80g\\\/\",\"name\":\"Monge Supreme konservas sterilizuotoms kat\u0117ms su tunu ir moli\u016bgu 80g - anivet.lt\",\"isPartOf\":{\"@id\":\"https:\\\/\\\/anivet.lt\\\/elparduotuve\\\/#website\"},\"primaryImageOfPage\":{\"@id\":\"https:\\\/\\\/anivet.lt\\\/elparduotuve\\\/produktas\\\/monge-supreme-konservas-sterilizuotoms-katems-su-tunu-ir-moliugu-80g\\\/#primaryimage\"},\"image\":{\"@id\":\"https:\\\/\\\/anivet.lt\\\/elparduotuve\\\/produktas\\\/monge-supreme-konservas-sterilizuotoms-katems-su-tunu-ir-moliugu-80g\\\/#primaryimage\"},\"thumbnailUrl\":\"https:\\\/\\\/anivet.lt\\\/elparduotuve\\\/wp-content\\\/uploads\\\/2026\\\/03\\\/Monge-Supreme-konservas-sterilizuotoms-katems-su-tunu-ir-moliugu-80g.jpg\",\"datePublished\":\"2026-03-06T09:17:12+00:00\",\"dateModified\":\"2026-04-29T07:37:22+00:00\",\"description\":\"Subalansuotas konservuotas maistas sterilizuotoms suaugusioms kat\u0117ms su tunu, bolivin\u0117mis balandomis ir moli\u016bgais. \u0160is subalansuotas konservuotas maistas yra idealus pasirinkimas sterilizuotoms suaugusioms kat\u0117ms, siekian\u010dioms i\u0161laikyti sveik\u0105 svor\u012f, gyvybingum\u0105 ir energing\u0105 kasdien\u012f gyvenim\u0105.\",\"breadcrumb\":{\"@id\":\"https:\\\/\\\/anivet.lt\\\/elparduotuve\\\/produktas\\\/monge-supreme-konservas-sterilizuotoms-katems-su-tunu-ir-moliugu-80g\\\/#breadcrumb\"},\"inLanguage\":\"lt-LT\",\"potentialAction\":[{\"@type\":\"ReadAction\",\"target\":[\"https:\\\/\\\/anivet.lt\\\/elparduotuve\\\/produktas\\\/monge-supreme-konservas-sterilizuotoms-katems-su-tunu-ir-moliugu-80g\\\/\"]}]},{\"@type\":\"ImageObject\",\"inLanguage\":\"lt-LT\",\"@id\":\"https:\\\/\\\/anivet.lt\\\/elparduotuve\\\/produktas\\\/monge-supreme-konservas-sterilizuotoms-katems-su-tunu-ir-moliugu-80g\\\/#primaryimage\",\"url\":\"https:\\\/\\\/anivet.lt\\\/elparduotuve\\\/wp-content\\\/uploads\\\/2026\\\/03\\\/Monge-Supreme-konservas-sterilizuotoms-katems-su-tunu-ir-moliugu-80g.jpg\",\"contentUrl\":\"https:\\\/\\\/anivet.lt\\\/elparduotuve\\\/wp-content\\\/uploads\\\/2026\\\/03\\\/Monge-Supreme-konservas-sterilizuotoms-katems-su-tunu-ir-moliugu-80g.jpg\",\"width\":381,\"height\":492,\"caption\":\"Monge Supreme konservas sterilizuotoms kat\u0117ms su tunu ir moli\u016bgu 80g\"},{\"@type\":\"BreadcrumbList\",\"@id\":\"https:\\\/\\\/anivet.lt\\\/elparduotuve\\\/produktas\\\/monge-supreme-konservas-sterilizuotoms-katems-su-tunu-ir-moliugu-80g\\\/#breadcrumb\",\"itemListElement\":[{\"@type\":\"ListItem\",\"position\":1,\"name\":\"Home\",\"item\":\"https:\\\/\\\/anivet.lt\\\/elparduotuve\\\/\"},{\"@type\":\"ListItem\",\"position\":2,\"name\":\"Produktai\",\"item\":\"https:\\\/\\\/anivet.lt\\\/elparduotuve\\\/produktai\\\/\"},{\"@type\":\"ListItem\",\"position\":3,\"name\":\"Monge Supreme konservas sterilizuotoms kat\u0117ms su tunu ir moli\u016bgu 80g\"}]},{\"@type\":\"WebSite\",\"@id\":\"https:\\\/\\\/anivet.lt\\\/elparduotuve\\\/#website\",\"url\":\"https:\\\/\\\/anivet.lt\\\/elparduotuve\\\/\",\"name\":\"anivet.lt\",\"description\":\"Viskas J\u016bs\u0173 \u0161uns, kat\u0117s prie\u017ei\u016brai\",\"publisher\":{\"@id\":\"https:\\\/\\\/anivet.lt\\\/elparduotuve\\\/#organization\"},\"alternateName\":\"Viskas J\u016bs\u0173 \u0161uns, kat\u0117s prie\u017ei\u016brai\",\"potentialAction\":[{\"@type\":\"SearchAction\",\"target\":{\"@type\":\"EntryPoint\",\"urlTemplate\":\"https:\\\/\\\/anivet.lt\\\/elparduotuve\\\/?s={search_term_string}\"},\"query-input\":{\"@type\":\"PropertyValueSpecification\",\"valueRequired\":true,\"valueName\":\"search_term_string\"}}],\"inLanguage\":\"lt-LT\"},{\"@type\":\"Organization\",\"@id\":\"https:\\\/\\\/anivet.lt\\\/elparduotuve\\\/#organization\",\"name\":\"Viskas J\u016bs\u0173 \u0161uns, kat\u0117s prie\u017ei\u016brai\",\"url\":\"https:\\\/\\\/anivet.lt\\\/elparduotuve\\\/\",\"logo\":{\"@type\":\"ImageObject\",\"inLanguage\":\"lt-LT\",\"@id\":\"https:\\\/\\\/anivet.lt\\\/elparduotuve\\\/#\\\/schema\\\/logo\\\/image\\\/\",\"url\":\"https:\\\/\\\/anivet.lt\\\/elparduotuve\\\/wp-content\\\/uploads\\\/2023\\\/06\\\/logo2.jpg\",\"contentUrl\":\"https:\\\/\\\/anivet.lt\\\/elparduotuve\\\/wp-content\\\/uploads\\\/2023\\\/06\\\/logo2.jpg\",\"width\":655,\"height\":194,\"caption\":\"Viskas J\u016bs\u0173 \u0161uns, kat\u0117s prie\u017ei\u016brai\"},\"image\":{\"@id\":\"https:\\\/\\\/anivet.lt\\\/elparduotuve\\\/#\\\/schema\\\/logo\\\/image\\\/\"}}]}<\/script>\n<!-- \/ Yoast SEO Premium plugin. -->","yoast_head_json":{"title":"Monge Supreme konservas sterilizuotoms kat\u0117ms su tunu ir moli\u016bgu 80g - anivet.lt","description":"Subalansuotas konservuotas maistas sterilizuotoms suaugusioms kat\u0117ms su tunu, bolivin\u0117mis balandomis ir moli\u016bgais. \u0160is subalansuotas konservuotas maistas yra idealus pasirinkimas sterilizuotoms suaugusioms kat\u0117ms, siekian\u010dioms i\u0161laikyti sveik\u0105 svor\u012f, gyvybingum\u0105 ir energing\u0105 kasdien\u012f gyvenim\u0105.","robots":{"index":"index","follow":"follow","max-snippet":"max-snippet:-1","max-image-preview":"max-image-preview:large","max-video-preview":"max-video-preview:-1"},"canonical":"https:\/\/anivet.lt\/elparduotuve\/produktas\/monge-supreme-konservas-sterilizuotoms-katems-su-tunu-ir-moliugu-80g\/","og_locale":"lt_LT","og_type":"article","og_title":"Monge Supreme konservas sterilizuotoms kat\u0117ms su tunu ir moli\u016bgu 80g","og_description":"Subalansuotas konservuotas maistas sterilizuotoms suaugusioms kat\u0117ms su tunu, bolivin\u0117mis balandomis ir moli\u016bgais. \u0160is subalansuotas konservuotas maistas yra idealus pasirinkimas sterilizuotoms suaugusioms kat\u0117ms, siekian\u010dioms i\u0161laikyti sveik\u0105 svor\u012f, gyvybingum\u0105 ir energing\u0105 kasdien\u012f gyvenim\u0105.","og_url":"https:\/\/anivet.lt\/elparduotuve\/produktas\/monge-supreme-konservas-sterilizuotoms-katems-su-tunu-ir-moliugu-80g\/","og_site_name":"anivet.lt","article_modified_time":"2026-04-29T07:37:22+00:00","og_image":[{"width":381,"height":492,"url":"https:\/\/anivet.lt\/elparduotuve\/wp-content\/uploads\/2026\/03\/Monge-Supreme-konservas-sterilizuotoms-katems-su-tunu-ir-moliugu-80g.jpg","type":"image\/jpeg"}],"twitter_card":"summary_large_image","twitter_misc":{"Est. reading time":"1 minut\u0117"},"schema":{"@context":"https:\/\/schema.org","@graph":[{"@type":"WebPage","@id":"https:\/\/anivet.lt\/elparduotuve\/produktas\/monge-supreme-konservas-sterilizuotoms-katems-su-tunu-ir-moliugu-80g\/","url":"https:\/\/anivet.lt\/elparduotuve\/produktas\/monge-supreme-konservas-sterilizuotoms-katems-su-tunu-ir-moliugu-80g\/","name":"Monge Supreme konservas sterilizuotoms kat\u0117ms su tunu ir moli\u016bgu 80g - anivet.lt","isPartOf":{"@id":"https:\/\/anivet.lt\/elparduotuve\/#website"},"primaryImageOfPage":{"@id":"https:\/\/anivet.lt\/elparduotuve\/produktas\/monge-supreme-konservas-sterilizuotoms-katems-su-tunu-ir-moliugu-80g\/#primaryimage"},"image":{"@id":"https:\/\/anivet.lt\/elparduotuve\/produktas\/monge-supreme-konservas-sterilizuotoms-katems-su-tunu-ir-moliugu-80g\/#primaryimage"},"thumbnailUrl":"https:\/\/anivet.lt\/elparduotuve\/wp-content\/uploads\/2026\/03\/Monge-Supreme-konservas-sterilizuotoms-katems-su-tunu-ir-moliugu-80g.jpg","datePublished":"2026-03-06T09:17:12+00:00","dateModified":"2026-04-29T07:37:22+00:00","description":"Subalansuotas konservuotas maistas sterilizuotoms suaugusioms kat\u0117ms su tunu, bolivin\u0117mis balandomis ir moli\u016bgais. \u0160is subalansuotas konservuotas maistas yra idealus pasirinkimas sterilizuotoms suaugusioms kat\u0117ms, siekian\u010dioms i\u0161laikyti sveik\u0105 svor\u012f, gyvybingum\u0105 ir energing\u0105 kasdien\u012f gyvenim\u0105.","breadcrumb":{"@id":"https:\/\/anivet.lt\/elparduotuve\/produktas\/monge-supreme-konservas-sterilizuotoms-katems-su-tunu-ir-moliugu-80g\/#breadcrumb"},"inLanguage":"lt-LT","potentialAction":[{"@type":"ReadAction","target":["https:\/\/anivet.lt\/elparduotuve\/produktas\/monge-supreme-konservas-sterilizuotoms-katems-su-tunu-ir-moliugu-80g\/"]}]},{"@type":"ImageObject","inLanguage":"lt-LT","@id":"https:\/\/anivet.lt\/elparduotuve\/produktas\/monge-supreme-konservas-sterilizuotoms-katems-su-tunu-ir-moliugu-80g\/#primaryimage","url":"https:\/\/anivet.lt\/elparduotuve\/wp-content\/uploads\/2026\/03\/Monge-Supreme-konservas-sterilizuotoms-katems-su-tunu-ir-moliugu-80g.jpg","contentUrl":"https:\/\/anivet.lt\/elparduotuve\/wp-content\/uploads\/2026\/03\/Monge-Supreme-konservas-sterilizuotoms-katems-su-tunu-ir-moliugu-80g.jpg","width":381,"height":492,"caption":"Monge Supreme konservas sterilizuotoms kat\u0117ms su tunu ir moli\u016bgu 80g"},{"@type":"BreadcrumbList","@id":"https:\/\/anivet.lt\/elparduotuve\/produktas\/monge-supreme-konservas-sterilizuotoms-katems-su-tunu-ir-moliugu-80g\/#breadcrumb","itemListElement":[{"@type":"ListItem","position":1,"name":"Home","item":"https:\/\/anivet.lt\/elparduotuve\/"},{"@type":"ListItem","position":2,"name":"Produktai","item":"https:\/\/anivet.lt\/elparduotuve\/produktai\/"},{"@type":"ListItem","position":3,"name":"Monge Supreme konservas sterilizuotoms kat\u0117ms su tunu ir moli\u016bgu 80g"}]},{"@type":"WebSite","@id":"https:\/\/anivet.lt\/elparduotuve\/#website","url":"https:\/\/anivet.lt\/elparduotuve\/","name":"anivet.lt","description":"Viskas J\u016bs\u0173 \u0161uns, kat\u0117s prie\u017ei\u016brai","publisher":{"@id":"https:\/\/anivet.lt\/elparduotuve\/#organization"},"alternateName":"Viskas J\u016bs\u0173 \u0161uns, kat\u0117s prie\u017ei\u016brai","potentialAction":[{"@type":"SearchAction","target":{"@type":"EntryPoint","urlTemplate":"https:\/\/anivet.lt\/elparduotuve\/?s={search_term_string}"},"query-input":{"@type":"PropertyValueSpecification","valueRequired":true,"valueName":"search_term_string"}}],"inLanguage":"lt-LT"},{"@type":"Organization","@id":"https:\/\/anivet.lt\/elparduotuve\/#organization","name":"Viskas J\u016bs\u0173 \u0161uns, kat\u0117s prie\u017ei\u016brai","url":"https:\/\/anivet.lt\/elparduotuve\/","logo":{"@type":"ImageObject","inLanguage":"lt-LT","@id":"https:\/\/anivet.lt\/elparduotuve\/#\/schema\/logo\/image\/","url":"https:\/\/anivet.lt\/elparduotuve\/wp-content\/uploads\/2023\/06\/logo2.jpg","contentUrl":"https:\/\/anivet.lt\/elparduotuve\/wp-content\/uploads\/2023\/06\/logo2.jpg","width":655,"height":194,"caption":"Viskas J\u016bs\u0173 \u0161uns, kat\u0117s prie\u017ei\u016brai"},"image":{"@id":"https:\/\/anivet.lt\/elparduotuve\/#\/schema\/logo\/image\/"}}]}},"_links":{"self":[{"href":"https:\/\/anivet.lt\/elparduotuve\/wp-json\/wp\/v2\/product\/20567","targetHints":{"allow":["GET"]}}],"collection":[{"href":"https:\/\/anivet.lt\/elparduotuve\/wp-json\/wp\/v2\/product"}],"about":[{"href":"https:\/\/anivet.lt\/elparduotuve\/wp-json\/wp\/v2\/types\/product"}],"wp:featuredmedia":[{"embeddable":true,"href":"https:\/\/anivet.lt\/elparduotuve\/wp-json\/wp\/v2\/media\/20568"}],"wp:attachment":[{"href":"https:\/\/anivet.lt\/elparduotuve\/wp-json\/wp\/v2\/media?parent=20567"}],"wp:term":[{"taxonomy":"product_brand","embeddable":true,"href":"https:\/\/anivet.lt\/elparduotuve\/wp-json\/wp\/v2\/product_brand?post=20567"},{"taxonomy":"product_cat","embeddable":true,"href":"https:\/\/anivet.lt\/elparduotuve\/wp-json\/wp\/v2\/product_cat?post=20567"},{"taxonomy":"product_tag","embeddable":true,"href":"https:\/\/anivet.lt\/elparduotuve\/wp-json\/wp\/v2\/product_tag?post=20567"}],"curies":[{"name":"wp","href":"https:\/\/api.w.org\/{rel}","templated":true}]}}