{"id":20586,"date":"2026-03-06T10:42:37","date_gmt":"2026-03-06T10:42:37","guid":{"rendered":"https:\/\/anivet.lt\/elparduotuve\/?post_type=product&#038;p=20586"},"modified":"2026-04-09T09:44:34","modified_gmt":"2026-04-09T09:44:34","slug":"monge-natural-konservas-katems-su-vistiena-ir-juros-gerybemis-80g","status":"publish","type":"product","link":"https:\/\/anivet.lt\/elparduotuve\/produktas\/monge-natural-konservas-katems-su-vistiena-ir-juros-gerybemis-80g\/","title":{"rendered":"Monge Natural konservas kat\u0117ms su vi\u0161tiena ir j\u016bros g\u0117ryb\u0117mis 80g"},"content":{"rendered":"<ul>\n<li>\u0160is garuose virtas ka\u010di\u0173 maistas gaminamas i\u0161 kruop\u0161\u010diai atrinkt\u0173 ingredient\u0173, vertinam\u0173 d\u0117l j\u0173 maistin\u0117s vert\u0117s ir kokyb\u0117s.<\/li>\n<li>J\u016bros g\u0117rybi\u0173 ir \u0161velnios vi\u0161tienos derinys suteikia auk\u0161tos kokyb\u0117s baltym\u0173, reikaling\u0173 raumen\u0173 palaikymui ir gerai savijautai.<\/li>\n<li>Sud\u0117tis papildyta fruktooligosacharidais (F.O.S.), kurie prisideda prie sveikos \u017earnyno mikrofloros ir geresnio vir\u0161kinimo.<\/li>\n<li>Pagamintas be prid\u0117tini\u0173 da\u017eikli\u0173 ir konservant\u0173.<\/li>\n<li>Puikiai tinka kaip papildomas maistas prie sauso pa\u0161aro arba kaip gardus kasdienis pasirinkimas j\u016bs\u0173 augintinei.<\/li>\n<\/ul>\n","protected":false},"excerpt":{"rendered":"<p>Konservuotas maistas suaugusioms kat\u0117ms su j\u016bros g\u0117ryb\u0117mis ir vi\u0161tiena \u2013 subalansuotas ir gardus pasirinkimas kasdienei mitybai.<\/p>\n","protected":false},"featured_media":20587,"template":"","meta":[],"product_brand":[],"product_cat":[114,102,116,343],"product_tag":[],"class_list":{"0":"post-20586","1":"product","2":"type-product","3":"status-publish","4":"has-post-thumbnail","6":"product_cat-kaciu-maistas","7":"product_cat-katems","8":"product_cat-konservai-katems","9":"product_cat-monge-kaciu-maistas","10":"pa_prekinis-zenklas-monge","12":"first","13":"instock","14":"taxable","15":"shipping-taxable","16":"purchasable","17":"product-type-simple"},"yoast_head":"<!-- This site is optimized with the Yoast SEO Premium plugin v27.1 (Yoast SEO v27.5) - https:\/\/yoast.com\/product\/yoast-seo-premium-wordpress\/ -->\n<title>Monge Natural konservas kat\u0117ms su vi\u0161tiena ir j\u016bros g\u0117ryb\u0117mis 80g - anivet.lt<\/title>\n<meta name=\"description\" content=\"Konservuotas maistas suaugusioms kat\u0117ms su j\u016bros g\u0117ryb\u0117mis ir vi\u0161tiena \u2013 subalansuotas ir gardus pasirinkimas kasdienei mitybai.\" \/>\n<meta name=\"robots\" content=\"index, follow, max-snippet:-1, max-image-preview:large, max-video-preview:-1\" \/>\n<link rel=\"canonical\" href=\"https:\/\/anivet.lt\/elparduotuve\/produktas\/monge-natural-konservas-katems-su-vistiena-ir-juros-gerybemis-80g\/\" \/>\n<meta property=\"og:locale\" content=\"lt_LT\" \/>\n<meta property=\"og:type\" content=\"article\" \/>\n<meta property=\"og:title\" content=\"Monge Natural konservas kat\u0117ms su vi\u0161tiena ir j\u016bros g\u0117ryb\u0117mis 80g\" \/>\n<meta property=\"og:description\" content=\"Konservuotas maistas suaugusioms kat\u0117ms su j\u016bros g\u0117ryb\u0117mis ir vi\u0161tiena \u2013 subalansuotas ir gardus pasirinkimas kasdienei mitybai.\" \/>\n<meta property=\"og:url\" content=\"https:\/\/anivet.lt\/elparduotuve\/produktas\/monge-natural-konservas-katems-su-vistiena-ir-juros-gerybemis-80g\/\" \/>\n<meta property=\"og:site_name\" content=\"anivet.lt\" \/>\n<meta property=\"article:modified_time\" content=\"2026-04-09T09:44:34+00:00\" \/>\n<meta property=\"og:image\" content=\"https:\/\/anivet.lt\/elparduotuve\/wp-content\/uploads\/2026\/03\/Monge-Natural-konservas-katems-su-vistiena-ir-juros-gerybemis-80g.jpg\" \/>\n\t<meta property=\"og:image:width\" content=\"450\" \/>\n\t<meta property=\"og:image:height\" content=\"293\" \/>\n\t<meta property=\"og:image:type\" content=\"image\/jpeg\" \/>\n<meta name=\"twitter:card\" content=\"summary_large_image\" \/>\n<meta name=\"twitter:label1\" content=\"Est. reading time\" \/>\n\t<meta name=\"twitter:data1\" content=\"1 minut\u0117\" \/>\n<script type=\"application\/ld+json\" class=\"yoast-schema-graph\">{\"@context\":\"https:\\\/\\\/schema.org\",\"@graph\":[{\"@type\":\"WebPage\",\"@id\":\"https:\\\/\\\/anivet.lt\\\/elparduotuve\\\/produktas\\\/monge-natural-konservas-katems-su-vistiena-ir-juros-gerybemis-80g\\\/\",\"url\":\"https:\\\/\\\/anivet.lt\\\/elparduotuve\\\/produktas\\\/monge-natural-konservas-katems-su-vistiena-ir-juros-gerybemis-80g\\\/\",\"name\":\"Monge Natural konservas kat\u0117ms su vi\u0161tiena ir j\u016bros g\u0117ryb\u0117mis 80g - anivet.lt\",\"isPartOf\":{\"@id\":\"https:\\\/\\\/anivet.lt\\\/elparduotuve\\\/#website\"},\"primaryImageOfPage\":{\"@id\":\"https:\\\/\\\/anivet.lt\\\/elparduotuve\\\/produktas\\\/monge-natural-konservas-katems-su-vistiena-ir-juros-gerybemis-80g\\\/#primaryimage\"},\"image\":{\"@id\":\"https:\\\/\\\/anivet.lt\\\/elparduotuve\\\/produktas\\\/monge-natural-konservas-katems-su-vistiena-ir-juros-gerybemis-80g\\\/#primaryimage\"},\"thumbnailUrl\":\"https:\\\/\\\/anivet.lt\\\/elparduotuve\\\/wp-content\\\/uploads\\\/2026\\\/03\\\/Monge-Natural-konservas-katems-su-vistiena-ir-juros-gerybemis-80g.jpg\",\"datePublished\":\"2026-03-06T10:42:37+00:00\",\"dateModified\":\"2026-04-09T09:44:34+00:00\",\"description\":\"Konservuotas maistas suaugusioms kat\u0117ms su j\u016bros g\u0117ryb\u0117mis ir vi\u0161tiena \u2013 subalansuotas ir gardus pasirinkimas kasdienei mitybai.\",\"breadcrumb\":{\"@id\":\"https:\\\/\\\/anivet.lt\\\/elparduotuve\\\/produktas\\\/monge-natural-konservas-katems-su-vistiena-ir-juros-gerybemis-80g\\\/#breadcrumb\"},\"inLanguage\":\"lt-LT\",\"potentialAction\":[{\"@type\":\"ReadAction\",\"target\":[\"https:\\\/\\\/anivet.lt\\\/elparduotuve\\\/produktas\\\/monge-natural-konservas-katems-su-vistiena-ir-juros-gerybemis-80g\\\/\"]}]},{\"@type\":\"ImageObject\",\"inLanguage\":\"lt-LT\",\"@id\":\"https:\\\/\\\/anivet.lt\\\/elparduotuve\\\/produktas\\\/monge-natural-konservas-katems-su-vistiena-ir-juros-gerybemis-80g\\\/#primaryimage\",\"url\":\"https:\\\/\\\/anivet.lt\\\/elparduotuve\\\/wp-content\\\/uploads\\\/2026\\\/03\\\/Monge-Natural-konservas-katems-su-vistiena-ir-juros-gerybemis-80g.jpg\",\"contentUrl\":\"https:\\\/\\\/anivet.lt\\\/elparduotuve\\\/wp-content\\\/uploads\\\/2026\\\/03\\\/Monge-Natural-konservas-katems-su-vistiena-ir-juros-gerybemis-80g.jpg\",\"width\":450,\"height\":293,\"caption\":\"Monge Natural konservas kat\u0117ms su vi\u0161tiena ir j\u016bros g\u0117ryb\u0117mis 80g\"},{\"@type\":\"BreadcrumbList\",\"@id\":\"https:\\\/\\\/anivet.lt\\\/elparduotuve\\\/produktas\\\/monge-natural-konservas-katems-su-vistiena-ir-juros-gerybemis-80g\\\/#breadcrumb\",\"itemListElement\":[{\"@type\":\"ListItem\",\"position\":1,\"name\":\"Home\",\"item\":\"https:\\\/\\\/anivet.lt\\\/elparduotuve\\\/\"},{\"@type\":\"ListItem\",\"position\":2,\"name\":\"Produktai\",\"item\":\"https:\\\/\\\/anivet.lt\\\/elparduotuve\\\/produktai\\\/\"},{\"@type\":\"ListItem\",\"position\":3,\"name\":\"Monge Natural konservas kat\u0117ms su vi\u0161tiena ir j\u016bros g\u0117ryb\u0117mis 80g\"}]},{\"@type\":\"WebSite\",\"@id\":\"https:\\\/\\\/anivet.lt\\\/elparduotuve\\\/#website\",\"url\":\"https:\\\/\\\/anivet.lt\\\/elparduotuve\\\/\",\"name\":\"anivet.lt\",\"description\":\"Viskas J\u016bs\u0173 \u0161uns, kat\u0117s prie\u017ei\u016brai\",\"publisher\":{\"@id\":\"https:\\\/\\\/anivet.lt\\\/elparduotuve\\\/#organization\"},\"alternateName\":\"Viskas J\u016bs\u0173 \u0161uns, kat\u0117s prie\u017ei\u016brai\",\"potentialAction\":[{\"@type\":\"SearchAction\",\"target\":{\"@type\":\"EntryPoint\",\"urlTemplate\":\"https:\\\/\\\/anivet.lt\\\/elparduotuve\\\/?s={search_term_string}\"},\"query-input\":{\"@type\":\"PropertyValueSpecification\",\"valueRequired\":true,\"valueName\":\"search_term_string\"}}],\"inLanguage\":\"lt-LT\"},{\"@type\":\"Organization\",\"@id\":\"https:\\\/\\\/anivet.lt\\\/elparduotuve\\\/#organization\",\"name\":\"Viskas J\u016bs\u0173 \u0161uns, kat\u0117s prie\u017ei\u016brai\",\"url\":\"https:\\\/\\\/anivet.lt\\\/elparduotuve\\\/\",\"logo\":{\"@type\":\"ImageObject\",\"inLanguage\":\"lt-LT\",\"@id\":\"https:\\\/\\\/anivet.lt\\\/elparduotuve\\\/#\\\/schema\\\/logo\\\/image\\\/\",\"url\":\"https:\\\/\\\/anivet.lt\\\/elparduotuve\\\/wp-content\\\/uploads\\\/2023\\\/06\\\/logo2.jpg\",\"contentUrl\":\"https:\\\/\\\/anivet.lt\\\/elparduotuve\\\/wp-content\\\/uploads\\\/2023\\\/06\\\/logo2.jpg\",\"width\":655,\"height\":194,\"caption\":\"Viskas J\u016bs\u0173 \u0161uns, kat\u0117s prie\u017ei\u016brai\"},\"image\":{\"@id\":\"https:\\\/\\\/anivet.lt\\\/elparduotuve\\\/#\\\/schema\\\/logo\\\/image\\\/\"}}]}<\/script>\n<!-- \/ Yoast SEO Premium plugin. -->","yoast_head_json":{"title":"Monge Natural konservas kat\u0117ms su vi\u0161tiena ir j\u016bros g\u0117ryb\u0117mis 80g - anivet.lt","description":"Konservuotas maistas suaugusioms kat\u0117ms su j\u016bros g\u0117ryb\u0117mis ir vi\u0161tiena \u2013 subalansuotas ir gardus pasirinkimas kasdienei mitybai.","robots":{"index":"index","follow":"follow","max-snippet":"max-snippet:-1","max-image-preview":"max-image-preview:large","max-video-preview":"max-video-preview:-1"},"canonical":"https:\/\/anivet.lt\/elparduotuve\/produktas\/monge-natural-konservas-katems-su-vistiena-ir-juros-gerybemis-80g\/","og_locale":"lt_LT","og_type":"article","og_title":"Monge Natural konservas kat\u0117ms su vi\u0161tiena ir j\u016bros g\u0117ryb\u0117mis 80g","og_description":"Konservuotas maistas suaugusioms kat\u0117ms su j\u016bros g\u0117ryb\u0117mis ir vi\u0161tiena \u2013 subalansuotas ir gardus pasirinkimas kasdienei mitybai.","og_url":"https:\/\/anivet.lt\/elparduotuve\/produktas\/monge-natural-konservas-katems-su-vistiena-ir-juros-gerybemis-80g\/","og_site_name":"anivet.lt","article_modified_time":"2026-04-09T09:44:34+00:00","og_image":[{"width":450,"height":293,"url":"https:\/\/anivet.lt\/elparduotuve\/wp-content\/uploads\/2026\/03\/Monge-Natural-konservas-katems-su-vistiena-ir-juros-gerybemis-80g.jpg","type":"image\/jpeg"}],"twitter_card":"summary_large_image","twitter_misc":{"Est. reading time":"1 minut\u0117"},"schema":{"@context":"https:\/\/schema.org","@graph":[{"@type":"WebPage","@id":"https:\/\/anivet.lt\/elparduotuve\/produktas\/monge-natural-konservas-katems-su-vistiena-ir-juros-gerybemis-80g\/","url":"https:\/\/anivet.lt\/elparduotuve\/produktas\/monge-natural-konservas-katems-su-vistiena-ir-juros-gerybemis-80g\/","name":"Monge Natural konservas kat\u0117ms su vi\u0161tiena ir j\u016bros g\u0117ryb\u0117mis 80g - anivet.lt","isPartOf":{"@id":"https:\/\/anivet.lt\/elparduotuve\/#website"},"primaryImageOfPage":{"@id":"https:\/\/anivet.lt\/elparduotuve\/produktas\/monge-natural-konservas-katems-su-vistiena-ir-juros-gerybemis-80g\/#primaryimage"},"image":{"@id":"https:\/\/anivet.lt\/elparduotuve\/produktas\/monge-natural-konservas-katems-su-vistiena-ir-juros-gerybemis-80g\/#primaryimage"},"thumbnailUrl":"https:\/\/anivet.lt\/elparduotuve\/wp-content\/uploads\/2026\/03\/Monge-Natural-konservas-katems-su-vistiena-ir-juros-gerybemis-80g.jpg","datePublished":"2026-03-06T10:42:37+00:00","dateModified":"2026-04-09T09:44:34+00:00","description":"Konservuotas maistas suaugusioms kat\u0117ms su j\u016bros g\u0117ryb\u0117mis ir vi\u0161tiena \u2013 subalansuotas ir gardus pasirinkimas kasdienei mitybai.","breadcrumb":{"@id":"https:\/\/anivet.lt\/elparduotuve\/produktas\/monge-natural-konservas-katems-su-vistiena-ir-juros-gerybemis-80g\/#breadcrumb"},"inLanguage":"lt-LT","potentialAction":[{"@type":"ReadAction","target":["https:\/\/anivet.lt\/elparduotuve\/produktas\/monge-natural-konservas-katems-su-vistiena-ir-juros-gerybemis-80g\/"]}]},{"@type":"ImageObject","inLanguage":"lt-LT","@id":"https:\/\/anivet.lt\/elparduotuve\/produktas\/monge-natural-konservas-katems-su-vistiena-ir-juros-gerybemis-80g\/#primaryimage","url":"https:\/\/anivet.lt\/elparduotuve\/wp-content\/uploads\/2026\/03\/Monge-Natural-konservas-katems-su-vistiena-ir-juros-gerybemis-80g.jpg","contentUrl":"https:\/\/anivet.lt\/elparduotuve\/wp-content\/uploads\/2026\/03\/Monge-Natural-konservas-katems-su-vistiena-ir-juros-gerybemis-80g.jpg","width":450,"height":293,"caption":"Monge Natural konservas kat\u0117ms su vi\u0161tiena ir j\u016bros g\u0117ryb\u0117mis 80g"},{"@type":"BreadcrumbList","@id":"https:\/\/anivet.lt\/elparduotuve\/produktas\/monge-natural-konservas-katems-su-vistiena-ir-juros-gerybemis-80g\/#breadcrumb","itemListElement":[{"@type":"ListItem","position":1,"name":"Home","item":"https:\/\/anivet.lt\/elparduotuve\/"},{"@type":"ListItem","position":2,"name":"Produktai","item":"https:\/\/anivet.lt\/elparduotuve\/produktai\/"},{"@type":"ListItem","position":3,"name":"Monge Natural konservas kat\u0117ms su vi\u0161tiena ir j\u016bros g\u0117ryb\u0117mis 80g"}]},{"@type":"WebSite","@id":"https:\/\/anivet.lt\/elparduotuve\/#website","url":"https:\/\/anivet.lt\/elparduotuve\/","name":"anivet.lt","description":"Viskas J\u016bs\u0173 \u0161uns, kat\u0117s prie\u017ei\u016brai","publisher":{"@id":"https:\/\/anivet.lt\/elparduotuve\/#organization"},"alternateName":"Viskas J\u016bs\u0173 \u0161uns, kat\u0117s prie\u017ei\u016brai","potentialAction":[{"@type":"SearchAction","target":{"@type":"EntryPoint","urlTemplate":"https:\/\/anivet.lt\/elparduotuve\/?s={search_term_string}"},"query-input":{"@type":"PropertyValueSpecification","valueRequired":true,"valueName":"search_term_string"}}],"inLanguage":"lt-LT"},{"@type":"Organization","@id":"https:\/\/anivet.lt\/elparduotuve\/#organization","name":"Viskas J\u016bs\u0173 \u0161uns, kat\u0117s prie\u017ei\u016brai","url":"https:\/\/anivet.lt\/elparduotuve\/","logo":{"@type":"ImageObject","inLanguage":"lt-LT","@id":"https:\/\/anivet.lt\/elparduotuve\/#\/schema\/logo\/image\/","url":"https:\/\/anivet.lt\/elparduotuve\/wp-content\/uploads\/2023\/06\/logo2.jpg","contentUrl":"https:\/\/anivet.lt\/elparduotuve\/wp-content\/uploads\/2023\/06\/logo2.jpg","width":655,"height":194,"caption":"Viskas J\u016bs\u0173 \u0161uns, kat\u0117s prie\u017ei\u016brai"},"image":{"@id":"https:\/\/anivet.lt\/elparduotuve\/#\/schema\/logo\/image\/"}}]}},"_links":{"self":[{"href":"https:\/\/anivet.lt\/elparduotuve\/wp-json\/wp\/v2\/product\/20586","targetHints":{"allow":["GET"]}}],"collection":[{"href":"https:\/\/anivet.lt\/elparduotuve\/wp-json\/wp\/v2\/product"}],"about":[{"href":"https:\/\/anivet.lt\/elparduotuve\/wp-json\/wp\/v2\/types\/product"}],"wp:featuredmedia":[{"embeddable":true,"href":"https:\/\/anivet.lt\/elparduotuve\/wp-json\/wp\/v2\/media\/20587"}],"wp:attachment":[{"href":"https:\/\/anivet.lt\/elparduotuve\/wp-json\/wp\/v2\/media?parent=20586"}],"wp:term":[{"taxonomy":"product_brand","embeddable":true,"href":"https:\/\/anivet.lt\/elparduotuve\/wp-json\/wp\/v2\/product_brand?post=20586"},{"taxonomy":"product_cat","embeddable":true,"href":"https:\/\/anivet.lt\/elparduotuve\/wp-json\/wp\/v2\/product_cat?post=20586"},{"taxonomy":"product_tag","embeddable":true,"href":"https:\/\/anivet.lt\/elparduotuve\/wp-json\/wp\/v2\/product_tag?post=20586"}],"curies":[{"name":"wp","href":"https:\/\/api.w.org\/{rel}","templated":true}]}}