{"id":20592,"date":"2026-03-06T11:16:34","date_gmt":"2026-03-06T11:16:34","guid":{"rendered":"https:\/\/anivet.lt\/elparduotuve\/?post_type=product&#038;p=20592"},"modified":"2026-04-29T07:14:15","modified_gmt":"2026-04-29T07:14:15","slug":"monge-natural-konservas-katems-su-tunu-vistiena-ir-krevetemis-80g","status":"publish","type":"product","link":"https:\/\/anivet.lt\/elparduotuve\/produktas\/monge-natural-konservas-katems-su-tunu-vistiena-ir-krevetemis-80g\/","title":{"rendered":"Monge Natural konservas kat\u0117ms su tunu, vi\u0161tiena ir krevet\u0117mis 80g"},"content":{"rendered":"<ul>\n<li>Gelsvauodegi\u0173 tun\u0173 ir \u0161velnios vi\u0161tienos derinys suteikia lengvai vir\u0161kinam\u0173, biologi\u0161kai verting\u0173 baltym\u0173, o krevet\u0117s papildo recept\u0105 i\u0161skirtiniu skoniu ir papildomomis maistin\u0117mis med\u017eiagomis.<\/li>\n<li>Sud\u0117tis praturtinta fruktooligosacharidais (F.O.S.), kurie padeda palaikyti sveik\u0105 \u017earnyno mikroflor\u0105 ir ger\u0105 vir\u0161kinim\u0105.<\/li>\n<li>Konservai padeda palaikyti suaugusios kat\u0117s energij\u0105, aktyvum\u0105 ir ger\u0105 savijaut\u0105 kiekvien\u0105 dien\u0105.<\/li>\n<li>Pagaminta be prid\u0117tini\u0173 da\u017eikli\u0173 ir konservant\u0173.<\/li>\n<li>Puikiai tinka kaip papildomas maistas prie sauso pa\u0161aro arba kaip gardus kasdienis pasirinkimas j\u016bs\u0173 katei.<\/li>\n<\/ul>\n","protected":false},"excerpt":{"rendered":"<p>Konservas suaugusioms kat\u0117ms su tunais, vi\u0161tiena ir krevet\u0117mis \u2013 visavertis ir gardus pasirinkimas kasdienei mitybai. \u0160is garuose virtas ka\u010di\u0173 maistas gaminamas i\u0161 kruop\u0161\u010diai atrinkt\u0173 ingredient\u0173, pasi\u017eymin\u010di\u0173 auk\u0161ta maistine verte ir kokybe.<\/p>\n","protected":false},"featured_media":20593,"template":"","meta":[],"product_brand":[],"product_cat":[114,102,116,343],"product_tag":[],"class_list":{"0":"post-20592","1":"product","2":"type-product","3":"status-publish","4":"has-post-thumbnail","6":"product_cat-kaciu-maistas","7":"product_cat-katems","8":"product_cat-konservai-katems","9":"product_cat-monge-kaciu-maistas","10":"pa_prekinis-zenklas-monge","12":"first","13":"instock","14":"taxable","15":"shipping-taxable","16":"purchasable","17":"product-type-simple"},"yoast_head":"<!-- This site is optimized with the Yoast SEO Premium plugin v27.1 (Yoast SEO v27.5) - https:\/\/yoast.com\/product\/yoast-seo-premium-wordpress\/ -->\n<title>Monge Natural konservas kat\u0117ms su tunu, vi\u0161tiena ir krevet\u0117mis 80g - anivet.lt<\/title>\n<meta name=\"description\" content=\"Konservas suaugusioms kat\u0117ms su tunais, vi\u0161tiena ir krevet\u0117mis \u2013 visavertis ir gardus pasirinkimas kasdienei mitybai. \u0160is garuose virtas ka\u010di\u0173 maistas gaminamas i\u0161 kruop\u0161\u010diai atrinkt\u0173 ingredient\u0173, pasi\u017eymin\u010di\u0173 auk\u0161ta maistine verte ir kokybe.\" \/>\n<meta name=\"robots\" content=\"index, follow, max-snippet:-1, max-image-preview:large, max-video-preview:-1\" \/>\n<link rel=\"canonical\" href=\"https:\/\/anivet.lt\/elparduotuve\/produktas\/monge-natural-konservas-katems-su-tunu-vistiena-ir-krevetemis-80g\/\" \/>\n<meta property=\"og:locale\" content=\"lt_LT\" \/>\n<meta property=\"og:type\" content=\"article\" \/>\n<meta property=\"og:title\" content=\"Monge Natural konservas kat\u0117ms su tunu, vi\u0161tiena ir krevet\u0117mis 80g\" \/>\n<meta property=\"og:description\" content=\"Konservas suaugusioms kat\u0117ms su tunais, vi\u0161tiena ir krevet\u0117mis \u2013 visavertis ir gardus pasirinkimas kasdienei mitybai. \u0160is garuose virtas ka\u010di\u0173 maistas gaminamas i\u0161 kruop\u0161\u010diai atrinkt\u0173 ingredient\u0173, pasi\u017eymin\u010di\u0173 auk\u0161ta maistine verte ir kokybe.\" \/>\n<meta property=\"og:url\" content=\"https:\/\/anivet.lt\/elparduotuve\/produktas\/monge-natural-konservas-katems-su-tunu-vistiena-ir-krevetemis-80g\/\" \/>\n<meta property=\"og:site_name\" content=\"anivet.lt\" \/>\n<meta property=\"article:modified_time\" content=\"2026-04-29T07:14:15+00:00\" \/>\n<meta property=\"og:image\" content=\"https:\/\/anivet.lt\/elparduotuve\/wp-content\/uploads\/2026\/03\/Monge-Natural-konservas-katems-su-tunu-vistiena-ir-krevetemis-80g.jpg\" \/>\n\t<meta property=\"og:image:width\" content=\"450\" \/>\n\t<meta property=\"og:image:height\" content=\"293\" \/>\n\t<meta property=\"og:image:type\" content=\"image\/jpeg\" \/>\n<meta name=\"twitter:card\" content=\"summary_large_image\" \/>\n<meta name=\"twitter:label1\" content=\"Est. reading time\" \/>\n\t<meta name=\"twitter:data1\" content=\"1 minut\u0117\" \/>\n<script type=\"application\/ld+json\" class=\"yoast-schema-graph\">{\"@context\":\"https:\\\/\\\/schema.org\",\"@graph\":[{\"@type\":\"WebPage\",\"@id\":\"https:\\\/\\\/anivet.lt\\\/elparduotuve\\\/produktas\\\/monge-natural-konservas-katems-su-tunu-vistiena-ir-krevetemis-80g\\\/\",\"url\":\"https:\\\/\\\/anivet.lt\\\/elparduotuve\\\/produktas\\\/monge-natural-konservas-katems-su-tunu-vistiena-ir-krevetemis-80g\\\/\",\"name\":\"Monge Natural konservas kat\u0117ms su tunu, vi\u0161tiena ir krevet\u0117mis 80g - anivet.lt\",\"isPartOf\":{\"@id\":\"https:\\\/\\\/anivet.lt\\\/elparduotuve\\\/#website\"},\"primaryImageOfPage\":{\"@id\":\"https:\\\/\\\/anivet.lt\\\/elparduotuve\\\/produktas\\\/monge-natural-konservas-katems-su-tunu-vistiena-ir-krevetemis-80g\\\/#primaryimage\"},\"image\":{\"@id\":\"https:\\\/\\\/anivet.lt\\\/elparduotuve\\\/produktas\\\/monge-natural-konservas-katems-su-tunu-vistiena-ir-krevetemis-80g\\\/#primaryimage\"},\"thumbnailUrl\":\"https:\\\/\\\/anivet.lt\\\/elparduotuve\\\/wp-content\\\/uploads\\\/2026\\\/03\\\/Monge-Natural-konservas-katems-su-tunu-vistiena-ir-krevetemis-80g.jpg\",\"datePublished\":\"2026-03-06T11:16:34+00:00\",\"dateModified\":\"2026-04-29T07:14:15+00:00\",\"description\":\"Konservas suaugusioms kat\u0117ms su tunais, vi\u0161tiena ir krevet\u0117mis \u2013 visavertis ir gardus pasirinkimas kasdienei mitybai. \u0160is garuose virtas ka\u010di\u0173 maistas gaminamas i\u0161 kruop\u0161\u010diai atrinkt\u0173 ingredient\u0173, pasi\u017eymin\u010di\u0173 auk\u0161ta maistine verte ir kokybe.\",\"breadcrumb\":{\"@id\":\"https:\\\/\\\/anivet.lt\\\/elparduotuve\\\/produktas\\\/monge-natural-konservas-katems-su-tunu-vistiena-ir-krevetemis-80g\\\/#breadcrumb\"},\"inLanguage\":\"lt-LT\",\"potentialAction\":[{\"@type\":\"ReadAction\",\"target\":[\"https:\\\/\\\/anivet.lt\\\/elparduotuve\\\/produktas\\\/monge-natural-konservas-katems-su-tunu-vistiena-ir-krevetemis-80g\\\/\"]}]},{\"@type\":\"ImageObject\",\"inLanguage\":\"lt-LT\",\"@id\":\"https:\\\/\\\/anivet.lt\\\/elparduotuve\\\/produktas\\\/monge-natural-konservas-katems-su-tunu-vistiena-ir-krevetemis-80g\\\/#primaryimage\",\"url\":\"https:\\\/\\\/anivet.lt\\\/elparduotuve\\\/wp-content\\\/uploads\\\/2026\\\/03\\\/Monge-Natural-konservas-katems-su-tunu-vistiena-ir-krevetemis-80g.jpg\",\"contentUrl\":\"https:\\\/\\\/anivet.lt\\\/elparduotuve\\\/wp-content\\\/uploads\\\/2026\\\/03\\\/Monge-Natural-konservas-katems-su-tunu-vistiena-ir-krevetemis-80g.jpg\",\"width\":450,\"height\":293,\"caption\":\"AUTO-DRAFT\"},{\"@type\":\"BreadcrumbList\",\"@id\":\"https:\\\/\\\/anivet.lt\\\/elparduotuve\\\/produktas\\\/monge-natural-konservas-katems-su-tunu-vistiena-ir-krevetemis-80g\\\/#breadcrumb\",\"itemListElement\":[{\"@type\":\"ListItem\",\"position\":1,\"name\":\"Home\",\"item\":\"https:\\\/\\\/anivet.lt\\\/elparduotuve\\\/\"},{\"@type\":\"ListItem\",\"position\":2,\"name\":\"Produktai\",\"item\":\"https:\\\/\\\/anivet.lt\\\/elparduotuve\\\/produktai\\\/\"},{\"@type\":\"ListItem\",\"position\":3,\"name\":\"Monge Natural konservas kat\u0117ms su tunu, vi\u0161tiena ir krevet\u0117mis 80g\"}]},{\"@type\":\"WebSite\",\"@id\":\"https:\\\/\\\/anivet.lt\\\/elparduotuve\\\/#website\",\"url\":\"https:\\\/\\\/anivet.lt\\\/elparduotuve\\\/\",\"name\":\"anivet.lt\",\"description\":\"Viskas J\u016bs\u0173 \u0161uns, kat\u0117s prie\u017ei\u016brai\",\"publisher\":{\"@id\":\"https:\\\/\\\/anivet.lt\\\/elparduotuve\\\/#organization\"},\"alternateName\":\"Viskas J\u016bs\u0173 \u0161uns, kat\u0117s prie\u017ei\u016brai\",\"potentialAction\":[{\"@type\":\"SearchAction\",\"target\":{\"@type\":\"EntryPoint\",\"urlTemplate\":\"https:\\\/\\\/anivet.lt\\\/elparduotuve\\\/?s={search_term_string}\"},\"query-input\":{\"@type\":\"PropertyValueSpecification\",\"valueRequired\":true,\"valueName\":\"search_term_string\"}}],\"inLanguage\":\"lt-LT\"},{\"@type\":\"Organization\",\"@id\":\"https:\\\/\\\/anivet.lt\\\/elparduotuve\\\/#organization\",\"name\":\"Viskas J\u016bs\u0173 \u0161uns, kat\u0117s prie\u017ei\u016brai\",\"url\":\"https:\\\/\\\/anivet.lt\\\/elparduotuve\\\/\",\"logo\":{\"@type\":\"ImageObject\",\"inLanguage\":\"lt-LT\",\"@id\":\"https:\\\/\\\/anivet.lt\\\/elparduotuve\\\/#\\\/schema\\\/logo\\\/image\\\/\",\"url\":\"https:\\\/\\\/anivet.lt\\\/elparduotuve\\\/wp-content\\\/uploads\\\/2023\\\/06\\\/logo2.jpg\",\"contentUrl\":\"https:\\\/\\\/anivet.lt\\\/elparduotuve\\\/wp-content\\\/uploads\\\/2023\\\/06\\\/logo2.jpg\",\"width\":655,\"height\":194,\"caption\":\"Viskas J\u016bs\u0173 \u0161uns, kat\u0117s prie\u017ei\u016brai\"},\"image\":{\"@id\":\"https:\\\/\\\/anivet.lt\\\/elparduotuve\\\/#\\\/schema\\\/logo\\\/image\\\/\"}}]}<\/script>\n<!-- \/ Yoast SEO Premium plugin. -->","yoast_head_json":{"title":"Monge Natural konservas kat\u0117ms su tunu, vi\u0161tiena ir krevet\u0117mis 80g - anivet.lt","description":"Konservas suaugusioms kat\u0117ms su tunais, vi\u0161tiena ir krevet\u0117mis \u2013 visavertis ir gardus pasirinkimas kasdienei mitybai. \u0160is garuose virtas ka\u010di\u0173 maistas gaminamas i\u0161 kruop\u0161\u010diai atrinkt\u0173 ingredient\u0173, pasi\u017eymin\u010di\u0173 auk\u0161ta maistine verte ir kokybe.","robots":{"index":"index","follow":"follow","max-snippet":"max-snippet:-1","max-image-preview":"max-image-preview:large","max-video-preview":"max-video-preview:-1"},"canonical":"https:\/\/anivet.lt\/elparduotuve\/produktas\/monge-natural-konservas-katems-su-tunu-vistiena-ir-krevetemis-80g\/","og_locale":"lt_LT","og_type":"article","og_title":"Monge Natural konservas kat\u0117ms su tunu, vi\u0161tiena ir krevet\u0117mis 80g","og_description":"Konservas suaugusioms kat\u0117ms su tunais, vi\u0161tiena ir krevet\u0117mis \u2013 visavertis ir gardus pasirinkimas kasdienei mitybai. \u0160is garuose virtas ka\u010di\u0173 maistas gaminamas i\u0161 kruop\u0161\u010diai atrinkt\u0173 ingredient\u0173, pasi\u017eymin\u010di\u0173 auk\u0161ta maistine verte ir kokybe.","og_url":"https:\/\/anivet.lt\/elparduotuve\/produktas\/monge-natural-konservas-katems-su-tunu-vistiena-ir-krevetemis-80g\/","og_site_name":"anivet.lt","article_modified_time":"2026-04-29T07:14:15+00:00","og_image":[{"width":450,"height":293,"url":"https:\/\/anivet.lt\/elparduotuve\/wp-content\/uploads\/2026\/03\/Monge-Natural-konservas-katems-su-tunu-vistiena-ir-krevetemis-80g.jpg","type":"image\/jpeg"}],"twitter_card":"summary_large_image","twitter_misc":{"Est. reading time":"1 minut\u0117"},"schema":{"@context":"https:\/\/schema.org","@graph":[{"@type":"WebPage","@id":"https:\/\/anivet.lt\/elparduotuve\/produktas\/monge-natural-konservas-katems-su-tunu-vistiena-ir-krevetemis-80g\/","url":"https:\/\/anivet.lt\/elparduotuve\/produktas\/monge-natural-konservas-katems-su-tunu-vistiena-ir-krevetemis-80g\/","name":"Monge Natural konservas kat\u0117ms su tunu, vi\u0161tiena ir krevet\u0117mis 80g - anivet.lt","isPartOf":{"@id":"https:\/\/anivet.lt\/elparduotuve\/#website"},"primaryImageOfPage":{"@id":"https:\/\/anivet.lt\/elparduotuve\/produktas\/monge-natural-konservas-katems-su-tunu-vistiena-ir-krevetemis-80g\/#primaryimage"},"image":{"@id":"https:\/\/anivet.lt\/elparduotuve\/produktas\/monge-natural-konservas-katems-su-tunu-vistiena-ir-krevetemis-80g\/#primaryimage"},"thumbnailUrl":"https:\/\/anivet.lt\/elparduotuve\/wp-content\/uploads\/2026\/03\/Monge-Natural-konservas-katems-su-tunu-vistiena-ir-krevetemis-80g.jpg","datePublished":"2026-03-06T11:16:34+00:00","dateModified":"2026-04-29T07:14:15+00:00","description":"Konservas suaugusioms kat\u0117ms su tunais, vi\u0161tiena ir krevet\u0117mis \u2013 visavertis ir gardus pasirinkimas kasdienei mitybai. \u0160is garuose virtas ka\u010di\u0173 maistas gaminamas i\u0161 kruop\u0161\u010diai atrinkt\u0173 ingredient\u0173, pasi\u017eymin\u010di\u0173 auk\u0161ta maistine verte ir kokybe.","breadcrumb":{"@id":"https:\/\/anivet.lt\/elparduotuve\/produktas\/monge-natural-konservas-katems-su-tunu-vistiena-ir-krevetemis-80g\/#breadcrumb"},"inLanguage":"lt-LT","potentialAction":[{"@type":"ReadAction","target":["https:\/\/anivet.lt\/elparduotuve\/produktas\/monge-natural-konservas-katems-su-tunu-vistiena-ir-krevetemis-80g\/"]}]},{"@type":"ImageObject","inLanguage":"lt-LT","@id":"https:\/\/anivet.lt\/elparduotuve\/produktas\/monge-natural-konservas-katems-su-tunu-vistiena-ir-krevetemis-80g\/#primaryimage","url":"https:\/\/anivet.lt\/elparduotuve\/wp-content\/uploads\/2026\/03\/Monge-Natural-konservas-katems-su-tunu-vistiena-ir-krevetemis-80g.jpg","contentUrl":"https:\/\/anivet.lt\/elparduotuve\/wp-content\/uploads\/2026\/03\/Monge-Natural-konservas-katems-su-tunu-vistiena-ir-krevetemis-80g.jpg","width":450,"height":293,"caption":"AUTO-DRAFT"},{"@type":"BreadcrumbList","@id":"https:\/\/anivet.lt\/elparduotuve\/produktas\/monge-natural-konservas-katems-su-tunu-vistiena-ir-krevetemis-80g\/#breadcrumb","itemListElement":[{"@type":"ListItem","position":1,"name":"Home","item":"https:\/\/anivet.lt\/elparduotuve\/"},{"@type":"ListItem","position":2,"name":"Produktai","item":"https:\/\/anivet.lt\/elparduotuve\/produktai\/"},{"@type":"ListItem","position":3,"name":"Monge Natural konservas kat\u0117ms su tunu, vi\u0161tiena ir krevet\u0117mis 80g"}]},{"@type":"WebSite","@id":"https:\/\/anivet.lt\/elparduotuve\/#website","url":"https:\/\/anivet.lt\/elparduotuve\/","name":"anivet.lt","description":"Viskas J\u016bs\u0173 \u0161uns, kat\u0117s prie\u017ei\u016brai","publisher":{"@id":"https:\/\/anivet.lt\/elparduotuve\/#organization"},"alternateName":"Viskas J\u016bs\u0173 \u0161uns, kat\u0117s prie\u017ei\u016brai","potentialAction":[{"@type":"SearchAction","target":{"@type":"EntryPoint","urlTemplate":"https:\/\/anivet.lt\/elparduotuve\/?s={search_term_string}"},"query-input":{"@type":"PropertyValueSpecification","valueRequired":true,"valueName":"search_term_string"}}],"inLanguage":"lt-LT"},{"@type":"Organization","@id":"https:\/\/anivet.lt\/elparduotuve\/#organization","name":"Viskas J\u016bs\u0173 \u0161uns, kat\u0117s prie\u017ei\u016brai","url":"https:\/\/anivet.lt\/elparduotuve\/","logo":{"@type":"ImageObject","inLanguage":"lt-LT","@id":"https:\/\/anivet.lt\/elparduotuve\/#\/schema\/logo\/image\/","url":"https:\/\/anivet.lt\/elparduotuve\/wp-content\/uploads\/2023\/06\/logo2.jpg","contentUrl":"https:\/\/anivet.lt\/elparduotuve\/wp-content\/uploads\/2023\/06\/logo2.jpg","width":655,"height":194,"caption":"Viskas J\u016bs\u0173 \u0161uns, kat\u0117s prie\u017ei\u016brai"},"image":{"@id":"https:\/\/anivet.lt\/elparduotuve\/#\/schema\/logo\/image\/"}}]}},"_links":{"self":[{"href":"https:\/\/anivet.lt\/elparduotuve\/wp-json\/wp\/v2\/product\/20592","targetHints":{"allow":["GET"]}}],"collection":[{"href":"https:\/\/anivet.lt\/elparduotuve\/wp-json\/wp\/v2\/product"}],"about":[{"href":"https:\/\/anivet.lt\/elparduotuve\/wp-json\/wp\/v2\/types\/product"}],"wp:featuredmedia":[{"embeddable":true,"href":"https:\/\/anivet.lt\/elparduotuve\/wp-json\/wp\/v2\/media\/20593"}],"wp:attachment":[{"href":"https:\/\/anivet.lt\/elparduotuve\/wp-json\/wp\/v2\/media?parent=20592"}],"wp:term":[{"taxonomy":"product_brand","embeddable":true,"href":"https:\/\/anivet.lt\/elparduotuve\/wp-json\/wp\/v2\/product_brand?post=20592"},{"taxonomy":"product_cat","embeddable":true,"href":"https:\/\/anivet.lt\/elparduotuve\/wp-json\/wp\/v2\/product_cat?post=20592"},{"taxonomy":"product_tag","embeddable":true,"href":"https:\/\/anivet.lt\/elparduotuve\/wp-json\/wp\/v2\/product_tag?post=20592"}],"curies":[{"name":"wp","href":"https:\/\/api.w.org\/{rel}","templated":true}]}}