{"id":20610,"date":"2026-03-06T16:08:50","date_gmt":"2026-03-06T16:08:50","guid":{"rendered":"https:\/\/anivet.lt\/elparduotuve\/?post_type=product&#038;p=20610"},"modified":"2026-04-29T07:49:57","modified_gmt":"2026-04-29T07:49:57","slug":"monge-dry-cat-adult-chicken-sausas-maistas-suaugusioms-katems-su-vistiena","status":"publish","type":"product","link":"https:\/\/anivet.lt\/elparduotuve\/produktas\/monge-dry-cat-adult-chicken-sausas-maistas-suaugusioms-katems-su-vistiena\/","title":{"rendered":"Monge Dry Cat Adult Chicken sausas maistas suaugusioms kat\u0117ms su vi\u0161tiena"},"content":{"rendered":"<ul>\n<li>Visavertis maistas sukurtas suaugusioms kat\u0117ms, kuri\u0173 mitybos poreikiai yra subalansuoti.<\/li>\n<li>Pagrindin\u0117 sudedamoji dalis \u2013 auk\u0161tos kokyb\u0117s vi\u0161tiena, papildyta la\u0161i\u0161\u0173 aliejumi \u2013 nat\u016braliu omega-3 riebal\u0173 r\u016bg\u0161\u010di\u0173 \u0161altiniu, kuris padeda i\u0161laikyti mink\u0161t\u0105, blizgant\u012f kail\u012f ir sveik\u0105 od\u0105.<\/li>\n<li>Formul\u0117 praturtinta XOS (ksilo-oligosacharidais) ir MOS (manano-oligosacharidais) \u2013 prebiotikais, kurie palaiko sveik\u0105 \u017earnyno mikroflor\u0105 ir gerina vir\u0161kinim\u0105.<\/li>\n<li>Papildomas L-karnitinas padeda palaikyti lies\u0105 raumen\u0173 mas\u0119, o vitaminas C stiprina imunin\u0119 sistem\u0105.<\/li>\n<li>Maistas neturi dirbtini\u0173 konservant\u0173 ar da\u017eikli\u0173, tod\u0117l tinka kasdieniam subalansuotam ka\u010di\u0173 mitybos palaikymui.<\/li>\n<\/ul>\n","protected":false},"excerpt":{"rendered":"<p>Sausas pilnavertis ka\u010di\u0173 maistas su vi\u0161tiena \u2013 skirtas suaugusioms kat\u0117ms.<\/p>\n","protected":false},"featured_media":20614,"template":"","meta":[],"product_brand":[],"product_cat":[114,115,102,343],"product_tag":[],"class_list":{"0":"post-20610","1":"product","2":"type-product","3":"status-publish","4":"has-post-thumbnail","6":"product_cat-kaciu-maistas","7":"product_cat-sausas-maistas-ir-skanestai-katems","8":"product_cat-katems","9":"product_cat-monge-kaciu-maistas","10":"pa_prekinis-zenklas-monge","12":"first","13":"instock","14":"taxable","15":"shipping-taxable","16":"purchasable","17":"product-type-variable"},"yoast_head":"<!-- This site is optimized with the Yoast SEO Premium plugin v27.1 (Yoast SEO v27.5) - https:\/\/yoast.com\/product\/yoast-seo-premium-wordpress\/ -->\n<title>Monge Dry Cat Adult Chicken sausas maistas suaugusioms kat\u0117ms su vi\u0161tiena - anivet.lt<\/title>\n<meta name=\"description\" content=\"Sausas pilnavertis ka\u010di\u0173 maistas su vi\u0161tiena \u2013 skirtas suaugusioms kat\u0117ms.\" \/>\n<meta name=\"robots\" content=\"index, follow, max-snippet:-1, max-image-preview:large, max-video-preview:-1\" \/>\n<link rel=\"canonical\" href=\"https:\/\/anivet.lt\/elparduotuve\/produktas\/monge-dry-cat-adult-chicken-sausas-maistas-suaugusioms-katems-su-vistiena\/\" \/>\n<meta property=\"og:locale\" content=\"lt_LT\" \/>\n<meta property=\"og:type\" content=\"article\" \/>\n<meta property=\"og:title\" content=\"Monge Dry Cat Adult Chicken sausas maistas suaugusioms kat\u0117ms su vi\u0161tiena\" \/>\n<meta property=\"og:description\" content=\"Sausas pilnavertis ka\u010di\u0173 maistas su vi\u0161tiena \u2013 skirtas suaugusioms kat\u0117ms.\" \/>\n<meta property=\"og:url\" content=\"https:\/\/anivet.lt\/elparduotuve\/produktas\/monge-dry-cat-adult-chicken-sausas-maistas-suaugusioms-katems-su-vistiena\/\" \/>\n<meta property=\"og:site_name\" content=\"anivet.lt\" \/>\n<meta property=\"article:modified_time\" content=\"2026-04-29T07:49:57+00:00\" \/>\n<meta property=\"og:image\" content=\"https:\/\/anivet.lt\/elparduotuve\/wp-content\/uploads\/2026\/03\/Monge-Dry-Cat-Adult-Chicken-sausas-maistas-suaugusioms-katems-su-vistiena.jpg\" \/>\n\t<meta property=\"og:image:width\" content=\"600\" \/>\n\t<meta property=\"og:image:height\" content=\"600\" \/>\n\t<meta property=\"og:image:type\" content=\"image\/jpeg\" \/>\n<meta name=\"twitter:card\" content=\"summary_large_image\" \/>\n<meta name=\"twitter:label1\" content=\"Est. reading time\" \/>\n\t<meta name=\"twitter:data1\" content=\"1 minut\u0117\" \/>\n<script type=\"application\/ld+json\" class=\"yoast-schema-graph\">{\"@context\":\"https:\\\/\\\/schema.org\",\"@graph\":[{\"@type\":\"WebPage\",\"@id\":\"https:\\\/\\\/anivet.lt\\\/elparduotuve\\\/produktas\\\/monge-dry-cat-adult-chicken-sausas-maistas-suaugusioms-katems-su-vistiena\\\/\",\"url\":\"https:\\\/\\\/anivet.lt\\\/elparduotuve\\\/produktas\\\/monge-dry-cat-adult-chicken-sausas-maistas-suaugusioms-katems-su-vistiena\\\/\",\"name\":\"Monge Dry Cat Adult Chicken sausas maistas suaugusioms kat\u0117ms su vi\u0161tiena - anivet.lt\",\"isPartOf\":{\"@id\":\"https:\\\/\\\/anivet.lt\\\/elparduotuve\\\/#website\"},\"primaryImageOfPage\":{\"@id\":\"https:\\\/\\\/anivet.lt\\\/elparduotuve\\\/produktas\\\/monge-dry-cat-adult-chicken-sausas-maistas-suaugusioms-katems-su-vistiena\\\/#primaryimage\"},\"image\":{\"@id\":\"https:\\\/\\\/anivet.lt\\\/elparduotuve\\\/produktas\\\/monge-dry-cat-adult-chicken-sausas-maistas-suaugusioms-katems-su-vistiena\\\/#primaryimage\"},\"thumbnailUrl\":\"https:\\\/\\\/anivet.lt\\\/elparduotuve\\\/wp-content\\\/uploads\\\/2026\\\/03\\\/Monge-Dry-Cat-Adult-Chicken-sausas-maistas-suaugusioms-katems-su-vistiena.jpg\",\"datePublished\":\"2026-03-06T16:08:50+00:00\",\"dateModified\":\"2026-04-29T07:49:57+00:00\",\"description\":\"Sausas pilnavertis ka\u010di\u0173 maistas su vi\u0161tiena \u2013 skirtas suaugusioms kat\u0117ms.\",\"breadcrumb\":{\"@id\":\"https:\\\/\\\/anivet.lt\\\/elparduotuve\\\/produktas\\\/monge-dry-cat-adult-chicken-sausas-maistas-suaugusioms-katems-su-vistiena\\\/#breadcrumb\"},\"inLanguage\":\"lt-LT\",\"potentialAction\":[{\"@type\":\"ReadAction\",\"target\":[\"https:\\\/\\\/anivet.lt\\\/elparduotuve\\\/produktas\\\/monge-dry-cat-adult-chicken-sausas-maistas-suaugusioms-katems-su-vistiena\\\/\"]}]},{\"@type\":\"ImageObject\",\"inLanguage\":\"lt-LT\",\"@id\":\"https:\\\/\\\/anivet.lt\\\/elparduotuve\\\/produktas\\\/monge-dry-cat-adult-chicken-sausas-maistas-suaugusioms-katems-su-vistiena\\\/#primaryimage\",\"url\":\"https:\\\/\\\/anivet.lt\\\/elparduotuve\\\/wp-content\\\/uploads\\\/2026\\\/03\\\/Monge-Dry-Cat-Adult-Chicken-sausas-maistas-suaugusioms-katems-su-vistiena.jpg\",\"contentUrl\":\"https:\\\/\\\/anivet.lt\\\/elparduotuve\\\/wp-content\\\/uploads\\\/2026\\\/03\\\/Monge-Dry-Cat-Adult-Chicken-sausas-maistas-suaugusioms-katems-su-vistiena.jpg\",\"width\":600,\"height\":600,\"caption\":\"Monge Dry Cat Adult Sterilized sausas maistas sterilizuotoms kat\u0117ms su vi\u0161tiena\"},{\"@type\":\"BreadcrumbList\",\"@id\":\"https:\\\/\\\/anivet.lt\\\/elparduotuve\\\/produktas\\\/monge-dry-cat-adult-chicken-sausas-maistas-suaugusioms-katems-su-vistiena\\\/#breadcrumb\",\"itemListElement\":[{\"@type\":\"ListItem\",\"position\":1,\"name\":\"Home\",\"item\":\"https:\\\/\\\/anivet.lt\\\/elparduotuve\\\/\"},{\"@type\":\"ListItem\",\"position\":2,\"name\":\"Produktai\",\"item\":\"https:\\\/\\\/anivet.lt\\\/elparduotuve\\\/produktai\\\/\"},{\"@type\":\"ListItem\",\"position\":3,\"name\":\"Monge Dry Cat Adult Chicken sausas maistas suaugusioms kat\u0117ms su vi\u0161tiena\"}]},{\"@type\":\"WebSite\",\"@id\":\"https:\\\/\\\/anivet.lt\\\/elparduotuve\\\/#website\",\"url\":\"https:\\\/\\\/anivet.lt\\\/elparduotuve\\\/\",\"name\":\"anivet.lt\",\"description\":\"Viskas J\u016bs\u0173 \u0161uns, kat\u0117s prie\u017ei\u016brai\",\"publisher\":{\"@id\":\"https:\\\/\\\/anivet.lt\\\/elparduotuve\\\/#organization\"},\"alternateName\":\"Viskas J\u016bs\u0173 \u0161uns, kat\u0117s prie\u017ei\u016brai\",\"potentialAction\":[{\"@type\":\"SearchAction\",\"target\":{\"@type\":\"EntryPoint\",\"urlTemplate\":\"https:\\\/\\\/anivet.lt\\\/elparduotuve\\\/?s={search_term_string}\"},\"query-input\":{\"@type\":\"PropertyValueSpecification\",\"valueRequired\":true,\"valueName\":\"search_term_string\"}}],\"inLanguage\":\"lt-LT\"},{\"@type\":\"Organization\",\"@id\":\"https:\\\/\\\/anivet.lt\\\/elparduotuve\\\/#organization\",\"name\":\"Viskas J\u016bs\u0173 \u0161uns, kat\u0117s prie\u017ei\u016brai\",\"url\":\"https:\\\/\\\/anivet.lt\\\/elparduotuve\\\/\",\"logo\":{\"@type\":\"ImageObject\",\"inLanguage\":\"lt-LT\",\"@id\":\"https:\\\/\\\/anivet.lt\\\/elparduotuve\\\/#\\\/schema\\\/logo\\\/image\\\/\",\"url\":\"https:\\\/\\\/anivet.lt\\\/elparduotuve\\\/wp-content\\\/uploads\\\/2023\\\/06\\\/logo2.jpg\",\"contentUrl\":\"https:\\\/\\\/anivet.lt\\\/elparduotuve\\\/wp-content\\\/uploads\\\/2023\\\/06\\\/logo2.jpg\",\"width\":655,\"height\":194,\"caption\":\"Viskas J\u016bs\u0173 \u0161uns, kat\u0117s prie\u017ei\u016brai\"},\"image\":{\"@id\":\"https:\\\/\\\/anivet.lt\\\/elparduotuve\\\/#\\\/schema\\\/logo\\\/image\\\/\"}}]}<\/script>\n<!-- \/ Yoast SEO Premium plugin. -->","yoast_head_json":{"title":"Monge Dry Cat Adult Chicken sausas maistas suaugusioms kat\u0117ms su vi\u0161tiena - anivet.lt","description":"Sausas pilnavertis ka\u010di\u0173 maistas su vi\u0161tiena \u2013 skirtas suaugusioms kat\u0117ms.","robots":{"index":"index","follow":"follow","max-snippet":"max-snippet:-1","max-image-preview":"max-image-preview:large","max-video-preview":"max-video-preview:-1"},"canonical":"https:\/\/anivet.lt\/elparduotuve\/produktas\/monge-dry-cat-adult-chicken-sausas-maistas-suaugusioms-katems-su-vistiena\/","og_locale":"lt_LT","og_type":"article","og_title":"Monge Dry Cat Adult Chicken sausas maistas suaugusioms kat\u0117ms su vi\u0161tiena","og_description":"Sausas pilnavertis ka\u010di\u0173 maistas su vi\u0161tiena \u2013 skirtas suaugusioms kat\u0117ms.","og_url":"https:\/\/anivet.lt\/elparduotuve\/produktas\/monge-dry-cat-adult-chicken-sausas-maistas-suaugusioms-katems-su-vistiena\/","og_site_name":"anivet.lt","article_modified_time":"2026-04-29T07:49:57+00:00","og_image":[{"width":600,"height":600,"url":"https:\/\/anivet.lt\/elparduotuve\/wp-content\/uploads\/2026\/03\/Monge-Dry-Cat-Adult-Chicken-sausas-maistas-suaugusioms-katems-su-vistiena.jpg","type":"image\/jpeg"}],"twitter_card":"summary_large_image","twitter_misc":{"Est. reading time":"1 minut\u0117"},"schema":{"@context":"https:\/\/schema.org","@graph":[{"@type":"WebPage","@id":"https:\/\/anivet.lt\/elparduotuve\/produktas\/monge-dry-cat-adult-chicken-sausas-maistas-suaugusioms-katems-su-vistiena\/","url":"https:\/\/anivet.lt\/elparduotuve\/produktas\/monge-dry-cat-adult-chicken-sausas-maistas-suaugusioms-katems-su-vistiena\/","name":"Monge Dry Cat Adult Chicken sausas maistas suaugusioms kat\u0117ms su vi\u0161tiena - anivet.lt","isPartOf":{"@id":"https:\/\/anivet.lt\/elparduotuve\/#website"},"primaryImageOfPage":{"@id":"https:\/\/anivet.lt\/elparduotuve\/produktas\/monge-dry-cat-adult-chicken-sausas-maistas-suaugusioms-katems-su-vistiena\/#primaryimage"},"image":{"@id":"https:\/\/anivet.lt\/elparduotuve\/produktas\/monge-dry-cat-adult-chicken-sausas-maistas-suaugusioms-katems-su-vistiena\/#primaryimage"},"thumbnailUrl":"https:\/\/anivet.lt\/elparduotuve\/wp-content\/uploads\/2026\/03\/Monge-Dry-Cat-Adult-Chicken-sausas-maistas-suaugusioms-katems-su-vistiena.jpg","datePublished":"2026-03-06T16:08:50+00:00","dateModified":"2026-04-29T07:49:57+00:00","description":"Sausas pilnavertis ka\u010di\u0173 maistas su vi\u0161tiena \u2013 skirtas suaugusioms kat\u0117ms.","breadcrumb":{"@id":"https:\/\/anivet.lt\/elparduotuve\/produktas\/monge-dry-cat-adult-chicken-sausas-maistas-suaugusioms-katems-su-vistiena\/#breadcrumb"},"inLanguage":"lt-LT","potentialAction":[{"@type":"ReadAction","target":["https:\/\/anivet.lt\/elparduotuve\/produktas\/monge-dry-cat-adult-chicken-sausas-maistas-suaugusioms-katems-su-vistiena\/"]}]},{"@type":"ImageObject","inLanguage":"lt-LT","@id":"https:\/\/anivet.lt\/elparduotuve\/produktas\/monge-dry-cat-adult-chicken-sausas-maistas-suaugusioms-katems-su-vistiena\/#primaryimage","url":"https:\/\/anivet.lt\/elparduotuve\/wp-content\/uploads\/2026\/03\/Monge-Dry-Cat-Adult-Chicken-sausas-maistas-suaugusioms-katems-su-vistiena.jpg","contentUrl":"https:\/\/anivet.lt\/elparduotuve\/wp-content\/uploads\/2026\/03\/Monge-Dry-Cat-Adult-Chicken-sausas-maistas-suaugusioms-katems-su-vistiena.jpg","width":600,"height":600,"caption":"Monge Dry Cat Adult Sterilized sausas maistas sterilizuotoms kat\u0117ms su vi\u0161tiena"},{"@type":"BreadcrumbList","@id":"https:\/\/anivet.lt\/elparduotuve\/produktas\/monge-dry-cat-adult-chicken-sausas-maistas-suaugusioms-katems-su-vistiena\/#breadcrumb","itemListElement":[{"@type":"ListItem","position":1,"name":"Home","item":"https:\/\/anivet.lt\/elparduotuve\/"},{"@type":"ListItem","position":2,"name":"Produktai","item":"https:\/\/anivet.lt\/elparduotuve\/produktai\/"},{"@type":"ListItem","position":3,"name":"Monge Dry Cat Adult Chicken sausas maistas suaugusioms kat\u0117ms su vi\u0161tiena"}]},{"@type":"WebSite","@id":"https:\/\/anivet.lt\/elparduotuve\/#website","url":"https:\/\/anivet.lt\/elparduotuve\/","name":"anivet.lt","description":"Viskas J\u016bs\u0173 \u0161uns, kat\u0117s prie\u017ei\u016brai","publisher":{"@id":"https:\/\/anivet.lt\/elparduotuve\/#organization"},"alternateName":"Viskas J\u016bs\u0173 \u0161uns, kat\u0117s prie\u017ei\u016brai","potentialAction":[{"@type":"SearchAction","target":{"@type":"EntryPoint","urlTemplate":"https:\/\/anivet.lt\/elparduotuve\/?s={search_term_string}"},"query-input":{"@type":"PropertyValueSpecification","valueRequired":true,"valueName":"search_term_string"}}],"inLanguage":"lt-LT"},{"@type":"Organization","@id":"https:\/\/anivet.lt\/elparduotuve\/#organization","name":"Viskas J\u016bs\u0173 \u0161uns, kat\u0117s prie\u017ei\u016brai","url":"https:\/\/anivet.lt\/elparduotuve\/","logo":{"@type":"ImageObject","inLanguage":"lt-LT","@id":"https:\/\/anivet.lt\/elparduotuve\/#\/schema\/logo\/image\/","url":"https:\/\/anivet.lt\/elparduotuve\/wp-content\/uploads\/2023\/06\/logo2.jpg","contentUrl":"https:\/\/anivet.lt\/elparduotuve\/wp-content\/uploads\/2023\/06\/logo2.jpg","width":655,"height":194,"caption":"Viskas J\u016bs\u0173 \u0161uns, kat\u0117s prie\u017ei\u016brai"},"image":{"@id":"https:\/\/anivet.lt\/elparduotuve\/#\/schema\/logo\/image\/"}}]}},"_links":{"self":[{"href":"https:\/\/anivet.lt\/elparduotuve\/wp-json\/wp\/v2\/product\/20610","targetHints":{"allow":["GET"]}}],"collection":[{"href":"https:\/\/anivet.lt\/elparduotuve\/wp-json\/wp\/v2\/product"}],"about":[{"href":"https:\/\/anivet.lt\/elparduotuve\/wp-json\/wp\/v2\/types\/product"}],"wp:featuredmedia":[{"embeddable":true,"href":"https:\/\/anivet.lt\/elparduotuve\/wp-json\/wp\/v2\/media\/20614"}],"wp:attachment":[{"href":"https:\/\/anivet.lt\/elparduotuve\/wp-json\/wp\/v2\/media?parent=20610"}],"wp:term":[{"taxonomy":"product_brand","embeddable":true,"href":"https:\/\/anivet.lt\/elparduotuve\/wp-json\/wp\/v2\/product_brand?post=20610"},{"taxonomy":"product_cat","embeddable":true,"href":"https:\/\/anivet.lt\/elparduotuve\/wp-json\/wp\/v2\/product_cat?post=20610"},{"taxonomy":"product_tag","embeddable":true,"href":"https:\/\/anivet.lt\/elparduotuve\/wp-json\/wp\/v2\/product_tag?post=20610"}],"curies":[{"name":"wp","href":"https:\/\/api.w.org\/{rel}","templated":true}]}}