{"id":20674,"date":"2026-03-07T10:27:17","date_gmt":"2026-03-07T10:27:17","guid":{"rendered":"https:\/\/anivet.lt\/elparduotuve\/?post_type=product&#038;p=20674"},"modified":"2026-03-11T17:03:08","modified_gmt":"2026-03-11T17:03:08","slug":"monge-vetsolution-dog-urinary-struvite-sunims-slapimo-sistemai","status":"publish","type":"product","link":"https:\/\/anivet.lt\/elparduotuve\/produktas\/monge-vetsolution-dog-urinary-struvite-sunims-slapimo-sistemai\/","title":{"rendered":"Monge VetSolution Dog Urinary Struvite \u0161unims \u0161lapimo sistemai"},"content":{"rendered":"<ul>\n<li>\u0160is dietinis maistas \u0161unims padeda palaikyti sveik\u0105 \u0161lapimo sistem\u0105 ir kontroliuoti mineral\u0173 balans\u0105 organizme.<\/li>\n<li>Sud\u0117tyje esantis melion\u0173 sul\u010di\u0173 koncentratas padeda neutralizuoti laisvuosius radikalus, o spanguol\u0117s prisideda prie normalios \u0161lapimo tak\u0173 funkcijos palaikymo.<\/li>\n<li>Formul\u0117 papildyta ksilo-oligosacharidais (XOS), kurie padeda palaikyti subalansuot\u0105 \u017earnyno mikrobiot\u0105.<\/li>\n<li>Pa\u0161aras pasi\u017eymi \u0161lapim\u0105 r\u016bg\u0161tinan\u010diomis savyb\u0117mis ir turi ma\u017e\u0105 magnio kiek\u012f, kuris svarbus siekiant suma\u017einti struvito kristal\u0173 formavim\u0105si.<\/li>\n<li>Produktas pagamintas naudojant vien\u0105 gyv\u016bnin\u0117s kilm\u0117s baltym\u0173 \u0161altin\u012f, tod\u0117l yra lengviau vir\u0161kinamas ir tinkamas jautresniems \u0161unims.<\/li>\n<\/ul>\n","protected":false},"excerpt":{"rendered":"<p>Visavertis dietinis maistas suaugusiems vis\u0173 veisli\u0173 \u0161unims, skirtas pad\u0117ti tirpdyti struvito akmenis ir ma\u017einti j\u0173 susidarymo rizik\u0105 ateityje.<\/p>\n","protected":false},"featured_media":20675,"template":"","meta":[],"product_brand":[],"product_cat":[101,103,107,318],"product_tag":[],"class_list":{"0":"post-20674","1":"product","2":"type-product","3":"status-publish","4":"has-post-thumbnail","6":"product_cat-sunims","7":"product_cat-sunu-maistas","8":"product_cat-veterinarine-dieta","9":"product_cat-monge-sunu-maistas","10":"pa_prekinis-zenklas-monge","12":"first","13":"instock","14":"taxable","15":"shipping-taxable","16":"purchasable","17":"product-type-variable"},"yoast_head":"<!-- This site is optimized with the Yoast SEO Premium plugin v27.1 (Yoast SEO v27.5) - https:\/\/yoast.com\/product\/yoast-seo-premium-wordpress\/ -->\n<title>Monge VetSolution Dog Urinary Struvite \u0161unims \u0161lapimo sistemai - anivet.lt<\/title>\n<meta name=\"description\" content=\"Visavertis dietinis maistas suaugusiems vis\u0173 veisli\u0173 \u0161unims, skirtas pad\u0117ti tirpdyti struvito akmenis ir ma\u017einti j\u0173 susidarymo rizik\u0105 ateityje.\" \/>\n<meta name=\"robots\" content=\"index, follow, max-snippet:-1, max-image-preview:large, max-video-preview:-1\" \/>\n<link rel=\"canonical\" href=\"https:\/\/anivet.lt\/elparduotuve\/produktas\/monge-vetsolution-dog-urinary-struvite-sunims-slapimo-sistemai\/\" \/>\n<meta property=\"og:locale\" content=\"lt_LT\" \/>\n<meta property=\"og:type\" content=\"article\" \/>\n<meta property=\"og:title\" content=\"Monge VetSolution Dog Urinary Struvite \u0161unims \u0161lapimo sistemai\" \/>\n<meta property=\"og:description\" content=\"Visavertis dietinis maistas suaugusiems vis\u0173 veisli\u0173 \u0161unims, skirtas pad\u0117ti tirpdyti struvito akmenis ir ma\u017einti j\u0173 susidarymo rizik\u0105 ateityje.\" \/>\n<meta property=\"og:url\" content=\"https:\/\/anivet.lt\/elparduotuve\/produktas\/monge-vetsolution-dog-urinary-struvite-sunims-slapimo-sistemai\/\" \/>\n<meta property=\"og:site_name\" content=\"anivet.lt\" \/>\n<meta property=\"article:modified_time\" content=\"2026-03-11T17:03:08+00:00\" \/>\n<meta property=\"og:image\" content=\"https:\/\/anivet.lt\/elparduotuve\/wp-content\/uploads\/2026\/03\/Monge-VetSolution-Dog-Urinary-Struvite-sunims-slapimo-sistemai.jpg\" \/>\n\t<meta property=\"og:image:width\" content=\"450\" \/>\n\t<meta property=\"og:image:height\" content=\"450\" \/>\n\t<meta property=\"og:image:type\" content=\"image\/jpeg\" \/>\n<meta name=\"twitter:card\" content=\"summary_large_image\" \/>\n<meta name=\"twitter:label1\" content=\"Est. reading time\" \/>\n\t<meta name=\"twitter:data1\" content=\"1 minut\u0117\" \/>\n<script type=\"application\/ld+json\" class=\"yoast-schema-graph\">{\"@context\":\"https:\\\/\\\/schema.org\",\"@graph\":[{\"@type\":\"WebPage\",\"@id\":\"https:\\\/\\\/anivet.lt\\\/elparduotuve\\\/produktas\\\/monge-vetsolution-dog-urinary-struvite-sunims-slapimo-sistemai\\\/\",\"url\":\"https:\\\/\\\/anivet.lt\\\/elparduotuve\\\/produktas\\\/monge-vetsolution-dog-urinary-struvite-sunims-slapimo-sistemai\\\/\",\"name\":\"Monge VetSolution Dog Urinary Struvite \u0161unims \u0161lapimo sistemai - anivet.lt\",\"isPartOf\":{\"@id\":\"https:\\\/\\\/anivet.lt\\\/elparduotuve\\\/#website\"},\"primaryImageOfPage\":{\"@id\":\"https:\\\/\\\/anivet.lt\\\/elparduotuve\\\/produktas\\\/monge-vetsolution-dog-urinary-struvite-sunims-slapimo-sistemai\\\/#primaryimage\"},\"image\":{\"@id\":\"https:\\\/\\\/anivet.lt\\\/elparduotuve\\\/produktas\\\/monge-vetsolution-dog-urinary-struvite-sunims-slapimo-sistemai\\\/#primaryimage\"},\"thumbnailUrl\":\"https:\\\/\\\/anivet.lt\\\/elparduotuve\\\/wp-content\\\/uploads\\\/2026\\\/03\\\/Monge-VetSolution-Dog-Urinary-Struvite-sunims-slapimo-sistemai.jpg\",\"datePublished\":\"2026-03-07T10:27:17+00:00\",\"dateModified\":\"2026-03-11T17:03:08+00:00\",\"description\":\"Visavertis dietinis maistas suaugusiems vis\u0173 veisli\u0173 \u0161unims, skirtas pad\u0117ti tirpdyti struvito akmenis ir ma\u017einti j\u0173 susidarymo rizik\u0105 ateityje.\",\"breadcrumb\":{\"@id\":\"https:\\\/\\\/anivet.lt\\\/elparduotuve\\\/produktas\\\/monge-vetsolution-dog-urinary-struvite-sunims-slapimo-sistemai\\\/#breadcrumb\"},\"inLanguage\":\"lt-LT\",\"potentialAction\":[{\"@type\":\"ReadAction\",\"target\":[\"https:\\\/\\\/anivet.lt\\\/elparduotuve\\\/produktas\\\/monge-vetsolution-dog-urinary-struvite-sunims-slapimo-sistemai\\\/\"]}]},{\"@type\":\"ImageObject\",\"inLanguage\":\"lt-LT\",\"@id\":\"https:\\\/\\\/anivet.lt\\\/elparduotuve\\\/produktas\\\/monge-vetsolution-dog-urinary-struvite-sunims-slapimo-sistemai\\\/#primaryimage\",\"url\":\"https:\\\/\\\/anivet.lt\\\/elparduotuve\\\/wp-content\\\/uploads\\\/2026\\\/03\\\/Monge-VetSolution-Dog-Urinary-Struvite-sunims-slapimo-sistemai.jpg\",\"contentUrl\":\"https:\\\/\\\/anivet.lt\\\/elparduotuve\\\/wp-content\\\/uploads\\\/2026\\\/03\\\/Monge-VetSolution-Dog-Urinary-Struvite-sunims-slapimo-sistemai.jpg\",\"width\":450,\"height\":450,\"caption\":\"Monge VetSolution Dog Urinary Struvite \u0161unims \u0161lapimo sistemai\"},{\"@type\":\"BreadcrumbList\",\"@id\":\"https:\\\/\\\/anivet.lt\\\/elparduotuve\\\/produktas\\\/monge-vetsolution-dog-urinary-struvite-sunims-slapimo-sistemai\\\/#breadcrumb\",\"itemListElement\":[{\"@type\":\"ListItem\",\"position\":1,\"name\":\"Home\",\"item\":\"https:\\\/\\\/anivet.lt\\\/elparduotuve\\\/\"},{\"@type\":\"ListItem\",\"position\":2,\"name\":\"Produktai\",\"item\":\"https:\\\/\\\/anivet.lt\\\/elparduotuve\\\/produktai\\\/\"},{\"@type\":\"ListItem\",\"position\":3,\"name\":\"Monge VetSolution Dog Urinary Struvite \u0161unims \u0161lapimo sistemai\"}]},{\"@type\":\"WebSite\",\"@id\":\"https:\\\/\\\/anivet.lt\\\/elparduotuve\\\/#website\",\"url\":\"https:\\\/\\\/anivet.lt\\\/elparduotuve\\\/\",\"name\":\"anivet.lt\",\"description\":\"Viskas J\u016bs\u0173 \u0161uns, kat\u0117s prie\u017ei\u016brai\",\"publisher\":{\"@id\":\"https:\\\/\\\/anivet.lt\\\/elparduotuve\\\/#organization\"},\"alternateName\":\"Viskas J\u016bs\u0173 \u0161uns, kat\u0117s prie\u017ei\u016brai\",\"potentialAction\":[{\"@type\":\"SearchAction\",\"target\":{\"@type\":\"EntryPoint\",\"urlTemplate\":\"https:\\\/\\\/anivet.lt\\\/elparduotuve\\\/?s={search_term_string}\"},\"query-input\":{\"@type\":\"PropertyValueSpecification\",\"valueRequired\":true,\"valueName\":\"search_term_string\"}}],\"inLanguage\":\"lt-LT\"},{\"@type\":\"Organization\",\"@id\":\"https:\\\/\\\/anivet.lt\\\/elparduotuve\\\/#organization\",\"name\":\"Viskas J\u016bs\u0173 \u0161uns, kat\u0117s prie\u017ei\u016brai\",\"url\":\"https:\\\/\\\/anivet.lt\\\/elparduotuve\\\/\",\"logo\":{\"@type\":\"ImageObject\",\"inLanguage\":\"lt-LT\",\"@id\":\"https:\\\/\\\/anivet.lt\\\/elparduotuve\\\/#\\\/schema\\\/logo\\\/image\\\/\",\"url\":\"https:\\\/\\\/anivet.lt\\\/elparduotuve\\\/wp-content\\\/uploads\\\/2023\\\/06\\\/logo2.jpg\",\"contentUrl\":\"https:\\\/\\\/anivet.lt\\\/elparduotuve\\\/wp-content\\\/uploads\\\/2023\\\/06\\\/logo2.jpg\",\"width\":655,\"height\":194,\"caption\":\"Viskas J\u016bs\u0173 \u0161uns, kat\u0117s prie\u017ei\u016brai\"},\"image\":{\"@id\":\"https:\\\/\\\/anivet.lt\\\/elparduotuve\\\/#\\\/schema\\\/logo\\\/image\\\/\"}}]}<\/script>\n<!-- \/ Yoast SEO Premium plugin. -->","yoast_head_json":{"title":"Monge VetSolution Dog Urinary Struvite \u0161unims \u0161lapimo sistemai - anivet.lt","description":"Visavertis dietinis maistas suaugusiems vis\u0173 veisli\u0173 \u0161unims, skirtas pad\u0117ti tirpdyti struvito akmenis ir ma\u017einti j\u0173 susidarymo rizik\u0105 ateityje.","robots":{"index":"index","follow":"follow","max-snippet":"max-snippet:-1","max-image-preview":"max-image-preview:large","max-video-preview":"max-video-preview:-1"},"canonical":"https:\/\/anivet.lt\/elparduotuve\/produktas\/monge-vetsolution-dog-urinary-struvite-sunims-slapimo-sistemai\/","og_locale":"lt_LT","og_type":"article","og_title":"Monge VetSolution Dog Urinary Struvite \u0161unims \u0161lapimo sistemai","og_description":"Visavertis dietinis maistas suaugusiems vis\u0173 veisli\u0173 \u0161unims, skirtas pad\u0117ti tirpdyti struvito akmenis ir ma\u017einti j\u0173 susidarymo rizik\u0105 ateityje.","og_url":"https:\/\/anivet.lt\/elparduotuve\/produktas\/monge-vetsolution-dog-urinary-struvite-sunims-slapimo-sistemai\/","og_site_name":"anivet.lt","article_modified_time":"2026-03-11T17:03:08+00:00","og_image":[{"width":450,"height":450,"url":"https:\/\/anivet.lt\/elparduotuve\/wp-content\/uploads\/2026\/03\/Monge-VetSolution-Dog-Urinary-Struvite-sunims-slapimo-sistemai.jpg","type":"image\/jpeg"}],"twitter_card":"summary_large_image","twitter_misc":{"Est. reading time":"1 minut\u0117"},"schema":{"@context":"https:\/\/schema.org","@graph":[{"@type":"WebPage","@id":"https:\/\/anivet.lt\/elparduotuve\/produktas\/monge-vetsolution-dog-urinary-struvite-sunims-slapimo-sistemai\/","url":"https:\/\/anivet.lt\/elparduotuve\/produktas\/monge-vetsolution-dog-urinary-struvite-sunims-slapimo-sistemai\/","name":"Monge VetSolution Dog Urinary Struvite \u0161unims \u0161lapimo sistemai - anivet.lt","isPartOf":{"@id":"https:\/\/anivet.lt\/elparduotuve\/#website"},"primaryImageOfPage":{"@id":"https:\/\/anivet.lt\/elparduotuve\/produktas\/monge-vetsolution-dog-urinary-struvite-sunims-slapimo-sistemai\/#primaryimage"},"image":{"@id":"https:\/\/anivet.lt\/elparduotuve\/produktas\/monge-vetsolution-dog-urinary-struvite-sunims-slapimo-sistemai\/#primaryimage"},"thumbnailUrl":"https:\/\/anivet.lt\/elparduotuve\/wp-content\/uploads\/2026\/03\/Monge-VetSolution-Dog-Urinary-Struvite-sunims-slapimo-sistemai.jpg","datePublished":"2026-03-07T10:27:17+00:00","dateModified":"2026-03-11T17:03:08+00:00","description":"Visavertis dietinis maistas suaugusiems vis\u0173 veisli\u0173 \u0161unims, skirtas pad\u0117ti tirpdyti struvito akmenis ir ma\u017einti j\u0173 susidarymo rizik\u0105 ateityje.","breadcrumb":{"@id":"https:\/\/anivet.lt\/elparduotuve\/produktas\/monge-vetsolution-dog-urinary-struvite-sunims-slapimo-sistemai\/#breadcrumb"},"inLanguage":"lt-LT","potentialAction":[{"@type":"ReadAction","target":["https:\/\/anivet.lt\/elparduotuve\/produktas\/monge-vetsolution-dog-urinary-struvite-sunims-slapimo-sistemai\/"]}]},{"@type":"ImageObject","inLanguage":"lt-LT","@id":"https:\/\/anivet.lt\/elparduotuve\/produktas\/monge-vetsolution-dog-urinary-struvite-sunims-slapimo-sistemai\/#primaryimage","url":"https:\/\/anivet.lt\/elparduotuve\/wp-content\/uploads\/2026\/03\/Monge-VetSolution-Dog-Urinary-Struvite-sunims-slapimo-sistemai.jpg","contentUrl":"https:\/\/anivet.lt\/elparduotuve\/wp-content\/uploads\/2026\/03\/Monge-VetSolution-Dog-Urinary-Struvite-sunims-slapimo-sistemai.jpg","width":450,"height":450,"caption":"Monge VetSolution Dog Urinary Struvite \u0161unims \u0161lapimo sistemai"},{"@type":"BreadcrumbList","@id":"https:\/\/anivet.lt\/elparduotuve\/produktas\/monge-vetsolution-dog-urinary-struvite-sunims-slapimo-sistemai\/#breadcrumb","itemListElement":[{"@type":"ListItem","position":1,"name":"Home","item":"https:\/\/anivet.lt\/elparduotuve\/"},{"@type":"ListItem","position":2,"name":"Produktai","item":"https:\/\/anivet.lt\/elparduotuve\/produktai\/"},{"@type":"ListItem","position":3,"name":"Monge VetSolution Dog Urinary Struvite \u0161unims \u0161lapimo sistemai"}]},{"@type":"WebSite","@id":"https:\/\/anivet.lt\/elparduotuve\/#website","url":"https:\/\/anivet.lt\/elparduotuve\/","name":"anivet.lt","description":"Viskas J\u016bs\u0173 \u0161uns, kat\u0117s prie\u017ei\u016brai","publisher":{"@id":"https:\/\/anivet.lt\/elparduotuve\/#organization"},"alternateName":"Viskas J\u016bs\u0173 \u0161uns, kat\u0117s prie\u017ei\u016brai","potentialAction":[{"@type":"SearchAction","target":{"@type":"EntryPoint","urlTemplate":"https:\/\/anivet.lt\/elparduotuve\/?s={search_term_string}"},"query-input":{"@type":"PropertyValueSpecification","valueRequired":true,"valueName":"search_term_string"}}],"inLanguage":"lt-LT"},{"@type":"Organization","@id":"https:\/\/anivet.lt\/elparduotuve\/#organization","name":"Viskas J\u016bs\u0173 \u0161uns, kat\u0117s prie\u017ei\u016brai","url":"https:\/\/anivet.lt\/elparduotuve\/","logo":{"@type":"ImageObject","inLanguage":"lt-LT","@id":"https:\/\/anivet.lt\/elparduotuve\/#\/schema\/logo\/image\/","url":"https:\/\/anivet.lt\/elparduotuve\/wp-content\/uploads\/2023\/06\/logo2.jpg","contentUrl":"https:\/\/anivet.lt\/elparduotuve\/wp-content\/uploads\/2023\/06\/logo2.jpg","width":655,"height":194,"caption":"Viskas J\u016bs\u0173 \u0161uns, kat\u0117s prie\u017ei\u016brai"},"image":{"@id":"https:\/\/anivet.lt\/elparduotuve\/#\/schema\/logo\/image\/"}}]}},"_links":{"self":[{"href":"https:\/\/anivet.lt\/elparduotuve\/wp-json\/wp\/v2\/product\/20674","targetHints":{"allow":["GET"]}}],"collection":[{"href":"https:\/\/anivet.lt\/elparduotuve\/wp-json\/wp\/v2\/product"}],"about":[{"href":"https:\/\/anivet.lt\/elparduotuve\/wp-json\/wp\/v2\/types\/product"}],"wp:featuredmedia":[{"embeddable":true,"href":"https:\/\/anivet.lt\/elparduotuve\/wp-json\/wp\/v2\/media\/20675"}],"wp:attachment":[{"href":"https:\/\/anivet.lt\/elparduotuve\/wp-json\/wp\/v2\/media?parent=20674"}],"wp:term":[{"taxonomy":"product_brand","embeddable":true,"href":"https:\/\/anivet.lt\/elparduotuve\/wp-json\/wp\/v2\/product_brand?post=20674"},{"taxonomy":"product_cat","embeddable":true,"href":"https:\/\/anivet.lt\/elparduotuve\/wp-json\/wp\/v2\/product_cat?post=20674"},{"taxonomy":"product_tag","embeddable":true,"href":"https:\/\/anivet.lt\/elparduotuve\/wp-json\/wp\/v2\/product_tag?post=20674"}],"curies":[{"name":"wp","href":"https:\/\/api.w.org\/{rel}","templated":true}]}}