{"id":20836,"date":"2026-03-18T13:57:57","date_gmt":"2026-03-18T13:57:57","guid":{"rendered":"https:\/\/anivet.lt\/elparduotuve\/?post_type=product&#038;p=20836"},"modified":"2026-04-01T19:47:40","modified_gmt":"2026-04-01T19:47:40","slug":"josera-high-protein-adult-sea-fish-sausas-maistas-suaugusiems-sunims-su-zuvimi","status":"publish","type":"product","link":"https:\/\/anivet.lt\/elparduotuve\/produktas\/josera-high-protein-adult-sea-fish-sausas-maistas-suaugusiems-sunims-su-zuvimi\/","title":{"rendered":"Josera High Protein Adult Sea Fish sausas maistas suaugusiems \u0161unims su \u017euvimi"},"content":{"rendered":"<ul>\n<li>Skirtas aktyviems ir darbiniams \u0161unims: idealus suaugusiems, kuri\u0173 gyvenimo b\u016bdas reikalauja daug energijos.<\/li>\n<li>Omega-3 riebal\u0173 r\u016bg\u0161tys: la\u0161i\u0161\u0173 aliejus gerina \u0161irdies funkcij\u0105, stiprina od\u0105 ir kail\u012f.<\/li>\n<li>Lengvai vir\u0161kinamas ir skanus: \u017eolel\u0117s, vaisiai, sald\u017eiosios bulv\u0117s ir \u017eirni\u0173 baltymai suteikia puik\u0173 vir\u0161kinamum\u0105 bei skon\u012f.<\/li>\n<li>Energijos palaikymas: l-karnitinas ir taurinas padeda riebal\u0173 apykaitai, suteikia daugiau energijos ir stiprina \u0161irdies veikl\u0105.<\/li>\n<li>Sveiki s\u0105nariai ir kaulai: la\u0161i\u0161os riebal\u0173 r\u016bg\u0161tys, vitaminai bei \u017ealiosios midijos prisideda prie stiprios kaul\u0173 strukt\u016bros ir s\u0105nari\u0173 funkcijos.<\/li>\n<li>Antioksidantai: vitaminai E ir C ma\u017eina laisv\u0173j\u0173 radikal\u0173 poveik\u012f organizmui.<\/li>\n<li>Be gr\u016bd\u0173: receptas neturi kvie\u010di\u0173, kukur\u016bz\u0173 ar sojos.<\/li>\n<\/ul>\n","protected":false},"excerpt":{"rendered":"<p>Josera High Protein Sea Fish \u2013 auk\u0161tos kokyb\u0117s sausas maistas su j\u016bros \u017euvimi, sukurtas labai aktyviems, darbiniams suaugusiems \u0161unims. \u0160is pa\u0161aras apr\u016bpina energija, lengvai vir\u0161kinamas ir padeda palaikyti \u0161uns sveikat\u0105 bei i\u0161tverm\u0119.<\/p>\n","protected":false},"featured_media":20837,"template":"","meta":[],"product_brand":[],"product_cat":[101,103,104,334],"product_tag":[],"class_list":{"0":"post-20836","1":"product","2":"type-product","3":"status-publish","4":"has-post-thumbnail","6":"product_cat-sunims","7":"product_cat-sunu-maistas","8":"product_cat-sausas-maistas","9":"product_cat-josera-sunu-maistas","10":"pa_prekinis-zenklas-josera","12":"first","13":"instock","14":"taxable","15":"shipping-taxable","16":"purchasable","17":"product-type-variable"},"yoast_head":"<!-- This site is optimized with the Yoast SEO Premium plugin v27.1 (Yoast SEO v27.5) - https:\/\/yoast.com\/product\/yoast-seo-premium-wordpress\/ -->\n<title>Josera High Protein Adult Sea Fish sausas maistas suaugusiems \u0161unims su \u017euvimi - anivet.lt<\/title>\n<meta name=\"description\" content=\"Josera High Protein Sea Fish \u2013 auk\u0161tos kokyb\u0117s sausas maistas su j\u016bros \u017euvimi, sukurtas labai aktyviems, darbiniams suaugusiems \u0161unims. \u0160is pa\u0161aras apr\u016bpina energija, lengvai vir\u0161kinamas ir padeda palaikyti \u0161uns sveikat\u0105 bei i\u0161tverm\u0119.\" \/>\n<meta name=\"robots\" content=\"index, follow, max-snippet:-1, max-image-preview:large, max-video-preview:-1\" \/>\n<link rel=\"canonical\" href=\"https:\/\/anivet.lt\/elparduotuve\/produktas\/josera-high-protein-adult-sea-fish-sausas-maistas-suaugusiems-sunims-su-zuvimi\/\" \/>\n<meta property=\"og:locale\" content=\"lt_LT\" \/>\n<meta property=\"og:type\" content=\"article\" \/>\n<meta property=\"og:title\" content=\"Josera High Protein Adult Sea Fish sausas maistas suaugusiems \u0161unims su \u017euvimi\" \/>\n<meta property=\"og:description\" content=\"Josera High Protein Sea Fish \u2013 auk\u0161tos kokyb\u0117s sausas maistas su j\u016bros \u017euvimi, sukurtas labai aktyviems, darbiniams suaugusiems \u0161unims. \u0160is pa\u0161aras apr\u016bpina energija, lengvai vir\u0161kinamas ir padeda palaikyti \u0161uns sveikat\u0105 bei i\u0161tverm\u0119.\" \/>\n<meta property=\"og:url\" content=\"https:\/\/anivet.lt\/elparduotuve\/produktas\/josera-high-protein-adult-sea-fish-sausas-maistas-suaugusiems-sunims-su-zuvimi\/\" \/>\n<meta property=\"og:site_name\" content=\"anivet.lt\" \/>\n<meta property=\"article:modified_time\" content=\"2026-04-01T19:47:40+00:00\" \/>\n<meta property=\"og:image\" content=\"https:\/\/anivet.lt\/elparduotuve\/wp-content\/uploads\/2026\/03\/Josera-High-Protein-Adult-Sea-Fish-sausas-maistas-suaugusiems-sunims-su-zuvimi.jpg\" \/>\n\t<meta property=\"og:image:width\" content=\"600\" \/>\n\t<meta property=\"og:image:height\" content=\"600\" \/>\n\t<meta property=\"og:image:type\" content=\"image\/jpeg\" \/>\n<meta name=\"twitter:card\" content=\"summary_large_image\" \/>\n<meta name=\"twitter:label1\" content=\"Est. reading time\" \/>\n\t<meta name=\"twitter:data1\" content=\"1 minut\u0117\" \/>\n<script type=\"application\/ld+json\" class=\"yoast-schema-graph\">{\"@context\":\"https:\\\/\\\/schema.org\",\"@graph\":[{\"@type\":\"WebPage\",\"@id\":\"https:\\\/\\\/anivet.lt\\\/elparduotuve\\\/produktas\\\/josera-high-protein-adult-sea-fish-sausas-maistas-suaugusiems-sunims-su-zuvimi\\\/\",\"url\":\"https:\\\/\\\/anivet.lt\\\/elparduotuve\\\/produktas\\\/josera-high-protein-adult-sea-fish-sausas-maistas-suaugusiems-sunims-su-zuvimi\\\/\",\"name\":\"Josera High Protein Adult Sea Fish sausas maistas suaugusiems \u0161unims su \u017euvimi - anivet.lt\",\"isPartOf\":{\"@id\":\"https:\\\/\\\/anivet.lt\\\/elparduotuve\\\/#website\"},\"primaryImageOfPage\":{\"@id\":\"https:\\\/\\\/anivet.lt\\\/elparduotuve\\\/produktas\\\/josera-high-protein-adult-sea-fish-sausas-maistas-suaugusiems-sunims-su-zuvimi\\\/#primaryimage\"},\"image\":{\"@id\":\"https:\\\/\\\/anivet.lt\\\/elparduotuve\\\/produktas\\\/josera-high-protein-adult-sea-fish-sausas-maistas-suaugusiems-sunims-su-zuvimi\\\/#primaryimage\"},\"thumbnailUrl\":\"https:\\\/\\\/anivet.lt\\\/elparduotuve\\\/wp-content\\\/uploads\\\/2026\\\/03\\\/Josera-High-Protein-Adult-Sea-Fish-sausas-maistas-suaugusiems-sunims-su-zuvimi.jpg\",\"datePublished\":\"2026-03-18T13:57:57+00:00\",\"dateModified\":\"2026-04-01T19:47:40+00:00\",\"description\":\"Josera High Protein Sea Fish \u2013 auk\u0161tos kokyb\u0117s sausas maistas su j\u016bros \u017euvimi, sukurtas labai aktyviems, darbiniams suaugusiems \u0161unims. \u0160is pa\u0161aras apr\u016bpina energija, lengvai vir\u0161kinamas ir padeda palaikyti \u0161uns sveikat\u0105 bei i\u0161tverm\u0119.\",\"breadcrumb\":{\"@id\":\"https:\\\/\\\/anivet.lt\\\/elparduotuve\\\/produktas\\\/josera-high-protein-adult-sea-fish-sausas-maistas-suaugusiems-sunims-su-zuvimi\\\/#breadcrumb\"},\"inLanguage\":\"lt-LT\",\"potentialAction\":[{\"@type\":\"ReadAction\",\"target\":[\"https:\\\/\\\/anivet.lt\\\/elparduotuve\\\/produktas\\\/josera-high-protein-adult-sea-fish-sausas-maistas-suaugusiems-sunims-su-zuvimi\\\/\"]}]},{\"@type\":\"ImageObject\",\"inLanguage\":\"lt-LT\",\"@id\":\"https:\\\/\\\/anivet.lt\\\/elparduotuve\\\/produktas\\\/josera-high-protein-adult-sea-fish-sausas-maistas-suaugusiems-sunims-su-zuvimi\\\/#primaryimage\",\"url\":\"https:\\\/\\\/anivet.lt\\\/elparduotuve\\\/wp-content\\\/uploads\\\/2026\\\/03\\\/Josera-High-Protein-Adult-Sea-Fish-sausas-maistas-suaugusiems-sunims-su-zuvimi.jpg\",\"contentUrl\":\"https:\\\/\\\/anivet.lt\\\/elparduotuve\\\/wp-content\\\/uploads\\\/2026\\\/03\\\/Josera-High-Protein-Adult-Sea-Fish-sausas-maistas-suaugusiems-sunims-su-zuvimi.jpg\",\"width\":600,\"height\":600},{\"@type\":\"BreadcrumbList\",\"@id\":\"https:\\\/\\\/anivet.lt\\\/elparduotuve\\\/produktas\\\/josera-high-protein-adult-sea-fish-sausas-maistas-suaugusiems-sunims-su-zuvimi\\\/#breadcrumb\",\"itemListElement\":[{\"@type\":\"ListItem\",\"position\":1,\"name\":\"Home\",\"item\":\"https:\\\/\\\/anivet.lt\\\/elparduotuve\\\/\"},{\"@type\":\"ListItem\",\"position\":2,\"name\":\"Produktai\",\"item\":\"https:\\\/\\\/anivet.lt\\\/elparduotuve\\\/produktai\\\/\"},{\"@type\":\"ListItem\",\"position\":3,\"name\":\"Josera High Protein Adult Sea Fish sausas maistas suaugusiems \u0161unims su \u017euvimi\"}]},{\"@type\":\"WebSite\",\"@id\":\"https:\\\/\\\/anivet.lt\\\/elparduotuve\\\/#website\",\"url\":\"https:\\\/\\\/anivet.lt\\\/elparduotuve\\\/\",\"name\":\"anivet.lt\",\"description\":\"Viskas J\u016bs\u0173 \u0161uns, kat\u0117s prie\u017ei\u016brai\",\"publisher\":{\"@id\":\"https:\\\/\\\/anivet.lt\\\/elparduotuve\\\/#organization\"},\"alternateName\":\"Viskas J\u016bs\u0173 \u0161uns, kat\u0117s prie\u017ei\u016brai\",\"potentialAction\":[{\"@type\":\"SearchAction\",\"target\":{\"@type\":\"EntryPoint\",\"urlTemplate\":\"https:\\\/\\\/anivet.lt\\\/elparduotuve\\\/?s={search_term_string}\"},\"query-input\":{\"@type\":\"PropertyValueSpecification\",\"valueRequired\":true,\"valueName\":\"search_term_string\"}}],\"inLanguage\":\"lt-LT\"},{\"@type\":\"Organization\",\"@id\":\"https:\\\/\\\/anivet.lt\\\/elparduotuve\\\/#organization\",\"name\":\"Viskas J\u016bs\u0173 \u0161uns, kat\u0117s prie\u017ei\u016brai\",\"url\":\"https:\\\/\\\/anivet.lt\\\/elparduotuve\\\/\",\"logo\":{\"@type\":\"ImageObject\",\"inLanguage\":\"lt-LT\",\"@id\":\"https:\\\/\\\/anivet.lt\\\/elparduotuve\\\/#\\\/schema\\\/logo\\\/image\\\/\",\"url\":\"https:\\\/\\\/anivet.lt\\\/elparduotuve\\\/wp-content\\\/uploads\\\/2023\\\/06\\\/logo2.jpg\",\"contentUrl\":\"https:\\\/\\\/anivet.lt\\\/elparduotuve\\\/wp-content\\\/uploads\\\/2023\\\/06\\\/logo2.jpg\",\"width\":655,\"height\":194,\"caption\":\"Viskas J\u016bs\u0173 \u0161uns, kat\u0117s prie\u017ei\u016brai\"},\"image\":{\"@id\":\"https:\\\/\\\/anivet.lt\\\/elparduotuve\\\/#\\\/schema\\\/logo\\\/image\\\/\"}}]}<\/script>\n<!-- \/ Yoast SEO Premium plugin. -->","yoast_head_json":{"title":"Josera High Protein Adult Sea Fish sausas maistas suaugusiems \u0161unims su \u017euvimi - anivet.lt","description":"Josera High Protein Sea Fish \u2013 auk\u0161tos kokyb\u0117s sausas maistas su j\u016bros \u017euvimi, sukurtas labai aktyviems, darbiniams suaugusiems \u0161unims. \u0160is pa\u0161aras apr\u016bpina energija, lengvai vir\u0161kinamas ir padeda palaikyti \u0161uns sveikat\u0105 bei i\u0161tverm\u0119.","robots":{"index":"index","follow":"follow","max-snippet":"max-snippet:-1","max-image-preview":"max-image-preview:large","max-video-preview":"max-video-preview:-1"},"canonical":"https:\/\/anivet.lt\/elparduotuve\/produktas\/josera-high-protein-adult-sea-fish-sausas-maistas-suaugusiems-sunims-su-zuvimi\/","og_locale":"lt_LT","og_type":"article","og_title":"Josera High Protein Adult Sea Fish sausas maistas suaugusiems \u0161unims su \u017euvimi","og_description":"Josera High Protein Sea Fish \u2013 auk\u0161tos kokyb\u0117s sausas maistas su j\u016bros \u017euvimi, sukurtas labai aktyviems, darbiniams suaugusiems \u0161unims. \u0160is pa\u0161aras apr\u016bpina energija, lengvai vir\u0161kinamas ir padeda palaikyti \u0161uns sveikat\u0105 bei i\u0161tverm\u0119.","og_url":"https:\/\/anivet.lt\/elparduotuve\/produktas\/josera-high-protein-adult-sea-fish-sausas-maistas-suaugusiems-sunims-su-zuvimi\/","og_site_name":"anivet.lt","article_modified_time":"2026-04-01T19:47:40+00:00","og_image":[{"width":600,"height":600,"url":"https:\/\/anivet.lt\/elparduotuve\/wp-content\/uploads\/2026\/03\/Josera-High-Protein-Adult-Sea-Fish-sausas-maistas-suaugusiems-sunims-su-zuvimi.jpg","type":"image\/jpeg"}],"twitter_card":"summary_large_image","twitter_misc":{"Est. reading time":"1 minut\u0117"},"schema":{"@context":"https:\/\/schema.org","@graph":[{"@type":"WebPage","@id":"https:\/\/anivet.lt\/elparduotuve\/produktas\/josera-high-protein-adult-sea-fish-sausas-maistas-suaugusiems-sunims-su-zuvimi\/","url":"https:\/\/anivet.lt\/elparduotuve\/produktas\/josera-high-protein-adult-sea-fish-sausas-maistas-suaugusiems-sunims-su-zuvimi\/","name":"Josera High Protein Adult Sea Fish sausas maistas suaugusiems \u0161unims su \u017euvimi - anivet.lt","isPartOf":{"@id":"https:\/\/anivet.lt\/elparduotuve\/#website"},"primaryImageOfPage":{"@id":"https:\/\/anivet.lt\/elparduotuve\/produktas\/josera-high-protein-adult-sea-fish-sausas-maistas-suaugusiems-sunims-su-zuvimi\/#primaryimage"},"image":{"@id":"https:\/\/anivet.lt\/elparduotuve\/produktas\/josera-high-protein-adult-sea-fish-sausas-maistas-suaugusiems-sunims-su-zuvimi\/#primaryimage"},"thumbnailUrl":"https:\/\/anivet.lt\/elparduotuve\/wp-content\/uploads\/2026\/03\/Josera-High-Protein-Adult-Sea-Fish-sausas-maistas-suaugusiems-sunims-su-zuvimi.jpg","datePublished":"2026-03-18T13:57:57+00:00","dateModified":"2026-04-01T19:47:40+00:00","description":"Josera High Protein Sea Fish \u2013 auk\u0161tos kokyb\u0117s sausas maistas su j\u016bros \u017euvimi, sukurtas labai aktyviems, darbiniams suaugusiems \u0161unims. \u0160is pa\u0161aras apr\u016bpina energija, lengvai vir\u0161kinamas ir padeda palaikyti \u0161uns sveikat\u0105 bei i\u0161tverm\u0119.","breadcrumb":{"@id":"https:\/\/anivet.lt\/elparduotuve\/produktas\/josera-high-protein-adult-sea-fish-sausas-maistas-suaugusiems-sunims-su-zuvimi\/#breadcrumb"},"inLanguage":"lt-LT","potentialAction":[{"@type":"ReadAction","target":["https:\/\/anivet.lt\/elparduotuve\/produktas\/josera-high-protein-adult-sea-fish-sausas-maistas-suaugusiems-sunims-su-zuvimi\/"]}]},{"@type":"ImageObject","inLanguage":"lt-LT","@id":"https:\/\/anivet.lt\/elparduotuve\/produktas\/josera-high-protein-adult-sea-fish-sausas-maistas-suaugusiems-sunims-su-zuvimi\/#primaryimage","url":"https:\/\/anivet.lt\/elparduotuve\/wp-content\/uploads\/2026\/03\/Josera-High-Protein-Adult-Sea-Fish-sausas-maistas-suaugusiems-sunims-su-zuvimi.jpg","contentUrl":"https:\/\/anivet.lt\/elparduotuve\/wp-content\/uploads\/2026\/03\/Josera-High-Protein-Adult-Sea-Fish-sausas-maistas-suaugusiems-sunims-su-zuvimi.jpg","width":600,"height":600},{"@type":"BreadcrumbList","@id":"https:\/\/anivet.lt\/elparduotuve\/produktas\/josera-high-protein-adult-sea-fish-sausas-maistas-suaugusiems-sunims-su-zuvimi\/#breadcrumb","itemListElement":[{"@type":"ListItem","position":1,"name":"Home","item":"https:\/\/anivet.lt\/elparduotuve\/"},{"@type":"ListItem","position":2,"name":"Produktai","item":"https:\/\/anivet.lt\/elparduotuve\/produktai\/"},{"@type":"ListItem","position":3,"name":"Josera High Protein Adult Sea Fish sausas maistas suaugusiems \u0161unims su \u017euvimi"}]},{"@type":"WebSite","@id":"https:\/\/anivet.lt\/elparduotuve\/#website","url":"https:\/\/anivet.lt\/elparduotuve\/","name":"anivet.lt","description":"Viskas J\u016bs\u0173 \u0161uns, kat\u0117s prie\u017ei\u016brai","publisher":{"@id":"https:\/\/anivet.lt\/elparduotuve\/#organization"},"alternateName":"Viskas J\u016bs\u0173 \u0161uns, kat\u0117s prie\u017ei\u016brai","potentialAction":[{"@type":"SearchAction","target":{"@type":"EntryPoint","urlTemplate":"https:\/\/anivet.lt\/elparduotuve\/?s={search_term_string}"},"query-input":{"@type":"PropertyValueSpecification","valueRequired":true,"valueName":"search_term_string"}}],"inLanguage":"lt-LT"},{"@type":"Organization","@id":"https:\/\/anivet.lt\/elparduotuve\/#organization","name":"Viskas J\u016bs\u0173 \u0161uns, kat\u0117s prie\u017ei\u016brai","url":"https:\/\/anivet.lt\/elparduotuve\/","logo":{"@type":"ImageObject","inLanguage":"lt-LT","@id":"https:\/\/anivet.lt\/elparduotuve\/#\/schema\/logo\/image\/","url":"https:\/\/anivet.lt\/elparduotuve\/wp-content\/uploads\/2023\/06\/logo2.jpg","contentUrl":"https:\/\/anivet.lt\/elparduotuve\/wp-content\/uploads\/2023\/06\/logo2.jpg","width":655,"height":194,"caption":"Viskas J\u016bs\u0173 \u0161uns, kat\u0117s prie\u017ei\u016brai"},"image":{"@id":"https:\/\/anivet.lt\/elparduotuve\/#\/schema\/logo\/image\/"}}]}},"_links":{"self":[{"href":"https:\/\/anivet.lt\/elparduotuve\/wp-json\/wp\/v2\/product\/20836","targetHints":{"allow":["GET"]}}],"collection":[{"href":"https:\/\/anivet.lt\/elparduotuve\/wp-json\/wp\/v2\/product"}],"about":[{"href":"https:\/\/anivet.lt\/elparduotuve\/wp-json\/wp\/v2\/types\/product"}],"wp:featuredmedia":[{"embeddable":true,"href":"https:\/\/anivet.lt\/elparduotuve\/wp-json\/wp\/v2\/media\/20837"}],"wp:attachment":[{"href":"https:\/\/anivet.lt\/elparduotuve\/wp-json\/wp\/v2\/media?parent=20836"}],"wp:term":[{"taxonomy":"product_brand","embeddable":true,"href":"https:\/\/anivet.lt\/elparduotuve\/wp-json\/wp\/v2\/product_brand?post=20836"},{"taxonomy":"product_cat","embeddable":true,"href":"https:\/\/anivet.lt\/elparduotuve\/wp-json\/wp\/v2\/product_cat?post=20836"},{"taxonomy":"product_tag","embeddable":true,"href":"https:\/\/anivet.lt\/elparduotuve\/wp-json\/wp\/v2\/product_tag?post=20836"}],"curies":[{"name":"wp","href":"https:\/\/api.w.org\/{rel}","templated":true}]}}