{"id":20840,"date":"2026-03-18T14:44:20","date_gmt":"2026-03-18T14:44:20","guid":{"rendered":"https:\/\/anivet.lt\/elparduotuve\/?post_type=product&#038;p=20840"},"modified":"2026-05-11T08:23:23","modified_gmt":"2026-05-11T08:23:23","slug":"josera-hypoallergenic-begrudis-sausas-maistas-jautriems-sunims-su-vabzdziais","status":"publish","type":"product","link":"https:\/\/anivet.lt\/elparduotuve\/produktas\/josera-hypoallergenic-begrudis-sausas-maistas-jautriems-sunims-su-vabzdziais\/","title":{"rendered":"Josera Hypoallergenic begr\u016bdis sausas maistas jautriems \u0161unims su vabzd\u017eiais"},"content":{"rendered":"<ul>\n<li>Tinka vis\u0173 dyd\u017ei\u0173 suaugusiems \u0161unims: idealus pasirinkimas jautriems \u0161unims, linkusiems \u012f maisto netoleravim\u0105.<\/li>\n<li>Unikalus baltym\u0173 \u0161altinis: vabzd\u017ei\u0173 baltymai suteikia lies\u0105 ir lengvai vir\u0161kinam\u0105 protein\u0105, puikiai tinkant\u012f hipoalerginei mitybai.<\/li>\n<li>Lengvai vir\u0161kinamas: kruop\u0161\u010diai atrinkti ir apdoroti ingredientai u\u017etikrina ger\u0105 vir\u0161kinamum\u0105 net jautriems \u0161unims.<\/li>\n<li>Be gr\u016bd\u0173: receptas neturi kvie\u010di\u0173, kukur\u016bz\u0173 ar sojos, tod\u0117l suma\u017eina alergijos rizik\u0105.<\/li>\n<\/ul>\n","protected":false},"excerpt":{"rendered":"<p>Josera Hypoallergenic \u2013 auk\u0161tos kokyb\u0117s sausas maistas, sukurtas \u0161unims su jautria vir\u0161kinimo sistema arba linkusiems \u012f maisto netoleravim\u0105. \u0160is hipoalerginis pa\u0161aras apr\u016bpina visomis reikalingomis maistin\u0117mis med\u017eiagomis, tuo pa\u010diu pad\u0117damas i\u0161vengti alergini\u0173 reakcij\u0173.<\/p>\n","protected":false},"featured_media":20842,"template":"","meta":[],"product_brand":[],"product_cat":[101,103,104,334],"product_tag":[],"class_list":{"0":"post-20840","1":"product","2":"type-product","3":"status-publish","4":"has-post-thumbnail","6":"product_cat-sunims","7":"product_cat-sunu-maistas","8":"product_cat-sausas-maistas","9":"product_cat-josera-sunu-maistas","10":"pa_prekinis-zenklas-josera","12":"first","13":"instock","14":"taxable","15":"shipping-taxable","16":"purchasable","17":"product-type-variable"},"yoast_head":"<!-- This site is optimized with the Yoast SEO Premium plugin v27.1 (Yoast SEO v27.5) - https:\/\/yoast.com\/product\/yoast-seo-premium-wordpress\/ -->\n<title>Josera Hypoallergenic begr\u016bdis sausas maistas jautriems \u0161unims su vabzd\u017eiais - anivet.lt<\/title>\n<meta name=\"description\" content=\"Josera Hypoallergenic \u2013 auk\u0161tos kokyb\u0117s sausas maistas, sukurtas \u0161unims su jautria vir\u0161kinimo sistema arba linkusiems \u012f maisto netoleravim\u0105. \u0160is hipoalerginis pa\u0161aras apr\u016bpina visomis reikalingomis maistin\u0117mis med\u017eiagomis, tuo pa\u010diu pad\u0117damas i\u0161vengti alergini\u0173 reakcij\u0173.\" \/>\n<meta name=\"robots\" content=\"index, follow, max-snippet:-1, max-image-preview:large, max-video-preview:-1\" \/>\n<link rel=\"canonical\" href=\"https:\/\/anivet.lt\/elparduotuve\/produktas\/josera-hypoallergenic-begrudis-sausas-maistas-jautriems-sunims-su-vabzdziais\/\" \/>\n<meta property=\"og:locale\" content=\"lt_LT\" \/>\n<meta property=\"og:type\" content=\"article\" \/>\n<meta property=\"og:title\" content=\"Josera Hypoallergenic begr\u016bdis sausas maistas jautriems \u0161unims su vabzd\u017eiais\" \/>\n<meta property=\"og:description\" content=\"Josera Hypoallergenic \u2013 auk\u0161tos kokyb\u0117s sausas maistas, sukurtas \u0161unims su jautria vir\u0161kinimo sistema arba linkusiems \u012f maisto netoleravim\u0105. \u0160is hipoalerginis pa\u0161aras apr\u016bpina visomis reikalingomis maistin\u0117mis med\u017eiagomis, tuo pa\u010diu pad\u0117damas i\u0161vengti alergini\u0173 reakcij\u0173.\" \/>\n<meta property=\"og:url\" content=\"https:\/\/anivet.lt\/elparduotuve\/produktas\/josera-hypoallergenic-begrudis-sausas-maistas-jautriems-sunims-su-vabzdziais\/\" \/>\n<meta property=\"og:site_name\" content=\"anivet.lt\" \/>\n<meta property=\"article:modified_time\" content=\"2026-05-11T08:23:23+00:00\" \/>\n<meta property=\"og:image\" content=\"https:\/\/anivet.lt\/elparduotuve\/wp-content\/uploads\/2026\/03\/Josera-Hypoallergenic-begrudis-sausas-maistas-jautriems-sunims-su-vabzdziais.jpg\" \/>\n\t<meta property=\"og:image:width\" content=\"600\" \/>\n\t<meta property=\"og:image:height\" content=\"600\" \/>\n\t<meta property=\"og:image:type\" content=\"image\/jpeg\" \/>\n<meta name=\"twitter:card\" content=\"summary_large_image\" \/>\n<meta name=\"twitter:label1\" content=\"Est. reading time\" \/>\n\t<meta name=\"twitter:data1\" content=\"1 minut\u0117\" \/>\n<script type=\"application\/ld+json\" class=\"yoast-schema-graph\">{\"@context\":\"https:\\\/\\\/schema.org\",\"@graph\":[{\"@type\":\"WebPage\",\"@id\":\"https:\\\/\\\/anivet.lt\\\/elparduotuve\\\/produktas\\\/josera-hypoallergenic-begrudis-sausas-maistas-jautriems-sunims-su-vabzdziais\\\/\",\"url\":\"https:\\\/\\\/anivet.lt\\\/elparduotuve\\\/produktas\\\/josera-hypoallergenic-begrudis-sausas-maistas-jautriems-sunims-su-vabzdziais\\\/\",\"name\":\"Josera Hypoallergenic begr\u016bdis sausas maistas jautriems \u0161unims su vabzd\u017eiais - anivet.lt\",\"isPartOf\":{\"@id\":\"https:\\\/\\\/anivet.lt\\\/elparduotuve\\\/#website\"},\"primaryImageOfPage\":{\"@id\":\"https:\\\/\\\/anivet.lt\\\/elparduotuve\\\/produktas\\\/josera-hypoallergenic-begrudis-sausas-maistas-jautriems-sunims-su-vabzdziais\\\/#primaryimage\"},\"image\":{\"@id\":\"https:\\\/\\\/anivet.lt\\\/elparduotuve\\\/produktas\\\/josera-hypoallergenic-begrudis-sausas-maistas-jautriems-sunims-su-vabzdziais\\\/#primaryimage\"},\"thumbnailUrl\":\"https:\\\/\\\/anivet.lt\\\/elparduotuve\\\/wp-content\\\/uploads\\\/2026\\\/03\\\/Josera-Hypoallergenic-begrudis-sausas-maistas-jautriems-sunims-su-vabzdziais.jpg\",\"datePublished\":\"2026-03-18T14:44:20+00:00\",\"dateModified\":\"2026-05-11T08:23:23+00:00\",\"description\":\"Josera Hypoallergenic \u2013 auk\u0161tos kokyb\u0117s sausas maistas, sukurtas \u0161unims su jautria vir\u0161kinimo sistema arba linkusiems \u012f maisto netoleravim\u0105. \u0160is hipoalerginis pa\u0161aras apr\u016bpina visomis reikalingomis maistin\u0117mis med\u017eiagomis, tuo pa\u010diu pad\u0117damas i\u0161vengti alergini\u0173 reakcij\u0173.\",\"breadcrumb\":{\"@id\":\"https:\\\/\\\/anivet.lt\\\/elparduotuve\\\/produktas\\\/josera-hypoallergenic-begrudis-sausas-maistas-jautriems-sunims-su-vabzdziais\\\/#breadcrumb\"},\"inLanguage\":\"lt-LT\",\"potentialAction\":[{\"@type\":\"ReadAction\",\"target\":[\"https:\\\/\\\/anivet.lt\\\/elparduotuve\\\/produktas\\\/josera-hypoallergenic-begrudis-sausas-maistas-jautriems-sunims-su-vabzdziais\\\/\"]}]},{\"@type\":\"ImageObject\",\"inLanguage\":\"lt-LT\",\"@id\":\"https:\\\/\\\/anivet.lt\\\/elparduotuve\\\/produktas\\\/josera-hypoallergenic-begrudis-sausas-maistas-jautriems-sunims-su-vabzdziais\\\/#primaryimage\",\"url\":\"https:\\\/\\\/anivet.lt\\\/elparduotuve\\\/wp-content\\\/uploads\\\/2026\\\/03\\\/Josera-Hypoallergenic-begrudis-sausas-maistas-jautriems-sunims-su-vabzdziais.jpg\",\"contentUrl\":\"https:\\\/\\\/anivet.lt\\\/elparduotuve\\\/wp-content\\\/uploads\\\/2026\\\/03\\\/Josera-Hypoallergenic-begrudis-sausas-maistas-jautriems-sunims-su-vabzdziais.jpg\",\"width\":600,\"height\":600},{\"@type\":\"BreadcrumbList\",\"@id\":\"https:\\\/\\\/anivet.lt\\\/elparduotuve\\\/produktas\\\/josera-hypoallergenic-begrudis-sausas-maistas-jautriems-sunims-su-vabzdziais\\\/#breadcrumb\",\"itemListElement\":[{\"@type\":\"ListItem\",\"position\":1,\"name\":\"Home\",\"item\":\"https:\\\/\\\/anivet.lt\\\/elparduotuve\\\/\"},{\"@type\":\"ListItem\",\"position\":2,\"name\":\"Produktai\",\"item\":\"https:\\\/\\\/anivet.lt\\\/elparduotuve\\\/produktai\\\/\"},{\"@type\":\"ListItem\",\"position\":3,\"name\":\"Josera Hypoallergenic begr\u016bdis sausas maistas jautriems \u0161unims su vabzd\u017eiais\"}]},{\"@type\":\"WebSite\",\"@id\":\"https:\\\/\\\/anivet.lt\\\/elparduotuve\\\/#website\",\"url\":\"https:\\\/\\\/anivet.lt\\\/elparduotuve\\\/\",\"name\":\"anivet.lt\",\"description\":\"Viskas J\u016bs\u0173 \u0161uns, kat\u0117s prie\u017ei\u016brai\",\"publisher\":{\"@id\":\"https:\\\/\\\/anivet.lt\\\/elparduotuve\\\/#organization\"},\"alternateName\":\"Viskas J\u016bs\u0173 \u0161uns, kat\u0117s prie\u017ei\u016brai\",\"potentialAction\":[{\"@type\":\"SearchAction\",\"target\":{\"@type\":\"EntryPoint\",\"urlTemplate\":\"https:\\\/\\\/anivet.lt\\\/elparduotuve\\\/?s={search_term_string}\"},\"query-input\":{\"@type\":\"PropertyValueSpecification\",\"valueRequired\":true,\"valueName\":\"search_term_string\"}}],\"inLanguage\":\"lt-LT\"},{\"@type\":\"Organization\",\"@id\":\"https:\\\/\\\/anivet.lt\\\/elparduotuve\\\/#organization\",\"name\":\"Viskas J\u016bs\u0173 \u0161uns, kat\u0117s prie\u017ei\u016brai\",\"url\":\"https:\\\/\\\/anivet.lt\\\/elparduotuve\\\/\",\"logo\":{\"@type\":\"ImageObject\",\"inLanguage\":\"lt-LT\",\"@id\":\"https:\\\/\\\/anivet.lt\\\/elparduotuve\\\/#\\\/schema\\\/logo\\\/image\\\/\",\"url\":\"https:\\\/\\\/anivet.lt\\\/elparduotuve\\\/wp-content\\\/uploads\\\/2023\\\/06\\\/logo2.jpg\",\"contentUrl\":\"https:\\\/\\\/anivet.lt\\\/elparduotuve\\\/wp-content\\\/uploads\\\/2023\\\/06\\\/logo2.jpg\",\"width\":655,\"height\":194,\"caption\":\"Viskas J\u016bs\u0173 \u0161uns, kat\u0117s prie\u017ei\u016brai\"},\"image\":{\"@id\":\"https:\\\/\\\/anivet.lt\\\/elparduotuve\\\/#\\\/schema\\\/logo\\\/image\\\/\"}}]}<\/script>\n<!-- \/ Yoast SEO Premium plugin. -->","yoast_head_json":{"title":"Josera Hypoallergenic begr\u016bdis sausas maistas jautriems \u0161unims su vabzd\u017eiais - anivet.lt","description":"Josera Hypoallergenic \u2013 auk\u0161tos kokyb\u0117s sausas maistas, sukurtas \u0161unims su jautria vir\u0161kinimo sistema arba linkusiems \u012f maisto netoleravim\u0105. \u0160is hipoalerginis pa\u0161aras apr\u016bpina visomis reikalingomis maistin\u0117mis med\u017eiagomis, tuo pa\u010diu pad\u0117damas i\u0161vengti alergini\u0173 reakcij\u0173.","robots":{"index":"index","follow":"follow","max-snippet":"max-snippet:-1","max-image-preview":"max-image-preview:large","max-video-preview":"max-video-preview:-1"},"canonical":"https:\/\/anivet.lt\/elparduotuve\/produktas\/josera-hypoallergenic-begrudis-sausas-maistas-jautriems-sunims-su-vabzdziais\/","og_locale":"lt_LT","og_type":"article","og_title":"Josera Hypoallergenic begr\u016bdis sausas maistas jautriems \u0161unims su vabzd\u017eiais","og_description":"Josera Hypoallergenic \u2013 auk\u0161tos kokyb\u0117s sausas maistas, sukurtas \u0161unims su jautria vir\u0161kinimo sistema arba linkusiems \u012f maisto netoleravim\u0105. \u0160is hipoalerginis pa\u0161aras apr\u016bpina visomis reikalingomis maistin\u0117mis med\u017eiagomis, tuo pa\u010diu pad\u0117damas i\u0161vengti alergini\u0173 reakcij\u0173.","og_url":"https:\/\/anivet.lt\/elparduotuve\/produktas\/josera-hypoallergenic-begrudis-sausas-maistas-jautriems-sunims-su-vabzdziais\/","og_site_name":"anivet.lt","article_modified_time":"2026-05-11T08:23:23+00:00","og_image":[{"width":600,"height":600,"url":"https:\/\/anivet.lt\/elparduotuve\/wp-content\/uploads\/2026\/03\/Josera-Hypoallergenic-begrudis-sausas-maistas-jautriems-sunims-su-vabzdziais.jpg","type":"image\/jpeg"}],"twitter_card":"summary_large_image","twitter_misc":{"Est. reading time":"1 minut\u0117"},"schema":{"@context":"https:\/\/schema.org","@graph":[{"@type":"WebPage","@id":"https:\/\/anivet.lt\/elparduotuve\/produktas\/josera-hypoallergenic-begrudis-sausas-maistas-jautriems-sunims-su-vabzdziais\/","url":"https:\/\/anivet.lt\/elparduotuve\/produktas\/josera-hypoallergenic-begrudis-sausas-maistas-jautriems-sunims-su-vabzdziais\/","name":"Josera Hypoallergenic begr\u016bdis sausas maistas jautriems \u0161unims su vabzd\u017eiais - anivet.lt","isPartOf":{"@id":"https:\/\/anivet.lt\/elparduotuve\/#website"},"primaryImageOfPage":{"@id":"https:\/\/anivet.lt\/elparduotuve\/produktas\/josera-hypoallergenic-begrudis-sausas-maistas-jautriems-sunims-su-vabzdziais\/#primaryimage"},"image":{"@id":"https:\/\/anivet.lt\/elparduotuve\/produktas\/josera-hypoallergenic-begrudis-sausas-maistas-jautriems-sunims-su-vabzdziais\/#primaryimage"},"thumbnailUrl":"https:\/\/anivet.lt\/elparduotuve\/wp-content\/uploads\/2026\/03\/Josera-Hypoallergenic-begrudis-sausas-maistas-jautriems-sunims-su-vabzdziais.jpg","datePublished":"2026-03-18T14:44:20+00:00","dateModified":"2026-05-11T08:23:23+00:00","description":"Josera Hypoallergenic \u2013 auk\u0161tos kokyb\u0117s sausas maistas, sukurtas \u0161unims su jautria vir\u0161kinimo sistema arba linkusiems \u012f maisto netoleravim\u0105. \u0160is hipoalerginis pa\u0161aras apr\u016bpina visomis reikalingomis maistin\u0117mis med\u017eiagomis, tuo pa\u010diu pad\u0117damas i\u0161vengti alergini\u0173 reakcij\u0173.","breadcrumb":{"@id":"https:\/\/anivet.lt\/elparduotuve\/produktas\/josera-hypoallergenic-begrudis-sausas-maistas-jautriems-sunims-su-vabzdziais\/#breadcrumb"},"inLanguage":"lt-LT","potentialAction":[{"@type":"ReadAction","target":["https:\/\/anivet.lt\/elparduotuve\/produktas\/josera-hypoallergenic-begrudis-sausas-maistas-jautriems-sunims-su-vabzdziais\/"]}]},{"@type":"ImageObject","inLanguage":"lt-LT","@id":"https:\/\/anivet.lt\/elparduotuve\/produktas\/josera-hypoallergenic-begrudis-sausas-maistas-jautriems-sunims-su-vabzdziais\/#primaryimage","url":"https:\/\/anivet.lt\/elparduotuve\/wp-content\/uploads\/2026\/03\/Josera-Hypoallergenic-begrudis-sausas-maistas-jautriems-sunims-su-vabzdziais.jpg","contentUrl":"https:\/\/anivet.lt\/elparduotuve\/wp-content\/uploads\/2026\/03\/Josera-Hypoallergenic-begrudis-sausas-maistas-jautriems-sunims-su-vabzdziais.jpg","width":600,"height":600},{"@type":"BreadcrumbList","@id":"https:\/\/anivet.lt\/elparduotuve\/produktas\/josera-hypoallergenic-begrudis-sausas-maistas-jautriems-sunims-su-vabzdziais\/#breadcrumb","itemListElement":[{"@type":"ListItem","position":1,"name":"Home","item":"https:\/\/anivet.lt\/elparduotuve\/"},{"@type":"ListItem","position":2,"name":"Produktai","item":"https:\/\/anivet.lt\/elparduotuve\/produktai\/"},{"@type":"ListItem","position":3,"name":"Josera Hypoallergenic begr\u016bdis sausas maistas jautriems \u0161unims su vabzd\u017eiais"}]},{"@type":"WebSite","@id":"https:\/\/anivet.lt\/elparduotuve\/#website","url":"https:\/\/anivet.lt\/elparduotuve\/","name":"anivet.lt","description":"Viskas J\u016bs\u0173 \u0161uns, kat\u0117s prie\u017ei\u016brai","publisher":{"@id":"https:\/\/anivet.lt\/elparduotuve\/#organization"},"alternateName":"Viskas J\u016bs\u0173 \u0161uns, kat\u0117s prie\u017ei\u016brai","potentialAction":[{"@type":"SearchAction","target":{"@type":"EntryPoint","urlTemplate":"https:\/\/anivet.lt\/elparduotuve\/?s={search_term_string}"},"query-input":{"@type":"PropertyValueSpecification","valueRequired":true,"valueName":"search_term_string"}}],"inLanguage":"lt-LT"},{"@type":"Organization","@id":"https:\/\/anivet.lt\/elparduotuve\/#organization","name":"Viskas J\u016bs\u0173 \u0161uns, kat\u0117s prie\u017ei\u016brai","url":"https:\/\/anivet.lt\/elparduotuve\/","logo":{"@type":"ImageObject","inLanguage":"lt-LT","@id":"https:\/\/anivet.lt\/elparduotuve\/#\/schema\/logo\/image\/","url":"https:\/\/anivet.lt\/elparduotuve\/wp-content\/uploads\/2023\/06\/logo2.jpg","contentUrl":"https:\/\/anivet.lt\/elparduotuve\/wp-content\/uploads\/2023\/06\/logo2.jpg","width":655,"height":194,"caption":"Viskas J\u016bs\u0173 \u0161uns, kat\u0117s prie\u017ei\u016brai"},"image":{"@id":"https:\/\/anivet.lt\/elparduotuve\/#\/schema\/logo\/image\/"}}]}},"_links":{"self":[{"href":"https:\/\/anivet.lt\/elparduotuve\/wp-json\/wp\/v2\/product\/20840","targetHints":{"allow":["GET"]}}],"collection":[{"href":"https:\/\/anivet.lt\/elparduotuve\/wp-json\/wp\/v2\/product"}],"about":[{"href":"https:\/\/anivet.lt\/elparduotuve\/wp-json\/wp\/v2\/types\/product"}],"wp:featuredmedia":[{"embeddable":true,"href":"https:\/\/anivet.lt\/elparduotuve\/wp-json\/wp\/v2\/media\/20842"}],"wp:attachment":[{"href":"https:\/\/anivet.lt\/elparduotuve\/wp-json\/wp\/v2\/media?parent=20840"}],"wp:term":[{"taxonomy":"product_brand","embeddable":true,"href":"https:\/\/anivet.lt\/elparduotuve\/wp-json\/wp\/v2\/product_brand?post=20840"},{"taxonomy":"product_cat","embeddable":true,"href":"https:\/\/anivet.lt\/elparduotuve\/wp-json\/wp\/v2\/product_cat?post=20840"},{"taxonomy":"product_tag","embeddable":true,"href":"https:\/\/anivet.lt\/elparduotuve\/wp-json\/wp\/v2\/product_tag?post=20840"}],"curies":[{"name":"wp","href":"https:\/\/api.w.org\/{rel}","templated":true}]}}