{"id":20850,"date":"2026-03-18T15:01:39","date_gmt":"2026-03-18T15:01:39","guid":{"rendered":"https:\/\/anivet.lt\/elparduotuve\/?post_type=product&#038;p=20850"},"modified":"2026-03-18T15:01:40","modified_gmt":"2026-03-18T15:01:40","slug":"josera-medi-maxi-chicken-and-sweet-potato-sausas-pasaras-sunims-su-paukstiena-ir-batatais-125kg","status":"publish","type":"product","link":"https:\/\/anivet.lt\/elparduotuve\/produktas\/josera-medi-maxi-chicken-and-sweet-potato-sausas-pasaras-sunims-su-paukstiena-ir-batatais-125kg\/","title":{"rendered":"Josera Medi \/ Maxi Chicken and Sweet Potato sausas pa\u0161aras \u0161unims su pauk\u0161tiena ir batatais 12,5kg"},"content":{"rendered":"<ul>\n<li>Tinka vidutini\u0173 ir dideli\u0173 veisli\u0173 \u0161unims: idealus suaugusiems \u0161unims, kuri\u0173 gyvenimo b\u016bdas reikalauja energijos ir jud\u0117jimo.<\/li>\n<li>Lengvai vir\u0161kinamas: sald\u017eiosios bulv\u0117s, gardi vi\u0161tiena ir maistin\u0117s skaidulos u\u017etikrina puik\u0173 vir\u0161kinamum\u0105.<\/li>\n<li>Papildoma energija: vitaminas E ir l-karnitinas padeda palaikyti aktyv\u0173 gyvenimo b\u016bd\u0105.<\/li>\n<li>Subalansuotas baltym\u0173 kiekis: tinkamas raumen\u0173 palaikymui ir energijos suteikimui.<\/li>\n<li>Be gr\u016bd\u0173: receptas neturi kvie\u010di\u0173, kukur\u016bz\u0173 ar sojos, tod\u0117l tinka jautresniems \u0161unims.<\/li>\n<\/ul>\n","protected":false},"excerpt":{"rendered":"<p>Josera Medi \/ Maxi Chicken &amp; Sweet Potato \u2013 auk\u0161tos kokyb\u0117s sausas maistas su vi\u0161tiena ir sald\u017eiosiomis bulv\u0117mis, sukurtas vidutini\u0173 ir dideli\u0173 veisli\u0173, aktyviems suaugusiems \u0161unims. \u0160is pa\u0161aras lengvai vir\u0161kinamas, suteikia energijos ir palaiko bendr\u0105 \u0161uns sveikat\u0105.<\/p>\n","protected":false},"featured_media":20851,"template":"","meta":[],"product_brand":[],"product_cat":[101,103,104,334],"product_tag":[],"class_list":{"0":"post-20850","1":"product","2":"type-product","3":"status-publish","4":"has-post-thumbnail","6":"product_cat-sunims","7":"product_cat-sunu-maistas","8":"product_cat-sausas-maistas","9":"product_cat-josera-sunu-maistas","10":"pa_prekinis-zenklas-josera","12":"first","13":"instock","14":"taxable","15":"shipping-taxable","16":"purchasable","17":"product-type-simple"},"yoast_head":"<!-- This site is optimized with the Yoast SEO Premium plugin v27.1 (Yoast SEO v27.5) - https:\/\/yoast.com\/product\/yoast-seo-premium-wordpress\/ -->\n<title>Josera Medi \/ Maxi Chicken and Sweet Potato sausas pa\u0161aras \u0161unims su pauk\u0161tiena ir batatais 12,5kg - anivet.lt<\/title>\n<meta name=\"description\" content=\"Josera Medi \/ Maxi Chicken &amp; Sweet Potato \u2013 auk\u0161tos kokyb\u0117s sausas maistas su vi\u0161tiena ir sald\u017eiosiomis bulv\u0117mis, sukurtas vidutini\u0173 ir dideli\u0173 veisli\u0173, aktyviems suaugusiems \u0161unims. \u0160is pa\u0161aras lengvai vir\u0161kinamas, suteikia energijos ir palaiko bendr\u0105 \u0161uns sveikat\u0105.\" \/>\n<meta name=\"robots\" content=\"index, follow, max-snippet:-1, max-image-preview:large, max-video-preview:-1\" \/>\n<link rel=\"canonical\" href=\"https:\/\/anivet.lt\/elparduotuve\/produktas\/josera-medi-maxi-chicken-and-sweet-potato-sausas-pasaras-sunims-su-paukstiena-ir-batatais-125kg\/\" \/>\n<meta property=\"og:locale\" content=\"lt_LT\" \/>\n<meta property=\"og:type\" content=\"article\" \/>\n<meta property=\"og:title\" content=\"Josera Medi \/ Maxi Chicken and Sweet Potato sausas pa\u0161aras \u0161unims su pauk\u0161tiena ir batatais 12,5kg\" \/>\n<meta property=\"og:description\" content=\"Josera Medi \/ Maxi Chicken &amp; Sweet Potato \u2013 auk\u0161tos kokyb\u0117s sausas maistas su vi\u0161tiena ir sald\u017eiosiomis bulv\u0117mis, sukurtas vidutini\u0173 ir dideli\u0173 veisli\u0173, aktyviems suaugusiems \u0161unims. \u0160is pa\u0161aras lengvai vir\u0161kinamas, suteikia energijos ir palaiko bendr\u0105 \u0161uns sveikat\u0105.\" \/>\n<meta property=\"og:url\" content=\"https:\/\/anivet.lt\/elparduotuve\/produktas\/josera-medi-maxi-chicken-and-sweet-potato-sausas-pasaras-sunims-su-paukstiena-ir-batatais-125kg\/\" \/>\n<meta property=\"og:site_name\" content=\"anivet.lt\" \/>\n<meta property=\"article:modified_time\" content=\"2026-03-18T15:01:40+00:00\" \/>\n<meta property=\"og:image\" content=\"https:\/\/anivet.lt\/elparduotuve\/wp-content\/uploads\/2026\/03\/Josera-Medi-Maxi-Chicken-and-Sweet-Potato-sausas-pasaras-sunims-su-paukstiena-ir-batatais-125kg.jpg\" \/>\n\t<meta property=\"og:image:width\" content=\"600\" \/>\n\t<meta property=\"og:image:height\" content=\"600\" \/>\n\t<meta property=\"og:image:type\" content=\"image\/jpeg\" \/>\n<meta name=\"twitter:card\" content=\"summary_large_image\" \/>\n<meta name=\"twitter:label1\" content=\"Est. reading time\" \/>\n\t<meta name=\"twitter:data1\" content=\"1 minut\u0117\" \/>\n<script type=\"application\/ld+json\" class=\"yoast-schema-graph\">{\"@context\":\"https:\\\/\\\/schema.org\",\"@graph\":[{\"@type\":\"WebPage\",\"@id\":\"https:\\\/\\\/anivet.lt\\\/elparduotuve\\\/produktas\\\/josera-medi-maxi-chicken-and-sweet-potato-sausas-pasaras-sunims-su-paukstiena-ir-batatais-125kg\\\/\",\"url\":\"https:\\\/\\\/anivet.lt\\\/elparduotuve\\\/produktas\\\/josera-medi-maxi-chicken-and-sweet-potato-sausas-pasaras-sunims-su-paukstiena-ir-batatais-125kg\\\/\",\"name\":\"Josera Medi \\\/ Maxi Chicken and Sweet Potato sausas pa\u0161aras \u0161unims su pauk\u0161tiena ir batatais 12,5kg - anivet.lt\",\"isPartOf\":{\"@id\":\"https:\\\/\\\/anivet.lt\\\/elparduotuve\\\/#website\"},\"primaryImageOfPage\":{\"@id\":\"https:\\\/\\\/anivet.lt\\\/elparduotuve\\\/produktas\\\/josera-medi-maxi-chicken-and-sweet-potato-sausas-pasaras-sunims-su-paukstiena-ir-batatais-125kg\\\/#primaryimage\"},\"image\":{\"@id\":\"https:\\\/\\\/anivet.lt\\\/elparduotuve\\\/produktas\\\/josera-medi-maxi-chicken-and-sweet-potato-sausas-pasaras-sunims-su-paukstiena-ir-batatais-125kg\\\/#primaryimage\"},\"thumbnailUrl\":\"https:\\\/\\\/anivet.lt\\\/elparduotuve\\\/wp-content\\\/uploads\\\/2026\\\/03\\\/Josera-Medi-Maxi-Chicken-and-Sweet-Potato-sausas-pasaras-sunims-su-paukstiena-ir-batatais-125kg.jpg\",\"datePublished\":\"2026-03-18T15:01:39+00:00\",\"dateModified\":\"2026-03-18T15:01:40+00:00\",\"description\":\"Josera Medi \\\/ Maxi Chicken &amp; Sweet Potato \u2013 auk\u0161tos kokyb\u0117s sausas maistas su vi\u0161tiena ir sald\u017eiosiomis bulv\u0117mis, sukurtas vidutini\u0173 ir dideli\u0173 veisli\u0173, aktyviems suaugusiems \u0161unims. \u0160is pa\u0161aras lengvai vir\u0161kinamas, suteikia energijos ir palaiko bendr\u0105 \u0161uns sveikat\u0105.\",\"breadcrumb\":{\"@id\":\"https:\\\/\\\/anivet.lt\\\/elparduotuve\\\/produktas\\\/josera-medi-maxi-chicken-and-sweet-potato-sausas-pasaras-sunims-su-paukstiena-ir-batatais-125kg\\\/#breadcrumb\"},\"inLanguage\":\"lt-LT\",\"potentialAction\":[{\"@type\":\"ReadAction\",\"target\":[\"https:\\\/\\\/anivet.lt\\\/elparduotuve\\\/produktas\\\/josera-medi-maxi-chicken-and-sweet-potato-sausas-pasaras-sunims-su-paukstiena-ir-batatais-125kg\\\/\"]}]},{\"@type\":\"ImageObject\",\"inLanguage\":\"lt-LT\",\"@id\":\"https:\\\/\\\/anivet.lt\\\/elparduotuve\\\/produktas\\\/josera-medi-maxi-chicken-and-sweet-potato-sausas-pasaras-sunims-su-paukstiena-ir-batatais-125kg\\\/#primaryimage\",\"url\":\"https:\\\/\\\/anivet.lt\\\/elparduotuve\\\/wp-content\\\/uploads\\\/2026\\\/03\\\/Josera-Medi-Maxi-Chicken-and-Sweet-Potato-sausas-pasaras-sunims-su-paukstiena-ir-batatais-125kg.jpg\",\"contentUrl\":\"https:\\\/\\\/anivet.lt\\\/elparduotuve\\\/wp-content\\\/uploads\\\/2026\\\/03\\\/Josera-Medi-Maxi-Chicken-and-Sweet-Potato-sausas-pasaras-sunims-su-paukstiena-ir-batatais-125kg.jpg\",\"width\":600,\"height\":600,\"caption\":\"Josera Medi \\\/ Maxi Chicken and Sweet Potato sausas pa\u0161aras \u0161unims su pauk\u0161tiena ir batatais 12,5kg\"},{\"@type\":\"BreadcrumbList\",\"@id\":\"https:\\\/\\\/anivet.lt\\\/elparduotuve\\\/produktas\\\/josera-medi-maxi-chicken-and-sweet-potato-sausas-pasaras-sunims-su-paukstiena-ir-batatais-125kg\\\/#breadcrumb\",\"itemListElement\":[{\"@type\":\"ListItem\",\"position\":1,\"name\":\"Home\",\"item\":\"https:\\\/\\\/anivet.lt\\\/elparduotuve\\\/\"},{\"@type\":\"ListItem\",\"position\":2,\"name\":\"Produktai\",\"item\":\"https:\\\/\\\/anivet.lt\\\/elparduotuve\\\/produktai\\\/\"},{\"@type\":\"ListItem\",\"position\":3,\"name\":\"Josera Medi \\\/ Maxi Chicken and Sweet Potato sausas pa\u0161aras \u0161unims su pauk\u0161tiena ir batatais 12,5kg\"}]},{\"@type\":\"WebSite\",\"@id\":\"https:\\\/\\\/anivet.lt\\\/elparduotuve\\\/#website\",\"url\":\"https:\\\/\\\/anivet.lt\\\/elparduotuve\\\/\",\"name\":\"anivet.lt\",\"description\":\"Viskas J\u016bs\u0173 \u0161uns, kat\u0117s prie\u017ei\u016brai\",\"publisher\":{\"@id\":\"https:\\\/\\\/anivet.lt\\\/elparduotuve\\\/#organization\"},\"alternateName\":\"Viskas J\u016bs\u0173 \u0161uns, kat\u0117s prie\u017ei\u016brai\",\"potentialAction\":[{\"@type\":\"SearchAction\",\"target\":{\"@type\":\"EntryPoint\",\"urlTemplate\":\"https:\\\/\\\/anivet.lt\\\/elparduotuve\\\/?s={search_term_string}\"},\"query-input\":{\"@type\":\"PropertyValueSpecification\",\"valueRequired\":true,\"valueName\":\"search_term_string\"}}],\"inLanguage\":\"lt-LT\"},{\"@type\":\"Organization\",\"@id\":\"https:\\\/\\\/anivet.lt\\\/elparduotuve\\\/#organization\",\"name\":\"Viskas J\u016bs\u0173 \u0161uns, kat\u0117s prie\u017ei\u016brai\",\"url\":\"https:\\\/\\\/anivet.lt\\\/elparduotuve\\\/\",\"logo\":{\"@type\":\"ImageObject\",\"inLanguage\":\"lt-LT\",\"@id\":\"https:\\\/\\\/anivet.lt\\\/elparduotuve\\\/#\\\/schema\\\/logo\\\/image\\\/\",\"url\":\"https:\\\/\\\/anivet.lt\\\/elparduotuve\\\/wp-content\\\/uploads\\\/2023\\\/06\\\/logo2.jpg\",\"contentUrl\":\"https:\\\/\\\/anivet.lt\\\/elparduotuve\\\/wp-content\\\/uploads\\\/2023\\\/06\\\/logo2.jpg\",\"width\":655,\"height\":194,\"caption\":\"Viskas J\u016bs\u0173 \u0161uns, kat\u0117s prie\u017ei\u016brai\"},\"image\":{\"@id\":\"https:\\\/\\\/anivet.lt\\\/elparduotuve\\\/#\\\/schema\\\/logo\\\/image\\\/\"}}]}<\/script>\n<!-- \/ Yoast SEO Premium plugin. -->","yoast_head_json":{"title":"Josera Medi \/ Maxi Chicken and Sweet Potato sausas pa\u0161aras \u0161unims su pauk\u0161tiena ir batatais 12,5kg - anivet.lt","description":"Josera Medi \/ Maxi Chicken &amp; Sweet Potato \u2013 auk\u0161tos kokyb\u0117s sausas maistas su vi\u0161tiena ir sald\u017eiosiomis bulv\u0117mis, sukurtas vidutini\u0173 ir dideli\u0173 veisli\u0173, aktyviems suaugusiems \u0161unims. \u0160is pa\u0161aras lengvai vir\u0161kinamas, suteikia energijos ir palaiko bendr\u0105 \u0161uns sveikat\u0105.","robots":{"index":"index","follow":"follow","max-snippet":"max-snippet:-1","max-image-preview":"max-image-preview:large","max-video-preview":"max-video-preview:-1"},"canonical":"https:\/\/anivet.lt\/elparduotuve\/produktas\/josera-medi-maxi-chicken-and-sweet-potato-sausas-pasaras-sunims-su-paukstiena-ir-batatais-125kg\/","og_locale":"lt_LT","og_type":"article","og_title":"Josera Medi \/ Maxi Chicken and Sweet Potato sausas pa\u0161aras \u0161unims su pauk\u0161tiena ir batatais 12,5kg","og_description":"Josera Medi \/ Maxi Chicken &amp; Sweet Potato \u2013 auk\u0161tos kokyb\u0117s sausas maistas su vi\u0161tiena ir sald\u017eiosiomis bulv\u0117mis, sukurtas vidutini\u0173 ir dideli\u0173 veisli\u0173, aktyviems suaugusiems \u0161unims. \u0160is pa\u0161aras lengvai vir\u0161kinamas, suteikia energijos ir palaiko bendr\u0105 \u0161uns sveikat\u0105.","og_url":"https:\/\/anivet.lt\/elparduotuve\/produktas\/josera-medi-maxi-chicken-and-sweet-potato-sausas-pasaras-sunims-su-paukstiena-ir-batatais-125kg\/","og_site_name":"anivet.lt","article_modified_time":"2026-03-18T15:01:40+00:00","og_image":[{"width":600,"height":600,"url":"https:\/\/anivet.lt\/elparduotuve\/wp-content\/uploads\/2026\/03\/Josera-Medi-Maxi-Chicken-and-Sweet-Potato-sausas-pasaras-sunims-su-paukstiena-ir-batatais-125kg.jpg","type":"image\/jpeg"}],"twitter_card":"summary_large_image","twitter_misc":{"Est. reading time":"1 minut\u0117"},"schema":{"@context":"https:\/\/schema.org","@graph":[{"@type":"WebPage","@id":"https:\/\/anivet.lt\/elparduotuve\/produktas\/josera-medi-maxi-chicken-and-sweet-potato-sausas-pasaras-sunims-su-paukstiena-ir-batatais-125kg\/","url":"https:\/\/anivet.lt\/elparduotuve\/produktas\/josera-medi-maxi-chicken-and-sweet-potato-sausas-pasaras-sunims-su-paukstiena-ir-batatais-125kg\/","name":"Josera Medi \/ Maxi Chicken and Sweet Potato sausas pa\u0161aras \u0161unims su pauk\u0161tiena ir batatais 12,5kg - anivet.lt","isPartOf":{"@id":"https:\/\/anivet.lt\/elparduotuve\/#website"},"primaryImageOfPage":{"@id":"https:\/\/anivet.lt\/elparduotuve\/produktas\/josera-medi-maxi-chicken-and-sweet-potato-sausas-pasaras-sunims-su-paukstiena-ir-batatais-125kg\/#primaryimage"},"image":{"@id":"https:\/\/anivet.lt\/elparduotuve\/produktas\/josera-medi-maxi-chicken-and-sweet-potato-sausas-pasaras-sunims-su-paukstiena-ir-batatais-125kg\/#primaryimage"},"thumbnailUrl":"https:\/\/anivet.lt\/elparduotuve\/wp-content\/uploads\/2026\/03\/Josera-Medi-Maxi-Chicken-and-Sweet-Potato-sausas-pasaras-sunims-su-paukstiena-ir-batatais-125kg.jpg","datePublished":"2026-03-18T15:01:39+00:00","dateModified":"2026-03-18T15:01:40+00:00","description":"Josera Medi \/ Maxi Chicken &amp; Sweet Potato \u2013 auk\u0161tos kokyb\u0117s sausas maistas su vi\u0161tiena ir sald\u017eiosiomis bulv\u0117mis, sukurtas vidutini\u0173 ir dideli\u0173 veisli\u0173, aktyviems suaugusiems \u0161unims. \u0160is pa\u0161aras lengvai vir\u0161kinamas, suteikia energijos ir palaiko bendr\u0105 \u0161uns sveikat\u0105.","breadcrumb":{"@id":"https:\/\/anivet.lt\/elparduotuve\/produktas\/josera-medi-maxi-chicken-and-sweet-potato-sausas-pasaras-sunims-su-paukstiena-ir-batatais-125kg\/#breadcrumb"},"inLanguage":"lt-LT","potentialAction":[{"@type":"ReadAction","target":["https:\/\/anivet.lt\/elparduotuve\/produktas\/josera-medi-maxi-chicken-and-sweet-potato-sausas-pasaras-sunims-su-paukstiena-ir-batatais-125kg\/"]}]},{"@type":"ImageObject","inLanguage":"lt-LT","@id":"https:\/\/anivet.lt\/elparduotuve\/produktas\/josera-medi-maxi-chicken-and-sweet-potato-sausas-pasaras-sunims-su-paukstiena-ir-batatais-125kg\/#primaryimage","url":"https:\/\/anivet.lt\/elparduotuve\/wp-content\/uploads\/2026\/03\/Josera-Medi-Maxi-Chicken-and-Sweet-Potato-sausas-pasaras-sunims-su-paukstiena-ir-batatais-125kg.jpg","contentUrl":"https:\/\/anivet.lt\/elparduotuve\/wp-content\/uploads\/2026\/03\/Josera-Medi-Maxi-Chicken-and-Sweet-Potato-sausas-pasaras-sunims-su-paukstiena-ir-batatais-125kg.jpg","width":600,"height":600,"caption":"Josera Medi \/ Maxi Chicken and Sweet Potato sausas pa\u0161aras \u0161unims su pauk\u0161tiena ir batatais 12,5kg"},{"@type":"BreadcrumbList","@id":"https:\/\/anivet.lt\/elparduotuve\/produktas\/josera-medi-maxi-chicken-and-sweet-potato-sausas-pasaras-sunims-su-paukstiena-ir-batatais-125kg\/#breadcrumb","itemListElement":[{"@type":"ListItem","position":1,"name":"Home","item":"https:\/\/anivet.lt\/elparduotuve\/"},{"@type":"ListItem","position":2,"name":"Produktai","item":"https:\/\/anivet.lt\/elparduotuve\/produktai\/"},{"@type":"ListItem","position":3,"name":"Josera Medi \/ Maxi Chicken and Sweet Potato sausas pa\u0161aras \u0161unims su pauk\u0161tiena ir batatais 12,5kg"}]},{"@type":"WebSite","@id":"https:\/\/anivet.lt\/elparduotuve\/#website","url":"https:\/\/anivet.lt\/elparduotuve\/","name":"anivet.lt","description":"Viskas J\u016bs\u0173 \u0161uns, kat\u0117s prie\u017ei\u016brai","publisher":{"@id":"https:\/\/anivet.lt\/elparduotuve\/#organization"},"alternateName":"Viskas J\u016bs\u0173 \u0161uns, kat\u0117s prie\u017ei\u016brai","potentialAction":[{"@type":"SearchAction","target":{"@type":"EntryPoint","urlTemplate":"https:\/\/anivet.lt\/elparduotuve\/?s={search_term_string}"},"query-input":{"@type":"PropertyValueSpecification","valueRequired":true,"valueName":"search_term_string"}}],"inLanguage":"lt-LT"},{"@type":"Organization","@id":"https:\/\/anivet.lt\/elparduotuve\/#organization","name":"Viskas J\u016bs\u0173 \u0161uns, kat\u0117s prie\u017ei\u016brai","url":"https:\/\/anivet.lt\/elparduotuve\/","logo":{"@type":"ImageObject","inLanguage":"lt-LT","@id":"https:\/\/anivet.lt\/elparduotuve\/#\/schema\/logo\/image\/","url":"https:\/\/anivet.lt\/elparduotuve\/wp-content\/uploads\/2023\/06\/logo2.jpg","contentUrl":"https:\/\/anivet.lt\/elparduotuve\/wp-content\/uploads\/2023\/06\/logo2.jpg","width":655,"height":194,"caption":"Viskas J\u016bs\u0173 \u0161uns, kat\u0117s prie\u017ei\u016brai"},"image":{"@id":"https:\/\/anivet.lt\/elparduotuve\/#\/schema\/logo\/image\/"}}]}},"_links":{"self":[{"href":"https:\/\/anivet.lt\/elparduotuve\/wp-json\/wp\/v2\/product\/20850","targetHints":{"allow":["GET"]}}],"collection":[{"href":"https:\/\/anivet.lt\/elparduotuve\/wp-json\/wp\/v2\/product"}],"about":[{"href":"https:\/\/anivet.lt\/elparduotuve\/wp-json\/wp\/v2\/types\/product"}],"wp:featuredmedia":[{"embeddable":true,"href":"https:\/\/anivet.lt\/elparduotuve\/wp-json\/wp\/v2\/media\/20851"}],"wp:attachment":[{"href":"https:\/\/anivet.lt\/elparduotuve\/wp-json\/wp\/v2\/media?parent=20850"}],"wp:term":[{"taxonomy":"product_brand","embeddable":true,"href":"https:\/\/anivet.lt\/elparduotuve\/wp-json\/wp\/v2\/product_brand?post=20850"},{"taxonomy":"product_cat","embeddable":true,"href":"https:\/\/anivet.lt\/elparduotuve\/wp-json\/wp\/v2\/product_cat?post=20850"},{"taxonomy":"product_tag","embeddable":true,"href":"https:\/\/anivet.lt\/elparduotuve\/wp-json\/wp\/v2\/product_tag?post=20850"}],"curies":[{"name":"wp","href":"https:\/\/api.w.org\/{rel}","templated":true}]}}