{"id":20856,"date":"2026-03-18T15:57:21","date_gmt":"2026-03-18T15:57:21","guid":{"rendered":"https:\/\/anivet.lt\/elparduotuve\/?post_type=product&#038;p=20856"},"modified":"2026-05-08T14:41:58","modified_gmt":"2026-05-08T14:41:58","slug":"exclusion-mediterraneo-sausas-maistas-mazu-veisliu-suniukams-su-jautiena","status":"publish","type":"product","link":"https:\/\/anivet.lt\/elparduotuve\/produktas\/exclusion-mediterraneo-sausas-maistas-mazu-veisliu-suniukams-su-jautiena\/","title":{"rendered":"Exclusion Mediterraneo sausas maistas ma\u017e\u0173 veisli\u0173 \u0161uniukams su jautiena"},"content":{"rendered":"<ul>\n<li>Sud\u0117tyje naudojamas vienas gyv\u016bnin\u0117s kilm\u0117s baltym\u0173 \u0161altinis \u2013 jautiena, kartu su kruop\u0161\u010diai atrinktais, lengvai vir\u0161kinamais gr\u016bdais.<\/li>\n<li>Ribota ingredient\u0173 sud\u0117tis padeda u\u017etikrinti geresn\u012f maisto \u012fsisavinim\u0105 ir suma\u017eina jautrumo tikimyb\u0119.<\/li>\n<li>Maistas papildytas Vidur\u017eemio j\u016bros regiono supermaisto ingredientais, tokiais kaip kanap\u0117s, alyvuogi\u0173 aliejus, pomidorai, granatai, brokoliai ir cikorijos, kurie prisideda prie stipresnio imuniteto ir bendros organizmo b\u016bkl\u0117s.<\/li>\n<li>Formul\u0117 papildyta gliukozaminu ir chondroitinu, kurie padeda palaikyti sveik\u0105 s\u0105nari\u0173 vystym\u0105si augimo laikotarpiu.<\/li>\n<li>Nat\u016bral\u016bs aliejai gerina odos b\u016bkl\u0119 ir suteikia kailiui \u017evilgesio.<\/li>\n<li>Produkte n\u0117ra kvie\u010di\u0173, sojos, kukur\u016bz\u0173 ir vi\u0161tienos riebal\u0173, tod\u0117l jis tinkamas ir jautresniems \u0161uniukams.<\/li>\n<\/ul>\n","protected":false},"excerpt":{"rendered":"<p>\u201eExclusion Mediterraneo Noble Grain Puppy Beef Small Breed\u201c \u2013 visavertis ir subalansuotas sausas maistas su jautiena, skirtas ma\u017e\u0173 veisli\u0173 \u0161uniukams. \u0160is auk\u0161tos kokyb\u0117s maistas sukurtas augan\u010di\u0173 \u0161uniuk\u0173 poreikiams, padeda u\u017etikrinti tinkam\u0105 vystym\u0105si ir ger\u0105 savijaut\u0105.<\/p>\n","protected":false},"featured_media":20857,"template":"","meta":[],"product_brand":[],"product_cat":[101,103,104,317],"product_tag":[],"class_list":{"0":"post-20856","1":"product","2":"type-product","3":"status-publish","4":"has-post-thumbnail","6":"product_cat-sunims","7":"product_cat-sunu-maistas","8":"product_cat-sausas-maistas","9":"product_cat-exclusion-sunu-maistas","10":"pa_prekinis-zenklas-exclusion","12":"first","13":"instock","14":"taxable","15":"shipping-taxable","16":"purchasable","17":"product-type-variable"},"yoast_head":"<!-- This site is optimized with the Yoast SEO Premium plugin v27.1 (Yoast SEO v27.5) - https:\/\/yoast.com\/product\/yoast-seo-premium-wordpress\/ -->\n<title>Exclusion Mediterraneo sausas maistas ma\u017e\u0173 veisli\u0173 \u0161uniukams su jautiena - anivet.lt<\/title>\n<meta name=\"description\" content=\"\u201eExclusion Mediterraneo Noble Grain Puppy Beef Small Breed\u201c \u2013 visavertis ir subalansuotas sausas maistas su jautiena, skirtas ma\u017e\u0173 veisli\u0173 \u0161uniukams. \u0160is auk\u0161tos kokyb\u0117s maistas sukurtas augan\u010di\u0173 \u0161uniuk\u0173 poreikiams, padeda u\u017etikrinti tinkam\u0105 vystym\u0105si ir ger\u0105 savijaut\u0105.\" \/>\n<meta name=\"robots\" content=\"index, follow, max-snippet:-1, max-image-preview:large, max-video-preview:-1\" \/>\n<link rel=\"canonical\" href=\"https:\/\/anivet.lt\/elparduotuve\/produktas\/exclusion-mediterraneo-sausas-maistas-mazu-veisliu-suniukams-su-jautiena\/\" \/>\n<meta property=\"og:locale\" content=\"lt_LT\" \/>\n<meta property=\"og:type\" content=\"article\" \/>\n<meta property=\"og:title\" content=\"Exclusion Mediterraneo sausas maistas ma\u017e\u0173 veisli\u0173 \u0161uniukams su jautiena\" \/>\n<meta property=\"og:description\" content=\"\u201eExclusion Mediterraneo Noble Grain Puppy Beef Small Breed\u201c \u2013 visavertis ir subalansuotas sausas maistas su jautiena, skirtas ma\u017e\u0173 veisli\u0173 \u0161uniukams. \u0160is auk\u0161tos kokyb\u0117s maistas sukurtas augan\u010di\u0173 \u0161uniuk\u0173 poreikiams, padeda u\u017etikrinti tinkam\u0105 vystym\u0105si ir ger\u0105 savijaut\u0105.\" \/>\n<meta property=\"og:url\" content=\"https:\/\/anivet.lt\/elparduotuve\/produktas\/exclusion-mediterraneo-sausas-maistas-mazu-veisliu-suniukams-su-jautiena\/\" \/>\n<meta property=\"og:site_name\" content=\"anivet.lt\" \/>\n<meta property=\"article:modified_time\" content=\"2026-05-08T14:41:58+00:00\" \/>\n<meta property=\"og:image\" content=\"https:\/\/anivet.lt\/elparduotuve\/wp-content\/uploads\/2026\/03\/Exclusion-Mediterraneo-sausas-maistas-mazu-veisliu-suniukams-su-jautiena.jpg\" \/>\n\t<meta property=\"og:image:width\" content=\"600\" \/>\n\t<meta property=\"og:image:height\" content=\"600\" \/>\n\t<meta property=\"og:image:type\" content=\"image\/jpeg\" \/>\n<meta name=\"twitter:card\" content=\"summary_large_image\" \/>\n<meta name=\"twitter:label1\" content=\"Est. reading time\" \/>\n\t<meta name=\"twitter:data1\" content=\"1 minut\u0117\" \/>\n<script type=\"application\/ld+json\" class=\"yoast-schema-graph\">{\"@context\":\"https:\\\/\\\/schema.org\",\"@graph\":[{\"@type\":\"WebPage\",\"@id\":\"https:\\\/\\\/anivet.lt\\\/elparduotuve\\\/produktas\\\/exclusion-mediterraneo-sausas-maistas-mazu-veisliu-suniukams-su-jautiena\\\/\",\"url\":\"https:\\\/\\\/anivet.lt\\\/elparduotuve\\\/produktas\\\/exclusion-mediterraneo-sausas-maistas-mazu-veisliu-suniukams-su-jautiena\\\/\",\"name\":\"Exclusion Mediterraneo sausas maistas ma\u017e\u0173 veisli\u0173 \u0161uniukams su jautiena - anivet.lt\",\"isPartOf\":{\"@id\":\"https:\\\/\\\/anivet.lt\\\/elparduotuve\\\/#website\"},\"primaryImageOfPage\":{\"@id\":\"https:\\\/\\\/anivet.lt\\\/elparduotuve\\\/produktas\\\/exclusion-mediterraneo-sausas-maistas-mazu-veisliu-suniukams-su-jautiena\\\/#primaryimage\"},\"image\":{\"@id\":\"https:\\\/\\\/anivet.lt\\\/elparduotuve\\\/produktas\\\/exclusion-mediterraneo-sausas-maistas-mazu-veisliu-suniukams-su-jautiena\\\/#primaryimage\"},\"thumbnailUrl\":\"https:\\\/\\\/anivet.lt\\\/elparduotuve\\\/wp-content\\\/uploads\\\/2026\\\/03\\\/Exclusion-Mediterraneo-sausas-maistas-mazu-veisliu-suniukams-su-jautiena.jpg\",\"datePublished\":\"2026-03-18T15:57:21+00:00\",\"dateModified\":\"2026-05-08T14:41:58+00:00\",\"description\":\"\u201eExclusion Mediterraneo Noble Grain Puppy Beef Small Breed\u201c \u2013 visavertis ir subalansuotas sausas maistas su jautiena, skirtas ma\u017e\u0173 veisli\u0173 \u0161uniukams. \u0160is auk\u0161tos kokyb\u0117s maistas sukurtas augan\u010di\u0173 \u0161uniuk\u0173 poreikiams, padeda u\u017etikrinti tinkam\u0105 vystym\u0105si ir ger\u0105 savijaut\u0105.\",\"breadcrumb\":{\"@id\":\"https:\\\/\\\/anivet.lt\\\/elparduotuve\\\/produktas\\\/exclusion-mediterraneo-sausas-maistas-mazu-veisliu-suniukams-su-jautiena\\\/#breadcrumb\"},\"inLanguage\":\"lt-LT\",\"potentialAction\":[{\"@type\":\"ReadAction\",\"target\":[\"https:\\\/\\\/anivet.lt\\\/elparduotuve\\\/produktas\\\/exclusion-mediterraneo-sausas-maistas-mazu-veisliu-suniukams-su-jautiena\\\/\"]}]},{\"@type\":\"ImageObject\",\"inLanguage\":\"lt-LT\",\"@id\":\"https:\\\/\\\/anivet.lt\\\/elparduotuve\\\/produktas\\\/exclusion-mediterraneo-sausas-maistas-mazu-veisliu-suniukams-su-jautiena\\\/#primaryimage\",\"url\":\"https:\\\/\\\/anivet.lt\\\/elparduotuve\\\/wp-content\\\/uploads\\\/2026\\\/03\\\/Exclusion-Mediterraneo-sausas-maistas-mazu-veisliu-suniukams-su-jautiena.jpg\",\"contentUrl\":\"https:\\\/\\\/anivet.lt\\\/elparduotuve\\\/wp-content\\\/uploads\\\/2026\\\/03\\\/Exclusion-Mediterraneo-sausas-maistas-mazu-veisliu-suniukams-su-jautiena.jpg\",\"width\":600,\"height\":600,\"caption\":\"Exclusion Mediterraneo sausas maistas ma\u017e\u0173 veisli\u0173 \u0161uniukams su jautiena\"},{\"@type\":\"BreadcrumbList\",\"@id\":\"https:\\\/\\\/anivet.lt\\\/elparduotuve\\\/produktas\\\/exclusion-mediterraneo-sausas-maistas-mazu-veisliu-suniukams-su-jautiena\\\/#breadcrumb\",\"itemListElement\":[{\"@type\":\"ListItem\",\"position\":1,\"name\":\"Home\",\"item\":\"https:\\\/\\\/anivet.lt\\\/elparduotuve\\\/\"},{\"@type\":\"ListItem\",\"position\":2,\"name\":\"Produktai\",\"item\":\"https:\\\/\\\/anivet.lt\\\/elparduotuve\\\/produktai\\\/\"},{\"@type\":\"ListItem\",\"position\":3,\"name\":\"Exclusion Mediterraneo sausas maistas ma\u017e\u0173 veisli\u0173 \u0161uniukams su jautiena\"}]},{\"@type\":\"WebSite\",\"@id\":\"https:\\\/\\\/anivet.lt\\\/elparduotuve\\\/#website\",\"url\":\"https:\\\/\\\/anivet.lt\\\/elparduotuve\\\/\",\"name\":\"anivet.lt\",\"description\":\"Viskas J\u016bs\u0173 \u0161uns, kat\u0117s prie\u017ei\u016brai\",\"publisher\":{\"@id\":\"https:\\\/\\\/anivet.lt\\\/elparduotuve\\\/#organization\"},\"alternateName\":\"Viskas J\u016bs\u0173 \u0161uns, kat\u0117s prie\u017ei\u016brai\",\"potentialAction\":[{\"@type\":\"SearchAction\",\"target\":{\"@type\":\"EntryPoint\",\"urlTemplate\":\"https:\\\/\\\/anivet.lt\\\/elparduotuve\\\/?s={search_term_string}\"},\"query-input\":{\"@type\":\"PropertyValueSpecification\",\"valueRequired\":true,\"valueName\":\"search_term_string\"}}],\"inLanguage\":\"lt-LT\"},{\"@type\":\"Organization\",\"@id\":\"https:\\\/\\\/anivet.lt\\\/elparduotuve\\\/#organization\",\"name\":\"Viskas J\u016bs\u0173 \u0161uns, kat\u0117s prie\u017ei\u016brai\",\"url\":\"https:\\\/\\\/anivet.lt\\\/elparduotuve\\\/\",\"logo\":{\"@type\":\"ImageObject\",\"inLanguage\":\"lt-LT\",\"@id\":\"https:\\\/\\\/anivet.lt\\\/elparduotuve\\\/#\\\/schema\\\/logo\\\/image\\\/\",\"url\":\"https:\\\/\\\/anivet.lt\\\/elparduotuve\\\/wp-content\\\/uploads\\\/2023\\\/06\\\/logo2.jpg\",\"contentUrl\":\"https:\\\/\\\/anivet.lt\\\/elparduotuve\\\/wp-content\\\/uploads\\\/2023\\\/06\\\/logo2.jpg\",\"width\":655,\"height\":194,\"caption\":\"Viskas J\u016bs\u0173 \u0161uns, kat\u0117s prie\u017ei\u016brai\"},\"image\":{\"@id\":\"https:\\\/\\\/anivet.lt\\\/elparduotuve\\\/#\\\/schema\\\/logo\\\/image\\\/\"}}]}<\/script>\n<!-- \/ Yoast SEO Premium plugin. -->","yoast_head_json":{"title":"Exclusion Mediterraneo sausas maistas ma\u017e\u0173 veisli\u0173 \u0161uniukams su jautiena - anivet.lt","description":"\u201eExclusion Mediterraneo Noble Grain Puppy Beef Small Breed\u201c \u2013 visavertis ir subalansuotas sausas maistas su jautiena, skirtas ma\u017e\u0173 veisli\u0173 \u0161uniukams. \u0160is auk\u0161tos kokyb\u0117s maistas sukurtas augan\u010di\u0173 \u0161uniuk\u0173 poreikiams, padeda u\u017etikrinti tinkam\u0105 vystym\u0105si ir ger\u0105 savijaut\u0105.","robots":{"index":"index","follow":"follow","max-snippet":"max-snippet:-1","max-image-preview":"max-image-preview:large","max-video-preview":"max-video-preview:-1"},"canonical":"https:\/\/anivet.lt\/elparduotuve\/produktas\/exclusion-mediterraneo-sausas-maistas-mazu-veisliu-suniukams-su-jautiena\/","og_locale":"lt_LT","og_type":"article","og_title":"Exclusion Mediterraneo sausas maistas ma\u017e\u0173 veisli\u0173 \u0161uniukams su jautiena","og_description":"\u201eExclusion Mediterraneo Noble Grain Puppy Beef Small Breed\u201c \u2013 visavertis ir subalansuotas sausas maistas su jautiena, skirtas ma\u017e\u0173 veisli\u0173 \u0161uniukams. \u0160is auk\u0161tos kokyb\u0117s maistas sukurtas augan\u010di\u0173 \u0161uniuk\u0173 poreikiams, padeda u\u017etikrinti tinkam\u0105 vystym\u0105si ir ger\u0105 savijaut\u0105.","og_url":"https:\/\/anivet.lt\/elparduotuve\/produktas\/exclusion-mediterraneo-sausas-maistas-mazu-veisliu-suniukams-su-jautiena\/","og_site_name":"anivet.lt","article_modified_time":"2026-05-08T14:41:58+00:00","og_image":[{"width":600,"height":600,"url":"https:\/\/anivet.lt\/elparduotuve\/wp-content\/uploads\/2026\/03\/Exclusion-Mediterraneo-sausas-maistas-mazu-veisliu-suniukams-su-jautiena.jpg","type":"image\/jpeg"}],"twitter_card":"summary_large_image","twitter_misc":{"Est. reading time":"1 minut\u0117"},"schema":{"@context":"https:\/\/schema.org","@graph":[{"@type":"WebPage","@id":"https:\/\/anivet.lt\/elparduotuve\/produktas\/exclusion-mediterraneo-sausas-maistas-mazu-veisliu-suniukams-su-jautiena\/","url":"https:\/\/anivet.lt\/elparduotuve\/produktas\/exclusion-mediterraneo-sausas-maistas-mazu-veisliu-suniukams-su-jautiena\/","name":"Exclusion Mediterraneo sausas maistas ma\u017e\u0173 veisli\u0173 \u0161uniukams su jautiena - anivet.lt","isPartOf":{"@id":"https:\/\/anivet.lt\/elparduotuve\/#website"},"primaryImageOfPage":{"@id":"https:\/\/anivet.lt\/elparduotuve\/produktas\/exclusion-mediterraneo-sausas-maistas-mazu-veisliu-suniukams-su-jautiena\/#primaryimage"},"image":{"@id":"https:\/\/anivet.lt\/elparduotuve\/produktas\/exclusion-mediterraneo-sausas-maistas-mazu-veisliu-suniukams-su-jautiena\/#primaryimage"},"thumbnailUrl":"https:\/\/anivet.lt\/elparduotuve\/wp-content\/uploads\/2026\/03\/Exclusion-Mediterraneo-sausas-maistas-mazu-veisliu-suniukams-su-jautiena.jpg","datePublished":"2026-03-18T15:57:21+00:00","dateModified":"2026-05-08T14:41:58+00:00","description":"\u201eExclusion Mediterraneo Noble Grain Puppy Beef Small Breed\u201c \u2013 visavertis ir subalansuotas sausas maistas su jautiena, skirtas ma\u017e\u0173 veisli\u0173 \u0161uniukams. \u0160is auk\u0161tos kokyb\u0117s maistas sukurtas augan\u010di\u0173 \u0161uniuk\u0173 poreikiams, padeda u\u017etikrinti tinkam\u0105 vystym\u0105si ir ger\u0105 savijaut\u0105.","breadcrumb":{"@id":"https:\/\/anivet.lt\/elparduotuve\/produktas\/exclusion-mediterraneo-sausas-maistas-mazu-veisliu-suniukams-su-jautiena\/#breadcrumb"},"inLanguage":"lt-LT","potentialAction":[{"@type":"ReadAction","target":["https:\/\/anivet.lt\/elparduotuve\/produktas\/exclusion-mediterraneo-sausas-maistas-mazu-veisliu-suniukams-su-jautiena\/"]}]},{"@type":"ImageObject","inLanguage":"lt-LT","@id":"https:\/\/anivet.lt\/elparduotuve\/produktas\/exclusion-mediterraneo-sausas-maistas-mazu-veisliu-suniukams-su-jautiena\/#primaryimage","url":"https:\/\/anivet.lt\/elparduotuve\/wp-content\/uploads\/2026\/03\/Exclusion-Mediterraneo-sausas-maistas-mazu-veisliu-suniukams-su-jautiena.jpg","contentUrl":"https:\/\/anivet.lt\/elparduotuve\/wp-content\/uploads\/2026\/03\/Exclusion-Mediterraneo-sausas-maistas-mazu-veisliu-suniukams-su-jautiena.jpg","width":600,"height":600,"caption":"Exclusion Mediterraneo sausas maistas ma\u017e\u0173 veisli\u0173 \u0161uniukams su jautiena"},{"@type":"BreadcrumbList","@id":"https:\/\/anivet.lt\/elparduotuve\/produktas\/exclusion-mediterraneo-sausas-maistas-mazu-veisliu-suniukams-su-jautiena\/#breadcrumb","itemListElement":[{"@type":"ListItem","position":1,"name":"Home","item":"https:\/\/anivet.lt\/elparduotuve\/"},{"@type":"ListItem","position":2,"name":"Produktai","item":"https:\/\/anivet.lt\/elparduotuve\/produktai\/"},{"@type":"ListItem","position":3,"name":"Exclusion Mediterraneo sausas maistas ma\u017e\u0173 veisli\u0173 \u0161uniukams su jautiena"}]},{"@type":"WebSite","@id":"https:\/\/anivet.lt\/elparduotuve\/#website","url":"https:\/\/anivet.lt\/elparduotuve\/","name":"anivet.lt","description":"Viskas J\u016bs\u0173 \u0161uns, kat\u0117s prie\u017ei\u016brai","publisher":{"@id":"https:\/\/anivet.lt\/elparduotuve\/#organization"},"alternateName":"Viskas J\u016bs\u0173 \u0161uns, kat\u0117s prie\u017ei\u016brai","potentialAction":[{"@type":"SearchAction","target":{"@type":"EntryPoint","urlTemplate":"https:\/\/anivet.lt\/elparduotuve\/?s={search_term_string}"},"query-input":{"@type":"PropertyValueSpecification","valueRequired":true,"valueName":"search_term_string"}}],"inLanguage":"lt-LT"},{"@type":"Organization","@id":"https:\/\/anivet.lt\/elparduotuve\/#organization","name":"Viskas J\u016bs\u0173 \u0161uns, kat\u0117s prie\u017ei\u016brai","url":"https:\/\/anivet.lt\/elparduotuve\/","logo":{"@type":"ImageObject","inLanguage":"lt-LT","@id":"https:\/\/anivet.lt\/elparduotuve\/#\/schema\/logo\/image\/","url":"https:\/\/anivet.lt\/elparduotuve\/wp-content\/uploads\/2023\/06\/logo2.jpg","contentUrl":"https:\/\/anivet.lt\/elparduotuve\/wp-content\/uploads\/2023\/06\/logo2.jpg","width":655,"height":194,"caption":"Viskas J\u016bs\u0173 \u0161uns, kat\u0117s prie\u017ei\u016brai"},"image":{"@id":"https:\/\/anivet.lt\/elparduotuve\/#\/schema\/logo\/image\/"}}]}},"_links":{"self":[{"href":"https:\/\/anivet.lt\/elparduotuve\/wp-json\/wp\/v2\/product\/20856","targetHints":{"allow":["GET"]}}],"collection":[{"href":"https:\/\/anivet.lt\/elparduotuve\/wp-json\/wp\/v2\/product"}],"about":[{"href":"https:\/\/anivet.lt\/elparduotuve\/wp-json\/wp\/v2\/types\/product"}],"wp:featuredmedia":[{"embeddable":true,"href":"https:\/\/anivet.lt\/elparduotuve\/wp-json\/wp\/v2\/media\/20857"}],"wp:attachment":[{"href":"https:\/\/anivet.lt\/elparduotuve\/wp-json\/wp\/v2\/media?parent=20856"}],"wp:term":[{"taxonomy":"product_brand","embeddable":true,"href":"https:\/\/anivet.lt\/elparduotuve\/wp-json\/wp\/v2\/product_brand?post=20856"},{"taxonomy":"product_cat","embeddable":true,"href":"https:\/\/anivet.lt\/elparduotuve\/wp-json\/wp\/v2\/product_cat?post=20856"},{"taxonomy":"product_tag","embeddable":true,"href":"https:\/\/anivet.lt\/elparduotuve\/wp-json\/wp\/v2\/product_tag?post=20856"}],"curies":[{"name":"wp","href":"https:\/\/api.w.org\/{rel}","templated":true}]}}