{"id":20866,"date":"2026-03-18T16:20:12","date_gmt":"2026-03-18T16:20:12","guid":{"rendered":"https:\/\/anivet.lt\/elparduotuve\/?post_type=product&#038;p=20866"},"modified":"2026-03-18T16:20:13","modified_gmt":"2026-03-18T16:20:13","slug":"exclusion-mediterraneo-sausas-maistas-dideliu-veisliu-suniukams-su-jautiena-12kg","status":"publish","type":"product","link":"https:\/\/anivet.lt\/elparduotuve\/produktas\/exclusion-mediterraneo-sausas-maistas-dideliu-veisliu-suniukams-su-jautiena-12kg\/","title":{"rendered":"Exclusion Mediterraneo sausas maistas dideli\u0173 veisli\u0173 \u0161uniukams su jautiena 12kg"},"content":{"rendered":"<ul>\n<li>Sud\u0117tyje naudojamas vienas gyv\u016bnin\u0117s kilm\u0117s baltym\u0173 \u0161altinis \u2013 jautiena, kartu su kruop\u0161\u010diai atrinktais, lengvai vir\u0161kinamais gr\u016bdais.<\/li>\n<li>Ribota ingredient\u0173 sud\u0117tis palengvina maisto \u012fsisavinim\u0105 ir suma\u017eina jautrumo rizik\u0105.<\/li>\n<li>Maistas praturtintas Vidur\u017eemio j\u016bros regiono supermaisto ingredientais, tokiais kaip kanap\u0117s, alyvuogi\u0173 aliejus, pomidorai, granatai, brokoliai ir cikorijos, kurie suteikia verting\u0173 maistini\u0173 med\u017eiag\u0173 ir prisideda prie stipresnio imuniteto.<\/li>\n<li>Formul\u0117 papildyta gliukozaminu ir chondroitinu, padedan\u010diais palaikyti sveikus s\u0105narius ir j\u0173 vystym\u0105si.<\/li>\n<li>Nat\u016bral\u016bs aliejai gerina odos b\u016bkl\u0119 bei suteikia kailiui \u017evilgesio.<\/li>\n<li>Produktas neturi kvie\u010di\u0173, sojos, kukur\u016bz\u0173 ir vi\u0161tienos riebal\u0173.<\/li>\n<\/ul>\n","protected":false},"excerpt":{"rendered":"<p>Exclusion Mediterraneo Noble Grain Puppy Beef Large Breed \u2013 visavertis sausas maistas su jautiena, sukurtas dideli\u0173 veisli\u0173 jauniems \u0161uniukams. \u0160is maistas padeda u\u017etikrinti sveik\u0105 augim\u0105, tinkam\u0105 s\u0105nari\u0173 vystym\u0105si ir ger\u0105 savijaut\u0105 kasdien.<\/p>\n","protected":false},"featured_media":20867,"template":"","meta":[],"product_brand":[],"product_cat":[101,103,104,317],"product_tag":[],"class_list":{"0":"post-20866","1":"product","2":"type-product","3":"status-publish","4":"has-post-thumbnail","6":"product_cat-sunims","7":"product_cat-sunu-maistas","8":"product_cat-sausas-maistas","9":"product_cat-exclusion-sunu-maistas","10":"pa_prekinis-zenklas-exclusion","12":"first","13":"outofstock","14":"taxable","15":"shipping-taxable","16":"purchasable","17":"product-type-simple"},"yoast_head":"<!-- This site is optimized with the Yoast SEO Premium plugin v27.1 (Yoast SEO v27.5) - https:\/\/yoast.com\/product\/yoast-seo-premium-wordpress\/ -->\n<title>Exclusion Mediterraneo sausas maistas dideli\u0173 veisli\u0173 \u0161uniukams su jautiena 12kg - anivet.lt<\/title>\n<meta name=\"description\" content=\"Exclusion Mediterraneo Noble Grain Puppy Beef Large Breed \u2013 visavertis sausas maistas su jautiena, sukurtas dideli\u0173 veisli\u0173 jauniems \u0161uniukams. \u0160is maistas padeda u\u017etikrinti sveik\u0105 augim\u0105, tinkam\u0105 s\u0105nari\u0173 vystym\u0105si ir ger\u0105 savijaut\u0105 kasdien.\" \/>\n<meta name=\"robots\" content=\"index, follow, max-snippet:-1, max-image-preview:large, max-video-preview:-1\" \/>\n<link rel=\"canonical\" href=\"https:\/\/anivet.lt\/elparduotuve\/produktas\/exclusion-mediterraneo-sausas-maistas-dideliu-veisliu-suniukams-su-jautiena-12kg\/\" \/>\n<meta property=\"og:locale\" content=\"lt_LT\" \/>\n<meta property=\"og:type\" content=\"article\" \/>\n<meta property=\"og:title\" content=\"Exclusion Mediterraneo sausas maistas dideli\u0173 veisli\u0173 \u0161uniukams su jautiena 12kg\" \/>\n<meta property=\"og:description\" content=\"Exclusion Mediterraneo Noble Grain Puppy Beef Large Breed \u2013 visavertis sausas maistas su jautiena, sukurtas dideli\u0173 veisli\u0173 jauniems \u0161uniukams. \u0160is maistas padeda u\u017etikrinti sveik\u0105 augim\u0105, tinkam\u0105 s\u0105nari\u0173 vystym\u0105si ir ger\u0105 savijaut\u0105 kasdien.\" \/>\n<meta property=\"og:url\" content=\"https:\/\/anivet.lt\/elparduotuve\/produktas\/exclusion-mediterraneo-sausas-maistas-dideliu-veisliu-suniukams-su-jautiena-12kg\/\" \/>\n<meta property=\"og:site_name\" content=\"anivet.lt\" \/>\n<meta property=\"article:modified_time\" content=\"2026-03-18T16:20:13+00:00\" \/>\n<meta property=\"og:image\" content=\"https:\/\/anivet.lt\/elparduotuve\/wp-content\/uploads\/2026\/03\/Exclusion-Mediterraneo-sausas-maistas-dideliu-veisliu-suniukams-su-jautiena-12kg.jpg\" \/>\n\t<meta property=\"og:image:width\" content=\"600\" \/>\n\t<meta property=\"og:image:height\" content=\"600\" \/>\n\t<meta property=\"og:image:type\" content=\"image\/jpeg\" \/>\n<meta name=\"twitter:card\" content=\"summary_large_image\" \/>\n<meta name=\"twitter:label1\" content=\"Est. reading time\" \/>\n\t<meta name=\"twitter:data1\" content=\"1 minut\u0117\" \/>\n<script type=\"application\/ld+json\" class=\"yoast-schema-graph\">{\"@context\":\"https:\\\/\\\/schema.org\",\"@graph\":[{\"@type\":\"WebPage\",\"@id\":\"https:\\\/\\\/anivet.lt\\\/elparduotuve\\\/produktas\\\/exclusion-mediterraneo-sausas-maistas-dideliu-veisliu-suniukams-su-jautiena-12kg\\\/\",\"url\":\"https:\\\/\\\/anivet.lt\\\/elparduotuve\\\/produktas\\\/exclusion-mediterraneo-sausas-maistas-dideliu-veisliu-suniukams-su-jautiena-12kg\\\/\",\"name\":\"Exclusion Mediterraneo sausas maistas dideli\u0173 veisli\u0173 \u0161uniukams su jautiena 12kg - anivet.lt\",\"isPartOf\":{\"@id\":\"https:\\\/\\\/anivet.lt\\\/elparduotuve\\\/#website\"},\"primaryImageOfPage\":{\"@id\":\"https:\\\/\\\/anivet.lt\\\/elparduotuve\\\/produktas\\\/exclusion-mediterraneo-sausas-maistas-dideliu-veisliu-suniukams-su-jautiena-12kg\\\/#primaryimage\"},\"image\":{\"@id\":\"https:\\\/\\\/anivet.lt\\\/elparduotuve\\\/produktas\\\/exclusion-mediterraneo-sausas-maistas-dideliu-veisliu-suniukams-su-jautiena-12kg\\\/#primaryimage\"},\"thumbnailUrl\":\"https:\\\/\\\/anivet.lt\\\/elparduotuve\\\/wp-content\\\/uploads\\\/2026\\\/03\\\/Exclusion-Mediterraneo-sausas-maistas-dideliu-veisliu-suniukams-su-jautiena-12kg.jpg\",\"datePublished\":\"2026-03-18T16:20:12+00:00\",\"dateModified\":\"2026-03-18T16:20:13+00:00\",\"description\":\"Exclusion Mediterraneo Noble Grain Puppy Beef Large Breed \u2013 visavertis sausas maistas su jautiena, sukurtas dideli\u0173 veisli\u0173 jauniems \u0161uniukams. \u0160is maistas padeda u\u017etikrinti sveik\u0105 augim\u0105, tinkam\u0105 s\u0105nari\u0173 vystym\u0105si ir ger\u0105 savijaut\u0105 kasdien.\",\"breadcrumb\":{\"@id\":\"https:\\\/\\\/anivet.lt\\\/elparduotuve\\\/produktas\\\/exclusion-mediterraneo-sausas-maistas-dideliu-veisliu-suniukams-su-jautiena-12kg\\\/#breadcrumb\"},\"inLanguage\":\"lt-LT\",\"potentialAction\":[{\"@type\":\"ReadAction\",\"target\":[\"https:\\\/\\\/anivet.lt\\\/elparduotuve\\\/produktas\\\/exclusion-mediterraneo-sausas-maistas-dideliu-veisliu-suniukams-su-jautiena-12kg\\\/\"]}]},{\"@type\":\"ImageObject\",\"inLanguage\":\"lt-LT\",\"@id\":\"https:\\\/\\\/anivet.lt\\\/elparduotuve\\\/produktas\\\/exclusion-mediterraneo-sausas-maistas-dideliu-veisliu-suniukams-su-jautiena-12kg\\\/#primaryimage\",\"url\":\"https:\\\/\\\/anivet.lt\\\/elparduotuve\\\/wp-content\\\/uploads\\\/2026\\\/03\\\/Exclusion-Mediterraneo-sausas-maistas-dideliu-veisliu-suniukams-su-jautiena-12kg.jpg\",\"contentUrl\":\"https:\\\/\\\/anivet.lt\\\/elparduotuve\\\/wp-content\\\/uploads\\\/2026\\\/03\\\/Exclusion-Mediterraneo-sausas-maistas-dideliu-veisliu-suniukams-su-jautiena-12kg.jpg\",\"width\":600,\"height\":600,\"caption\":\"Exclusion Mediterraneo sausas maistas dideli\u0173 veisli\u0173 \u0161uniukams su jautiena 12kg\"},{\"@type\":\"BreadcrumbList\",\"@id\":\"https:\\\/\\\/anivet.lt\\\/elparduotuve\\\/produktas\\\/exclusion-mediterraneo-sausas-maistas-dideliu-veisliu-suniukams-su-jautiena-12kg\\\/#breadcrumb\",\"itemListElement\":[{\"@type\":\"ListItem\",\"position\":1,\"name\":\"Home\",\"item\":\"https:\\\/\\\/anivet.lt\\\/elparduotuve\\\/\"},{\"@type\":\"ListItem\",\"position\":2,\"name\":\"Produktai\",\"item\":\"https:\\\/\\\/anivet.lt\\\/elparduotuve\\\/produktai\\\/\"},{\"@type\":\"ListItem\",\"position\":3,\"name\":\"Exclusion Mediterraneo sausas maistas dideli\u0173 veisli\u0173 \u0161uniukams su jautiena 12kg\"}]},{\"@type\":\"WebSite\",\"@id\":\"https:\\\/\\\/anivet.lt\\\/elparduotuve\\\/#website\",\"url\":\"https:\\\/\\\/anivet.lt\\\/elparduotuve\\\/\",\"name\":\"anivet.lt\",\"description\":\"Viskas J\u016bs\u0173 \u0161uns, kat\u0117s prie\u017ei\u016brai\",\"publisher\":{\"@id\":\"https:\\\/\\\/anivet.lt\\\/elparduotuve\\\/#organization\"},\"alternateName\":\"Viskas J\u016bs\u0173 \u0161uns, kat\u0117s prie\u017ei\u016brai\",\"potentialAction\":[{\"@type\":\"SearchAction\",\"target\":{\"@type\":\"EntryPoint\",\"urlTemplate\":\"https:\\\/\\\/anivet.lt\\\/elparduotuve\\\/?s={search_term_string}\"},\"query-input\":{\"@type\":\"PropertyValueSpecification\",\"valueRequired\":true,\"valueName\":\"search_term_string\"}}],\"inLanguage\":\"lt-LT\"},{\"@type\":\"Organization\",\"@id\":\"https:\\\/\\\/anivet.lt\\\/elparduotuve\\\/#organization\",\"name\":\"Viskas J\u016bs\u0173 \u0161uns, kat\u0117s prie\u017ei\u016brai\",\"url\":\"https:\\\/\\\/anivet.lt\\\/elparduotuve\\\/\",\"logo\":{\"@type\":\"ImageObject\",\"inLanguage\":\"lt-LT\",\"@id\":\"https:\\\/\\\/anivet.lt\\\/elparduotuve\\\/#\\\/schema\\\/logo\\\/image\\\/\",\"url\":\"https:\\\/\\\/anivet.lt\\\/elparduotuve\\\/wp-content\\\/uploads\\\/2023\\\/06\\\/logo2.jpg\",\"contentUrl\":\"https:\\\/\\\/anivet.lt\\\/elparduotuve\\\/wp-content\\\/uploads\\\/2023\\\/06\\\/logo2.jpg\",\"width\":655,\"height\":194,\"caption\":\"Viskas J\u016bs\u0173 \u0161uns, kat\u0117s prie\u017ei\u016brai\"},\"image\":{\"@id\":\"https:\\\/\\\/anivet.lt\\\/elparduotuve\\\/#\\\/schema\\\/logo\\\/image\\\/\"}}]}<\/script>\n<!-- \/ Yoast SEO Premium plugin. -->","yoast_head_json":{"title":"Exclusion Mediterraneo sausas maistas dideli\u0173 veisli\u0173 \u0161uniukams su jautiena 12kg - anivet.lt","description":"Exclusion Mediterraneo Noble Grain Puppy Beef Large Breed \u2013 visavertis sausas maistas su jautiena, sukurtas dideli\u0173 veisli\u0173 jauniems \u0161uniukams. \u0160is maistas padeda u\u017etikrinti sveik\u0105 augim\u0105, tinkam\u0105 s\u0105nari\u0173 vystym\u0105si ir ger\u0105 savijaut\u0105 kasdien.","robots":{"index":"index","follow":"follow","max-snippet":"max-snippet:-1","max-image-preview":"max-image-preview:large","max-video-preview":"max-video-preview:-1"},"canonical":"https:\/\/anivet.lt\/elparduotuve\/produktas\/exclusion-mediterraneo-sausas-maistas-dideliu-veisliu-suniukams-su-jautiena-12kg\/","og_locale":"lt_LT","og_type":"article","og_title":"Exclusion Mediterraneo sausas maistas dideli\u0173 veisli\u0173 \u0161uniukams su jautiena 12kg","og_description":"Exclusion Mediterraneo Noble Grain Puppy Beef Large Breed \u2013 visavertis sausas maistas su jautiena, sukurtas dideli\u0173 veisli\u0173 jauniems \u0161uniukams. \u0160is maistas padeda u\u017etikrinti sveik\u0105 augim\u0105, tinkam\u0105 s\u0105nari\u0173 vystym\u0105si ir ger\u0105 savijaut\u0105 kasdien.","og_url":"https:\/\/anivet.lt\/elparduotuve\/produktas\/exclusion-mediterraneo-sausas-maistas-dideliu-veisliu-suniukams-su-jautiena-12kg\/","og_site_name":"anivet.lt","article_modified_time":"2026-03-18T16:20:13+00:00","og_image":[{"width":600,"height":600,"url":"https:\/\/anivet.lt\/elparduotuve\/wp-content\/uploads\/2026\/03\/Exclusion-Mediterraneo-sausas-maistas-dideliu-veisliu-suniukams-su-jautiena-12kg.jpg","type":"image\/jpeg"}],"twitter_card":"summary_large_image","twitter_misc":{"Est. reading time":"1 minut\u0117"},"schema":{"@context":"https:\/\/schema.org","@graph":[{"@type":"WebPage","@id":"https:\/\/anivet.lt\/elparduotuve\/produktas\/exclusion-mediterraneo-sausas-maistas-dideliu-veisliu-suniukams-su-jautiena-12kg\/","url":"https:\/\/anivet.lt\/elparduotuve\/produktas\/exclusion-mediterraneo-sausas-maistas-dideliu-veisliu-suniukams-su-jautiena-12kg\/","name":"Exclusion Mediterraneo sausas maistas dideli\u0173 veisli\u0173 \u0161uniukams su jautiena 12kg - anivet.lt","isPartOf":{"@id":"https:\/\/anivet.lt\/elparduotuve\/#website"},"primaryImageOfPage":{"@id":"https:\/\/anivet.lt\/elparduotuve\/produktas\/exclusion-mediterraneo-sausas-maistas-dideliu-veisliu-suniukams-su-jautiena-12kg\/#primaryimage"},"image":{"@id":"https:\/\/anivet.lt\/elparduotuve\/produktas\/exclusion-mediterraneo-sausas-maistas-dideliu-veisliu-suniukams-su-jautiena-12kg\/#primaryimage"},"thumbnailUrl":"https:\/\/anivet.lt\/elparduotuve\/wp-content\/uploads\/2026\/03\/Exclusion-Mediterraneo-sausas-maistas-dideliu-veisliu-suniukams-su-jautiena-12kg.jpg","datePublished":"2026-03-18T16:20:12+00:00","dateModified":"2026-03-18T16:20:13+00:00","description":"Exclusion Mediterraneo Noble Grain Puppy Beef Large Breed \u2013 visavertis sausas maistas su jautiena, sukurtas dideli\u0173 veisli\u0173 jauniems \u0161uniukams. \u0160is maistas padeda u\u017etikrinti sveik\u0105 augim\u0105, tinkam\u0105 s\u0105nari\u0173 vystym\u0105si ir ger\u0105 savijaut\u0105 kasdien.","breadcrumb":{"@id":"https:\/\/anivet.lt\/elparduotuve\/produktas\/exclusion-mediterraneo-sausas-maistas-dideliu-veisliu-suniukams-su-jautiena-12kg\/#breadcrumb"},"inLanguage":"lt-LT","potentialAction":[{"@type":"ReadAction","target":["https:\/\/anivet.lt\/elparduotuve\/produktas\/exclusion-mediterraneo-sausas-maistas-dideliu-veisliu-suniukams-su-jautiena-12kg\/"]}]},{"@type":"ImageObject","inLanguage":"lt-LT","@id":"https:\/\/anivet.lt\/elparduotuve\/produktas\/exclusion-mediterraneo-sausas-maistas-dideliu-veisliu-suniukams-su-jautiena-12kg\/#primaryimage","url":"https:\/\/anivet.lt\/elparduotuve\/wp-content\/uploads\/2026\/03\/Exclusion-Mediterraneo-sausas-maistas-dideliu-veisliu-suniukams-su-jautiena-12kg.jpg","contentUrl":"https:\/\/anivet.lt\/elparduotuve\/wp-content\/uploads\/2026\/03\/Exclusion-Mediterraneo-sausas-maistas-dideliu-veisliu-suniukams-su-jautiena-12kg.jpg","width":600,"height":600,"caption":"Exclusion Mediterraneo sausas maistas dideli\u0173 veisli\u0173 \u0161uniukams su jautiena 12kg"},{"@type":"BreadcrumbList","@id":"https:\/\/anivet.lt\/elparduotuve\/produktas\/exclusion-mediterraneo-sausas-maistas-dideliu-veisliu-suniukams-su-jautiena-12kg\/#breadcrumb","itemListElement":[{"@type":"ListItem","position":1,"name":"Home","item":"https:\/\/anivet.lt\/elparduotuve\/"},{"@type":"ListItem","position":2,"name":"Produktai","item":"https:\/\/anivet.lt\/elparduotuve\/produktai\/"},{"@type":"ListItem","position":3,"name":"Exclusion Mediterraneo sausas maistas dideli\u0173 veisli\u0173 \u0161uniukams su jautiena 12kg"}]},{"@type":"WebSite","@id":"https:\/\/anivet.lt\/elparduotuve\/#website","url":"https:\/\/anivet.lt\/elparduotuve\/","name":"anivet.lt","description":"Viskas J\u016bs\u0173 \u0161uns, kat\u0117s prie\u017ei\u016brai","publisher":{"@id":"https:\/\/anivet.lt\/elparduotuve\/#organization"},"alternateName":"Viskas J\u016bs\u0173 \u0161uns, kat\u0117s prie\u017ei\u016brai","potentialAction":[{"@type":"SearchAction","target":{"@type":"EntryPoint","urlTemplate":"https:\/\/anivet.lt\/elparduotuve\/?s={search_term_string}"},"query-input":{"@type":"PropertyValueSpecification","valueRequired":true,"valueName":"search_term_string"}}],"inLanguage":"lt-LT"},{"@type":"Organization","@id":"https:\/\/anivet.lt\/elparduotuve\/#organization","name":"Viskas J\u016bs\u0173 \u0161uns, kat\u0117s prie\u017ei\u016brai","url":"https:\/\/anivet.lt\/elparduotuve\/","logo":{"@type":"ImageObject","inLanguage":"lt-LT","@id":"https:\/\/anivet.lt\/elparduotuve\/#\/schema\/logo\/image\/","url":"https:\/\/anivet.lt\/elparduotuve\/wp-content\/uploads\/2023\/06\/logo2.jpg","contentUrl":"https:\/\/anivet.lt\/elparduotuve\/wp-content\/uploads\/2023\/06\/logo2.jpg","width":655,"height":194,"caption":"Viskas J\u016bs\u0173 \u0161uns, kat\u0117s prie\u017ei\u016brai"},"image":{"@id":"https:\/\/anivet.lt\/elparduotuve\/#\/schema\/logo\/image\/"}}]}},"_links":{"self":[{"href":"https:\/\/anivet.lt\/elparduotuve\/wp-json\/wp\/v2\/product\/20866","targetHints":{"allow":["GET"]}}],"collection":[{"href":"https:\/\/anivet.lt\/elparduotuve\/wp-json\/wp\/v2\/product"}],"about":[{"href":"https:\/\/anivet.lt\/elparduotuve\/wp-json\/wp\/v2\/types\/product"}],"wp:featuredmedia":[{"embeddable":true,"href":"https:\/\/anivet.lt\/elparduotuve\/wp-json\/wp\/v2\/media\/20867"}],"wp:attachment":[{"href":"https:\/\/anivet.lt\/elparduotuve\/wp-json\/wp\/v2\/media?parent=20866"}],"wp:term":[{"taxonomy":"product_brand","embeddable":true,"href":"https:\/\/anivet.lt\/elparduotuve\/wp-json\/wp\/v2\/product_brand?post=20866"},{"taxonomy":"product_cat","embeddable":true,"href":"https:\/\/anivet.lt\/elparduotuve\/wp-json\/wp\/v2\/product_cat?post=20866"},{"taxonomy":"product_tag","embeddable":true,"href":"https:\/\/anivet.lt\/elparduotuve\/wp-json\/wp\/v2\/product_tag?post=20866"}],"curies":[{"name":"wp","href":"https:\/\/api.w.org\/{rel}","templated":true}]}}