{"id":20900,"date":"2026-03-21T08:21:37","date_gmt":"2026-03-21T08:21:37","guid":{"rendered":"https:\/\/anivet.lt\/elparduotuve\/?post_type=product&#038;p=20900"},"modified":"2026-04-06T08:15:17","modified_gmt":"2026-04-06T08:15:17","slug":"protexin-plaqease-dental-powder-kaciu-ir-sunu-burnos-prieziurai","status":"publish","type":"product","link":"https:\/\/anivet.lt\/elparduotuve\/produktas\/protexin-plaqease-dental-powder-kaciu-ir-sunu-burnos-prieziurai\/","title":{"rendered":"Protexin Plaqease Dental Powder ka\u010di\u0173 ir \u0161un\u0173 burnos prie\u017ei\u016brai"},"content":{"rendered":"<ul>\n<li>Padeda ma\u017einti dant\u0173 apna\u0161\u0173 susidarym\u0105.<\/li>\n<li>Prisideda prie gaivesnio burnos kvapo.<\/li>\n<li>Palaiko sveik\u0105 burnos mikroflor\u0105.<\/li>\n<li>Tinka tiek \u0161unims, tiek kat\u0117ms.<\/li>\n<li>Lengvai naudojamas \u2013 paprasta \u012fmai\u0161yti \u012f maist\u0105.<\/li>\n<\/ul>\n","protected":false},"excerpt":{"rendered":"<p>Auk\u0161tos kokyb\u0117s vi\u0161tienos skonio maisto papildas, skirtas \u0161unims ir kat\u0117ms kasdienei burnos higienai. Sud\u0117tyje esantys prebiotikai ir postbiotikai padeda palaikyti subalansuot\u0105 burnos mikrobiom\u0105, prisideda prie dant\u0173 apna\u0161\u0173 kontrol\u0117s ir ma\u017eina nemalon\u0173 burnos kvap\u0105. Reguliarus vartojimas padeda i\u0161saugoti sveikesnius dantis bei dantenas.<\/p>\n","protected":false},"featured_media":20901,"template":"","meta":[],"product_brand":[],"product_cat":[101,102,108,119,112,123],"product_tag":[],"class_list":{"0":"post-20900","1":"product","2":"type-product","3":"status-publish","4":"has-post-thumbnail","6":"product_cat-sunims","7":"product_cat-katems","8":"product_cat-prieziuros-priemones","9":"product_cat-prieziuros-priemones-katems","10":"product_cat-dantu-ir-burnos-higiena","11":"product_cat-dantu-ir-burnos-higiena-prieziuros-priemones-katems","12":"pa_prekinis-zenklas-protexin","14":"first","15":"instock","16":"sale","17":"taxable","18":"shipping-taxable","19":"purchasable","20":"product-type-variable"},"yoast_head":"<!-- This site is optimized with the Yoast SEO Premium plugin v27.1 (Yoast SEO v27.5) - https:\/\/yoast.com\/product\/yoast-seo-premium-wordpress\/ -->\n<title>Protexin Plaqease Dental Powder ka\u010di\u0173 ir \u0161un\u0173 burnos prie\u017ei\u016brai - anivet.lt<\/title>\n<meta name=\"description\" content=\"Auk\u0161tos kokyb\u0117s vi\u0161tienos skonio maisto papildas, skirtas \u0161unims ir kat\u0117ms kasdienei burnos higienai. Sud\u0117tyje esantys prebiotikai ir postbiotikai padeda palaikyti subalansuot\u0105 burnos mikrobiom\u0105, prisideda prie dant\u0173 apna\u0161\u0173 kontrol\u0117s ir ma\u017eina nemalon\u0173 burnos kvap\u0105. Reguliarus vartojimas padeda i\u0161saugoti sveikesnius dantis bei dantenas.\" \/>\n<meta name=\"robots\" content=\"index, follow, max-snippet:-1, max-image-preview:large, max-video-preview:-1\" \/>\n<link rel=\"canonical\" href=\"https:\/\/anivet.lt\/elparduotuve\/produktas\/protexin-plaqease-dental-powder-kaciu-ir-sunu-burnos-prieziurai\/\" \/>\n<meta property=\"og:locale\" content=\"lt_LT\" \/>\n<meta property=\"og:type\" content=\"article\" \/>\n<meta property=\"og:title\" content=\"Protexin Plaqease Dental Powder ka\u010di\u0173 ir \u0161un\u0173 burnos prie\u017ei\u016brai\" \/>\n<meta property=\"og:description\" content=\"Auk\u0161tos kokyb\u0117s vi\u0161tienos skonio maisto papildas, skirtas \u0161unims ir kat\u0117ms kasdienei burnos higienai. Sud\u0117tyje esantys prebiotikai ir postbiotikai padeda palaikyti subalansuot\u0105 burnos mikrobiom\u0105, prisideda prie dant\u0173 apna\u0161\u0173 kontrol\u0117s ir ma\u017eina nemalon\u0173 burnos kvap\u0105. Reguliarus vartojimas padeda i\u0161saugoti sveikesnius dantis bei dantenas.\" \/>\n<meta property=\"og:url\" content=\"https:\/\/anivet.lt\/elparduotuve\/produktas\/protexin-plaqease-dental-powder-kaciu-ir-sunu-burnos-prieziurai\/\" \/>\n<meta property=\"og:site_name\" content=\"anivet.lt\" \/>\n<meta property=\"article:modified_time\" content=\"2026-04-06T08:15:17+00:00\" \/>\n<meta property=\"og:image\" content=\"https:\/\/anivet.lt\/elparduotuve\/wp-content\/uploads\/2026\/03\/Protexin-Plaqease-Dental-Powder-kaciu-ir-sunu-burnos-prieziurai.jpg\" \/>\n\t<meta property=\"og:image:width\" content=\"500\" \/>\n\t<meta property=\"og:image:height\" content=\"500\" \/>\n\t<meta property=\"og:image:type\" content=\"image\/jpeg\" \/>\n<meta name=\"twitter:card\" content=\"summary_large_image\" \/>\n<meta name=\"twitter:label1\" content=\"Est. reading time\" \/>\n\t<meta name=\"twitter:data1\" content=\"1 minut\u0117\" \/>\n<script type=\"application\/ld+json\" class=\"yoast-schema-graph\">{\"@context\":\"https:\\\/\\\/schema.org\",\"@graph\":[{\"@type\":\"WebPage\",\"@id\":\"https:\\\/\\\/anivet.lt\\\/elparduotuve\\\/produktas\\\/protexin-plaqease-dental-powder-kaciu-ir-sunu-burnos-prieziurai\\\/\",\"url\":\"https:\\\/\\\/anivet.lt\\\/elparduotuve\\\/produktas\\\/protexin-plaqease-dental-powder-kaciu-ir-sunu-burnos-prieziurai\\\/\",\"name\":\"Protexin Plaqease Dental Powder ka\u010di\u0173 ir \u0161un\u0173 burnos prie\u017ei\u016brai - anivet.lt\",\"isPartOf\":{\"@id\":\"https:\\\/\\\/anivet.lt\\\/elparduotuve\\\/#website\"},\"primaryImageOfPage\":{\"@id\":\"https:\\\/\\\/anivet.lt\\\/elparduotuve\\\/produktas\\\/protexin-plaqease-dental-powder-kaciu-ir-sunu-burnos-prieziurai\\\/#primaryimage\"},\"image\":{\"@id\":\"https:\\\/\\\/anivet.lt\\\/elparduotuve\\\/produktas\\\/protexin-plaqease-dental-powder-kaciu-ir-sunu-burnos-prieziurai\\\/#primaryimage\"},\"thumbnailUrl\":\"https:\\\/\\\/anivet.lt\\\/elparduotuve\\\/wp-content\\\/uploads\\\/2026\\\/03\\\/Protexin-Plaqease-Dental-Powder-kaciu-ir-sunu-burnos-prieziurai.jpg\",\"datePublished\":\"2026-03-21T08:21:37+00:00\",\"dateModified\":\"2026-04-06T08:15:17+00:00\",\"description\":\"Auk\u0161tos kokyb\u0117s vi\u0161tienos skonio maisto papildas, skirtas \u0161unims ir kat\u0117ms kasdienei burnos higienai. Sud\u0117tyje esantys prebiotikai ir postbiotikai padeda palaikyti subalansuot\u0105 burnos mikrobiom\u0105, prisideda prie dant\u0173 apna\u0161\u0173 kontrol\u0117s ir ma\u017eina nemalon\u0173 burnos kvap\u0105. Reguliarus vartojimas padeda i\u0161saugoti sveikesnius dantis bei dantenas.\",\"breadcrumb\":{\"@id\":\"https:\\\/\\\/anivet.lt\\\/elparduotuve\\\/produktas\\\/protexin-plaqease-dental-powder-kaciu-ir-sunu-burnos-prieziurai\\\/#breadcrumb\"},\"inLanguage\":\"lt-LT\",\"potentialAction\":[{\"@type\":\"ReadAction\",\"target\":[\"https:\\\/\\\/anivet.lt\\\/elparduotuve\\\/produktas\\\/protexin-plaqease-dental-powder-kaciu-ir-sunu-burnos-prieziurai\\\/\"]}]},{\"@type\":\"ImageObject\",\"inLanguage\":\"lt-LT\",\"@id\":\"https:\\\/\\\/anivet.lt\\\/elparduotuve\\\/produktas\\\/protexin-plaqease-dental-powder-kaciu-ir-sunu-burnos-prieziurai\\\/#primaryimage\",\"url\":\"https:\\\/\\\/anivet.lt\\\/elparduotuve\\\/wp-content\\\/uploads\\\/2026\\\/03\\\/Protexin-Plaqease-Dental-Powder-kaciu-ir-sunu-burnos-prieziurai.jpg\",\"contentUrl\":\"https:\\\/\\\/anivet.lt\\\/elparduotuve\\\/wp-content\\\/uploads\\\/2026\\\/03\\\/Protexin-Plaqease-Dental-Powder-kaciu-ir-sunu-burnos-prieziurai.jpg\",\"width\":500,\"height\":500,\"caption\":\"Protexin Plaqease Dental Powder ka\u010di\u0173 ir \u0161un\u0173 burnos prie\u017ei\u016brai\"},{\"@type\":\"BreadcrumbList\",\"@id\":\"https:\\\/\\\/anivet.lt\\\/elparduotuve\\\/produktas\\\/protexin-plaqease-dental-powder-kaciu-ir-sunu-burnos-prieziurai\\\/#breadcrumb\",\"itemListElement\":[{\"@type\":\"ListItem\",\"position\":1,\"name\":\"Home\",\"item\":\"https:\\\/\\\/anivet.lt\\\/elparduotuve\\\/\"},{\"@type\":\"ListItem\",\"position\":2,\"name\":\"Produktai\",\"item\":\"https:\\\/\\\/anivet.lt\\\/elparduotuve\\\/produktai\\\/\"},{\"@type\":\"ListItem\",\"position\":3,\"name\":\"Protexin Plaqease Dental Powder ka\u010di\u0173 ir \u0161un\u0173 burnos prie\u017ei\u016brai\"}]},{\"@type\":\"WebSite\",\"@id\":\"https:\\\/\\\/anivet.lt\\\/elparduotuve\\\/#website\",\"url\":\"https:\\\/\\\/anivet.lt\\\/elparduotuve\\\/\",\"name\":\"anivet.lt\",\"description\":\"Viskas J\u016bs\u0173 \u0161uns, kat\u0117s prie\u017ei\u016brai\",\"publisher\":{\"@id\":\"https:\\\/\\\/anivet.lt\\\/elparduotuve\\\/#organization\"},\"alternateName\":\"Viskas J\u016bs\u0173 \u0161uns, kat\u0117s prie\u017ei\u016brai\",\"potentialAction\":[{\"@type\":\"SearchAction\",\"target\":{\"@type\":\"EntryPoint\",\"urlTemplate\":\"https:\\\/\\\/anivet.lt\\\/elparduotuve\\\/?s={search_term_string}\"},\"query-input\":{\"@type\":\"PropertyValueSpecification\",\"valueRequired\":true,\"valueName\":\"search_term_string\"}}],\"inLanguage\":\"lt-LT\"},{\"@type\":\"Organization\",\"@id\":\"https:\\\/\\\/anivet.lt\\\/elparduotuve\\\/#organization\",\"name\":\"Viskas J\u016bs\u0173 \u0161uns, kat\u0117s prie\u017ei\u016brai\",\"url\":\"https:\\\/\\\/anivet.lt\\\/elparduotuve\\\/\",\"logo\":{\"@type\":\"ImageObject\",\"inLanguage\":\"lt-LT\",\"@id\":\"https:\\\/\\\/anivet.lt\\\/elparduotuve\\\/#\\\/schema\\\/logo\\\/image\\\/\",\"url\":\"https:\\\/\\\/anivet.lt\\\/elparduotuve\\\/wp-content\\\/uploads\\\/2023\\\/06\\\/logo2.jpg\",\"contentUrl\":\"https:\\\/\\\/anivet.lt\\\/elparduotuve\\\/wp-content\\\/uploads\\\/2023\\\/06\\\/logo2.jpg\",\"width\":655,\"height\":194,\"caption\":\"Viskas J\u016bs\u0173 \u0161uns, kat\u0117s prie\u017ei\u016brai\"},\"image\":{\"@id\":\"https:\\\/\\\/anivet.lt\\\/elparduotuve\\\/#\\\/schema\\\/logo\\\/image\\\/\"}}]}<\/script>\n<!-- \/ Yoast SEO Premium plugin. -->","yoast_head_json":{"title":"Protexin Plaqease Dental Powder ka\u010di\u0173 ir \u0161un\u0173 burnos prie\u017ei\u016brai - anivet.lt","description":"Auk\u0161tos kokyb\u0117s vi\u0161tienos skonio maisto papildas, skirtas \u0161unims ir kat\u0117ms kasdienei burnos higienai. Sud\u0117tyje esantys prebiotikai ir postbiotikai padeda palaikyti subalansuot\u0105 burnos mikrobiom\u0105, prisideda prie dant\u0173 apna\u0161\u0173 kontrol\u0117s ir ma\u017eina nemalon\u0173 burnos kvap\u0105. Reguliarus vartojimas padeda i\u0161saugoti sveikesnius dantis bei dantenas.","robots":{"index":"index","follow":"follow","max-snippet":"max-snippet:-1","max-image-preview":"max-image-preview:large","max-video-preview":"max-video-preview:-1"},"canonical":"https:\/\/anivet.lt\/elparduotuve\/produktas\/protexin-plaqease-dental-powder-kaciu-ir-sunu-burnos-prieziurai\/","og_locale":"lt_LT","og_type":"article","og_title":"Protexin Plaqease Dental Powder ka\u010di\u0173 ir \u0161un\u0173 burnos prie\u017ei\u016brai","og_description":"Auk\u0161tos kokyb\u0117s vi\u0161tienos skonio maisto papildas, skirtas \u0161unims ir kat\u0117ms kasdienei burnos higienai. Sud\u0117tyje esantys prebiotikai ir postbiotikai padeda palaikyti subalansuot\u0105 burnos mikrobiom\u0105, prisideda prie dant\u0173 apna\u0161\u0173 kontrol\u0117s ir ma\u017eina nemalon\u0173 burnos kvap\u0105. Reguliarus vartojimas padeda i\u0161saugoti sveikesnius dantis bei dantenas.","og_url":"https:\/\/anivet.lt\/elparduotuve\/produktas\/protexin-plaqease-dental-powder-kaciu-ir-sunu-burnos-prieziurai\/","og_site_name":"anivet.lt","article_modified_time":"2026-04-06T08:15:17+00:00","og_image":[{"width":500,"height":500,"url":"https:\/\/anivet.lt\/elparduotuve\/wp-content\/uploads\/2026\/03\/Protexin-Plaqease-Dental-Powder-kaciu-ir-sunu-burnos-prieziurai.jpg","type":"image\/jpeg"}],"twitter_card":"summary_large_image","twitter_misc":{"Est. reading time":"1 minut\u0117"},"schema":{"@context":"https:\/\/schema.org","@graph":[{"@type":"WebPage","@id":"https:\/\/anivet.lt\/elparduotuve\/produktas\/protexin-plaqease-dental-powder-kaciu-ir-sunu-burnos-prieziurai\/","url":"https:\/\/anivet.lt\/elparduotuve\/produktas\/protexin-plaqease-dental-powder-kaciu-ir-sunu-burnos-prieziurai\/","name":"Protexin Plaqease Dental Powder ka\u010di\u0173 ir \u0161un\u0173 burnos prie\u017ei\u016brai - anivet.lt","isPartOf":{"@id":"https:\/\/anivet.lt\/elparduotuve\/#website"},"primaryImageOfPage":{"@id":"https:\/\/anivet.lt\/elparduotuve\/produktas\/protexin-plaqease-dental-powder-kaciu-ir-sunu-burnos-prieziurai\/#primaryimage"},"image":{"@id":"https:\/\/anivet.lt\/elparduotuve\/produktas\/protexin-plaqease-dental-powder-kaciu-ir-sunu-burnos-prieziurai\/#primaryimage"},"thumbnailUrl":"https:\/\/anivet.lt\/elparduotuve\/wp-content\/uploads\/2026\/03\/Protexin-Plaqease-Dental-Powder-kaciu-ir-sunu-burnos-prieziurai.jpg","datePublished":"2026-03-21T08:21:37+00:00","dateModified":"2026-04-06T08:15:17+00:00","description":"Auk\u0161tos kokyb\u0117s vi\u0161tienos skonio maisto papildas, skirtas \u0161unims ir kat\u0117ms kasdienei burnos higienai. Sud\u0117tyje esantys prebiotikai ir postbiotikai padeda palaikyti subalansuot\u0105 burnos mikrobiom\u0105, prisideda prie dant\u0173 apna\u0161\u0173 kontrol\u0117s ir ma\u017eina nemalon\u0173 burnos kvap\u0105. Reguliarus vartojimas padeda i\u0161saugoti sveikesnius dantis bei dantenas.","breadcrumb":{"@id":"https:\/\/anivet.lt\/elparduotuve\/produktas\/protexin-plaqease-dental-powder-kaciu-ir-sunu-burnos-prieziurai\/#breadcrumb"},"inLanguage":"lt-LT","potentialAction":[{"@type":"ReadAction","target":["https:\/\/anivet.lt\/elparduotuve\/produktas\/protexin-plaqease-dental-powder-kaciu-ir-sunu-burnos-prieziurai\/"]}]},{"@type":"ImageObject","inLanguage":"lt-LT","@id":"https:\/\/anivet.lt\/elparduotuve\/produktas\/protexin-plaqease-dental-powder-kaciu-ir-sunu-burnos-prieziurai\/#primaryimage","url":"https:\/\/anivet.lt\/elparduotuve\/wp-content\/uploads\/2026\/03\/Protexin-Plaqease-Dental-Powder-kaciu-ir-sunu-burnos-prieziurai.jpg","contentUrl":"https:\/\/anivet.lt\/elparduotuve\/wp-content\/uploads\/2026\/03\/Protexin-Plaqease-Dental-Powder-kaciu-ir-sunu-burnos-prieziurai.jpg","width":500,"height":500,"caption":"Protexin Plaqease Dental Powder ka\u010di\u0173 ir \u0161un\u0173 burnos prie\u017ei\u016brai"},{"@type":"BreadcrumbList","@id":"https:\/\/anivet.lt\/elparduotuve\/produktas\/protexin-plaqease-dental-powder-kaciu-ir-sunu-burnos-prieziurai\/#breadcrumb","itemListElement":[{"@type":"ListItem","position":1,"name":"Home","item":"https:\/\/anivet.lt\/elparduotuve\/"},{"@type":"ListItem","position":2,"name":"Produktai","item":"https:\/\/anivet.lt\/elparduotuve\/produktai\/"},{"@type":"ListItem","position":3,"name":"Protexin Plaqease Dental Powder ka\u010di\u0173 ir \u0161un\u0173 burnos prie\u017ei\u016brai"}]},{"@type":"WebSite","@id":"https:\/\/anivet.lt\/elparduotuve\/#website","url":"https:\/\/anivet.lt\/elparduotuve\/","name":"anivet.lt","description":"Viskas J\u016bs\u0173 \u0161uns, kat\u0117s prie\u017ei\u016brai","publisher":{"@id":"https:\/\/anivet.lt\/elparduotuve\/#organization"},"alternateName":"Viskas J\u016bs\u0173 \u0161uns, kat\u0117s prie\u017ei\u016brai","potentialAction":[{"@type":"SearchAction","target":{"@type":"EntryPoint","urlTemplate":"https:\/\/anivet.lt\/elparduotuve\/?s={search_term_string}"},"query-input":{"@type":"PropertyValueSpecification","valueRequired":true,"valueName":"search_term_string"}}],"inLanguage":"lt-LT"},{"@type":"Organization","@id":"https:\/\/anivet.lt\/elparduotuve\/#organization","name":"Viskas J\u016bs\u0173 \u0161uns, kat\u0117s prie\u017ei\u016brai","url":"https:\/\/anivet.lt\/elparduotuve\/","logo":{"@type":"ImageObject","inLanguage":"lt-LT","@id":"https:\/\/anivet.lt\/elparduotuve\/#\/schema\/logo\/image\/","url":"https:\/\/anivet.lt\/elparduotuve\/wp-content\/uploads\/2023\/06\/logo2.jpg","contentUrl":"https:\/\/anivet.lt\/elparduotuve\/wp-content\/uploads\/2023\/06\/logo2.jpg","width":655,"height":194,"caption":"Viskas J\u016bs\u0173 \u0161uns, kat\u0117s prie\u017ei\u016brai"},"image":{"@id":"https:\/\/anivet.lt\/elparduotuve\/#\/schema\/logo\/image\/"}}]}},"_links":{"self":[{"href":"https:\/\/anivet.lt\/elparduotuve\/wp-json\/wp\/v2\/product\/20900","targetHints":{"allow":["GET"]}}],"collection":[{"href":"https:\/\/anivet.lt\/elparduotuve\/wp-json\/wp\/v2\/product"}],"about":[{"href":"https:\/\/anivet.lt\/elparduotuve\/wp-json\/wp\/v2\/types\/product"}],"wp:featuredmedia":[{"embeddable":true,"href":"https:\/\/anivet.lt\/elparduotuve\/wp-json\/wp\/v2\/media\/20901"}],"wp:attachment":[{"href":"https:\/\/anivet.lt\/elparduotuve\/wp-json\/wp\/v2\/media?parent=20900"}],"wp:term":[{"taxonomy":"product_brand","embeddable":true,"href":"https:\/\/anivet.lt\/elparduotuve\/wp-json\/wp\/v2\/product_brand?post=20900"},{"taxonomy":"product_cat","embeddable":true,"href":"https:\/\/anivet.lt\/elparduotuve\/wp-json\/wp\/v2\/product_cat?post=20900"},{"taxonomy":"product_tag","embeddable":true,"href":"https:\/\/anivet.lt\/elparduotuve\/wp-json\/wp\/v2\/product_tag?post=20900"}],"curies":[{"name":"wp","href":"https:\/\/api.w.org\/{rel}","templated":true}]}}