{"id":20932,"date":"2026-03-24T09:30:33","date_gmt":"2026-03-24T09:30:33","guid":{"rendered":"https:\/\/anivet.lt\/elparduotuve\/?post_type=product&#038;p=20932"},"modified":"2026-03-24T09:30:34","modified_gmt":"2026-03-24T09:30:34","slug":"vetoquinol-flexadin-advanced-muscle-support-papildai-sunims-sanariu-veiklai-n30","status":"publish","type":"product","link":"https:\/\/anivet.lt\/elparduotuve\/produktas\/vetoquinol-flexadin-advanced-muscle-support-papildai-sunims-sanariu-veiklai-n30\/","title":{"rendered":"Vetoquinol Flexadin Advanced Muscle support papildai \u0161unims s\u0105nari\u0173 veiklai N30"},"content":{"rendered":"<ul>\n<li>Rekomenduojami \u0161unims, kuriems pasirei\u0161kia raumen\u0173 silpnumas ar sarkopenija (raumen\u0173 mas\u0117s ma\u017e\u0117jimas).<\/li>\n<li>Tinka senyviems \u0161unims, sportiniams \u0161unims, ma\u017eiau aktyviems augintiniams, bei reabilitacijos laikotarpiu po traum\u0173 ar chirurgini\u0173 operacij\u0173, kai reikalingas papildomas s\u0105nari\u0173 ir raumen\u0173 palaikymas.<\/li>\n<li>Papildas padeda ma\u017einti u\u017edegiminius procesus, apsaugoti kremzl\u0119 ir suma\u017einti s\u0105nari\u0173 skausm\u0105, tod\u0117l prisideda prie lengvesnio jud\u0117jimo ir geresn\u0117s gyvenimo kokyb\u0117s.<\/li>\n<li>Sud\u0117tyje esan\u010dios o\u017erag\u0117s s\u0117klos gerina gliukoz\u0117s \u012fsisavinim\u0105, palaiko energijos apykait\u0105 organizme, didina raumen\u0173 j\u0117g\u0105 ir i\u0161tverm\u0119 bei padeda suma\u017einti nuovarg\u012f.<\/li>\n<li>Omega-3 riebal\u0173 r\u016bg\u0161tys pasi\u017eymi prie\u0161u\u017edegimin\u0117mis savyb\u0117mis ir padeda palaikyti sveikus s\u0105narius.<\/li>\n<li>Formul\u0117 taip pat papildyta vitaminu E, kuris veikia kaip antioksidantas ir padeda apsaugoti l\u0105steles nuo oksidacinio streso.<\/li>\n<\/ul>\n","protected":false},"excerpt":{"rendered":"<p>Flexadin Advanced Muscle Support \u2013 tai auk\u0161tos kokyb\u0117s s\u0105nari\u0173 ir raumen\u0173 papildai \u0161unims, skirti palaikyti jud\u0117jimo funkcij\u0105, stiprinti raumenis ir pad\u0117ti i\u0161laikyti ger\u0105 fizin\u0119 b\u016bkl\u0119.<\/p>\n","protected":false},"featured_media":20933,"template":"","meta":[],"product_brand":[],"product_cat":[101,113],"product_tag":[],"class_list":{"0":"post-20932","1":"product","2":"type-product","3":"status-publish","4":"has-post-thumbnail","6":"product_cat-sunims","7":"product_cat-vitaminai-ir-papildai","8":"pa_prekinis-zenklas-vetoquinol","10":"first","11":"instock","12":"taxable","13":"shipping-taxable","14":"purchasable","15":"product-type-simple"},"yoast_head":"<!-- This site is optimized with the Yoast SEO Premium plugin v27.1 (Yoast SEO v27.5) - https:\/\/yoast.com\/product\/yoast-seo-premium-wordpress\/ -->\n<title>Vetoquinol Flexadin Advanced Muscle support papildai \u0161unims s\u0105nari\u0173 veiklai N30 - anivet.lt<\/title>\n<meta name=\"description\" content=\"Flexadin Advanced Muscle Support \u2013 tai auk\u0161tos kokyb\u0117s s\u0105nari\u0173 ir raumen\u0173 papildai \u0161unims, skirti palaikyti jud\u0117jimo funkcij\u0105, stiprinti raumenis ir pad\u0117ti i\u0161laikyti ger\u0105 fizin\u0119 b\u016bkl\u0119.\" \/>\n<meta name=\"robots\" content=\"index, follow, max-snippet:-1, max-image-preview:large, max-video-preview:-1\" \/>\n<link rel=\"canonical\" href=\"https:\/\/anivet.lt\/elparduotuve\/produktas\/vetoquinol-flexadin-advanced-muscle-support-papildai-sunims-sanariu-veiklai-n30\/\" \/>\n<meta property=\"og:locale\" content=\"lt_LT\" \/>\n<meta property=\"og:type\" content=\"article\" \/>\n<meta property=\"og:title\" content=\"Vetoquinol Flexadin Advanced Muscle support papildai \u0161unims s\u0105nari\u0173 veiklai N30\" \/>\n<meta property=\"og:description\" content=\"Flexadin Advanced Muscle Support \u2013 tai auk\u0161tos kokyb\u0117s s\u0105nari\u0173 ir raumen\u0173 papildai \u0161unims, skirti palaikyti jud\u0117jimo funkcij\u0105, stiprinti raumenis ir pad\u0117ti i\u0161laikyti ger\u0105 fizin\u0119 b\u016bkl\u0119.\" \/>\n<meta property=\"og:url\" content=\"https:\/\/anivet.lt\/elparduotuve\/produktas\/vetoquinol-flexadin-advanced-muscle-support-papildai-sunims-sanariu-veiklai-n30\/\" \/>\n<meta property=\"og:site_name\" content=\"anivet.lt\" \/>\n<meta property=\"article:modified_time\" content=\"2026-03-24T09:30:34+00:00\" \/>\n<meta property=\"og:image\" content=\"https:\/\/anivet.lt\/elparduotuve\/wp-content\/uploads\/2026\/03\/Vetoquinol-Flexadin-Advanced-Muscle-support-papildai-sunims-sanariu-veiklai-N30.jpg\" \/>\n\t<meta property=\"og:image:width\" content=\"500\" \/>\n\t<meta property=\"og:image:height\" content=\"500\" \/>\n\t<meta property=\"og:image:type\" content=\"image\/jpeg\" \/>\n<meta name=\"twitter:card\" content=\"summary_large_image\" \/>\n<meta name=\"twitter:label1\" content=\"Est. reading time\" \/>\n\t<meta name=\"twitter:data1\" content=\"1 minut\u0117\" \/>\n<script type=\"application\/ld+json\" class=\"yoast-schema-graph\">{\"@context\":\"https:\\\/\\\/schema.org\",\"@graph\":[{\"@type\":\"WebPage\",\"@id\":\"https:\\\/\\\/anivet.lt\\\/elparduotuve\\\/produktas\\\/vetoquinol-flexadin-advanced-muscle-support-papildai-sunims-sanariu-veiklai-n30\\\/\",\"url\":\"https:\\\/\\\/anivet.lt\\\/elparduotuve\\\/produktas\\\/vetoquinol-flexadin-advanced-muscle-support-papildai-sunims-sanariu-veiklai-n30\\\/\",\"name\":\"Vetoquinol Flexadin Advanced Muscle support papildai \u0161unims s\u0105nari\u0173 veiklai N30 - anivet.lt\",\"isPartOf\":{\"@id\":\"https:\\\/\\\/anivet.lt\\\/elparduotuve\\\/#website\"},\"primaryImageOfPage\":{\"@id\":\"https:\\\/\\\/anivet.lt\\\/elparduotuve\\\/produktas\\\/vetoquinol-flexadin-advanced-muscle-support-papildai-sunims-sanariu-veiklai-n30\\\/#primaryimage\"},\"image\":{\"@id\":\"https:\\\/\\\/anivet.lt\\\/elparduotuve\\\/produktas\\\/vetoquinol-flexadin-advanced-muscle-support-papildai-sunims-sanariu-veiklai-n30\\\/#primaryimage\"},\"thumbnailUrl\":\"https:\\\/\\\/anivet.lt\\\/elparduotuve\\\/wp-content\\\/uploads\\\/2026\\\/03\\\/Vetoquinol-Flexadin-Advanced-Muscle-support-papildai-sunims-sanariu-veiklai-N30.jpg\",\"datePublished\":\"2026-03-24T09:30:33+00:00\",\"dateModified\":\"2026-03-24T09:30:34+00:00\",\"description\":\"Flexadin Advanced Muscle Support \u2013 tai auk\u0161tos kokyb\u0117s s\u0105nari\u0173 ir raumen\u0173 papildai \u0161unims, skirti palaikyti jud\u0117jimo funkcij\u0105, stiprinti raumenis ir pad\u0117ti i\u0161laikyti ger\u0105 fizin\u0119 b\u016bkl\u0119.\",\"breadcrumb\":{\"@id\":\"https:\\\/\\\/anivet.lt\\\/elparduotuve\\\/produktas\\\/vetoquinol-flexadin-advanced-muscle-support-papildai-sunims-sanariu-veiklai-n30\\\/#breadcrumb\"},\"inLanguage\":\"lt-LT\",\"potentialAction\":[{\"@type\":\"ReadAction\",\"target\":[\"https:\\\/\\\/anivet.lt\\\/elparduotuve\\\/produktas\\\/vetoquinol-flexadin-advanced-muscle-support-papildai-sunims-sanariu-veiklai-n30\\\/\"]}]},{\"@type\":\"ImageObject\",\"inLanguage\":\"lt-LT\",\"@id\":\"https:\\\/\\\/anivet.lt\\\/elparduotuve\\\/produktas\\\/vetoquinol-flexadin-advanced-muscle-support-papildai-sunims-sanariu-veiklai-n30\\\/#primaryimage\",\"url\":\"https:\\\/\\\/anivet.lt\\\/elparduotuve\\\/wp-content\\\/uploads\\\/2026\\\/03\\\/Vetoquinol-Flexadin-Advanced-Muscle-support-papildai-sunims-sanariu-veiklai-N30.jpg\",\"contentUrl\":\"https:\\\/\\\/anivet.lt\\\/elparduotuve\\\/wp-content\\\/uploads\\\/2026\\\/03\\\/Vetoquinol-Flexadin-Advanced-Muscle-support-papildai-sunims-sanariu-veiklai-N30.jpg\",\"width\":500,\"height\":500},{\"@type\":\"BreadcrumbList\",\"@id\":\"https:\\\/\\\/anivet.lt\\\/elparduotuve\\\/produktas\\\/vetoquinol-flexadin-advanced-muscle-support-papildai-sunims-sanariu-veiklai-n30\\\/#breadcrumb\",\"itemListElement\":[{\"@type\":\"ListItem\",\"position\":1,\"name\":\"Home\",\"item\":\"https:\\\/\\\/anivet.lt\\\/elparduotuve\\\/\"},{\"@type\":\"ListItem\",\"position\":2,\"name\":\"Produktai\",\"item\":\"https:\\\/\\\/anivet.lt\\\/elparduotuve\\\/produktai\\\/\"},{\"@type\":\"ListItem\",\"position\":3,\"name\":\"Vetoquinol Flexadin Advanced Muscle support papildai \u0161unims s\u0105nari\u0173 veiklai N30\"}]},{\"@type\":\"WebSite\",\"@id\":\"https:\\\/\\\/anivet.lt\\\/elparduotuve\\\/#website\",\"url\":\"https:\\\/\\\/anivet.lt\\\/elparduotuve\\\/\",\"name\":\"anivet.lt\",\"description\":\"Viskas J\u016bs\u0173 \u0161uns, kat\u0117s prie\u017ei\u016brai\",\"publisher\":{\"@id\":\"https:\\\/\\\/anivet.lt\\\/elparduotuve\\\/#organization\"},\"alternateName\":\"Viskas J\u016bs\u0173 \u0161uns, kat\u0117s prie\u017ei\u016brai\",\"potentialAction\":[{\"@type\":\"SearchAction\",\"target\":{\"@type\":\"EntryPoint\",\"urlTemplate\":\"https:\\\/\\\/anivet.lt\\\/elparduotuve\\\/?s={search_term_string}\"},\"query-input\":{\"@type\":\"PropertyValueSpecification\",\"valueRequired\":true,\"valueName\":\"search_term_string\"}}],\"inLanguage\":\"lt-LT\"},{\"@type\":\"Organization\",\"@id\":\"https:\\\/\\\/anivet.lt\\\/elparduotuve\\\/#organization\",\"name\":\"Viskas J\u016bs\u0173 \u0161uns, kat\u0117s prie\u017ei\u016brai\",\"url\":\"https:\\\/\\\/anivet.lt\\\/elparduotuve\\\/\",\"logo\":{\"@type\":\"ImageObject\",\"inLanguage\":\"lt-LT\",\"@id\":\"https:\\\/\\\/anivet.lt\\\/elparduotuve\\\/#\\\/schema\\\/logo\\\/image\\\/\",\"url\":\"https:\\\/\\\/anivet.lt\\\/elparduotuve\\\/wp-content\\\/uploads\\\/2023\\\/06\\\/logo2.jpg\",\"contentUrl\":\"https:\\\/\\\/anivet.lt\\\/elparduotuve\\\/wp-content\\\/uploads\\\/2023\\\/06\\\/logo2.jpg\",\"width\":655,\"height\":194,\"caption\":\"Viskas J\u016bs\u0173 \u0161uns, kat\u0117s prie\u017ei\u016brai\"},\"image\":{\"@id\":\"https:\\\/\\\/anivet.lt\\\/elparduotuve\\\/#\\\/schema\\\/logo\\\/image\\\/\"}}]}<\/script>\n<!-- \/ Yoast SEO Premium plugin. -->","yoast_head_json":{"title":"Vetoquinol Flexadin Advanced Muscle support papildai \u0161unims s\u0105nari\u0173 veiklai N30 - anivet.lt","description":"Flexadin Advanced Muscle Support \u2013 tai auk\u0161tos kokyb\u0117s s\u0105nari\u0173 ir raumen\u0173 papildai \u0161unims, skirti palaikyti jud\u0117jimo funkcij\u0105, stiprinti raumenis ir pad\u0117ti i\u0161laikyti ger\u0105 fizin\u0119 b\u016bkl\u0119.","robots":{"index":"index","follow":"follow","max-snippet":"max-snippet:-1","max-image-preview":"max-image-preview:large","max-video-preview":"max-video-preview:-1"},"canonical":"https:\/\/anivet.lt\/elparduotuve\/produktas\/vetoquinol-flexadin-advanced-muscle-support-papildai-sunims-sanariu-veiklai-n30\/","og_locale":"lt_LT","og_type":"article","og_title":"Vetoquinol Flexadin Advanced Muscle support papildai \u0161unims s\u0105nari\u0173 veiklai N30","og_description":"Flexadin Advanced Muscle Support \u2013 tai auk\u0161tos kokyb\u0117s s\u0105nari\u0173 ir raumen\u0173 papildai \u0161unims, skirti palaikyti jud\u0117jimo funkcij\u0105, stiprinti raumenis ir pad\u0117ti i\u0161laikyti ger\u0105 fizin\u0119 b\u016bkl\u0119.","og_url":"https:\/\/anivet.lt\/elparduotuve\/produktas\/vetoquinol-flexadin-advanced-muscle-support-papildai-sunims-sanariu-veiklai-n30\/","og_site_name":"anivet.lt","article_modified_time":"2026-03-24T09:30:34+00:00","og_image":[{"width":500,"height":500,"url":"https:\/\/anivet.lt\/elparduotuve\/wp-content\/uploads\/2026\/03\/Vetoquinol-Flexadin-Advanced-Muscle-support-papildai-sunims-sanariu-veiklai-N30.jpg","type":"image\/jpeg"}],"twitter_card":"summary_large_image","twitter_misc":{"Est. reading time":"1 minut\u0117"},"schema":{"@context":"https:\/\/schema.org","@graph":[{"@type":"WebPage","@id":"https:\/\/anivet.lt\/elparduotuve\/produktas\/vetoquinol-flexadin-advanced-muscle-support-papildai-sunims-sanariu-veiklai-n30\/","url":"https:\/\/anivet.lt\/elparduotuve\/produktas\/vetoquinol-flexadin-advanced-muscle-support-papildai-sunims-sanariu-veiklai-n30\/","name":"Vetoquinol Flexadin Advanced Muscle support papildai \u0161unims s\u0105nari\u0173 veiklai N30 - anivet.lt","isPartOf":{"@id":"https:\/\/anivet.lt\/elparduotuve\/#website"},"primaryImageOfPage":{"@id":"https:\/\/anivet.lt\/elparduotuve\/produktas\/vetoquinol-flexadin-advanced-muscle-support-papildai-sunims-sanariu-veiklai-n30\/#primaryimage"},"image":{"@id":"https:\/\/anivet.lt\/elparduotuve\/produktas\/vetoquinol-flexadin-advanced-muscle-support-papildai-sunims-sanariu-veiklai-n30\/#primaryimage"},"thumbnailUrl":"https:\/\/anivet.lt\/elparduotuve\/wp-content\/uploads\/2026\/03\/Vetoquinol-Flexadin-Advanced-Muscle-support-papildai-sunims-sanariu-veiklai-N30.jpg","datePublished":"2026-03-24T09:30:33+00:00","dateModified":"2026-03-24T09:30:34+00:00","description":"Flexadin Advanced Muscle Support \u2013 tai auk\u0161tos kokyb\u0117s s\u0105nari\u0173 ir raumen\u0173 papildai \u0161unims, skirti palaikyti jud\u0117jimo funkcij\u0105, stiprinti raumenis ir pad\u0117ti i\u0161laikyti ger\u0105 fizin\u0119 b\u016bkl\u0119.","breadcrumb":{"@id":"https:\/\/anivet.lt\/elparduotuve\/produktas\/vetoquinol-flexadin-advanced-muscle-support-papildai-sunims-sanariu-veiklai-n30\/#breadcrumb"},"inLanguage":"lt-LT","potentialAction":[{"@type":"ReadAction","target":["https:\/\/anivet.lt\/elparduotuve\/produktas\/vetoquinol-flexadin-advanced-muscle-support-papildai-sunims-sanariu-veiklai-n30\/"]}]},{"@type":"ImageObject","inLanguage":"lt-LT","@id":"https:\/\/anivet.lt\/elparduotuve\/produktas\/vetoquinol-flexadin-advanced-muscle-support-papildai-sunims-sanariu-veiklai-n30\/#primaryimage","url":"https:\/\/anivet.lt\/elparduotuve\/wp-content\/uploads\/2026\/03\/Vetoquinol-Flexadin-Advanced-Muscle-support-papildai-sunims-sanariu-veiklai-N30.jpg","contentUrl":"https:\/\/anivet.lt\/elparduotuve\/wp-content\/uploads\/2026\/03\/Vetoquinol-Flexadin-Advanced-Muscle-support-papildai-sunims-sanariu-veiklai-N30.jpg","width":500,"height":500},{"@type":"BreadcrumbList","@id":"https:\/\/anivet.lt\/elparduotuve\/produktas\/vetoquinol-flexadin-advanced-muscle-support-papildai-sunims-sanariu-veiklai-n30\/#breadcrumb","itemListElement":[{"@type":"ListItem","position":1,"name":"Home","item":"https:\/\/anivet.lt\/elparduotuve\/"},{"@type":"ListItem","position":2,"name":"Produktai","item":"https:\/\/anivet.lt\/elparduotuve\/produktai\/"},{"@type":"ListItem","position":3,"name":"Vetoquinol Flexadin Advanced Muscle support papildai \u0161unims s\u0105nari\u0173 veiklai N30"}]},{"@type":"WebSite","@id":"https:\/\/anivet.lt\/elparduotuve\/#website","url":"https:\/\/anivet.lt\/elparduotuve\/","name":"anivet.lt","description":"Viskas J\u016bs\u0173 \u0161uns, kat\u0117s prie\u017ei\u016brai","publisher":{"@id":"https:\/\/anivet.lt\/elparduotuve\/#organization"},"alternateName":"Viskas J\u016bs\u0173 \u0161uns, kat\u0117s prie\u017ei\u016brai","potentialAction":[{"@type":"SearchAction","target":{"@type":"EntryPoint","urlTemplate":"https:\/\/anivet.lt\/elparduotuve\/?s={search_term_string}"},"query-input":{"@type":"PropertyValueSpecification","valueRequired":true,"valueName":"search_term_string"}}],"inLanguage":"lt-LT"},{"@type":"Organization","@id":"https:\/\/anivet.lt\/elparduotuve\/#organization","name":"Viskas J\u016bs\u0173 \u0161uns, kat\u0117s prie\u017ei\u016brai","url":"https:\/\/anivet.lt\/elparduotuve\/","logo":{"@type":"ImageObject","inLanguage":"lt-LT","@id":"https:\/\/anivet.lt\/elparduotuve\/#\/schema\/logo\/image\/","url":"https:\/\/anivet.lt\/elparduotuve\/wp-content\/uploads\/2023\/06\/logo2.jpg","contentUrl":"https:\/\/anivet.lt\/elparduotuve\/wp-content\/uploads\/2023\/06\/logo2.jpg","width":655,"height":194,"caption":"Viskas J\u016bs\u0173 \u0161uns, kat\u0117s prie\u017ei\u016brai"},"image":{"@id":"https:\/\/anivet.lt\/elparduotuve\/#\/schema\/logo\/image\/"}}]}},"_links":{"self":[{"href":"https:\/\/anivet.lt\/elparduotuve\/wp-json\/wp\/v2\/product\/20932","targetHints":{"allow":["GET"]}}],"collection":[{"href":"https:\/\/anivet.lt\/elparduotuve\/wp-json\/wp\/v2\/product"}],"about":[{"href":"https:\/\/anivet.lt\/elparduotuve\/wp-json\/wp\/v2\/types\/product"}],"wp:featuredmedia":[{"embeddable":true,"href":"https:\/\/anivet.lt\/elparduotuve\/wp-json\/wp\/v2\/media\/20933"}],"wp:attachment":[{"href":"https:\/\/anivet.lt\/elparduotuve\/wp-json\/wp\/v2\/media?parent=20932"}],"wp:term":[{"taxonomy":"product_brand","embeddable":true,"href":"https:\/\/anivet.lt\/elparduotuve\/wp-json\/wp\/v2\/product_brand?post=20932"},{"taxonomy":"product_cat","embeddable":true,"href":"https:\/\/anivet.lt\/elparduotuve\/wp-json\/wp\/v2\/product_cat?post=20932"},{"taxonomy":"product_tag","embeddable":true,"href":"https:\/\/anivet.lt\/elparduotuve\/wp-json\/wp\/v2\/product_tag?post=20932"}],"curies":[{"name":"wp","href":"https:\/\/api.w.org\/{rel}","templated":true}]}}