{"id":20934,"date":"2026-03-24T09:42:52","date_gmt":"2026-03-24T09:42:52","guid":{"rendered":"https:\/\/anivet.lt\/elparduotuve\/?post_type=product&#038;p=20934"},"modified":"2026-04-29T14:46:58","modified_gmt":"2026-04-29T14:46:58","slug":"bioveta-kelpa-papildas-katems-ir-sunims-dantu-prieziurai-90g","status":"publish","type":"product","link":"https:\/\/anivet.lt\/elparduotuve\/produktas\/bioveta-kelpa-papildas-katems-ir-sunims-dantu-prieziurai-90g\/","title":{"rendered":"Bioveta Kelpa papildas kat\u0117ms ir \u0161unims dant\u0173 prie\u017ei\u016brai 90g"},"content":{"rendered":"<ul>\n<li>Efektyviai ma\u017eina nemalon\u0173 kvap\u0105 i\u0161 burnos.<\/li>\n<li>Padeda pa\u0161alinti esamas dant\u0173 apna\u0161as ir neleid\u017eia formuotis naujoms.<\/li>\n<li>Stiprina imunitet\u0105 ir bendr\u0105 organizmo sveikat\u0105.<\/li>\n<li>Pagerina odos ir kailio b\u016bkl\u0119 bei palaiko tinkam\u0105 skydliauk\u0117s funkcij\u0105.<\/li>\n<\/ul>\n","protected":false},"excerpt":{"rendered":"<p>Bioveta Kelpa &#8211; puikus nat\u016bralus sprendimas \u0161unims ir kat\u0117ms, kurie turi problem\u0173 su dant\u0173 apna\u0161omis ar blogu burnos kvapu. Reguliariai vartojant, j\u016bs\u0173 augintinis ne tik tur\u0117s sveikesn\u0119 burn\u0105, bet ir geresn\u0119 odos, kailio bei organizmo b\u016bkl\u0119.<\/p>\n","protected":false},"featured_media":20935,"template":"","meta":[],"product_brand":[],"product_cat":[101,102,108,119,112,123],"product_tag":[],"class_list":{"0":"post-20934","1":"product","2":"type-product","3":"status-publish","4":"has-post-thumbnail","6":"product_cat-sunims","7":"product_cat-katems","8":"product_cat-prieziuros-priemones","9":"product_cat-prieziuros-priemones-katems","10":"product_cat-dantu-ir-burnos-higiena","11":"product_cat-dantu-ir-burnos-higiena-prieziuros-priemones-katems","12":"pa_prekinis-zenklas-bioveta","14":"first","15":"instock","16":"sale","17":"taxable","18":"shipping-taxable","19":"purchasable","20":"product-type-simple"},"yoast_head":"<!-- This site is optimized with the Yoast SEO Premium plugin v27.1 (Yoast SEO v27.5) - https:\/\/yoast.com\/product\/yoast-seo-premium-wordpress\/ -->\n<title>Bioveta Kelpa papildas kat\u0117ms ir \u0161unims dant\u0173 prie\u017ei\u016brai 90g - anivet.lt<\/title>\n<meta name=\"description\" content=\"Bioveta Kelpa - puikus nat\u016bralus sprendimas \u0161unims ir kat\u0117ms, kurie turi problem\u0173 su dant\u0173 apna\u0161omis ar blogu burnos kvapu. Reguliariai vartojant, j\u016bs\u0173 augintinis ne tik tur\u0117s sveikesn\u0119 burn\u0105, bet ir geresn\u0119 odos, kailio bei organizmo b\u016bkl\u0119.\" \/>\n<meta name=\"robots\" content=\"index, follow, max-snippet:-1, max-image-preview:large, max-video-preview:-1\" \/>\n<link rel=\"canonical\" href=\"https:\/\/anivet.lt\/elparduotuve\/produktas\/bioveta-kelpa-papildas-katems-ir-sunims-dantu-prieziurai-90g\/\" \/>\n<meta property=\"og:locale\" content=\"lt_LT\" \/>\n<meta property=\"og:type\" content=\"article\" \/>\n<meta property=\"og:title\" content=\"Bioveta Kelpa papildas kat\u0117ms ir \u0161unims dant\u0173 prie\u017ei\u016brai 90g\" \/>\n<meta property=\"og:description\" content=\"Bioveta Kelpa - puikus nat\u016bralus sprendimas \u0161unims ir kat\u0117ms, kurie turi problem\u0173 su dant\u0173 apna\u0161omis ar blogu burnos kvapu. Reguliariai vartojant, j\u016bs\u0173 augintinis ne tik tur\u0117s sveikesn\u0119 burn\u0105, bet ir geresn\u0119 odos, kailio bei organizmo b\u016bkl\u0119.\" \/>\n<meta property=\"og:url\" content=\"https:\/\/anivet.lt\/elparduotuve\/produktas\/bioveta-kelpa-papildas-katems-ir-sunims-dantu-prieziurai-90g\/\" \/>\n<meta property=\"og:site_name\" content=\"anivet.lt\" \/>\n<meta property=\"article:modified_time\" content=\"2026-04-29T14:46:58+00:00\" \/>\n<meta property=\"og:image\" content=\"https:\/\/anivet.lt\/elparduotuve\/wp-content\/uploads\/2026\/03\/Bioveta-Kelpa-papildas-katems-ir-sunims-dantu-prieziurai-90g.jpg\" \/>\n\t<meta property=\"og:image:width\" content=\"500\" \/>\n\t<meta property=\"og:image:height\" content=\"500\" \/>\n\t<meta property=\"og:image:type\" content=\"image\/jpeg\" \/>\n<meta name=\"twitter:card\" content=\"summary_large_image\" \/>\n<meta name=\"twitter:label1\" content=\"Est. reading time\" \/>\n\t<meta name=\"twitter:data1\" content=\"1 minut\u0117\" \/>\n<script type=\"application\/ld+json\" class=\"yoast-schema-graph\">{\"@context\":\"https:\\\/\\\/schema.org\",\"@graph\":[{\"@type\":\"WebPage\",\"@id\":\"https:\\\/\\\/anivet.lt\\\/elparduotuve\\\/produktas\\\/bioveta-kelpa-papildas-katems-ir-sunims-dantu-prieziurai-90g\\\/\",\"url\":\"https:\\\/\\\/anivet.lt\\\/elparduotuve\\\/produktas\\\/bioveta-kelpa-papildas-katems-ir-sunims-dantu-prieziurai-90g\\\/\",\"name\":\"Bioveta Kelpa papildas kat\u0117ms ir \u0161unims dant\u0173 prie\u017ei\u016brai 90g - anivet.lt\",\"isPartOf\":{\"@id\":\"https:\\\/\\\/anivet.lt\\\/elparduotuve\\\/#website\"},\"primaryImageOfPage\":{\"@id\":\"https:\\\/\\\/anivet.lt\\\/elparduotuve\\\/produktas\\\/bioveta-kelpa-papildas-katems-ir-sunims-dantu-prieziurai-90g\\\/#primaryimage\"},\"image\":{\"@id\":\"https:\\\/\\\/anivet.lt\\\/elparduotuve\\\/produktas\\\/bioveta-kelpa-papildas-katems-ir-sunims-dantu-prieziurai-90g\\\/#primaryimage\"},\"thumbnailUrl\":\"https:\\\/\\\/anivet.lt\\\/elparduotuve\\\/wp-content\\\/uploads\\\/2026\\\/03\\\/Bioveta-Kelpa-papildas-katems-ir-sunims-dantu-prieziurai-90g.jpg\",\"datePublished\":\"2026-03-24T09:42:52+00:00\",\"dateModified\":\"2026-04-29T14:46:58+00:00\",\"description\":\"Bioveta Kelpa - puikus nat\u016bralus sprendimas \u0161unims ir kat\u0117ms, kurie turi problem\u0173 su dant\u0173 apna\u0161omis ar blogu burnos kvapu. Reguliariai vartojant, j\u016bs\u0173 augintinis ne tik tur\u0117s sveikesn\u0119 burn\u0105, bet ir geresn\u0119 odos, kailio bei organizmo b\u016bkl\u0119.\",\"breadcrumb\":{\"@id\":\"https:\\\/\\\/anivet.lt\\\/elparduotuve\\\/produktas\\\/bioveta-kelpa-papildas-katems-ir-sunims-dantu-prieziurai-90g\\\/#breadcrumb\"},\"inLanguage\":\"lt-LT\",\"potentialAction\":[{\"@type\":\"ReadAction\",\"target\":[\"https:\\\/\\\/anivet.lt\\\/elparduotuve\\\/produktas\\\/bioveta-kelpa-papildas-katems-ir-sunims-dantu-prieziurai-90g\\\/\"]}]},{\"@type\":\"ImageObject\",\"inLanguage\":\"lt-LT\",\"@id\":\"https:\\\/\\\/anivet.lt\\\/elparduotuve\\\/produktas\\\/bioveta-kelpa-papildas-katems-ir-sunims-dantu-prieziurai-90g\\\/#primaryimage\",\"url\":\"https:\\\/\\\/anivet.lt\\\/elparduotuve\\\/wp-content\\\/uploads\\\/2026\\\/03\\\/Bioveta-Kelpa-papildas-katems-ir-sunims-dantu-prieziurai-90g.jpg\",\"contentUrl\":\"https:\\\/\\\/anivet.lt\\\/elparduotuve\\\/wp-content\\\/uploads\\\/2026\\\/03\\\/Bioveta-Kelpa-papildas-katems-ir-sunims-dantu-prieziurai-90g.jpg\",\"width\":500,\"height\":500,\"caption\":\"Bioveta Kelpa papildas kat\u0117ms ir \u0161unims dant\u0173 prie\u017ei\u016brai 90g\"},{\"@type\":\"BreadcrumbList\",\"@id\":\"https:\\\/\\\/anivet.lt\\\/elparduotuve\\\/produktas\\\/bioveta-kelpa-papildas-katems-ir-sunims-dantu-prieziurai-90g\\\/#breadcrumb\",\"itemListElement\":[{\"@type\":\"ListItem\",\"position\":1,\"name\":\"Home\",\"item\":\"https:\\\/\\\/anivet.lt\\\/elparduotuve\\\/\"},{\"@type\":\"ListItem\",\"position\":2,\"name\":\"Produktai\",\"item\":\"https:\\\/\\\/anivet.lt\\\/elparduotuve\\\/produktai\\\/\"},{\"@type\":\"ListItem\",\"position\":3,\"name\":\"Bioveta Kelpa papildas kat\u0117ms ir \u0161unims dant\u0173 prie\u017ei\u016brai 90g\"}]},{\"@type\":\"WebSite\",\"@id\":\"https:\\\/\\\/anivet.lt\\\/elparduotuve\\\/#website\",\"url\":\"https:\\\/\\\/anivet.lt\\\/elparduotuve\\\/\",\"name\":\"anivet.lt\",\"description\":\"Viskas J\u016bs\u0173 \u0161uns, kat\u0117s prie\u017ei\u016brai\",\"publisher\":{\"@id\":\"https:\\\/\\\/anivet.lt\\\/elparduotuve\\\/#organization\"},\"alternateName\":\"Viskas J\u016bs\u0173 \u0161uns, kat\u0117s prie\u017ei\u016brai\",\"potentialAction\":[{\"@type\":\"SearchAction\",\"target\":{\"@type\":\"EntryPoint\",\"urlTemplate\":\"https:\\\/\\\/anivet.lt\\\/elparduotuve\\\/?s={search_term_string}\"},\"query-input\":{\"@type\":\"PropertyValueSpecification\",\"valueRequired\":true,\"valueName\":\"search_term_string\"}}],\"inLanguage\":\"lt-LT\"},{\"@type\":\"Organization\",\"@id\":\"https:\\\/\\\/anivet.lt\\\/elparduotuve\\\/#organization\",\"name\":\"Viskas J\u016bs\u0173 \u0161uns, kat\u0117s prie\u017ei\u016brai\",\"url\":\"https:\\\/\\\/anivet.lt\\\/elparduotuve\\\/\",\"logo\":{\"@type\":\"ImageObject\",\"inLanguage\":\"lt-LT\",\"@id\":\"https:\\\/\\\/anivet.lt\\\/elparduotuve\\\/#\\\/schema\\\/logo\\\/image\\\/\",\"url\":\"https:\\\/\\\/anivet.lt\\\/elparduotuve\\\/wp-content\\\/uploads\\\/2023\\\/06\\\/logo2.jpg\",\"contentUrl\":\"https:\\\/\\\/anivet.lt\\\/elparduotuve\\\/wp-content\\\/uploads\\\/2023\\\/06\\\/logo2.jpg\",\"width\":655,\"height\":194,\"caption\":\"Viskas J\u016bs\u0173 \u0161uns, kat\u0117s prie\u017ei\u016brai\"},\"image\":{\"@id\":\"https:\\\/\\\/anivet.lt\\\/elparduotuve\\\/#\\\/schema\\\/logo\\\/image\\\/\"}}]}<\/script>\n<!-- \/ Yoast SEO Premium plugin. -->","yoast_head_json":{"title":"Bioveta Kelpa papildas kat\u0117ms ir \u0161unims dant\u0173 prie\u017ei\u016brai 90g - anivet.lt","description":"Bioveta Kelpa - puikus nat\u016bralus sprendimas \u0161unims ir kat\u0117ms, kurie turi problem\u0173 su dant\u0173 apna\u0161omis ar blogu burnos kvapu. Reguliariai vartojant, j\u016bs\u0173 augintinis ne tik tur\u0117s sveikesn\u0119 burn\u0105, bet ir geresn\u0119 odos, kailio bei organizmo b\u016bkl\u0119.","robots":{"index":"index","follow":"follow","max-snippet":"max-snippet:-1","max-image-preview":"max-image-preview:large","max-video-preview":"max-video-preview:-1"},"canonical":"https:\/\/anivet.lt\/elparduotuve\/produktas\/bioveta-kelpa-papildas-katems-ir-sunims-dantu-prieziurai-90g\/","og_locale":"lt_LT","og_type":"article","og_title":"Bioveta Kelpa papildas kat\u0117ms ir \u0161unims dant\u0173 prie\u017ei\u016brai 90g","og_description":"Bioveta Kelpa - puikus nat\u016bralus sprendimas \u0161unims ir kat\u0117ms, kurie turi problem\u0173 su dant\u0173 apna\u0161omis ar blogu burnos kvapu. Reguliariai vartojant, j\u016bs\u0173 augintinis ne tik tur\u0117s sveikesn\u0119 burn\u0105, bet ir geresn\u0119 odos, kailio bei organizmo b\u016bkl\u0119.","og_url":"https:\/\/anivet.lt\/elparduotuve\/produktas\/bioveta-kelpa-papildas-katems-ir-sunims-dantu-prieziurai-90g\/","og_site_name":"anivet.lt","article_modified_time":"2026-04-29T14:46:58+00:00","og_image":[{"width":500,"height":500,"url":"https:\/\/anivet.lt\/elparduotuve\/wp-content\/uploads\/2026\/03\/Bioveta-Kelpa-papildas-katems-ir-sunims-dantu-prieziurai-90g.jpg","type":"image\/jpeg"}],"twitter_card":"summary_large_image","twitter_misc":{"Est. reading time":"1 minut\u0117"},"schema":{"@context":"https:\/\/schema.org","@graph":[{"@type":"WebPage","@id":"https:\/\/anivet.lt\/elparduotuve\/produktas\/bioveta-kelpa-papildas-katems-ir-sunims-dantu-prieziurai-90g\/","url":"https:\/\/anivet.lt\/elparduotuve\/produktas\/bioveta-kelpa-papildas-katems-ir-sunims-dantu-prieziurai-90g\/","name":"Bioveta Kelpa papildas kat\u0117ms ir \u0161unims dant\u0173 prie\u017ei\u016brai 90g - anivet.lt","isPartOf":{"@id":"https:\/\/anivet.lt\/elparduotuve\/#website"},"primaryImageOfPage":{"@id":"https:\/\/anivet.lt\/elparduotuve\/produktas\/bioveta-kelpa-papildas-katems-ir-sunims-dantu-prieziurai-90g\/#primaryimage"},"image":{"@id":"https:\/\/anivet.lt\/elparduotuve\/produktas\/bioveta-kelpa-papildas-katems-ir-sunims-dantu-prieziurai-90g\/#primaryimage"},"thumbnailUrl":"https:\/\/anivet.lt\/elparduotuve\/wp-content\/uploads\/2026\/03\/Bioveta-Kelpa-papildas-katems-ir-sunims-dantu-prieziurai-90g.jpg","datePublished":"2026-03-24T09:42:52+00:00","dateModified":"2026-04-29T14:46:58+00:00","description":"Bioveta Kelpa - puikus nat\u016bralus sprendimas \u0161unims ir kat\u0117ms, kurie turi problem\u0173 su dant\u0173 apna\u0161omis ar blogu burnos kvapu. Reguliariai vartojant, j\u016bs\u0173 augintinis ne tik tur\u0117s sveikesn\u0119 burn\u0105, bet ir geresn\u0119 odos, kailio bei organizmo b\u016bkl\u0119.","breadcrumb":{"@id":"https:\/\/anivet.lt\/elparduotuve\/produktas\/bioveta-kelpa-papildas-katems-ir-sunims-dantu-prieziurai-90g\/#breadcrumb"},"inLanguage":"lt-LT","potentialAction":[{"@type":"ReadAction","target":["https:\/\/anivet.lt\/elparduotuve\/produktas\/bioveta-kelpa-papildas-katems-ir-sunims-dantu-prieziurai-90g\/"]}]},{"@type":"ImageObject","inLanguage":"lt-LT","@id":"https:\/\/anivet.lt\/elparduotuve\/produktas\/bioveta-kelpa-papildas-katems-ir-sunims-dantu-prieziurai-90g\/#primaryimage","url":"https:\/\/anivet.lt\/elparduotuve\/wp-content\/uploads\/2026\/03\/Bioveta-Kelpa-papildas-katems-ir-sunims-dantu-prieziurai-90g.jpg","contentUrl":"https:\/\/anivet.lt\/elparduotuve\/wp-content\/uploads\/2026\/03\/Bioveta-Kelpa-papildas-katems-ir-sunims-dantu-prieziurai-90g.jpg","width":500,"height":500,"caption":"Bioveta Kelpa papildas kat\u0117ms ir \u0161unims dant\u0173 prie\u017ei\u016brai 90g"},{"@type":"BreadcrumbList","@id":"https:\/\/anivet.lt\/elparduotuve\/produktas\/bioveta-kelpa-papildas-katems-ir-sunims-dantu-prieziurai-90g\/#breadcrumb","itemListElement":[{"@type":"ListItem","position":1,"name":"Home","item":"https:\/\/anivet.lt\/elparduotuve\/"},{"@type":"ListItem","position":2,"name":"Produktai","item":"https:\/\/anivet.lt\/elparduotuve\/produktai\/"},{"@type":"ListItem","position":3,"name":"Bioveta Kelpa papildas kat\u0117ms ir \u0161unims dant\u0173 prie\u017ei\u016brai 90g"}]},{"@type":"WebSite","@id":"https:\/\/anivet.lt\/elparduotuve\/#website","url":"https:\/\/anivet.lt\/elparduotuve\/","name":"anivet.lt","description":"Viskas J\u016bs\u0173 \u0161uns, kat\u0117s prie\u017ei\u016brai","publisher":{"@id":"https:\/\/anivet.lt\/elparduotuve\/#organization"},"alternateName":"Viskas J\u016bs\u0173 \u0161uns, kat\u0117s prie\u017ei\u016brai","potentialAction":[{"@type":"SearchAction","target":{"@type":"EntryPoint","urlTemplate":"https:\/\/anivet.lt\/elparduotuve\/?s={search_term_string}"},"query-input":{"@type":"PropertyValueSpecification","valueRequired":true,"valueName":"search_term_string"}}],"inLanguage":"lt-LT"},{"@type":"Organization","@id":"https:\/\/anivet.lt\/elparduotuve\/#organization","name":"Viskas J\u016bs\u0173 \u0161uns, kat\u0117s prie\u017ei\u016brai","url":"https:\/\/anivet.lt\/elparduotuve\/","logo":{"@type":"ImageObject","inLanguage":"lt-LT","@id":"https:\/\/anivet.lt\/elparduotuve\/#\/schema\/logo\/image\/","url":"https:\/\/anivet.lt\/elparduotuve\/wp-content\/uploads\/2023\/06\/logo2.jpg","contentUrl":"https:\/\/anivet.lt\/elparduotuve\/wp-content\/uploads\/2023\/06\/logo2.jpg","width":655,"height":194,"caption":"Viskas J\u016bs\u0173 \u0161uns, kat\u0117s prie\u017ei\u016brai"},"image":{"@id":"https:\/\/anivet.lt\/elparduotuve\/#\/schema\/logo\/image\/"}}]}},"_links":{"self":[{"href":"https:\/\/anivet.lt\/elparduotuve\/wp-json\/wp\/v2\/product\/20934","targetHints":{"allow":["GET"]}}],"collection":[{"href":"https:\/\/anivet.lt\/elparduotuve\/wp-json\/wp\/v2\/product"}],"about":[{"href":"https:\/\/anivet.lt\/elparduotuve\/wp-json\/wp\/v2\/types\/product"}],"wp:featuredmedia":[{"embeddable":true,"href":"https:\/\/anivet.lt\/elparduotuve\/wp-json\/wp\/v2\/media\/20935"}],"wp:attachment":[{"href":"https:\/\/anivet.lt\/elparduotuve\/wp-json\/wp\/v2\/media?parent=20934"}],"wp:term":[{"taxonomy":"product_brand","embeddable":true,"href":"https:\/\/anivet.lt\/elparduotuve\/wp-json\/wp\/v2\/product_brand?post=20934"},{"taxonomy":"product_cat","embeddable":true,"href":"https:\/\/anivet.lt\/elparduotuve\/wp-json\/wp\/v2\/product_cat?post=20934"},{"taxonomy":"product_tag","embeddable":true,"href":"https:\/\/anivet.lt\/elparduotuve\/wp-json\/wp\/v2\/product_tag?post=20934"}],"curies":[{"name":"wp","href":"https:\/\/api.w.org\/{rel}","templated":true}]}}