{"id":20936,"date":"2026-03-24T09:48:32","date_gmt":"2026-03-24T09:48:32","guid":{"rendered":"https:\/\/anivet.lt\/elparduotuve\/?post_type=product&#038;p=20936"},"modified":"2026-03-24T09:48:33","modified_gmt":"2026-03-24T09:48:33","slug":"candioli-pro-pad-peduciu-kremas-sunims-ir-katems-100ml","status":"publish","type":"product","link":"https:\/\/anivet.lt\/elparduotuve\/produktas\/candioli-pro-pad-peduciu-kremas-sunims-ir-katems-100ml\/","title":{"rendered":"Candioli Pro-Pad p\u0117du\u010di\u0173 kremas \u0161unims ir kat\u0117ms 100ml"},"content":{"rendered":"<ul>\n<li>Apsaugo p\u0117dutes nuo \u0161al\u010dio, druskos ir kit\u0173 neigiam\u0173 lauko veiksni\u0173.<\/li>\n<li>Dr\u0117kina ir maitina od\u0105 po pasivaik\u0161\u010diojim\u0173.<\/li>\n<li>Mink\u0161tina sukiet\u0117jusi\u0105 od\u0105, nuospaudas ir leten\u0117li\u0173 \u012ftr\u016bkimus.<\/li>\n<li>Tinka tepti ant leten\u0117li\u0173, nosies bei kit\u0173 odos pa\u017eeidim\u0173.<\/li>\n<\/ul>\n","protected":false},"excerpt":{"rendered":"<p>Candioli Pro-Pad dr\u0117kinantis ir apsauginis kremas padedantis i\u0161laikyti \u0161un\u0173 ir ka\u010di\u0173 p\u0117dutes sveikas, mink\u0161tas ir apsaugotas, net \u0161altuoju met\u0173 laiku. Reguliariai naudojant, p\u0117dut\u0117s i\u0161lieka elastingos, o oda maitinama ir sveika.<\/p>\n","protected":false},"featured_media":20937,"template":"","meta":[],"product_brand":[],"product_cat":[101,120,102,108,119,111,122],"product_tag":[],"class_list":{"0":"post-20936","1":"product","2":"type-product","3":"status-publish","4":"has-post-thumbnail","6":"product_cat-sunims","7":"product_cat-sampunai-ir-kosmetika-prieziuros-priemones-katems","8":"product_cat-katems","9":"product_cat-prieziuros-priemones","10":"product_cat-prieziuros-priemones-katems","11":"product_cat-peduciu-prieziura","12":"product_cat-peduciu-prieziura-prieziuros-priemones-katems","13":"pa_prekinis-zenklas-candioli","15":"first","16":"instock","17":"taxable","18":"shipping-taxable","19":"purchasable","20":"product-type-simple"},"yoast_head":"<!-- This site is optimized with the Yoast SEO Premium plugin v27.1 (Yoast SEO v27.5) - https:\/\/yoast.com\/product\/yoast-seo-premium-wordpress\/ -->\n<title>Candioli Pro-Pad p\u0117du\u010di\u0173 kremas \u0161unims ir kat\u0117ms 100ml - anivet.lt<\/title>\n<meta name=\"description\" content=\"Candioli Pro-Pad dr\u0117kinantis ir apsauginis kremas padedantis i\u0161laikyti \u0161un\u0173 ir ka\u010di\u0173 p\u0117dutes sveikas, mink\u0161tas ir apsaugotas, net \u0161altuoju met\u0173 laiku. Reguliariai naudojant, p\u0117dut\u0117s i\u0161lieka elastingos, o oda maitinama ir sveika.\" \/>\n<meta name=\"robots\" content=\"index, follow, max-snippet:-1, max-image-preview:large, max-video-preview:-1\" \/>\n<link rel=\"canonical\" href=\"https:\/\/anivet.lt\/elparduotuve\/produktas\/candioli-pro-pad-peduciu-kremas-sunims-ir-katems-100ml\/\" \/>\n<meta property=\"og:locale\" content=\"lt_LT\" \/>\n<meta property=\"og:type\" content=\"article\" \/>\n<meta property=\"og:title\" content=\"Candioli Pro-Pad p\u0117du\u010di\u0173 kremas \u0161unims ir kat\u0117ms 100ml\" \/>\n<meta property=\"og:description\" content=\"Candioli Pro-Pad dr\u0117kinantis ir apsauginis kremas padedantis i\u0161laikyti \u0161un\u0173 ir ka\u010di\u0173 p\u0117dutes sveikas, mink\u0161tas ir apsaugotas, net \u0161altuoju met\u0173 laiku. Reguliariai naudojant, p\u0117dut\u0117s i\u0161lieka elastingos, o oda maitinama ir sveika.\" \/>\n<meta property=\"og:url\" content=\"https:\/\/anivet.lt\/elparduotuve\/produktas\/candioli-pro-pad-peduciu-kremas-sunims-ir-katems-100ml\/\" \/>\n<meta property=\"og:site_name\" content=\"anivet.lt\" \/>\n<meta property=\"article:modified_time\" content=\"2026-03-24T09:48:33+00:00\" \/>\n<meta property=\"og:image\" content=\"https:\/\/anivet.lt\/elparduotuve\/wp-content\/uploads\/2026\/03\/Candioli-Pro-Pad-peduciu-kremas-sunims-ir-katems-100ml.jpg\" \/>\n\t<meta property=\"og:image:width\" content=\"500\" \/>\n\t<meta property=\"og:image:height\" content=\"500\" \/>\n\t<meta property=\"og:image:type\" content=\"image\/jpeg\" \/>\n<meta name=\"twitter:card\" content=\"summary_large_image\" \/>\n<meta name=\"twitter:label1\" content=\"Est. reading time\" \/>\n\t<meta name=\"twitter:data1\" content=\"1 minut\u0117\" \/>\n<script type=\"application\/ld+json\" class=\"yoast-schema-graph\">{\"@context\":\"https:\\\/\\\/schema.org\",\"@graph\":[{\"@type\":\"WebPage\",\"@id\":\"https:\\\/\\\/anivet.lt\\\/elparduotuve\\\/produktas\\\/candioli-pro-pad-peduciu-kremas-sunims-ir-katems-100ml\\\/\",\"url\":\"https:\\\/\\\/anivet.lt\\\/elparduotuve\\\/produktas\\\/candioli-pro-pad-peduciu-kremas-sunims-ir-katems-100ml\\\/\",\"name\":\"Candioli Pro-Pad p\u0117du\u010di\u0173 kremas \u0161unims ir kat\u0117ms 100ml - anivet.lt\",\"isPartOf\":{\"@id\":\"https:\\\/\\\/anivet.lt\\\/elparduotuve\\\/#website\"},\"primaryImageOfPage\":{\"@id\":\"https:\\\/\\\/anivet.lt\\\/elparduotuve\\\/produktas\\\/candioli-pro-pad-peduciu-kremas-sunims-ir-katems-100ml\\\/#primaryimage\"},\"image\":{\"@id\":\"https:\\\/\\\/anivet.lt\\\/elparduotuve\\\/produktas\\\/candioli-pro-pad-peduciu-kremas-sunims-ir-katems-100ml\\\/#primaryimage\"},\"thumbnailUrl\":\"https:\\\/\\\/anivet.lt\\\/elparduotuve\\\/wp-content\\\/uploads\\\/2026\\\/03\\\/Candioli-Pro-Pad-peduciu-kremas-sunims-ir-katems-100ml.jpg\",\"datePublished\":\"2026-03-24T09:48:32+00:00\",\"dateModified\":\"2026-03-24T09:48:33+00:00\",\"description\":\"Candioli Pro-Pad dr\u0117kinantis ir apsauginis kremas padedantis i\u0161laikyti \u0161un\u0173 ir ka\u010di\u0173 p\u0117dutes sveikas, mink\u0161tas ir apsaugotas, net \u0161altuoju met\u0173 laiku. Reguliariai naudojant, p\u0117dut\u0117s i\u0161lieka elastingos, o oda maitinama ir sveika.\",\"breadcrumb\":{\"@id\":\"https:\\\/\\\/anivet.lt\\\/elparduotuve\\\/produktas\\\/candioli-pro-pad-peduciu-kremas-sunims-ir-katems-100ml\\\/#breadcrumb\"},\"inLanguage\":\"lt-LT\",\"potentialAction\":[{\"@type\":\"ReadAction\",\"target\":[\"https:\\\/\\\/anivet.lt\\\/elparduotuve\\\/produktas\\\/candioli-pro-pad-peduciu-kremas-sunims-ir-katems-100ml\\\/\"]}]},{\"@type\":\"ImageObject\",\"inLanguage\":\"lt-LT\",\"@id\":\"https:\\\/\\\/anivet.lt\\\/elparduotuve\\\/produktas\\\/candioli-pro-pad-peduciu-kremas-sunims-ir-katems-100ml\\\/#primaryimage\",\"url\":\"https:\\\/\\\/anivet.lt\\\/elparduotuve\\\/wp-content\\\/uploads\\\/2026\\\/03\\\/Candioli-Pro-Pad-peduciu-kremas-sunims-ir-katems-100ml.jpg\",\"contentUrl\":\"https:\\\/\\\/anivet.lt\\\/elparduotuve\\\/wp-content\\\/uploads\\\/2026\\\/03\\\/Candioli-Pro-Pad-peduciu-kremas-sunims-ir-katems-100ml.jpg\",\"width\":500,\"height\":500,\"caption\":\"Candioli Pro-Pad p\u0117du\u010di\u0173 kremas \u0161unims ir kat\u0117ms 100ml\"},{\"@type\":\"BreadcrumbList\",\"@id\":\"https:\\\/\\\/anivet.lt\\\/elparduotuve\\\/produktas\\\/candioli-pro-pad-peduciu-kremas-sunims-ir-katems-100ml\\\/#breadcrumb\",\"itemListElement\":[{\"@type\":\"ListItem\",\"position\":1,\"name\":\"Home\",\"item\":\"https:\\\/\\\/anivet.lt\\\/elparduotuve\\\/\"},{\"@type\":\"ListItem\",\"position\":2,\"name\":\"Produktai\",\"item\":\"https:\\\/\\\/anivet.lt\\\/elparduotuve\\\/produktai\\\/\"},{\"@type\":\"ListItem\",\"position\":3,\"name\":\"Candioli Pro-Pad p\u0117du\u010di\u0173 kremas \u0161unims ir kat\u0117ms 100ml\"}]},{\"@type\":\"WebSite\",\"@id\":\"https:\\\/\\\/anivet.lt\\\/elparduotuve\\\/#website\",\"url\":\"https:\\\/\\\/anivet.lt\\\/elparduotuve\\\/\",\"name\":\"anivet.lt\",\"description\":\"Viskas J\u016bs\u0173 \u0161uns, kat\u0117s prie\u017ei\u016brai\",\"publisher\":{\"@id\":\"https:\\\/\\\/anivet.lt\\\/elparduotuve\\\/#organization\"},\"alternateName\":\"Viskas J\u016bs\u0173 \u0161uns, kat\u0117s prie\u017ei\u016brai\",\"potentialAction\":[{\"@type\":\"SearchAction\",\"target\":{\"@type\":\"EntryPoint\",\"urlTemplate\":\"https:\\\/\\\/anivet.lt\\\/elparduotuve\\\/?s={search_term_string}\"},\"query-input\":{\"@type\":\"PropertyValueSpecification\",\"valueRequired\":true,\"valueName\":\"search_term_string\"}}],\"inLanguage\":\"lt-LT\"},{\"@type\":\"Organization\",\"@id\":\"https:\\\/\\\/anivet.lt\\\/elparduotuve\\\/#organization\",\"name\":\"Viskas J\u016bs\u0173 \u0161uns, kat\u0117s prie\u017ei\u016brai\",\"url\":\"https:\\\/\\\/anivet.lt\\\/elparduotuve\\\/\",\"logo\":{\"@type\":\"ImageObject\",\"inLanguage\":\"lt-LT\",\"@id\":\"https:\\\/\\\/anivet.lt\\\/elparduotuve\\\/#\\\/schema\\\/logo\\\/image\\\/\",\"url\":\"https:\\\/\\\/anivet.lt\\\/elparduotuve\\\/wp-content\\\/uploads\\\/2023\\\/06\\\/logo2.jpg\",\"contentUrl\":\"https:\\\/\\\/anivet.lt\\\/elparduotuve\\\/wp-content\\\/uploads\\\/2023\\\/06\\\/logo2.jpg\",\"width\":655,\"height\":194,\"caption\":\"Viskas J\u016bs\u0173 \u0161uns, kat\u0117s prie\u017ei\u016brai\"},\"image\":{\"@id\":\"https:\\\/\\\/anivet.lt\\\/elparduotuve\\\/#\\\/schema\\\/logo\\\/image\\\/\"}}]}<\/script>\n<!-- \/ Yoast SEO Premium plugin. -->","yoast_head_json":{"title":"Candioli Pro-Pad p\u0117du\u010di\u0173 kremas \u0161unims ir kat\u0117ms 100ml - anivet.lt","description":"Candioli Pro-Pad dr\u0117kinantis ir apsauginis kremas padedantis i\u0161laikyti \u0161un\u0173 ir ka\u010di\u0173 p\u0117dutes sveikas, mink\u0161tas ir apsaugotas, net \u0161altuoju met\u0173 laiku. Reguliariai naudojant, p\u0117dut\u0117s i\u0161lieka elastingos, o oda maitinama ir sveika.","robots":{"index":"index","follow":"follow","max-snippet":"max-snippet:-1","max-image-preview":"max-image-preview:large","max-video-preview":"max-video-preview:-1"},"canonical":"https:\/\/anivet.lt\/elparduotuve\/produktas\/candioli-pro-pad-peduciu-kremas-sunims-ir-katems-100ml\/","og_locale":"lt_LT","og_type":"article","og_title":"Candioli Pro-Pad p\u0117du\u010di\u0173 kremas \u0161unims ir kat\u0117ms 100ml","og_description":"Candioli Pro-Pad dr\u0117kinantis ir apsauginis kremas padedantis i\u0161laikyti \u0161un\u0173 ir ka\u010di\u0173 p\u0117dutes sveikas, mink\u0161tas ir apsaugotas, net \u0161altuoju met\u0173 laiku. Reguliariai naudojant, p\u0117dut\u0117s i\u0161lieka elastingos, o oda maitinama ir sveika.","og_url":"https:\/\/anivet.lt\/elparduotuve\/produktas\/candioli-pro-pad-peduciu-kremas-sunims-ir-katems-100ml\/","og_site_name":"anivet.lt","article_modified_time":"2026-03-24T09:48:33+00:00","og_image":[{"width":500,"height":500,"url":"https:\/\/anivet.lt\/elparduotuve\/wp-content\/uploads\/2026\/03\/Candioli-Pro-Pad-peduciu-kremas-sunims-ir-katems-100ml.jpg","type":"image\/jpeg"}],"twitter_card":"summary_large_image","twitter_misc":{"Est. reading time":"1 minut\u0117"},"schema":{"@context":"https:\/\/schema.org","@graph":[{"@type":"WebPage","@id":"https:\/\/anivet.lt\/elparduotuve\/produktas\/candioli-pro-pad-peduciu-kremas-sunims-ir-katems-100ml\/","url":"https:\/\/anivet.lt\/elparduotuve\/produktas\/candioli-pro-pad-peduciu-kremas-sunims-ir-katems-100ml\/","name":"Candioli Pro-Pad p\u0117du\u010di\u0173 kremas \u0161unims ir kat\u0117ms 100ml - anivet.lt","isPartOf":{"@id":"https:\/\/anivet.lt\/elparduotuve\/#website"},"primaryImageOfPage":{"@id":"https:\/\/anivet.lt\/elparduotuve\/produktas\/candioli-pro-pad-peduciu-kremas-sunims-ir-katems-100ml\/#primaryimage"},"image":{"@id":"https:\/\/anivet.lt\/elparduotuve\/produktas\/candioli-pro-pad-peduciu-kremas-sunims-ir-katems-100ml\/#primaryimage"},"thumbnailUrl":"https:\/\/anivet.lt\/elparduotuve\/wp-content\/uploads\/2026\/03\/Candioli-Pro-Pad-peduciu-kremas-sunims-ir-katems-100ml.jpg","datePublished":"2026-03-24T09:48:32+00:00","dateModified":"2026-03-24T09:48:33+00:00","description":"Candioli Pro-Pad dr\u0117kinantis ir apsauginis kremas padedantis i\u0161laikyti \u0161un\u0173 ir ka\u010di\u0173 p\u0117dutes sveikas, mink\u0161tas ir apsaugotas, net \u0161altuoju met\u0173 laiku. Reguliariai naudojant, p\u0117dut\u0117s i\u0161lieka elastingos, o oda maitinama ir sveika.","breadcrumb":{"@id":"https:\/\/anivet.lt\/elparduotuve\/produktas\/candioli-pro-pad-peduciu-kremas-sunims-ir-katems-100ml\/#breadcrumb"},"inLanguage":"lt-LT","potentialAction":[{"@type":"ReadAction","target":["https:\/\/anivet.lt\/elparduotuve\/produktas\/candioli-pro-pad-peduciu-kremas-sunims-ir-katems-100ml\/"]}]},{"@type":"ImageObject","inLanguage":"lt-LT","@id":"https:\/\/anivet.lt\/elparduotuve\/produktas\/candioli-pro-pad-peduciu-kremas-sunims-ir-katems-100ml\/#primaryimage","url":"https:\/\/anivet.lt\/elparduotuve\/wp-content\/uploads\/2026\/03\/Candioli-Pro-Pad-peduciu-kremas-sunims-ir-katems-100ml.jpg","contentUrl":"https:\/\/anivet.lt\/elparduotuve\/wp-content\/uploads\/2026\/03\/Candioli-Pro-Pad-peduciu-kremas-sunims-ir-katems-100ml.jpg","width":500,"height":500,"caption":"Candioli Pro-Pad p\u0117du\u010di\u0173 kremas \u0161unims ir kat\u0117ms 100ml"},{"@type":"BreadcrumbList","@id":"https:\/\/anivet.lt\/elparduotuve\/produktas\/candioli-pro-pad-peduciu-kremas-sunims-ir-katems-100ml\/#breadcrumb","itemListElement":[{"@type":"ListItem","position":1,"name":"Home","item":"https:\/\/anivet.lt\/elparduotuve\/"},{"@type":"ListItem","position":2,"name":"Produktai","item":"https:\/\/anivet.lt\/elparduotuve\/produktai\/"},{"@type":"ListItem","position":3,"name":"Candioli Pro-Pad p\u0117du\u010di\u0173 kremas \u0161unims ir kat\u0117ms 100ml"}]},{"@type":"WebSite","@id":"https:\/\/anivet.lt\/elparduotuve\/#website","url":"https:\/\/anivet.lt\/elparduotuve\/","name":"anivet.lt","description":"Viskas J\u016bs\u0173 \u0161uns, kat\u0117s prie\u017ei\u016brai","publisher":{"@id":"https:\/\/anivet.lt\/elparduotuve\/#organization"},"alternateName":"Viskas J\u016bs\u0173 \u0161uns, kat\u0117s prie\u017ei\u016brai","potentialAction":[{"@type":"SearchAction","target":{"@type":"EntryPoint","urlTemplate":"https:\/\/anivet.lt\/elparduotuve\/?s={search_term_string}"},"query-input":{"@type":"PropertyValueSpecification","valueRequired":true,"valueName":"search_term_string"}}],"inLanguage":"lt-LT"},{"@type":"Organization","@id":"https:\/\/anivet.lt\/elparduotuve\/#organization","name":"Viskas J\u016bs\u0173 \u0161uns, kat\u0117s prie\u017ei\u016brai","url":"https:\/\/anivet.lt\/elparduotuve\/","logo":{"@type":"ImageObject","inLanguage":"lt-LT","@id":"https:\/\/anivet.lt\/elparduotuve\/#\/schema\/logo\/image\/","url":"https:\/\/anivet.lt\/elparduotuve\/wp-content\/uploads\/2023\/06\/logo2.jpg","contentUrl":"https:\/\/anivet.lt\/elparduotuve\/wp-content\/uploads\/2023\/06\/logo2.jpg","width":655,"height":194,"caption":"Viskas J\u016bs\u0173 \u0161uns, kat\u0117s prie\u017ei\u016brai"},"image":{"@id":"https:\/\/anivet.lt\/elparduotuve\/#\/schema\/logo\/image\/"}}]}},"_links":{"self":[{"href":"https:\/\/anivet.lt\/elparduotuve\/wp-json\/wp\/v2\/product\/20936","targetHints":{"allow":["GET"]}}],"collection":[{"href":"https:\/\/anivet.lt\/elparduotuve\/wp-json\/wp\/v2\/product"}],"about":[{"href":"https:\/\/anivet.lt\/elparduotuve\/wp-json\/wp\/v2\/types\/product"}],"wp:featuredmedia":[{"embeddable":true,"href":"https:\/\/anivet.lt\/elparduotuve\/wp-json\/wp\/v2\/media\/20937"}],"wp:attachment":[{"href":"https:\/\/anivet.lt\/elparduotuve\/wp-json\/wp\/v2\/media?parent=20936"}],"wp:term":[{"taxonomy":"product_brand","embeddable":true,"href":"https:\/\/anivet.lt\/elparduotuve\/wp-json\/wp\/v2\/product_brand?post=20936"},{"taxonomy":"product_cat","embeddable":true,"href":"https:\/\/anivet.lt\/elparduotuve\/wp-json\/wp\/v2\/product_cat?post=20936"},{"taxonomy":"product_tag","embeddable":true,"href":"https:\/\/anivet.lt\/elparduotuve\/wp-json\/wp\/v2\/product_tag?post=20936"}],"curies":[{"name":"wp","href":"https:\/\/api.w.org\/{rel}","templated":true}]}}