{"id":20944,"date":"2026-03-24T10:08:54","date_gmt":"2026-03-24T10:08:54","guid":{"rendered":"https:\/\/anivet.lt\/elparduotuve\/?post_type=product&#038;p=20944"},"modified":"2026-04-17T13:23:59","modified_gmt":"2026-04-17T13:23:59","slug":"green-petfood-veggiedog-grainfree-sausas-vegetariskas-maistas-sunims-10kg","status":"publish","type":"product","link":"https:\/\/anivet.lt\/elparduotuve\/produktas\/green-petfood-veggiedog-grainfree-sausas-vegetariskas-maistas-sunims-10kg\/","title":{"rendered":"Green Petfood VeggieDog Grainfree sausas vegetari\u0161kas maistas \u0161unims 10kg"},"content":{"rendered":"<ul>\n<li>Tinka suaugusiems \u0161unims, kuri\u0173 organizmas negali vir\u0161kinti gyv\u016bnin\u0117s kilm\u0117s baltym\u0173.<\/li>\n<li>Sud\u0117tyje yra \u017eirni\u0173 ir bulvi\u0173, apr\u016bpinan\u010di\u0173 organizm\u0105 vertingomis aminor\u016bg\u0161timis.<\/li>\n<li>Papildytas \u012fvairiomis \u017eolel\u0117mis ir mi\u0161ko uogomis, suteikian\u010diomis nat\u016bral\u0173 skon\u012f ir aromat\u0105.<\/li>\n<li>100 % vegetari\u0161ka sud\u0117tis, pagaminta atsakingai ir draugi\u0161kai klimatui.<\/li>\n<\/ul>\n","protected":false},"excerpt":{"rendered":"<p>Green Petfood VeggieDog Grainfree \u2013 pilnavertis vegetari\u0161kas maistas suaugusiems \u0161unims, sukurtas specialiai augintiniams, netoleruojantiems gyv\u016bnin\u0117s kilm\u0117s baltym\u0173.<\/p>\n","protected":false},"featured_media":20945,"template":"","meta":[],"product_brand":[],"product_cat":[101,103,104],"product_tag":[],"class_list":{"0":"post-20944","1":"product","2":"type-product","3":"status-publish","4":"has-post-thumbnail","6":"product_cat-sunims","7":"product_cat-sunu-maistas","8":"product_cat-sausas-maistas","9":"pa_prekinis-zenklas-greenpetfood","11":"first","12":"outofstock","13":"taxable","14":"shipping-taxable","15":"purchasable","16":"product-type-simple"},"yoast_head":"<!-- This site is optimized with the Yoast SEO Premium plugin v27.1 (Yoast SEO v27.5) - https:\/\/yoast.com\/product\/yoast-seo-premium-wordpress\/ -->\n<title>Green Petfood VeggieDog Grainfree sausas vegetari\u0161kas maistas \u0161unims 10kg - anivet.lt<\/title>\n<meta name=\"description\" content=\"Green Petfood VeggieDog Grainfree \u2013 pilnavertis vegetari\u0161kas maistas suaugusiems \u0161unims, sukurtas specialiai augintiniams, netoleruojantiems gyv\u016bnin\u0117s kilm\u0117s baltym\u0173.\" \/>\n<meta name=\"robots\" content=\"index, follow, max-snippet:-1, max-image-preview:large, max-video-preview:-1\" \/>\n<link rel=\"canonical\" href=\"https:\/\/anivet.lt\/elparduotuve\/produktas\/green-petfood-veggiedog-grainfree-sausas-vegetariskas-maistas-sunims-10kg\/\" \/>\n<meta property=\"og:locale\" content=\"lt_LT\" \/>\n<meta property=\"og:type\" content=\"article\" \/>\n<meta property=\"og:title\" content=\"Green Petfood VeggieDog Grainfree sausas vegetari\u0161kas maistas \u0161unims 10kg\" \/>\n<meta property=\"og:description\" content=\"Green Petfood VeggieDog Grainfree \u2013 pilnavertis vegetari\u0161kas maistas suaugusiems \u0161unims, sukurtas specialiai augintiniams, netoleruojantiems gyv\u016bnin\u0117s kilm\u0117s baltym\u0173.\" \/>\n<meta property=\"og:url\" content=\"https:\/\/anivet.lt\/elparduotuve\/produktas\/green-petfood-veggiedog-grainfree-sausas-vegetariskas-maistas-sunims-10kg\/\" \/>\n<meta property=\"og:site_name\" content=\"anivet.lt\" \/>\n<meta property=\"article:modified_time\" content=\"2026-04-17T13:23:59+00:00\" \/>\n<meta property=\"og:image\" content=\"https:\/\/anivet.lt\/elparduotuve\/wp-content\/uploads\/2026\/03\/Green-Petfood-VeggieDog-Grainfree-sausas-vegetariskas-maistas-sunims-10kg.jpg\" \/>\n\t<meta property=\"og:image:width\" content=\"600\" \/>\n\t<meta property=\"og:image:height\" content=\"600\" \/>\n\t<meta property=\"og:image:type\" content=\"image\/jpeg\" \/>\n<meta name=\"twitter:card\" content=\"summary_large_image\" \/>\n<meta name=\"twitter:label1\" content=\"Est. reading time\" \/>\n\t<meta name=\"twitter:data1\" content=\"1 minut\u0117\" \/>\n<script type=\"application\/ld+json\" class=\"yoast-schema-graph\">{\"@context\":\"https:\\\/\\\/schema.org\",\"@graph\":[{\"@type\":\"WebPage\",\"@id\":\"https:\\\/\\\/anivet.lt\\\/elparduotuve\\\/produktas\\\/green-petfood-veggiedog-grainfree-sausas-vegetariskas-maistas-sunims-10kg\\\/\",\"url\":\"https:\\\/\\\/anivet.lt\\\/elparduotuve\\\/produktas\\\/green-petfood-veggiedog-grainfree-sausas-vegetariskas-maistas-sunims-10kg\\\/\",\"name\":\"Green Petfood VeggieDog Grainfree sausas vegetari\u0161kas maistas \u0161unims 10kg - anivet.lt\",\"isPartOf\":{\"@id\":\"https:\\\/\\\/anivet.lt\\\/elparduotuve\\\/#website\"},\"primaryImageOfPage\":{\"@id\":\"https:\\\/\\\/anivet.lt\\\/elparduotuve\\\/produktas\\\/green-petfood-veggiedog-grainfree-sausas-vegetariskas-maistas-sunims-10kg\\\/#primaryimage\"},\"image\":{\"@id\":\"https:\\\/\\\/anivet.lt\\\/elparduotuve\\\/produktas\\\/green-petfood-veggiedog-grainfree-sausas-vegetariskas-maistas-sunims-10kg\\\/#primaryimage\"},\"thumbnailUrl\":\"https:\\\/\\\/anivet.lt\\\/elparduotuve\\\/wp-content\\\/uploads\\\/2026\\\/03\\\/Green-Petfood-VeggieDog-Grainfree-sausas-vegetariskas-maistas-sunims-10kg.jpg\",\"datePublished\":\"2026-03-24T10:08:54+00:00\",\"dateModified\":\"2026-04-17T13:23:59+00:00\",\"description\":\"Green Petfood VeggieDog Grainfree \u2013 pilnavertis vegetari\u0161kas maistas suaugusiems \u0161unims, sukurtas specialiai augintiniams, netoleruojantiems gyv\u016bnin\u0117s kilm\u0117s baltym\u0173.\",\"breadcrumb\":{\"@id\":\"https:\\\/\\\/anivet.lt\\\/elparduotuve\\\/produktas\\\/green-petfood-veggiedog-grainfree-sausas-vegetariskas-maistas-sunims-10kg\\\/#breadcrumb\"},\"inLanguage\":\"lt-LT\",\"potentialAction\":[{\"@type\":\"ReadAction\",\"target\":[\"https:\\\/\\\/anivet.lt\\\/elparduotuve\\\/produktas\\\/green-petfood-veggiedog-grainfree-sausas-vegetariskas-maistas-sunims-10kg\\\/\"]}]},{\"@type\":\"ImageObject\",\"inLanguage\":\"lt-LT\",\"@id\":\"https:\\\/\\\/anivet.lt\\\/elparduotuve\\\/produktas\\\/green-petfood-veggiedog-grainfree-sausas-vegetariskas-maistas-sunims-10kg\\\/#primaryimage\",\"url\":\"https:\\\/\\\/anivet.lt\\\/elparduotuve\\\/wp-content\\\/uploads\\\/2026\\\/03\\\/Green-Petfood-VeggieDog-Grainfree-sausas-vegetariskas-maistas-sunims-10kg.jpg\",\"contentUrl\":\"https:\\\/\\\/anivet.lt\\\/elparduotuve\\\/wp-content\\\/uploads\\\/2026\\\/03\\\/Green-Petfood-VeggieDog-Grainfree-sausas-vegetariskas-maistas-sunims-10kg.jpg\",\"width\":600,\"height\":600},{\"@type\":\"BreadcrumbList\",\"@id\":\"https:\\\/\\\/anivet.lt\\\/elparduotuve\\\/produktas\\\/green-petfood-veggiedog-grainfree-sausas-vegetariskas-maistas-sunims-10kg\\\/#breadcrumb\",\"itemListElement\":[{\"@type\":\"ListItem\",\"position\":1,\"name\":\"Home\",\"item\":\"https:\\\/\\\/anivet.lt\\\/elparduotuve\\\/\"},{\"@type\":\"ListItem\",\"position\":2,\"name\":\"Produktai\",\"item\":\"https:\\\/\\\/anivet.lt\\\/elparduotuve\\\/produktai\\\/\"},{\"@type\":\"ListItem\",\"position\":3,\"name\":\"Green Petfood VeggieDog Grainfree sausas vegetari\u0161kas maistas \u0161unims 10kg\"}]},{\"@type\":\"WebSite\",\"@id\":\"https:\\\/\\\/anivet.lt\\\/elparduotuve\\\/#website\",\"url\":\"https:\\\/\\\/anivet.lt\\\/elparduotuve\\\/\",\"name\":\"anivet.lt\",\"description\":\"Viskas J\u016bs\u0173 \u0161uns, kat\u0117s prie\u017ei\u016brai\",\"publisher\":{\"@id\":\"https:\\\/\\\/anivet.lt\\\/elparduotuve\\\/#organization\"},\"alternateName\":\"Viskas J\u016bs\u0173 \u0161uns, kat\u0117s prie\u017ei\u016brai\",\"potentialAction\":[{\"@type\":\"SearchAction\",\"target\":{\"@type\":\"EntryPoint\",\"urlTemplate\":\"https:\\\/\\\/anivet.lt\\\/elparduotuve\\\/?s={search_term_string}\"},\"query-input\":{\"@type\":\"PropertyValueSpecification\",\"valueRequired\":true,\"valueName\":\"search_term_string\"}}],\"inLanguage\":\"lt-LT\"},{\"@type\":\"Organization\",\"@id\":\"https:\\\/\\\/anivet.lt\\\/elparduotuve\\\/#organization\",\"name\":\"Viskas J\u016bs\u0173 \u0161uns, kat\u0117s prie\u017ei\u016brai\",\"url\":\"https:\\\/\\\/anivet.lt\\\/elparduotuve\\\/\",\"logo\":{\"@type\":\"ImageObject\",\"inLanguage\":\"lt-LT\",\"@id\":\"https:\\\/\\\/anivet.lt\\\/elparduotuve\\\/#\\\/schema\\\/logo\\\/image\\\/\",\"url\":\"https:\\\/\\\/anivet.lt\\\/elparduotuve\\\/wp-content\\\/uploads\\\/2023\\\/06\\\/logo2.jpg\",\"contentUrl\":\"https:\\\/\\\/anivet.lt\\\/elparduotuve\\\/wp-content\\\/uploads\\\/2023\\\/06\\\/logo2.jpg\",\"width\":655,\"height\":194,\"caption\":\"Viskas J\u016bs\u0173 \u0161uns, kat\u0117s prie\u017ei\u016brai\"},\"image\":{\"@id\":\"https:\\\/\\\/anivet.lt\\\/elparduotuve\\\/#\\\/schema\\\/logo\\\/image\\\/\"}}]}<\/script>\n<!-- \/ Yoast SEO Premium plugin. -->","yoast_head_json":{"title":"Green Petfood VeggieDog Grainfree sausas vegetari\u0161kas maistas \u0161unims 10kg - anivet.lt","description":"Green Petfood VeggieDog Grainfree \u2013 pilnavertis vegetari\u0161kas maistas suaugusiems \u0161unims, sukurtas specialiai augintiniams, netoleruojantiems gyv\u016bnin\u0117s kilm\u0117s baltym\u0173.","robots":{"index":"index","follow":"follow","max-snippet":"max-snippet:-1","max-image-preview":"max-image-preview:large","max-video-preview":"max-video-preview:-1"},"canonical":"https:\/\/anivet.lt\/elparduotuve\/produktas\/green-petfood-veggiedog-grainfree-sausas-vegetariskas-maistas-sunims-10kg\/","og_locale":"lt_LT","og_type":"article","og_title":"Green Petfood VeggieDog Grainfree sausas vegetari\u0161kas maistas \u0161unims 10kg","og_description":"Green Petfood VeggieDog Grainfree \u2013 pilnavertis vegetari\u0161kas maistas suaugusiems \u0161unims, sukurtas specialiai augintiniams, netoleruojantiems gyv\u016bnin\u0117s kilm\u0117s baltym\u0173.","og_url":"https:\/\/anivet.lt\/elparduotuve\/produktas\/green-petfood-veggiedog-grainfree-sausas-vegetariskas-maistas-sunims-10kg\/","og_site_name":"anivet.lt","article_modified_time":"2026-04-17T13:23:59+00:00","og_image":[{"width":600,"height":600,"url":"https:\/\/anivet.lt\/elparduotuve\/wp-content\/uploads\/2026\/03\/Green-Petfood-VeggieDog-Grainfree-sausas-vegetariskas-maistas-sunims-10kg.jpg","type":"image\/jpeg"}],"twitter_card":"summary_large_image","twitter_misc":{"Est. reading time":"1 minut\u0117"},"schema":{"@context":"https:\/\/schema.org","@graph":[{"@type":"WebPage","@id":"https:\/\/anivet.lt\/elparduotuve\/produktas\/green-petfood-veggiedog-grainfree-sausas-vegetariskas-maistas-sunims-10kg\/","url":"https:\/\/anivet.lt\/elparduotuve\/produktas\/green-petfood-veggiedog-grainfree-sausas-vegetariskas-maistas-sunims-10kg\/","name":"Green Petfood VeggieDog Grainfree sausas vegetari\u0161kas maistas \u0161unims 10kg - anivet.lt","isPartOf":{"@id":"https:\/\/anivet.lt\/elparduotuve\/#website"},"primaryImageOfPage":{"@id":"https:\/\/anivet.lt\/elparduotuve\/produktas\/green-petfood-veggiedog-grainfree-sausas-vegetariskas-maistas-sunims-10kg\/#primaryimage"},"image":{"@id":"https:\/\/anivet.lt\/elparduotuve\/produktas\/green-petfood-veggiedog-grainfree-sausas-vegetariskas-maistas-sunims-10kg\/#primaryimage"},"thumbnailUrl":"https:\/\/anivet.lt\/elparduotuve\/wp-content\/uploads\/2026\/03\/Green-Petfood-VeggieDog-Grainfree-sausas-vegetariskas-maistas-sunims-10kg.jpg","datePublished":"2026-03-24T10:08:54+00:00","dateModified":"2026-04-17T13:23:59+00:00","description":"Green Petfood VeggieDog Grainfree \u2013 pilnavertis vegetari\u0161kas maistas suaugusiems \u0161unims, sukurtas specialiai augintiniams, netoleruojantiems gyv\u016bnin\u0117s kilm\u0117s baltym\u0173.","breadcrumb":{"@id":"https:\/\/anivet.lt\/elparduotuve\/produktas\/green-petfood-veggiedog-grainfree-sausas-vegetariskas-maistas-sunims-10kg\/#breadcrumb"},"inLanguage":"lt-LT","potentialAction":[{"@type":"ReadAction","target":["https:\/\/anivet.lt\/elparduotuve\/produktas\/green-petfood-veggiedog-grainfree-sausas-vegetariskas-maistas-sunims-10kg\/"]}]},{"@type":"ImageObject","inLanguage":"lt-LT","@id":"https:\/\/anivet.lt\/elparduotuve\/produktas\/green-petfood-veggiedog-grainfree-sausas-vegetariskas-maistas-sunims-10kg\/#primaryimage","url":"https:\/\/anivet.lt\/elparduotuve\/wp-content\/uploads\/2026\/03\/Green-Petfood-VeggieDog-Grainfree-sausas-vegetariskas-maistas-sunims-10kg.jpg","contentUrl":"https:\/\/anivet.lt\/elparduotuve\/wp-content\/uploads\/2026\/03\/Green-Petfood-VeggieDog-Grainfree-sausas-vegetariskas-maistas-sunims-10kg.jpg","width":600,"height":600},{"@type":"BreadcrumbList","@id":"https:\/\/anivet.lt\/elparduotuve\/produktas\/green-petfood-veggiedog-grainfree-sausas-vegetariskas-maistas-sunims-10kg\/#breadcrumb","itemListElement":[{"@type":"ListItem","position":1,"name":"Home","item":"https:\/\/anivet.lt\/elparduotuve\/"},{"@type":"ListItem","position":2,"name":"Produktai","item":"https:\/\/anivet.lt\/elparduotuve\/produktai\/"},{"@type":"ListItem","position":3,"name":"Green Petfood VeggieDog Grainfree sausas vegetari\u0161kas maistas \u0161unims 10kg"}]},{"@type":"WebSite","@id":"https:\/\/anivet.lt\/elparduotuve\/#website","url":"https:\/\/anivet.lt\/elparduotuve\/","name":"anivet.lt","description":"Viskas J\u016bs\u0173 \u0161uns, kat\u0117s prie\u017ei\u016brai","publisher":{"@id":"https:\/\/anivet.lt\/elparduotuve\/#organization"},"alternateName":"Viskas J\u016bs\u0173 \u0161uns, kat\u0117s prie\u017ei\u016brai","potentialAction":[{"@type":"SearchAction","target":{"@type":"EntryPoint","urlTemplate":"https:\/\/anivet.lt\/elparduotuve\/?s={search_term_string}"},"query-input":{"@type":"PropertyValueSpecification","valueRequired":true,"valueName":"search_term_string"}}],"inLanguage":"lt-LT"},{"@type":"Organization","@id":"https:\/\/anivet.lt\/elparduotuve\/#organization","name":"Viskas J\u016bs\u0173 \u0161uns, kat\u0117s prie\u017ei\u016brai","url":"https:\/\/anivet.lt\/elparduotuve\/","logo":{"@type":"ImageObject","inLanguage":"lt-LT","@id":"https:\/\/anivet.lt\/elparduotuve\/#\/schema\/logo\/image\/","url":"https:\/\/anivet.lt\/elparduotuve\/wp-content\/uploads\/2023\/06\/logo2.jpg","contentUrl":"https:\/\/anivet.lt\/elparduotuve\/wp-content\/uploads\/2023\/06\/logo2.jpg","width":655,"height":194,"caption":"Viskas J\u016bs\u0173 \u0161uns, kat\u0117s prie\u017ei\u016brai"},"image":{"@id":"https:\/\/anivet.lt\/elparduotuve\/#\/schema\/logo\/image\/"}}]}},"_links":{"self":[{"href":"https:\/\/anivet.lt\/elparduotuve\/wp-json\/wp\/v2\/product\/20944","targetHints":{"allow":["GET"]}}],"collection":[{"href":"https:\/\/anivet.lt\/elparduotuve\/wp-json\/wp\/v2\/product"}],"about":[{"href":"https:\/\/anivet.lt\/elparduotuve\/wp-json\/wp\/v2\/types\/product"}],"wp:featuredmedia":[{"embeddable":true,"href":"https:\/\/anivet.lt\/elparduotuve\/wp-json\/wp\/v2\/media\/20945"}],"wp:attachment":[{"href":"https:\/\/anivet.lt\/elparduotuve\/wp-json\/wp\/v2\/media?parent=20944"}],"wp:term":[{"taxonomy":"product_brand","embeddable":true,"href":"https:\/\/anivet.lt\/elparduotuve\/wp-json\/wp\/v2\/product_brand?post=20944"},{"taxonomy":"product_cat","embeddable":true,"href":"https:\/\/anivet.lt\/elparduotuve\/wp-json\/wp\/v2\/product_cat?post=20944"},{"taxonomy":"product_tag","embeddable":true,"href":"https:\/\/anivet.lt\/elparduotuve\/wp-json\/wp\/v2\/product_tag?post=20944"}],"curies":[{"name":"wp","href":"https:\/\/api.w.org\/{rel}","templated":true}]}}