{"id":21001,"date":"2026-04-01T14:33:20","date_gmt":"2026-04-01T14:33:20","guid":{"rendered":"https:\/\/anivet.lt\/elparduotuve\/?post_type=product&#038;p=21001"},"modified":"2026-04-01T14:33:21","modified_gmt":"2026-04-01T14:33:21","slug":"vetexpert-4t-vet-diet-intestinal-konservai-sunims-jautriam-virskinimui-200g","status":"publish","type":"product","link":"https:\/\/anivet.lt\/elparduotuve\/produktas\/vetexpert-4t-vet-diet-intestinal-konservai-sunims-jautriam-virskinimui-200g\/","title":{"rendered":"VetExpert 4T Vet. Diet Intestinal konservai \u0161unims jautriam vir\u0161kinimui 200g"},"content":{"rendered":"<ul>\n<li>Tinka \u0161unims, sergantiems egzokrininiu kasos nepakankamumu.<\/li>\n<li>Lengvai vir\u0161kinamas konservas su padidintu elektrolit\u0173 kiekiu ir suma\u017eintu riebal\u0173 kiekiu padeda palaikyti optimali\u0105 vir\u0161kinimo sistemos veikl\u0105 bei u\u017etikrina geresn\u0119 savijaut\u0105.<\/li>\n<\/ul>\n","protected":false},"excerpt":{"rendered":"<p>Pilnavertis ir subalansuotas dietinis \u0161un\u0173 maistas, skirtas ma\u017einti vir\u0161kinimo sutrikimus ir gerinti maisto med\u017eiag\u0173 \u012fsisavinim\u0105.<\/p>\n","protected":false},"featured_media":21002,"template":"","meta":[],"product_brand":[],"product_cat":[101,103,107,327,564],"product_tag":[],"class_list":{"0":"post-21001","1":"product","2":"type-product","3":"status-publish","4":"has-post-thumbnail","6":"product_cat-sunims","7":"product_cat-sunu-maistas","8":"product_cat-veterinarine-dieta","9":"product_cat-pagal-prekes-zenklus","10":"product_cat-vet-expert-sunu-maistas","11":"pa_prekinis-zenklas-vetexpert","13":"first","14":"instock","15":"taxable","16":"shipping-taxable","17":"purchasable","18":"product-type-simple"},"yoast_head":"<!-- This site is optimized with the Yoast SEO Premium plugin v27.1 (Yoast SEO v27.3) - https:\/\/yoast.com\/product\/yoast-seo-premium-wordpress\/ -->\n<title>VetExpert 4T Vet. Diet Intestinal konservai \u0161unims jautriam vir\u0161kinimui 200g - anivet.lt<\/title>\n<meta name=\"description\" content=\"Pilnavertis ir subalansuotas dietinis \u0161un\u0173 maistas, skirtas ma\u017einti vir\u0161kinimo sutrikimus ir gerinti maisto med\u017eiag\u0173 \u012fsisavinim\u0105.\" \/>\n<meta name=\"robots\" content=\"index, follow, max-snippet:-1, max-image-preview:large, max-video-preview:-1\" \/>\n<link rel=\"canonical\" href=\"https:\/\/anivet.lt\/elparduotuve\/produktas\/vetexpert-4t-vet-diet-intestinal-konservai-sunims-jautriam-virskinimui-200g\/\" \/>\n<meta property=\"og:locale\" content=\"lt_LT\" \/>\n<meta property=\"og:type\" content=\"article\" \/>\n<meta property=\"og:title\" content=\"VetExpert 4T Vet. Diet Intestinal konservai \u0161unims jautriam vir\u0161kinimui 200g\" \/>\n<meta property=\"og:description\" content=\"Pilnavertis ir subalansuotas dietinis \u0161un\u0173 maistas, skirtas ma\u017einti vir\u0161kinimo sutrikimus ir gerinti maisto med\u017eiag\u0173 \u012fsisavinim\u0105.\" \/>\n<meta property=\"og:url\" content=\"https:\/\/anivet.lt\/elparduotuve\/produktas\/vetexpert-4t-vet-diet-intestinal-konservai-sunims-jautriam-virskinimui-200g\/\" \/>\n<meta property=\"og:site_name\" content=\"anivet.lt\" \/>\n<meta property=\"article:modified_time\" content=\"2026-04-01T14:33:21+00:00\" \/>\n<meta property=\"og:image\" content=\"https:\/\/anivet.lt\/elparduotuve\/wp-content\/uploads\/2026\/04\/VetExpert-4T-Vet.-Diet-Intestinal-konservai-sunims-jautriam-virskinimui-200g.jpg\" \/>\n\t<meta property=\"og:image:width\" content=\"500\" \/>\n\t<meta property=\"og:image:height\" content=\"500\" \/>\n\t<meta property=\"og:image:type\" content=\"image\/jpeg\" \/>\n<meta name=\"twitter:card\" content=\"summary_large_image\" \/>\n<meta name=\"twitter:label1\" content=\"Est. reading time\" \/>\n\t<meta name=\"twitter:data1\" content=\"1 minut\u0117\" \/>\n<script type=\"application\/ld+json\" class=\"yoast-schema-graph\">{\"@context\":\"https:\\\/\\\/schema.org\",\"@graph\":[{\"@type\":\"WebPage\",\"@id\":\"https:\\\/\\\/anivet.lt\\\/elparduotuve\\\/produktas\\\/vetexpert-4t-vet-diet-intestinal-konservai-sunims-jautriam-virskinimui-200g\\\/\",\"url\":\"https:\\\/\\\/anivet.lt\\\/elparduotuve\\\/produktas\\\/vetexpert-4t-vet-diet-intestinal-konservai-sunims-jautriam-virskinimui-200g\\\/\",\"name\":\"VetExpert 4T Vet. Diet Intestinal konservai \u0161unims jautriam vir\u0161kinimui 200g - anivet.lt\",\"isPartOf\":{\"@id\":\"https:\\\/\\\/anivet.lt\\\/elparduotuve\\\/#website\"},\"primaryImageOfPage\":{\"@id\":\"https:\\\/\\\/anivet.lt\\\/elparduotuve\\\/produktas\\\/vetexpert-4t-vet-diet-intestinal-konservai-sunims-jautriam-virskinimui-200g\\\/#primaryimage\"},\"image\":{\"@id\":\"https:\\\/\\\/anivet.lt\\\/elparduotuve\\\/produktas\\\/vetexpert-4t-vet-diet-intestinal-konservai-sunims-jautriam-virskinimui-200g\\\/#primaryimage\"},\"thumbnailUrl\":\"https:\\\/\\\/anivet.lt\\\/elparduotuve\\\/wp-content\\\/uploads\\\/2026\\\/04\\\/VetExpert-4T-Vet.-Diet-Intestinal-konservai-sunims-jautriam-virskinimui-200g.jpg\",\"datePublished\":\"2026-04-01T14:33:20+00:00\",\"dateModified\":\"2026-04-01T14:33:21+00:00\",\"description\":\"Pilnavertis ir subalansuotas dietinis \u0161un\u0173 maistas, skirtas ma\u017einti vir\u0161kinimo sutrikimus ir gerinti maisto med\u017eiag\u0173 \u012fsisavinim\u0105.\",\"breadcrumb\":{\"@id\":\"https:\\\/\\\/anivet.lt\\\/elparduotuve\\\/produktas\\\/vetexpert-4t-vet-diet-intestinal-konservai-sunims-jautriam-virskinimui-200g\\\/#breadcrumb\"},\"inLanguage\":\"lt-LT\",\"potentialAction\":[{\"@type\":\"ReadAction\",\"target\":[\"https:\\\/\\\/anivet.lt\\\/elparduotuve\\\/produktas\\\/vetexpert-4t-vet-diet-intestinal-konservai-sunims-jautriam-virskinimui-200g\\\/\"]}]},{\"@type\":\"ImageObject\",\"inLanguage\":\"lt-LT\",\"@id\":\"https:\\\/\\\/anivet.lt\\\/elparduotuve\\\/produktas\\\/vetexpert-4t-vet-diet-intestinal-konservai-sunims-jautriam-virskinimui-200g\\\/#primaryimage\",\"url\":\"https:\\\/\\\/anivet.lt\\\/elparduotuve\\\/wp-content\\\/uploads\\\/2026\\\/04\\\/VetExpert-4T-Vet.-Diet-Intestinal-konservai-sunims-jautriam-virskinimui-200g.jpg\",\"contentUrl\":\"https:\\\/\\\/anivet.lt\\\/elparduotuve\\\/wp-content\\\/uploads\\\/2026\\\/04\\\/VetExpert-4T-Vet.-Diet-Intestinal-konservai-sunims-jautriam-virskinimui-200g.jpg\",\"width\":500,\"height\":500},{\"@type\":\"BreadcrumbList\",\"@id\":\"https:\\\/\\\/anivet.lt\\\/elparduotuve\\\/produktas\\\/vetexpert-4t-vet-diet-intestinal-konservai-sunims-jautriam-virskinimui-200g\\\/#breadcrumb\",\"itemListElement\":[{\"@type\":\"ListItem\",\"position\":1,\"name\":\"Home\",\"item\":\"https:\\\/\\\/anivet.lt\\\/elparduotuve\\\/\"},{\"@type\":\"ListItem\",\"position\":2,\"name\":\"Produktai\",\"item\":\"https:\\\/\\\/anivet.lt\\\/elparduotuve\\\/produktai\\\/\"},{\"@type\":\"ListItem\",\"position\":3,\"name\":\"VetExpert 4T Vet. Diet Intestinal konservai \u0161unims jautriam vir\u0161kinimui 200g\"}]},{\"@type\":\"WebSite\",\"@id\":\"https:\\\/\\\/anivet.lt\\\/elparduotuve\\\/#website\",\"url\":\"https:\\\/\\\/anivet.lt\\\/elparduotuve\\\/\",\"name\":\"anivet.lt\",\"description\":\"Viskas J\u016bs\u0173 \u0161uns, kat\u0117s prie\u017ei\u016brai\",\"publisher\":{\"@id\":\"https:\\\/\\\/anivet.lt\\\/elparduotuve\\\/#organization\"},\"alternateName\":\"Viskas J\u016bs\u0173 \u0161uns, kat\u0117s prie\u017ei\u016brai\",\"potentialAction\":[{\"@type\":\"SearchAction\",\"target\":{\"@type\":\"EntryPoint\",\"urlTemplate\":\"https:\\\/\\\/anivet.lt\\\/elparduotuve\\\/?s={search_term_string}\"},\"query-input\":{\"@type\":\"PropertyValueSpecification\",\"valueRequired\":true,\"valueName\":\"search_term_string\"}}],\"inLanguage\":\"lt-LT\"},{\"@type\":\"Organization\",\"@id\":\"https:\\\/\\\/anivet.lt\\\/elparduotuve\\\/#organization\",\"name\":\"Viskas J\u016bs\u0173 \u0161uns, kat\u0117s prie\u017ei\u016brai\",\"url\":\"https:\\\/\\\/anivet.lt\\\/elparduotuve\\\/\",\"logo\":{\"@type\":\"ImageObject\",\"inLanguage\":\"lt-LT\",\"@id\":\"https:\\\/\\\/anivet.lt\\\/elparduotuve\\\/#\\\/schema\\\/logo\\\/image\\\/\",\"url\":\"https:\\\/\\\/anivet.lt\\\/elparduotuve\\\/wp-content\\\/uploads\\\/2023\\\/06\\\/logo2.jpg\",\"contentUrl\":\"https:\\\/\\\/anivet.lt\\\/elparduotuve\\\/wp-content\\\/uploads\\\/2023\\\/06\\\/logo2.jpg\",\"width\":655,\"height\":194,\"caption\":\"Viskas J\u016bs\u0173 \u0161uns, kat\u0117s prie\u017ei\u016brai\"},\"image\":{\"@id\":\"https:\\\/\\\/anivet.lt\\\/elparduotuve\\\/#\\\/schema\\\/logo\\\/image\\\/\"}}]}<\/script>\n<!-- \/ Yoast SEO Premium plugin. -->","yoast_head_json":{"title":"VetExpert 4T Vet. Diet Intestinal konservai \u0161unims jautriam vir\u0161kinimui 200g - anivet.lt","description":"Pilnavertis ir subalansuotas dietinis \u0161un\u0173 maistas, skirtas ma\u017einti vir\u0161kinimo sutrikimus ir gerinti maisto med\u017eiag\u0173 \u012fsisavinim\u0105.","robots":{"index":"index","follow":"follow","max-snippet":"max-snippet:-1","max-image-preview":"max-image-preview:large","max-video-preview":"max-video-preview:-1"},"canonical":"https:\/\/anivet.lt\/elparduotuve\/produktas\/vetexpert-4t-vet-diet-intestinal-konservai-sunims-jautriam-virskinimui-200g\/","og_locale":"lt_LT","og_type":"article","og_title":"VetExpert 4T Vet. Diet Intestinal konservai \u0161unims jautriam vir\u0161kinimui 200g","og_description":"Pilnavertis ir subalansuotas dietinis \u0161un\u0173 maistas, skirtas ma\u017einti vir\u0161kinimo sutrikimus ir gerinti maisto med\u017eiag\u0173 \u012fsisavinim\u0105.","og_url":"https:\/\/anivet.lt\/elparduotuve\/produktas\/vetexpert-4t-vet-diet-intestinal-konservai-sunims-jautriam-virskinimui-200g\/","og_site_name":"anivet.lt","article_modified_time":"2026-04-01T14:33:21+00:00","og_image":[{"width":500,"height":500,"url":"https:\/\/anivet.lt\/elparduotuve\/wp-content\/uploads\/2026\/04\/VetExpert-4T-Vet.-Diet-Intestinal-konservai-sunims-jautriam-virskinimui-200g.jpg","type":"image\/jpeg"}],"twitter_card":"summary_large_image","twitter_misc":{"Est. reading time":"1 minut\u0117"},"schema":{"@context":"https:\/\/schema.org","@graph":[{"@type":"WebPage","@id":"https:\/\/anivet.lt\/elparduotuve\/produktas\/vetexpert-4t-vet-diet-intestinal-konservai-sunims-jautriam-virskinimui-200g\/","url":"https:\/\/anivet.lt\/elparduotuve\/produktas\/vetexpert-4t-vet-diet-intestinal-konservai-sunims-jautriam-virskinimui-200g\/","name":"VetExpert 4T Vet. Diet Intestinal konservai \u0161unims jautriam vir\u0161kinimui 200g - anivet.lt","isPartOf":{"@id":"https:\/\/anivet.lt\/elparduotuve\/#website"},"primaryImageOfPage":{"@id":"https:\/\/anivet.lt\/elparduotuve\/produktas\/vetexpert-4t-vet-diet-intestinal-konservai-sunims-jautriam-virskinimui-200g\/#primaryimage"},"image":{"@id":"https:\/\/anivet.lt\/elparduotuve\/produktas\/vetexpert-4t-vet-diet-intestinal-konservai-sunims-jautriam-virskinimui-200g\/#primaryimage"},"thumbnailUrl":"https:\/\/anivet.lt\/elparduotuve\/wp-content\/uploads\/2026\/04\/VetExpert-4T-Vet.-Diet-Intestinal-konservai-sunims-jautriam-virskinimui-200g.jpg","datePublished":"2026-04-01T14:33:20+00:00","dateModified":"2026-04-01T14:33:21+00:00","description":"Pilnavertis ir subalansuotas dietinis \u0161un\u0173 maistas, skirtas ma\u017einti vir\u0161kinimo sutrikimus ir gerinti maisto med\u017eiag\u0173 \u012fsisavinim\u0105.","breadcrumb":{"@id":"https:\/\/anivet.lt\/elparduotuve\/produktas\/vetexpert-4t-vet-diet-intestinal-konservai-sunims-jautriam-virskinimui-200g\/#breadcrumb"},"inLanguage":"lt-LT","potentialAction":[{"@type":"ReadAction","target":["https:\/\/anivet.lt\/elparduotuve\/produktas\/vetexpert-4t-vet-diet-intestinal-konservai-sunims-jautriam-virskinimui-200g\/"]}]},{"@type":"ImageObject","inLanguage":"lt-LT","@id":"https:\/\/anivet.lt\/elparduotuve\/produktas\/vetexpert-4t-vet-diet-intestinal-konservai-sunims-jautriam-virskinimui-200g\/#primaryimage","url":"https:\/\/anivet.lt\/elparduotuve\/wp-content\/uploads\/2026\/04\/VetExpert-4T-Vet.-Diet-Intestinal-konservai-sunims-jautriam-virskinimui-200g.jpg","contentUrl":"https:\/\/anivet.lt\/elparduotuve\/wp-content\/uploads\/2026\/04\/VetExpert-4T-Vet.-Diet-Intestinal-konservai-sunims-jautriam-virskinimui-200g.jpg","width":500,"height":500},{"@type":"BreadcrumbList","@id":"https:\/\/anivet.lt\/elparduotuve\/produktas\/vetexpert-4t-vet-diet-intestinal-konservai-sunims-jautriam-virskinimui-200g\/#breadcrumb","itemListElement":[{"@type":"ListItem","position":1,"name":"Home","item":"https:\/\/anivet.lt\/elparduotuve\/"},{"@type":"ListItem","position":2,"name":"Produktai","item":"https:\/\/anivet.lt\/elparduotuve\/produktai\/"},{"@type":"ListItem","position":3,"name":"VetExpert 4T Vet. Diet Intestinal konservai \u0161unims jautriam vir\u0161kinimui 200g"}]},{"@type":"WebSite","@id":"https:\/\/anivet.lt\/elparduotuve\/#website","url":"https:\/\/anivet.lt\/elparduotuve\/","name":"anivet.lt","description":"Viskas J\u016bs\u0173 \u0161uns, kat\u0117s prie\u017ei\u016brai","publisher":{"@id":"https:\/\/anivet.lt\/elparduotuve\/#organization"},"alternateName":"Viskas J\u016bs\u0173 \u0161uns, kat\u0117s prie\u017ei\u016brai","potentialAction":[{"@type":"SearchAction","target":{"@type":"EntryPoint","urlTemplate":"https:\/\/anivet.lt\/elparduotuve\/?s={search_term_string}"},"query-input":{"@type":"PropertyValueSpecification","valueRequired":true,"valueName":"search_term_string"}}],"inLanguage":"lt-LT"},{"@type":"Organization","@id":"https:\/\/anivet.lt\/elparduotuve\/#organization","name":"Viskas J\u016bs\u0173 \u0161uns, kat\u0117s prie\u017ei\u016brai","url":"https:\/\/anivet.lt\/elparduotuve\/","logo":{"@type":"ImageObject","inLanguage":"lt-LT","@id":"https:\/\/anivet.lt\/elparduotuve\/#\/schema\/logo\/image\/","url":"https:\/\/anivet.lt\/elparduotuve\/wp-content\/uploads\/2023\/06\/logo2.jpg","contentUrl":"https:\/\/anivet.lt\/elparduotuve\/wp-content\/uploads\/2023\/06\/logo2.jpg","width":655,"height":194,"caption":"Viskas J\u016bs\u0173 \u0161uns, kat\u0117s prie\u017ei\u016brai"},"image":{"@id":"https:\/\/anivet.lt\/elparduotuve\/#\/schema\/logo\/image\/"}}]}},"_links":{"self":[{"href":"https:\/\/anivet.lt\/elparduotuve\/wp-json\/wp\/v2\/product\/21001","targetHints":{"allow":["GET"]}}],"collection":[{"href":"https:\/\/anivet.lt\/elparduotuve\/wp-json\/wp\/v2\/product"}],"about":[{"href":"https:\/\/anivet.lt\/elparduotuve\/wp-json\/wp\/v2\/types\/product"}],"wp:featuredmedia":[{"embeddable":true,"href":"https:\/\/anivet.lt\/elparduotuve\/wp-json\/wp\/v2\/media\/21002"}],"wp:attachment":[{"href":"https:\/\/anivet.lt\/elparduotuve\/wp-json\/wp\/v2\/media?parent=21001"}],"wp:term":[{"taxonomy":"product_brand","embeddable":true,"href":"https:\/\/anivet.lt\/elparduotuve\/wp-json\/wp\/v2\/product_brand?post=21001"},{"taxonomy":"product_cat","embeddable":true,"href":"https:\/\/anivet.lt\/elparduotuve\/wp-json\/wp\/v2\/product_cat?post=21001"},{"taxonomy":"product_tag","embeddable":true,"href":"https:\/\/anivet.lt\/elparduotuve\/wp-json\/wp\/v2\/product_tag?post=21001"}],"curies":[{"name":"wp","href":"https:\/\/api.w.org\/{rel}","templated":true}]}}