{"id":21003,"date":"2026-04-01T14:40:18","date_gmt":"2026-04-01T14:40:18","guid":{"rendered":"https:\/\/anivet.lt\/elparduotuve\/?post_type=product&#038;p=21003"},"modified":"2026-04-02T15:11:33","modified_gmt":"2026-04-02T15:11:33","slug":"vetexpert-4t-vet-diet-intestinal-elimination-low-fat-konservai-sunims-jautriam-virskinimui","status":"publish","type":"product","link":"https:\/\/anivet.lt\/elparduotuve\/produktas\/vetexpert-4t-vet-diet-intestinal-elimination-low-fat-konservai-sunims-jautriam-virskinimui\/","title":{"rendered":"VetExpert 4T Vet. Diet Intestinal Elimination Low Fat konservai \u0161unims jautriam vir\u0161kinimui"},"content":{"rendered":"<ul>\n<li>Lengvai vir\u0161kinamas \u0161un\u0173 maistas su padidintu natrio ir kalio kiekiu bei suma\u017eintu riebal\u0173 kiekiu padeda u\u017etikrinti skland\u017ei\u0105 vir\u0161kinimo sistemos veikl\u0105 ir ger\u0105 savijaut\u0105.<\/li>\n<li>Vieno baltymo formul\u0117 (mono protein) \u2013 vienintelis gyv\u016bnin\u0117s kilm\u0117s baltym\u0173 \u0161altinis padeda suma\u017einti maisto netoleravimo ir alergini\u0173 reakcij\u0173 rizik\u0105.<\/li>\n<li>Ma\u017eai riebal\u0173 \u2013 suma\u017eintas riebal\u0173 kiekis padeda ma\u017einti kasos apkrov\u0105, ypa\u010d svarbu \u0161unims, sergantiems egzokrininiu kasos nepakankamumu, ir prisideda prie lengvesnio vir\u0161kinimo.<\/li>\n<li>FOS ir MOS prebiotikai \u2013 palaiko sveik\u0105 \u017earnyno mikroflor\u0105, gerina vir\u0161kinim\u0105, apr\u016bpina storosios \u017earnos l\u0105steles energija ir stiprina nat\u016bral\u0173 imunitet\u0105.<\/li>\n<li>Imbieras \u2013 nat\u016bralus ingredientas, padedantis suma\u017einti duj\u0173 kaupim\u0105si, ramina vir\u0161kinam\u0105j\u012f trakt\u0105 ir gali palengvinti \u017earnyno spazmus.<\/li>\n<\/ul>\n","protected":false},"excerpt":{"rendered":"<p>Pilnavertis dietinis maistas suaugusiems \u0161unims, skirtas ma\u017einti vir\u0161kinimo sutrikimus, gerinti maistini\u0173 med\u017eiag\u0173 \u012fsisavinim\u0105 ir palaikyti organizm\u0105 sergant l\u0117tiniu kasos nepakankamumu.<\/p>\n","protected":false},"featured_media":21004,"template":"","meta":[],"product_brand":[],"product_cat":[101,103,107,327,564],"product_tag":[],"class_list":{"0":"post-21003","1":"product","2":"type-product","3":"status-publish","4":"has-post-thumbnail","6":"product_cat-sunims","7":"product_cat-sunu-maistas","8":"product_cat-veterinarine-dieta","9":"product_cat-pagal-prekes-zenklus","10":"product_cat-vet-expert-sunu-maistas","11":"pa_prekinis-zenklas-vetexpert","13":"first","14":"outofstock","15":"taxable","16":"shipping-taxable","17":"purchasable","18":"product-type-variable"},"yoast_head":"<!-- This site is optimized with the Yoast SEO Premium plugin v27.1 (Yoast SEO v27.3) - https:\/\/yoast.com\/product\/yoast-seo-premium-wordpress\/ -->\n<title>VetExpert 4T Vet. Diet Intestinal Elimination Low Fat konservai \u0161unims jautriam vir\u0161kinimui - anivet.lt<\/title>\n<meta name=\"description\" content=\"Pilnavertis dietinis maistas suaugusiems \u0161unims, skirtas ma\u017einti vir\u0161kinimo sutrikimus, gerinti maistini\u0173 med\u017eiag\u0173 \u012fsisavinim\u0105 ir palaikyti organizm\u0105 sergant l\u0117tiniu kasos nepakankamumu.\" \/>\n<meta name=\"robots\" content=\"index, follow, max-snippet:-1, max-image-preview:large, max-video-preview:-1\" \/>\n<link rel=\"canonical\" href=\"https:\/\/anivet.lt\/elparduotuve\/produktas\/vetexpert-4t-vet-diet-intestinal-elimination-low-fat-konservai-sunims-jautriam-virskinimui\/\" \/>\n<meta property=\"og:locale\" content=\"lt_LT\" \/>\n<meta property=\"og:type\" content=\"article\" \/>\n<meta property=\"og:title\" content=\"VetExpert 4T Vet. Diet Intestinal Elimination Low Fat konservai \u0161unims jautriam vir\u0161kinimui\" \/>\n<meta property=\"og:description\" content=\"Pilnavertis dietinis maistas suaugusiems \u0161unims, skirtas ma\u017einti vir\u0161kinimo sutrikimus, gerinti maistini\u0173 med\u017eiag\u0173 \u012fsisavinim\u0105 ir palaikyti organizm\u0105 sergant l\u0117tiniu kasos nepakankamumu.\" \/>\n<meta property=\"og:url\" content=\"https:\/\/anivet.lt\/elparduotuve\/produktas\/vetexpert-4t-vet-diet-intestinal-elimination-low-fat-konservai-sunims-jautriam-virskinimui\/\" \/>\n<meta property=\"og:site_name\" content=\"anivet.lt\" \/>\n<meta property=\"article:modified_time\" content=\"2026-04-02T15:11:33+00:00\" \/>\n<meta property=\"og:image\" content=\"https:\/\/anivet.lt\/elparduotuve\/wp-content\/uploads\/2026\/04\/VetExpert-4T-Vet.-Diet-Intestinal-Elimination-Low-Fat-konservai-sunims-jautriam-virskinimui.jpg\" \/>\n\t<meta property=\"og:image:width\" content=\"500\" \/>\n\t<meta property=\"og:image:height\" content=\"500\" \/>\n\t<meta property=\"og:image:type\" content=\"image\/jpeg\" \/>\n<meta name=\"twitter:card\" content=\"summary_large_image\" \/>\n<meta name=\"twitter:label1\" content=\"Est. reading time\" \/>\n\t<meta name=\"twitter:data1\" content=\"1 minut\u0117\" \/>\n<script type=\"application\/ld+json\" class=\"yoast-schema-graph\">{\"@context\":\"https:\\\/\\\/schema.org\",\"@graph\":[{\"@type\":\"WebPage\",\"@id\":\"https:\\\/\\\/anivet.lt\\\/elparduotuve\\\/produktas\\\/vetexpert-4t-vet-diet-intestinal-elimination-low-fat-konservai-sunims-jautriam-virskinimui\\\/\",\"url\":\"https:\\\/\\\/anivet.lt\\\/elparduotuve\\\/produktas\\\/vetexpert-4t-vet-diet-intestinal-elimination-low-fat-konservai-sunims-jautriam-virskinimui\\\/\",\"name\":\"VetExpert 4T Vet. Diet Intestinal Elimination Low Fat konservai \u0161unims jautriam vir\u0161kinimui - anivet.lt\",\"isPartOf\":{\"@id\":\"https:\\\/\\\/anivet.lt\\\/elparduotuve\\\/#website\"},\"primaryImageOfPage\":{\"@id\":\"https:\\\/\\\/anivet.lt\\\/elparduotuve\\\/produktas\\\/vetexpert-4t-vet-diet-intestinal-elimination-low-fat-konservai-sunims-jautriam-virskinimui\\\/#primaryimage\"},\"image\":{\"@id\":\"https:\\\/\\\/anivet.lt\\\/elparduotuve\\\/produktas\\\/vetexpert-4t-vet-diet-intestinal-elimination-low-fat-konservai-sunims-jautriam-virskinimui\\\/#primaryimage\"},\"thumbnailUrl\":\"https:\\\/\\\/anivet.lt\\\/elparduotuve\\\/wp-content\\\/uploads\\\/2026\\\/04\\\/VetExpert-4T-Vet.-Diet-Intestinal-Elimination-Low-Fat-konservai-sunims-jautriam-virskinimui.jpg\",\"datePublished\":\"2026-04-01T14:40:18+00:00\",\"dateModified\":\"2026-04-02T15:11:33+00:00\",\"description\":\"Pilnavertis dietinis maistas suaugusiems \u0161unims, skirtas ma\u017einti vir\u0161kinimo sutrikimus, gerinti maistini\u0173 med\u017eiag\u0173 \u012fsisavinim\u0105 ir palaikyti organizm\u0105 sergant l\u0117tiniu kasos nepakankamumu.\",\"breadcrumb\":{\"@id\":\"https:\\\/\\\/anivet.lt\\\/elparduotuve\\\/produktas\\\/vetexpert-4t-vet-diet-intestinal-elimination-low-fat-konservai-sunims-jautriam-virskinimui\\\/#breadcrumb\"},\"inLanguage\":\"lt-LT\",\"potentialAction\":[{\"@type\":\"ReadAction\",\"target\":[\"https:\\\/\\\/anivet.lt\\\/elparduotuve\\\/produktas\\\/vetexpert-4t-vet-diet-intestinal-elimination-low-fat-konservai-sunims-jautriam-virskinimui\\\/\"]}]},{\"@type\":\"ImageObject\",\"inLanguage\":\"lt-LT\",\"@id\":\"https:\\\/\\\/anivet.lt\\\/elparduotuve\\\/produktas\\\/vetexpert-4t-vet-diet-intestinal-elimination-low-fat-konservai-sunims-jautriam-virskinimui\\\/#primaryimage\",\"url\":\"https:\\\/\\\/anivet.lt\\\/elparduotuve\\\/wp-content\\\/uploads\\\/2026\\\/04\\\/VetExpert-4T-Vet.-Diet-Intestinal-Elimination-Low-Fat-konservai-sunims-jautriam-virskinimui.jpg\",\"contentUrl\":\"https:\\\/\\\/anivet.lt\\\/elparduotuve\\\/wp-content\\\/uploads\\\/2026\\\/04\\\/VetExpert-4T-Vet.-Diet-Intestinal-Elimination-Low-Fat-konservai-sunims-jautriam-virskinimui.jpg\",\"width\":500,\"height\":500,\"caption\":\"VetExpert 4T Vet. Diet Intestinal Elimination Low Fat konservai \u0161unims jautriam vir\u0161kinimui\"},{\"@type\":\"BreadcrumbList\",\"@id\":\"https:\\\/\\\/anivet.lt\\\/elparduotuve\\\/produktas\\\/vetexpert-4t-vet-diet-intestinal-elimination-low-fat-konservai-sunims-jautriam-virskinimui\\\/#breadcrumb\",\"itemListElement\":[{\"@type\":\"ListItem\",\"position\":1,\"name\":\"Home\",\"item\":\"https:\\\/\\\/anivet.lt\\\/elparduotuve\\\/\"},{\"@type\":\"ListItem\",\"position\":2,\"name\":\"Produktai\",\"item\":\"https:\\\/\\\/anivet.lt\\\/elparduotuve\\\/produktai\\\/\"},{\"@type\":\"ListItem\",\"position\":3,\"name\":\"VetExpert 4T Vet. Diet Intestinal Elimination Low Fat konservai \u0161unims jautriam vir\u0161kinimui\"}]},{\"@type\":\"WebSite\",\"@id\":\"https:\\\/\\\/anivet.lt\\\/elparduotuve\\\/#website\",\"url\":\"https:\\\/\\\/anivet.lt\\\/elparduotuve\\\/\",\"name\":\"anivet.lt\",\"description\":\"Viskas J\u016bs\u0173 \u0161uns, kat\u0117s prie\u017ei\u016brai\",\"publisher\":{\"@id\":\"https:\\\/\\\/anivet.lt\\\/elparduotuve\\\/#organization\"},\"alternateName\":\"Viskas J\u016bs\u0173 \u0161uns, kat\u0117s prie\u017ei\u016brai\",\"potentialAction\":[{\"@type\":\"SearchAction\",\"target\":{\"@type\":\"EntryPoint\",\"urlTemplate\":\"https:\\\/\\\/anivet.lt\\\/elparduotuve\\\/?s={search_term_string}\"},\"query-input\":{\"@type\":\"PropertyValueSpecification\",\"valueRequired\":true,\"valueName\":\"search_term_string\"}}],\"inLanguage\":\"lt-LT\"},{\"@type\":\"Organization\",\"@id\":\"https:\\\/\\\/anivet.lt\\\/elparduotuve\\\/#organization\",\"name\":\"Viskas J\u016bs\u0173 \u0161uns, kat\u0117s prie\u017ei\u016brai\",\"url\":\"https:\\\/\\\/anivet.lt\\\/elparduotuve\\\/\",\"logo\":{\"@type\":\"ImageObject\",\"inLanguage\":\"lt-LT\",\"@id\":\"https:\\\/\\\/anivet.lt\\\/elparduotuve\\\/#\\\/schema\\\/logo\\\/image\\\/\",\"url\":\"https:\\\/\\\/anivet.lt\\\/elparduotuve\\\/wp-content\\\/uploads\\\/2023\\\/06\\\/logo2.jpg\",\"contentUrl\":\"https:\\\/\\\/anivet.lt\\\/elparduotuve\\\/wp-content\\\/uploads\\\/2023\\\/06\\\/logo2.jpg\",\"width\":655,\"height\":194,\"caption\":\"Viskas J\u016bs\u0173 \u0161uns, kat\u0117s prie\u017ei\u016brai\"},\"image\":{\"@id\":\"https:\\\/\\\/anivet.lt\\\/elparduotuve\\\/#\\\/schema\\\/logo\\\/image\\\/\"}}]}<\/script>\n<!-- \/ Yoast SEO Premium plugin. -->","yoast_head_json":{"title":"VetExpert 4T Vet. Diet Intestinal Elimination Low Fat konservai \u0161unims jautriam vir\u0161kinimui - anivet.lt","description":"Pilnavertis dietinis maistas suaugusiems \u0161unims, skirtas ma\u017einti vir\u0161kinimo sutrikimus, gerinti maistini\u0173 med\u017eiag\u0173 \u012fsisavinim\u0105 ir palaikyti organizm\u0105 sergant l\u0117tiniu kasos nepakankamumu.","robots":{"index":"index","follow":"follow","max-snippet":"max-snippet:-1","max-image-preview":"max-image-preview:large","max-video-preview":"max-video-preview:-1"},"canonical":"https:\/\/anivet.lt\/elparduotuve\/produktas\/vetexpert-4t-vet-diet-intestinal-elimination-low-fat-konservai-sunims-jautriam-virskinimui\/","og_locale":"lt_LT","og_type":"article","og_title":"VetExpert 4T Vet. Diet Intestinal Elimination Low Fat konservai \u0161unims jautriam vir\u0161kinimui","og_description":"Pilnavertis dietinis maistas suaugusiems \u0161unims, skirtas ma\u017einti vir\u0161kinimo sutrikimus, gerinti maistini\u0173 med\u017eiag\u0173 \u012fsisavinim\u0105 ir palaikyti organizm\u0105 sergant l\u0117tiniu kasos nepakankamumu.","og_url":"https:\/\/anivet.lt\/elparduotuve\/produktas\/vetexpert-4t-vet-diet-intestinal-elimination-low-fat-konservai-sunims-jautriam-virskinimui\/","og_site_name":"anivet.lt","article_modified_time":"2026-04-02T15:11:33+00:00","og_image":[{"width":500,"height":500,"url":"https:\/\/anivet.lt\/elparduotuve\/wp-content\/uploads\/2026\/04\/VetExpert-4T-Vet.-Diet-Intestinal-Elimination-Low-Fat-konservai-sunims-jautriam-virskinimui.jpg","type":"image\/jpeg"}],"twitter_card":"summary_large_image","twitter_misc":{"Est. reading time":"1 minut\u0117"},"schema":{"@context":"https:\/\/schema.org","@graph":[{"@type":"WebPage","@id":"https:\/\/anivet.lt\/elparduotuve\/produktas\/vetexpert-4t-vet-diet-intestinal-elimination-low-fat-konservai-sunims-jautriam-virskinimui\/","url":"https:\/\/anivet.lt\/elparduotuve\/produktas\/vetexpert-4t-vet-diet-intestinal-elimination-low-fat-konservai-sunims-jautriam-virskinimui\/","name":"VetExpert 4T Vet. Diet Intestinal Elimination Low Fat konservai \u0161unims jautriam vir\u0161kinimui - anivet.lt","isPartOf":{"@id":"https:\/\/anivet.lt\/elparduotuve\/#website"},"primaryImageOfPage":{"@id":"https:\/\/anivet.lt\/elparduotuve\/produktas\/vetexpert-4t-vet-diet-intestinal-elimination-low-fat-konservai-sunims-jautriam-virskinimui\/#primaryimage"},"image":{"@id":"https:\/\/anivet.lt\/elparduotuve\/produktas\/vetexpert-4t-vet-diet-intestinal-elimination-low-fat-konservai-sunims-jautriam-virskinimui\/#primaryimage"},"thumbnailUrl":"https:\/\/anivet.lt\/elparduotuve\/wp-content\/uploads\/2026\/04\/VetExpert-4T-Vet.-Diet-Intestinal-Elimination-Low-Fat-konservai-sunims-jautriam-virskinimui.jpg","datePublished":"2026-04-01T14:40:18+00:00","dateModified":"2026-04-02T15:11:33+00:00","description":"Pilnavertis dietinis maistas suaugusiems \u0161unims, skirtas ma\u017einti vir\u0161kinimo sutrikimus, gerinti maistini\u0173 med\u017eiag\u0173 \u012fsisavinim\u0105 ir palaikyti organizm\u0105 sergant l\u0117tiniu kasos nepakankamumu.","breadcrumb":{"@id":"https:\/\/anivet.lt\/elparduotuve\/produktas\/vetexpert-4t-vet-diet-intestinal-elimination-low-fat-konservai-sunims-jautriam-virskinimui\/#breadcrumb"},"inLanguage":"lt-LT","potentialAction":[{"@type":"ReadAction","target":["https:\/\/anivet.lt\/elparduotuve\/produktas\/vetexpert-4t-vet-diet-intestinal-elimination-low-fat-konservai-sunims-jautriam-virskinimui\/"]}]},{"@type":"ImageObject","inLanguage":"lt-LT","@id":"https:\/\/anivet.lt\/elparduotuve\/produktas\/vetexpert-4t-vet-diet-intestinal-elimination-low-fat-konservai-sunims-jautriam-virskinimui\/#primaryimage","url":"https:\/\/anivet.lt\/elparduotuve\/wp-content\/uploads\/2026\/04\/VetExpert-4T-Vet.-Diet-Intestinal-Elimination-Low-Fat-konservai-sunims-jautriam-virskinimui.jpg","contentUrl":"https:\/\/anivet.lt\/elparduotuve\/wp-content\/uploads\/2026\/04\/VetExpert-4T-Vet.-Diet-Intestinal-Elimination-Low-Fat-konservai-sunims-jautriam-virskinimui.jpg","width":500,"height":500,"caption":"VetExpert 4T Vet. Diet Intestinal Elimination Low Fat konservai \u0161unims jautriam vir\u0161kinimui"},{"@type":"BreadcrumbList","@id":"https:\/\/anivet.lt\/elparduotuve\/produktas\/vetexpert-4t-vet-diet-intestinal-elimination-low-fat-konservai-sunims-jautriam-virskinimui\/#breadcrumb","itemListElement":[{"@type":"ListItem","position":1,"name":"Home","item":"https:\/\/anivet.lt\/elparduotuve\/"},{"@type":"ListItem","position":2,"name":"Produktai","item":"https:\/\/anivet.lt\/elparduotuve\/produktai\/"},{"@type":"ListItem","position":3,"name":"VetExpert 4T Vet. Diet Intestinal Elimination Low Fat konservai \u0161unims jautriam vir\u0161kinimui"}]},{"@type":"WebSite","@id":"https:\/\/anivet.lt\/elparduotuve\/#website","url":"https:\/\/anivet.lt\/elparduotuve\/","name":"anivet.lt","description":"Viskas J\u016bs\u0173 \u0161uns, kat\u0117s prie\u017ei\u016brai","publisher":{"@id":"https:\/\/anivet.lt\/elparduotuve\/#organization"},"alternateName":"Viskas J\u016bs\u0173 \u0161uns, kat\u0117s prie\u017ei\u016brai","potentialAction":[{"@type":"SearchAction","target":{"@type":"EntryPoint","urlTemplate":"https:\/\/anivet.lt\/elparduotuve\/?s={search_term_string}"},"query-input":{"@type":"PropertyValueSpecification","valueRequired":true,"valueName":"search_term_string"}}],"inLanguage":"lt-LT"},{"@type":"Organization","@id":"https:\/\/anivet.lt\/elparduotuve\/#organization","name":"Viskas J\u016bs\u0173 \u0161uns, kat\u0117s prie\u017ei\u016brai","url":"https:\/\/anivet.lt\/elparduotuve\/","logo":{"@type":"ImageObject","inLanguage":"lt-LT","@id":"https:\/\/anivet.lt\/elparduotuve\/#\/schema\/logo\/image\/","url":"https:\/\/anivet.lt\/elparduotuve\/wp-content\/uploads\/2023\/06\/logo2.jpg","contentUrl":"https:\/\/anivet.lt\/elparduotuve\/wp-content\/uploads\/2023\/06\/logo2.jpg","width":655,"height":194,"caption":"Viskas J\u016bs\u0173 \u0161uns, kat\u0117s prie\u017ei\u016brai"},"image":{"@id":"https:\/\/anivet.lt\/elparduotuve\/#\/schema\/logo\/image\/"}}]}},"_links":{"self":[{"href":"https:\/\/anivet.lt\/elparduotuve\/wp-json\/wp\/v2\/product\/21003","targetHints":{"allow":["GET"]}}],"collection":[{"href":"https:\/\/anivet.lt\/elparduotuve\/wp-json\/wp\/v2\/product"}],"about":[{"href":"https:\/\/anivet.lt\/elparduotuve\/wp-json\/wp\/v2\/types\/product"}],"wp:featuredmedia":[{"embeddable":true,"href":"https:\/\/anivet.lt\/elparduotuve\/wp-json\/wp\/v2\/media\/21004"}],"wp:attachment":[{"href":"https:\/\/anivet.lt\/elparduotuve\/wp-json\/wp\/v2\/media?parent=21003"}],"wp:term":[{"taxonomy":"product_brand","embeddable":true,"href":"https:\/\/anivet.lt\/elparduotuve\/wp-json\/wp\/v2\/product_brand?post=21003"},{"taxonomy":"product_cat","embeddable":true,"href":"https:\/\/anivet.lt\/elparduotuve\/wp-json\/wp\/v2\/product_cat?post=21003"},{"taxonomy":"product_tag","embeddable":true,"href":"https:\/\/anivet.lt\/elparduotuve\/wp-json\/wp\/v2\/product_tag?post=21003"}],"curies":[{"name":"wp","href":"https:\/\/api.w.org\/{rel}","templated":true}]}}