{"id":21011,"date":"2026-04-01T14:55:24","date_gmt":"2026-04-01T14:55:24","guid":{"rendered":"https:\/\/anivet.lt\/elparduotuve\/?post_type=product&#038;p=21011"},"modified":"2026-04-01T14:55:28","modified_gmt":"2026-04-01T14:55:28","slug":"vetexpert-4t-vet-diet-intestinal-functional-soup-pouch-sultinys-katems-jautriam-virskinimui-40g","status":"publish","type":"product","link":"https:\/\/anivet.lt\/elparduotuve\/produktas\/vetexpert-4t-vet-diet-intestinal-functional-soup-pouch-sultinys-katems-jautriam-virskinimui-40g\/","title":{"rendered":"VetExpert 4T Vet. Diet Intestinal Functional Soup pouch sultinys kat\u0117ms jautriam vir\u0161kinimui 40g"},"content":{"rendered":"<ul>\n<li>Lengvos sriubos konsistencijos produktas su \u0161velniais vi\u0161tienos fil\u0117 gabal\u0117liais skatina didesn\u012f skys\u010di\u0173 suvartojim\u0105 ir kartu apr\u016bpina organizm\u0105 svarbiomis maistin\u0117mis med\u017eiagomis.<\/li>\n<li>\u0160i funkcionali sriuba kat\u0117ms padeda palaikyti vir\u0161kinimo sistemos sveikat\u0105, ypa\u010d jautresn\u0117ms ar vir\u0161kinimo problem\u0173 turin\u010dioms kat\u0117ms.<\/li>\n<li>MOS ir FOS prebiotikai \u2013 padeda subalansuoti \u017earnyno mikroflor\u0105, gerina vir\u0161kinim\u0105 ir stiprina nat\u016bral\u0173 imunitet\u0105.<\/li>\n<\/ul>\n","protected":false},"excerpt":{"rendered":"<p>\u201eFunctional Cat Soup Intestinal\u201c \u2013 papildomas maistas suaugusioms kat\u0117ms, sukurtas pad\u0117ti esant vir\u0161kinimo sutrikimams.<\/p>\n","protected":false},"featured_media":21012,"template":"","meta":[],"product_brand":[],"product_cat":[114,102,118,329,563],"product_tag":[],"class_list":{"0":"post-21011","1":"product","2":"type-product","3":"status-publish","4":"has-post-thumbnail","6":"product_cat-kaciu-maistas","7":"product_cat-katems","8":"product_cat-veterinarinis-maistas-katems","9":"product_cat-pagal-prekes-zenklus-2","10":"product_cat-vet-expert-kaciu-maistas","11":"pa_prekinis-zenklas-vetexpert","13":"first","14":"outofstock","15":"taxable","16":"shipping-taxable","17":"purchasable","18":"product-type-simple"},"yoast_head":"<!-- This site is optimized with the Yoast SEO Premium plugin v27.1 (Yoast SEO v27.3) - https:\/\/yoast.com\/product\/yoast-seo-premium-wordpress\/ -->\n<title>VetExpert 4T Vet. Diet Intestinal Functional Soup pouch sultinys kat\u0117ms jautriam vir\u0161kinimui 40g - anivet.lt<\/title>\n<meta name=\"description\" content=\"\u201eFunctional Cat Soup Intestinal\u201c \u2013 papildomas maistas suaugusioms kat\u0117ms, sukurtas pad\u0117ti esant vir\u0161kinimo sutrikimams.\" \/>\n<meta name=\"robots\" content=\"index, follow, max-snippet:-1, max-image-preview:large, max-video-preview:-1\" \/>\n<link rel=\"canonical\" href=\"https:\/\/anivet.lt\/elparduotuve\/produktas\/vetexpert-4t-vet-diet-intestinal-functional-soup-pouch-sultinys-katems-jautriam-virskinimui-40g\/\" \/>\n<meta property=\"og:locale\" content=\"lt_LT\" \/>\n<meta property=\"og:type\" content=\"article\" \/>\n<meta property=\"og:title\" content=\"VetExpert 4T Vet. Diet Intestinal Functional Soup pouch sultinys kat\u0117ms jautriam vir\u0161kinimui 40g\" \/>\n<meta property=\"og:description\" content=\"\u201eFunctional Cat Soup Intestinal\u201c \u2013 papildomas maistas suaugusioms kat\u0117ms, sukurtas pad\u0117ti esant vir\u0161kinimo sutrikimams.\" \/>\n<meta property=\"og:url\" content=\"https:\/\/anivet.lt\/elparduotuve\/produktas\/vetexpert-4t-vet-diet-intestinal-functional-soup-pouch-sultinys-katems-jautriam-virskinimui-40g\/\" \/>\n<meta property=\"og:site_name\" content=\"anivet.lt\" \/>\n<meta property=\"article:modified_time\" content=\"2026-04-01T14:55:28+00:00\" \/>\n<meta property=\"og:image\" content=\"https:\/\/anivet.lt\/elparduotuve\/wp-content\/uploads\/2026\/04\/VetExpert-4T-Vet.-Diet-Intestinal-Functional-Soup-pouch-sultinys-katems-jautriam-virskinimui-40g.jpg\" \/>\n\t<meta property=\"og:image:width\" content=\"500\" \/>\n\t<meta property=\"og:image:height\" content=\"500\" \/>\n\t<meta property=\"og:image:type\" content=\"image\/jpeg\" \/>\n<meta name=\"twitter:card\" content=\"summary_large_image\" \/>\n<meta name=\"twitter:label1\" content=\"Est. reading time\" \/>\n\t<meta name=\"twitter:data1\" content=\"1 minut\u0117\" \/>\n<script type=\"application\/ld+json\" class=\"yoast-schema-graph\">{\"@context\":\"https:\\\/\\\/schema.org\",\"@graph\":[{\"@type\":\"WebPage\",\"@id\":\"https:\\\/\\\/anivet.lt\\\/elparduotuve\\\/produktas\\\/vetexpert-4t-vet-diet-intestinal-functional-soup-pouch-sultinys-katems-jautriam-virskinimui-40g\\\/\",\"url\":\"https:\\\/\\\/anivet.lt\\\/elparduotuve\\\/produktas\\\/vetexpert-4t-vet-diet-intestinal-functional-soup-pouch-sultinys-katems-jautriam-virskinimui-40g\\\/\",\"name\":\"VetExpert 4T Vet. Diet Intestinal Functional Soup pouch sultinys kat\u0117ms jautriam vir\u0161kinimui 40g - anivet.lt\",\"isPartOf\":{\"@id\":\"https:\\\/\\\/anivet.lt\\\/elparduotuve\\\/#website\"},\"primaryImageOfPage\":{\"@id\":\"https:\\\/\\\/anivet.lt\\\/elparduotuve\\\/produktas\\\/vetexpert-4t-vet-diet-intestinal-functional-soup-pouch-sultinys-katems-jautriam-virskinimui-40g\\\/#primaryimage\"},\"image\":{\"@id\":\"https:\\\/\\\/anivet.lt\\\/elparduotuve\\\/produktas\\\/vetexpert-4t-vet-diet-intestinal-functional-soup-pouch-sultinys-katems-jautriam-virskinimui-40g\\\/#primaryimage\"},\"thumbnailUrl\":\"https:\\\/\\\/anivet.lt\\\/elparduotuve\\\/wp-content\\\/uploads\\\/2026\\\/04\\\/VetExpert-4T-Vet.-Diet-Intestinal-Functional-Soup-pouch-sultinys-katems-jautriam-virskinimui-40g.jpg\",\"datePublished\":\"2026-04-01T14:55:24+00:00\",\"dateModified\":\"2026-04-01T14:55:28+00:00\",\"description\":\"\u201eFunctional Cat Soup Intestinal\u201c \u2013 papildomas maistas suaugusioms kat\u0117ms, sukurtas pad\u0117ti esant vir\u0161kinimo sutrikimams.\",\"breadcrumb\":{\"@id\":\"https:\\\/\\\/anivet.lt\\\/elparduotuve\\\/produktas\\\/vetexpert-4t-vet-diet-intestinal-functional-soup-pouch-sultinys-katems-jautriam-virskinimui-40g\\\/#breadcrumb\"},\"inLanguage\":\"lt-LT\",\"potentialAction\":[{\"@type\":\"ReadAction\",\"target\":[\"https:\\\/\\\/anivet.lt\\\/elparduotuve\\\/produktas\\\/vetexpert-4t-vet-diet-intestinal-functional-soup-pouch-sultinys-katems-jautriam-virskinimui-40g\\\/\"]}]},{\"@type\":\"ImageObject\",\"inLanguage\":\"lt-LT\",\"@id\":\"https:\\\/\\\/anivet.lt\\\/elparduotuve\\\/produktas\\\/vetexpert-4t-vet-diet-intestinal-functional-soup-pouch-sultinys-katems-jautriam-virskinimui-40g\\\/#primaryimage\",\"url\":\"https:\\\/\\\/anivet.lt\\\/elparduotuve\\\/wp-content\\\/uploads\\\/2026\\\/04\\\/VetExpert-4T-Vet.-Diet-Intestinal-Functional-Soup-pouch-sultinys-katems-jautriam-virskinimui-40g.jpg\",\"contentUrl\":\"https:\\\/\\\/anivet.lt\\\/elparduotuve\\\/wp-content\\\/uploads\\\/2026\\\/04\\\/VetExpert-4T-Vet.-Diet-Intestinal-Functional-Soup-pouch-sultinys-katems-jautriam-virskinimui-40g.jpg\",\"width\":500,\"height\":500},{\"@type\":\"BreadcrumbList\",\"@id\":\"https:\\\/\\\/anivet.lt\\\/elparduotuve\\\/produktas\\\/vetexpert-4t-vet-diet-intestinal-functional-soup-pouch-sultinys-katems-jautriam-virskinimui-40g\\\/#breadcrumb\",\"itemListElement\":[{\"@type\":\"ListItem\",\"position\":1,\"name\":\"Home\",\"item\":\"https:\\\/\\\/anivet.lt\\\/elparduotuve\\\/\"},{\"@type\":\"ListItem\",\"position\":2,\"name\":\"Produktai\",\"item\":\"https:\\\/\\\/anivet.lt\\\/elparduotuve\\\/produktai\\\/\"},{\"@type\":\"ListItem\",\"position\":3,\"name\":\"VetExpert 4T Vet. Diet Intestinal Functional Soup pouch sultinys kat\u0117ms jautriam vir\u0161kinimui 40g\"}]},{\"@type\":\"WebSite\",\"@id\":\"https:\\\/\\\/anivet.lt\\\/elparduotuve\\\/#website\",\"url\":\"https:\\\/\\\/anivet.lt\\\/elparduotuve\\\/\",\"name\":\"anivet.lt\",\"description\":\"Viskas J\u016bs\u0173 \u0161uns, kat\u0117s prie\u017ei\u016brai\",\"publisher\":{\"@id\":\"https:\\\/\\\/anivet.lt\\\/elparduotuve\\\/#organization\"},\"alternateName\":\"Viskas J\u016bs\u0173 \u0161uns, kat\u0117s prie\u017ei\u016brai\",\"potentialAction\":[{\"@type\":\"SearchAction\",\"target\":{\"@type\":\"EntryPoint\",\"urlTemplate\":\"https:\\\/\\\/anivet.lt\\\/elparduotuve\\\/?s={search_term_string}\"},\"query-input\":{\"@type\":\"PropertyValueSpecification\",\"valueRequired\":true,\"valueName\":\"search_term_string\"}}],\"inLanguage\":\"lt-LT\"},{\"@type\":\"Organization\",\"@id\":\"https:\\\/\\\/anivet.lt\\\/elparduotuve\\\/#organization\",\"name\":\"Viskas J\u016bs\u0173 \u0161uns, kat\u0117s prie\u017ei\u016brai\",\"url\":\"https:\\\/\\\/anivet.lt\\\/elparduotuve\\\/\",\"logo\":{\"@type\":\"ImageObject\",\"inLanguage\":\"lt-LT\",\"@id\":\"https:\\\/\\\/anivet.lt\\\/elparduotuve\\\/#\\\/schema\\\/logo\\\/image\\\/\",\"url\":\"https:\\\/\\\/anivet.lt\\\/elparduotuve\\\/wp-content\\\/uploads\\\/2023\\\/06\\\/logo2.jpg\",\"contentUrl\":\"https:\\\/\\\/anivet.lt\\\/elparduotuve\\\/wp-content\\\/uploads\\\/2023\\\/06\\\/logo2.jpg\",\"width\":655,\"height\":194,\"caption\":\"Viskas J\u016bs\u0173 \u0161uns, kat\u0117s prie\u017ei\u016brai\"},\"image\":{\"@id\":\"https:\\\/\\\/anivet.lt\\\/elparduotuve\\\/#\\\/schema\\\/logo\\\/image\\\/\"}}]}<\/script>\n<!-- \/ Yoast SEO Premium plugin. -->","yoast_head_json":{"title":"VetExpert 4T Vet. Diet Intestinal Functional Soup pouch sultinys kat\u0117ms jautriam vir\u0161kinimui 40g - anivet.lt","description":"\u201eFunctional Cat Soup Intestinal\u201c \u2013 papildomas maistas suaugusioms kat\u0117ms, sukurtas pad\u0117ti esant vir\u0161kinimo sutrikimams.","robots":{"index":"index","follow":"follow","max-snippet":"max-snippet:-1","max-image-preview":"max-image-preview:large","max-video-preview":"max-video-preview:-1"},"canonical":"https:\/\/anivet.lt\/elparduotuve\/produktas\/vetexpert-4t-vet-diet-intestinal-functional-soup-pouch-sultinys-katems-jautriam-virskinimui-40g\/","og_locale":"lt_LT","og_type":"article","og_title":"VetExpert 4T Vet. Diet Intestinal Functional Soup pouch sultinys kat\u0117ms jautriam vir\u0161kinimui 40g","og_description":"\u201eFunctional Cat Soup Intestinal\u201c \u2013 papildomas maistas suaugusioms kat\u0117ms, sukurtas pad\u0117ti esant vir\u0161kinimo sutrikimams.","og_url":"https:\/\/anivet.lt\/elparduotuve\/produktas\/vetexpert-4t-vet-diet-intestinal-functional-soup-pouch-sultinys-katems-jautriam-virskinimui-40g\/","og_site_name":"anivet.lt","article_modified_time":"2026-04-01T14:55:28+00:00","og_image":[{"width":500,"height":500,"url":"https:\/\/anivet.lt\/elparduotuve\/wp-content\/uploads\/2026\/04\/VetExpert-4T-Vet.-Diet-Intestinal-Functional-Soup-pouch-sultinys-katems-jautriam-virskinimui-40g.jpg","type":"image\/jpeg"}],"twitter_card":"summary_large_image","twitter_misc":{"Est. reading time":"1 minut\u0117"},"schema":{"@context":"https:\/\/schema.org","@graph":[{"@type":"WebPage","@id":"https:\/\/anivet.lt\/elparduotuve\/produktas\/vetexpert-4t-vet-diet-intestinal-functional-soup-pouch-sultinys-katems-jautriam-virskinimui-40g\/","url":"https:\/\/anivet.lt\/elparduotuve\/produktas\/vetexpert-4t-vet-diet-intestinal-functional-soup-pouch-sultinys-katems-jautriam-virskinimui-40g\/","name":"VetExpert 4T Vet. Diet Intestinal Functional Soup pouch sultinys kat\u0117ms jautriam vir\u0161kinimui 40g - anivet.lt","isPartOf":{"@id":"https:\/\/anivet.lt\/elparduotuve\/#website"},"primaryImageOfPage":{"@id":"https:\/\/anivet.lt\/elparduotuve\/produktas\/vetexpert-4t-vet-diet-intestinal-functional-soup-pouch-sultinys-katems-jautriam-virskinimui-40g\/#primaryimage"},"image":{"@id":"https:\/\/anivet.lt\/elparduotuve\/produktas\/vetexpert-4t-vet-diet-intestinal-functional-soup-pouch-sultinys-katems-jautriam-virskinimui-40g\/#primaryimage"},"thumbnailUrl":"https:\/\/anivet.lt\/elparduotuve\/wp-content\/uploads\/2026\/04\/VetExpert-4T-Vet.-Diet-Intestinal-Functional-Soup-pouch-sultinys-katems-jautriam-virskinimui-40g.jpg","datePublished":"2026-04-01T14:55:24+00:00","dateModified":"2026-04-01T14:55:28+00:00","description":"\u201eFunctional Cat Soup Intestinal\u201c \u2013 papildomas maistas suaugusioms kat\u0117ms, sukurtas pad\u0117ti esant vir\u0161kinimo sutrikimams.","breadcrumb":{"@id":"https:\/\/anivet.lt\/elparduotuve\/produktas\/vetexpert-4t-vet-diet-intestinal-functional-soup-pouch-sultinys-katems-jautriam-virskinimui-40g\/#breadcrumb"},"inLanguage":"lt-LT","potentialAction":[{"@type":"ReadAction","target":["https:\/\/anivet.lt\/elparduotuve\/produktas\/vetexpert-4t-vet-diet-intestinal-functional-soup-pouch-sultinys-katems-jautriam-virskinimui-40g\/"]}]},{"@type":"ImageObject","inLanguage":"lt-LT","@id":"https:\/\/anivet.lt\/elparduotuve\/produktas\/vetexpert-4t-vet-diet-intestinal-functional-soup-pouch-sultinys-katems-jautriam-virskinimui-40g\/#primaryimage","url":"https:\/\/anivet.lt\/elparduotuve\/wp-content\/uploads\/2026\/04\/VetExpert-4T-Vet.-Diet-Intestinal-Functional-Soup-pouch-sultinys-katems-jautriam-virskinimui-40g.jpg","contentUrl":"https:\/\/anivet.lt\/elparduotuve\/wp-content\/uploads\/2026\/04\/VetExpert-4T-Vet.-Diet-Intestinal-Functional-Soup-pouch-sultinys-katems-jautriam-virskinimui-40g.jpg","width":500,"height":500},{"@type":"BreadcrumbList","@id":"https:\/\/anivet.lt\/elparduotuve\/produktas\/vetexpert-4t-vet-diet-intestinal-functional-soup-pouch-sultinys-katems-jautriam-virskinimui-40g\/#breadcrumb","itemListElement":[{"@type":"ListItem","position":1,"name":"Home","item":"https:\/\/anivet.lt\/elparduotuve\/"},{"@type":"ListItem","position":2,"name":"Produktai","item":"https:\/\/anivet.lt\/elparduotuve\/produktai\/"},{"@type":"ListItem","position":3,"name":"VetExpert 4T Vet. Diet Intestinal Functional Soup pouch sultinys kat\u0117ms jautriam vir\u0161kinimui 40g"}]},{"@type":"WebSite","@id":"https:\/\/anivet.lt\/elparduotuve\/#website","url":"https:\/\/anivet.lt\/elparduotuve\/","name":"anivet.lt","description":"Viskas J\u016bs\u0173 \u0161uns, kat\u0117s prie\u017ei\u016brai","publisher":{"@id":"https:\/\/anivet.lt\/elparduotuve\/#organization"},"alternateName":"Viskas J\u016bs\u0173 \u0161uns, kat\u0117s prie\u017ei\u016brai","potentialAction":[{"@type":"SearchAction","target":{"@type":"EntryPoint","urlTemplate":"https:\/\/anivet.lt\/elparduotuve\/?s={search_term_string}"},"query-input":{"@type":"PropertyValueSpecification","valueRequired":true,"valueName":"search_term_string"}}],"inLanguage":"lt-LT"},{"@type":"Organization","@id":"https:\/\/anivet.lt\/elparduotuve\/#organization","name":"Viskas J\u016bs\u0173 \u0161uns, kat\u0117s prie\u017ei\u016brai","url":"https:\/\/anivet.lt\/elparduotuve\/","logo":{"@type":"ImageObject","inLanguage":"lt-LT","@id":"https:\/\/anivet.lt\/elparduotuve\/#\/schema\/logo\/image\/","url":"https:\/\/anivet.lt\/elparduotuve\/wp-content\/uploads\/2023\/06\/logo2.jpg","contentUrl":"https:\/\/anivet.lt\/elparduotuve\/wp-content\/uploads\/2023\/06\/logo2.jpg","width":655,"height":194,"caption":"Viskas J\u016bs\u0173 \u0161uns, kat\u0117s prie\u017ei\u016brai"},"image":{"@id":"https:\/\/anivet.lt\/elparduotuve\/#\/schema\/logo\/image\/"}}]}},"_links":{"self":[{"href":"https:\/\/anivet.lt\/elparduotuve\/wp-json\/wp\/v2\/product\/21011","targetHints":{"allow":["GET"]}}],"collection":[{"href":"https:\/\/anivet.lt\/elparduotuve\/wp-json\/wp\/v2\/product"}],"about":[{"href":"https:\/\/anivet.lt\/elparduotuve\/wp-json\/wp\/v2\/types\/product"}],"wp:featuredmedia":[{"embeddable":true,"href":"https:\/\/anivet.lt\/elparduotuve\/wp-json\/wp\/v2\/media\/21012"}],"wp:attachment":[{"href":"https:\/\/anivet.lt\/elparduotuve\/wp-json\/wp\/v2\/media?parent=21011"}],"wp:term":[{"taxonomy":"product_brand","embeddable":true,"href":"https:\/\/anivet.lt\/elparduotuve\/wp-json\/wp\/v2\/product_brand?post=21011"},{"taxonomy":"product_cat","embeddable":true,"href":"https:\/\/anivet.lt\/elparduotuve\/wp-json\/wp\/v2\/product_cat?post=21011"},{"taxonomy":"product_tag","embeddable":true,"href":"https:\/\/anivet.lt\/elparduotuve\/wp-json\/wp\/v2\/product_tag?post=21011"}],"curies":[{"name":"wp","href":"https:\/\/api.w.org\/{rel}","templated":true}]}}