{"id":21094,"date":"2026-04-15T13:49:54","date_gmt":"2026-04-15T13:49:54","guid":{"rendered":"https:\/\/anivet.lt\/elparduotuve\/?post_type=product&#038;p=21094"},"modified":"2026-04-15T13:49:55","modified_gmt":"2026-04-15T13:49:55","slug":"reavet-juros-dumbliu-milteliai-sunims-300g","status":"publish","type":"product","link":"https:\/\/anivet.lt\/elparduotuve\/produktas\/reavet-juros-dumbliu-milteliai-sunims-300g\/","title":{"rendered":"ReaVET j\u016bros dumbli\u0173 milteliai \u0161unims 300g"},"content":{"rendered":"<ul>\n<li>D\u0117l kruop\u0161taus apdorojimo ir auk\u0161t\u0173 kokyb\u0117s standart\u0173 milteliai i\u0161saugo visas vertingas savybes, be joki\u0173 dirbtini\u0173 da\u017eikli\u0173 ar pried\u0173.<\/li>\n<li>Nat\u016bralus jodas gali pad\u0117ti palaikyti normali\u0105 skydliauk\u0117s funkcij\u0105 ir prisid\u0117ti prie bendros augintinio savijautos.<\/li>\n<li>Reguliarus vartojimas gali pad\u0117ti gerinti med\u017eiag\u0173 apykait\u0105, o taip pat yra ypa\u010d naudingas kailio keitimosi laikotarpiu \u2013 padeda palaikyti tank\u0173, \u017evilgant\u012f kail\u012f bei nat\u016brali\u0105 spalv\u0105.<\/li>\n<li>Be to, j\u016bros dumbli\u0173 milteliai gali prisid\u0117ti prie geresn\u0117s vir\u0161kinimo sistemos veiklos ir pad\u0117ti palaikyti burnos higien\u0105, ma\u017einant apna\u0161\u0173 susidarym\u0105.<\/li>\n<\/ul>\n","protected":false},"excerpt":{"rendered":"<p>ReaVET j\u016bros dumbli\u0173 milteliai \u2013 nat\u016bralus papildas \u0161unims, puikiai tinkantis BARF mitybai. \u0160is produktas pagamintas i\u0161 100% nat\u016brali\u0173 j\u016bros dumbli\u0173, kurie yra gausus jodo, mineral\u0173, mikroelement\u0173 ir aminor\u016bg\u0161\u010di\u0173 \u0161altinis.<\/p>\n","protected":false},"featured_media":21095,"template":"","meta":[],"product_brand":[],"product_cat":[101,113],"product_tag":[],"class_list":{"0":"post-21094","1":"product","2":"type-product","3":"status-publish","4":"has-post-thumbnail","6":"product_cat-sunims","7":"product_cat-vitaminai-ir-papildai","8":"pa_prekinis-zenklas-reavet","10":"first","11":"instock","12":"taxable","13":"shipping-taxable","14":"purchasable","15":"product-type-simple"},"yoast_head":"<!-- This site is optimized with the Yoast SEO Premium plugin v27.1 (Yoast SEO v27.3) - https:\/\/yoast.com\/product\/yoast-seo-premium-wordpress\/ -->\n<title>ReaVET j\u016bros dumbli\u0173 milteliai \u0161unims 300g - anivet.lt<\/title>\n<meta name=\"description\" content=\"ReaVET j\u016bros dumbli\u0173 milteliai \u2013 nat\u016bralus papildas \u0161unims, puikiai tinkantis BARF mitybai. \u0160is produktas pagamintas i\u0161 100% nat\u016brali\u0173 j\u016bros dumbli\u0173, kurie yra gausus jodo, mineral\u0173, mikroelement\u0173 ir aminor\u016bg\u0161\u010di\u0173 \u0161altinis.\" \/>\n<meta name=\"robots\" content=\"index, follow, max-snippet:-1, max-image-preview:large, max-video-preview:-1\" \/>\n<link rel=\"canonical\" href=\"https:\/\/anivet.lt\/elparduotuve\/produktas\/reavet-juros-dumbliu-milteliai-sunims-300g\/\" \/>\n<meta property=\"og:locale\" content=\"lt_LT\" \/>\n<meta property=\"og:type\" content=\"article\" \/>\n<meta property=\"og:title\" content=\"ReaVET j\u016bros dumbli\u0173 milteliai \u0161unims 300g\" \/>\n<meta property=\"og:description\" content=\"ReaVET j\u016bros dumbli\u0173 milteliai \u2013 nat\u016bralus papildas \u0161unims, puikiai tinkantis BARF mitybai. \u0160is produktas pagamintas i\u0161 100% nat\u016brali\u0173 j\u016bros dumbli\u0173, kurie yra gausus jodo, mineral\u0173, mikroelement\u0173 ir aminor\u016bg\u0161\u010di\u0173 \u0161altinis.\" \/>\n<meta property=\"og:url\" content=\"https:\/\/anivet.lt\/elparduotuve\/produktas\/reavet-juros-dumbliu-milteliai-sunims-300g\/\" \/>\n<meta property=\"og:site_name\" content=\"anivet.lt\" \/>\n<meta property=\"article:modified_time\" content=\"2026-04-15T13:49:55+00:00\" \/>\n<meta property=\"og:image\" content=\"https:\/\/anivet.lt\/elparduotuve\/wp-content\/uploads\/2026\/04\/ReaVET-juros-dumbliu-milteliai-sunims-300g.jpg\" \/>\n\t<meta property=\"og:image:width\" content=\"500\" \/>\n\t<meta property=\"og:image:height\" content=\"500\" \/>\n\t<meta property=\"og:image:type\" content=\"image\/jpeg\" \/>\n<meta name=\"twitter:card\" content=\"summary_large_image\" \/>\n<meta name=\"twitter:label1\" content=\"Est. reading time\" \/>\n\t<meta name=\"twitter:data1\" content=\"1 minut\u0117\" \/>\n<script type=\"application\/ld+json\" class=\"yoast-schema-graph\">{\"@context\":\"https:\\\/\\\/schema.org\",\"@graph\":[{\"@type\":\"WebPage\",\"@id\":\"https:\\\/\\\/anivet.lt\\\/elparduotuve\\\/produktas\\\/reavet-juros-dumbliu-milteliai-sunims-300g\\\/\",\"url\":\"https:\\\/\\\/anivet.lt\\\/elparduotuve\\\/produktas\\\/reavet-juros-dumbliu-milteliai-sunims-300g\\\/\",\"name\":\"ReaVET j\u016bros dumbli\u0173 milteliai \u0161unims 300g - anivet.lt\",\"isPartOf\":{\"@id\":\"https:\\\/\\\/anivet.lt\\\/elparduotuve\\\/#website\"},\"primaryImageOfPage\":{\"@id\":\"https:\\\/\\\/anivet.lt\\\/elparduotuve\\\/produktas\\\/reavet-juros-dumbliu-milteliai-sunims-300g\\\/#primaryimage\"},\"image\":{\"@id\":\"https:\\\/\\\/anivet.lt\\\/elparduotuve\\\/produktas\\\/reavet-juros-dumbliu-milteliai-sunims-300g\\\/#primaryimage\"},\"thumbnailUrl\":\"https:\\\/\\\/anivet.lt\\\/elparduotuve\\\/wp-content\\\/uploads\\\/2026\\\/04\\\/ReaVET-juros-dumbliu-milteliai-sunims-300g.jpg\",\"datePublished\":\"2026-04-15T13:49:54+00:00\",\"dateModified\":\"2026-04-15T13:49:55+00:00\",\"description\":\"ReaVET j\u016bros dumbli\u0173 milteliai \u2013 nat\u016bralus papildas \u0161unims, puikiai tinkantis BARF mitybai. \u0160is produktas pagamintas i\u0161 100% nat\u016brali\u0173 j\u016bros dumbli\u0173, kurie yra gausus jodo, mineral\u0173, mikroelement\u0173 ir aminor\u016bg\u0161\u010di\u0173 \u0161altinis.\",\"breadcrumb\":{\"@id\":\"https:\\\/\\\/anivet.lt\\\/elparduotuve\\\/produktas\\\/reavet-juros-dumbliu-milteliai-sunims-300g\\\/#breadcrumb\"},\"inLanguage\":\"lt-LT\",\"potentialAction\":[{\"@type\":\"ReadAction\",\"target\":[\"https:\\\/\\\/anivet.lt\\\/elparduotuve\\\/produktas\\\/reavet-juros-dumbliu-milteliai-sunims-300g\\\/\"]}]},{\"@type\":\"ImageObject\",\"inLanguage\":\"lt-LT\",\"@id\":\"https:\\\/\\\/anivet.lt\\\/elparduotuve\\\/produktas\\\/reavet-juros-dumbliu-milteliai-sunims-300g\\\/#primaryimage\",\"url\":\"https:\\\/\\\/anivet.lt\\\/elparduotuve\\\/wp-content\\\/uploads\\\/2026\\\/04\\\/ReaVET-juros-dumbliu-milteliai-sunims-300g.jpg\",\"contentUrl\":\"https:\\\/\\\/anivet.lt\\\/elparduotuve\\\/wp-content\\\/uploads\\\/2026\\\/04\\\/ReaVET-juros-dumbliu-milteliai-sunims-300g.jpg\",\"width\":500,\"height\":500,\"caption\":\"ReaVET j\u016bros dumbli\u0173 milteliai \u0161unims 300g\"},{\"@type\":\"BreadcrumbList\",\"@id\":\"https:\\\/\\\/anivet.lt\\\/elparduotuve\\\/produktas\\\/reavet-juros-dumbliu-milteliai-sunims-300g\\\/#breadcrumb\",\"itemListElement\":[{\"@type\":\"ListItem\",\"position\":1,\"name\":\"Home\",\"item\":\"https:\\\/\\\/anivet.lt\\\/elparduotuve\\\/\"},{\"@type\":\"ListItem\",\"position\":2,\"name\":\"Produktai\",\"item\":\"https:\\\/\\\/anivet.lt\\\/elparduotuve\\\/produktai\\\/\"},{\"@type\":\"ListItem\",\"position\":3,\"name\":\"ReaVET j\u016bros dumbli\u0173 milteliai \u0161unims 300g\"}]},{\"@type\":\"WebSite\",\"@id\":\"https:\\\/\\\/anivet.lt\\\/elparduotuve\\\/#website\",\"url\":\"https:\\\/\\\/anivet.lt\\\/elparduotuve\\\/\",\"name\":\"anivet.lt\",\"description\":\"Viskas J\u016bs\u0173 \u0161uns, kat\u0117s prie\u017ei\u016brai\",\"publisher\":{\"@id\":\"https:\\\/\\\/anivet.lt\\\/elparduotuve\\\/#organization\"},\"alternateName\":\"Viskas J\u016bs\u0173 \u0161uns, kat\u0117s prie\u017ei\u016brai\",\"potentialAction\":[{\"@type\":\"SearchAction\",\"target\":{\"@type\":\"EntryPoint\",\"urlTemplate\":\"https:\\\/\\\/anivet.lt\\\/elparduotuve\\\/?s={search_term_string}\"},\"query-input\":{\"@type\":\"PropertyValueSpecification\",\"valueRequired\":true,\"valueName\":\"search_term_string\"}}],\"inLanguage\":\"lt-LT\"},{\"@type\":\"Organization\",\"@id\":\"https:\\\/\\\/anivet.lt\\\/elparduotuve\\\/#organization\",\"name\":\"Viskas J\u016bs\u0173 \u0161uns, kat\u0117s prie\u017ei\u016brai\",\"url\":\"https:\\\/\\\/anivet.lt\\\/elparduotuve\\\/\",\"logo\":{\"@type\":\"ImageObject\",\"inLanguage\":\"lt-LT\",\"@id\":\"https:\\\/\\\/anivet.lt\\\/elparduotuve\\\/#\\\/schema\\\/logo\\\/image\\\/\",\"url\":\"https:\\\/\\\/anivet.lt\\\/elparduotuve\\\/wp-content\\\/uploads\\\/2023\\\/06\\\/logo2.jpg\",\"contentUrl\":\"https:\\\/\\\/anivet.lt\\\/elparduotuve\\\/wp-content\\\/uploads\\\/2023\\\/06\\\/logo2.jpg\",\"width\":655,\"height\":194,\"caption\":\"Viskas J\u016bs\u0173 \u0161uns, kat\u0117s prie\u017ei\u016brai\"},\"image\":{\"@id\":\"https:\\\/\\\/anivet.lt\\\/elparduotuve\\\/#\\\/schema\\\/logo\\\/image\\\/\"}}]}<\/script>\n<!-- \/ Yoast SEO Premium plugin. -->","yoast_head_json":{"title":"ReaVET j\u016bros dumbli\u0173 milteliai \u0161unims 300g - anivet.lt","description":"ReaVET j\u016bros dumbli\u0173 milteliai \u2013 nat\u016bralus papildas \u0161unims, puikiai tinkantis BARF mitybai. \u0160is produktas pagamintas i\u0161 100% nat\u016brali\u0173 j\u016bros dumbli\u0173, kurie yra gausus jodo, mineral\u0173, mikroelement\u0173 ir aminor\u016bg\u0161\u010di\u0173 \u0161altinis.","robots":{"index":"index","follow":"follow","max-snippet":"max-snippet:-1","max-image-preview":"max-image-preview:large","max-video-preview":"max-video-preview:-1"},"canonical":"https:\/\/anivet.lt\/elparduotuve\/produktas\/reavet-juros-dumbliu-milteliai-sunims-300g\/","og_locale":"lt_LT","og_type":"article","og_title":"ReaVET j\u016bros dumbli\u0173 milteliai \u0161unims 300g","og_description":"ReaVET j\u016bros dumbli\u0173 milteliai \u2013 nat\u016bralus papildas \u0161unims, puikiai tinkantis BARF mitybai. \u0160is produktas pagamintas i\u0161 100% nat\u016brali\u0173 j\u016bros dumbli\u0173, kurie yra gausus jodo, mineral\u0173, mikroelement\u0173 ir aminor\u016bg\u0161\u010di\u0173 \u0161altinis.","og_url":"https:\/\/anivet.lt\/elparduotuve\/produktas\/reavet-juros-dumbliu-milteliai-sunims-300g\/","og_site_name":"anivet.lt","article_modified_time":"2026-04-15T13:49:55+00:00","og_image":[{"width":500,"height":500,"url":"https:\/\/anivet.lt\/elparduotuve\/wp-content\/uploads\/2026\/04\/ReaVET-juros-dumbliu-milteliai-sunims-300g.jpg","type":"image\/jpeg"}],"twitter_card":"summary_large_image","twitter_misc":{"Est. reading time":"1 minut\u0117"},"schema":{"@context":"https:\/\/schema.org","@graph":[{"@type":"WebPage","@id":"https:\/\/anivet.lt\/elparduotuve\/produktas\/reavet-juros-dumbliu-milteliai-sunims-300g\/","url":"https:\/\/anivet.lt\/elparduotuve\/produktas\/reavet-juros-dumbliu-milteliai-sunims-300g\/","name":"ReaVET j\u016bros dumbli\u0173 milteliai \u0161unims 300g - anivet.lt","isPartOf":{"@id":"https:\/\/anivet.lt\/elparduotuve\/#website"},"primaryImageOfPage":{"@id":"https:\/\/anivet.lt\/elparduotuve\/produktas\/reavet-juros-dumbliu-milteliai-sunims-300g\/#primaryimage"},"image":{"@id":"https:\/\/anivet.lt\/elparduotuve\/produktas\/reavet-juros-dumbliu-milteliai-sunims-300g\/#primaryimage"},"thumbnailUrl":"https:\/\/anivet.lt\/elparduotuve\/wp-content\/uploads\/2026\/04\/ReaVET-juros-dumbliu-milteliai-sunims-300g.jpg","datePublished":"2026-04-15T13:49:54+00:00","dateModified":"2026-04-15T13:49:55+00:00","description":"ReaVET j\u016bros dumbli\u0173 milteliai \u2013 nat\u016bralus papildas \u0161unims, puikiai tinkantis BARF mitybai. \u0160is produktas pagamintas i\u0161 100% nat\u016brali\u0173 j\u016bros dumbli\u0173, kurie yra gausus jodo, mineral\u0173, mikroelement\u0173 ir aminor\u016bg\u0161\u010di\u0173 \u0161altinis.","breadcrumb":{"@id":"https:\/\/anivet.lt\/elparduotuve\/produktas\/reavet-juros-dumbliu-milteliai-sunims-300g\/#breadcrumb"},"inLanguage":"lt-LT","potentialAction":[{"@type":"ReadAction","target":["https:\/\/anivet.lt\/elparduotuve\/produktas\/reavet-juros-dumbliu-milteliai-sunims-300g\/"]}]},{"@type":"ImageObject","inLanguage":"lt-LT","@id":"https:\/\/anivet.lt\/elparduotuve\/produktas\/reavet-juros-dumbliu-milteliai-sunims-300g\/#primaryimage","url":"https:\/\/anivet.lt\/elparduotuve\/wp-content\/uploads\/2026\/04\/ReaVET-juros-dumbliu-milteliai-sunims-300g.jpg","contentUrl":"https:\/\/anivet.lt\/elparduotuve\/wp-content\/uploads\/2026\/04\/ReaVET-juros-dumbliu-milteliai-sunims-300g.jpg","width":500,"height":500,"caption":"ReaVET j\u016bros dumbli\u0173 milteliai \u0161unims 300g"},{"@type":"BreadcrumbList","@id":"https:\/\/anivet.lt\/elparduotuve\/produktas\/reavet-juros-dumbliu-milteliai-sunims-300g\/#breadcrumb","itemListElement":[{"@type":"ListItem","position":1,"name":"Home","item":"https:\/\/anivet.lt\/elparduotuve\/"},{"@type":"ListItem","position":2,"name":"Produktai","item":"https:\/\/anivet.lt\/elparduotuve\/produktai\/"},{"@type":"ListItem","position":3,"name":"ReaVET j\u016bros dumbli\u0173 milteliai \u0161unims 300g"}]},{"@type":"WebSite","@id":"https:\/\/anivet.lt\/elparduotuve\/#website","url":"https:\/\/anivet.lt\/elparduotuve\/","name":"anivet.lt","description":"Viskas J\u016bs\u0173 \u0161uns, kat\u0117s prie\u017ei\u016brai","publisher":{"@id":"https:\/\/anivet.lt\/elparduotuve\/#organization"},"alternateName":"Viskas J\u016bs\u0173 \u0161uns, kat\u0117s prie\u017ei\u016brai","potentialAction":[{"@type":"SearchAction","target":{"@type":"EntryPoint","urlTemplate":"https:\/\/anivet.lt\/elparduotuve\/?s={search_term_string}"},"query-input":{"@type":"PropertyValueSpecification","valueRequired":true,"valueName":"search_term_string"}}],"inLanguage":"lt-LT"},{"@type":"Organization","@id":"https:\/\/anivet.lt\/elparduotuve\/#organization","name":"Viskas J\u016bs\u0173 \u0161uns, kat\u0117s prie\u017ei\u016brai","url":"https:\/\/anivet.lt\/elparduotuve\/","logo":{"@type":"ImageObject","inLanguage":"lt-LT","@id":"https:\/\/anivet.lt\/elparduotuve\/#\/schema\/logo\/image\/","url":"https:\/\/anivet.lt\/elparduotuve\/wp-content\/uploads\/2023\/06\/logo2.jpg","contentUrl":"https:\/\/anivet.lt\/elparduotuve\/wp-content\/uploads\/2023\/06\/logo2.jpg","width":655,"height":194,"caption":"Viskas J\u016bs\u0173 \u0161uns, kat\u0117s prie\u017ei\u016brai"},"image":{"@id":"https:\/\/anivet.lt\/elparduotuve\/#\/schema\/logo\/image\/"}}]}},"_links":{"self":[{"href":"https:\/\/anivet.lt\/elparduotuve\/wp-json\/wp\/v2\/product\/21094","targetHints":{"allow":["GET"]}}],"collection":[{"href":"https:\/\/anivet.lt\/elparduotuve\/wp-json\/wp\/v2\/product"}],"about":[{"href":"https:\/\/anivet.lt\/elparduotuve\/wp-json\/wp\/v2\/types\/product"}],"wp:featuredmedia":[{"embeddable":true,"href":"https:\/\/anivet.lt\/elparduotuve\/wp-json\/wp\/v2\/media\/21095"}],"wp:attachment":[{"href":"https:\/\/anivet.lt\/elparduotuve\/wp-json\/wp\/v2\/media?parent=21094"}],"wp:term":[{"taxonomy":"product_brand","embeddable":true,"href":"https:\/\/anivet.lt\/elparduotuve\/wp-json\/wp\/v2\/product_brand?post=21094"},{"taxonomy":"product_cat","embeddable":true,"href":"https:\/\/anivet.lt\/elparduotuve\/wp-json\/wp\/v2\/product_cat?post=21094"},{"taxonomy":"product_tag","embeddable":true,"href":"https:\/\/anivet.lt\/elparduotuve\/wp-json\/wp\/v2\/product_tag?post=21094"}],"curies":[{"name":"wp","href":"https:\/\/api.w.org\/{rel}","templated":true}]}}