{"id":21100,"date":"2026-04-15T14:44:11","date_gmt":"2026-04-15T14:44:11","guid":{"rendered":"https:\/\/anivet.lt\/elparduotuve\/?post_type=product&#038;p=21100"},"modified":"2026-04-15T14:44:12","modified_gmt":"2026-04-15T14:44:12","slug":"reavet-msm-milteliai-sunims-500g","status":"publish","type":"product","link":"https:\/\/anivet.lt\/elparduotuve\/produktas\/reavet-msm-milteliai-sunims-500g\/","title":{"rendered":"ReaVET MSM milteliai \u0161unims 500g"},"content":{"rendered":"<ul>\n<li>Siera yra svarbus mineralas, b\u016btinas normaliam \u0161uns organizmo funkcionavimui, ypa\u010d s\u0105nari\u0173, kremzli\u0173 ir jungiamojo audinio b\u016bklei palaikyti.<\/li>\n<li>Senstant sieros kiekis organizme gali ma\u017e\u0117ti, tod\u0117l gali atsirasti s\u0105nari\u0173, sausgysli\u0173 ir kremzli\u0173 nusid\u0117v\u0117jimo po\u017eymi\u0173.<\/li>\n<li>MSM papildas gali pad\u0117ti kompensuoti \u0161\u012f tr\u016bkum\u0105 ir prisid\u0117ti prie geresn\u0117s jud\u0117jimo funkcijos bei komforto.<\/li>\n<li>Reguliarus MSM milteli\u0173 naudojimas gali pad\u0117ti palaikyti kremzli\u0173 elastingum\u0105, skatinti sinovinio skys\u010dio gamyb\u0105 bei prisid\u0117ti prie s\u0105nari\u0173 lankstumo. Tai ypa\u010d aktualu aktyviems, sportuojantiems ar vyresnio am\u017eiaus \u0161unims.<\/li>\n<\/ul>\n","protected":false},"excerpt":{"rendered":"<p>ReaVET MSM milteliai \u0161unims \u2013 tai nat\u016bralus papildas, pagamintas i\u0161 auk\u0161tos kokyb\u0117s metilsulfonilmetano (MSM), kuris yra nat\u016bralus organin\u0117s sieros \u0161altinis.<\/p>\n","protected":false},"featured_media":21101,"template":"","meta":[],"product_brand":[],"product_cat":[101,113],"product_tag":[],"class_list":{"0":"post-21100","1":"product","2":"type-product","3":"status-publish","4":"has-post-thumbnail","6":"product_cat-sunims","7":"product_cat-vitaminai-ir-papildai","8":"pa_prekinis-zenklas-reavet","10":"first","11":"instock","12":"taxable","13":"shipping-taxable","14":"purchasable","15":"product-type-simple"},"yoast_head":"<!-- This site is optimized with the Yoast SEO Premium plugin v27.1 (Yoast SEO v27.3) - https:\/\/yoast.com\/product\/yoast-seo-premium-wordpress\/ -->\n<title>ReaVET MSM milteliai \u0161unims 500g - anivet.lt<\/title>\n<meta name=\"description\" content=\"ReaVET MSM milteliai \u0161unims \u2013 tai nat\u016bralus papildas, pagamintas i\u0161 auk\u0161tos kokyb\u0117s metilsulfonilmetano (MSM), kuris yra nat\u016bralus organin\u0117s sieros \u0161altinis.\" \/>\n<meta name=\"robots\" content=\"index, follow, max-snippet:-1, max-image-preview:large, max-video-preview:-1\" \/>\n<link rel=\"canonical\" href=\"https:\/\/anivet.lt\/elparduotuve\/produktas\/reavet-msm-milteliai-sunims-500g\/\" \/>\n<meta property=\"og:locale\" content=\"lt_LT\" \/>\n<meta property=\"og:type\" content=\"article\" \/>\n<meta property=\"og:title\" content=\"ReaVET MSM milteliai \u0161unims 500g\" \/>\n<meta property=\"og:description\" content=\"ReaVET MSM milteliai \u0161unims \u2013 tai nat\u016bralus papildas, pagamintas i\u0161 auk\u0161tos kokyb\u0117s metilsulfonilmetano (MSM), kuris yra nat\u016bralus organin\u0117s sieros \u0161altinis.\" \/>\n<meta property=\"og:url\" content=\"https:\/\/anivet.lt\/elparduotuve\/produktas\/reavet-msm-milteliai-sunims-500g\/\" \/>\n<meta property=\"og:site_name\" content=\"anivet.lt\" \/>\n<meta property=\"article:modified_time\" content=\"2026-04-15T14:44:12+00:00\" \/>\n<meta property=\"og:image\" content=\"https:\/\/anivet.lt\/elparduotuve\/wp-content\/uploads\/2026\/04\/ReaVET-MSM-milteliai-sunims-500g.jpg\" \/>\n\t<meta property=\"og:image:width\" content=\"500\" \/>\n\t<meta property=\"og:image:height\" content=\"500\" \/>\n\t<meta property=\"og:image:type\" content=\"image\/jpeg\" \/>\n<meta name=\"twitter:card\" content=\"summary_large_image\" \/>\n<meta name=\"twitter:label1\" content=\"Est. reading time\" \/>\n\t<meta name=\"twitter:data1\" content=\"1 minut\u0117\" \/>\n<script type=\"application\/ld+json\" class=\"yoast-schema-graph\">{\"@context\":\"https:\\\/\\\/schema.org\",\"@graph\":[{\"@type\":\"WebPage\",\"@id\":\"https:\\\/\\\/anivet.lt\\\/elparduotuve\\\/produktas\\\/reavet-msm-milteliai-sunims-500g\\\/\",\"url\":\"https:\\\/\\\/anivet.lt\\\/elparduotuve\\\/produktas\\\/reavet-msm-milteliai-sunims-500g\\\/\",\"name\":\"ReaVET MSM milteliai \u0161unims 500g - anivet.lt\",\"isPartOf\":{\"@id\":\"https:\\\/\\\/anivet.lt\\\/elparduotuve\\\/#website\"},\"primaryImageOfPage\":{\"@id\":\"https:\\\/\\\/anivet.lt\\\/elparduotuve\\\/produktas\\\/reavet-msm-milteliai-sunims-500g\\\/#primaryimage\"},\"image\":{\"@id\":\"https:\\\/\\\/anivet.lt\\\/elparduotuve\\\/produktas\\\/reavet-msm-milteliai-sunims-500g\\\/#primaryimage\"},\"thumbnailUrl\":\"https:\\\/\\\/anivet.lt\\\/elparduotuve\\\/wp-content\\\/uploads\\\/2026\\\/04\\\/ReaVET-MSM-milteliai-sunims-500g.jpg\",\"datePublished\":\"2026-04-15T14:44:11+00:00\",\"dateModified\":\"2026-04-15T14:44:12+00:00\",\"description\":\"ReaVET MSM milteliai \u0161unims \u2013 tai nat\u016bralus papildas, pagamintas i\u0161 auk\u0161tos kokyb\u0117s metilsulfonilmetano (MSM), kuris yra nat\u016bralus organin\u0117s sieros \u0161altinis.\",\"breadcrumb\":{\"@id\":\"https:\\\/\\\/anivet.lt\\\/elparduotuve\\\/produktas\\\/reavet-msm-milteliai-sunims-500g\\\/#breadcrumb\"},\"inLanguage\":\"lt-LT\",\"potentialAction\":[{\"@type\":\"ReadAction\",\"target\":[\"https:\\\/\\\/anivet.lt\\\/elparduotuve\\\/produktas\\\/reavet-msm-milteliai-sunims-500g\\\/\"]}]},{\"@type\":\"ImageObject\",\"inLanguage\":\"lt-LT\",\"@id\":\"https:\\\/\\\/anivet.lt\\\/elparduotuve\\\/produktas\\\/reavet-msm-milteliai-sunims-500g\\\/#primaryimage\",\"url\":\"https:\\\/\\\/anivet.lt\\\/elparduotuve\\\/wp-content\\\/uploads\\\/2026\\\/04\\\/ReaVET-MSM-milteliai-sunims-500g.jpg\",\"contentUrl\":\"https:\\\/\\\/anivet.lt\\\/elparduotuve\\\/wp-content\\\/uploads\\\/2026\\\/04\\\/ReaVET-MSM-milteliai-sunims-500g.jpg\",\"width\":500,\"height\":500},{\"@type\":\"BreadcrumbList\",\"@id\":\"https:\\\/\\\/anivet.lt\\\/elparduotuve\\\/produktas\\\/reavet-msm-milteliai-sunims-500g\\\/#breadcrumb\",\"itemListElement\":[{\"@type\":\"ListItem\",\"position\":1,\"name\":\"Home\",\"item\":\"https:\\\/\\\/anivet.lt\\\/elparduotuve\\\/\"},{\"@type\":\"ListItem\",\"position\":2,\"name\":\"Produktai\",\"item\":\"https:\\\/\\\/anivet.lt\\\/elparduotuve\\\/produktai\\\/\"},{\"@type\":\"ListItem\",\"position\":3,\"name\":\"ReaVET MSM milteliai \u0161unims 500g\"}]},{\"@type\":\"WebSite\",\"@id\":\"https:\\\/\\\/anivet.lt\\\/elparduotuve\\\/#website\",\"url\":\"https:\\\/\\\/anivet.lt\\\/elparduotuve\\\/\",\"name\":\"anivet.lt\",\"description\":\"Viskas J\u016bs\u0173 \u0161uns, kat\u0117s prie\u017ei\u016brai\",\"publisher\":{\"@id\":\"https:\\\/\\\/anivet.lt\\\/elparduotuve\\\/#organization\"},\"alternateName\":\"Viskas J\u016bs\u0173 \u0161uns, kat\u0117s prie\u017ei\u016brai\",\"potentialAction\":[{\"@type\":\"SearchAction\",\"target\":{\"@type\":\"EntryPoint\",\"urlTemplate\":\"https:\\\/\\\/anivet.lt\\\/elparduotuve\\\/?s={search_term_string}\"},\"query-input\":{\"@type\":\"PropertyValueSpecification\",\"valueRequired\":true,\"valueName\":\"search_term_string\"}}],\"inLanguage\":\"lt-LT\"},{\"@type\":\"Organization\",\"@id\":\"https:\\\/\\\/anivet.lt\\\/elparduotuve\\\/#organization\",\"name\":\"Viskas J\u016bs\u0173 \u0161uns, kat\u0117s prie\u017ei\u016brai\",\"url\":\"https:\\\/\\\/anivet.lt\\\/elparduotuve\\\/\",\"logo\":{\"@type\":\"ImageObject\",\"inLanguage\":\"lt-LT\",\"@id\":\"https:\\\/\\\/anivet.lt\\\/elparduotuve\\\/#\\\/schema\\\/logo\\\/image\\\/\",\"url\":\"https:\\\/\\\/anivet.lt\\\/elparduotuve\\\/wp-content\\\/uploads\\\/2023\\\/06\\\/logo2.jpg\",\"contentUrl\":\"https:\\\/\\\/anivet.lt\\\/elparduotuve\\\/wp-content\\\/uploads\\\/2023\\\/06\\\/logo2.jpg\",\"width\":655,\"height\":194,\"caption\":\"Viskas J\u016bs\u0173 \u0161uns, kat\u0117s prie\u017ei\u016brai\"},\"image\":{\"@id\":\"https:\\\/\\\/anivet.lt\\\/elparduotuve\\\/#\\\/schema\\\/logo\\\/image\\\/\"}}]}<\/script>\n<!-- \/ Yoast SEO Premium plugin. -->","yoast_head_json":{"title":"ReaVET MSM milteliai \u0161unims 500g - anivet.lt","description":"ReaVET MSM milteliai \u0161unims \u2013 tai nat\u016bralus papildas, pagamintas i\u0161 auk\u0161tos kokyb\u0117s metilsulfonilmetano (MSM), kuris yra nat\u016bralus organin\u0117s sieros \u0161altinis.","robots":{"index":"index","follow":"follow","max-snippet":"max-snippet:-1","max-image-preview":"max-image-preview:large","max-video-preview":"max-video-preview:-1"},"canonical":"https:\/\/anivet.lt\/elparduotuve\/produktas\/reavet-msm-milteliai-sunims-500g\/","og_locale":"lt_LT","og_type":"article","og_title":"ReaVET MSM milteliai \u0161unims 500g","og_description":"ReaVET MSM milteliai \u0161unims \u2013 tai nat\u016bralus papildas, pagamintas i\u0161 auk\u0161tos kokyb\u0117s metilsulfonilmetano (MSM), kuris yra nat\u016bralus organin\u0117s sieros \u0161altinis.","og_url":"https:\/\/anivet.lt\/elparduotuve\/produktas\/reavet-msm-milteliai-sunims-500g\/","og_site_name":"anivet.lt","article_modified_time":"2026-04-15T14:44:12+00:00","og_image":[{"width":500,"height":500,"url":"https:\/\/anivet.lt\/elparduotuve\/wp-content\/uploads\/2026\/04\/ReaVET-MSM-milteliai-sunims-500g.jpg","type":"image\/jpeg"}],"twitter_card":"summary_large_image","twitter_misc":{"Est. reading time":"1 minut\u0117"},"schema":{"@context":"https:\/\/schema.org","@graph":[{"@type":"WebPage","@id":"https:\/\/anivet.lt\/elparduotuve\/produktas\/reavet-msm-milteliai-sunims-500g\/","url":"https:\/\/anivet.lt\/elparduotuve\/produktas\/reavet-msm-milteliai-sunims-500g\/","name":"ReaVET MSM milteliai \u0161unims 500g - anivet.lt","isPartOf":{"@id":"https:\/\/anivet.lt\/elparduotuve\/#website"},"primaryImageOfPage":{"@id":"https:\/\/anivet.lt\/elparduotuve\/produktas\/reavet-msm-milteliai-sunims-500g\/#primaryimage"},"image":{"@id":"https:\/\/anivet.lt\/elparduotuve\/produktas\/reavet-msm-milteliai-sunims-500g\/#primaryimage"},"thumbnailUrl":"https:\/\/anivet.lt\/elparduotuve\/wp-content\/uploads\/2026\/04\/ReaVET-MSM-milteliai-sunims-500g.jpg","datePublished":"2026-04-15T14:44:11+00:00","dateModified":"2026-04-15T14:44:12+00:00","description":"ReaVET MSM milteliai \u0161unims \u2013 tai nat\u016bralus papildas, pagamintas i\u0161 auk\u0161tos kokyb\u0117s metilsulfonilmetano (MSM), kuris yra nat\u016bralus organin\u0117s sieros \u0161altinis.","breadcrumb":{"@id":"https:\/\/anivet.lt\/elparduotuve\/produktas\/reavet-msm-milteliai-sunims-500g\/#breadcrumb"},"inLanguage":"lt-LT","potentialAction":[{"@type":"ReadAction","target":["https:\/\/anivet.lt\/elparduotuve\/produktas\/reavet-msm-milteliai-sunims-500g\/"]}]},{"@type":"ImageObject","inLanguage":"lt-LT","@id":"https:\/\/anivet.lt\/elparduotuve\/produktas\/reavet-msm-milteliai-sunims-500g\/#primaryimage","url":"https:\/\/anivet.lt\/elparduotuve\/wp-content\/uploads\/2026\/04\/ReaVET-MSM-milteliai-sunims-500g.jpg","contentUrl":"https:\/\/anivet.lt\/elparduotuve\/wp-content\/uploads\/2026\/04\/ReaVET-MSM-milteliai-sunims-500g.jpg","width":500,"height":500},{"@type":"BreadcrumbList","@id":"https:\/\/anivet.lt\/elparduotuve\/produktas\/reavet-msm-milteliai-sunims-500g\/#breadcrumb","itemListElement":[{"@type":"ListItem","position":1,"name":"Home","item":"https:\/\/anivet.lt\/elparduotuve\/"},{"@type":"ListItem","position":2,"name":"Produktai","item":"https:\/\/anivet.lt\/elparduotuve\/produktai\/"},{"@type":"ListItem","position":3,"name":"ReaVET MSM milteliai \u0161unims 500g"}]},{"@type":"WebSite","@id":"https:\/\/anivet.lt\/elparduotuve\/#website","url":"https:\/\/anivet.lt\/elparduotuve\/","name":"anivet.lt","description":"Viskas J\u016bs\u0173 \u0161uns, kat\u0117s prie\u017ei\u016brai","publisher":{"@id":"https:\/\/anivet.lt\/elparduotuve\/#organization"},"alternateName":"Viskas J\u016bs\u0173 \u0161uns, kat\u0117s prie\u017ei\u016brai","potentialAction":[{"@type":"SearchAction","target":{"@type":"EntryPoint","urlTemplate":"https:\/\/anivet.lt\/elparduotuve\/?s={search_term_string}"},"query-input":{"@type":"PropertyValueSpecification","valueRequired":true,"valueName":"search_term_string"}}],"inLanguage":"lt-LT"},{"@type":"Organization","@id":"https:\/\/anivet.lt\/elparduotuve\/#organization","name":"Viskas J\u016bs\u0173 \u0161uns, kat\u0117s prie\u017ei\u016brai","url":"https:\/\/anivet.lt\/elparduotuve\/","logo":{"@type":"ImageObject","inLanguage":"lt-LT","@id":"https:\/\/anivet.lt\/elparduotuve\/#\/schema\/logo\/image\/","url":"https:\/\/anivet.lt\/elparduotuve\/wp-content\/uploads\/2023\/06\/logo2.jpg","contentUrl":"https:\/\/anivet.lt\/elparduotuve\/wp-content\/uploads\/2023\/06\/logo2.jpg","width":655,"height":194,"caption":"Viskas J\u016bs\u0173 \u0161uns, kat\u0117s prie\u017ei\u016brai"},"image":{"@id":"https:\/\/anivet.lt\/elparduotuve\/#\/schema\/logo\/image\/"}}]}},"_links":{"self":[{"href":"https:\/\/anivet.lt\/elparduotuve\/wp-json\/wp\/v2\/product\/21100","targetHints":{"allow":["GET"]}}],"collection":[{"href":"https:\/\/anivet.lt\/elparduotuve\/wp-json\/wp\/v2\/product"}],"about":[{"href":"https:\/\/anivet.lt\/elparduotuve\/wp-json\/wp\/v2\/types\/product"}],"wp:featuredmedia":[{"embeddable":true,"href":"https:\/\/anivet.lt\/elparduotuve\/wp-json\/wp\/v2\/media\/21101"}],"wp:attachment":[{"href":"https:\/\/anivet.lt\/elparduotuve\/wp-json\/wp\/v2\/media?parent=21100"}],"wp:term":[{"taxonomy":"product_brand","embeddable":true,"href":"https:\/\/anivet.lt\/elparduotuve\/wp-json\/wp\/v2\/product_brand?post=21100"},{"taxonomy":"product_cat","embeddable":true,"href":"https:\/\/anivet.lt\/elparduotuve\/wp-json\/wp\/v2\/product_cat?post=21100"},{"taxonomy":"product_tag","embeddable":true,"href":"https:\/\/anivet.lt\/elparduotuve\/wp-json\/wp\/v2\/product_tag?post=21100"}],"curies":[{"name":"wp","href":"https:\/\/api.w.org\/{rel}","templated":true}]}}