{"id":21103,"date":"2026-04-15T14:58:55","date_gmt":"2026-04-15T14:58:55","guid":{"rendered":"https:\/\/anivet.lt\/elparduotuve\/?post_type=product&#038;p=21103"},"modified":"2026-04-15T14:58:56","modified_gmt":"2026-04-15T14:58:56","slug":"reavet-sanariu-komplekto-milteliai-sunims-250g","status":"publish","type":"product","link":"https:\/\/anivet.lt\/elparduotuve\/produktas\/reavet-sanariu-komplekto-milteliai-sunims-250g\/","title":{"rendered":"ReaVET s\u0105nari\u0173 komplekto milteliai \u0161unims 250g"},"content":{"rendered":"<ul>\n<li>Sud\u0117tyje esantys vitaminai, mikroelementai, aminor\u016bg\u0161tys ir nat\u016bral\u016bs augaliniai ingredientai gali pad\u0117ti u\u017etikrinti skland\u017eius med\u017eiag\u0173 apykaitos procesus bei prisid\u0117ti prie bendros augintinio savijautos.<\/li>\n<li>\u0160io papildo sud\u0117tyje esantis didelis \u017eali\u0173j\u0173 midij\u0173 kiekis yra nat\u016bralus glikozaminoglikan\u0173 \u0161altinis, kuris gali pad\u0117ti palaikyti s\u0105nari\u0173 funkcij\u0105 ir prisid\u0117ti prie kremzli\u0173 b\u016bkl\u0117s.<\/li>\n<li>Taip pat sud\u0117tyje yra \u0161liau\u017eian\u010dio inkaruo\u010dio (dar vadinamo \u201evelnio letena\u201c) milteli\u0173, kurie gali pad\u0117ti palaikyti s\u0105nari\u0173 lankstum\u0105 bei gerinti jud\u0117jimo komfort\u0105.<\/li>\n<li>Reguliarus vartojimas gali b\u016bti naudingas \u0161unims, patiriantiems didesn\u012f fizin\u012f kr\u016bv\u012f ar senstant, kai s\u0105nariams reikalinga papildoma prie\u017ei\u016bra.<\/li>\n<\/ul>\n","protected":false},"excerpt":{"rendered":"<p>ReaVET s\u0105nari\u0173 komplekso milteliai \u0161unims \u2013 tai visavertis pa\u0161aro papildas, skirtas palaikyti sveik\u0105 s\u0105nari\u0173, raumen\u0173 ir kaul\u0173 sistemos veikl\u0105.<\/p>\n","protected":false},"featured_media":21104,"template":"","meta":[],"product_brand":[],"product_cat":[101,113],"product_tag":[],"class_list":{"0":"post-21103","1":"product","2":"type-product","3":"status-publish","4":"has-post-thumbnail","6":"product_cat-sunims","7":"product_cat-vitaminai-ir-papildai","8":"pa_prekinis-zenklas-reavet","10":"first","11":"instock","12":"taxable","13":"shipping-taxable","14":"purchasable","15":"product-type-simple"},"yoast_head":"<!-- This site is optimized with the Yoast SEO Premium plugin v27.1 (Yoast SEO v27.3) - https:\/\/yoast.com\/product\/yoast-seo-premium-wordpress\/ -->\n<title>ReaVET s\u0105nari\u0173 komplekto milteliai \u0161unims 250g - anivet.lt<\/title>\n<meta name=\"description\" content=\"ReaVET s\u0105nari\u0173 komplekso milteliai \u0161unims \u2013 tai visavertis pa\u0161aro papildas, skirtas palaikyti sveik\u0105 s\u0105nari\u0173, raumen\u0173 ir kaul\u0173 sistemos veikl\u0105.\" \/>\n<meta name=\"robots\" content=\"index, follow, max-snippet:-1, max-image-preview:large, max-video-preview:-1\" \/>\n<link rel=\"canonical\" href=\"https:\/\/anivet.lt\/elparduotuve\/produktas\/reavet-sanariu-komplekto-milteliai-sunims-250g\/\" \/>\n<meta property=\"og:locale\" content=\"lt_LT\" \/>\n<meta property=\"og:type\" content=\"article\" \/>\n<meta property=\"og:title\" content=\"ReaVET s\u0105nari\u0173 komplekto milteliai \u0161unims 250g\" \/>\n<meta property=\"og:description\" content=\"ReaVET s\u0105nari\u0173 komplekso milteliai \u0161unims \u2013 tai visavertis pa\u0161aro papildas, skirtas palaikyti sveik\u0105 s\u0105nari\u0173, raumen\u0173 ir kaul\u0173 sistemos veikl\u0105.\" \/>\n<meta property=\"og:url\" content=\"https:\/\/anivet.lt\/elparduotuve\/produktas\/reavet-sanariu-komplekto-milteliai-sunims-250g\/\" \/>\n<meta property=\"og:site_name\" content=\"anivet.lt\" \/>\n<meta property=\"article:modified_time\" content=\"2026-04-15T14:58:56+00:00\" \/>\n<meta property=\"og:image\" content=\"https:\/\/anivet.lt\/elparduotuve\/wp-content\/uploads\/2026\/04\/ReaVET-sanariu-komplekto-milteliai-sunims-250g.jpg\" \/>\n\t<meta property=\"og:image:width\" content=\"500\" \/>\n\t<meta property=\"og:image:height\" content=\"500\" \/>\n\t<meta property=\"og:image:type\" content=\"image\/jpeg\" \/>\n<meta name=\"twitter:card\" content=\"summary_large_image\" \/>\n<meta name=\"twitter:label1\" content=\"Est. reading time\" \/>\n\t<meta name=\"twitter:data1\" content=\"1 minut\u0117\" \/>\n<script type=\"application\/ld+json\" class=\"yoast-schema-graph\">{\"@context\":\"https:\\\/\\\/schema.org\",\"@graph\":[{\"@type\":\"WebPage\",\"@id\":\"https:\\\/\\\/anivet.lt\\\/elparduotuve\\\/produktas\\\/reavet-sanariu-komplekto-milteliai-sunims-250g\\\/\",\"url\":\"https:\\\/\\\/anivet.lt\\\/elparduotuve\\\/produktas\\\/reavet-sanariu-komplekto-milteliai-sunims-250g\\\/\",\"name\":\"ReaVET s\u0105nari\u0173 komplekto milteliai \u0161unims 250g - anivet.lt\",\"isPartOf\":{\"@id\":\"https:\\\/\\\/anivet.lt\\\/elparduotuve\\\/#website\"},\"primaryImageOfPage\":{\"@id\":\"https:\\\/\\\/anivet.lt\\\/elparduotuve\\\/produktas\\\/reavet-sanariu-komplekto-milteliai-sunims-250g\\\/#primaryimage\"},\"image\":{\"@id\":\"https:\\\/\\\/anivet.lt\\\/elparduotuve\\\/produktas\\\/reavet-sanariu-komplekto-milteliai-sunims-250g\\\/#primaryimage\"},\"thumbnailUrl\":\"https:\\\/\\\/anivet.lt\\\/elparduotuve\\\/wp-content\\\/uploads\\\/2026\\\/04\\\/ReaVET-sanariu-komplekto-milteliai-sunims-250g.jpg\",\"datePublished\":\"2026-04-15T14:58:55+00:00\",\"dateModified\":\"2026-04-15T14:58:56+00:00\",\"description\":\"ReaVET s\u0105nari\u0173 komplekso milteliai \u0161unims \u2013 tai visavertis pa\u0161aro papildas, skirtas palaikyti sveik\u0105 s\u0105nari\u0173, raumen\u0173 ir kaul\u0173 sistemos veikl\u0105.\",\"breadcrumb\":{\"@id\":\"https:\\\/\\\/anivet.lt\\\/elparduotuve\\\/produktas\\\/reavet-sanariu-komplekto-milteliai-sunims-250g\\\/#breadcrumb\"},\"inLanguage\":\"lt-LT\",\"potentialAction\":[{\"@type\":\"ReadAction\",\"target\":[\"https:\\\/\\\/anivet.lt\\\/elparduotuve\\\/produktas\\\/reavet-sanariu-komplekto-milteliai-sunims-250g\\\/\"]}]},{\"@type\":\"ImageObject\",\"inLanguage\":\"lt-LT\",\"@id\":\"https:\\\/\\\/anivet.lt\\\/elparduotuve\\\/produktas\\\/reavet-sanariu-komplekto-milteliai-sunims-250g\\\/#primaryimage\",\"url\":\"https:\\\/\\\/anivet.lt\\\/elparduotuve\\\/wp-content\\\/uploads\\\/2026\\\/04\\\/ReaVET-sanariu-komplekto-milteliai-sunims-250g.jpg\",\"contentUrl\":\"https:\\\/\\\/anivet.lt\\\/elparduotuve\\\/wp-content\\\/uploads\\\/2026\\\/04\\\/ReaVET-sanariu-komplekto-milteliai-sunims-250g.jpg\",\"width\":500,\"height\":500,\"caption\":\"ReaVET s\u0105nari\u0173 komplekto milteliai \u0161unims 250g\"},{\"@type\":\"BreadcrumbList\",\"@id\":\"https:\\\/\\\/anivet.lt\\\/elparduotuve\\\/produktas\\\/reavet-sanariu-komplekto-milteliai-sunims-250g\\\/#breadcrumb\",\"itemListElement\":[{\"@type\":\"ListItem\",\"position\":1,\"name\":\"Home\",\"item\":\"https:\\\/\\\/anivet.lt\\\/elparduotuve\\\/\"},{\"@type\":\"ListItem\",\"position\":2,\"name\":\"Produktai\",\"item\":\"https:\\\/\\\/anivet.lt\\\/elparduotuve\\\/produktai\\\/\"},{\"@type\":\"ListItem\",\"position\":3,\"name\":\"ReaVET s\u0105nari\u0173 komplekto milteliai \u0161unims 250g\"}]},{\"@type\":\"WebSite\",\"@id\":\"https:\\\/\\\/anivet.lt\\\/elparduotuve\\\/#website\",\"url\":\"https:\\\/\\\/anivet.lt\\\/elparduotuve\\\/\",\"name\":\"anivet.lt\",\"description\":\"Viskas J\u016bs\u0173 \u0161uns, kat\u0117s prie\u017ei\u016brai\",\"publisher\":{\"@id\":\"https:\\\/\\\/anivet.lt\\\/elparduotuve\\\/#organization\"},\"alternateName\":\"Viskas J\u016bs\u0173 \u0161uns, kat\u0117s prie\u017ei\u016brai\",\"potentialAction\":[{\"@type\":\"SearchAction\",\"target\":{\"@type\":\"EntryPoint\",\"urlTemplate\":\"https:\\\/\\\/anivet.lt\\\/elparduotuve\\\/?s={search_term_string}\"},\"query-input\":{\"@type\":\"PropertyValueSpecification\",\"valueRequired\":true,\"valueName\":\"search_term_string\"}}],\"inLanguage\":\"lt-LT\"},{\"@type\":\"Organization\",\"@id\":\"https:\\\/\\\/anivet.lt\\\/elparduotuve\\\/#organization\",\"name\":\"Viskas J\u016bs\u0173 \u0161uns, kat\u0117s prie\u017ei\u016brai\",\"url\":\"https:\\\/\\\/anivet.lt\\\/elparduotuve\\\/\",\"logo\":{\"@type\":\"ImageObject\",\"inLanguage\":\"lt-LT\",\"@id\":\"https:\\\/\\\/anivet.lt\\\/elparduotuve\\\/#\\\/schema\\\/logo\\\/image\\\/\",\"url\":\"https:\\\/\\\/anivet.lt\\\/elparduotuve\\\/wp-content\\\/uploads\\\/2023\\\/06\\\/logo2.jpg\",\"contentUrl\":\"https:\\\/\\\/anivet.lt\\\/elparduotuve\\\/wp-content\\\/uploads\\\/2023\\\/06\\\/logo2.jpg\",\"width\":655,\"height\":194,\"caption\":\"Viskas J\u016bs\u0173 \u0161uns, kat\u0117s prie\u017ei\u016brai\"},\"image\":{\"@id\":\"https:\\\/\\\/anivet.lt\\\/elparduotuve\\\/#\\\/schema\\\/logo\\\/image\\\/\"}}]}<\/script>\n<!-- \/ Yoast SEO Premium plugin. -->","yoast_head_json":{"title":"ReaVET s\u0105nari\u0173 komplekto milteliai \u0161unims 250g - anivet.lt","description":"ReaVET s\u0105nari\u0173 komplekso milteliai \u0161unims \u2013 tai visavertis pa\u0161aro papildas, skirtas palaikyti sveik\u0105 s\u0105nari\u0173, raumen\u0173 ir kaul\u0173 sistemos veikl\u0105.","robots":{"index":"index","follow":"follow","max-snippet":"max-snippet:-1","max-image-preview":"max-image-preview:large","max-video-preview":"max-video-preview:-1"},"canonical":"https:\/\/anivet.lt\/elparduotuve\/produktas\/reavet-sanariu-komplekto-milteliai-sunims-250g\/","og_locale":"lt_LT","og_type":"article","og_title":"ReaVET s\u0105nari\u0173 komplekto milteliai \u0161unims 250g","og_description":"ReaVET s\u0105nari\u0173 komplekso milteliai \u0161unims \u2013 tai visavertis pa\u0161aro papildas, skirtas palaikyti sveik\u0105 s\u0105nari\u0173, raumen\u0173 ir kaul\u0173 sistemos veikl\u0105.","og_url":"https:\/\/anivet.lt\/elparduotuve\/produktas\/reavet-sanariu-komplekto-milteliai-sunims-250g\/","og_site_name":"anivet.lt","article_modified_time":"2026-04-15T14:58:56+00:00","og_image":[{"width":500,"height":500,"url":"https:\/\/anivet.lt\/elparduotuve\/wp-content\/uploads\/2026\/04\/ReaVET-sanariu-komplekto-milteliai-sunims-250g.jpg","type":"image\/jpeg"}],"twitter_card":"summary_large_image","twitter_misc":{"Est. reading time":"1 minut\u0117"},"schema":{"@context":"https:\/\/schema.org","@graph":[{"@type":"WebPage","@id":"https:\/\/anivet.lt\/elparduotuve\/produktas\/reavet-sanariu-komplekto-milteliai-sunims-250g\/","url":"https:\/\/anivet.lt\/elparduotuve\/produktas\/reavet-sanariu-komplekto-milteliai-sunims-250g\/","name":"ReaVET s\u0105nari\u0173 komplekto milteliai \u0161unims 250g - anivet.lt","isPartOf":{"@id":"https:\/\/anivet.lt\/elparduotuve\/#website"},"primaryImageOfPage":{"@id":"https:\/\/anivet.lt\/elparduotuve\/produktas\/reavet-sanariu-komplekto-milteliai-sunims-250g\/#primaryimage"},"image":{"@id":"https:\/\/anivet.lt\/elparduotuve\/produktas\/reavet-sanariu-komplekto-milteliai-sunims-250g\/#primaryimage"},"thumbnailUrl":"https:\/\/anivet.lt\/elparduotuve\/wp-content\/uploads\/2026\/04\/ReaVET-sanariu-komplekto-milteliai-sunims-250g.jpg","datePublished":"2026-04-15T14:58:55+00:00","dateModified":"2026-04-15T14:58:56+00:00","description":"ReaVET s\u0105nari\u0173 komplekso milteliai \u0161unims \u2013 tai visavertis pa\u0161aro papildas, skirtas palaikyti sveik\u0105 s\u0105nari\u0173, raumen\u0173 ir kaul\u0173 sistemos veikl\u0105.","breadcrumb":{"@id":"https:\/\/anivet.lt\/elparduotuve\/produktas\/reavet-sanariu-komplekto-milteliai-sunims-250g\/#breadcrumb"},"inLanguage":"lt-LT","potentialAction":[{"@type":"ReadAction","target":["https:\/\/anivet.lt\/elparduotuve\/produktas\/reavet-sanariu-komplekto-milteliai-sunims-250g\/"]}]},{"@type":"ImageObject","inLanguage":"lt-LT","@id":"https:\/\/anivet.lt\/elparduotuve\/produktas\/reavet-sanariu-komplekto-milteliai-sunims-250g\/#primaryimage","url":"https:\/\/anivet.lt\/elparduotuve\/wp-content\/uploads\/2026\/04\/ReaVET-sanariu-komplekto-milteliai-sunims-250g.jpg","contentUrl":"https:\/\/anivet.lt\/elparduotuve\/wp-content\/uploads\/2026\/04\/ReaVET-sanariu-komplekto-milteliai-sunims-250g.jpg","width":500,"height":500,"caption":"ReaVET s\u0105nari\u0173 komplekto milteliai \u0161unims 250g"},{"@type":"BreadcrumbList","@id":"https:\/\/anivet.lt\/elparduotuve\/produktas\/reavet-sanariu-komplekto-milteliai-sunims-250g\/#breadcrumb","itemListElement":[{"@type":"ListItem","position":1,"name":"Home","item":"https:\/\/anivet.lt\/elparduotuve\/"},{"@type":"ListItem","position":2,"name":"Produktai","item":"https:\/\/anivet.lt\/elparduotuve\/produktai\/"},{"@type":"ListItem","position":3,"name":"ReaVET s\u0105nari\u0173 komplekto milteliai \u0161unims 250g"}]},{"@type":"WebSite","@id":"https:\/\/anivet.lt\/elparduotuve\/#website","url":"https:\/\/anivet.lt\/elparduotuve\/","name":"anivet.lt","description":"Viskas J\u016bs\u0173 \u0161uns, kat\u0117s prie\u017ei\u016brai","publisher":{"@id":"https:\/\/anivet.lt\/elparduotuve\/#organization"},"alternateName":"Viskas J\u016bs\u0173 \u0161uns, kat\u0117s prie\u017ei\u016brai","potentialAction":[{"@type":"SearchAction","target":{"@type":"EntryPoint","urlTemplate":"https:\/\/anivet.lt\/elparduotuve\/?s={search_term_string}"},"query-input":{"@type":"PropertyValueSpecification","valueRequired":true,"valueName":"search_term_string"}}],"inLanguage":"lt-LT"},{"@type":"Organization","@id":"https:\/\/anivet.lt\/elparduotuve\/#organization","name":"Viskas J\u016bs\u0173 \u0161uns, kat\u0117s prie\u017ei\u016brai","url":"https:\/\/anivet.lt\/elparduotuve\/","logo":{"@type":"ImageObject","inLanguage":"lt-LT","@id":"https:\/\/anivet.lt\/elparduotuve\/#\/schema\/logo\/image\/","url":"https:\/\/anivet.lt\/elparduotuve\/wp-content\/uploads\/2023\/06\/logo2.jpg","contentUrl":"https:\/\/anivet.lt\/elparduotuve\/wp-content\/uploads\/2023\/06\/logo2.jpg","width":655,"height":194,"caption":"Viskas J\u016bs\u0173 \u0161uns, kat\u0117s prie\u017ei\u016brai"},"image":{"@id":"https:\/\/anivet.lt\/elparduotuve\/#\/schema\/logo\/image\/"}}]}},"_links":{"self":[{"href":"https:\/\/anivet.lt\/elparduotuve\/wp-json\/wp\/v2\/product\/21103","targetHints":{"allow":["GET"]}}],"collection":[{"href":"https:\/\/anivet.lt\/elparduotuve\/wp-json\/wp\/v2\/product"}],"about":[{"href":"https:\/\/anivet.lt\/elparduotuve\/wp-json\/wp\/v2\/types\/product"}],"wp:featuredmedia":[{"embeddable":true,"href":"https:\/\/anivet.lt\/elparduotuve\/wp-json\/wp\/v2\/media\/21104"}],"wp:attachment":[{"href":"https:\/\/anivet.lt\/elparduotuve\/wp-json\/wp\/v2\/media?parent=21103"}],"wp:term":[{"taxonomy":"product_brand","embeddable":true,"href":"https:\/\/anivet.lt\/elparduotuve\/wp-json\/wp\/v2\/product_brand?post=21103"},{"taxonomy":"product_cat","embeddable":true,"href":"https:\/\/anivet.lt\/elparduotuve\/wp-json\/wp\/v2\/product_cat?post=21103"},{"taxonomy":"product_tag","embeddable":true,"href":"https:\/\/anivet.lt\/elparduotuve\/wp-json\/wp\/v2\/product_tag?post=21103"}],"curies":[{"name":"wp","href":"https:\/\/api.w.org\/{rel}","templated":true}]}}