{"id":21109,"date":"2026-04-15T15:18:03","date_gmt":"2026-04-15T15:18:03","guid":{"rendered":"https:\/\/anivet.lt\/elparduotuve\/?post_type=product&#038;p=21109"},"modified":"2026-04-15T15:18:34","modified_gmt":"2026-04-15T15:18:34","slug":"reavet-sanariu-komplekto-milteliai-katems-50g","status":"publish","type":"product","link":"https:\/\/anivet.lt\/elparduotuve\/produktas\/reavet-sanariu-komplekto-milteliai-katems-50g\/","title":{"rendered":"ReaVET s\u0105nari\u0173 komplekto milteliai kat\u0117ms 50g"},"content":{"rendered":"<ul>\n<li>Padeda palaikyti normali\u0105 s\u0105nari\u0173 funkcij\u0105.<\/li>\n<li>Skatina nat\u016brali\u0105 kolageno gamyb\u0105.<\/li>\n<li>Auk\u0161tos kokyb\u0117s kolagenas i\u0161 \u017euv\u0173.<\/li>\n<li>Su nat\u016braliais er\u0161k\u0117tuogi\u0173 milteliais.<\/li>\n<li>Didelis biologinis prieinamumas.<\/li>\n<li>Tinka jautrioms, alergi\u0161koms ar diabetu sergan\u010dioms kat\u0117ms.<\/li>\n<\/ul>\n","protected":false},"excerpt":{"rendered":"<p>ReaVET s\u0105nari\u0173 komplekso milteliai kat\u0117ms \u2013 tai auk\u0161tos kokyb\u0117s papildas, sukurtas palaikyti J\u016bs\u0173 augintinio s\u0105nari\u0173, kaul\u0173 ir raumen\u0173 sveikat\u0105. Unikali formul\u0117 su j\u016briniu kolagenu ir er\u0161k\u0117tuogi\u0173 milteliais padeda u\u017etikrinti ger\u0105 judrum\u0105 ir kasdien\u012f komfort\u0105.<\/p>\n","protected":false},"featured_media":21110,"template":"","meta":[],"product_brand":[],"product_cat":[102,124],"product_tag":[],"class_list":{"0":"post-21109","1":"product","2":"type-product","3":"status-publish","4":"has-post-thumbnail","6":"product_cat-katems","7":"product_cat-vitaminai-ir-papildai-katems","8":"pa_prekinis-zenklas-reavet","10":"first","11":"instock","12":"taxable","13":"shipping-taxable","14":"purchasable","15":"product-type-simple"},"yoast_head":"<!-- This site is optimized with the Yoast SEO Premium plugin v27.1 (Yoast SEO v27.3) - https:\/\/yoast.com\/product\/yoast-seo-premium-wordpress\/ -->\n<title>ReaVET s\u0105nari\u0173 komplekto milteliai kat\u0117ms 50g - anivet.lt<\/title>\n<meta name=\"description\" content=\"ReaVET s\u0105nari\u0173 komplekso milteliai kat\u0117ms \u2013 tai auk\u0161tos kokyb\u0117s papildas, sukurtas palaikyti J\u016bs\u0173 augintinio s\u0105nari\u0173, kaul\u0173 ir raumen\u0173 sveikat\u0105. Unikali formul\u0117 su j\u016briniu kolagenu ir er\u0161k\u0117tuogi\u0173 milteliais padeda u\u017etikrinti ger\u0105 judrum\u0105 ir kasdien\u012f komfort\u0105.\" \/>\n<meta name=\"robots\" content=\"index, follow, max-snippet:-1, max-image-preview:large, max-video-preview:-1\" \/>\n<link rel=\"canonical\" href=\"https:\/\/anivet.lt\/elparduotuve\/produktas\/reavet-sanariu-komplekto-milteliai-katems-50g\/\" \/>\n<meta property=\"og:locale\" content=\"lt_LT\" \/>\n<meta property=\"og:type\" content=\"article\" \/>\n<meta property=\"og:title\" content=\"ReaVET s\u0105nari\u0173 komplekto milteliai kat\u0117ms 50g\" \/>\n<meta property=\"og:description\" content=\"ReaVET s\u0105nari\u0173 komplekso milteliai kat\u0117ms \u2013 tai auk\u0161tos kokyb\u0117s papildas, sukurtas palaikyti J\u016bs\u0173 augintinio s\u0105nari\u0173, kaul\u0173 ir raumen\u0173 sveikat\u0105. Unikali formul\u0117 su j\u016briniu kolagenu ir er\u0161k\u0117tuogi\u0173 milteliais padeda u\u017etikrinti ger\u0105 judrum\u0105 ir kasdien\u012f komfort\u0105.\" \/>\n<meta property=\"og:url\" content=\"https:\/\/anivet.lt\/elparduotuve\/produktas\/reavet-sanariu-komplekto-milteliai-katems-50g\/\" \/>\n<meta property=\"og:site_name\" content=\"anivet.lt\" \/>\n<meta property=\"article:modified_time\" content=\"2026-04-15T15:18:34+00:00\" \/>\n<meta property=\"og:image\" content=\"https:\/\/anivet.lt\/elparduotuve\/wp-content\/uploads\/2026\/04\/ReaVET-sanariu-komplekto-milteliai-katems-50g.jpg\" \/>\n\t<meta property=\"og:image:width\" content=\"500\" \/>\n\t<meta property=\"og:image:height\" content=\"500\" \/>\n\t<meta property=\"og:image:type\" content=\"image\/jpeg\" \/>\n<meta name=\"twitter:card\" content=\"summary_large_image\" \/>\n<meta name=\"twitter:label1\" content=\"Est. reading time\" \/>\n\t<meta name=\"twitter:data1\" content=\"1 minut\u0117\" \/>\n<script type=\"application\/ld+json\" class=\"yoast-schema-graph\">{\"@context\":\"https:\\\/\\\/schema.org\",\"@graph\":[{\"@type\":\"WebPage\",\"@id\":\"https:\\\/\\\/anivet.lt\\\/elparduotuve\\\/produktas\\\/reavet-sanariu-komplekto-milteliai-katems-50g\\\/\",\"url\":\"https:\\\/\\\/anivet.lt\\\/elparduotuve\\\/produktas\\\/reavet-sanariu-komplekto-milteliai-katems-50g\\\/\",\"name\":\"ReaVET s\u0105nari\u0173 komplekto milteliai kat\u0117ms 50g - anivet.lt\",\"isPartOf\":{\"@id\":\"https:\\\/\\\/anivet.lt\\\/elparduotuve\\\/#website\"},\"primaryImageOfPage\":{\"@id\":\"https:\\\/\\\/anivet.lt\\\/elparduotuve\\\/produktas\\\/reavet-sanariu-komplekto-milteliai-katems-50g\\\/#primaryimage\"},\"image\":{\"@id\":\"https:\\\/\\\/anivet.lt\\\/elparduotuve\\\/produktas\\\/reavet-sanariu-komplekto-milteliai-katems-50g\\\/#primaryimage\"},\"thumbnailUrl\":\"https:\\\/\\\/anivet.lt\\\/elparduotuve\\\/wp-content\\\/uploads\\\/2026\\\/04\\\/ReaVET-sanariu-komplekto-milteliai-katems-50g.jpg\",\"datePublished\":\"2026-04-15T15:18:03+00:00\",\"dateModified\":\"2026-04-15T15:18:34+00:00\",\"description\":\"ReaVET s\u0105nari\u0173 komplekso milteliai kat\u0117ms \u2013 tai auk\u0161tos kokyb\u0117s papildas, sukurtas palaikyti J\u016bs\u0173 augintinio s\u0105nari\u0173, kaul\u0173 ir raumen\u0173 sveikat\u0105. Unikali formul\u0117 su j\u016briniu kolagenu ir er\u0161k\u0117tuogi\u0173 milteliais padeda u\u017etikrinti ger\u0105 judrum\u0105 ir kasdien\u012f komfort\u0105.\",\"breadcrumb\":{\"@id\":\"https:\\\/\\\/anivet.lt\\\/elparduotuve\\\/produktas\\\/reavet-sanariu-komplekto-milteliai-katems-50g\\\/#breadcrumb\"},\"inLanguage\":\"lt-LT\",\"potentialAction\":[{\"@type\":\"ReadAction\",\"target\":[\"https:\\\/\\\/anivet.lt\\\/elparduotuve\\\/produktas\\\/reavet-sanariu-komplekto-milteliai-katems-50g\\\/\"]}]},{\"@type\":\"ImageObject\",\"inLanguage\":\"lt-LT\",\"@id\":\"https:\\\/\\\/anivet.lt\\\/elparduotuve\\\/produktas\\\/reavet-sanariu-komplekto-milteliai-katems-50g\\\/#primaryimage\",\"url\":\"https:\\\/\\\/anivet.lt\\\/elparduotuve\\\/wp-content\\\/uploads\\\/2026\\\/04\\\/ReaVET-sanariu-komplekto-milteliai-katems-50g.jpg\",\"contentUrl\":\"https:\\\/\\\/anivet.lt\\\/elparduotuve\\\/wp-content\\\/uploads\\\/2026\\\/04\\\/ReaVET-sanariu-komplekto-milteliai-katems-50g.jpg\",\"width\":500,\"height\":500},{\"@type\":\"BreadcrumbList\",\"@id\":\"https:\\\/\\\/anivet.lt\\\/elparduotuve\\\/produktas\\\/reavet-sanariu-komplekto-milteliai-katems-50g\\\/#breadcrumb\",\"itemListElement\":[{\"@type\":\"ListItem\",\"position\":1,\"name\":\"Home\",\"item\":\"https:\\\/\\\/anivet.lt\\\/elparduotuve\\\/\"},{\"@type\":\"ListItem\",\"position\":2,\"name\":\"Produktai\",\"item\":\"https:\\\/\\\/anivet.lt\\\/elparduotuve\\\/produktai\\\/\"},{\"@type\":\"ListItem\",\"position\":3,\"name\":\"ReaVET s\u0105nari\u0173 komplekto milteliai kat\u0117ms 50g\"}]},{\"@type\":\"WebSite\",\"@id\":\"https:\\\/\\\/anivet.lt\\\/elparduotuve\\\/#website\",\"url\":\"https:\\\/\\\/anivet.lt\\\/elparduotuve\\\/\",\"name\":\"anivet.lt\",\"description\":\"Viskas J\u016bs\u0173 \u0161uns, kat\u0117s prie\u017ei\u016brai\",\"publisher\":{\"@id\":\"https:\\\/\\\/anivet.lt\\\/elparduotuve\\\/#organization\"},\"alternateName\":\"Viskas J\u016bs\u0173 \u0161uns, kat\u0117s prie\u017ei\u016brai\",\"potentialAction\":[{\"@type\":\"SearchAction\",\"target\":{\"@type\":\"EntryPoint\",\"urlTemplate\":\"https:\\\/\\\/anivet.lt\\\/elparduotuve\\\/?s={search_term_string}\"},\"query-input\":{\"@type\":\"PropertyValueSpecification\",\"valueRequired\":true,\"valueName\":\"search_term_string\"}}],\"inLanguage\":\"lt-LT\"},{\"@type\":\"Organization\",\"@id\":\"https:\\\/\\\/anivet.lt\\\/elparduotuve\\\/#organization\",\"name\":\"Viskas J\u016bs\u0173 \u0161uns, kat\u0117s prie\u017ei\u016brai\",\"url\":\"https:\\\/\\\/anivet.lt\\\/elparduotuve\\\/\",\"logo\":{\"@type\":\"ImageObject\",\"inLanguage\":\"lt-LT\",\"@id\":\"https:\\\/\\\/anivet.lt\\\/elparduotuve\\\/#\\\/schema\\\/logo\\\/image\\\/\",\"url\":\"https:\\\/\\\/anivet.lt\\\/elparduotuve\\\/wp-content\\\/uploads\\\/2023\\\/06\\\/logo2.jpg\",\"contentUrl\":\"https:\\\/\\\/anivet.lt\\\/elparduotuve\\\/wp-content\\\/uploads\\\/2023\\\/06\\\/logo2.jpg\",\"width\":655,\"height\":194,\"caption\":\"Viskas J\u016bs\u0173 \u0161uns, kat\u0117s prie\u017ei\u016brai\"},\"image\":{\"@id\":\"https:\\\/\\\/anivet.lt\\\/elparduotuve\\\/#\\\/schema\\\/logo\\\/image\\\/\"}}]}<\/script>\n<!-- \/ Yoast SEO Premium plugin. -->","yoast_head_json":{"title":"ReaVET s\u0105nari\u0173 komplekto milteliai kat\u0117ms 50g - anivet.lt","description":"ReaVET s\u0105nari\u0173 komplekso milteliai kat\u0117ms \u2013 tai auk\u0161tos kokyb\u0117s papildas, sukurtas palaikyti J\u016bs\u0173 augintinio s\u0105nari\u0173, kaul\u0173 ir raumen\u0173 sveikat\u0105. Unikali formul\u0117 su j\u016briniu kolagenu ir er\u0161k\u0117tuogi\u0173 milteliais padeda u\u017etikrinti ger\u0105 judrum\u0105 ir kasdien\u012f komfort\u0105.","robots":{"index":"index","follow":"follow","max-snippet":"max-snippet:-1","max-image-preview":"max-image-preview:large","max-video-preview":"max-video-preview:-1"},"canonical":"https:\/\/anivet.lt\/elparduotuve\/produktas\/reavet-sanariu-komplekto-milteliai-katems-50g\/","og_locale":"lt_LT","og_type":"article","og_title":"ReaVET s\u0105nari\u0173 komplekto milteliai kat\u0117ms 50g","og_description":"ReaVET s\u0105nari\u0173 komplekso milteliai kat\u0117ms \u2013 tai auk\u0161tos kokyb\u0117s papildas, sukurtas palaikyti J\u016bs\u0173 augintinio s\u0105nari\u0173, kaul\u0173 ir raumen\u0173 sveikat\u0105. Unikali formul\u0117 su j\u016briniu kolagenu ir er\u0161k\u0117tuogi\u0173 milteliais padeda u\u017etikrinti ger\u0105 judrum\u0105 ir kasdien\u012f komfort\u0105.","og_url":"https:\/\/anivet.lt\/elparduotuve\/produktas\/reavet-sanariu-komplekto-milteliai-katems-50g\/","og_site_name":"anivet.lt","article_modified_time":"2026-04-15T15:18:34+00:00","og_image":[{"width":500,"height":500,"url":"https:\/\/anivet.lt\/elparduotuve\/wp-content\/uploads\/2026\/04\/ReaVET-sanariu-komplekto-milteliai-katems-50g.jpg","type":"image\/jpeg"}],"twitter_card":"summary_large_image","twitter_misc":{"Est. reading time":"1 minut\u0117"},"schema":{"@context":"https:\/\/schema.org","@graph":[{"@type":"WebPage","@id":"https:\/\/anivet.lt\/elparduotuve\/produktas\/reavet-sanariu-komplekto-milteliai-katems-50g\/","url":"https:\/\/anivet.lt\/elparduotuve\/produktas\/reavet-sanariu-komplekto-milteliai-katems-50g\/","name":"ReaVET s\u0105nari\u0173 komplekto milteliai kat\u0117ms 50g - anivet.lt","isPartOf":{"@id":"https:\/\/anivet.lt\/elparduotuve\/#website"},"primaryImageOfPage":{"@id":"https:\/\/anivet.lt\/elparduotuve\/produktas\/reavet-sanariu-komplekto-milteliai-katems-50g\/#primaryimage"},"image":{"@id":"https:\/\/anivet.lt\/elparduotuve\/produktas\/reavet-sanariu-komplekto-milteliai-katems-50g\/#primaryimage"},"thumbnailUrl":"https:\/\/anivet.lt\/elparduotuve\/wp-content\/uploads\/2026\/04\/ReaVET-sanariu-komplekto-milteliai-katems-50g.jpg","datePublished":"2026-04-15T15:18:03+00:00","dateModified":"2026-04-15T15:18:34+00:00","description":"ReaVET s\u0105nari\u0173 komplekso milteliai kat\u0117ms \u2013 tai auk\u0161tos kokyb\u0117s papildas, sukurtas palaikyti J\u016bs\u0173 augintinio s\u0105nari\u0173, kaul\u0173 ir raumen\u0173 sveikat\u0105. Unikali formul\u0117 su j\u016briniu kolagenu ir er\u0161k\u0117tuogi\u0173 milteliais padeda u\u017etikrinti ger\u0105 judrum\u0105 ir kasdien\u012f komfort\u0105.","breadcrumb":{"@id":"https:\/\/anivet.lt\/elparduotuve\/produktas\/reavet-sanariu-komplekto-milteliai-katems-50g\/#breadcrumb"},"inLanguage":"lt-LT","potentialAction":[{"@type":"ReadAction","target":["https:\/\/anivet.lt\/elparduotuve\/produktas\/reavet-sanariu-komplekto-milteliai-katems-50g\/"]}]},{"@type":"ImageObject","inLanguage":"lt-LT","@id":"https:\/\/anivet.lt\/elparduotuve\/produktas\/reavet-sanariu-komplekto-milteliai-katems-50g\/#primaryimage","url":"https:\/\/anivet.lt\/elparduotuve\/wp-content\/uploads\/2026\/04\/ReaVET-sanariu-komplekto-milteliai-katems-50g.jpg","contentUrl":"https:\/\/anivet.lt\/elparduotuve\/wp-content\/uploads\/2026\/04\/ReaVET-sanariu-komplekto-milteliai-katems-50g.jpg","width":500,"height":500},{"@type":"BreadcrumbList","@id":"https:\/\/anivet.lt\/elparduotuve\/produktas\/reavet-sanariu-komplekto-milteliai-katems-50g\/#breadcrumb","itemListElement":[{"@type":"ListItem","position":1,"name":"Home","item":"https:\/\/anivet.lt\/elparduotuve\/"},{"@type":"ListItem","position":2,"name":"Produktai","item":"https:\/\/anivet.lt\/elparduotuve\/produktai\/"},{"@type":"ListItem","position":3,"name":"ReaVET s\u0105nari\u0173 komplekto milteliai kat\u0117ms 50g"}]},{"@type":"WebSite","@id":"https:\/\/anivet.lt\/elparduotuve\/#website","url":"https:\/\/anivet.lt\/elparduotuve\/","name":"anivet.lt","description":"Viskas J\u016bs\u0173 \u0161uns, kat\u0117s prie\u017ei\u016brai","publisher":{"@id":"https:\/\/anivet.lt\/elparduotuve\/#organization"},"alternateName":"Viskas J\u016bs\u0173 \u0161uns, kat\u0117s prie\u017ei\u016brai","potentialAction":[{"@type":"SearchAction","target":{"@type":"EntryPoint","urlTemplate":"https:\/\/anivet.lt\/elparduotuve\/?s={search_term_string}"},"query-input":{"@type":"PropertyValueSpecification","valueRequired":true,"valueName":"search_term_string"}}],"inLanguage":"lt-LT"},{"@type":"Organization","@id":"https:\/\/anivet.lt\/elparduotuve\/#organization","name":"Viskas J\u016bs\u0173 \u0161uns, kat\u0117s prie\u017ei\u016brai","url":"https:\/\/anivet.lt\/elparduotuve\/","logo":{"@type":"ImageObject","inLanguage":"lt-LT","@id":"https:\/\/anivet.lt\/elparduotuve\/#\/schema\/logo\/image\/","url":"https:\/\/anivet.lt\/elparduotuve\/wp-content\/uploads\/2023\/06\/logo2.jpg","contentUrl":"https:\/\/anivet.lt\/elparduotuve\/wp-content\/uploads\/2023\/06\/logo2.jpg","width":655,"height":194,"caption":"Viskas J\u016bs\u0173 \u0161uns, kat\u0117s prie\u017ei\u016brai"},"image":{"@id":"https:\/\/anivet.lt\/elparduotuve\/#\/schema\/logo\/image\/"}}]}},"_links":{"self":[{"href":"https:\/\/anivet.lt\/elparduotuve\/wp-json\/wp\/v2\/product\/21109","targetHints":{"allow":["GET"]}}],"collection":[{"href":"https:\/\/anivet.lt\/elparduotuve\/wp-json\/wp\/v2\/product"}],"about":[{"href":"https:\/\/anivet.lt\/elparduotuve\/wp-json\/wp\/v2\/types\/product"}],"wp:featuredmedia":[{"embeddable":true,"href":"https:\/\/anivet.lt\/elparduotuve\/wp-json\/wp\/v2\/media\/21110"}],"wp:attachment":[{"href":"https:\/\/anivet.lt\/elparduotuve\/wp-json\/wp\/v2\/media?parent=21109"}],"wp:term":[{"taxonomy":"product_brand","embeddable":true,"href":"https:\/\/anivet.lt\/elparduotuve\/wp-json\/wp\/v2\/product_brand?post=21109"},{"taxonomy":"product_cat","embeddable":true,"href":"https:\/\/anivet.lt\/elparduotuve\/wp-json\/wp\/v2\/product_cat?post=21109"},{"taxonomy":"product_tag","embeddable":true,"href":"https:\/\/anivet.lt\/elparduotuve\/wp-json\/wp\/v2\/product_tag?post=21109"}],"curies":[{"name":"wp","href":"https:\/\/api.w.org\/{rel}","templated":true}]}}