{"id":21118,"date":"2026-04-16T08:56:09","date_gmt":"2026-04-16T08:56:09","guid":{"rendered":"https:\/\/anivet.lt\/elparduotuve\/?post_type=product&#038;p=21118"},"modified":"2026-04-16T08:56:10","modified_gmt":"2026-04-16T08:56:10","slug":"josera-pate-beef-chicken-goulash-begrudis-guliasas-katems-su-jautiena-ir-vistiena-16x85g","status":"publish","type":"product","link":"https:\/\/anivet.lt\/elparduotuve\/produktas\/josera-pate-beef-chicken-goulash-begrudis-guliasas-katems-su-jautiena-ir-vistiena-16x85g\/","title":{"rendered":"Josera Pat\u00e9 Beef &#038; Chicken Goulash begr\u016bdis gulia\u0161as kat\u0117ms su jautiena ir vi\u0161tiena 16x85g"},"content":{"rendered":"<ul>\n<li>\u201eJosera Pat\u00e9 Goulash Beef &amp; Chicken\u201c recept\u016bra praturtinta visomis svarbiausiomis maistin\u0117mis med\u017eiagomis, kurios padeda palaikyti ger\u0105 augintinio savijaut\u0105 kasdien.<\/li>\n<li>\u0160is ka\u010di\u0173 maistas su jautiena ir vi\u0161tiena i\u0161siskiria subalansuota sud\u0117timi: jame gausu omega-3 ir omega-6 riebal\u0173 r\u016bg\u0161\u010di\u0173, kurios prisideda prie sveikos odos ir \u017evilgan\u010dio kailio.<\/li>\n<li>Sud\u0117tyje esan\u010dios maistin\u0117s skaidulos padeda suma\u017einti plauk\u0173 kamuoliuk\u0173 susidarym\u0105 vir\u0161kinimo trakte.<\/li>\n<li>Prakti\u0161kas vienos porcijos pakuot\u0117s formatas u\u017etikrina patog\u0173 \u0161\u0117rim\u0105 ir \u0161vie\u017eum\u0105 kiekvieno maitinimo metu.<\/li>\n<li>D\u0117l begr\u016bd\u0117s sud\u0117ties \u0161is \u0161lapias maistas kat\u0117ms puikiai tinka tiek jautrioms, tiek sveikoms kat\u0117ms kasdienei mitybai.<\/li>\n<\/ul>\n","protected":false},"excerpt":{"rendered":"<p>Josera konservai kat\u0117ms su jautiena ir vi\u0161tiena \u2013 tai auk\u0161tos kokyb\u0117s begr\u016bdis \u0161lapias maistas, skirtas visavertei suaugusi\u0173 ka\u010di\u0173 mitybai.<\/p>\n","protected":false},"featured_media":21119,"template":"","meta":[],"product_brand":[],"product_cat":[114,102,116,342],"product_tag":[],"class_list":{"0":"post-21118","1":"product","2":"type-product","3":"status-publish","4":"has-post-thumbnail","6":"product_cat-kaciu-maistas","7":"product_cat-katems","8":"product_cat-konservai-katems","9":"product_cat-josera-kaciu-maistas","10":"pa_prekinis-zenklas-josera","12":"first","13":"instock","14":"taxable","15":"shipping-taxable","16":"purchasable","17":"product-type-simple"},"yoast_head":"<!-- This site is optimized with the Yoast SEO Premium plugin v27.1 (Yoast SEO v27.3) - https:\/\/yoast.com\/product\/yoast-seo-premium-wordpress\/ -->\n<title>Josera Pat\u00e9 Beef &amp; Chicken Goulash begr\u016bdis gulia\u0161as kat\u0117ms su jautiena ir vi\u0161tiena 16x85g - anivet.lt<\/title>\n<meta name=\"description\" content=\"Josera konservai kat\u0117ms su jautiena ir vi\u0161tiena \u2013 tai auk\u0161tos kokyb\u0117s begr\u016bdis \u0161lapias maistas, skirtas visavertei suaugusi\u0173 ka\u010di\u0173 mitybai.\" \/>\n<meta name=\"robots\" content=\"index, follow, max-snippet:-1, max-image-preview:large, max-video-preview:-1\" \/>\n<link rel=\"canonical\" href=\"https:\/\/anivet.lt\/elparduotuve\/produktas\/josera-pate-beef-chicken-goulash-begrudis-guliasas-katems-su-jautiena-ir-vistiena-16x85g\/\" \/>\n<meta property=\"og:locale\" content=\"lt_LT\" \/>\n<meta property=\"og:type\" content=\"article\" \/>\n<meta property=\"og:title\" content=\"Josera Pat\u00e9 Beef &amp; Chicken Goulash begr\u016bdis gulia\u0161as kat\u0117ms su jautiena ir vi\u0161tiena 16x85g\" \/>\n<meta property=\"og:description\" content=\"Josera konservai kat\u0117ms su jautiena ir vi\u0161tiena \u2013 tai auk\u0161tos kokyb\u0117s begr\u016bdis \u0161lapias maistas, skirtas visavertei suaugusi\u0173 ka\u010di\u0173 mitybai.\" \/>\n<meta property=\"og:url\" content=\"https:\/\/anivet.lt\/elparduotuve\/produktas\/josera-pate-beef-chicken-goulash-begrudis-guliasas-katems-su-jautiena-ir-vistiena-16x85g\/\" \/>\n<meta property=\"og:site_name\" content=\"anivet.lt\" \/>\n<meta property=\"article:modified_time\" content=\"2026-04-16T08:56:10+00:00\" \/>\n<meta property=\"og:image\" content=\"https:\/\/anivet.lt\/elparduotuve\/wp-content\/uploads\/2026\/04\/Josera-Pate-Beef-Chicken-Goulash-begrudis-guliasas-katems-su-jautiena-ir-vistiena-16x85g.jpg\" \/>\n\t<meta property=\"og:image:width\" content=\"500\" \/>\n\t<meta property=\"og:image:height\" content=\"500\" \/>\n\t<meta property=\"og:image:type\" content=\"image\/jpeg\" \/>\n<meta name=\"twitter:card\" content=\"summary_large_image\" \/>\n<meta name=\"twitter:label1\" content=\"Est. reading time\" \/>\n\t<meta name=\"twitter:data1\" content=\"1 minut\u0117\" \/>\n<script type=\"application\/ld+json\" class=\"yoast-schema-graph\">{\"@context\":\"https:\\\/\\\/schema.org\",\"@graph\":[{\"@type\":\"WebPage\",\"@id\":\"https:\\\/\\\/anivet.lt\\\/elparduotuve\\\/produktas\\\/josera-pate-beef-chicken-goulash-begrudis-guliasas-katems-su-jautiena-ir-vistiena-16x85g\\\/\",\"url\":\"https:\\\/\\\/anivet.lt\\\/elparduotuve\\\/produktas\\\/josera-pate-beef-chicken-goulash-begrudis-guliasas-katems-su-jautiena-ir-vistiena-16x85g\\\/\",\"name\":\"Josera Pat\u00e9 Beef & Chicken Goulash begr\u016bdis gulia\u0161as kat\u0117ms su jautiena ir vi\u0161tiena 16x85g - anivet.lt\",\"isPartOf\":{\"@id\":\"https:\\\/\\\/anivet.lt\\\/elparduotuve\\\/#website\"},\"primaryImageOfPage\":{\"@id\":\"https:\\\/\\\/anivet.lt\\\/elparduotuve\\\/produktas\\\/josera-pate-beef-chicken-goulash-begrudis-guliasas-katems-su-jautiena-ir-vistiena-16x85g\\\/#primaryimage\"},\"image\":{\"@id\":\"https:\\\/\\\/anivet.lt\\\/elparduotuve\\\/produktas\\\/josera-pate-beef-chicken-goulash-begrudis-guliasas-katems-su-jautiena-ir-vistiena-16x85g\\\/#primaryimage\"},\"thumbnailUrl\":\"https:\\\/\\\/anivet.lt\\\/elparduotuve\\\/wp-content\\\/uploads\\\/2026\\\/04\\\/Josera-Pate-Beef-Chicken-Goulash-begrudis-guliasas-katems-su-jautiena-ir-vistiena-16x85g.jpg\",\"datePublished\":\"2026-04-16T08:56:09+00:00\",\"dateModified\":\"2026-04-16T08:56:10+00:00\",\"description\":\"Josera konservai kat\u0117ms su jautiena ir vi\u0161tiena \u2013 tai auk\u0161tos kokyb\u0117s begr\u016bdis \u0161lapias maistas, skirtas visavertei suaugusi\u0173 ka\u010di\u0173 mitybai.\",\"breadcrumb\":{\"@id\":\"https:\\\/\\\/anivet.lt\\\/elparduotuve\\\/produktas\\\/josera-pate-beef-chicken-goulash-begrudis-guliasas-katems-su-jautiena-ir-vistiena-16x85g\\\/#breadcrumb\"},\"inLanguage\":\"lt-LT\",\"potentialAction\":[{\"@type\":\"ReadAction\",\"target\":[\"https:\\\/\\\/anivet.lt\\\/elparduotuve\\\/produktas\\\/josera-pate-beef-chicken-goulash-begrudis-guliasas-katems-su-jautiena-ir-vistiena-16x85g\\\/\"]}]},{\"@type\":\"ImageObject\",\"inLanguage\":\"lt-LT\",\"@id\":\"https:\\\/\\\/anivet.lt\\\/elparduotuve\\\/produktas\\\/josera-pate-beef-chicken-goulash-begrudis-guliasas-katems-su-jautiena-ir-vistiena-16x85g\\\/#primaryimage\",\"url\":\"https:\\\/\\\/anivet.lt\\\/elparduotuve\\\/wp-content\\\/uploads\\\/2026\\\/04\\\/Josera-Pate-Beef-Chicken-Goulash-begrudis-guliasas-katems-su-jautiena-ir-vistiena-16x85g.jpg\",\"contentUrl\":\"https:\\\/\\\/anivet.lt\\\/elparduotuve\\\/wp-content\\\/uploads\\\/2026\\\/04\\\/Josera-Pate-Beef-Chicken-Goulash-begrudis-guliasas-katems-su-jautiena-ir-vistiena-16x85g.jpg\",\"width\":500,\"height\":500,\"caption\":\"Josera Pat\u00e9 Beef & Chicken Goulash begr\u016bdis gulia\u0161as kat\u0117ms su jautiena ir vi\u0161tiena 16x85g\"},{\"@type\":\"BreadcrumbList\",\"@id\":\"https:\\\/\\\/anivet.lt\\\/elparduotuve\\\/produktas\\\/josera-pate-beef-chicken-goulash-begrudis-guliasas-katems-su-jautiena-ir-vistiena-16x85g\\\/#breadcrumb\",\"itemListElement\":[{\"@type\":\"ListItem\",\"position\":1,\"name\":\"Home\",\"item\":\"https:\\\/\\\/anivet.lt\\\/elparduotuve\\\/\"},{\"@type\":\"ListItem\",\"position\":2,\"name\":\"Produktai\",\"item\":\"https:\\\/\\\/anivet.lt\\\/elparduotuve\\\/produktai\\\/\"},{\"@type\":\"ListItem\",\"position\":3,\"name\":\"Josera Pat\u00e9 Beef &#038; Chicken Goulash begr\u016bdis gulia\u0161as kat\u0117ms su jautiena ir vi\u0161tiena 16x85g\"}]},{\"@type\":\"WebSite\",\"@id\":\"https:\\\/\\\/anivet.lt\\\/elparduotuve\\\/#website\",\"url\":\"https:\\\/\\\/anivet.lt\\\/elparduotuve\\\/\",\"name\":\"anivet.lt\",\"description\":\"Viskas J\u016bs\u0173 \u0161uns, kat\u0117s prie\u017ei\u016brai\",\"publisher\":{\"@id\":\"https:\\\/\\\/anivet.lt\\\/elparduotuve\\\/#organization\"},\"alternateName\":\"Viskas J\u016bs\u0173 \u0161uns, kat\u0117s prie\u017ei\u016brai\",\"potentialAction\":[{\"@type\":\"SearchAction\",\"target\":{\"@type\":\"EntryPoint\",\"urlTemplate\":\"https:\\\/\\\/anivet.lt\\\/elparduotuve\\\/?s={search_term_string}\"},\"query-input\":{\"@type\":\"PropertyValueSpecification\",\"valueRequired\":true,\"valueName\":\"search_term_string\"}}],\"inLanguage\":\"lt-LT\"},{\"@type\":\"Organization\",\"@id\":\"https:\\\/\\\/anivet.lt\\\/elparduotuve\\\/#organization\",\"name\":\"Viskas J\u016bs\u0173 \u0161uns, kat\u0117s prie\u017ei\u016brai\",\"url\":\"https:\\\/\\\/anivet.lt\\\/elparduotuve\\\/\",\"logo\":{\"@type\":\"ImageObject\",\"inLanguage\":\"lt-LT\",\"@id\":\"https:\\\/\\\/anivet.lt\\\/elparduotuve\\\/#\\\/schema\\\/logo\\\/image\\\/\",\"url\":\"https:\\\/\\\/anivet.lt\\\/elparduotuve\\\/wp-content\\\/uploads\\\/2023\\\/06\\\/logo2.jpg\",\"contentUrl\":\"https:\\\/\\\/anivet.lt\\\/elparduotuve\\\/wp-content\\\/uploads\\\/2023\\\/06\\\/logo2.jpg\",\"width\":655,\"height\":194,\"caption\":\"Viskas J\u016bs\u0173 \u0161uns, kat\u0117s prie\u017ei\u016brai\"},\"image\":{\"@id\":\"https:\\\/\\\/anivet.lt\\\/elparduotuve\\\/#\\\/schema\\\/logo\\\/image\\\/\"}}]}<\/script>\n<!-- \/ Yoast SEO Premium plugin. -->","yoast_head_json":{"title":"Josera Pat\u00e9 Beef & Chicken Goulash begr\u016bdis gulia\u0161as kat\u0117ms su jautiena ir vi\u0161tiena 16x85g - anivet.lt","description":"Josera konservai kat\u0117ms su jautiena ir vi\u0161tiena \u2013 tai auk\u0161tos kokyb\u0117s begr\u016bdis \u0161lapias maistas, skirtas visavertei suaugusi\u0173 ka\u010di\u0173 mitybai.","robots":{"index":"index","follow":"follow","max-snippet":"max-snippet:-1","max-image-preview":"max-image-preview:large","max-video-preview":"max-video-preview:-1"},"canonical":"https:\/\/anivet.lt\/elparduotuve\/produktas\/josera-pate-beef-chicken-goulash-begrudis-guliasas-katems-su-jautiena-ir-vistiena-16x85g\/","og_locale":"lt_LT","og_type":"article","og_title":"Josera Pat\u00e9 Beef & Chicken Goulash begr\u016bdis gulia\u0161as kat\u0117ms su jautiena ir vi\u0161tiena 16x85g","og_description":"Josera konservai kat\u0117ms su jautiena ir vi\u0161tiena \u2013 tai auk\u0161tos kokyb\u0117s begr\u016bdis \u0161lapias maistas, skirtas visavertei suaugusi\u0173 ka\u010di\u0173 mitybai.","og_url":"https:\/\/anivet.lt\/elparduotuve\/produktas\/josera-pate-beef-chicken-goulash-begrudis-guliasas-katems-su-jautiena-ir-vistiena-16x85g\/","og_site_name":"anivet.lt","article_modified_time":"2026-04-16T08:56:10+00:00","og_image":[{"width":500,"height":500,"url":"https:\/\/anivet.lt\/elparduotuve\/wp-content\/uploads\/2026\/04\/Josera-Pate-Beef-Chicken-Goulash-begrudis-guliasas-katems-su-jautiena-ir-vistiena-16x85g.jpg","type":"image\/jpeg"}],"twitter_card":"summary_large_image","twitter_misc":{"Est. reading time":"1 minut\u0117"},"schema":{"@context":"https:\/\/schema.org","@graph":[{"@type":"WebPage","@id":"https:\/\/anivet.lt\/elparduotuve\/produktas\/josera-pate-beef-chicken-goulash-begrudis-guliasas-katems-su-jautiena-ir-vistiena-16x85g\/","url":"https:\/\/anivet.lt\/elparduotuve\/produktas\/josera-pate-beef-chicken-goulash-begrudis-guliasas-katems-su-jautiena-ir-vistiena-16x85g\/","name":"Josera Pat\u00e9 Beef & Chicken Goulash begr\u016bdis gulia\u0161as kat\u0117ms su jautiena ir vi\u0161tiena 16x85g - anivet.lt","isPartOf":{"@id":"https:\/\/anivet.lt\/elparduotuve\/#website"},"primaryImageOfPage":{"@id":"https:\/\/anivet.lt\/elparduotuve\/produktas\/josera-pate-beef-chicken-goulash-begrudis-guliasas-katems-su-jautiena-ir-vistiena-16x85g\/#primaryimage"},"image":{"@id":"https:\/\/anivet.lt\/elparduotuve\/produktas\/josera-pate-beef-chicken-goulash-begrudis-guliasas-katems-su-jautiena-ir-vistiena-16x85g\/#primaryimage"},"thumbnailUrl":"https:\/\/anivet.lt\/elparduotuve\/wp-content\/uploads\/2026\/04\/Josera-Pate-Beef-Chicken-Goulash-begrudis-guliasas-katems-su-jautiena-ir-vistiena-16x85g.jpg","datePublished":"2026-04-16T08:56:09+00:00","dateModified":"2026-04-16T08:56:10+00:00","description":"Josera konservai kat\u0117ms su jautiena ir vi\u0161tiena \u2013 tai auk\u0161tos kokyb\u0117s begr\u016bdis \u0161lapias maistas, skirtas visavertei suaugusi\u0173 ka\u010di\u0173 mitybai.","breadcrumb":{"@id":"https:\/\/anivet.lt\/elparduotuve\/produktas\/josera-pate-beef-chicken-goulash-begrudis-guliasas-katems-su-jautiena-ir-vistiena-16x85g\/#breadcrumb"},"inLanguage":"lt-LT","potentialAction":[{"@type":"ReadAction","target":["https:\/\/anivet.lt\/elparduotuve\/produktas\/josera-pate-beef-chicken-goulash-begrudis-guliasas-katems-su-jautiena-ir-vistiena-16x85g\/"]}]},{"@type":"ImageObject","inLanguage":"lt-LT","@id":"https:\/\/anivet.lt\/elparduotuve\/produktas\/josera-pate-beef-chicken-goulash-begrudis-guliasas-katems-su-jautiena-ir-vistiena-16x85g\/#primaryimage","url":"https:\/\/anivet.lt\/elparduotuve\/wp-content\/uploads\/2026\/04\/Josera-Pate-Beef-Chicken-Goulash-begrudis-guliasas-katems-su-jautiena-ir-vistiena-16x85g.jpg","contentUrl":"https:\/\/anivet.lt\/elparduotuve\/wp-content\/uploads\/2026\/04\/Josera-Pate-Beef-Chicken-Goulash-begrudis-guliasas-katems-su-jautiena-ir-vistiena-16x85g.jpg","width":500,"height":500,"caption":"Josera Pat\u00e9 Beef & Chicken Goulash begr\u016bdis gulia\u0161as kat\u0117ms su jautiena ir vi\u0161tiena 16x85g"},{"@type":"BreadcrumbList","@id":"https:\/\/anivet.lt\/elparduotuve\/produktas\/josera-pate-beef-chicken-goulash-begrudis-guliasas-katems-su-jautiena-ir-vistiena-16x85g\/#breadcrumb","itemListElement":[{"@type":"ListItem","position":1,"name":"Home","item":"https:\/\/anivet.lt\/elparduotuve\/"},{"@type":"ListItem","position":2,"name":"Produktai","item":"https:\/\/anivet.lt\/elparduotuve\/produktai\/"},{"@type":"ListItem","position":3,"name":"Josera Pat\u00e9 Beef &#038; Chicken Goulash begr\u016bdis gulia\u0161as kat\u0117ms su jautiena ir vi\u0161tiena 16x85g"}]},{"@type":"WebSite","@id":"https:\/\/anivet.lt\/elparduotuve\/#website","url":"https:\/\/anivet.lt\/elparduotuve\/","name":"anivet.lt","description":"Viskas J\u016bs\u0173 \u0161uns, kat\u0117s prie\u017ei\u016brai","publisher":{"@id":"https:\/\/anivet.lt\/elparduotuve\/#organization"},"alternateName":"Viskas J\u016bs\u0173 \u0161uns, kat\u0117s prie\u017ei\u016brai","potentialAction":[{"@type":"SearchAction","target":{"@type":"EntryPoint","urlTemplate":"https:\/\/anivet.lt\/elparduotuve\/?s={search_term_string}"},"query-input":{"@type":"PropertyValueSpecification","valueRequired":true,"valueName":"search_term_string"}}],"inLanguage":"lt-LT"},{"@type":"Organization","@id":"https:\/\/anivet.lt\/elparduotuve\/#organization","name":"Viskas J\u016bs\u0173 \u0161uns, kat\u0117s prie\u017ei\u016brai","url":"https:\/\/anivet.lt\/elparduotuve\/","logo":{"@type":"ImageObject","inLanguage":"lt-LT","@id":"https:\/\/anivet.lt\/elparduotuve\/#\/schema\/logo\/image\/","url":"https:\/\/anivet.lt\/elparduotuve\/wp-content\/uploads\/2023\/06\/logo2.jpg","contentUrl":"https:\/\/anivet.lt\/elparduotuve\/wp-content\/uploads\/2023\/06\/logo2.jpg","width":655,"height":194,"caption":"Viskas J\u016bs\u0173 \u0161uns, kat\u0117s prie\u017ei\u016brai"},"image":{"@id":"https:\/\/anivet.lt\/elparduotuve\/#\/schema\/logo\/image\/"}}]}},"_links":{"self":[{"href":"https:\/\/anivet.lt\/elparduotuve\/wp-json\/wp\/v2\/product\/21118","targetHints":{"allow":["GET"]}}],"collection":[{"href":"https:\/\/anivet.lt\/elparduotuve\/wp-json\/wp\/v2\/product"}],"about":[{"href":"https:\/\/anivet.lt\/elparduotuve\/wp-json\/wp\/v2\/types\/product"}],"wp:featuredmedia":[{"embeddable":true,"href":"https:\/\/anivet.lt\/elparduotuve\/wp-json\/wp\/v2\/media\/21119"}],"wp:attachment":[{"href":"https:\/\/anivet.lt\/elparduotuve\/wp-json\/wp\/v2\/media?parent=21118"}],"wp:term":[{"taxonomy":"product_brand","embeddable":true,"href":"https:\/\/anivet.lt\/elparduotuve\/wp-json\/wp\/v2\/product_brand?post=21118"},{"taxonomy":"product_cat","embeddable":true,"href":"https:\/\/anivet.lt\/elparduotuve\/wp-json\/wp\/v2\/product_cat?post=21118"},{"taxonomy":"product_tag","embeddable":true,"href":"https:\/\/anivet.lt\/elparduotuve\/wp-json\/wp\/v2\/product_tag?post=21118"}],"curies":[{"name":"wp","href":"https:\/\/api.w.org\/{rel}","templated":true}]}}