{"id":21120,"date":"2026-04-16T09:09:27","date_gmt":"2026-04-16T09:09:27","guid":{"rendered":"https:\/\/anivet.lt\/elparduotuve\/?post_type=product&#038;p=21120"},"modified":"2026-04-16T09:09:28","modified_gmt":"2026-04-16T09:09:28","slug":"josera-meat-lovers-junior-menu-turkey-konservai-jauniems-sunims-su-kalakutiena-400g","status":"publish","type":"product","link":"https:\/\/anivet.lt\/elparduotuve\/produktas\/josera-meat-lovers-junior-menu-turkey-konservai-jauniems-sunims-su-kalakutiena-400g\/","title":{"rendered":"Josera Meat Lovers Junior Menu Turkey konservai jauniems \u0161unims su kalakutiena 400g"},"content":{"rendered":"<ul>\n<li>\u0160ie super premium klas\u0117s konservai pasi\u017eymi itin dideliu m\u0117sos kiekiu \u2013 net 65 %, tod\u0117l u\u017etikrina pakankam\u0105 baltym\u0173 kiek\u012f sveikam augimui ir energijai.<\/li>\n<li>Sud\u0117tyje esanti kalakutiena ir la\u0161i\u0161a suteikia ne tik puik\u0173 skon\u012f, bet ir verting\u0173 maistini\u0173 med\u017eiag\u0173.<\/li>\n<li>Maistas papildytas la\u0161i\u0161\u0173 aliejumi, kuris yra nat\u016bralus omega-3 riebal\u0173 r\u016bg\u0161\u010di\u0173 \u0161altinis, padedantis palaikyti sveik\u0105 od\u0105, kail\u012f ir tinkam\u0105 smegen\u0173 vystym\u0105si.<\/li>\n<li>Begr\u016bd\u0117 sud\u0117tis ir joki\u0173 dirbtini\u0173 pried\u0173 \u2013 be da\u017eikli\u0173, kvapi\u0173j\u0173 med\u017eiag\u0173 ar konservant\u0173 \u2013 leid\u017eia \u0161\u012f maist\u0105 saugiai rinktis net jautresniems \u0161uniukams.<\/li>\n<\/ul>\n","protected":false},"excerpt":{"rendered":"<p>Josera \u201eMeat Lovers\u201c konservai jauniems \u0161unims su kalakutiena ir la\u0161i\u0161a \u2013 tai auk\u0161tos kokyb\u0117s, subalansuotas \u0161lapias maistas, skirtas augantiems \u0161uniukams. Recept\u016bra sukurta taip, kad patenkint\u0173 jaun\u0173 \u0161un\u0173 mitybos poreikius nuo pat ankstyvo am\u017eiaus.<\/p>\n","protected":false},"featured_media":21121,"template":"","meta":[],"product_brand":[],"product_cat":[101,103,105,334],"product_tag":[],"class_list":{"0":"post-21120","1":"product","2":"type-product","3":"status-publish","4":"has-post-thumbnail","6":"product_cat-sunims","7":"product_cat-sunu-maistas","8":"product_cat-konservai","9":"product_cat-josera-sunu-maistas","10":"pa_prekinis-zenklas-josera","12":"first","13":"instock","14":"taxable","15":"shipping-taxable","16":"purchasable","17":"product-type-simple"},"yoast_head":"<!-- This site is optimized with the Yoast SEO Premium plugin v27.1 (Yoast SEO v27.3) - https:\/\/yoast.com\/product\/yoast-seo-premium-wordpress\/ -->\n<title>Josera Meat Lovers Junior Menu Turkey konservai jauniems \u0161unims su kalakutiena 400g - anivet.lt<\/title>\n<meta name=\"description\" content=\"Josera \u201eMeat Lovers\u201c konservai jauniems \u0161unims su kalakutiena ir la\u0161i\u0161a \u2013 tai auk\u0161tos kokyb\u0117s, subalansuotas \u0161lapias maistas, skirtas augantiems \u0161uniukams. Recept\u016bra sukurta taip, kad patenkint\u0173 jaun\u0173 \u0161un\u0173 mitybos poreikius nuo pat ankstyvo am\u017eiaus.\" \/>\n<meta name=\"robots\" content=\"index, follow, max-snippet:-1, max-image-preview:large, max-video-preview:-1\" \/>\n<link rel=\"canonical\" href=\"https:\/\/anivet.lt\/elparduotuve\/produktas\/josera-meat-lovers-junior-menu-turkey-konservai-jauniems-sunims-su-kalakutiena-400g\/\" \/>\n<meta property=\"og:locale\" content=\"lt_LT\" \/>\n<meta property=\"og:type\" content=\"article\" \/>\n<meta property=\"og:title\" content=\"Josera Meat Lovers Junior Menu Turkey konservai jauniems \u0161unims su kalakutiena 400g\" \/>\n<meta property=\"og:description\" content=\"Josera \u201eMeat Lovers\u201c konservai jauniems \u0161unims su kalakutiena ir la\u0161i\u0161a \u2013 tai auk\u0161tos kokyb\u0117s, subalansuotas \u0161lapias maistas, skirtas augantiems \u0161uniukams. Recept\u016bra sukurta taip, kad patenkint\u0173 jaun\u0173 \u0161un\u0173 mitybos poreikius nuo pat ankstyvo am\u017eiaus.\" \/>\n<meta property=\"og:url\" content=\"https:\/\/anivet.lt\/elparduotuve\/produktas\/josera-meat-lovers-junior-menu-turkey-konservai-jauniems-sunims-su-kalakutiena-400g\/\" \/>\n<meta property=\"og:site_name\" content=\"anivet.lt\" \/>\n<meta property=\"article:modified_time\" content=\"2026-04-16T09:09:28+00:00\" \/>\n<meta property=\"og:image\" content=\"https:\/\/anivet.lt\/elparduotuve\/wp-content\/uploads\/2026\/04\/Josera-Meat-Lovers-Junior-Menu-Turkey-konservai-jauniems-sunims-su-kalakutiena-400g.jpg\" \/>\n\t<meta property=\"og:image:width\" content=\"500\" \/>\n\t<meta property=\"og:image:height\" content=\"500\" \/>\n\t<meta property=\"og:image:type\" content=\"image\/jpeg\" \/>\n<meta name=\"twitter:card\" content=\"summary_large_image\" \/>\n<meta name=\"twitter:label1\" content=\"Est. reading time\" \/>\n\t<meta name=\"twitter:data1\" content=\"1 minut\u0117\" \/>\n<script type=\"application\/ld+json\" class=\"yoast-schema-graph\">{\"@context\":\"https:\\\/\\\/schema.org\",\"@graph\":[{\"@type\":\"WebPage\",\"@id\":\"https:\\\/\\\/anivet.lt\\\/elparduotuve\\\/produktas\\\/josera-meat-lovers-junior-menu-turkey-konservai-jauniems-sunims-su-kalakutiena-400g\\\/\",\"url\":\"https:\\\/\\\/anivet.lt\\\/elparduotuve\\\/produktas\\\/josera-meat-lovers-junior-menu-turkey-konservai-jauniems-sunims-su-kalakutiena-400g\\\/\",\"name\":\"Josera Meat Lovers Junior Menu Turkey konservai jauniems \u0161unims su kalakutiena 400g - anivet.lt\",\"isPartOf\":{\"@id\":\"https:\\\/\\\/anivet.lt\\\/elparduotuve\\\/#website\"},\"primaryImageOfPage\":{\"@id\":\"https:\\\/\\\/anivet.lt\\\/elparduotuve\\\/produktas\\\/josera-meat-lovers-junior-menu-turkey-konservai-jauniems-sunims-su-kalakutiena-400g\\\/#primaryimage\"},\"image\":{\"@id\":\"https:\\\/\\\/anivet.lt\\\/elparduotuve\\\/produktas\\\/josera-meat-lovers-junior-menu-turkey-konservai-jauniems-sunims-su-kalakutiena-400g\\\/#primaryimage\"},\"thumbnailUrl\":\"https:\\\/\\\/anivet.lt\\\/elparduotuve\\\/wp-content\\\/uploads\\\/2026\\\/04\\\/Josera-Meat-Lovers-Junior-Menu-Turkey-konservai-jauniems-sunims-su-kalakutiena-400g.jpg\",\"datePublished\":\"2026-04-16T09:09:27+00:00\",\"dateModified\":\"2026-04-16T09:09:28+00:00\",\"description\":\"Josera \u201eMeat Lovers\u201c konservai jauniems \u0161unims su kalakutiena ir la\u0161i\u0161a \u2013 tai auk\u0161tos kokyb\u0117s, subalansuotas \u0161lapias maistas, skirtas augantiems \u0161uniukams. Recept\u016bra sukurta taip, kad patenkint\u0173 jaun\u0173 \u0161un\u0173 mitybos poreikius nuo pat ankstyvo am\u017eiaus.\",\"breadcrumb\":{\"@id\":\"https:\\\/\\\/anivet.lt\\\/elparduotuve\\\/produktas\\\/josera-meat-lovers-junior-menu-turkey-konservai-jauniems-sunims-su-kalakutiena-400g\\\/#breadcrumb\"},\"inLanguage\":\"lt-LT\",\"potentialAction\":[{\"@type\":\"ReadAction\",\"target\":[\"https:\\\/\\\/anivet.lt\\\/elparduotuve\\\/produktas\\\/josera-meat-lovers-junior-menu-turkey-konservai-jauniems-sunims-su-kalakutiena-400g\\\/\"]}]},{\"@type\":\"ImageObject\",\"inLanguage\":\"lt-LT\",\"@id\":\"https:\\\/\\\/anivet.lt\\\/elparduotuve\\\/produktas\\\/josera-meat-lovers-junior-menu-turkey-konservai-jauniems-sunims-su-kalakutiena-400g\\\/#primaryimage\",\"url\":\"https:\\\/\\\/anivet.lt\\\/elparduotuve\\\/wp-content\\\/uploads\\\/2026\\\/04\\\/Josera-Meat-Lovers-Junior-Menu-Turkey-konservai-jauniems-sunims-su-kalakutiena-400g.jpg\",\"contentUrl\":\"https:\\\/\\\/anivet.lt\\\/elparduotuve\\\/wp-content\\\/uploads\\\/2026\\\/04\\\/Josera-Meat-Lovers-Junior-Menu-Turkey-konservai-jauniems-sunims-su-kalakutiena-400g.jpg\",\"width\":500,\"height\":500,\"caption\":\"Josera Meat Lovers Junior Menu Turkey konservai jauniems \u0161unims su kalakutiena 400g\"},{\"@type\":\"BreadcrumbList\",\"@id\":\"https:\\\/\\\/anivet.lt\\\/elparduotuve\\\/produktas\\\/josera-meat-lovers-junior-menu-turkey-konservai-jauniems-sunims-su-kalakutiena-400g\\\/#breadcrumb\",\"itemListElement\":[{\"@type\":\"ListItem\",\"position\":1,\"name\":\"Home\",\"item\":\"https:\\\/\\\/anivet.lt\\\/elparduotuve\\\/\"},{\"@type\":\"ListItem\",\"position\":2,\"name\":\"Produktai\",\"item\":\"https:\\\/\\\/anivet.lt\\\/elparduotuve\\\/produktai\\\/\"},{\"@type\":\"ListItem\",\"position\":3,\"name\":\"Josera Meat Lovers Junior Menu Turkey konservai jauniems \u0161unims su kalakutiena 400g\"}]},{\"@type\":\"WebSite\",\"@id\":\"https:\\\/\\\/anivet.lt\\\/elparduotuve\\\/#website\",\"url\":\"https:\\\/\\\/anivet.lt\\\/elparduotuve\\\/\",\"name\":\"anivet.lt\",\"description\":\"Viskas J\u016bs\u0173 \u0161uns, kat\u0117s prie\u017ei\u016brai\",\"publisher\":{\"@id\":\"https:\\\/\\\/anivet.lt\\\/elparduotuve\\\/#organization\"},\"alternateName\":\"Viskas J\u016bs\u0173 \u0161uns, kat\u0117s prie\u017ei\u016brai\",\"potentialAction\":[{\"@type\":\"SearchAction\",\"target\":{\"@type\":\"EntryPoint\",\"urlTemplate\":\"https:\\\/\\\/anivet.lt\\\/elparduotuve\\\/?s={search_term_string}\"},\"query-input\":{\"@type\":\"PropertyValueSpecification\",\"valueRequired\":true,\"valueName\":\"search_term_string\"}}],\"inLanguage\":\"lt-LT\"},{\"@type\":\"Organization\",\"@id\":\"https:\\\/\\\/anivet.lt\\\/elparduotuve\\\/#organization\",\"name\":\"Viskas J\u016bs\u0173 \u0161uns, kat\u0117s prie\u017ei\u016brai\",\"url\":\"https:\\\/\\\/anivet.lt\\\/elparduotuve\\\/\",\"logo\":{\"@type\":\"ImageObject\",\"inLanguage\":\"lt-LT\",\"@id\":\"https:\\\/\\\/anivet.lt\\\/elparduotuve\\\/#\\\/schema\\\/logo\\\/image\\\/\",\"url\":\"https:\\\/\\\/anivet.lt\\\/elparduotuve\\\/wp-content\\\/uploads\\\/2023\\\/06\\\/logo2.jpg\",\"contentUrl\":\"https:\\\/\\\/anivet.lt\\\/elparduotuve\\\/wp-content\\\/uploads\\\/2023\\\/06\\\/logo2.jpg\",\"width\":655,\"height\":194,\"caption\":\"Viskas J\u016bs\u0173 \u0161uns, kat\u0117s prie\u017ei\u016brai\"},\"image\":{\"@id\":\"https:\\\/\\\/anivet.lt\\\/elparduotuve\\\/#\\\/schema\\\/logo\\\/image\\\/\"}}]}<\/script>\n<!-- \/ Yoast SEO Premium plugin. -->","yoast_head_json":{"title":"Josera Meat Lovers Junior Menu Turkey konservai jauniems \u0161unims su kalakutiena 400g - anivet.lt","description":"Josera \u201eMeat Lovers\u201c konservai jauniems \u0161unims su kalakutiena ir la\u0161i\u0161a \u2013 tai auk\u0161tos kokyb\u0117s, subalansuotas \u0161lapias maistas, skirtas augantiems \u0161uniukams. Recept\u016bra sukurta taip, kad patenkint\u0173 jaun\u0173 \u0161un\u0173 mitybos poreikius nuo pat ankstyvo am\u017eiaus.","robots":{"index":"index","follow":"follow","max-snippet":"max-snippet:-1","max-image-preview":"max-image-preview:large","max-video-preview":"max-video-preview:-1"},"canonical":"https:\/\/anivet.lt\/elparduotuve\/produktas\/josera-meat-lovers-junior-menu-turkey-konservai-jauniems-sunims-su-kalakutiena-400g\/","og_locale":"lt_LT","og_type":"article","og_title":"Josera Meat Lovers Junior Menu Turkey konservai jauniems \u0161unims su kalakutiena 400g","og_description":"Josera \u201eMeat Lovers\u201c konservai jauniems \u0161unims su kalakutiena ir la\u0161i\u0161a \u2013 tai auk\u0161tos kokyb\u0117s, subalansuotas \u0161lapias maistas, skirtas augantiems \u0161uniukams. Recept\u016bra sukurta taip, kad patenkint\u0173 jaun\u0173 \u0161un\u0173 mitybos poreikius nuo pat ankstyvo am\u017eiaus.","og_url":"https:\/\/anivet.lt\/elparduotuve\/produktas\/josera-meat-lovers-junior-menu-turkey-konservai-jauniems-sunims-su-kalakutiena-400g\/","og_site_name":"anivet.lt","article_modified_time":"2026-04-16T09:09:28+00:00","og_image":[{"width":500,"height":500,"url":"https:\/\/anivet.lt\/elparduotuve\/wp-content\/uploads\/2026\/04\/Josera-Meat-Lovers-Junior-Menu-Turkey-konservai-jauniems-sunims-su-kalakutiena-400g.jpg","type":"image\/jpeg"}],"twitter_card":"summary_large_image","twitter_misc":{"Est. reading time":"1 minut\u0117"},"schema":{"@context":"https:\/\/schema.org","@graph":[{"@type":"WebPage","@id":"https:\/\/anivet.lt\/elparduotuve\/produktas\/josera-meat-lovers-junior-menu-turkey-konservai-jauniems-sunims-su-kalakutiena-400g\/","url":"https:\/\/anivet.lt\/elparduotuve\/produktas\/josera-meat-lovers-junior-menu-turkey-konservai-jauniems-sunims-su-kalakutiena-400g\/","name":"Josera Meat Lovers Junior Menu Turkey konservai jauniems \u0161unims su kalakutiena 400g - anivet.lt","isPartOf":{"@id":"https:\/\/anivet.lt\/elparduotuve\/#website"},"primaryImageOfPage":{"@id":"https:\/\/anivet.lt\/elparduotuve\/produktas\/josera-meat-lovers-junior-menu-turkey-konservai-jauniems-sunims-su-kalakutiena-400g\/#primaryimage"},"image":{"@id":"https:\/\/anivet.lt\/elparduotuve\/produktas\/josera-meat-lovers-junior-menu-turkey-konservai-jauniems-sunims-su-kalakutiena-400g\/#primaryimage"},"thumbnailUrl":"https:\/\/anivet.lt\/elparduotuve\/wp-content\/uploads\/2026\/04\/Josera-Meat-Lovers-Junior-Menu-Turkey-konservai-jauniems-sunims-su-kalakutiena-400g.jpg","datePublished":"2026-04-16T09:09:27+00:00","dateModified":"2026-04-16T09:09:28+00:00","description":"Josera \u201eMeat Lovers\u201c konservai jauniems \u0161unims su kalakutiena ir la\u0161i\u0161a \u2013 tai auk\u0161tos kokyb\u0117s, subalansuotas \u0161lapias maistas, skirtas augantiems \u0161uniukams. Recept\u016bra sukurta taip, kad patenkint\u0173 jaun\u0173 \u0161un\u0173 mitybos poreikius nuo pat ankstyvo am\u017eiaus.","breadcrumb":{"@id":"https:\/\/anivet.lt\/elparduotuve\/produktas\/josera-meat-lovers-junior-menu-turkey-konservai-jauniems-sunims-su-kalakutiena-400g\/#breadcrumb"},"inLanguage":"lt-LT","potentialAction":[{"@type":"ReadAction","target":["https:\/\/anivet.lt\/elparduotuve\/produktas\/josera-meat-lovers-junior-menu-turkey-konservai-jauniems-sunims-su-kalakutiena-400g\/"]}]},{"@type":"ImageObject","inLanguage":"lt-LT","@id":"https:\/\/anivet.lt\/elparduotuve\/produktas\/josera-meat-lovers-junior-menu-turkey-konservai-jauniems-sunims-su-kalakutiena-400g\/#primaryimage","url":"https:\/\/anivet.lt\/elparduotuve\/wp-content\/uploads\/2026\/04\/Josera-Meat-Lovers-Junior-Menu-Turkey-konservai-jauniems-sunims-su-kalakutiena-400g.jpg","contentUrl":"https:\/\/anivet.lt\/elparduotuve\/wp-content\/uploads\/2026\/04\/Josera-Meat-Lovers-Junior-Menu-Turkey-konservai-jauniems-sunims-su-kalakutiena-400g.jpg","width":500,"height":500,"caption":"Josera Meat Lovers Junior Menu Turkey konservai jauniems \u0161unims su kalakutiena 400g"},{"@type":"BreadcrumbList","@id":"https:\/\/anivet.lt\/elparduotuve\/produktas\/josera-meat-lovers-junior-menu-turkey-konservai-jauniems-sunims-su-kalakutiena-400g\/#breadcrumb","itemListElement":[{"@type":"ListItem","position":1,"name":"Home","item":"https:\/\/anivet.lt\/elparduotuve\/"},{"@type":"ListItem","position":2,"name":"Produktai","item":"https:\/\/anivet.lt\/elparduotuve\/produktai\/"},{"@type":"ListItem","position":3,"name":"Josera Meat Lovers Junior Menu Turkey konservai jauniems \u0161unims su kalakutiena 400g"}]},{"@type":"WebSite","@id":"https:\/\/anivet.lt\/elparduotuve\/#website","url":"https:\/\/anivet.lt\/elparduotuve\/","name":"anivet.lt","description":"Viskas J\u016bs\u0173 \u0161uns, kat\u0117s prie\u017ei\u016brai","publisher":{"@id":"https:\/\/anivet.lt\/elparduotuve\/#organization"},"alternateName":"Viskas J\u016bs\u0173 \u0161uns, kat\u0117s prie\u017ei\u016brai","potentialAction":[{"@type":"SearchAction","target":{"@type":"EntryPoint","urlTemplate":"https:\/\/anivet.lt\/elparduotuve\/?s={search_term_string}"},"query-input":{"@type":"PropertyValueSpecification","valueRequired":true,"valueName":"search_term_string"}}],"inLanguage":"lt-LT"},{"@type":"Organization","@id":"https:\/\/anivet.lt\/elparduotuve\/#organization","name":"Viskas J\u016bs\u0173 \u0161uns, kat\u0117s prie\u017ei\u016brai","url":"https:\/\/anivet.lt\/elparduotuve\/","logo":{"@type":"ImageObject","inLanguage":"lt-LT","@id":"https:\/\/anivet.lt\/elparduotuve\/#\/schema\/logo\/image\/","url":"https:\/\/anivet.lt\/elparduotuve\/wp-content\/uploads\/2023\/06\/logo2.jpg","contentUrl":"https:\/\/anivet.lt\/elparduotuve\/wp-content\/uploads\/2023\/06\/logo2.jpg","width":655,"height":194,"caption":"Viskas J\u016bs\u0173 \u0161uns, kat\u0117s prie\u017ei\u016brai"},"image":{"@id":"https:\/\/anivet.lt\/elparduotuve\/#\/schema\/logo\/image\/"}}]}},"_links":{"self":[{"href":"https:\/\/anivet.lt\/elparduotuve\/wp-json\/wp\/v2\/product\/21120","targetHints":{"allow":["GET"]}}],"collection":[{"href":"https:\/\/anivet.lt\/elparduotuve\/wp-json\/wp\/v2\/product"}],"about":[{"href":"https:\/\/anivet.lt\/elparduotuve\/wp-json\/wp\/v2\/types\/product"}],"wp:featuredmedia":[{"embeddable":true,"href":"https:\/\/anivet.lt\/elparduotuve\/wp-json\/wp\/v2\/media\/21121"}],"wp:attachment":[{"href":"https:\/\/anivet.lt\/elparduotuve\/wp-json\/wp\/v2\/media?parent=21120"}],"wp:term":[{"taxonomy":"product_brand","embeddable":true,"href":"https:\/\/anivet.lt\/elparduotuve\/wp-json\/wp\/v2\/product_brand?post=21120"},{"taxonomy":"product_cat","embeddable":true,"href":"https:\/\/anivet.lt\/elparduotuve\/wp-json\/wp\/v2\/product_cat?post=21120"},{"taxonomy":"product_tag","embeddable":true,"href":"https:\/\/anivet.lt\/elparduotuve\/wp-json\/wp\/v2\/product_tag?post=21120"}],"curies":[{"name":"wp","href":"https:\/\/api.w.org\/{rel}","templated":true}]}}