{"id":21123,"date":"2026-04-16T09:23:49","date_gmt":"2026-04-16T09:23:49","guid":{"rendered":"https:\/\/anivet.lt\/elparduotuve\/?post_type=product&#038;p=21123"},"modified":"2026-04-16T09:23:50","modified_gmt":"2026-04-16T09:23:50","slug":"josera-meat-lovers-junior-menu-chicken-konservai-jauniems-sunims-su-vistiena-400g","status":"publish","type":"product","link":"https:\/\/anivet.lt\/elparduotuve\/produktas\/josera-meat-lovers-junior-menu-chicken-konservai-jauniems-sunims-su-vistiena-400g\/","title":{"rendered":"Josera Meat Lovers Junior Menu Chicken konservai jauniems \u0161unims su vi\u0161tiena 400g"},"content":{"rendered":"<ul>\n<li>\u0160ie super premium klas\u0117s konservai i\u0161siskiria dideliu m\u0117sos kiekiu \u2013 net 60 %, tod\u0117l apr\u016bpina organizm\u0105 svarbiais baltymais ir energija.<\/li>\n<li>Vi\u0161tiena ir antiena suteikia puik\u0173 skon\u012f bei auk\u0161t\u0105 maistin\u0119 vert\u0119, o bulv\u0117s yra lengvai vir\u0161kinamas angliavandeni\u0173 \u0161altinis.<\/li>\n<li>Papildomai \u012f sud\u0117t\u012f \u012ftrauktas la\u0161i\u0161\u0173 aliejus \u2013 nat\u016bralus omega-3 riebal\u0173 r\u016bg\u0161\u010di\u0173 \u0161altinis, padedantis palaikyti sveik\u0105 od\u0105, \u017evilgant\u012f kail\u012f ir tinkam\u0105 nerv\u0173 sistemos vystym\u0105si.<\/li>\n<li>Begr\u016bd\u0117 formul\u0117 ir sud\u0117tis be dirbtini\u0173 pried\u0173 (da\u017eikli\u0173, kvapi\u0173j\u0173 med\u017eiag\u0173, konservant\u0173) leid\u017eia \u0161\u012f maist\u0105 rinktis net jautresniems \u0161uniukams.<\/li>\n<\/ul>\n","protected":false},"excerpt":{"rendered":"<p>Josera \u201eMeat Lovers\u201c konservai jauniems \u0161unims su vi\u0161tiena, antiena ir bulv\u0117mis \u2013 tai auk\u0161tos kokyb\u0117s, pilnavertis \u0161lapias maistas, sukurtas augan\u010di\u0173 \u0161uniuk\u0173 kasdienei mitybai. Recept\u016bra u\u017etikrina subalansuot\u0105 maistini\u0173 med\u017eiag\u0173 kiek\u012f, reikaling\u0105 sveikam augimui ir vystymuisi nuo ankstyvo am\u017eiaus.<\/p>\n","protected":false},"featured_media":21124,"template":"","meta":[],"product_brand":[],"product_cat":[101,103,105,334],"product_tag":[],"class_list":{"0":"post-21123","1":"product","2":"type-product","3":"status-publish","4":"has-post-thumbnail","6":"product_cat-sunims","7":"product_cat-sunu-maistas","8":"product_cat-konservai","9":"product_cat-josera-sunu-maistas","10":"pa_prekinis-zenklas-josera","12":"first","13":"instock","14":"taxable","15":"shipping-taxable","16":"purchasable","17":"product-type-simple"},"yoast_head":"<!-- This site is optimized with the Yoast SEO Premium plugin v27.1 (Yoast SEO v27.3) - https:\/\/yoast.com\/product\/yoast-seo-premium-wordpress\/ -->\n<title>Josera Meat Lovers Junior Menu Chicken konservai jauniems \u0161unims su vi\u0161tiena 400g - anivet.lt<\/title>\n<meta name=\"description\" content=\"Josera \u201eMeat Lovers\u201c konservai jauniems \u0161unims su vi\u0161tiena, antiena ir bulv\u0117mis \u2013 tai auk\u0161tos kokyb\u0117s, pilnavertis \u0161lapias maistas, sukurtas augan\u010di\u0173 \u0161uniuk\u0173 kasdienei mitybai. Recept\u016bra u\u017etikrina subalansuot\u0105 maistini\u0173 med\u017eiag\u0173 kiek\u012f, reikaling\u0105 sveikam augimui ir vystymuisi nuo ankstyvo am\u017eiaus.\" \/>\n<meta name=\"robots\" content=\"index, follow, max-snippet:-1, max-image-preview:large, max-video-preview:-1\" \/>\n<link rel=\"canonical\" href=\"https:\/\/anivet.lt\/elparduotuve\/produktas\/josera-meat-lovers-junior-menu-chicken-konservai-jauniems-sunims-su-vistiena-400g\/\" \/>\n<meta property=\"og:locale\" content=\"lt_LT\" \/>\n<meta property=\"og:type\" content=\"article\" \/>\n<meta property=\"og:title\" content=\"Josera Meat Lovers Junior Menu Chicken konservai jauniems \u0161unims su vi\u0161tiena 400g\" \/>\n<meta property=\"og:description\" content=\"Josera \u201eMeat Lovers\u201c konservai jauniems \u0161unims su vi\u0161tiena, antiena ir bulv\u0117mis \u2013 tai auk\u0161tos kokyb\u0117s, pilnavertis \u0161lapias maistas, sukurtas augan\u010di\u0173 \u0161uniuk\u0173 kasdienei mitybai. Recept\u016bra u\u017etikrina subalansuot\u0105 maistini\u0173 med\u017eiag\u0173 kiek\u012f, reikaling\u0105 sveikam augimui ir vystymuisi nuo ankstyvo am\u017eiaus.\" \/>\n<meta property=\"og:url\" content=\"https:\/\/anivet.lt\/elparduotuve\/produktas\/josera-meat-lovers-junior-menu-chicken-konservai-jauniems-sunims-su-vistiena-400g\/\" \/>\n<meta property=\"og:site_name\" content=\"anivet.lt\" \/>\n<meta property=\"article:modified_time\" content=\"2026-04-16T09:23:50+00:00\" \/>\n<meta property=\"og:image\" content=\"https:\/\/anivet.lt\/elparduotuve\/wp-content\/uploads\/2026\/04\/Josera-Meat-Lovers-Junior-Menu-Chicken-konservai-jauniems-sunims-su-vistiena-400g.jpg\" \/>\n\t<meta property=\"og:image:width\" content=\"500\" \/>\n\t<meta property=\"og:image:height\" content=\"500\" \/>\n\t<meta property=\"og:image:type\" content=\"image\/jpeg\" \/>\n<meta name=\"twitter:card\" content=\"summary_large_image\" \/>\n<meta name=\"twitter:label1\" content=\"Est. reading time\" \/>\n\t<meta name=\"twitter:data1\" content=\"1 minut\u0117\" \/>\n<script type=\"application\/ld+json\" class=\"yoast-schema-graph\">{\"@context\":\"https:\\\/\\\/schema.org\",\"@graph\":[{\"@type\":\"WebPage\",\"@id\":\"https:\\\/\\\/anivet.lt\\\/elparduotuve\\\/produktas\\\/josera-meat-lovers-junior-menu-chicken-konservai-jauniems-sunims-su-vistiena-400g\\\/\",\"url\":\"https:\\\/\\\/anivet.lt\\\/elparduotuve\\\/produktas\\\/josera-meat-lovers-junior-menu-chicken-konservai-jauniems-sunims-su-vistiena-400g\\\/\",\"name\":\"Josera Meat Lovers Junior Menu Chicken konservai jauniems \u0161unims su vi\u0161tiena 400g - anivet.lt\",\"isPartOf\":{\"@id\":\"https:\\\/\\\/anivet.lt\\\/elparduotuve\\\/#website\"},\"primaryImageOfPage\":{\"@id\":\"https:\\\/\\\/anivet.lt\\\/elparduotuve\\\/produktas\\\/josera-meat-lovers-junior-menu-chicken-konservai-jauniems-sunims-su-vistiena-400g\\\/#primaryimage\"},\"image\":{\"@id\":\"https:\\\/\\\/anivet.lt\\\/elparduotuve\\\/produktas\\\/josera-meat-lovers-junior-menu-chicken-konservai-jauniems-sunims-su-vistiena-400g\\\/#primaryimage\"},\"thumbnailUrl\":\"https:\\\/\\\/anivet.lt\\\/elparduotuve\\\/wp-content\\\/uploads\\\/2026\\\/04\\\/Josera-Meat-Lovers-Junior-Menu-Chicken-konservai-jauniems-sunims-su-vistiena-400g.jpg\",\"datePublished\":\"2026-04-16T09:23:49+00:00\",\"dateModified\":\"2026-04-16T09:23:50+00:00\",\"description\":\"Josera \u201eMeat Lovers\u201c konservai jauniems \u0161unims su vi\u0161tiena, antiena ir bulv\u0117mis \u2013 tai auk\u0161tos kokyb\u0117s, pilnavertis \u0161lapias maistas, sukurtas augan\u010di\u0173 \u0161uniuk\u0173 kasdienei mitybai. Recept\u016bra u\u017etikrina subalansuot\u0105 maistini\u0173 med\u017eiag\u0173 kiek\u012f, reikaling\u0105 sveikam augimui ir vystymuisi nuo ankstyvo am\u017eiaus.\",\"breadcrumb\":{\"@id\":\"https:\\\/\\\/anivet.lt\\\/elparduotuve\\\/produktas\\\/josera-meat-lovers-junior-menu-chicken-konservai-jauniems-sunims-su-vistiena-400g\\\/#breadcrumb\"},\"inLanguage\":\"lt-LT\",\"potentialAction\":[{\"@type\":\"ReadAction\",\"target\":[\"https:\\\/\\\/anivet.lt\\\/elparduotuve\\\/produktas\\\/josera-meat-lovers-junior-menu-chicken-konservai-jauniems-sunims-su-vistiena-400g\\\/\"]}]},{\"@type\":\"ImageObject\",\"inLanguage\":\"lt-LT\",\"@id\":\"https:\\\/\\\/anivet.lt\\\/elparduotuve\\\/produktas\\\/josera-meat-lovers-junior-menu-chicken-konservai-jauniems-sunims-su-vistiena-400g\\\/#primaryimage\",\"url\":\"https:\\\/\\\/anivet.lt\\\/elparduotuve\\\/wp-content\\\/uploads\\\/2026\\\/04\\\/Josera-Meat-Lovers-Junior-Menu-Chicken-konservai-jauniems-sunims-su-vistiena-400g.jpg\",\"contentUrl\":\"https:\\\/\\\/anivet.lt\\\/elparduotuve\\\/wp-content\\\/uploads\\\/2026\\\/04\\\/Josera-Meat-Lovers-Junior-Menu-Chicken-konservai-jauniems-sunims-su-vistiena-400g.jpg\",\"width\":500,\"height\":500},{\"@type\":\"BreadcrumbList\",\"@id\":\"https:\\\/\\\/anivet.lt\\\/elparduotuve\\\/produktas\\\/josera-meat-lovers-junior-menu-chicken-konservai-jauniems-sunims-su-vistiena-400g\\\/#breadcrumb\",\"itemListElement\":[{\"@type\":\"ListItem\",\"position\":1,\"name\":\"Home\",\"item\":\"https:\\\/\\\/anivet.lt\\\/elparduotuve\\\/\"},{\"@type\":\"ListItem\",\"position\":2,\"name\":\"Produktai\",\"item\":\"https:\\\/\\\/anivet.lt\\\/elparduotuve\\\/produktai\\\/\"},{\"@type\":\"ListItem\",\"position\":3,\"name\":\"Josera Meat Lovers Junior Menu Chicken konservai jauniems \u0161unims su vi\u0161tiena 400g\"}]},{\"@type\":\"WebSite\",\"@id\":\"https:\\\/\\\/anivet.lt\\\/elparduotuve\\\/#website\",\"url\":\"https:\\\/\\\/anivet.lt\\\/elparduotuve\\\/\",\"name\":\"anivet.lt\",\"description\":\"Viskas J\u016bs\u0173 \u0161uns, kat\u0117s prie\u017ei\u016brai\",\"publisher\":{\"@id\":\"https:\\\/\\\/anivet.lt\\\/elparduotuve\\\/#organization\"},\"alternateName\":\"Viskas J\u016bs\u0173 \u0161uns, kat\u0117s prie\u017ei\u016brai\",\"potentialAction\":[{\"@type\":\"SearchAction\",\"target\":{\"@type\":\"EntryPoint\",\"urlTemplate\":\"https:\\\/\\\/anivet.lt\\\/elparduotuve\\\/?s={search_term_string}\"},\"query-input\":{\"@type\":\"PropertyValueSpecification\",\"valueRequired\":true,\"valueName\":\"search_term_string\"}}],\"inLanguage\":\"lt-LT\"},{\"@type\":\"Organization\",\"@id\":\"https:\\\/\\\/anivet.lt\\\/elparduotuve\\\/#organization\",\"name\":\"Viskas J\u016bs\u0173 \u0161uns, kat\u0117s prie\u017ei\u016brai\",\"url\":\"https:\\\/\\\/anivet.lt\\\/elparduotuve\\\/\",\"logo\":{\"@type\":\"ImageObject\",\"inLanguage\":\"lt-LT\",\"@id\":\"https:\\\/\\\/anivet.lt\\\/elparduotuve\\\/#\\\/schema\\\/logo\\\/image\\\/\",\"url\":\"https:\\\/\\\/anivet.lt\\\/elparduotuve\\\/wp-content\\\/uploads\\\/2023\\\/06\\\/logo2.jpg\",\"contentUrl\":\"https:\\\/\\\/anivet.lt\\\/elparduotuve\\\/wp-content\\\/uploads\\\/2023\\\/06\\\/logo2.jpg\",\"width\":655,\"height\":194,\"caption\":\"Viskas J\u016bs\u0173 \u0161uns, kat\u0117s prie\u017ei\u016brai\"},\"image\":{\"@id\":\"https:\\\/\\\/anivet.lt\\\/elparduotuve\\\/#\\\/schema\\\/logo\\\/image\\\/\"}}]}<\/script>\n<!-- \/ Yoast SEO Premium plugin. -->","yoast_head_json":{"title":"Josera Meat Lovers Junior Menu Chicken konservai jauniems \u0161unims su vi\u0161tiena 400g - anivet.lt","description":"Josera \u201eMeat Lovers\u201c konservai jauniems \u0161unims su vi\u0161tiena, antiena ir bulv\u0117mis \u2013 tai auk\u0161tos kokyb\u0117s, pilnavertis \u0161lapias maistas, sukurtas augan\u010di\u0173 \u0161uniuk\u0173 kasdienei mitybai. Recept\u016bra u\u017etikrina subalansuot\u0105 maistini\u0173 med\u017eiag\u0173 kiek\u012f, reikaling\u0105 sveikam augimui ir vystymuisi nuo ankstyvo am\u017eiaus.","robots":{"index":"index","follow":"follow","max-snippet":"max-snippet:-1","max-image-preview":"max-image-preview:large","max-video-preview":"max-video-preview:-1"},"canonical":"https:\/\/anivet.lt\/elparduotuve\/produktas\/josera-meat-lovers-junior-menu-chicken-konservai-jauniems-sunims-su-vistiena-400g\/","og_locale":"lt_LT","og_type":"article","og_title":"Josera Meat Lovers Junior Menu Chicken konservai jauniems \u0161unims su vi\u0161tiena 400g","og_description":"Josera \u201eMeat Lovers\u201c konservai jauniems \u0161unims su vi\u0161tiena, antiena ir bulv\u0117mis \u2013 tai auk\u0161tos kokyb\u0117s, pilnavertis \u0161lapias maistas, sukurtas augan\u010di\u0173 \u0161uniuk\u0173 kasdienei mitybai. Recept\u016bra u\u017etikrina subalansuot\u0105 maistini\u0173 med\u017eiag\u0173 kiek\u012f, reikaling\u0105 sveikam augimui ir vystymuisi nuo ankstyvo am\u017eiaus.","og_url":"https:\/\/anivet.lt\/elparduotuve\/produktas\/josera-meat-lovers-junior-menu-chicken-konservai-jauniems-sunims-su-vistiena-400g\/","og_site_name":"anivet.lt","article_modified_time":"2026-04-16T09:23:50+00:00","og_image":[{"width":500,"height":500,"url":"https:\/\/anivet.lt\/elparduotuve\/wp-content\/uploads\/2026\/04\/Josera-Meat-Lovers-Junior-Menu-Chicken-konservai-jauniems-sunims-su-vistiena-400g.jpg","type":"image\/jpeg"}],"twitter_card":"summary_large_image","twitter_misc":{"Est. reading time":"1 minut\u0117"},"schema":{"@context":"https:\/\/schema.org","@graph":[{"@type":"WebPage","@id":"https:\/\/anivet.lt\/elparduotuve\/produktas\/josera-meat-lovers-junior-menu-chicken-konservai-jauniems-sunims-su-vistiena-400g\/","url":"https:\/\/anivet.lt\/elparduotuve\/produktas\/josera-meat-lovers-junior-menu-chicken-konservai-jauniems-sunims-su-vistiena-400g\/","name":"Josera Meat Lovers Junior Menu Chicken konservai jauniems \u0161unims su vi\u0161tiena 400g - anivet.lt","isPartOf":{"@id":"https:\/\/anivet.lt\/elparduotuve\/#website"},"primaryImageOfPage":{"@id":"https:\/\/anivet.lt\/elparduotuve\/produktas\/josera-meat-lovers-junior-menu-chicken-konservai-jauniems-sunims-su-vistiena-400g\/#primaryimage"},"image":{"@id":"https:\/\/anivet.lt\/elparduotuve\/produktas\/josera-meat-lovers-junior-menu-chicken-konservai-jauniems-sunims-su-vistiena-400g\/#primaryimage"},"thumbnailUrl":"https:\/\/anivet.lt\/elparduotuve\/wp-content\/uploads\/2026\/04\/Josera-Meat-Lovers-Junior-Menu-Chicken-konservai-jauniems-sunims-su-vistiena-400g.jpg","datePublished":"2026-04-16T09:23:49+00:00","dateModified":"2026-04-16T09:23:50+00:00","description":"Josera \u201eMeat Lovers\u201c konservai jauniems \u0161unims su vi\u0161tiena, antiena ir bulv\u0117mis \u2013 tai auk\u0161tos kokyb\u0117s, pilnavertis \u0161lapias maistas, sukurtas augan\u010di\u0173 \u0161uniuk\u0173 kasdienei mitybai. Recept\u016bra u\u017etikrina subalansuot\u0105 maistini\u0173 med\u017eiag\u0173 kiek\u012f, reikaling\u0105 sveikam augimui ir vystymuisi nuo ankstyvo am\u017eiaus.","breadcrumb":{"@id":"https:\/\/anivet.lt\/elparduotuve\/produktas\/josera-meat-lovers-junior-menu-chicken-konservai-jauniems-sunims-su-vistiena-400g\/#breadcrumb"},"inLanguage":"lt-LT","potentialAction":[{"@type":"ReadAction","target":["https:\/\/anivet.lt\/elparduotuve\/produktas\/josera-meat-lovers-junior-menu-chicken-konservai-jauniems-sunims-su-vistiena-400g\/"]}]},{"@type":"ImageObject","inLanguage":"lt-LT","@id":"https:\/\/anivet.lt\/elparduotuve\/produktas\/josera-meat-lovers-junior-menu-chicken-konservai-jauniems-sunims-su-vistiena-400g\/#primaryimage","url":"https:\/\/anivet.lt\/elparduotuve\/wp-content\/uploads\/2026\/04\/Josera-Meat-Lovers-Junior-Menu-Chicken-konservai-jauniems-sunims-su-vistiena-400g.jpg","contentUrl":"https:\/\/anivet.lt\/elparduotuve\/wp-content\/uploads\/2026\/04\/Josera-Meat-Lovers-Junior-Menu-Chicken-konservai-jauniems-sunims-su-vistiena-400g.jpg","width":500,"height":500},{"@type":"BreadcrumbList","@id":"https:\/\/anivet.lt\/elparduotuve\/produktas\/josera-meat-lovers-junior-menu-chicken-konservai-jauniems-sunims-su-vistiena-400g\/#breadcrumb","itemListElement":[{"@type":"ListItem","position":1,"name":"Home","item":"https:\/\/anivet.lt\/elparduotuve\/"},{"@type":"ListItem","position":2,"name":"Produktai","item":"https:\/\/anivet.lt\/elparduotuve\/produktai\/"},{"@type":"ListItem","position":3,"name":"Josera Meat Lovers Junior Menu Chicken konservai jauniems \u0161unims su vi\u0161tiena 400g"}]},{"@type":"WebSite","@id":"https:\/\/anivet.lt\/elparduotuve\/#website","url":"https:\/\/anivet.lt\/elparduotuve\/","name":"anivet.lt","description":"Viskas J\u016bs\u0173 \u0161uns, kat\u0117s prie\u017ei\u016brai","publisher":{"@id":"https:\/\/anivet.lt\/elparduotuve\/#organization"},"alternateName":"Viskas J\u016bs\u0173 \u0161uns, kat\u0117s prie\u017ei\u016brai","potentialAction":[{"@type":"SearchAction","target":{"@type":"EntryPoint","urlTemplate":"https:\/\/anivet.lt\/elparduotuve\/?s={search_term_string}"},"query-input":{"@type":"PropertyValueSpecification","valueRequired":true,"valueName":"search_term_string"}}],"inLanguage":"lt-LT"},{"@type":"Organization","@id":"https:\/\/anivet.lt\/elparduotuve\/#organization","name":"Viskas J\u016bs\u0173 \u0161uns, kat\u0117s prie\u017ei\u016brai","url":"https:\/\/anivet.lt\/elparduotuve\/","logo":{"@type":"ImageObject","inLanguage":"lt-LT","@id":"https:\/\/anivet.lt\/elparduotuve\/#\/schema\/logo\/image\/","url":"https:\/\/anivet.lt\/elparduotuve\/wp-content\/uploads\/2023\/06\/logo2.jpg","contentUrl":"https:\/\/anivet.lt\/elparduotuve\/wp-content\/uploads\/2023\/06\/logo2.jpg","width":655,"height":194,"caption":"Viskas J\u016bs\u0173 \u0161uns, kat\u0117s prie\u017ei\u016brai"},"image":{"@id":"https:\/\/anivet.lt\/elparduotuve\/#\/schema\/logo\/image\/"}}]}},"_links":{"self":[{"href":"https:\/\/anivet.lt\/elparduotuve\/wp-json\/wp\/v2\/product\/21123","targetHints":{"allow":["GET"]}}],"collection":[{"href":"https:\/\/anivet.lt\/elparduotuve\/wp-json\/wp\/v2\/product"}],"about":[{"href":"https:\/\/anivet.lt\/elparduotuve\/wp-json\/wp\/v2\/types\/product"}],"wp:featuredmedia":[{"embeddable":true,"href":"https:\/\/anivet.lt\/elparduotuve\/wp-json\/wp\/v2\/media\/21124"}],"wp:attachment":[{"href":"https:\/\/anivet.lt\/elparduotuve\/wp-json\/wp\/v2\/media?parent=21123"}],"wp:term":[{"taxonomy":"product_brand","embeddable":true,"href":"https:\/\/anivet.lt\/elparduotuve\/wp-json\/wp\/v2\/product_brand?post=21123"},{"taxonomy":"product_cat","embeddable":true,"href":"https:\/\/anivet.lt\/elparduotuve\/wp-json\/wp\/v2\/product_cat?post=21123"},{"taxonomy":"product_tag","embeddable":true,"href":"https:\/\/anivet.lt\/elparduotuve\/wp-json\/wp\/v2\/product_tag?post=21123"}],"curies":[{"name":"wp","href":"https:\/\/api.w.org\/{rel}","templated":true}]}}