{"id":10222,"date":"2023-06-26T04:01:36","date_gmt":"2023-06-26T04:01:36","guid":{"rendered":"https:\/\/anivet.lt\/klinika\/?page_id=10222"},"modified":"2023-08-03T08:22:13","modified_gmt":"2023-08-03T08:22:13","slug":"paslaugos","status":"publish","type":"page","link":"https:\/\/anivet.lt\/klinika\/paslaugos\/","title":{"rendered":"Paslaugos"},"content":{"rendered":"<div class=\"wpb-content-wrapper\"><p>[vc_row][vc_column width=&#8221;1\/2&#8243; css=&#8221;.vc_custom_1687756158751{margin-bottom: 30px !important;}&#8221; woodmart_css_id=&#8221;64991d7b5b910&#8243; parallax_scroll=&#8221;no&#8221; woodmart_sticky_column=&#8221;false&#8221; wd_collapsible_content_switcher=&#8221;no&#8221; wd_column_role_offcanvas_desktop=&#8221;no&#8221; wd_column_role_offcanvas_tablet=&#8221;no&#8221; wd_column_role_offcanvas_mobile=&#8221;no&#8221; wd_column_role_content_desktop=&#8221;no&#8221; wd_column_role_content_tablet=&#8221;no&#8221; wd_column_role_content_mobile=&#8221;no&#8221; mobile_bg_img_hidden=&#8221;no&#8221; tablet_bg_img_hidden=&#8221;no&#8221; woodmart_parallax=&#8221;0&#8243; woodmart_box_shadow=&#8221;no&#8221; responsive_spacing=&#8221;eyJwYXJhbV90eXBlIjoid29vZG1hcnRfcmVzcG9uc2l2ZV9zcGFjaW5nIiwic2VsZWN0b3JfaWQiOiI2NDk5MWQ3YjViOTEwIiwic2hvcnRjb2RlIjoidmNfY29sdW1uIiwiZGF0YSI6eyJ0YWJsZXQiOnt9LCJtb2JpbGUiOnt9fX0=&#8221; mobile_reset_margin=&#8221;no&#8221; tablet_reset_margin=&#8221;no&#8221; wd_z_index=&#8221;no&#8221;]\t\t\t<link rel=\"stylesheet\" id=\"wd-banner-css\" href=\"https:\/\/anivet.lt\/klinika\/wp-content\/themes\/woodmart\/css\/parts\/wpb-el-banner.min.css?ver=7.2.4\" type=\"text\/css\" media=\"all\" \/> \t\t\t\t\t\t<link rel=\"stylesheet\" id=\"wd-banner-style-mask-and-shadow-css\" href=\"https:\/\/anivet.lt\/klinika\/wp-content\/themes\/woodmart\/css\/parts\/el-banner-style-mask-and-shadow.min.css?ver=7.2.4\" type=\"text\/css\" media=\"all\" \/> \t\t\t\t\t\t<link rel=\"stylesheet\" id=\"wd-banner-hover-zoom-css\" href=\"https:\/\/anivet.lt\/klinika\/wp-content\/themes\/woodmart\/css\/parts\/el-banner-hover-zoom.min.css?ver=7.2.4\" type=\"text\/css\" media=\"all\" \/> \t\t\t\t\t\t<link rel=\"stylesheet\" id=\"wd-mod-highlighted-text-css\" href=\"https:\/\/anivet.lt\/klinika\/wp-content\/themes\/woodmart\/css\/parts\/mod-highlighted-text.min.css?ver=7.2.4\" type=\"text\/css\" media=\"all\" \/> \t\t\t\t\t<div class=\"promo-banner-wrapper  wd-rs-64991cb1c9b78 \">\n\t\t\t<div id=\"wd-64991cb1c9b78\" class=\"promo-banner  banner-mask banner-hover-zoom color-scheme-light banner-btn-size-default banner-btn-style-default  with-btn banner-btn-position-static cursor-pointer wd-underline-colored\"\t\t\t\t onclick=\"window.location.href='https:\/\/anivet.lt\/klinika\/paslaugos\/tyrimai\/'\"\t\t\t>\n\t\t\t\t<div class=\"main-wrapp-img\">\n\t\t\t\t\t<div class=\"banner-image wd-bg-position-center\" >\n\t\t\t\t\t\t<img loading=\"lazy\" decoding=\"async\" width=\"953\" height=\"667\" src=\"data:image\/jpg;base64,\/9j\/4AAQSkZJRgABAQEAYABgAAD\/\/gA7Q1JFQVRPUjogZ2QtanBlZyB2MS4wICh1c2luZyBJSkcgSlBFRyB2NjIpLCBxdWFsaXR5ID0gODIK\/9sAQwAGBAQFBAQGBQUFBgYGBwkOCQkICAkSDQ0KDhUSFhYVEhQUFxohHBcYHxkUFB0nHR8iIyUlJRYcKSwoJCshJCUk\/9sAQwEGBgYJCAkRCQkRJBgUGCQkJCQkJCQkJCQkJCQkJCQkJCQkJCQkJCQkJCQkJCQkJCQkJCQkJCQkJCQkJCQkJCQk\/8AAEQgACgAPAwEiAAIRAQMRAf\/EAB8AAAEFAQEBAQEBAAAAAAAAAAABAgMEBQYHCAkKC\/\/EALUQAAIBAwMCBAMFBQQEAAABfQECAwAEEQUSITFBBhNRYQcicRQygZGhCCNCscEVUtHwJDNicoIJChYXGBkaJSYnKCkqNDU2Nzg5OkNERUZHSElKU1RVVldYWVpjZGVmZ2hpanN0dXZ3eHl6g4SFhoeIiYqSk5SVlpeYmZqio6Slpqeoqaqys7S1tre4ubrCw8TFxsfIycrS09TV1tfY2drh4uPk5ebn6Onq8fLz9PX29\/j5+v\/EAB8BAAMBAQEBAQEBAQEAAAAAAAABAgMEBQYHCAkKC\/\/EALURAAIBAgQEAwQHBQQEAAECdwABAgMRBAUhMQYSQVEHYXETIjKBCBRCkaGxwQkjM1LwFWJy0QoWJDThJfEXGBkaJicoKSo1Njc4OTpDREVGR0hJSlNUVVZXWFlaY2RlZmdoaWpzdHV2d3h5eoKDhIWGh4iJipKTlJWWl5iZmqKjpKWmp6ipqrKztLW2t7i5usLDxMXGx8jJytLT1NXW19jZ2uLj5OXm5+jp6vLz9PX29\/j5+v\/aAAwDAQACEQMRAD8A7nxlos2jvdaybWWaUB5ja5ISQgjnI56ZOB6D6074P22sapfXevX4SG3dPJjijIIkBO7c3fjjHPc13GuQRT6\/oRliSTa0+Nyg4zHg1F4HURRaxbRgJBb6i8UMS8LEnlxnao6AZJ4HrTqv2lRS7HPg8PHDUpQhs3f+v+BY\/9k=\" class=\"promo-banner-image attachment-full wd-lazy-load wd-lazy-fade\" alt=\"\" title=\"lab-test-cat-landscape\" srcset=\"\" sizes=\"auto, (max-width: 953px) 100vw, 953px\" data-wood-src=\"https:\/\/anivet.lt\/klinika\/wp-content\/uploads\/2023\/06\/lab-test-cat-landscape.jpg\" data-srcset=\"https:\/\/anivet.lt\/klinika\/wp-content\/uploads\/2023\/06\/lab-test-cat-landscape.jpg 953w, https:\/\/anivet.lt\/klinika\/wp-content\/uploads\/2023\/06\/lab-test-cat-landscape-400x280.jpg 400w, https:\/\/anivet.lt\/klinika\/wp-content\/uploads\/2023\/06\/lab-test-cat-landscape-768x538.jpg 768w, https:\/\/anivet.lt\/klinika\/wp-content\/uploads\/2023\/06\/lab-test-cat-landscape-600x420.jpg 600w, https:\/\/anivet.lt\/klinika\/wp-content\/uploads\/2023\/06\/lab-test-cat-landscape-700x490.jpg 700w, https:\/\/anivet.lt\/klinika\/wp-content\/uploads\/2023\/06\/lab-test-cat-landscape-150x105.jpg 150w\" \/>\t\t\t\t\t<\/div>\n\t\t\t\t<\/div>\n\n\t\t\t\t<div class=\"wrapper-content-banner wd-fill  wd-items-middle wd-justify-left\">\n\t\t\t\t\t<div class=\"content-banner  text-left\">\n\t\t\t\t\t\t<h4 class=\"banner-title wd-font-weight- wd-fontsize-xl\">TYRIMAI<\/h4>\t\t\t\t\t\t\t\t\t\t\t\t\t<div class=\"banner-inner set-cont-mb-s reset-last-child wd-fontsize-xs\">\n\t\t\t\t\t\t\t\t<p>kraujo, \u0161lapimo<\/p>\n\t\t\t\t\t\t\t<\/div>\n\t\t\t\t\t\t\n\t\t\t\t\t\t\n\t\t\t\t\t\t<div class=\"banner-btn-wrapper\"><div id=\"wd-69e09921ecd51\" class=\"  wd-button-wrapper text-left\"><a  class=\"btn btn-color-primary btn-style-default btn-style-round btn-size-default\">\u017di\u016br\u0117ti pla\u010diau<\/a><\/div><\/div>\t\t\t\t\t<\/div>\n\t\t\t\t<\/div>\n\t\t\t\t\t\t\t<\/div>\n\t\t<\/div>\n\n\t\t[\/vc_column][vc_column width=&#8221;1\/2&#8243; css=&#8221;.vc_custom_1687756163227{margin-bottom: 30px !important;}&#8221; woodmart_css_id=&#8221;64991d80da0cb&#8221; parallax_scroll=&#8221;no&#8221; woodmart_sticky_column=&#8221;false&#8221; wd_collapsible_content_switcher=&#8221;no&#8221; wd_column_role_offcanvas_desktop=&#8221;no&#8221; wd_column_role_offcanvas_tablet=&#8221;no&#8221; wd_column_role_offcanvas_mobile=&#8221;no&#8221; wd_column_role_content_desktop=&#8221;no&#8221; wd_column_role_content_tablet=&#8221;no&#8221; wd_column_role_content_mobile=&#8221;no&#8221; mobile_bg_img_hidden=&#8221;no&#8221; tablet_bg_img_hidden=&#8221;no&#8221; woodmart_parallax=&#8221;0&#8243; woodmart_box_shadow=&#8221;no&#8221; responsive_spacing=&#8221;eyJwYXJhbV90eXBlIjoid29vZG1hcnRfcmVzcG9uc2l2ZV9zcGFjaW5nIiwic2VsZWN0b3JfaWQiOiI2NDk5MWQ4MGRhMGNiIiwic2hvcnRjb2RlIjoidmNfY29sdW1uIiwiZGF0YSI6eyJ0YWJsZXQiOnt9LCJtb2JpbGUiOnt9fX0=&#8221; mobile_reset_margin=&#8221;no&#8221; tablet_reset_margin=&#8221;no&#8221; wd_z_index=&#8221;no&#8221;]\t\t<div class=\"promo-banner-wrapper  wd-rs-64991cbbb875d \">\n\t\t\t<div id=\"wd-64991cbbb875d\" class=\"promo-banner  banner-mask banner-hover-zoom color-scheme-light banner-btn-size-default banner-btn-style-default  with-btn banner-btn-position-static cursor-pointer wd-underline-colored\"\t\t\t\t onclick=\"window.location.href='https:\/\/anivet.lt\/klinika\/paslaugos\/terapinis-gydymas\/'\"\t\t\t>\n\t\t\t\t<div class=\"main-wrapp-img\">\n\t\t\t\t\t<div class=\"banner-image wd-bg-position-center\" >\n\t\t\t\t\t\t<img loading=\"lazy\" decoding=\"async\" width=\"1024\" height=\"683\" src=\"data:image\/webp;base64,UklGRqIAAABXRUJQVlA4IJYAAAAQAgCdASoPAAoAAYAaJQBOgBwuOjzTCLgAAP7+nflb\/FSjD1tdRxPs1OGUX337qNzcvWTzr3vP4YhHGO\/K7x8tOZn9ivgL0XbMaJg1V0O0fP\/2sN7A7t44gbOJUUnJrTYx96OTvR3Vqv5rNSuIAKoW80rI\/y7buvVvqhK+vN2r38\/v4f\/t0Sa\/fZa7BnjVlRpJhzF62AA=\" class=\"promo-banner-image attachment-full wd-lazy-load wd-lazy-fade\" alt=\"\" title=\"gydymas\" srcset=\"\" sizes=\"auto, (max-width: 1024px) 100vw, 1024px\" data-wood-src=\"https:\/\/anivet.lt\/klinika\/wp-content\/uploads\/2023\/06\/gydymas.webp\" data-srcset=\"https:\/\/anivet.lt\/klinika\/wp-content\/uploads\/2023\/06\/gydymas.webp 1024w, https:\/\/anivet.lt\/klinika\/wp-content\/uploads\/2023\/06\/gydymas-400x267.webp 400w, https:\/\/anivet.lt\/klinika\/wp-content\/uploads\/2023\/06\/gydymas-768x512.webp 768w, https:\/\/anivet.lt\/klinika\/wp-content\/uploads\/2023\/06\/gydymas-600x400.webp 600w, https:\/\/anivet.lt\/klinika\/wp-content\/uploads\/2023\/06\/gydymas-700x467.webp 700w, https:\/\/anivet.lt\/klinika\/wp-content\/uploads\/2023\/06\/gydymas-150x100.webp 150w\" \/>\t\t\t\t\t<\/div>\n\t\t\t\t<\/div>\n\n\t\t\t\t<div class=\"wrapper-content-banner wd-fill  wd-items-middle wd-justify-left\">\n\t\t\t\t\t<div class=\"content-banner  text-left\">\n\t\t\t\t\t\t<h4 class=\"banner-title wd-font-weight- wd-fontsize-xl\">TERAPINIS GYDYMAS<\/h4>\t\t\t\t\t\t\t\t\t\t\t\t\t<div class=\"banner-inner set-cont-mb-s reset-last-child wd-fontsize-xs\">\n\t\t\t\t\t\t\t\t<p>profilaktin\u0117 ap\u017ei\u016bra, lig\u0173 nustatymas<\/p>\n\t\t\t\t\t\t\t<\/div>\n\t\t\t\t\t\t\n\t\t\t\t\t\t\n\t\t\t\t\t\t<div class=\"banner-btn-wrapper\"><div id=\"wd-69e09921ed05d\" class=\"  wd-button-wrapper text-left\"><a  class=\"btn btn-color-primary btn-style-default btn-style-round btn-size-default\">\u017di\u016br\u0117ti pla\u010diau<\/a><\/div><\/div>\t\t\t\t\t<\/div>\n\t\t\t\t<\/div>\n\t\t\t\t\t\t\t<\/div>\n\t\t<\/div>\n\n\t\t[\/vc_column][\/vc_row][vc_row][vc_column width=&#8221;1\/2&#8243; css=&#8221;.vc_custom_1687756169359{margin-bottom: 30px !important;}&#8221; woodmart_css_id=&#8221;64991d86943b2&#8243; parallax_scroll=&#8221;no&#8221; woodmart_sticky_column=&#8221;false&#8221; wd_collapsible_content_switcher=&#8221;no&#8221; wd_column_role_offcanvas_desktop=&#8221;no&#8221; wd_column_role_offcanvas_tablet=&#8221;no&#8221; wd_column_role_offcanvas_mobile=&#8221;no&#8221; wd_column_role_content_desktop=&#8221;no&#8221; wd_column_role_content_tablet=&#8221;no&#8221; wd_column_role_content_mobile=&#8221;no&#8221; mobile_bg_img_hidden=&#8221;no&#8221; tablet_bg_img_hidden=&#8221;no&#8221; woodmart_parallax=&#8221;0&#8243; woodmart_box_shadow=&#8221;no&#8221; responsive_spacing=&#8221;eyJwYXJhbV90eXBlIjoid29vZG1hcnRfcmVzcG9uc2l2ZV9zcGFjaW5nIiwic2VsZWN0b3JfaWQiOiI2NDk5MWQ4Njk0M2IyIiwic2hvcnRjb2RlIjoidmNfY29sdW1uIiwiZGF0YSI6eyJ0YWJsZXQiOnt9LCJtb2JpbGUiOnt9fX0=&#8221; mobile_reset_margin=&#8221;no&#8221; tablet_reset_margin=&#8221;no&#8221; wd_z_index=&#8221;no&#8221;]\t\t<div class=\"promo-banner-wrapper  wd-rs-64991d14b52ad \">\n\t\t\t<div id=\"wd-64991d14b52ad\" class=\"promo-banner  banner-mask banner-hover-zoom color-scheme-light banner-btn-size-default banner-btn-style-default  with-btn banner-btn-position-static cursor-pointer wd-underline-colored\"\t\t\t\t onclick=\"window.location.href='https:\/\/anivet.lt\/klinika\/paslaugos\/chirurgija\/'\"\t\t\t>\n\t\t\t\t<div class=\"main-wrapp-img\">\n\t\t\t\t\t<div class=\"banner-image wd-bg-position-center\" >\n\t\t\t\t\t\t<img loading=\"lazy\" decoding=\"async\" width=\"2560\" height=\"1707\" src=\"data:image\/jpg;base64,\/9j\/4AAQSkZJRgABAQEAYABgAAD\/\/gA7Q1JFQVRPUjogZ2QtanBlZyB2MS4wICh1c2luZyBJSkcgSlBFRyB2NjIpLCBxdWFsaXR5ID0gODIK\/9sAQwAGBAQFBAQGBQUFBgYGBwkOCQkICAkSDQ0KDhUSFhYVEhQUFxohHBcYHxkUFB0nHR8iIyUlJRYcKSwoJCshJCUk\/9sAQwEGBgYJCAkRCQkRJBgUGCQkJCQkJCQkJCQkJCQkJCQkJCQkJCQkJCQkJCQkJCQkJCQkJCQkJCQkJCQkJCQkJCQk\/8AAEQgACgAPAwEiAAIRAQMRAf\/EAB8AAAEFAQEBAQEBAAAAAAAAAAABAgMEBQYHCAkKC\/\/EALUQAAIBAwMCBAMFBQQEAAABfQECAwAEEQUSITFBBhNRYQcicRQygZGhCCNCscEVUtHwJDNicoIJChYXGBkaJSYnKCkqNDU2Nzg5OkNERUZHSElKU1RVVldYWVpjZGVmZ2hpanN0dXZ3eHl6g4SFhoeIiYqSk5SVlpeYmZqio6Slpqeoqaqys7S1tre4ubrCw8TFxsfIycrS09TV1tfY2drh4uPk5ebn6Onq8fLz9PX29\/j5+v\/EAB8BAAMBAQEBAQEBAQEAAAAAAAABAgMEBQYHCAkKC\/\/EALURAAIBAgQEAwQHBQQEAAECdwABAgMRBAUhMQYSQVEHYXETIjKBCBRCkaGxwQkjM1LwFWJy0QoWJDThJfEXGBkaJicoKSo1Njc4OTpDREVGR0hJSlNUVVZXWFlaY2RlZmdoaWpzdHV2d3h5eoKDhIWGh4iJipKTlJWWl5iZmqKjpKWmp6ipqrKztLW2t7i5usLDxMXGx8jJytLT1NXW19jZ2uLj5OXm5+jp6vLz9PX29\/j5+v\/aAAwDAQACEQMRAD8A3\/BL4vbrUrmdYbGGKKO1EUmDOdoyeA2Rk4\/PNVfEttK10kkEsL2W3eGiQgoT\/CQen+enSuD+CPy6ZeOvDeaOR1+6K6rxhe3UIszFczJl2B2uRn5a7aF4VFU38jjr2nT9nt5n\/9k=\" class=\"promo-banner-image attachment-full wd-lazy-load wd-lazy-fade\" alt=\"\" title=\"Ill retriever in veterinary clinic.\" srcset=\"\" sizes=\"auto, (max-width: 2560px) 100vw, 2560px\" data-wood-src=\"https:\/\/anivet.lt\/klinika\/wp-content\/uploads\/2023\/06\/chirurgija-scaled.jpg\" data-srcset=\"https:\/\/anivet.lt\/klinika\/wp-content\/uploads\/2023\/06\/chirurgija-scaled.jpg 2560w, https:\/\/anivet.lt\/klinika\/wp-content\/uploads\/2023\/06\/chirurgija-400x267.jpg 400w, https:\/\/anivet.lt\/klinika\/wp-content\/uploads\/2023\/06\/chirurgija-1200x800.jpg 1200w, https:\/\/anivet.lt\/klinika\/wp-content\/uploads\/2023\/06\/chirurgija-768x512.jpg 768w, https:\/\/anivet.lt\/klinika\/wp-content\/uploads\/2023\/06\/chirurgija-1536x1024.jpg 1536w, https:\/\/anivet.lt\/klinika\/wp-content\/uploads\/2023\/06\/chirurgija-2048x1365.jpg 2048w, https:\/\/anivet.lt\/klinika\/wp-content\/uploads\/2023\/06\/chirurgija-600x400.jpg 600w, https:\/\/anivet.lt\/klinika\/wp-content\/uploads\/2023\/06\/chirurgija-700x467.jpg 700w, https:\/\/anivet.lt\/klinika\/wp-content\/uploads\/2023\/06\/chirurgija-150x100.jpg 150w\" \/>\t\t\t\t\t<\/div>\n\t\t\t\t<\/div>\n\n\t\t\t\t<div class=\"wrapper-content-banner wd-fill  wd-items-middle wd-justify-left\">\n\t\t\t\t\t<div class=\"content-banner  text-left\">\n\t\t\t\t\t\t<h4 class=\"banner-title wd-font-weight- wd-fontsize-xl\">CHIRURGIJA<\/h4>\t\t\t\t\t\t\t\t\t\t\t\t\t<div class=\"banner-inner set-cont-mb-s reset-last-child wd-fontsize-xs\">\n\t\t\t\t\t\t\t\t<p>kastracija \/ \u017eaizd\u0173<\/p>\n\t\t\t\t\t\t\t<\/div>\n\t\t\t\t\t\t\n\t\t\t\t\t\t\n\t\t\t\t\t\t<div class=\"banner-btn-wrapper\"><div id=\"wd-69e09921ed3bd\" class=\"  wd-button-wrapper text-left\"><a  class=\"btn btn-color-primary btn-style-default btn-style-round btn-size-default\">\u017di\u016br\u0117ti pla\u010diau<\/a><\/div><\/div>\t\t\t\t\t<\/div>\n\t\t\t\t<\/div>\n\t\t\t\t\t\t\t<\/div>\n\t\t<\/div>\n\n\t\t[\/vc_column][vc_column width=&#8221;1\/2&#8243; css=&#8221;.vc_custom_1687756174300{margin-bottom: 30px !important;}&#8221; woodmart_css_id=&#8221;64991d8b7e2a8&#8243; parallax_scroll=&#8221;no&#8221; woodmart_sticky_column=&#8221;false&#8221; wd_collapsible_content_switcher=&#8221;no&#8221; wd_column_role_offcanvas_desktop=&#8221;no&#8221; wd_column_role_offcanvas_tablet=&#8221;no&#8221; wd_column_role_offcanvas_mobile=&#8221;no&#8221; wd_column_role_content_desktop=&#8221;no&#8221; wd_column_role_content_tablet=&#8221;no&#8221; wd_column_role_content_mobile=&#8221;no&#8221; mobile_bg_img_hidden=&#8221;no&#8221; tablet_bg_img_hidden=&#8221;no&#8221; woodmart_parallax=&#8221;0&#8243; woodmart_box_shadow=&#8221;no&#8221; responsive_spacing=&#8221;eyJwYXJhbV90eXBlIjoid29vZG1hcnRfcmVzcG9uc2l2ZV9zcGFjaW5nIiwic2VsZWN0b3JfaWQiOiI2NDk5MWQ4YjdlMmE4Iiwic2hvcnRjb2RlIjoidmNfY29sdW1uIiwiZGF0YSI6eyJ0YWJsZXQiOnt9LCJtb2JpbGUiOnt9fX0=&#8221; mobile_reset_margin=&#8221;no&#8221; tablet_reset_margin=&#8221;no&#8221; wd_z_index=&#8221;no&#8221;]\t\t<div class=\"promo-banner-wrapper  wd-rs-64991f8084a22 \">\n\t\t\t<div id=\"wd-64991f8084a22\" class=\"promo-banner  banner-mask banner-hover-zoom color-scheme-light banner-btn-size-default banner-btn-style-default  with-btn banner-btn-position-static cursor-pointer wd-underline-colored\"\t\t\t\t onclick=\"window.location.href='https:\/\/anivet.lt\/klinika\/paslaugos\/kitos-paslaugos\/'\"\t\t\t>\n\t\t\t\t<div class=\"main-wrapp-img\">\n\t\t\t\t\t<div class=\"banner-image wd-bg-position-center\" >\n\t\t\t\t\t\t<img loading=\"lazy\" decoding=\"async\" width=\"1008\" height=\"801\" src=\"data:image\/jpg;base64,\/9j\/4AAQSkZJRgABAQEAYABgAAD\/\/gA7Q1JFQVRPUjogZ2QtanBlZyB2MS4wICh1c2luZyBJSkcgSlBFRyB2NjIpLCBxdWFsaXR5ID0gODIK\/9sAQwAGBAQFBAQGBQUFBgYGBwkOCQkICAkSDQ0KDhUSFhYVEhQUFxohHBcYHxkUFB0nHR8iIyUlJRYcKSwoJCshJCUk\/9sAQwEGBgYJCAkRCQkRJBgUGCQkJCQkJCQkJCQkJCQkJCQkJCQkJCQkJCQkJCQkJCQkJCQkJCQkJCQkJCQkJCQkJCQk\/8AAEQgACgANAwEiAAIRAQMRAf\/EAB8AAAEFAQEBAQEBAAAAAAAAAAABAgMEBQYHCAkKC\/\/EALUQAAIBAwMCBAMFBQQEAAABfQECAwAEEQUSITFBBhNRYQcicRQygZGhCCNCscEVUtHwJDNicoIJChYXGBkaJSYnKCkqNDU2Nzg5OkNERUZHSElKU1RVVldYWVpjZGVmZ2hpanN0dXZ3eHl6g4SFhoeIiYqSk5SVlpeYmZqio6Slpqeoqaqys7S1tre4ubrCw8TFxsfIycrS09TV1tfY2drh4uPk5ebn6Onq8fLz9PX29\/j5+v\/EAB8BAAMBAQEBAQEBAQEAAAAAAAABAgMEBQYHCAkKC\/\/EALURAAIBAgQEAwQHBQQEAAECdwABAgMRBAUhMQYSQVEHYXETIjKBCBRCkaGxwQkjM1LwFWJy0QoWJDThJfEXGBkaJicoKSo1Njc4OTpDREVGR0hJSlNUVVZXWFlaY2RlZmdoaWpzdHV2d3h5eoKDhIWGh4iJipKTlJWWl5iZmqKjpKWmp6ipqrKztLW2t7i5usLDxMXGx8jJytLT1NXW19jZ2uLj5OXm5+jp6vLz9PX29\/j5+v\/aAAwDAQACEQMRAD8A9C1Xzbe0h0\/Sb640+6vndDguqxsqBgd698KSQSMhie2Dp+HfHWpXGjWsbaVdareW6+TdXNuv7uR143AgfxD5sYGM1tw28KokQijEaqSqhRgHGMgfTiuesWOnGWGyJtos7tkPyLkk5OBU1F73u6FU52h7yuf\/2Q==\" class=\"promo-banner-image attachment-full wd-lazy-load wd-lazy-fade\" alt=\"\" title=\"\" srcset=\"\" sizes=\"auto, (max-width: 1008px) 100vw, 1008px\" data-wood-src=\"https:\/\/anivet.lt\/klinika\/wp-content\/uploads\/2023\/06\/2.jpg\" data-srcset=\"https:\/\/anivet.lt\/klinika\/wp-content\/uploads\/2023\/06\/2.jpg 1008w, https:\/\/anivet.lt\/klinika\/wp-content\/uploads\/2023\/06\/2-378x300.jpg 378w, https:\/\/anivet.lt\/klinika\/wp-content\/uploads\/2023\/06\/2-768x610.jpg 768w, https:\/\/anivet.lt\/klinika\/wp-content\/uploads\/2023\/06\/2-600x477.jpg 600w, https:\/\/anivet.lt\/klinika\/wp-content\/uploads\/2023\/06\/2-700x556.jpg 700w, https:\/\/anivet.lt\/klinika\/wp-content\/uploads\/2023\/06\/2-150x119.jpg 150w\" \/>\t\t\t\t\t<\/div>\n\t\t\t\t<\/div>\n\n\t\t\t\t<div class=\"wrapper-content-banner wd-fill  wd-items-middle wd-justify-left\">\n\t\t\t\t\t<div class=\"content-banner  text-left\">\n\t\t\t\t\t\t<h4 class=\"banner-title wd-font-weight- wd-fontsize-xl\">KITOS PASLAUGOS<\/h4>\t\t\t\t\t\t\t\t\t\t\t\t\t<div class=\"banner-inner set-cont-mb-s reset-last-child wd-fontsize-xs\">\n\t\t\t\t\t\t\t\t<p>vakcinacija \/ burnos higiena \/ gyv\u016bno pasas<\/p>\n\t\t\t\t\t\t\t<\/div>\n\t\t\t\t\t\t\n\t\t\t\t\t\t\n\t\t\t\t\t\t<div class=\"banner-btn-wrapper\"><div id=\"wd-69e09921ed686\" class=\"  wd-button-wrapper text-left\"><a  class=\"btn btn-color-primary btn-style-default btn-style-round btn-size-default\">\u017di\u016br\u0117ti pla\u010diau<\/a><\/div><\/div>\t\t\t\t\t<\/div>\n\t\t\t\t<\/div>\n\t\t\t\t\t\t\t<\/div>\n\t\t<\/div>\n\n\t\t[\/vc_column][\/vc_row]<\/p>\n<\/div>","protected":false},"excerpt":{"rendered":"<p>[vc_row][vc_column width=&#8221;1\/2&#8243; css=&#8221;.vc_custom_1687756158751{margin-bottom: 30px !important;}&#8221; woodmart_css_id=&#8221;64991d7b5b910&#8243; parallax_scroll=&#8221;no&#8221; woodmart_sticky_column=&#8221;false&#8221; wd_collapsible_content_switcher=&#8221;no&#8221; wd_column_role_offcanvas_desktop=&#8221;no&#8221; wd_column_role_offcanvas_tablet=&#8221;no&#8221; wd_column_role_offcanvas_mobile=&#8221;no&#8221; wd_column_role_content_desktop=&#8221;no&#8221; wd_column_role_content_tablet=&#8221;no&#8221; wd_column_role_content_mobile=&#8221;no&#8221; mobile_bg_img_hidden=&#8221;no&#8221; tablet_bg_img_hidden=&#8221;no&#8221; woodmart_parallax=&#8221;0&#8243; woodmart_box_shadow=&#8221;no&#8221; responsive_spacing=&#8221;eyJwYXJhbV90eXBlIjoid29vZG1hcnRfcmVzcG9uc2l2ZV9zcGFjaW5nIiwic2VsZWN0b3JfaWQiOiI2NDk5MWQ3YjViOTEwIiwic2hvcnRjb2RlIjoidmNfY29sdW1uIiwiZGF0YSI6eyJ0YWJsZXQiOnt9LCJtb2JpbGUiOnt9fX0=&#8221;<\/p>\n","protected":false},"author":1,"featured_media":0,"parent":0,"menu_order":0,"comment_status":"closed","ping_status":"closed","template":"","meta":{"footnotes":""},"class_list":["post-10222","page","type-page","status-publish","hentry"],"yoast_head":"<!-- This site is optimized with the Yoast SEO plugin v25.6 - https:\/\/yoast.com\/wordpress\/plugins\/seo\/ -->\n<title>Paslaugos - anivet.lt<\/title>\n<meta name=\"robots\" content=\"index, follow, max-snippet:-1, max-image-preview:large, max-video-preview:-1\" \/>\n<link rel=\"canonical\" href=\"https:\/\/anivet.lt\/klinika\/paslaugos\/\" \/>\n<meta property=\"og:locale\" content=\"lt_LT\" \/>\n<meta property=\"og:type\" content=\"article\" \/>\n<meta property=\"og:title\" content=\"Paslaugos - anivet.lt\" \/>\n<meta property=\"og:url\" content=\"https:\/\/anivet.lt\/klinika\/paslaugos\/\" \/>\n<meta property=\"og:site_name\" content=\"anivet.lt\" \/>\n<meta property=\"article:modified_time\" content=\"2023-08-03T08:22:13+00:00\" \/>\n<meta property=\"og:image\" content=\"https:\/\/anivet.lt\/klinika\/wp-content\/uploads\/2023\/06\/2.jpg\" \/>\n\t<meta property=\"og:image:width\" content=\"1008\" \/>\n\t<meta property=\"og:image:height\" content=\"801\" \/>\n\t<meta property=\"og:image:type\" content=\"image\/jpeg\" \/>\n<meta name=\"twitter:card\" content=\"summary_large_image\" \/>\n<meta name=\"twitter:label1\" content=\"Est. reading time\" \/>\n\t<meta name=\"twitter:data1\" content=\"2 minut\u0117s\" \/>\n<script type=\"application\/ld+json\" class=\"yoast-schema-graph\">{\"@context\":\"https:\/\/schema.org\",\"@graph\":[{\"@type\":\"WebPage\",\"@id\":\"https:\/\/anivet.lt\/klinika\/paslaugos\/\",\"url\":\"https:\/\/anivet.lt\/klinika\/paslaugos\/\",\"name\":\"Paslaugos - anivet.lt\",\"isPartOf\":{\"@id\":\"https:\/\/anivet.lt\/klinika\/#website\"},\"datePublished\":\"2023-06-26T04:01:36+00:00\",\"dateModified\":\"2023-08-03T08:22:13+00:00\",\"breadcrumb\":{\"@id\":\"https:\/\/anivet.lt\/klinika\/paslaugos\/#breadcrumb\"},\"inLanguage\":\"lt-LT\",\"potentialAction\":[{\"@type\":\"ReadAction\",\"target\":[\"https:\/\/anivet.lt\/klinika\/paslaugos\/\"]}]},{\"@type\":\"BreadcrumbList\",\"@id\":\"https:\/\/anivet.lt\/klinika\/paslaugos\/#breadcrumb\",\"itemListElement\":[{\"@type\":\"ListItem\",\"position\":1,\"name\":\"Home\",\"item\":\"https:\/\/anivet.lt\/klinika\/\"},{\"@type\":\"ListItem\",\"position\":2,\"name\":\"Paslaugos\"}]},{\"@type\":\"WebSite\",\"@id\":\"https:\/\/anivet.lt\/klinika\/#website\",\"url\":\"https:\/\/anivet.lt\/klinika\/\",\"name\":\"anivet.lt\",\"description\":\"anivet.lt\",\"publisher\":{\"@id\":\"https:\/\/anivet.lt\/klinika\/#organization\"},\"alternateName\":\"Veterinarijos klinika\",\"potentialAction\":[{\"@type\":\"SearchAction\",\"target\":{\"@type\":\"EntryPoint\",\"urlTemplate\":\"https:\/\/anivet.lt\/klinika\/?s={search_term_string}\"},\"query-input\":{\"@type\":\"PropertyValueSpecification\",\"valueRequired\":true,\"valueName\":\"search_term_string\"}}],\"inLanguage\":\"lt-LT\"},{\"@type\":\"Organization\",\"@id\":\"https:\/\/anivet.lt\/klinika\/#organization\",\"name\":\"Veterinarijos klinika\",\"url\":\"https:\/\/anivet.lt\/klinika\/\",\"logo\":{\"@type\":\"ImageObject\",\"inLanguage\":\"lt-LT\",\"@id\":\"https:\/\/anivet.lt\/klinika\/#\/schema\/logo\/image\/\",\"url\":\"https:\/\/anivet.lt\/klinika\/wp-content\/uploads\/2023\/06\/logo2.jpg\",\"contentUrl\":\"https:\/\/anivet.lt\/klinika\/wp-content\/uploads\/2023\/06\/logo2.jpg\",\"width\":655,\"height\":194,\"caption\":\"Veterinarijos klinika\"},\"image\":{\"@id\":\"https:\/\/anivet.lt\/klinika\/#\/schema\/logo\/image\/\"}}]}<\/script>\n<!-- \/ Yoast SEO plugin. -->","yoast_head_json":{"title":"Paslaugos - anivet.lt","robots":{"index":"index","follow":"follow","max-snippet":"max-snippet:-1","max-image-preview":"max-image-preview:large","max-video-preview":"max-video-preview:-1"},"canonical":"https:\/\/anivet.lt\/klinika\/paslaugos\/","og_locale":"lt_LT","og_type":"article","og_title":"Paslaugos - anivet.lt","og_url":"https:\/\/anivet.lt\/klinika\/paslaugos\/","og_site_name":"anivet.lt","article_modified_time":"2023-08-03T08:22:13+00:00","og_image":[{"width":1008,"height":801,"url":"https:\/\/anivet.lt\/klinika\/wp-content\/uploads\/2023\/06\/2.jpg","type":"image\/jpeg"}],"twitter_card":"summary_large_image","twitter_misc":{"Est. reading time":"2 minut\u0117s"},"schema":{"@context":"https:\/\/schema.org","@graph":[{"@type":"WebPage","@id":"https:\/\/anivet.lt\/klinika\/paslaugos\/","url":"https:\/\/anivet.lt\/klinika\/paslaugos\/","name":"Paslaugos - anivet.lt","isPartOf":{"@id":"https:\/\/anivet.lt\/klinika\/#website"},"datePublished":"2023-06-26T04:01:36+00:00","dateModified":"2023-08-03T08:22:13+00:00","breadcrumb":{"@id":"https:\/\/anivet.lt\/klinika\/paslaugos\/#breadcrumb"},"inLanguage":"lt-LT","potentialAction":[{"@type":"ReadAction","target":["https:\/\/anivet.lt\/klinika\/paslaugos\/"]}]},{"@type":"BreadcrumbList","@id":"https:\/\/anivet.lt\/klinika\/paslaugos\/#breadcrumb","itemListElement":[{"@type":"ListItem","position":1,"name":"Home","item":"https:\/\/anivet.lt\/klinika\/"},{"@type":"ListItem","position":2,"name":"Paslaugos"}]},{"@type":"WebSite","@id":"https:\/\/anivet.lt\/klinika\/#website","url":"https:\/\/anivet.lt\/klinika\/","name":"anivet.lt","description":"anivet.lt","publisher":{"@id":"https:\/\/anivet.lt\/klinika\/#organization"},"alternateName":"Veterinarijos klinika","potentialAction":[{"@type":"SearchAction","target":{"@type":"EntryPoint","urlTemplate":"https:\/\/anivet.lt\/klinika\/?s={search_term_string}"},"query-input":{"@type":"PropertyValueSpecification","valueRequired":true,"valueName":"search_term_string"}}],"inLanguage":"lt-LT"},{"@type":"Organization","@id":"https:\/\/anivet.lt\/klinika\/#organization","name":"Veterinarijos klinika","url":"https:\/\/anivet.lt\/klinika\/","logo":{"@type":"ImageObject","inLanguage":"lt-LT","@id":"https:\/\/anivet.lt\/klinika\/#\/schema\/logo\/image\/","url":"https:\/\/anivet.lt\/klinika\/wp-content\/uploads\/2023\/06\/logo2.jpg","contentUrl":"https:\/\/anivet.lt\/klinika\/wp-content\/uploads\/2023\/06\/logo2.jpg","width":655,"height":194,"caption":"Veterinarijos klinika"},"image":{"@id":"https:\/\/anivet.lt\/klinika\/#\/schema\/logo\/image\/"}}]}},"_links":{"self":[{"href":"https:\/\/anivet.lt\/klinika\/wp-json\/wp\/v2\/pages\/10222","targetHints":{"allow":["GET"]}}],"collection":[{"href":"https:\/\/anivet.lt\/klinika\/wp-json\/wp\/v2\/pages"}],"about":[{"href":"https:\/\/anivet.lt\/klinika\/wp-json\/wp\/v2\/types\/page"}],"author":[{"embeddable":true,"href":"https:\/\/anivet.lt\/klinika\/wp-json\/wp\/v2\/users\/1"}],"replies":[{"embeddable":true,"href":"https:\/\/anivet.lt\/klinika\/wp-json\/wp\/v2\/comments?post=10222"}],"version-history":[{"count":18,"href":"https:\/\/anivet.lt\/klinika\/wp-json\/wp\/v2\/pages\/10222\/revisions"}],"predecessor-version":[{"id":10326,"href":"https:\/\/anivet.lt\/klinika\/wp-json\/wp\/v2\/pages\/10222\/revisions\/10326"}],"wp:attachment":[{"href":"https:\/\/anivet.lt\/klinika\/wp-json\/wp\/v2\/media?parent=10222"}],"curies":[{"name":"wp","href":"https:\/\/api.w.org\/{rel}","templated":true}]}}