{"id":10237,"date":"2023-06-26T04:41:18","date_gmt":"2023-06-26T04:41:18","guid":{"rendered":"https:\/\/anivet.lt\/klinika\/?page_id=10237"},"modified":"2023-08-03T10:12:45","modified_gmt":"2023-08-03T10:12:45","slug":"kitos-paslaugos","status":"publish","type":"page","link":"https:\/\/anivet.lt\/klinika\/paslaugos\/kitos-paslaugos\/","title":{"rendered":"Kitos paslaugos"},"content":{"rendered":"<div class=\"wpb-content-wrapper\"><p>[vc_row full_width=&#8221;stretch_row&#8221; gap=&#8221;30&#8243; equal_height=&#8221;yes&#8221; content_placement=&#8221;middle&#8221; woodmart_bg_position=&#8221;right-center&#8221; woodmart_gradient_switch=&#8221;yes&#8221; css=&#8221;.vc_custom_1676554053709{background-position: center !important;background-repeat: no-repeat !important;background-size: contain !important;}&#8221; woodmart_color_gradient=&#8221;rgb(248, 245, 240)-74\/rgb(250,250,250)-74\/|linear-gradient(left , rgb(248, 245, 240) 74% , rgb(250,250,250) 74%)|linear|left&#8221; woodmart_css_id=&#8221;63ee2f41d5582&#8243; responsive_spacing=&#8221;eyJwYXJhbV90eXBlIjoid29vZG1hcnRfcmVzcG9uc2l2ZV9zcGFjaW5nIiwic2VsZWN0b3JfaWQiOiI2M2VlMmY0MWQ1NTgyIiwic2hvcnRjb2RlIjoidmNfcm93IiwiZGF0YSI6eyJ0YWJsZXQiOnt9LCJtb2JpbGUiOnsibWFyZ2luLXRvcCI6Ii0zNXB4In19fQ==&#8221; mobile_bg_img_hidden=&#8221;no&#8221; tablet_bg_img_hidden=&#8221;no&#8221; woodmart_parallax=&#8221;0&#8243; row_reverse_mobile=&#8221;0&#8243; row_reverse_tablet=&#8221;0&#8243; woodmart_disable_overflow=&#8221;0&#8243; woodmart_box_shadow=&#8221;no&#8221; wd_z_index=&#8221;no&#8221;][vc_column css_animation=&#8221;fadeInLeft&#8221; offset=&#8221;vc_col-lg-6 vc_col-md-6&#8243; css=&#8221;.vc_custom_1686804820731{padding-top: 80px !important;padding-bottom: 60px !important;}&#8221; woodmart_css_id=&#8221;648a994c06c34&#8243; responsive_spacing=&#8221;eyJwYXJhbV90eXBlIjoid29vZG1hcnRfcmVzcG9uc2l2ZV9zcGFjaW5nIiwic2VsZWN0b3JfaWQiOiI2NDhhOTk0YzA2YzM0Iiwic2hvcnRjb2RlIjoidmNfY29sdW1uIiwiZGF0YSI6eyJ0YWJsZXQiOnt9LCJtb2JpbGUiOnsicGFkZGluZy10b3AiOiIyMHB4IiwicGFkZGluZy1ib3R0b20iOiIwcHgifX19&#8243; parallax_scroll=&#8221;no&#8221; mobile_bg_img_hidden=&#8221;no&#8221; tablet_bg_img_hidden=&#8221;no&#8221; woodmart_parallax=&#8221;0&#8243; woodmart_sticky_column=&#8221;false&#8221; mobile_reset_margin=&#8221;no&#8221; tablet_reset_margin=&#8221;no&#8221; wd_collapsible_content_switcher=&#8221;no&#8221; wd_column_role_offcanvas_desktop=&#8221;no&#8221; wd_column_role_offcanvas_tablet=&#8221;no&#8221; wd_column_role_offcanvas_mobile=&#8221;no&#8221; wd_column_role_content_desktop=&#8221;no&#8221; wd_column_role_content_tablet=&#8221;no&#8221; wd_column_role_content_mobile=&#8221;no&#8221; woodmart_box_shadow=&#8221;no&#8221; wd_z_index=&#8221;no&#8221;]\t\t\t<link rel=\"stylesheet\" id=\"wd-section-title-css\" href=\"https:\/\/anivet.lt\/klinika\/wp-content\/themes\/woodmart\/css\/parts\/el-section-title.min.css?ver=7.2.4\" type=\"text\/css\" media=\"all\" \/> \t\t\t\t\t\t<link rel=\"stylesheet\" id=\"wd-mod-highlighted-text-css\" href=\"https:\/\/anivet.lt\/klinika\/wp-content\/themes\/woodmart\/css\/parts\/mod-highlighted-text.min.css?ver=7.2.4\" type=\"text\/css\" media=\"all\" \/> \t\t\t\n\t\t<div id=\"wd-6499264b56ad1\" class=\"title-wrapper wd-wpb set-mb-s reset-last-child  wd-rs-6499264b56ad1 wd-title-color-default wd-title-style-default text-left vc_custom_1687758432216 wd-underline-colored\">\n\t\t\t\t\t\t\t<div class=\"title-subtitle  subtitle-color-default font-default subtitle-style-default wd-font-weight- wd-fontsize-xs\">vakcinacija \/ burnos higiena\/ gyv\u016bno pasas<\/div>\n\t\t\t\n\t\t\t<div class=\"liner-continer\">\n\t\t\t\t<h4 class=\"woodmart-title-container title  wd-font-weight-400 wd-fontsize-xl\" >KITOS PASLAUGOS<\/h4>\n\t\t\t\t\t\t\t<\/div>\n\t\t\t\n\t\t\t\n\t\t\t\n\t\t<\/div>\n\t\t\n\t\t\t\t\t<link rel=\"stylesheet\" id=\"wd-text-block-css\" href=\"https:\/\/anivet.lt\/klinika\/wp-content\/themes\/woodmart\/css\/parts\/el-text-block.min.css?ver=7.2.4\" type=\"text\/css\" media=\"all\" \/> \t\t\t\t\t<div id=\"wd-64cb7d97a0e0d\" class=\"wd-text-block wd-wpb reset-last-child wd-rs-64cb7d97a0e0d text-left wd-fontsize-custom \">\n\t\t\t<p align=\"justify\"><span style=\"color: #666666;\"><span style=\"font-family: Times New Roman, serif;\"><span style=\"font-size: medium;\">\u0160unys, kat\u0117s ir kiti \u0161iltakraujai gyv\u016bnai gali tur\u0117ti vidini\u0173 parazit\u0173 helmint\u0173 (parazitini\u0173 kirm\u0117li\u0173 ar pirmuoni\u0173). Ypatingai jautr\u016bs u\u017esikr\u0117timui helmintais jauni ir vyresnio am\u017eiaus gyv\u016bnai. Didel\u0117s parazit\u0173 invazijos jaunam gyv\u016bnui gali b\u016bti mirtinos. Jie ne tik gyvena gyv\u016bno organizme, bet ir nuodija j\u012f savo i\u0161skyromis. Kirm\u0117l\u0117s mechani\u0161kai \u017ealoja ir ardo audinius bei organus, kuriuose parazituoja.<\/span><\/span><\/span><\/p>\n<p align=\"justify\"><span style=\"color: #666666;\"><span style=\"font-family: Times New Roman, serif;\"><span style=\"font-size: medium;\">M\u016bs\u0173 veterinarijos klinika teikia \u012fvairias paslaugas, \u012fskaitant vakcinacij\u0105, burnos higien\u0105 ir gyv\u016bno paso i\u0161davim\u0105, \u017eenklinim\u0105,\u00a0 kurios yra b\u016btinos gyv\u016bno sveikatai ir gerovei u\u017etikrinti.<\/span><\/span><\/span><\/p>\n<p><span style=\"color: #666666;\"><span style=\"font-family: Times New Roman, serif;\"><span style=\"font-size: medium;\">Vakcinacija yra svarbi prevencin\u0117 priemon\u0117, padedanti apsaugoti J\u016bs\u0173 augintin\u012f nuo pavojing\u0173 lig\u0173. M\u016bs\u0173 veterinarijos klinikoje \u0161unims, kat\u0117ms, \u0161e\u0161kams ir triu\u0161iams atliekami profilaktiniai skiepai nuo u\u017ekre\u010diam\u0173j\u0173 lig\u0173. Veterinarijos gydytojas parinks J\u016bs\u0173 augintiniui tinkam\u0105 vakcinacijos plan\u0105.<\/span><\/span><\/span><\/p>\n<p><span style=\"color: #666666;\"><span style=\"font-family: Times New Roman, serif;\"><span style=\"font-size: medium;\">Burnos higiena taip pat yra svarbi, norint u\u017etikrinti gyv\u016bno sveikat\u0105. Neteisinga burnos higiena gali lemti dant\u0173, burnos ertm\u0117s ligas,\u00a0 blog\u0105 kvap\u0105 ir kitas problemas. M\u016bs\u0173 veterinarijos gydytojai teikia burnos higienos paslaugas, \u012fskaitant profesional\u0173 dant\u0173 valym\u0105, kad i\u0161laikytum\u0117te gyv\u016bno burnos sveikat\u0105. Mes taip pat konsultuojame\u00a0 d\u0117l augintinio\u00a0 prie\u017ei\u016bros namuose, kaip reguliariai valyti dantis ir tinkamai pri\u017ei\u016br\u0117ti burnos ertm\u0119.<\/span><\/span><\/span><\/p>\n<p align=\"justify\"><span style=\"color: #666666;\"><span style=\"font-family: Times New Roman, serif;\"><span style=\"font-size: medium;\">\u017denklinimas ir registravimas gyv\u016bn\u0173 registre &#8211; yra reikalingas norint identifikuoti priklydus\u012f ar surast\u0105 gyv\u016bn\u0105, perduodant augintinius ar j\u0173 jauniklius kitam savininkui. Gyv\u016bno augintinio ES pasas yra reikalingas, kuomet \u0161eiminkas su augintiniu keliauja po Europos S\u0105jungos ar kitas \u0161alis. \u017denklinimas (\u010cipavimas) \u2013 \u00a0tai elektonin\u0117 gyv\u016bno indentifikavimo sistema. \u010cipavimas gali b\u016bti atliekamas bet kokio am\u017eiaus \u0161unims, kat\u0117ms ar \u0161e\u0161kams.<\/span><\/span><\/span><\/p>\n\t\t<\/div>\n\t\t[\/vc_column][vc_column css_animation=&#8221;fadeInRight&#8221; woodmart_bg_position=&#8221;right-center&#8221; offset=&#8221;vc_col-lg-6 vc_col-md-6&#8243; css=&#8221;.vc_custom_1686804829333{padding-top: 0px !important;background-position: center !important;background-repeat: no-repeat !important;background-size: cover !important;}&#8221; woodmart_css_id=&#8221;648a995947722&#8243; parallax_scroll=&#8221;no&#8221; woodmart_sticky_column=&#8221;false&#8221; wd_collapsible_content_switcher=&#8221;no&#8221; wd_column_role_offcanvas_desktop=&#8221;no&#8221; wd_column_role_offcanvas_tablet=&#8221;no&#8221; wd_column_role_offcanvas_mobile=&#8221;no&#8221; wd_column_role_content_desktop=&#8221;no&#8221; wd_column_role_content_tablet=&#8221;no&#8221; wd_column_role_content_mobile=&#8221;no&#8221; mobile_bg_img_hidden=&#8221;no&#8221; tablet_bg_img_hidden=&#8221;no&#8221; woodmart_parallax=&#8221;0&#8243; woodmart_box_shadow=&#8221;no&#8221; responsive_spacing=&#8221;eyJwYXJhbV90eXBlIjoid29vZG1hcnRfcmVzcG9uc2l2ZV9zcGFjaW5nIiwic2VsZWN0b3JfaWQiOiI2NDhhOTk1OTQ3NzIyIiwic2hvcnRjb2RlIjoidmNfY29sdW1uIiwiZGF0YSI6eyJ0YWJsZXQiOnt9LCJtb2JpbGUiOnt9fX0=&#8221; mobile_reset_margin=&#8221;no&#8221; tablet_reset_margin=&#8221;no&#8221; wd_z_index=&#8221;no&#8221;][vc_single_image image=&#8221;10265&#8243; img_size=&#8221;full&#8221; parallax_scroll=&#8221;no&#8221; woodmart_inline=&#8221;no&#8221;][\/vc_column][\/vc_row][vc_row full_width=&#8221;stretch_row&#8221; equal_height=&#8221;yes&#8221; content_placement=&#8221;middle&#8221; woodmart_parallax=&#8221;0&#8243; woodmart_gradient_switch=&#8221;no&#8221; row_reverse_mobile=&#8221;0&#8243; row_reverse_tablet=&#8221;0&#8243; woodmart_disable_overflow=&#8221;0&#8243; woodmart_css_id=&#8221;6499226d2a3ed&#8221; responsive_spacing=&#8221;eyJwYXJhbV90eXBlIjoid29vZG1hcnRfcmVzcG9uc2l2ZV9zcGFjaW5nIiwic2VsZWN0b3JfaWQiOiI2NDk5MjI2ZDJhM2VkIiwic2hvcnRjb2RlIjoidmNfcm93IiwiZGF0YSI6eyJ0YWJsZXQiOnt9LCJtb2JpbGUiOnt9fX0=&#8221; mobile_bg_img_hidden=&#8221;no&#8221; tablet_bg_img_hidden=&#8221;no&#8221; woodmart_box_shadow=&#8221;no&#8221; wd_z_index=&#8221;no&#8221;][vc_column css_animation=&#8221;fadeInLeft&#8221; woodmart_parallax=&#8221;0&#8243; parallax_scroll=&#8221;no&#8221; woodmart_sticky_column=&#8221;false&#8221; woodmart_css_id=&#8221;648b2dd42ebe5&#8243; wd_collapsible_content_switcher=&#8221;no&#8221; wd_column_role_offcanvas_desktop=&#8221;no&#8221; wd_column_role_offcanvas_tablet=&#8221;no&#8221; wd_column_role_offcanvas_mobile=&#8221;no&#8221; wd_column_role_content_desktop=&#8221;no&#8221; wd_column_role_content_tablet=&#8221;no&#8221; wd_column_role_content_mobile=&#8221;no&#8221; mobile_bg_img_hidden=&#8221;no&#8221; tablet_bg_img_hidden=&#8221;no&#8221; woodmart_box_shadow=&#8221;no&#8221; responsive_spacing=&#8221;eyJwYXJhbV90eXBlIjoid29vZG1hcnRfcmVzcG9uc2l2ZV9zcGFjaW5nIiwic2VsZWN0b3JfaWQiOiI2NDhiMmRkNDJlYmU1Iiwic2hvcnRjb2RlIjoidmNfY29sdW1uIiwiZGF0YSI6eyJ0YWJsZXQiOnt9LCJtb2JpbGUiOnt9fX0=&#8221; mobile_reset_margin=&#8221;no&#8221; tablet_reset_margin=&#8221;no&#8221; wd_z_index=&#8221;no&#8221;]\t\t\t<link rel=\"stylesheet\" id=\"wd-responsive-text-css\" href=\"https:\/\/anivet.lt\/klinika\/wp-content\/themes\/woodmart\/css\/parts\/el-responsive-text.min.css?ver=7.2.4\" type=\"text\/css\" media=\"all\" \/> \t\t\t\t\t\t<div id=\"wd-6499221ae13eb\" class=\"wd-text-block-wrapper wd-wpb wd-rs-6499221ae13eb color-scheme-dark text-center wd-width-enabled \" style=\"--wd-max-width: 80%;\">\n\t\t\t\t<div class=\"woodmart-title-container woodmart-text-block reset-last-child font-primary wd-font-weight- \">\n\t\t\t\t\tReikalinga pagalba? Turite klausim\u0173?\t\t\t\t<\/div>\n\n\t\t\t\t\t\t\t<\/div>\n\t\t\t\t\t<div id=\"wd-649921ece8312\" class=\"wd-text-block-wrapper wd-wpb wd-rs-649921ece8312 color-scheme- text-center wd-width-enabled \" style=\"--wd-max-width: 80%;\">\n\t\t\t\t<div class=\"woodmart-title-container woodmart-text-block reset-last-child font-primary wd-font-weight- \">\n\t\t\t\t\tPateikite u\u017eklaus\u0105, susisiekite telefonu ar tiesiog atvykite pas mus\t\t\t\t<\/div>\n\n\t\t\t\t\t\t\t<\/div>\n\t\t\t\t\t<link rel=\"stylesheet\" id=\"wd-mfp-popup-css\" href=\"https:\/\/anivet.lt\/klinika\/wp-content\/themes\/woodmart\/css\/parts\/lib-magnific-popup.min.css?ver=7.2.4\" type=\"text\/css\" media=\"all\" \/> \t\t\t<div id=\"wd-6499223a9adc9\" class=\" wd-rs-6499223a9adc9  wd-button-wrapper text-center\"><a href=\"#my_popup\" title=\"\" class=\"btn btn-color-primary btn-style-default btn-style-round btn-size-default wd-open-popup \">Pateikti u\u017eklaus\u0105<\/a><\/div><div id=\"my_popup\" class=\"mfp-with-anim wd-popup wd-popup-element mfp-hide\" style=\"max-width:800px;\"><div class=\"wd-popup-inner\">[vc_column_text woodmart_inline=&#8221;no&#8221; text_larger=&#8221;no&#8221;]<div class='fluentform ff-default fluentform_wrapper_1 ffs_default_wrap'><form data-form_id=\"1\" id=\"fluentform_1\" class=\"frm-fluent-form fluent_form_1 ff-el-form-top ff_form_instance_1_1 ff-form-loading ffs_default\" data-form_instance=\"ff_form_instance_1_1\" method=\"POST\" ><fieldset  style=\"border: none!important;margin: 0!important;padding: 0!important;background-color: transparent!important;box-shadow: none!important;outline: none!important; min-inline-size: 100%;\">\n                    <legend class=\"ff_screen_reader_title\" style=\"display: block; margin: 0!important;padding: 0!important;height: 0!important;text-indent: -999999px;width: 0!important;overflow:hidden;\">Kontaktai<\/legend><input type='hidden' name='__fluent_form_embded_post_id' value='10237' \/><input type=\"hidden\" id=\"_fluentform_1_fluentformnonce\" name=\"_fluentform_1_fluentformnonce\" value=\"b29adc773a\" \/><input type=\"hidden\" name=\"_wp_http_referer\" value=\"\/klinika\/wp-json\/wp\/v2\/pages\/10237\" \/><div class='ff-el-group ff-el-form-hide_label'><div class=\"ff-el-input--label asterisk-right\"><label for='ff_1_input_text' id='label_ff_1_input_text' aria-label=\"J\u016bs\u0173 vardas\">J\u016bs\u0173 vardas<\/label><\/div><div class='ff-el-input--content'><input type=\"text\" name=\"input_text\" class=\"ff-el-form-control\" placeholder=\"J\u016bs\u0173 vardas\" data-name=\"input_text\" id=\"ff_1_input_text\"  aria-invalid=\"false\" aria-required=false><\/div><\/div><div class='ff-el-group ff-el-form-hide_label'><div class=\"ff-el-input--label ff-el-is-required asterisk-right\"><label for='ff_1_email' id='label_ff_1_email' aria-label=\"El.pa\u0161tas\">El.pa\u0161tas<\/label><\/div><div class='ff-el-input--content'><input type=\"email\" name=\"email\" id=\"ff_1_email\" class=\"ff-el-form-control\" placeholder=\"El.pa\u0161tas\" data-name=\"email\"  aria-invalid=\"false\" aria-required=true><\/div><\/div><div class='ff-el-group ff-el-form-hide_label'><div class=\"ff-el-input--label ff-el-is-required asterisk-right\"><label for='ff_1_subject' id='label_ff_1_subject' aria-label=\"Telefonas\">Telefonas<\/label><\/div><div class='ff-el-input--content'><input type=\"text\" name=\"subject\" class=\"ff-el-form-control\" placeholder=\"Telefonas\" data-name=\"subject\" id=\"ff_1_subject\"  aria-invalid=\"false\" aria-required=true><\/div><\/div><div class='ff-el-group ff-el-form-hide_label'><div class=\"ff-el-input--label ff-el-is-required asterisk-right\"><label for='ff_1_message' id='label_ff_1_message' aria-label=\"J\u016bs\u0173 \u017einut\u0117\">J\u016bs\u0173 \u017einut\u0117<\/label><\/div><div class='ff-el-input--content'><textarea aria-required=\"true\" aria-labelledby=\"label_ff_1_message\" name=\"message\" id=\"ff_1_message\" class=\"ff-el-form-control\" placeholder=\"J\u016bs\u0173 \u017einut\u0117\" rows=\"4\" cols=\"2\" data-name=\"message\" ><\/textarea><\/div><\/div><div class='ff-el-group    ff-el-input--content'><div class='ff-el-form-check ff-el-tc'><label aria-label='Sutinku su privatumo politika' class='ff-el-form-check-label ff_tc_label' for=gdpr-agreement_f39d15f09e6247523ffe938b8e4cdd77><span class='ff_tc_checkbox'><input type=\"checkbox\" name=\"gdpr-agreement\" class=\"ff-el-form-check-input ff_gdpr_field\" data-name=\"gdpr-agreement\" id=\"gdpr-agreement_f39d15f09e6247523ffe938b8e4cdd77\"  value='on' aria-invalid='false' aria-required=true><\/span> <div class='ff_t_c'>Sutinku su privatumo politika<\/div><\/label><\/div><\/div><div class='ff-el-group ff-text-left ff_submit_btn_wrapper ff_submit_btn_wrapper_custom'><button class=\"ff-btn ff-btn-submit ff-btn-md ff_btn_style wpf_has_custom_css\" type=\"submit\" name=\"custom_submit_button-1_1\" data-name=\"custom_submit_button-1_1\"  aria-label=\"Pateikti u\u017eklaus\u0105\">Pateikti u\u017eklaus\u0105<\/button><style>form.fluent_form_1 .wpf_has_custom_css.ff-btn-submit { background-color:rgba(3, 84, 189, 1);color:#ffffff;min-width:100%; }form.fluent_form_1 .wpf_has_custom_css.ff-btn-submit:hover { background-color:rgba(0, 0, 0, 1);color:#FFFFFF;min-width:100%; } <\/style><\/div><\/fieldset><\/form><div id='fluentform_1_errors' class='ff-errors-in-stack ff_form_instance_1_1 ff-form-loading_errors ff_form_instance_1_1_errors'><\/div><\/div>            <script type=\"text\/javascript\">\n                window.fluent_form_ff_form_instance_1_1 = {\"id\":\"1\",\"settings\":{\"layout\":{\"labelPlacement\":\"top\",\"helpMessagePlacement\":\"with_label\",\"errorMessagePlacement\":\"inline\",\"cssClassName\":\"\",\"asteriskPlacement\":\"asterisk-right\"},\"restrictions\":{\"denyEmptySubmission\":{\"enabled\":false}}},\"form_instance\":\"ff_form_instance_1_1\",\"form_id_selector\":\"fluentform_1\",\"rules\":{\"input_text\":{\"required\":{\"value\":false,\"message\":\"This field is required\"}},\"email\":{\"required\":{\"value\":true,\"message\":\"Privalomas laukas\"},\"email\":{\"value\":true,\"message\":\"Patikrinkite el.pa\\u0161t\\u0105\"}},\"subject\":{\"required\":{\"value\":true,\"message\":\"Privalomas laukas\"}},\"message\":{\"required\":{\"value\":true,\"message\":\"Privalomas laukas\"}},\"gdpr-agreement\":{\"required\":{\"value\":true,\"message\":\"Privalomas laukas\"}}},\"debounce_time\":300};\n                            <\/script>\n            [\/vc_column_text]<\/div><\/div>[\/vc_column][\/vc_row]<\/p>\n<\/div>","protected":false},"excerpt":{"rendered":"<p>[vc_row full_width=&#8221;stretch_row&#8221; gap=&#8221;30&#8243; equal_height=&#8221;yes&#8221; content_placement=&#8221;middle&#8221; woodmart_bg_position=&#8221;right-center&#8221; woodmart_gradient_switch=&#8221;yes&#8221; css=&#8221;.vc_custom_1676554053709{background-position: center !important;background-repeat: no-repeat !important;background-size: contain !important;}&#8221; woodmart_color_gradient=&#8221;rgb(248, 245, 240)-74\/rgb(250,250,250)-74\/|linear-gradient(left , rgb(248, 245,<\/p>\n","protected":false},"author":1,"featured_media":0,"parent":10222,"menu_order":0,"comment_status":"closed","ping_status":"closed","template":"","meta":{"footnotes":""},"class_list":["post-10237","page","type-page","status-publish","hentry"],"yoast_head":"<!-- This site is optimized with the Yoast SEO plugin v25.6 - https:\/\/yoast.com\/wordpress\/plugins\/seo\/ -->\n<title>Kitos paslaugos - anivet.lt<\/title>\n<meta name=\"robots\" content=\"index, follow, max-snippet:-1, max-image-preview:large, max-video-preview:-1\" \/>\n<link rel=\"canonical\" href=\"https:\/\/anivet.lt\/klinika\/paslaugos\/kitos-paslaugos\/\" \/>\n<meta property=\"og:locale\" content=\"lt_LT\" \/>\n<meta property=\"og:type\" content=\"article\" \/>\n<meta property=\"og:title\" content=\"Kitos paslaugos - anivet.lt\" \/>\n<meta property=\"og:url\" content=\"https:\/\/anivet.lt\/klinika\/paslaugos\/kitos-paslaugos\/\" \/>\n<meta property=\"og:site_name\" content=\"anivet.lt\" \/>\n<meta property=\"article:modified_time\" content=\"2023-08-03T10:12:45+00:00\" \/>\n<meta property=\"og:image\" content=\"https:\/\/anivet.lt\/klinika\/wp-content\/uploads\/2023\/06\/2.jpg\" \/>\n\t<meta property=\"og:image:width\" content=\"1008\" \/>\n\t<meta property=\"og:image:height\" content=\"801\" \/>\n\t<meta property=\"og:image:type\" content=\"image\/jpeg\" \/>\n<meta name=\"twitter:card\" content=\"summary_large_image\" \/>\n<meta name=\"twitter:label1\" content=\"Est. reading time\" \/>\n\t<meta name=\"twitter:data1\" content=\"3 minut\u0117s\" \/>\n<script type=\"application\/ld+json\" class=\"yoast-schema-graph\">{\"@context\":\"https:\/\/schema.org\",\"@graph\":[{\"@type\":\"WebPage\",\"@id\":\"https:\/\/anivet.lt\/klinika\/paslaugos\/kitos-paslaugos\/\",\"url\":\"https:\/\/anivet.lt\/klinika\/paslaugos\/kitos-paslaugos\/\",\"name\":\"Kitos paslaugos - anivet.lt\",\"isPartOf\":{\"@id\":\"https:\/\/anivet.lt\/klinika\/#website\"},\"datePublished\":\"2023-06-26T04:41:18+00:00\",\"dateModified\":\"2023-08-03T10:12:45+00:00\",\"breadcrumb\":{\"@id\":\"https:\/\/anivet.lt\/klinika\/paslaugos\/kitos-paslaugos\/#breadcrumb\"},\"inLanguage\":\"lt-LT\",\"potentialAction\":[{\"@type\":\"ReadAction\",\"target\":[\"https:\/\/anivet.lt\/klinika\/paslaugos\/kitos-paslaugos\/\"]}]},{\"@type\":\"BreadcrumbList\",\"@id\":\"https:\/\/anivet.lt\/klinika\/paslaugos\/kitos-paslaugos\/#breadcrumb\",\"itemListElement\":[{\"@type\":\"ListItem\",\"position\":1,\"name\":\"Home\",\"item\":\"https:\/\/anivet.lt\/klinika\/\"},{\"@type\":\"ListItem\",\"position\":2,\"name\":\"Paslaugos\",\"item\":\"https:\/\/anivet.lt\/klinika\/paslaugos\/\"},{\"@type\":\"ListItem\",\"position\":3,\"name\":\"Kitos paslaugos\"}]},{\"@type\":\"WebSite\",\"@id\":\"https:\/\/anivet.lt\/klinika\/#website\",\"url\":\"https:\/\/anivet.lt\/klinika\/\",\"name\":\"anivet.lt\",\"description\":\"anivet.lt\",\"publisher\":{\"@id\":\"https:\/\/anivet.lt\/klinika\/#organization\"},\"alternateName\":\"Veterinarijos klinika\",\"potentialAction\":[{\"@type\":\"SearchAction\",\"target\":{\"@type\":\"EntryPoint\",\"urlTemplate\":\"https:\/\/anivet.lt\/klinika\/?s={search_term_string}\"},\"query-input\":{\"@type\":\"PropertyValueSpecification\",\"valueRequired\":true,\"valueName\":\"search_term_string\"}}],\"inLanguage\":\"lt-LT\"},{\"@type\":\"Organization\",\"@id\":\"https:\/\/anivet.lt\/klinika\/#organization\",\"name\":\"Veterinarijos klinika\",\"url\":\"https:\/\/anivet.lt\/klinika\/\",\"logo\":{\"@type\":\"ImageObject\",\"inLanguage\":\"lt-LT\",\"@id\":\"https:\/\/anivet.lt\/klinika\/#\/schema\/logo\/image\/\",\"url\":\"https:\/\/anivet.lt\/klinika\/wp-content\/uploads\/2023\/06\/logo2.jpg\",\"contentUrl\":\"https:\/\/anivet.lt\/klinika\/wp-content\/uploads\/2023\/06\/logo2.jpg\",\"width\":655,\"height\":194,\"caption\":\"Veterinarijos klinika\"},\"image\":{\"@id\":\"https:\/\/anivet.lt\/klinika\/#\/schema\/logo\/image\/\"}}]}<\/script>\n<!-- \/ Yoast SEO plugin. -->","yoast_head_json":{"title":"Kitos paslaugos - anivet.lt","robots":{"index":"index","follow":"follow","max-snippet":"max-snippet:-1","max-image-preview":"max-image-preview:large","max-video-preview":"max-video-preview:-1"},"canonical":"https:\/\/anivet.lt\/klinika\/paslaugos\/kitos-paslaugos\/","og_locale":"lt_LT","og_type":"article","og_title":"Kitos paslaugos - anivet.lt","og_url":"https:\/\/anivet.lt\/klinika\/paslaugos\/kitos-paslaugos\/","og_site_name":"anivet.lt","article_modified_time":"2023-08-03T10:12:45+00:00","og_image":[{"width":1008,"height":801,"url":"https:\/\/anivet.lt\/klinika\/wp-content\/uploads\/2023\/06\/2.jpg","type":"image\/jpeg"}],"twitter_card":"summary_large_image","twitter_misc":{"Est. reading time":"3 minut\u0117s"},"schema":{"@context":"https:\/\/schema.org","@graph":[{"@type":"WebPage","@id":"https:\/\/anivet.lt\/klinika\/paslaugos\/kitos-paslaugos\/","url":"https:\/\/anivet.lt\/klinika\/paslaugos\/kitos-paslaugos\/","name":"Kitos paslaugos - anivet.lt","isPartOf":{"@id":"https:\/\/anivet.lt\/klinika\/#website"},"datePublished":"2023-06-26T04:41:18+00:00","dateModified":"2023-08-03T10:12:45+00:00","breadcrumb":{"@id":"https:\/\/anivet.lt\/klinika\/paslaugos\/kitos-paslaugos\/#breadcrumb"},"inLanguage":"lt-LT","potentialAction":[{"@type":"ReadAction","target":["https:\/\/anivet.lt\/klinika\/paslaugos\/kitos-paslaugos\/"]}]},{"@type":"BreadcrumbList","@id":"https:\/\/anivet.lt\/klinika\/paslaugos\/kitos-paslaugos\/#breadcrumb","itemListElement":[{"@type":"ListItem","position":1,"name":"Home","item":"https:\/\/anivet.lt\/klinika\/"},{"@type":"ListItem","position":2,"name":"Paslaugos","item":"https:\/\/anivet.lt\/klinika\/paslaugos\/"},{"@type":"ListItem","position":3,"name":"Kitos paslaugos"}]},{"@type":"WebSite","@id":"https:\/\/anivet.lt\/klinika\/#website","url":"https:\/\/anivet.lt\/klinika\/","name":"anivet.lt","description":"anivet.lt","publisher":{"@id":"https:\/\/anivet.lt\/klinika\/#organization"},"alternateName":"Veterinarijos klinika","potentialAction":[{"@type":"SearchAction","target":{"@type":"EntryPoint","urlTemplate":"https:\/\/anivet.lt\/klinika\/?s={search_term_string}"},"query-input":{"@type":"PropertyValueSpecification","valueRequired":true,"valueName":"search_term_string"}}],"inLanguage":"lt-LT"},{"@type":"Organization","@id":"https:\/\/anivet.lt\/klinika\/#organization","name":"Veterinarijos klinika","url":"https:\/\/anivet.lt\/klinika\/","logo":{"@type":"ImageObject","inLanguage":"lt-LT","@id":"https:\/\/anivet.lt\/klinika\/#\/schema\/logo\/image\/","url":"https:\/\/anivet.lt\/klinika\/wp-content\/uploads\/2023\/06\/logo2.jpg","contentUrl":"https:\/\/anivet.lt\/klinika\/wp-content\/uploads\/2023\/06\/logo2.jpg","width":655,"height":194,"caption":"Veterinarijos klinika"},"image":{"@id":"https:\/\/anivet.lt\/klinika\/#\/schema\/logo\/image\/"}}]}},"_links":{"self":[{"href":"https:\/\/anivet.lt\/klinika\/wp-json\/wp\/v2\/pages\/10237","targetHints":{"allow":["GET"]}}],"collection":[{"href":"https:\/\/anivet.lt\/klinika\/wp-json\/wp\/v2\/pages"}],"about":[{"href":"https:\/\/anivet.lt\/klinika\/wp-json\/wp\/v2\/types\/page"}],"author":[{"embeddable":true,"href":"https:\/\/anivet.lt\/klinika\/wp-json\/wp\/v2\/users\/1"}],"replies":[{"embeddable":true,"href":"https:\/\/anivet.lt\/klinika\/wp-json\/wp\/v2\/comments?post=10237"}],"version-history":[{"count":8,"href":"https:\/\/anivet.lt\/klinika\/wp-json\/wp\/v2\/pages\/10237\/revisions"}],"predecessor-version":[{"id":10351,"href":"https:\/\/anivet.lt\/klinika\/wp-json\/wp\/v2\/pages\/10237\/revisions\/10351"}],"up":[{"embeddable":true,"href":"https:\/\/anivet.lt\/klinika\/wp-json\/wp\/v2\/pages\/10222"}],"wp:attachment":[{"href":"https:\/\/anivet.lt\/klinika\/wp-json\/wp\/v2\/media?parent=10237"}],"curies":[{"name":"wp","href":"https:\/\/api.w.org\/{rel}","templated":true}]}}