{"id":3,"date":"2023-06-19T16:40:29","date_gmt":"2023-06-19T16:40:29","guid":{"rendered":"https:\/\/anivet.lt\/klinika\/?page_id=3"},"modified":"2023-08-03T08:52:37","modified_gmt":"2023-08-03T08:52:37","slug":"privatumo-politika","status":"publish","type":"page","link":"https:\/\/anivet.lt\/klinika\/privatumo-politika\/","title":{"rendered":"Privatumo politika"},"content":{"rendered":"\r\n<ol>\r\n<li><strong>BENDROSIOS NUOSTATOS<\/strong><br \/>1.1. \u0160i privatumo politika reglamentuoja tinklapio anivet.lt (toliau \u2013 tinklapis) pagrindinius asmens duomen\u0173 rinkimo, tvarkymo ir saugojimo principus, slapuk\u0173 naudojimo tvark\u0105.<br \/>1.2 anivet.lt gerbia J\u016bs\u0173 privatum\u0105, tod\u0117l u\u017etikrina J\u016bs\u0173 asmenin\u0117s informacijos, pateiktos anivet.lt tinklapyje, saugum\u0105 ir konfidencialum\u0105 pagal Privatumo politikoje i\u0161d\u0117stytas s\u0105lygas.<br \/>1.3 J\u016bs\u0173 asmens duomen\u0173 rinkim\u0105, tvarkym\u0105 ir saugojim\u0105 nustato \u0161i privatumo politika, Lietuvos Respublikos Asmens duomen\u0173 teisin\u0117s apsaugos \u012fstatymas ir kiti teis\u0117s aktai.<\/li>\r\n<li><strong>ASMENS DUOMEN\u0172 RINKIMAS, TVARKYMAS IR SAUGOJIMAS<\/strong><br \/>2.1 anivet.lt tinklapio u\u017eklausos formoje nurodydami savo asmens duomenis, sutinkate, kad anivet.lt juos valdys ir tvarkys \u0161ioje privatumo politikoje bei LR teis\u0117s aktuose numatytais tikslais, priemon\u0117mis ir tvarka.<br \/>2.3. anivet.lt tinklapio u\u017eklausos formoje J\u016bs\u0173 asmens duomenys (vardas, pavard\u0117, adresas, telefono numeris, elektroninio pa\u0161to adresas ir kita formoje pateikta informacija) renkami ir tvarkomi \u0161iems tikslams:<br \/>2.3.1 Apdoroti ir vykdyti J\u016bs\u0173 u\u017eklausas;<br \/>2.3.2 Pateikti paslaug\u0173 pasi\u016blymus pagal J\u016bs\u0173 u\u017eklaus\u0105;<br \/>2.3.3 I\u0161ra\u0161yti finansinius dokumentus (pvz., s\u0105skaitas fakt\u016bras);<br \/>2.3.4 Vykdyti kitus pardavimo \u012fsipareigojimus.<\/li>\r\n<li><strong>SLAPUK\u0172 NAUDOJIMO TVARKA<\/strong><br \/>3.1 Informuojame, jog, siekiant Jums pasi\u016blyti skland\u0173 informacijos pateikim\u0105 bei visavertes paslaugas, anivet.lt tinklapyje naudojami slapukai (angl. cookies). Slapukai yra \u012fra\u0161omi J\u016bs\u0173 kompiuteryje ar kitame J\u016bs\u0173 naudojamame \u012frenginyje ir yra naudojami tam, kad gal\u0117tume u\u017etikrinti teikiam\u0173 paslaug\u0173 kokyb\u0119, atpa\u017eindami Jus kaip ankstesn\u012f svetain\u0117s naudotoj\u0105; renkant svetain\u0117s lankomumo statistik\u0105.<br \/>3.2 Atidarydami anivet.lt tinklap\u012f ir nar\u0161ydami toliau, J\u016bs sutinkate, kad slapukai b\u016bt\u0173 i\u0161saugoti J\u016bs\u0173 kompiuteryje, telefone, plan\u0161et\u0117je ar kitame naudojamame \u012frenginyje.<br \/>3.3. Savo duot\u0105 sutikim\u0105 galite bet kada at\u0161aukti, pakeisdami savo interneto nar\u0161ykl\u0117s nustatymus. I\u0161samesn\u0117s informacijos pateikiama adresu AllAboutCookies.org. Galite i\u0161trinti visus j\u016bs\u0173 kompiuteryje jau esan\u010dius slapukus, o daugum\u0105 nar\u0161ykli\u0173 nustatyti taip, kad slapukai neb\u016bt\u0173 \u012fra\u0161omi j\u016bs\u0173 \u012frenginyje. Ta\u010diau tokiu atveju jums gali reik\u0117ti rankiniu b\u016bdu pakeisti kai kurias parinktis kaskart, kai lankysit\u0117s interneto svetain\u0117je, o kai kurios paslaugos ir funkcijos gali neveikti.<\/li>\r\n<li><strong>BAIGIAMOSIOS NUOSTATOS<\/strong><br \/>4.1 Tolimesnis naudojimasis anivet.lt tinklapio paslaugomis rei\u0161kia \u0161ios privatumo politikos laikym\u0105si.<br \/>4.2 anivet.lt turi teis\u0119 i\u0161 dalies ar visi\u0161kai pakeisti privatumo politik\u0105 ir apie tai paskelbti tinklapyje. Visi i\u0161kil\u0119 nesutarimai ir gin\u010dai sprend\u017eiami vadovaujantis geranori\u0161kumo principu. Nepavykus susitarti, gin\u010dai sprend\u017eiami pagal LR \u012fstatymus.<\/li>\r\n<\/ol>\r\n","protected":false},"excerpt":{"rendered":"<p>BENDROSIOS NUOSTATOS1.1. \u0160i privatumo politika reglamentuoja tinklapio anivet.lt (toliau \u2013 tinklapis) pagrindinius asmens duomen\u0173 rinkimo, tvarkymo ir saugojimo principus, slapuk\u0173<\/p>\n","protected":false},"author":1,"featured_media":0,"parent":0,"menu_order":0,"comment_status":"closed","ping_status":"open","template":"","meta":{"footnotes":""},"class_list":["post-3","page","type-page","status-publish","hentry"],"yoast_head":"<!-- This site is optimized with the Yoast SEO plugin v25.6 - https:\/\/yoast.com\/wordpress\/plugins\/seo\/ -->\n<title>Privatumo politika - anivet.lt<\/title>\n<meta name=\"description\" content=\"BENDROSIOS NUOSTATOS1.1. \u0160i privatumo politika reglamentuoja tinklapio anivet.lt (toliau \u2013 tinklapis) pagrindinius asmens duomen\u0173 rinkimo, tvarkymo ir\" \/>\n<meta name=\"robots\" content=\"index, follow, max-snippet:-1, max-image-preview:large, max-video-preview:-1\" \/>\n<link rel=\"canonical\" href=\"https:\/\/anivet.lt\/klinika\/privatumo-politika\/\" \/>\n<meta property=\"og:locale\" content=\"lt_LT\" \/>\n<meta property=\"og:type\" content=\"article\" \/>\n<meta property=\"og:title\" content=\"Privatumo politika - anivet.lt\" \/>\n<meta property=\"og:description\" content=\"BENDROSIOS NUOSTATOS1.1. \u0160i privatumo politika reglamentuoja tinklapio anivet.lt (toliau \u2013 tinklapis) pagrindinius asmens duomen\u0173 rinkimo, tvarkymo ir\" \/>\n<meta property=\"og:url\" content=\"https:\/\/anivet.lt\/klinika\/privatumo-politika\/\" \/>\n<meta property=\"og:site_name\" content=\"anivet.lt\" \/>\n<meta property=\"article:modified_time\" content=\"2023-08-03T08:52:37+00:00\" \/>\n<meta property=\"og:image\" content=\"https:\/\/anivet.lt\/klinika\/wp-content\/uploads\/2023\/06\/2.jpg\" \/>\n\t<meta property=\"og:image:width\" content=\"1008\" \/>\n\t<meta property=\"og:image:height\" content=\"801\" \/>\n\t<meta property=\"og:image:type\" content=\"image\/jpeg\" \/>\n<meta name=\"twitter:card\" content=\"summary_large_image\" \/>\n<meta name=\"twitter:label1\" content=\"Est. reading time\" \/>\n\t<meta name=\"twitter:data1\" content=\"2 minut\u0117s\" \/>\n<script type=\"application\/ld+json\" class=\"yoast-schema-graph\">{\"@context\":\"https:\/\/schema.org\",\"@graph\":[{\"@type\":\"WebPage\",\"@id\":\"https:\/\/anivet.lt\/klinika\/privatumo-politika\/\",\"url\":\"https:\/\/anivet.lt\/klinika\/privatumo-politika\/\",\"name\":\"Privatumo politika - anivet.lt\",\"isPartOf\":{\"@id\":\"https:\/\/anivet.lt\/klinika\/#website\"},\"datePublished\":\"2023-06-19T16:40:29+00:00\",\"dateModified\":\"2023-08-03T08:52:37+00:00\",\"description\":\"BENDROSIOS NUOSTATOS1.1. \u0160i privatumo politika reglamentuoja tinklapio anivet.lt (toliau \u2013 tinklapis) pagrindinius asmens duomen\u0173 rinkimo, tvarkymo ir\",\"breadcrumb\":{\"@id\":\"https:\/\/anivet.lt\/klinika\/privatumo-politika\/#breadcrumb\"},\"inLanguage\":\"lt-LT\",\"potentialAction\":[{\"@type\":\"ReadAction\",\"target\":[\"https:\/\/anivet.lt\/klinika\/privatumo-politika\/\"]}]},{\"@type\":\"BreadcrumbList\",\"@id\":\"https:\/\/anivet.lt\/klinika\/privatumo-politika\/#breadcrumb\",\"itemListElement\":[{\"@type\":\"ListItem\",\"position\":1,\"name\":\"Home\",\"item\":\"https:\/\/anivet.lt\/klinika\/\"},{\"@type\":\"ListItem\",\"position\":2,\"name\":\"Privatumo politika\"}]},{\"@type\":\"WebSite\",\"@id\":\"https:\/\/anivet.lt\/klinika\/#website\",\"url\":\"https:\/\/anivet.lt\/klinika\/\",\"name\":\"anivet.lt\",\"description\":\"anivet.lt\",\"publisher\":{\"@id\":\"https:\/\/anivet.lt\/klinika\/#organization\"},\"alternateName\":\"Veterinarijos klinika\",\"potentialAction\":[{\"@type\":\"SearchAction\",\"target\":{\"@type\":\"EntryPoint\",\"urlTemplate\":\"https:\/\/anivet.lt\/klinika\/?s={search_term_string}\"},\"query-input\":{\"@type\":\"PropertyValueSpecification\",\"valueRequired\":true,\"valueName\":\"search_term_string\"}}],\"inLanguage\":\"lt-LT\"},{\"@type\":\"Organization\",\"@id\":\"https:\/\/anivet.lt\/klinika\/#organization\",\"name\":\"Veterinarijos klinika\",\"url\":\"https:\/\/anivet.lt\/klinika\/\",\"logo\":{\"@type\":\"ImageObject\",\"inLanguage\":\"lt-LT\",\"@id\":\"https:\/\/anivet.lt\/klinika\/#\/schema\/logo\/image\/\",\"url\":\"https:\/\/anivet.lt\/klinika\/wp-content\/uploads\/2023\/06\/logo2.jpg\",\"contentUrl\":\"https:\/\/anivet.lt\/klinika\/wp-content\/uploads\/2023\/06\/logo2.jpg\",\"width\":655,\"height\":194,\"caption\":\"Veterinarijos klinika\"},\"image\":{\"@id\":\"https:\/\/anivet.lt\/klinika\/#\/schema\/logo\/image\/\"}}]}<\/script>\n<!-- \/ Yoast SEO plugin. -->","yoast_head_json":{"title":"Privatumo politika - anivet.lt","description":"BENDROSIOS NUOSTATOS1.1. \u0160i privatumo politika reglamentuoja tinklapio anivet.lt (toliau \u2013 tinklapis) pagrindinius asmens duomen\u0173 rinkimo, tvarkymo ir","robots":{"index":"index","follow":"follow","max-snippet":"max-snippet:-1","max-image-preview":"max-image-preview:large","max-video-preview":"max-video-preview:-1"},"canonical":"https:\/\/anivet.lt\/klinika\/privatumo-politika\/","og_locale":"lt_LT","og_type":"article","og_title":"Privatumo politika - anivet.lt","og_description":"BENDROSIOS NUOSTATOS1.1. \u0160i privatumo politika reglamentuoja tinklapio anivet.lt (toliau \u2013 tinklapis) pagrindinius asmens duomen\u0173 rinkimo, tvarkymo ir","og_url":"https:\/\/anivet.lt\/klinika\/privatumo-politika\/","og_site_name":"anivet.lt","article_modified_time":"2023-08-03T08:52:37+00:00","og_image":[{"width":1008,"height":801,"url":"https:\/\/anivet.lt\/klinika\/wp-content\/uploads\/2023\/06\/2.jpg","type":"image\/jpeg"}],"twitter_card":"summary_large_image","twitter_misc":{"Est. reading time":"2 minut\u0117s"},"schema":{"@context":"https:\/\/schema.org","@graph":[{"@type":"WebPage","@id":"https:\/\/anivet.lt\/klinika\/privatumo-politika\/","url":"https:\/\/anivet.lt\/klinika\/privatumo-politika\/","name":"Privatumo politika - anivet.lt","isPartOf":{"@id":"https:\/\/anivet.lt\/klinika\/#website"},"datePublished":"2023-06-19T16:40:29+00:00","dateModified":"2023-08-03T08:52:37+00:00","description":"BENDROSIOS NUOSTATOS1.1. \u0160i privatumo politika reglamentuoja tinklapio anivet.lt (toliau \u2013 tinklapis) pagrindinius asmens duomen\u0173 rinkimo, tvarkymo ir","breadcrumb":{"@id":"https:\/\/anivet.lt\/klinika\/privatumo-politika\/#breadcrumb"},"inLanguage":"lt-LT","potentialAction":[{"@type":"ReadAction","target":["https:\/\/anivet.lt\/klinika\/privatumo-politika\/"]}]},{"@type":"BreadcrumbList","@id":"https:\/\/anivet.lt\/klinika\/privatumo-politika\/#breadcrumb","itemListElement":[{"@type":"ListItem","position":1,"name":"Home","item":"https:\/\/anivet.lt\/klinika\/"},{"@type":"ListItem","position":2,"name":"Privatumo politika"}]},{"@type":"WebSite","@id":"https:\/\/anivet.lt\/klinika\/#website","url":"https:\/\/anivet.lt\/klinika\/","name":"anivet.lt","description":"anivet.lt","publisher":{"@id":"https:\/\/anivet.lt\/klinika\/#organization"},"alternateName":"Veterinarijos klinika","potentialAction":[{"@type":"SearchAction","target":{"@type":"EntryPoint","urlTemplate":"https:\/\/anivet.lt\/klinika\/?s={search_term_string}"},"query-input":{"@type":"PropertyValueSpecification","valueRequired":true,"valueName":"search_term_string"}}],"inLanguage":"lt-LT"},{"@type":"Organization","@id":"https:\/\/anivet.lt\/klinika\/#organization","name":"Veterinarijos klinika","url":"https:\/\/anivet.lt\/klinika\/","logo":{"@type":"ImageObject","inLanguage":"lt-LT","@id":"https:\/\/anivet.lt\/klinika\/#\/schema\/logo\/image\/","url":"https:\/\/anivet.lt\/klinika\/wp-content\/uploads\/2023\/06\/logo2.jpg","contentUrl":"https:\/\/anivet.lt\/klinika\/wp-content\/uploads\/2023\/06\/logo2.jpg","width":655,"height":194,"caption":"Veterinarijos klinika"},"image":{"@id":"https:\/\/anivet.lt\/klinika\/#\/schema\/logo\/image\/"}}]}},"_links":{"self":[{"href":"https:\/\/anivet.lt\/klinika\/wp-json\/wp\/v2\/pages\/3","targetHints":{"allow":["GET"]}}],"collection":[{"href":"https:\/\/anivet.lt\/klinika\/wp-json\/wp\/v2\/pages"}],"about":[{"href":"https:\/\/anivet.lt\/klinika\/wp-json\/wp\/v2\/types\/page"}],"author":[{"embeddable":true,"href":"https:\/\/anivet.lt\/klinika\/wp-json\/wp\/v2\/users\/1"}],"replies":[{"embeddable":true,"href":"https:\/\/anivet.lt\/klinika\/wp-json\/wp\/v2\/comments?post=3"}],"version-history":[{"count":6,"href":"https:\/\/anivet.lt\/klinika\/wp-json\/wp\/v2\/pages\/3\/revisions"}],"predecessor-version":[{"id":10323,"href":"https:\/\/anivet.lt\/klinika\/wp-json\/wp\/v2\/pages\/3\/revisions\/10323"}],"wp:attachment":[{"href":"https:\/\/anivet.lt\/klinika\/wp-json\/wp\/v2\/media?parent=3"}],"curies":[{"name":"wp","href":"https:\/\/api.w.org\/{rel}","templated":true}]}}